{"id":75085,"date":"2017-08-18T14:07:25","date_gmt":"2017-08-18T14:07:25","guid":{"rendered":"http:\/\/jyskalgeservice.dk\/?page_id=75085"},"modified":"2017-08-18T14:07:25","modified_gmt":"2017-08-18T14:07:25","slug":"facaderens","status":"publish","type":"page","link":"https:\/\/dazzling-bhaskara.46-4-121-245.plesk.page\/index.php\/facaderens\/","title":{"rendered":"Facaderens"},"content":{"rendered":"<p>[vc_row type=&#8221;full_width&#8221;][vc_column offset=&#8221;vc_hidden-xs&#8221;][layerslider_vc id=&#8221;9&#8243;][\/vc_column][vc_column offset=&#8221;vc_hidden-lg vc_hidden-md vc_hidden-sm&#8221;][layerslider_vc id=&#8221;10&#8243;][\/vc_column][\/vc_row][vc_row type=&#8221;full_width&#8221;][vc_column width=&#8221;1\/3&#8243; css=&#8221;.vc_custom_1611233691753{padding-bottom: 30px !important;background-color: #9ecd52 !important;}&#8221; offset=&#8221;vc_hidden-xs&#8221;][vc_icon icon_fontawesome=&#8221;fa fa-check&#8221; color=&#8221;white&#8221; size=&#8221;xl&#8221; align=&#8221;center&#8221; css_animation=&#8221;appear&#8221;][vc_custom_heading text=&#8221;Fjerner pest, mos, skidt og snavs&#8221; font_container=&#8221;tag:h2|font_size:18|text_align:center|color:%23ffffff&#8221; css=&#8221;.vc_custom_1611233530634{margin-top: -30px !important;}&#8221;][\/vc_column][vc_column width=&#8221;1\/3&#8243; css=&#8221;.vc_custom_1611233695631{padding-bottom: 30px !important;background-color: #9ecd52 !important;}&#8221; offset=&#8221;vc_hidden-xs&#8221;][vc_icon icon_fontawesome=&#8221;fa fa-check&#8221; color=&#8221;white&#8221; size=&#8221;xl&#8221; align=&#8221;center&#8221; css_animation=&#8221;appear&#8221;][vc_custom_heading text=&#8221;Beskytter imod ny algev\u00e6kst&#8221; font_container=&#8221;tag:h2|font_size:18|text_align:center|color:%23ffffff&#8221; css=&#8221;.vc_custom_1611233525342{margin-top: -30px !important;}&#8221;][\/vc_column][vc_column width=&#8221;1\/3&#8243; css=&#8221;.vc_custom_1611233700766{padding-bottom: 30px !important;background-color: #9ecd52 !important;}&#8221; offset=&#8221;vc_hidden-xs&#8221;][vc_icon icon_fontawesome=&#8221;fa fa-check&#8221; color=&#8221;white&#8221; size=&#8221;xl&#8221; align=&#8221;center&#8221; css_animation=&#8221;appear&#8221;][vc_custom_heading text=&#8221;10 \u00e5rs garanti med impr\u00e6gnering&#8221; font_container=&#8221;tag:h2|font_size:18|text_align:center|color:%23ffffff&#8221; css=&#8221;.vc_custom_1611233520183{margin-top: -30px !important;}&#8221;][\/vc_column][\/vc_row][vc_row css=&#8221;.vc_custom_1544527947070{margin-top: 40px !important;}&#8221;][vc_column width=&#8221;2\/3&#8243;][vc_custom_heading text=&#8221;FACADERENS &#8211; V\u00c6K MED ALGER, SKIDT OG SNAVS&#8221; font_container=&#8221;tag:h2|text_align:left|color:%23000000&#8243; el_class=&#8221;heading-title-2&#8243;][vc_column_text]Alger, skidt og snavs s\u00e6tter hurtigt sit pr\u00e6g p\u00e5 dine facader, og du er ikke den eneste. Facader er oftes udsat for skidt og snavs, og alger og mos har gode betingelser for at gro her i Danmark.<br \/>\nDerfor er en effektiv facaderens ofte vejen frem.<\/p>\n<h3><span style=\"color: #9ecd52;\"><strong>VEJLEDENDE PRISER P\u00c5 FACADERENS<\/strong><\/span><\/h3>\n<p><strong>Algebehandling af facade: 7 kr\/m<sup>2<br \/>\n<\/sup><\/strong><strong>Impr\u00e6gnering af facade: fra 30 kr\/m<sup>2<\/sup><\/strong><br \/>\n<strong>Rens af facade: 45 kr\/m<sup>2<\/sup><\/strong><\/p>\n<p><strong data-start=\"70\" data-end=\"171\">Vi tilbyder 15 \u00e5rs garanti p\u00e5 facaderens med impr\u00e6gnering, hvis der v\u00e6lges \u00e5rlig vedligeholdelse.<\/strong><\/p>\n<p class=\"p1\">[su_button url=&#8221;tel:4542570999&#8243; background=&#8221;#9ecd52&#8243; color=&#8221;#ffffff&#8221; size=&#8221;5&#8243; icon=&#8221;icon: phone&#8221; icon_color=&#8221;#ffffff&#8221;]Ring[\/su_button] [su_button url=&#8221;mailto:info@jyskalgeservice.dk&#8221; background=&#8221;#9ecd52&#8243; color=&#8221;#ffffff&#8221; size=&#8221;5&#8243; icon=&#8221;icon: send-o&#8221; icon_color=&#8221;#ffffff&#8221;]Email[\/su_button]<\/p>\n<p class=\"p1\">[su_button url=&#8221;\/kontakt\/&#8221; background=&#8221;#9ecd52&#8243; color=&#8221;#ffffff&#8221; size=&#8221;5&#8243; icon=&#8221;icon: envelope-o&#8221; icon_color=&#8221;#ffffff&#8221;]Kontakt os[\/su_button]<\/p>\n<p>Alger og mos giver et tr\u00e6ls udseende p\u00e5 huset. Det ogs\u00e5 have meget alvorlige konsekvenser ikke at vedligeholde sine facader. Dit hus skal vedligeholdes ligesom alt andet. Det er bedre at forebygge inden det er g\u00e5et galt!<\/p>\n<p>Med vores facaderens og <a href=\"https:\/\/dazzling-bhaskara.46-4-121-245.plesk.page\/\">algebehandling<\/a>, s\u00f8rger vi for, at dine facader igen er rene. Samtidig forbygger vi med vores impr\u00e6gnering mod fugt og svamp og forl\u00e6nger derved facadens levetid.<\/p>\n<p>Vores algefjerner er milj\u00f8godkendt, og sikrer dig en algebehandling med et professionelt og fantastisk resultat.[\/vc_column_text][\/vc_column][vc_column width=&#8221;1\/3&#8243;][twenty20 offset=&#8221;0.5&#8243; img1=&#8221;75179&#8243; img2=&#8221;75178&#8243; width=&#8221;100%&#8221;][\/vc_column][\/vc_row][vc_row css=&#8221;.vc_custom_1611233776638{margin-top: 40px !important;padding-top: 15px !important;background-color: #f7f7f7 !important;}&#8221;][vc_column width=&#8221;1\/4&#8243; offset=&#8221;vc_hidden-xs&#8221;][vc_custom_heading text=&#8221;S\u00c5DAN G\u00d8R VI&#8221; font_container=&#8221;tag:h6|font_size:30|text_align:center|color:%23000000&#8243; el_class=&#8221;heading-title-2&#8243; css=&#8221;.vc_custom_1544104102947{margin-top: 15px !important;margin-bottom: 15px !important;}&#8221;][vc_custom_heading text=&#8221;RENSNING AF FACADE&#8221; font_container=&#8221;tag:h2|font_size:19|text_align:left|color:%23c7c7c7&#8243;][\/vc_column][vc_column width=&#8221;1\/4&#8243;][vc_custom_heading text=&#8221;1&#8243; font_container=&#8221;tag:h6|font_size:40|text_align:center|color:%239ecd52&#8243; css=&#8221;.vc_custom_1544101551605{padding-bottom: 10px !important;}&#8221;][vc_custom_heading text=&#8221;Vi fjerner pest, mos, skidt og snavs fra muren, med en maskine som sk\u00e5ner facaden..&#8221; font_container=&#8221;tag:h6|font_size:18|text_align:center|color:%23000000&#8243; css=&#8221;.vc_custom_1544529848342{margin-top: -30px !important;}&#8221;][\/vc_column][vc_column width=&#8221;1\/4&#8243;][vc_custom_heading text=&#8221;2&#8243; font_container=&#8221;tag:h6|font_size:40|text_align:center|color:%239ecd52&#8243; css=&#8221;.vc_custom_1544101580882{padding-bottom: 10px !important;}&#8221;][vc_custom_heading text=&#8221;.. efterbehandler med algebehandling, som dr\u00e6ber de sidste rester af algespore..&#8221; font_container=&#8221;tag:h6|font_size:18|text_align:center|color:%23000000&#8243; css=&#8221;.vc_custom_1544529742185{margin-top: -30px !important;}&#8221;][\/vc_column][vc_column width=&#8221;1\/4&#8243;][vc_custom_heading text=&#8221;3&#8243; font_container=&#8221;tag:h6|font_size:40|text_align:center|color:%239ecd52&#8243; css=&#8221;.vc_custom_1544101591764{padding-bottom: 10px !important;}&#8221;][vc_custom_heading text=&#8221;.. og p\u00e5l\u00e6gger ny impr\u00e6gnering som beskytter facaden og giver den l\u00e6ngere levetid.&#8221; font_container=&#8221;tag:h6|font_size:18|text_align:center|color:%230a0a0a&#8221; css=&#8221;.vc_custom_1544529803746{margin-top: -30px !important;}&#8221;][\/vc_column][\/vc_row][vc_row type=&#8221;full_width&#8221;][vc_column width=&#8221;1\/3&#8243; css=&#8221;.vc_custom_1611233673710{background-color: #9ecd52 !important;}&#8221; offset=&#8221;vc_hidden-lg vc_hidden-md vc_hidden-sm&#8221;][vc_icon icon_fontawesome=&#8221;fa fa-check&#8221; color=&#8221;white&#8221; size=&#8221;xl&#8221; align=&#8221;center&#8221; css_animation=&#8221;appear&#8221;][vc_custom_heading text=&#8221;Fjerner pest, mos, skidt og snavs&#8221; font_container=&#8221;tag:h2|font_size:18|text_align:center|color:%23ffffff&#8221; css=&#8221;.vc_custom_1611233653115{margin-top: -30px !important;padding-bottom: 30px !important;}&#8221;][\/vc_column][vc_column width=&#8221;1\/3&#8243; css=&#8221;.vc_custom_1611233678994{background-color: #9ecd52 !important;}&#8221; offset=&#8221;vc_hidden-lg vc_hidden-md vc_hidden-sm&#8221;][vc_icon icon_fontawesome=&#8221;fa fa-check&#8221; color=&#8221;white&#8221; size=&#8221;xl&#8221; align=&#8221;center&#8221; css_animation=&#8221;appear&#8221;][vc_custom_heading text=&#8221;Beskytter imod ny algev\u00e6kst&#8221; font_container=&#8221;tag:h2|font_size:18|text_align:center|color:%23ffffff&#8221; css=&#8221;.vc_custom_1611233647750{margin-top: -30px !important;padding-bottom: 30px !important;}&#8221;][\/vc_column][vc_column width=&#8221;1\/3&#8243; css=&#8221;.vc_custom_1611233685585{background-color: #9ecd52 !important;}&#8221; offset=&#8221;vc_hidden-lg vc_hidden-md vc_hidden-sm&#8221;][vc_icon icon_fontawesome=&#8221;fa fa-check&#8221; color=&#8221;white&#8221; size=&#8221;xl&#8221; align=&#8221;center&#8221; css_animation=&#8221;appear&#8221;][vc_custom_heading text=&#8221;10 \u00e5rs garanti med impr\u00e6gnering&#8221; font_container=&#8221;tag:h2|font_size:18|text_align:center|color:%23ffffff&#8221; css=&#8221;.vc_custom_1611233643128{margin-top: -30px !important;padding-bottom: 30px !important;}&#8221;][\/vc_column][\/vc_row][vc_row][vc_column width=&#8221;1\/2&#8243; css=&#8221;.vc_custom_1544529278030{margin-top: 40px !important;}&#8221;][vc_custom_heading text=&#8221;Hvorfor? Derfor!&#8221; font_container=&#8221;tag:h2|font_size:18|text_align:left|color:%23000000&#8243; el_class=&#8221;heading-title-2&#8243;][vc_column_text]Du skal passe p\u00e5 dine facader, da alger og nogle former for mos kan skade din facade. Hvis ikke du v\u00e6lger en facaderens eller yder generel vedligeholdelse, skaber det sm\u00e5 revner og spr\u00e6kker i facaden n\u00e5r de s\u00e6tte r\u00f8dder. Derigennem kommer fugt og dannelse af svamp som siver ind i jeres hulmur! Dette kan videre give skader ind i huset s\u00e5som v\u00e6gge, gulve mv.<\/p>\n<h3>Undg\u00e5 Frostspringe<\/h3>\n<p>Ligesom i taget, s\u00e5 udvides disse sp\u00e6kker n\u00e5r det bliver vinter, da det kan frostspringe ved fugerne og i stenene p\u00e5 facaden. Dette kan ikke ses i starten men v\u00e6r over det inden skaden er sket, for s\u00e5 bliver det n\u00e6sten uoverskueligt!<\/p>\n<p>Derudover er en ren facade bare meget mere tilfredsstillende for sj\u00e6len og hvis du er ansvarlig for en virksomhed. Det giver et fantastisk udtryk af virksomheden, at have en ren og vedligeholdt facade \u2013 det er det f\u00f8rste som kunden m\u00f8der p\u00e5 vej ind.<\/p>\n<p>Vi hj\u00e6lper ogs\u00e5 gerne med <a href=\"https:\/\/dazzling-bhaskara.46-4-121-245.plesk.page\/fliserens\/\">fliserens<\/a> og <a href=\"https:\/\/dazzling-bhaskara.46-4-121-245.plesk.page\/tagrens\/\">tagrens<\/a>, s\u00e5 du altid er algefri.[\/vc_column_text][\/vc_column][vc_column width=&#8221;1\/2&#8243; css=&#8221;.vc_custom_1544529282859{margin-top: 40px !important;}&#8221;][vc_custom_heading text=&#8221;Vi anbefaler&#8221; font_container=&#8221;tag:h2|font_size:18|text_align:left|color:%23000000&#8243; el_class=&#8221;heading-title-2&#8243;][vc_column_text]Vi anbefalder at lave et abonnement hos os, hvor vi kommer \u00e9n gang \u00e5rligt og vedligeholder huset til en fast lav pris! Vi har flere forskellige muligheder, som du kan h\u00f8re mere om ved at kontakte os.[\/vc_column_text][vc_cta h2=&#8221;&#8221; h4=&#8221;Vi sidder klar, hvis du har sp\u00f8rgsm\u00e5l&#8221; shape=&#8221;square&#8221; style=&#8221;outline&#8221; color=&#8221;black&#8221; add_button=&#8221;right&#8221; btn_title=&#8221;Kontakt os her&#8221; btn_style=&#8221;flat&#8221; btn_shape=&#8221;square&#8221; btn_color=&#8221;black&#8221; btn_size=&#8221;lg&#8221; btn_link=&#8221;url:https%3A%2F%2Fjyskalgeservice.dk%2Fkontakt%2F|||&#8221; css=&#8221;.vc_custom_1544528977340{margin-top: 20px !important;padding-top: 15px !important;padding-right: 15px !important;padding-bottom: 15px !important;padding-left: 15px !important;}&#8221;]<\/p>\n<p style=\"font-size: 12px;\">Kontakt os hvis du har sp\u00f8rgsm\u00e5l omkring facaderens og vedligeholdelse &#8211; vi kommer altid gerne ud til dig og ser p\u00e5 opgaven inden vi sender dig et uforpligtende tilbud p\u00e5 rensning og reng\u00f8ring af dine facader.<\/p>\n<p>[\/vc_cta][\/vc_column][\/vc_row][vc_row css=&#8221;.vc_custom_1544103126775{margin-top: 40px !important;padding-top: 40px !important;padding-bottom: 40px !important;background-color: #f7f7f7 !important;}&#8221;][vc_column width=&#8221;1\/3&#8243; offset=&#8221;vc_hidden-sm vc_hidden-xs&#8221;][vc_single_image image=&#8221;75601&#8243; img_size=&#8221;full&#8221; css_animation=&#8221;left-to-right&#8221; el_class=&#8221;.colorbg&#8221;][\/vc_column][vc_column width=&#8221;2\/3&#8243;][vc_custom_heading text=&#8221;HELE DANMARK ER VORES ARBEJDSPLADS&#8221; font_container=&#8221;tag:h3|text_align:left|color:%23000000&#8243; el_class=&#8221;heading-title-2&#8243;][vc_column_text]Algerne gror over hele Danmark, og om du bor p\u00e5 Sj\u00e6lland, Fyn eller i Jylland, s\u00e5 er vi klar til at komme forbi dig, og hj\u00e6lpe dig i din kamp imod algerne.<\/p>\n<p style=\"color: #000;\"><b>Kontakt os i dag og f\u00e5 et skarpt tilbud<\/b><\/p>\n<p class=\"p1\">[su_button url=&#8221;tel:4542570999&#8243; background=&#8221;#84c758&#8243; color=&#8221;#ffffff&#8221; size=&#8221;5&#8243; icon=&#8221;icon: phone&#8221; icon_color=&#8221;#ffffff&#8221;]Ring[\/su_button] [su_button url=&#8221;mailto:info@jyskalgeservice.dk&#8221; background=&#8221;#84c758&#8243; color=&#8221;#ffffff&#8221; size=&#8221;5&#8243; icon=&#8221;icon: send-o&#8221; icon_color=&#8221;#ffffff&#8221;]Email[\/su_button]<\/p>\n<p class=\"p1\">[su_button url=&#8221;\/kontakt\/&#8221; background=&#8221;#84c758&#8243; color=&#8221;#ffffff&#8221; size=&#8221;5&#8243; icon=&#8221;icon: envelope-o&#8221; icon_color=&#8221;#ffffff&#8221;]Kontakt os[\/su_button]<\/p>\n<p>[\/vc_column_text][\/vc_column][\/vc_row]<\/p>\n","protected":false},"excerpt":{"rendered":"<p>[vc_row type=&#8221;full_width&#8221;][vc_column offset=&#8221;vc_hidden-xs&#8221;][layerslider_vc id=&#8221;9&#8243;][\/vc_column][vc_column offset=&#8221;vc_hidden-lg vc_hidden-md vc_hidden-sm&#8221;][layerslider_vc id=&#8221;10&#8243;][\/vc_column][\/vc_row][vc_row type=&#8221;full_width&#8221;][vc_column width=&#8221;1\/3&#8243; css=&#8221;.vc_custom_1611233691753{padding-bottom: 30px !important;background-color: #9ecd52 !important;}&#8221; offset=&#8221;vc_hidden-xs&#8221;][vc_icon icon_fontawesome=&#8221;fa fa-check&#8221; color=&#8221;white&#8221; size=&#8221;xl&#8221; [&hellip;]<\/p>\n","protected":false},"author":1,"featured_media":0,"parent":0,"menu_order":0,"comment_status":"closed","ping_status":"closed","template":"","meta":{"site-sidebar-layout":"default","site-content-layout":"","ast-site-content-layout":"default","site-content-style":"default","site-sidebar-style":"default","ast-global-header-display":"","ast-banner-title-visibility":"","ast-main-header-display":"","ast-hfb-above-header-display":"","ast-hfb-below-header-display":"","ast-hfb-mobile-header-display":"","site-post-title":"","ast-breadcrumbs-content":"","ast-featured-img":"","footer-sml-layout":"","ast-disable-related-posts":"","theme-transparent-header-meta":"","adv-header-id-meta":"","stick-header-meta":"","header-above-stick-meta":"","header-main-stick-meta":"","header-below-stick-meta":"","astra-migrate-meta-layouts":"default","ast-page-background-enabled":"default","ast-page-background-meta":{"desktop":{"background-color":"var(--ast-global-color-5)","background-image":"","background-repeat":"repeat","background-position":"center center","background-size":"auto","background-attachment":"scroll","background-type":"","background-media":"","overlay-type":"","overlay-color":"","overlay-opacity":"","overlay-gradient":""},"tablet":{"background-color":"","background-image":"","background-repeat":"repeat","background-position":"center center","background-size":"auto","background-attachment":"scroll","background-type":"","background-media":"","overlay-type":"","overlay-color":"","overlay-opacity":"","overlay-gradient":""},"mobile":{"background-color":"","background-image":"","background-repeat":"repeat","background-position":"center center","background-size":"auto","background-attachment":"scroll","background-type":"","background-media":"","overlay-type":"","overlay-color":"","overlay-opacity":"","overlay-gradient":""}},"ast-content-background-meta":{"desktop":{"background-color":"var(--ast-global-color-4)","background-image":"","background-repeat":"repeat","background-position":"center center","background-size":"auto","background-attachment":"scroll","background-type":"","background-media":"","overlay-type":"","overlay-color":"","overlay-opacity":"","overlay-gradient":""},"tablet":{"background-color":"var(--ast-global-color-4)","background-image":"","background-repeat":"repeat","background-position":"center center","background-size":"auto","background-attachment":"scroll","background-type":"","background-media":"","overlay-type":"","overlay-color":"","overlay-opacity":"","overlay-gradient":""},"mobile":{"background-color":"var(--ast-global-color-4)","background-image":"","background-repeat":"repeat","background-position":"center center","background-size":"auto","background-attachment":"scroll","background-type":"","background-media":"","overlay-type":"","overlay-color":"","overlay-opacity":"","overlay-gradient":""}},"footnotes":""},"class_list":["post-75085","page","type-page","status-publish","hentry"],"yoast_head":"<!-- This site is optimized with the Yoast SEO plugin v26.9 - https:\/\/yoast.com\/product\/yoast-seo-wordpress\/ -->\n<title>Facaderens - Effektiv Facaderens med Forebyggende Effekt! Ring nu!<\/title>\n<meta name=\"description\" content=\"Med en facaderens fra os f\u00e5r du et rent og flot resultat samtidig med, at det holder dine facader sunde. Kontakt os i dag!\" \/>\n<meta name=\"robots\" content=\"noindex, follow, max-snippet:-1, max-image-preview:large, max-video-preview:-1\" \/>\n<meta property=\"og:locale\" content=\"en_US\" \/>\n<meta property=\"og:type\" content=\"article\" \/>\n<meta property=\"og:title\" content=\"Facaderens - Effektiv Facaderens med Forebyggende Effekt! Ring nu!\" \/>\n<meta property=\"og:description\" content=\"Med en facaderens fra os f\u00e5r du et rent og flot resultat samtidig med, at det holder dine facader sunde. Kontakt os i dag!\" \/>\n<meta property=\"og:url\" content=\"https:\/\/dazzling-bhaskara.46-4-121-245.plesk.page\/index.php\/facaderens\/\" \/>\n<meta property=\"og:site_name\" content=\"Everything Inc.\" \/>\n<meta name=\"twitter:card\" content=\"summary_large_image\" \/>\n<meta name=\"twitter:label1\" content=\"Est. reading time\" \/>\n\t<meta name=\"twitter:data1\" content=\"5 minutes\" \/>\n<script type=\"application\/ld+json\" class=\"yoast-schema-graph\">{\"@context\":\"https:\/\/schema.org\",\"@graph\":[{\"@type\":\"WebPage\",\"@id\":\"https:\/\/dazzling-bhaskara.46-4-121-245.plesk.page\/index.php\/facaderens\/\",\"url\":\"https:\/\/dazzling-bhaskara.46-4-121-245.plesk.page\/index.php\/facaderens\/\",\"name\":\"Facaderens - Effektiv Facaderens med Forebyggende Effekt! Ring nu!\",\"isPartOf\":{\"@id\":\"https:\/\/dazzling-bhaskara.46-4-121-245.plesk.page\/#website\"},\"datePublished\":\"2017-08-18T14:07:25+00:00\",\"description\":\"Med en facaderens fra os f\u00e5r du et rent og flot resultat samtidig med, at det holder dine facader sunde. Kontakt os i dag!\",\"breadcrumb\":{\"@id\":\"https:\/\/dazzling-bhaskara.46-4-121-245.plesk.page\/index.php\/facaderens\/#breadcrumb\"},\"inLanguage\":\"en-US\",\"potentialAction\":[{\"@type\":\"ReadAction\",\"target\":[\"https:\/\/dazzling-bhaskara.46-4-121-245.plesk.page\/index.php\/facaderens\/\"]}]},{\"@type\":\"BreadcrumbList\",\"@id\":\"https:\/\/dazzling-bhaskara.46-4-121-245.plesk.page\/index.php\/facaderens\/#breadcrumb\",\"itemListElement\":[{\"@type\":\"ListItem\",\"position\":1,\"name\":\"Home\",\"item\":\"https:\/\/dazzling-bhaskara.46-4-121-245.plesk.page\/\"},{\"@type\":\"ListItem\",\"position\":2,\"name\":\"Facaderens\"}]},{\"@type\":\"WebSite\",\"@id\":\"https:\/\/dazzling-bhaskara.46-4-121-245.plesk.page\/#website\",\"url\":\"https:\/\/dazzling-bhaskara.46-4-121-245.plesk.page\/\",\"name\":\"Everything Inc.\",\"description\":\"\",\"potentialAction\":[{\"@type\":\"SearchAction\",\"target\":{\"@type\":\"EntryPoint\",\"urlTemplate\":\"https:\/\/dazzling-bhaskara.46-4-121-245.plesk.page\/?s={search_term_string}\"},\"query-input\":{\"@type\":\"PropertyValueSpecification\",\"valueRequired\":true,\"valueName\":\"search_term_string\"}}],\"inLanguage\":\"en-US\"}]}<\/script>\n<!-- \/ Yoast SEO plugin. -->","yoast_head_json":{"title":"Facaderens - Effektiv Facaderens med Forebyggende Effekt! Ring nu!","description":"Med en facaderens fra os f\u00e5r du et rent og flot resultat samtidig med, at det holder dine facader sunde. Kontakt os i dag!","robots":{"index":"noindex","follow":"follow","max-snippet":"max-snippet:-1","max-image-preview":"max-image-preview:large","max-video-preview":"max-video-preview:-1"},"og_locale":"en_US","og_type":"article","og_title":"Facaderens - Effektiv Facaderens med Forebyggende Effekt! Ring nu!","og_description":"Med en facaderens fra os f\u00e5r du et rent og flot resultat samtidig med, at det holder dine facader sunde. Kontakt os i dag!","og_url":"https:\/\/dazzling-bhaskara.46-4-121-245.plesk.page\/index.php\/facaderens\/","og_site_name":"Everything Inc.","twitter_card":"summary_large_image","twitter_misc":{"Est. reading time":"5 minutes"},"schema":{"@context":"https:\/\/schema.org","@graph":[{"@type":"WebPage","@id":"https:\/\/dazzling-bhaskara.46-4-121-245.plesk.page\/index.php\/facaderens\/","url":"https:\/\/dazzling-bhaskara.46-4-121-245.plesk.page\/index.php\/facaderens\/","name":"Facaderens - Effektiv Facaderens med Forebyggende Effekt! Ring nu!","isPartOf":{"@id":"https:\/\/dazzling-bhaskara.46-4-121-245.plesk.page\/#website"},"datePublished":"2017-08-18T14:07:25+00:00","description":"Med en facaderens fra os f\u00e5r du et rent og flot resultat samtidig med, at det holder dine facader sunde. Kontakt os i dag!","breadcrumb":{"@id":"https:\/\/dazzling-bhaskara.46-4-121-245.plesk.page\/index.php\/facaderens\/#breadcrumb"},"inLanguage":"en-US","potentialAction":[{"@type":"ReadAction","target":["https:\/\/dazzling-bhaskara.46-4-121-245.plesk.page\/index.php\/facaderens\/"]}]},{"@type":"BreadcrumbList","@id":"https:\/\/dazzling-bhaskara.46-4-121-245.plesk.page\/index.php\/facaderens\/#breadcrumb","itemListElement":[{"@type":"ListItem","position":1,"name":"Home","item":"https:\/\/dazzling-bhaskara.46-4-121-245.plesk.page\/"},{"@type":"ListItem","position":2,"name":"Facaderens"}]},{"@type":"WebSite","@id":"https:\/\/dazzling-bhaskara.46-4-121-245.plesk.page\/#website","url":"https:\/\/dazzling-bhaskara.46-4-121-245.plesk.page\/","name":"Everything Inc.","description":"","potentialAction":[{"@type":"SearchAction","target":{"@type":"EntryPoint","urlTemplate":"https:\/\/dazzling-bhaskara.46-4-121-245.plesk.page\/?s={search_term_string}"},"query-input":{"@type":"PropertyValueSpecification","valueRequired":true,"valueName":"search_term_string"}}],"inLanguage":"en-US"}]}},"_links":{"self":[{"href":"https:\/\/dazzling-bhaskara.46-4-121-245.plesk.page\/index.php\/wp-json\/wp\/v2\/pages\/75085","targetHints":{"allow":["GET"]}}],"collection":[{"href":"https:\/\/dazzling-bhaskara.46-4-121-245.plesk.page\/index.php\/wp-json\/wp\/v2\/pages"}],"about":[{"href":"https:\/\/dazzling-bhaskara.46-4-121-245.plesk.page\/index.php\/wp-json\/wp\/v2\/types\/page"}],"author":[{"embeddable":true,"href":"https:\/\/dazzling-bhaskara.46-4-121-245.plesk.page\/index.php\/wp-json\/wp\/v2\/users\/1"}],"replies":[{"embeddable":true,"href":"https:\/\/dazzling-bhaskara.46-4-121-245.plesk.page\/index.php\/wp-json\/wp\/v2\/comments?post=75085"}],"version-history":[{"count":0,"href":"https:\/\/dazzling-bhaskara.46-4-121-245.plesk.page\/index.php\/wp-json\/wp\/v2\/pages\/75085\/revisions"}],"wp:attachment":[{"href":"https:\/\/dazzling-bhaskara.46-4-121-245.plesk.page\/index.php\/wp-json\/wp\/v2\/media?parent=75085"}],"curies":[{"name":"wp","href":"https:\/\/api.w.org\/{rel}","templated":true}]}}