{"id":75102,"date":"2017-10-04T10:31:57","date_gmt":"2017-10-04T10:31:57","guid":{"rendered":"http:\/\/jyskalgeservice.dk\/?page_id=75102"},"modified":"2017-10-04T10:31:57","modified_gmt":"2017-10-04T10:31:57","slug":"faq","status":"publish","type":"page","link":"https:\/\/dazzling-bhaskara.46-4-121-245.plesk.page\/index.php\/faq\/","title":{"rendered":"FAQ"},"content":{"rendered":"<p>[vc_row css=&quot;.vc_custom_1544104836470{background-image: url(https:\/\/dazzling-bhaskara.46-4-121-245.plesk.page\/wp-content\/uploads\/2018\/12\/slider2.jpg?id=75566 !important;}&quot;][vc_column][vc_custom_heading text=&quot;FAQ &#8211; F\u00c5 SVAR P\u00c5 DINE SP\u00d8RGSM\u00c5L HER&quot; font_container=&quot;tag:h2|font_size:45|text_align:center|color:%23ffffff&quot; css=&quot;.vc_custom_1544527223009{padding-top: 80px !important;padding-bottom: 80px !important;}&quot;][\/vc_column][\/vc_row][vc_row css=&quot;.vc_custom_1544100561001{padding-top: 15px !important;padding-bottom: 15px !important;background-color: #9ecd52 !important;}&quot;][vc_column width=&quot;1\/3&quot;][vc_icon icon_fontawesome=&quot;fa fa-check&quot; color=&quot;white&quot; size=&quot;xl&quot; align=&quot;center&quot; css_animation=&quot;appear&quot;][vc_custom_heading text=&quot;Fjerner flisepest&quot; font_container=&quot;tag:h6|font_size:18|text_align:center|color:%23ffffff&quot; css=&quot;.vc_custom_1544104896214{margin-top: -30px !important;}&quot;][\/vc_column][vc_column width=&quot;1\/3&quot;][vc_icon icon_fontawesome=&quot;fa fa-check&quot; color=&quot;white&quot; size=&quot;xl&quot; align=&quot;center&quot; css_animation=&quot;appear&quot;][vc_custom_heading text=&quot;Beskytter imod ny algev\u00e6kst&quot; font_container=&quot;tag:h6|font_size:18|text_align:center|color:%23ffffff&quot; css=&quot;.vc_custom_1544105527404{margin-top: -30px !important;}&quot;][\/vc_column][vc_column width=&quot;1\/3&quot;][vc_icon icon_fontawesome=&quot;fa fa-check&quot; color=&quot;white&quot; size=&quot;xl&quot; align=&quot;center&quot; css_animation=&quot;appear&quot;][vc_custom_heading text=&quot;10 \u00e5rs garanti med impr\u00e6gnering&quot; font_container=&quot;tag:h6|font_size:18|text_align:center|color:%23ffffff&quot; css=&quot;.vc_custom_1544105548946{margin-top: -30px !important;}&quot;][\/vc_column][\/vc_row][vc_row css=&quot;.vc_custom_1544527270066{margin-top: 40px !important;}&quot;][vc_column][vc_custom_heading text=&quot;FAQ &#8211; ofte stillede sp\u00f8rgsm\u00e5l:&quot; font_container=&quot;tag:h1|text_align:left|color:%23000000&quot; el_class=&quot;heading-title-2&quot;][vc_column_text]Har du sp\u00f8rgsm\u00e5l om vores algebehandling, fliserens, tagrens eller facaderens? Her har vi samlet de mest almindelige sp\u00f8rgsm\u00e5l med klare svar, s\u00e5 du hurtigt kan finde den information, du har brug for.[\/vc_column_text][vc_tta_accordion style=&quot;flat&quot; active_section=&quot;1&quot;][vc_tta_section title=&quot;Hvor k\u00f8rer Jysk Algeservice?&quot; tab_id=&quot;1507112777955-a4c3f5cd-fd6f&quot;][vc_column_text]Jysk Algeservice tilbyder professionel algebehandling, fliserens, tagrens og facaderens i hele Danmark. Vi udf\u00f8rer opgaver i b\u00e5de Jylland, p\u00e5 Fyn og p\u00e5 Sj\u00e6lland og planl\u00e6gger vores ruter, s\u00e5 vi kan servicere kunder effektivt og til konkurrencedygtige priser. Uanset om du er privat boligejer eller erhvervskunde, kan du f\u00e5 hj\u00e6lp af os, ogs\u00e5 uden for de st\u00f8rre byer.[\/vc_column_text][\/vc_tta_section][vc_tta_section title=&quot;Hvorn\u00e5r kommer I ud og udf\u00f8rer arbejdet?&quot; tab_id=&quot;1507112778020-860c4a64-7961&quot;][vc_column_text]N\u00e5r du har bestilt en opgave, bliver den planlagt ind i vores kalender. Som regel kan vi udf\u00f8re arbejdet inden for et par uger. Det endelige tidspunkt afh\u00e6nger dog af vejrforholdene, da visse behandlinger kr\u00e6ver passende temperaturer og t\u00f8rvejr for at sikre det bedst mulige og mest holdbare resultat.<\/p>\n<p>Vi bestr\u00e6ber os p\u00e5, at udf\u00f8re behandlingen inden for 2-3 uger, det kan dog variere efter vind og vejr.[\/vc_column_text][\/vc_tta_section][vc_tta_section title=&quot;Skal jeg v\u00e6re hjemme, n\u00e5r I kommer?&quot; tab_id=&quot;1507293861023-7e0d4dc1-7762&quot;][vc_column_text]Det er ikke n\u00f8dvendigt at v\u00e6re hjemme, mens arbejdet udf\u00f8res. S\u00e5 l\u00e6nge der er fri adgang til de omr\u00e5der, der skal behandles, kan arbejdet udf\u00f8res uden problemer, hvilket giver st\u00f8rst mulig fleksibilitet i hverdagen. Hvis arbejdet omfatter tagrenderens, skal der v\u00e6re mulighed for at tilg\u00e5 en stikd\u00e5se udenfor. Hvis der ikke findes en stikd\u00e5se udend\u00f8rs, skal str\u00f8mmen tr\u00e6kkes fra indenfor, og det vil derfor v\u00e6re n\u00f8dvendigt at v\u00e6re hjemme for at give adgang.[\/vc_column_text][\/vc_tta_section][vc_tta_section title=&quot;Skal I bruge vand eller str\u00f8m fra min bolig?&quot; tab_id=&quot;1507293857802-3c55e17e-bd36&quot;][vc_column_text]Ved almindelig algebehandling af tag og facade medbringer vi selv det n\u00f8dvendige udstyr og de f\u00e6rdigblandede produkter. Hvis du har bestilt fliserens, skal vi dog have adgang til vand p\u00e5 adressen, da renseprocessen kr\u00e6ver st\u00f8rre m\u00e6ngder vand for at opn\u00e5 et grundigt og ensartet resultat.[\/vc_column_text][\/vc_tta_section][vc_tta_section title=&quot;Hvad er en algebehandling?&quot; tab_id=&quot;1507293936513-62bff1f7-c8b1&quot;][vc_column_text]En algebehandling g\u00e5r ud p\u00e5 at p\u00e5f\u00f8re et milj\u00f8godkendt middel, som effektivt bek\u00e6mper alger, mos og lav. Midlet tr\u00e6nger ned i bel\u00e6gningerne og dr\u00e6ber v\u00e6ksten helt i bunden. Over tid vil de d\u00f8de alger l\u00f8sne sig og forsvinde naturligt med regn og vind, hvilket giver en p\u00e6nere og mere modstandsdygtig overflade.[\/vc_column_text][\/vc_tta_section][vc_tta_section title=&quot;Hvor lang tid tager en algebehandling?&quot; tab_id=&quot;1769411506558-22acc08d-885b&quot;][vc_column_text]En algebehandling tager typisk omkring 15 minutter for et omr\u00e5de p\u00e5 cirka 200\u202fm\u00b2. Tiden kan variere afh\u00e6ngigt af arealets form, tilg\u00e6ngelighed og overfladetype, men i de fleste tilf\u00e6lde kan behandlingen gennemf\u00f8res hurtigt og effektivt uden at forstyrre din hverdag.[\/vc_column_text][\/vc_tta_section][vc_tta_section title=&quot;Hvor lang tid m\u00e5 der g\u00e5, f\u00f8r det regner?&quot; tab_id=&quot;1769411687388-1d1387b5-e412&quot;][vc_column_text]Efter en behandling b\u00f8r der g\u00e5 mindst 6 timer, f\u00f8r det begynder at regne. Dette sikrer, at midlet har tid til at tr\u00e6nge ned og virke optimalt p\u00e5 overfladen.[\/vc_column_text][\/vc_tta_section][vc_tta_section title=&quot;Hvorn\u00e5r kan jeg se resultatet af algebehandlingen?&quot; tab_id=&quot;1507294032355-788c350a-9505&quot;][vc_column_text]Resultatet viser sig gradvist og ikke med det samme. Hvor hurtigt effekten kan ses, afh\u00e6nger blandt andet af overfladens type, m\u00e6ngden af alger samt vejrforholdene efter behandlingen. De fleste oplever, at overfladerne bliver synligt renere i l\u00f8bet af nogle m\u00e5neder.[\/vc_column_text][\/vc_tta_section][vc_tta_section title=&quot;Er \u00e9n algebehandling nok?&quot; tab_id=&quot;1507294070060-f8b7199d-884b&quot;][vc_column_text]I mange tilf\u00e6lde er \u00e9n algebehandling tilstr\u00e6kkelig til at reducere algev\u00e6kst markant. Ved kraftige angreb eller p\u00e5 s\u00e6rligt udsatte omr\u00e5der kan det dog v\u00e6re n\u00f8dvendigt med gentagne behandlinger for at opn\u00e5 et stabilt og langtidsholdbart resultat. Vi vurderer altid behovet ud fra den enkelte opgave.[\/vc_column_text][\/vc_tta_section][vc_tta_section title=&quot;Kan algebehandling skade solceller?&quot; tab_id=&quot;1507293963771-11443f6e-a71b&quot;][vc_column_text]Nej, vi har igennem tre \u00e5r testet algemiddel p\u00e5 solcelleanl\u00e6g, og det har ingen skadelig effekt at spr\u00f8jte dem med algemiddel. Det er faktisk en fordel at f\u00e5 spr\u00f8jtet sit solcelleanl\u00e6g, da algev\u00e6kst mindsker ydeevnen p\u00e5 anl\u00e6gget.<\/p>\n<p>Vores algebehandling er sk\u00e5nsom og kan anvendes p\u00e5 solcelleanl\u00e6g. Alger og snavs kan med tiden neds\u00e6tte solcellernes effektivitet, og en n\u00e6nsom rens kan derfor bidrage til at opretholde en bedre ydeevne uden at beskadige anl\u00e6gget.[\/vc_column_text][\/vc_tta_section][vc_tta_section title=&quot;Hvad er flisepest?&quot; tab_id=&quot;1519287894852-86e71745-b835&quot;][vc_column_text]Flisepest er en m\u00f8rk og genstridig bel\u00e6gning, som ofte opst\u00e5r p\u00e5 fliser i indk\u00f8rsler og terrasser. Den skyldes lav og mikroorganismer, der trives i fugtige og skyggefulde omr\u00e5der. Flisepest s\u00e6tter sig fast i flisernes overflade og kan v\u00e6re sv\u00e6r at fjerne uden professionelt udstyr.<\/p>\n<p>Du kan l\u00e6se alt om flisepest <strong><a href=\"https:\/\/dazzling-bhaskara.46-4-121-245.plesk.page\/flisepest\/\">her<\/a><\/strong>[\/vc_column_text][\/vc_tta_section][vc_tta_section title=&#8221;Hvor lang tid tager en fliserens?&#8221; tab_id=&#8221;1769411733300-527c7f06-4dd2&#8243;][vc_column_text]En fliserens tager typisk omkring 1,5\u20112 timer for et omr\u00e5de p\u00e5 cirka 100\u202fm\u00b2. Tiden kan variere afh\u00e6ngigt af flisernes tilstand, overfladetype og tilg\u00e6ngelighed, men i de fleste tilf\u00e6lde kan arbejdet gennemf\u00f8res effektivt uden st\u00f8rre forstyrrelser i hverdagen.[\/vc_column_text][\/vc_tta_section][vc_tta_section title=&#8221;Kan I n\u00e5 at v\u00e6re f\u00e6rdige p\u00e5 en dag?&#8221; tab_id=&#8221;1769412775570-2782c992-5e64&#8243;][vc_column_text]Arbejdet kan klares p\u00e5 en dag for de fleste almindelige opgaver. Ved st\u00f8rre arealer eller mere komplekse opgaver kan det naturligvis tage l\u00e6ngere tid, og tidsforbruget vil afh\u00e6nge af arealets st\u00f8rrelse, overfladetype og tilg\u00e6ngelighed. Vi planl\u00e6gger altid arbejdet, s\u00e5 det udf\u00f8res effektivt og med mindst mulig forstyrrelse af din hverdag.[\/vc_column_text][\/vc_tta_section][vc_tta_section title=&#8221;Kan en algebehandling fjerne flisepest?&#8221; tab_id=&#8221;1507294103603-1910dfd0-4298&#8243;][vc_column_text]Algebehandling alene er ikke nok til at fjerne flisepest. Her kr\u00e6ves en grundig fliserens, hvor bel\u00e6gningen fjernes mekanisk. Efterf\u00f8lgende anbefales det ofte at impr\u00e6gnere fliserne, s\u00e5 de bliver bedre beskyttet mod ny bel\u00e6gning og snavs.<\/p>\n<p>Flisepest og gr\u00e5 lav kan kun fjernes med en <a href=\"https:\/\/dazzling-bhaskara.46-4-121-245.plesk.page\/fliserens\/\">fliserens<\/a>. Hvis der er flisepest\/gr\u00e5 lav p\u00e5 taget kan dette ikke fjernes med en algebehandling.[\/vc_column_text][\/vc_tta_section][vc_tta_section title=&#8221;Garantibetingelser&#8221; tab_id=&#8221;1551342031832-7d10a2ec-ccc0&#8243;][vc_column_text]Vi tilbyder\u00a015 \u00e5rs garanti p\u00e5 fliserens med impr\u00e6gnering.<br data-start=\"177\" data-end=\"180\" \/>Garantien d\u00e6kker\u00a0flisepest, s\u00e5 du er sikret et holdbart og beskyttet resultat, der bevarer dine flisers p\u00e6ne udseende i mange \u00e5r.<\/p>\n<p>Garantien for impr\u00e6gneringen er kun g\u00e6ldende, s\u00e5fremt Jysk Algeservice vedligeholder fliserne ved en \u00e5rlig algebehandling.[\/vc_column_text][\/vc_tta_section][vc_tta_section title=&#8221;Er Jysk Algeservice og Dansk Renseservice det samme?&#8221; tab_id=&#8221;1769411946967-66218dab-6871&#8243;][vc_column_text]Ja, begge firmaer h\u00f8rer under samme selskab, <strong>Rensegruppen ApS<\/strong>. Du kan derfor opleve at blive pr\u00e6senteret for b\u00e5de Jysk Algeservice og Dansk Renseservice, og p\u00e5 vores biler vil du ogs\u00e5 kunne se begge navne. Arbejdet og serviceniveauet er det samme, uanset hvilket navn der bruges.[\/vc_column_text][\/vc_tta_section][vc_tta_section title=&#8221;Hvem kan jeg kontakte, hvis jeg har flere sp\u00f8rgsm\u00e5l?&#8221; tab_id=&#8221;1769412066033-afb6c288-437c&#8221;][vc_column_text]Hvis du har sp\u00f8rgsm\u00e5l, som ikke er besvaret her, er du altid velkommen til at kontakte Jysk Algeservice. Vi st\u00e5r klar til at r\u00e5dgive dig om den rette l\u00f8sning og giver gerne et uforpligtende tilbud, der passer til netop din bolig eller virksomhed.[\/vc_column_text][\/vc_tta_section][vc_tta_section title=&#8221;Hvordan klager jeg over udf\u00f8rt arbejde?&#8221; tab_id=&#8221;1769412153002-21ac1ad3-25df&#8221;][vc_column_text]Hvis du ikke er tilfreds med udf\u00f8relsen af en af vores ydelser, skal reklamationer meddeles <strong>skriftligt senest 7 dage efter arbejdets udf\u00f8relse<\/strong>. Reklamationen skal v\u00e6re <strong>sagligt begrundet og dokumenteret<\/strong>, s\u00e5 vi kan behandle den korrekt.<\/p>\n<p>Send venligst din henvendelse til <strong>info@jyskalgeservice.dk<\/strong> med en beskrivelse af problemet og eventuelt relevant dokumentation, s\u00e5som billeder eller notater.[\/vc_column_text][\/vc_tta_section][\/vc_tta_accordion][\/vc_column][\/vc_row][vc_row][vc_column][vc_cta h2=&#8221;&#8221; h4=&#8221;Fandt du ikke svaret p\u00e5 dine sp\u00f8rgsm\u00e5l?&#8221; shape=&#8221;square&#8221; style=&#8221;outline&#8221; color=&#8221;black&#8221; add_button=&#8221;right&#8221; btn_title=&#8221;Kontakt os her&#8221; btn_style=&#8221;flat&#8221; btn_shape=&#8221;square&#8221; btn_color=&#8221;black&#8221; btn_size=&#8221;lg&#8221; btn_link=&#8221;url:https%3A%2F%2Fjyskalgeservice.dk%2Fkontakt%2F|||&#8221; css=&#8221;.vc_custom_1544532327673{margin-top: 20px !important;padding-top: 15px !important;padding-right: 15px !important;padding-bottom: 15px !important;padding-left: 15px !important;}&#8221;]<\/p>\n<p style=\"font-size: 12px;\">Kontakt os hvis du ikke fandt svaret p\u00e5 dine sp\u00f8rgsm\u00e5l. Vi sidder klar, ved b\u00e5de mail og telefon, til at svare p\u00e5 dine sp\u00f8rgsm\u00e5l og\/eller sammens\u00e6tte et uforpligtende tilbud efter dine behov.<\/p>\n<p>[\/vc_cta][\/vc_column][\/vc_row][vc_row css=&#8221;.vc_custom_1544532107249{padding-top: 40px !important;padding-bottom: 40px !important;background-color: #f7f7f7 !important;}&#8221;][vc_column width=&#8221;1\/3&#8243; offset=&#8221;vc_hidden-sm vc_hidden-xs&#8221;][vc_single_image image=&#8221;75601&#8243; img_size=&#8221;full&#8221; css_animation=&#8221;left-to-right&#8221; el_class=&#8221;.colorbg&#8221;][\/vc_column][vc_column width=&#8221;2\/3&#8243;][vc_custom_heading text=&#8221;HELE DANMARK ER VORES ARBEJDSPLADS&#8221; font_container=&#8221;tag:h3|text_align:left|color:%23000000&#8243; el_class=&#8221;heading-title-2&#8243;][vc_column_text]Algerne gror over hele Danmark, og om du bor p\u00e5 Sj\u00e6lland, Fyn eller i Jylland, s\u00e5 er vi klar til at komme forbi dig, og hj\u00e6lpe dig i din kamp imod algerne.<\/p>\n<p style=\"color: #000;\"><b>Kontakt os i dag og f\u00e5 et skarpt tilbud<\/b><\/p>\n<p class=\"p1\">[su_button url=&#8221;tel:4542570999&#8243; background=&#8221;#84c758&#8243; color=&#8221;#ffffff&#8221; size=&#8221;5&#8243; icon=&#8221;icon: phone&#8221; icon_color=&#8221;#ffffff&#8221;]Ring[\/su_button] [su_button url=&#8221;mailto:info@jyskalgeservice.dk&#8221; background=&#8221;#84c758&#8243; color=&#8221;#ffffff&#8221; size=&#8221;5&#8243; icon=&#8221;icon: send-o&#8221; icon_color=&#8221;#ffffff&#8221;]Email[\/su_button]<\/p>\n<p class=\"p1\">[su_button url=&#8221;\/kontakt\/&#8221; background=&#8221;#84c758&#8243; color=&#8221;#ffffff&#8221; size=&#8221;5&#8243; icon=&#8221;icon: envelope-o&#8221; icon_color=&#8221;#ffffff&#8221;]Kontakt os[\/su_button]<\/p>\n<p>[\/vc_column_text][\/vc_column][\/vc_row][vc_row][vc_column][\/vc_column][\/vc_row]<\/p>\n","protected":false},"excerpt":{"rendered":"<p>[vc_row css=&quot;.vc_custom_1544104836470{background-image: url(https:\/\/dazzling-bhaskara.46-4-121-245.plesk.page\/wp-content\/uploads\/2018\/12\/slider2.jpg?id=75566 !important;}&quot;][vc_column][vc_custom_heading text=&quot;FAQ &#8211; F\u00c5 SVAR P\u00c5 DINE SP\u00d8RGSM\u00c5L HER&quot; font_container=&quot;tag:h2|font_size:45|text_align:center|color:%23ffffff&quot; css=&quot;.vc_custom_1544527223009{padding-top: 80px !important;padding-bottom: 80px !important;}&quot;][\/vc_column][\/vc_row][vc_row css=&quot;.vc_custom_1544100561001{padding-top: 15px [&hellip;]<\/p>\n","protected":false},"author":1,"featured_media":0,"parent":0,"menu_order":0,"comment_status":"closed","ping_status":"closed","template":"","meta":{"site-sidebar-layout":"default","site-content-layout":"","ast-site-content-layout":"default","site-content-style":"default","site-sidebar-style":"default","ast-global-header-display":"","ast-banner-title-visibility":"","ast-main-header-display":"","ast-hfb-above-header-display":"","ast-hfb-below-header-display":"","ast-hfb-mobile-header-display":"","site-post-title":"","ast-breadcrumbs-content":"","ast-featured-img":"","footer-sml-layout":"","ast-disable-related-posts":"","theme-transparent-header-meta":"","adv-header-id-meta":"","stick-header-meta":"","header-above-stick-meta":"","header-main-stick-meta":"","header-below-stick-meta":"","astra-migrate-meta-layouts":"default","ast-page-background-enabled":"default","ast-page-background-meta":{"desktop":{"background-color":"var(--ast-global-color-5)","background-image":"","background-repeat":"repeat","background-position":"center center","background-size":"auto","background-attachment":"scroll","background-type":"","background-media":"","overlay-type":"","overlay-color":"","overlay-opacity":"","overlay-gradient":""},"tablet":{"background-color":"","background-image":"","background-repeat":"repeat","background-position":"center center","background-size":"auto","background-attachment":"scroll","background-type":"","background-media":"","overlay-type":"","overlay-color":"","overlay-opacity":"","overlay-gradient":""},"mobile":{"background-color":"","background-image":"","background-repeat":"repeat","background-position":"center center","background-size":"auto","background-attachment":"scroll","background-type":"","background-media":"","overlay-type":"","overlay-color":"","overlay-opacity":"","overlay-gradient":""}},"ast-content-background-meta":{"desktop":{"background-color":"var(--ast-global-color-4)","background-image":"","background-repeat":"repeat","background-position":"center center","background-size":"auto","background-attachment":"scroll","background-type":"","background-media":"","overlay-type":"","overlay-color":"","overlay-opacity":"","overlay-gradient":""},"tablet":{"background-color":"var(--ast-global-color-4)","background-image":"","background-repeat":"repeat","background-position":"center center","background-size":"auto","background-attachment":"scroll","background-type":"","background-media":"","overlay-type":"","overlay-color":"","overlay-opacity":"","overlay-gradient":""},"mobile":{"background-color":"var(--ast-global-color-4)","background-image":"","background-repeat":"repeat","background-position":"center center","background-size":"auto","background-attachment":"scroll","background-type":"","background-media":"","overlay-type":"","overlay-color":"","overlay-opacity":"","overlay-gradient":""}},"footnotes":""},"class_list":["post-75102","page","type-page","status-publish","hentry"],"yoast_head":"<!-- This site is optimized with the Yoast SEO plugin v26.9 - https:\/\/yoast.com\/product\/yoast-seo-wordpress\/ -->\n<title>FAQ - kom af med alger, mos og snavs med effektiv facaderens<\/title>\n<meta name=\"description\" content=\"FAQ. Har du et sp\u00f8rgsm\u00e5l? L\u00e6s her, eller kontakt os! Professionel algebehandling af tage, facader &amp; fliser i hele landet. Bestil her!\" \/>\n<meta name=\"robots\" content=\"noindex, follow, max-snippet:-1, max-image-preview:large, max-video-preview:-1\" \/>\n<meta property=\"og:locale\" content=\"en_US\" \/>\n<meta property=\"og:type\" content=\"article\" \/>\n<meta property=\"og:title\" content=\"FAQ - kom af med alger, mos og snavs med effektiv facaderens\" \/>\n<meta property=\"og:description\" content=\"FAQ. Har du et sp\u00f8rgsm\u00e5l? L\u00e6s her, eller kontakt os! Professionel algebehandling af tage, facader &amp; fliser i hele landet. Bestil her!\" \/>\n<meta property=\"og:url\" content=\"https:\/\/dazzling-bhaskara.46-4-121-245.plesk.page\/index.php\/faq\/\" \/>\n<meta property=\"og:site_name\" content=\"Everything Inc.\" \/>\n<meta name=\"twitter:card\" content=\"summary_large_image\" \/>\n<meta name=\"twitter:label1\" content=\"Est. reading time\" \/>\n\t<meta name=\"twitter:data1\" content=\"8 minutes\" \/>\n<script type=\"application\/ld+json\" class=\"yoast-schema-graph\">{\"@context\":\"https:\/\/schema.org\",\"@graph\":[{\"@type\":\"WebPage\",\"@id\":\"https:\/\/dazzling-bhaskara.46-4-121-245.plesk.page\/index.php\/faq\/\",\"url\":\"https:\/\/dazzling-bhaskara.46-4-121-245.plesk.page\/index.php\/faq\/\",\"name\":\"FAQ - kom af med alger, mos og snavs med effektiv facaderens\",\"isPartOf\":{\"@id\":\"https:\/\/dazzling-bhaskara.46-4-121-245.plesk.page\/#website\"},\"datePublished\":\"2017-10-04T10:31:57+00:00\",\"description\":\"FAQ. Har du et sp\u00f8rgsm\u00e5l? L\u00e6s her, eller kontakt os! Professionel algebehandling af tage, facader & fliser i hele landet. Bestil her!\",\"breadcrumb\":{\"@id\":\"https:\/\/dazzling-bhaskara.46-4-121-245.plesk.page\/index.php\/faq\/#breadcrumb\"},\"inLanguage\":\"en-US\",\"potentialAction\":[{\"@type\":\"ReadAction\",\"target\":[\"https:\/\/dazzling-bhaskara.46-4-121-245.plesk.page\/index.php\/faq\/\"]}]},{\"@type\":\"BreadcrumbList\",\"@id\":\"https:\/\/dazzling-bhaskara.46-4-121-245.plesk.page\/index.php\/faq\/#breadcrumb\",\"itemListElement\":[{\"@type\":\"ListItem\",\"position\":1,\"name\":\"Home\",\"item\":\"https:\/\/dazzling-bhaskara.46-4-121-245.plesk.page\/\"},{\"@type\":\"ListItem\",\"position\":2,\"name\":\"FAQ\"}]},{\"@type\":\"WebSite\",\"@id\":\"https:\/\/dazzling-bhaskara.46-4-121-245.plesk.page\/#website\",\"url\":\"https:\/\/dazzling-bhaskara.46-4-121-245.plesk.page\/\",\"name\":\"Everything Inc.\",\"description\":\"\",\"potentialAction\":[{\"@type\":\"SearchAction\",\"target\":{\"@type\":\"EntryPoint\",\"urlTemplate\":\"https:\/\/dazzling-bhaskara.46-4-121-245.plesk.page\/?s={search_term_string}\"},\"query-input\":{\"@type\":\"PropertyValueSpecification\",\"valueRequired\":true,\"valueName\":\"search_term_string\"}}],\"inLanguage\":\"en-US\"}]}<\/script>\n<!-- \/ Yoast SEO plugin. -->","yoast_head_json":{"title":"FAQ - kom af med alger, mos og snavs med effektiv facaderens","description":"FAQ. Har du et sp\u00f8rgsm\u00e5l? L\u00e6s her, eller kontakt os! Professionel algebehandling af tage, facader & fliser i hele landet. Bestil her!","robots":{"index":"noindex","follow":"follow","max-snippet":"max-snippet:-1","max-image-preview":"max-image-preview:large","max-video-preview":"max-video-preview:-1"},"og_locale":"en_US","og_type":"article","og_title":"FAQ - kom af med alger, mos og snavs med effektiv facaderens","og_description":"FAQ. Har du et sp\u00f8rgsm\u00e5l? L\u00e6s her, eller kontakt os! Professionel algebehandling af tage, facader & fliser i hele landet. Bestil her!","og_url":"https:\/\/dazzling-bhaskara.46-4-121-245.plesk.page\/index.php\/faq\/","og_site_name":"Everything Inc.","twitter_card":"summary_large_image","twitter_misc":{"Est. reading time":"8 minutes"},"schema":{"@context":"https:\/\/schema.org","@graph":[{"@type":"WebPage","@id":"https:\/\/dazzling-bhaskara.46-4-121-245.plesk.page\/index.php\/faq\/","url":"https:\/\/dazzling-bhaskara.46-4-121-245.plesk.page\/index.php\/faq\/","name":"FAQ - kom af med alger, mos og snavs med effektiv facaderens","isPartOf":{"@id":"https:\/\/dazzling-bhaskara.46-4-121-245.plesk.page\/#website"},"datePublished":"2017-10-04T10:31:57+00:00","description":"FAQ. Har du et sp\u00f8rgsm\u00e5l? L\u00e6s her, eller kontakt os! Professionel algebehandling af tage, facader & fliser i hele landet. Bestil her!","breadcrumb":{"@id":"https:\/\/dazzling-bhaskara.46-4-121-245.plesk.page\/index.php\/faq\/#breadcrumb"},"inLanguage":"en-US","potentialAction":[{"@type":"ReadAction","target":["https:\/\/dazzling-bhaskara.46-4-121-245.plesk.page\/index.php\/faq\/"]}]},{"@type":"BreadcrumbList","@id":"https:\/\/dazzling-bhaskara.46-4-121-245.plesk.page\/index.php\/faq\/#breadcrumb","itemListElement":[{"@type":"ListItem","position":1,"name":"Home","item":"https:\/\/dazzling-bhaskara.46-4-121-245.plesk.page\/"},{"@type":"ListItem","position":2,"name":"FAQ"}]},{"@type":"WebSite","@id":"https:\/\/dazzling-bhaskara.46-4-121-245.plesk.page\/#website","url":"https:\/\/dazzling-bhaskara.46-4-121-245.plesk.page\/","name":"Everything Inc.","description":"","potentialAction":[{"@type":"SearchAction","target":{"@type":"EntryPoint","urlTemplate":"https:\/\/dazzling-bhaskara.46-4-121-245.plesk.page\/?s={search_term_string}"},"query-input":{"@type":"PropertyValueSpecification","valueRequired":true,"valueName":"search_term_string"}}],"inLanguage":"en-US"}]}},"_links":{"self":[{"href":"https:\/\/dazzling-bhaskara.46-4-121-245.plesk.page\/index.php\/wp-json\/wp\/v2\/pages\/75102","targetHints":{"allow":["GET"]}}],"collection":[{"href":"https:\/\/dazzling-bhaskara.46-4-121-245.plesk.page\/index.php\/wp-json\/wp\/v2\/pages"}],"about":[{"href":"https:\/\/dazzling-bhaskara.46-4-121-245.plesk.page\/index.php\/wp-json\/wp\/v2\/types\/page"}],"author":[{"embeddable":true,"href":"https:\/\/dazzling-bhaskara.46-4-121-245.plesk.page\/index.php\/wp-json\/wp\/v2\/users\/1"}],"replies":[{"embeddable":true,"href":"https:\/\/dazzling-bhaskara.46-4-121-245.plesk.page\/index.php\/wp-json\/wp\/v2\/comments?post=75102"}],"version-history":[{"count":0,"href":"https:\/\/dazzling-bhaskara.46-4-121-245.plesk.page\/index.php\/wp-json\/wp\/v2\/pages\/75102\/revisions"}],"wp:attachment":[{"href":"https:\/\/dazzling-bhaskara.46-4-121-245.plesk.page\/index.php\/wp-json\/wp\/v2\/media?parent=75102"}],"curies":[{"name":"wp","href":"https:\/\/api.w.org\/{rel}","templated":true}]}}