{"id":75225,"date":"2018-01-11T11:23:23","date_gmt":"2018-01-11T11:23:23","guid":{"rendered":"http:\/\/jyskalgeservice.dk\/?page_id=75225"},"modified":"2018-01-11T11:23:23","modified_gmt":"2018-01-11T11:23:23","slug":"sjaelland","status":"publish","type":"page","link":"https:\/\/dazzling-bhaskara.46-4-121-245.plesk.page\/index.php\/sjaelland\/","title":{"rendered":"Sj\u00e6lland"},"content":{"rendered":"<p>[vc_row css=&quot;.vc_custom_1544104836470{background-image: url(https:\/\/dazzling-bhaskara.46-4-121-245.plesk.page\/wp-content\/uploads\/2018\/12\/slider2.jpg?id=75566 !important;}&quot;][vc_column][vc_custom_heading text=&quot;ALGEBEHANDLING, FLISERENS OG FACADERENS P\u00c5 SJ\u00c6LLAND&quot; font_container=&quot;tag:h2|font_size:45|text_align:center|color:%23ffffff&quot; css=&quot;.vc_custom_1544527050961{padding-top: 80px !important;padding-bottom: 80px !important;}&quot;][\/vc_column][\/vc_row][vc_row css=&quot;.vc_custom_1544100561001{padding-top: 15px !important;padding-bottom: 15px !important;background-color: #9ecd52 !important;}&quot;][vc_column width=&quot;1\/3&quot;][vc_icon icon_fontawesome=&quot;fa fa-check&quot; color=&quot;white&quot; size=&quot;xl&quot; align=&quot;center&quot; css_animation=&quot;appear&quot;][vc_custom_heading text=&quot;Fjerner flisepest&quot; font_container=&quot;tag:h6|font_size:18|text_align:center|color:%23ffffff&quot; css=&quot;.vc_custom_1544104896214{margin-top: -30px !important;}&quot;][\/vc_column][vc_column width=&quot;1\/3&quot;][vc_icon icon_fontawesome=&quot;fa fa-check&quot; color=&quot;white&quot; size=&quot;xl&quot; align=&quot;center&quot; css_animation=&quot;appear&quot;][vc_custom_heading text=&quot;Beskytter imod ny algev\u00e6kst&quot; font_container=&quot;tag:h6|font_size:18|text_align:center|color:%23ffffff&quot; css=&quot;.vc_custom_1544105527404{margin-top: -30px !important;}&quot;][\/vc_column][vc_column width=&quot;1\/3&quot;][vc_icon icon_fontawesome=&quot;fa fa-check&quot; color=&quot;white&quot; size=&quot;xl&quot; align=&quot;center&quot; css_animation=&quot;appear&quot;][vc_custom_heading text=&quot;10 \u00e5rs garanti med impr\u00e6gnering &quot; font_container=&quot;tag:h6|font_size:18|text_align:center|color:%23ffffff&quot; css=&quot;.vc_custom_1544105548946{margin-top: -30px !important;}&quot;][\/vc_column][\/vc_row][vc_row][vc_column][vc_column_text]<\/p>\n<p>[\/vc_column_text][\/vc_column][\/vc_row][vc_row css=&quot;.vc_custom_1508755427960{padding-top: 50px !important;}&quot;][vc_column width=&quot;1\/2&quot;][vc_custom_heading text=&quot;JYSK ALGESERVICE &#8211; SJ\u00c6LLAND &amp; FYN&quot; font_container=&quot;tag:h1|text_align:left|color:%23000000&quot; el_class=&quot;heading-title-2&quot; css=&quot;.vc_custom_1515667370831{padding-top: 70px !important;}&quot;][vc_column_text]Jysk Algeservice har biler k\u00f8rende rundt i hele Danmark, herunder ogs\u00e5 Sj\u00e6lland og Fyn og foretager <a href=\"https:\/\/dazzling-bhaskara.46-4-121-245.plesk.page\/fliserens\/\">effektiv fliserensning<\/a> og algebehandling.<\/p>\n<p>Vores team af professionelle medarbejdere, med speciale i forebyggende alge behandling og afrensning af alle typer overflader ude som inde.<br \/>\n\u2013 vi prioriterer milj\u00f8, kvalitet og service h\u00f8jt og tilstr\u00e6ber at du f\u00e5r det bedste resultat til den billigste pris![\/vc_column_text][vc_custom_heading text=&#8221;Milj\u00f8&#8221; font_container=&#8221;tag:h3|text_align:left|color:%23000000&#8243; el_class=&#8221;heading-title-2&#8243; css=&#8221;.vc_custom_1544538468730{padding-top: 40px !important;}&#8221;][vc_column_text]Vi prioriterer milj\u00f8et og bruger kun produkter, der er godkendt af Milj\u00f8styrelsen.<br \/>\n\u2013 renseteknikken vi bruger, er sk\u00e5nsom for alle overflader.<br \/>\n\u2013 vores v\u00e6rkt\u00f8j er godkendt og sikrer dig den mest optimale l\u00f8sning og samtidig har vi fokus p\u00e5 vores medarbejderes ergonomi.[\/vc_column_text][\/vc_column][vc_column width=&#8221;1\/2&#8243; css=&#8221;.vc_custom_1507210077374{padding-top: 70px !important;}&#8221;][vc_single_image image=&#8221;75227&#8243; img_size=&#8221;full&#8221;][\/vc_column][\/vc_row][vc_row css=&#8221;.vc_custom_1544103328696{margin-top: 40px !important;padding-top: 15px !important;padding-bottom: 15px !important;background-color: #f7f7f7 !important;}&#8221;][vc_column width=&#8221;1\/4&#8243;][vc_custom_heading text=&#8221;S\u00c5DAN G\u00d8R VI&#8221; font_container=&#8221;tag:h6|font_size:30|text_align:center|color:%23000000&#8243; el_class=&#8221;heading-title-2&#8243; css=&#8221;.vc_custom_1544104102947{margin-top: 15px !important;margin-bottom: 15px !important;}&#8221;][vc_custom_heading text=&#8221;RESNING AF FLISER&#8221; font_container=&#8221;tag:h2|font_size:20|text_align:left|color:%23c7c7c7&#8243;][\/vc_column][vc_column width=&#8221;1\/4&#8243;][vc_custom_heading text=&#8221;1&#8243; font_container=&#8221;tag:h6|font_size:40|text_align:center|color:%239ecd52&#8243; css=&#8221;.vc_custom_1544101551605{padding-bottom: 10px !important;}&#8221;][vc_custom_heading text=&#8221;Vi fjerner flisepest, alger, mos, skidt, snavs og ukrudt i fugerne..&#8221; font_container=&#8221;tag:h6|font_size:18|text_align:center|color:%23000000&#8243; css=&#8221;.vc_custom_1544526567404{margin-top: -30px !important;}&#8221;][\/vc_column][vc_column width=&#8221;1\/4&#8243;][vc_custom_heading text=&#8221;2&#8243; font_container=&#8221;tag:h6|font_size:40|text_align:center|color:%239ecd52&#8243; css=&#8221;.vc_custom_1544101580882{padding-bottom: 10px !important;}&#8221;][vc_custom_heading text=&#8221;.. l\u00e6gger ny impr\u00e6gnering p\u00e5 fliserne, som sikre dine fliser en l\u00e6ngere levetid..&#8221; font_container=&#8221;tag:h6|font_size:18|text_align:center|color:%23000000&#8243; css=&#8221;.vc_custom_1544526599335{margin-top: -30px !important;}&#8221;][\/vc_column][vc_column width=&#8221;1\/4&#8243;][vc_custom_heading text=&#8221;3&#8243; font_container=&#8221;tag:h6|font_size:40|text_align:center|color:%239ecd52&#8243; css=&#8221;.vc_custom_1544101591764{padding-bottom: 10px !important;}&#8221;][vc_custom_heading text=&#8221;.. og p\u00e5l\u00e6gger nyt ukrudtsh\u00e6mmende fugesand&#8221; font_container=&#8221;tag:h6|font_size:18|text_align:center|color:%230a0a0a&#8221; css=&#8221;.vc_custom_1544106412291{margin-top: -30px !important;}&#8221;][\/vc_column][\/vc_row][vc_row css=&#8221;.vc_custom_1544526932563{padding-top: 40px !important;padding-bottom: 40px !important;background-color: #f7f7f7 !important;}&#8221;][vc_column width=&#8221;1\/3&#8243; offset=&#8221;vc_hidden-sm vc_hidden-xs&#8221;][vc_single_image image=&#8221;75601&#8243; img_size=&#8221;full&#8221; css_animation=&#8221;left-to-right&#8221; el_class=&#8221;.colorbg&#8221;][\/vc_column][vc_column width=&#8221;2\/3&#8243;][vc_custom_heading text=&#8221;HELE DANMARK ER VORES ARBEJDSPLADS&#8221; font_container=&#8221;tag:h3|text_align:left|color:%23000000&#8243; el_class=&#8221;heading-title-2&#8243;][vc_column_text]Algerne gror over hele Danmark, og om du bor p\u00e5 Sj\u00e6lland, Fyn eller i Jylland, s\u00e5 er vi klar til at komme forbi dig, og hj\u00e6lpe dig i din kamp imod algerne.<\/p>\n<p style=\"color: #000;\"><b>Kontakt os i dag og f\u00e5 et skarpt tilbud<\/b><\/p>\n<p class=\"p1\">[su_button url=&#8221;tel:4542570999&#8243; background=&#8221;#84c758&#8243; color=&#8221;#ffffff&#8221; size=&#8221;5&#8243; icon=&#8221;icon: phone&#8221; icon_color=&#8221;#ffffff&#8221;]Ring[\/su_button] [su_button url=&#8221;mailto:info@jyskalgeservice.dk&#8221; background=&#8221;#84c758&#8243; color=&#8221;#ffffff&#8221; size=&#8221;5&#8243; icon=&#8221;icon: send-o&#8221; icon_color=&#8221;#ffffff&#8221;]Email[\/su_button]<\/p>\n<p class=\"p1\">[su_button url=&#8221;\/kontakt\/&#8221; background=&#8221;#84c758&#8243; color=&#8221;#ffffff&#8221; size=&#8221;5&#8243; icon=&#8221;icon: envelope-o&#8221; icon_color=&#8221;#ffffff&#8221;]Kontakt os[\/su_button]<\/p>\n<p>[\/vc_column_text][\/vc_column][\/vc_row]<\/p>\n","protected":false},"excerpt":{"rendered":"<p>[vc_row css=&quot;.vc_custom_1544104836470{background-image: url(https:\/\/dazzling-bhaskara.46-4-121-245.plesk.page\/wp-content\/uploads\/2018\/12\/slider2.jpg?id=75566 !important;}&quot;][vc_column][vc_custom_heading text=&quot;ALGEBEHANDLING, FLISERENS OG FACADERENS P\u00c5 SJ\u00c6LLAND&quot; font_container=&quot;tag:h2|font_size:45|text_align:center|color:%23ffffff&quot; css=&quot;.vc_custom_1544527050961{padding-top: 80px !important;padding-bottom: 80px !important;}&quot;][\/vc_column][\/vc_row][vc_row css=&quot;.vc_custom_1544100561001{padding-top: 15px !important;padding-bottom: 15px [&hellip;]<\/p>\n","protected":false},"author":1,"featured_media":0,"parent":0,"menu_order":0,"comment_status":"closed","ping_status":"closed","template":"","meta":{"site-sidebar-layout":"default","site-content-layout":"","ast-site-content-layout":"default","site-content-style":"default","site-sidebar-style":"default","ast-global-header-display":"","ast-banner-title-visibility":"","ast-main-header-display":"","ast-hfb-above-header-display":"","ast-hfb-below-header-display":"","ast-hfb-mobile-header-display":"","site-post-title":"","ast-breadcrumbs-content":"","ast-featured-img":"","footer-sml-layout":"","ast-disable-related-posts":"","theme-transparent-header-meta":"","adv-header-id-meta":"","stick-header-meta":"","header-above-stick-meta":"","header-main-stick-meta":"","header-below-stick-meta":"","astra-migrate-meta-layouts":"default","ast-page-background-enabled":"default","ast-page-background-meta":{"desktop":{"background-color":"var(--ast-global-color-5)","background-image":"","background-repeat":"repeat","background-position":"center center","background-size":"auto","background-attachment":"scroll","background-type":"","background-media":"","overlay-type":"","overlay-color":"","overlay-opacity":"","overlay-gradient":""},"tablet":{"background-color":"","background-image":"","background-repeat":"repeat","background-position":"center center","background-size":"auto","background-attachment":"scroll","background-type":"","background-media":"","overlay-type":"","overlay-color":"","overlay-opacity":"","overlay-gradient":""},"mobile":{"background-color":"","background-image":"","background-repeat":"repeat","background-position":"center center","background-size":"auto","background-attachment":"scroll","background-type":"","background-media":"","overlay-type":"","overlay-color":"","overlay-opacity":"","overlay-gradient":""}},"ast-content-background-meta":{"desktop":{"background-color":"var(--ast-global-color-4)","background-image":"","background-repeat":"repeat","background-position":"center center","background-size":"auto","background-attachment":"scroll","background-type":"","background-media":"","overlay-type":"","overlay-color":"","overlay-opacity":"","overlay-gradient":""},"tablet":{"background-color":"var(--ast-global-color-4)","background-image":"","background-repeat":"repeat","background-position":"center center","background-size":"auto","background-attachment":"scroll","background-type":"","background-media":"","overlay-type":"","overlay-color":"","overlay-opacity":"","overlay-gradient":""},"mobile":{"background-color":"var(--ast-global-color-4)","background-image":"","background-repeat":"repeat","background-position":"center center","background-size":"auto","background-attachment":"scroll","background-type":"","background-media":"","overlay-type":"","overlay-color":"","overlay-opacity":"","overlay-gradient":""}},"footnotes":""},"class_list":["post-75225","page","type-page","status-publish","hentry"],"yoast_head":"<!-- This site is optimized with the Yoast SEO plugin v26.9 - https:\/\/yoast.com\/product\/yoast-seo-wordpress\/ -->\n<title>Professionel algefjerner af fliser p\u00e5 hele Sj\u00e6lland<\/title>\n<meta name=\"description\" content=\"Vi er specialister i fliserens p\u00e5 hele Sj\u00e6lland, der giver din fliser et helt nyt liv. Kontakt os i dag p\u00e5 4257 0999 eller p\u00e5 info@jyskalgeservice.dk\" \/>\n<meta name=\"robots\" content=\"noindex, follow, max-snippet:-1, max-image-preview:large, max-video-preview:-1\" \/>\n<meta property=\"og:locale\" content=\"en_US\" \/>\n<meta property=\"og:type\" content=\"article\" \/>\n<meta property=\"og:title\" content=\"Professionel algefjerner af fliser p\u00e5 hele Sj\u00e6lland\" \/>\n<meta property=\"og:description\" content=\"Vi er specialister i fliserens p\u00e5 hele Sj\u00e6lland, der giver din fliser et helt nyt liv. Kontakt os i dag p\u00e5 4257 0999 eller p\u00e5 info@jyskalgeservice.dk\" \/>\n<meta property=\"og:url\" content=\"https:\/\/dazzling-bhaskara.46-4-121-245.plesk.page\/index.php\/sjaelland\/\" \/>\n<meta property=\"og:site_name\" content=\"Everything Inc.\" \/>\n<meta name=\"twitter:card\" content=\"summary_large_image\" \/>\n<meta name=\"twitter:label1\" content=\"Est. reading time\" \/>\n\t<meta name=\"twitter:data1\" content=\"3 minutes\" \/>\n<script type=\"application\/ld+json\" class=\"yoast-schema-graph\">{\"@context\":\"https:\/\/schema.org\",\"@graph\":[{\"@type\":\"WebPage\",\"@id\":\"https:\/\/dazzling-bhaskara.46-4-121-245.plesk.page\/index.php\/sjaelland\/\",\"url\":\"https:\/\/dazzling-bhaskara.46-4-121-245.plesk.page\/index.php\/sjaelland\/\",\"name\":\"Professionel algefjerner af fliser p\u00e5 hele Sj\u00e6lland\",\"isPartOf\":{\"@id\":\"https:\/\/dazzling-bhaskara.46-4-121-245.plesk.page\/#website\"},\"datePublished\":\"2018-01-11T11:23:23+00:00\",\"description\":\"Vi er specialister i fliserens p\u00e5 hele Sj\u00e6lland, der giver din fliser et helt nyt liv. Kontakt os i dag p\u00e5 4257 0999 eller p\u00e5 info@jyskalgeservice.dk\",\"breadcrumb\":{\"@id\":\"https:\/\/dazzling-bhaskara.46-4-121-245.plesk.page\/index.php\/sjaelland\/#breadcrumb\"},\"inLanguage\":\"en-US\",\"potentialAction\":[{\"@type\":\"ReadAction\",\"target\":[\"https:\/\/dazzling-bhaskara.46-4-121-245.plesk.page\/index.php\/sjaelland\/\"]}]},{\"@type\":\"BreadcrumbList\",\"@id\":\"https:\/\/dazzling-bhaskara.46-4-121-245.plesk.page\/index.php\/sjaelland\/#breadcrumb\",\"itemListElement\":[{\"@type\":\"ListItem\",\"position\":1,\"name\":\"Home\",\"item\":\"https:\/\/dazzling-bhaskara.46-4-121-245.plesk.page\/\"},{\"@type\":\"ListItem\",\"position\":2,\"name\":\"Sj\u00e6lland\"}]},{\"@type\":\"WebSite\",\"@id\":\"https:\/\/dazzling-bhaskara.46-4-121-245.plesk.page\/#website\",\"url\":\"https:\/\/dazzling-bhaskara.46-4-121-245.plesk.page\/\",\"name\":\"Everything Inc.\",\"description\":\"\",\"potentialAction\":[{\"@type\":\"SearchAction\",\"target\":{\"@type\":\"EntryPoint\",\"urlTemplate\":\"https:\/\/dazzling-bhaskara.46-4-121-245.plesk.page\/?s={search_term_string}\"},\"query-input\":{\"@type\":\"PropertyValueSpecification\",\"valueRequired\":true,\"valueName\":\"search_term_string\"}}],\"inLanguage\":\"en-US\"}]}<\/script>\n<!-- \/ Yoast SEO plugin. -->","yoast_head_json":{"title":"Professionel algefjerner af fliser p\u00e5 hele Sj\u00e6lland","description":"Vi er specialister i fliserens p\u00e5 hele Sj\u00e6lland, der giver din fliser et helt nyt liv. Kontakt os i dag p\u00e5 4257 0999 eller p\u00e5 info@jyskalgeservice.dk","robots":{"index":"noindex","follow":"follow","max-snippet":"max-snippet:-1","max-image-preview":"max-image-preview:large","max-video-preview":"max-video-preview:-1"},"og_locale":"en_US","og_type":"article","og_title":"Professionel algefjerner af fliser p\u00e5 hele Sj\u00e6lland","og_description":"Vi er specialister i fliserens p\u00e5 hele Sj\u00e6lland, der giver din fliser et helt nyt liv. Kontakt os i dag p\u00e5 4257 0999 eller p\u00e5 info@jyskalgeservice.dk","og_url":"https:\/\/dazzling-bhaskara.46-4-121-245.plesk.page\/index.php\/sjaelland\/","og_site_name":"Everything Inc.","twitter_card":"summary_large_image","twitter_misc":{"Est. reading time":"3 minutes"},"schema":{"@context":"https:\/\/schema.org","@graph":[{"@type":"WebPage","@id":"https:\/\/dazzling-bhaskara.46-4-121-245.plesk.page\/index.php\/sjaelland\/","url":"https:\/\/dazzling-bhaskara.46-4-121-245.plesk.page\/index.php\/sjaelland\/","name":"Professionel algefjerner af fliser p\u00e5 hele Sj\u00e6lland","isPartOf":{"@id":"https:\/\/dazzling-bhaskara.46-4-121-245.plesk.page\/#website"},"datePublished":"2018-01-11T11:23:23+00:00","description":"Vi er specialister i fliserens p\u00e5 hele Sj\u00e6lland, der giver din fliser et helt nyt liv. Kontakt os i dag p\u00e5 4257 0999 eller p\u00e5 info@jyskalgeservice.dk","breadcrumb":{"@id":"https:\/\/dazzling-bhaskara.46-4-121-245.plesk.page\/index.php\/sjaelland\/#breadcrumb"},"inLanguage":"en-US","potentialAction":[{"@type":"ReadAction","target":["https:\/\/dazzling-bhaskara.46-4-121-245.plesk.page\/index.php\/sjaelland\/"]}]},{"@type":"BreadcrumbList","@id":"https:\/\/dazzling-bhaskara.46-4-121-245.plesk.page\/index.php\/sjaelland\/#breadcrumb","itemListElement":[{"@type":"ListItem","position":1,"name":"Home","item":"https:\/\/dazzling-bhaskara.46-4-121-245.plesk.page\/"},{"@type":"ListItem","position":2,"name":"Sj\u00e6lland"}]},{"@type":"WebSite","@id":"https:\/\/dazzling-bhaskara.46-4-121-245.plesk.page\/#website","url":"https:\/\/dazzling-bhaskara.46-4-121-245.plesk.page\/","name":"Everything Inc.","description":"","potentialAction":[{"@type":"SearchAction","target":{"@type":"EntryPoint","urlTemplate":"https:\/\/dazzling-bhaskara.46-4-121-245.plesk.page\/?s={search_term_string}"},"query-input":{"@type":"PropertyValueSpecification","valueRequired":true,"valueName":"search_term_string"}}],"inLanguage":"en-US"}]}},"_links":{"self":[{"href":"https:\/\/dazzling-bhaskara.46-4-121-245.plesk.page\/index.php\/wp-json\/wp\/v2\/pages\/75225","targetHints":{"allow":["GET"]}}],"collection":[{"href":"https:\/\/dazzling-bhaskara.46-4-121-245.plesk.page\/index.php\/wp-json\/wp\/v2\/pages"}],"about":[{"href":"https:\/\/dazzling-bhaskara.46-4-121-245.plesk.page\/index.php\/wp-json\/wp\/v2\/types\/page"}],"author":[{"embeddable":true,"href":"https:\/\/dazzling-bhaskara.46-4-121-245.plesk.page\/index.php\/wp-json\/wp\/v2\/users\/1"}],"replies":[{"embeddable":true,"href":"https:\/\/dazzling-bhaskara.46-4-121-245.plesk.page\/index.php\/wp-json\/wp\/v2\/comments?post=75225"}],"version-history":[{"count":0,"href":"https:\/\/dazzling-bhaskara.46-4-121-245.plesk.page\/index.php\/wp-json\/wp\/v2\/pages\/75225\/revisions"}],"wp:attachment":[{"href":"https:\/\/dazzling-bhaskara.46-4-121-245.plesk.page\/index.php\/wp-json\/wp\/v2\/media?parent=75225"}],"curies":[{"name":"wp","href":"https:\/\/api.w.org\/{rel}","templated":true}]}}