{"id":75323,"date":"2018-02-13T09:03:51","date_gmt":"2018-02-13T09:03:51","guid":{"rendered":"https:\/\/jyskalgeservice.dk\/?page_id=75323"},"modified":"2018-02-13T09:03:51","modified_gmt":"2018-02-13T09:03:51","slug":"flisepest","status":"publish","type":"page","link":"https:\/\/dazzling-bhaskara.46-4-121-245.plesk.page\/index.php\/flisepest\/","title":{"rendered":"Flisepest"},"content":{"rendered":"<p>[vc_row type=&#8221;full_width&#8221;][vc_column offset=&#8221;vc_hidden-md vc_hidden-sm vc_hidden-xs&#8221;][layerslider_vc id=&#8221;15&#8243;][\/vc_column][vc_column offset=&#8221;vc_hidden-lg&#8221;][layerslider_vc id=&#8221;16&#8243;][\/vc_column][\/vc_row][vc_row css=&#8221;.vc_custom_1613038447024{padding-bottom: 20px !important;}&#8221;][vc_column width=&#8221;1\/2&#8243;][vc_custom_heading text=&#8221;Hvad er flisepest?&#8221; font_container=&#8221;tag:h2|text_align:left|color:%23000000&#8243; el_class=&#8221;heading-title-2&#8243; css=&#8221;.vc_custom_1614148141314{padding-top: 70px !important;}&#8221;][vc_column_text]Flisepest er en alge som vokser p\u00e5 dine fliser. Den opst\u00e5r oftest p\u00e5 nordsiden af dit hus, da flisepest har de bedste v\u00e6kstbetingelser hvor der regelm\u00e6ssigt er b\u00e5de sollys og fugt. N\u00e5r dine fliser bliver ramt, betyder det at de bliver angrebet af svampe kaldet lav. Her er det ofte n\u00f8dvendigt med <a href=\"https:\/\/dazzling-bhaskara.46-4-121-245.plesk.page\/fliserens\/\">effektiv fliserens<\/a>.<\/p>\n<h4><span style=\"color: #000000;\">Mange arter af flisepest!<\/span><\/h4>\n<p>Der findes over 900 forskellige typer af svampen lav, det betyder ogs\u00e5 at de ses i mange forskellige varianter, som antager forskellige former og farver p\u00e5 fliserne. Flisepest bliver mere og mere udbredt i takt med at m\u00e6ngden af svovl i luften reduceres.<\/p>\n<p><span style=\"color: #000000;\"><strong>Udfyld vores kontaktformular nedenunder, og f\u00e5 et uforpligtende tilbud!<\/strong><\/span>[\/vc_column_text][vc_custom_heading text=&#8221;UDFYLD VORES KONTAKTFORMULAR!&#8221; font_container=&#8221;tag:h1|text_align:left|color:%23000000&#8243; el_class=&#8221;heading-title-2&#8243; css=&#8221;.vc_custom_1613039059304{padding-top: 50px !important;}&#8221;]\n<div class=\"wpcf7 no-js\" id=\"wpcf7-f73002-o1\" lang=\"en-US\" dir=\"ltr\" data-wpcf7-id=\"73002\">\n<div class=\"screen-reader-response\"><p role=\"status\" aria-live=\"polite\" aria-atomic=\"true\"><\/p> <ul><\/ul><\/div>\n<form action=\"\/index.php\/wp-json\/wp\/v2\/pages\/75323#wpcf7-f73002-o1\" method=\"post\" class=\"wpcf7-form init\" aria-label=\"Contact form\" novalidate=\"novalidate\" data-status=\"init\">\n<fieldset class=\"hidden-fields-container\"><input type=\"hidden\" name=\"_wpcf7\" value=\"73002\" \/><input type=\"hidden\" name=\"_wpcf7_version\" value=\"6.1.4\" \/><input type=\"hidden\" name=\"_wpcf7_locale\" value=\"en_US\" \/><input type=\"hidden\" name=\"_wpcf7_unit_tag\" value=\"wpcf7-f73002-o1\" \/><input type=\"hidden\" name=\"_wpcf7_container_post\" value=\"0\" \/><input type=\"hidden\" name=\"_wpcf7_posted_data_hash\" value=\"\" \/>\n<\/fieldset>\n<p>Navn\n<\/p>\n<p><span class=\"wpcf7-form-control-wrap\" data-name=\"navn\"><input size=\"40\" maxlength=\"400\" class=\"wpcf7-form-control wpcf7-text wpcf7-validates-as-required\" aria-required=\"true\" aria-invalid=\"false\" value=\"\" type=\"text\" name=\"navn\" \/><\/span>\n<\/p>\n<p>Adresse (valgfri)\n<\/p>\n<p><span class=\"wpcf7-form-control-wrap\" data-name=\"adresse\"><input size=\"40\" maxlength=\"400\" class=\"wpcf7-form-control wpcf7-text\" aria-invalid=\"false\" value=\"\" type=\"text\" name=\"adresse\" \/><\/span>\n<\/p>\n<p>Postnummer (valgfri)\n<\/p>\n<p><span class=\"wpcf7-form-control-wrap\" data-name=\"postnummer\"><input size=\"40\" maxlength=\"400\" class=\"wpcf7-form-control wpcf7-text\" aria-invalid=\"false\" value=\"\" type=\"text\" name=\"postnummer\" \/><\/span>\n<\/p>\n<p>Telefon\n<\/p>\n<p><span class=\"wpcf7-form-control-wrap\" data-name=\"telefon\"><input size=\"40\" maxlength=\"400\" class=\"wpcf7-form-control wpcf7-tel wpcf7-validates-as-required wpcf7-text wpcf7-validates-as-tel\" aria-required=\"true\" aria-invalid=\"false\" value=\"\" type=\"tel\" name=\"telefon\" \/><\/span>\n<\/p>\n<p>E-mail\n<\/p>\n<p><span class=\"wpcf7-form-control-wrap\" data-name=\"email\"><input size=\"40\" maxlength=\"400\" class=\"wpcf7-form-control wpcf7-email wpcf7-validates-as-required wpcf7-text wpcf7-validates-as-email\" aria-required=\"true\" aria-invalid=\"false\" value=\"\" type=\"email\" name=\"email\" \/><\/span>\n<\/p>\n<p>Beskriv kort din opgave (valgfri)\n<\/p>\n<p><span class=\"wpcf7-form-control-wrap\" data-name=\"besked\"><textarea cols=\"40\" rows=\"10\" maxlength=\"2000\" class=\"wpcf7-form-control wpcf7-textarea\" aria-invalid=\"false\" placeholder=\"Ved fliserens angiv gerne antal m2, om der \u00f8nskes impr\u00e6gnering\/fugesand\" name=\"besked\"><\/textarea><\/span>\n<\/p>\n<p><span class=\"wpcf7-form-control-wrap\" data-name=\"acceptance-701\"><span class=\"wpcf7-form-control wpcf7-acceptance optional\"><span class=\"wpcf7-list-item\"><label><input type=\"checkbox\" name=\"acceptance-701\" value=\"1\" aria-invalid=\"false\" \/><span class=\"wpcf7-list-item-label\">Jeg er indforst\u00e5et med, at Jysk Algeservice m\u00e5 kontakte mig med information om services via telefon og e-mail, og at mine data behandles iht. persondatapolitikken.<\/span><\/label><\/span><\/span><\/span>\n<\/p>\n<p>[honeypot skjult-felt]\n<\/p>\n<p><input class=\"wpcf7-form-control wpcf7-submit has-spinner\" type=\"submit\" value=\"Send\" \/>\n<\/p><div class=\"wpcf7-response-output\" aria-hidden=\"true\"><\/div>\n<\/form>\n<\/div>\n[\/vc_column][vc_column width=&#8221;1\/2&#8243; css=&#8221;.vc_custom_1507210077374{padding-top: 70px !important;}&#8221;][vc_single_image image=&#8221;75352&#8243; img_size=&#8221;full&#8221;][vc_custom_heading text=&#8221;Hvordan fjernes flisepest?&#8221; font_container=&#8221;tag:h2|font_size:18|text_align:left|color:%23000000&#8243; el_class=&#8221;heading-title-2&#8243; css=&#8221;.vc_custom_1518514453762{padding-top: 40px !important;}&#8221;][vc_column_text]Vi fjerner flisepest med en maskine s\u00e6rligt konstrueret til form\u00e5let. Ved hj\u00e6lp af dyser som afgiver et bestemt tryk af vand og en b\u00f8rste fjerner, mos og snavs uden at \u00f8del\u00e6gge fliserne.<\/p>\n<p>Vi anbefaler en fliserens med s\u00e6rligt indrettet maskine (h\u00f8jtryksrenser) for p\u00e5 denne m\u00e5de at sk\u00e5ne fliserne.[\/vc_column_text][vc_custom_heading text=&#8221;Hvordan kan jeg selv fjerne flisepest?&#8221; font_container=&#8221;tag:h2|font_size:18|text_align:left|color:%23000000&#8243; el_class=&#8221;heading-title-2&#8243; css=&#8221;.vc_custom_1613039873502{padding-top: 40px !important;}&#8221;][vc_column_text]\u00d8nsker du selv at give dig i kast med fjernelse af flisepest, anbefaler vi at bruge en terrassevasker (ogs\u00e5 kaldet en patio cleaner), som du monterer p\u00e5 en h\u00f8jtryksrenser. Her bliver der nemlig vasket uden kemi, som er bedre for dine fliser og for milj\u00f8et! H\u00f8jtryksrenseren kan fjerne snavs, bel\u00e6gning og flisepest. Fliserne skal efterf\u00f8lgende skylles efter med endnu mere vand.<\/p>\n<h4><span style=\"color: #000000;\">OBS!<\/span><\/h4>\n<p>Du skal du v\u00e6re opm\u00e6rksom p\u00e5 at en h\u00f8jtryksrenser vil fjerne alt flisesandet mellem dine fliser, hvilket derfor ogs\u00e5 vil skulle udskiftes. Derudover skal du ogs\u00e5 passe p\u00e5, da du ogs\u00e5 kan risikere at \u00f8del\u00e6gge dine fliser med h\u00f8jtryksrenseren. Derfor anbefaler vi at f\u00e5 et professionelt firma til at rense dine fliser for flisepest.[\/vc_column_text][vc_custom_heading text=&quot;Hvordan ser flisepest ud?&quot; font_container=&quot;tag:h2|font_size:18|text_align:left|color:%23000000&quot; el_class=&quot;heading-title-2&quot; css=&quot;.vc_custom_1613039887638{padding-top: 40px !important;}&quot;][vc_column_text]Flisepest er et lag gr\u00e5hvide pletter, der ligger p\u00e5 dine fliser &#8211; tjek eventuelt billederne p\u00e5 siden her. Pesten sidder godt fast p\u00e5 fliserne, og kan v\u00e6re sv\u00e6re at bek\u00e6mpe, uden det rette udstyr og teknik. Der findes mange arter af flisepest, og derved kan udseendet ogs\u00e5 variere, og kan derfor ogs\u00e5 ses som gule, gr\u00f8nne og sorte pletter. Kontakt os, s\u00e5 kan vi hj\u00e6lpe![\/vc_column_text][\/vc_column][\/vc_row][vc_row background_image=&quot;https:\/\/dazzling-bhaskara.46-4-121-245.plesk.page\/wp-content\/uploads\/2018\/01\/Parallax_bg_facade.jpg%22][vc_column][vc_custom_heading text=&quot;Behandling af flisepest &#8211; priser&quot; font_container=&quot;tag:h2|font_size:18|text_align:left|color:%23ffffff&quot; el_class=&quot;heading-title-2&quot; css=&quot;.vc_custom_1528198414490{padding-top: 50px !important;}&quot;][vc_column_text css=&quot;.vc_custom_1528196391869{padding-bottom: 50px !important;}&quot;]<\/p>\n<p style=\"text-align: left; color: white;\">Vores priser p\u00e5 en flisepest rens er alt afh\u00e6ngig af, hvor mange m<sup>2<\/sup> du har. Vi kommer gerne forbi dig og laver en opm\u00e5ling af din indk\u00f8rsel, gangareal og terrasse, og udarbejder et tilbud til dig.<\/p>\n<p style=\"text-align: left; color: white;\">Benyt vores kontaktformular i bunden, og bestil et tilbud eller en opm\u00e5ling, eller l\u00e6s mere om fliserens <strong><a style=\"color: white;\" href=\"https:\/\/dazzling-bhaskara.46-4-121-245.plesk.page\/fliserens\/\">her<\/a><\/strong><\/p>\n<p>[\/vc_column_text][vc_video link=&#8221;https:\/\/www.youtube.com\/watch?v=OGKz7vDK6Qk&#8221; el_width=&#8221;70&#8243; el_aspect=&#8221;43&#8243; align=&#8221;center&#8221;][\/vc_column][\/vc_row][vc_row][vc_column][vc_separator css=&#8221;.vc_custom_1503064422310{padding-top: 50px !important;padding-bottom: 50px !important;}&#8221;][\/vc_column][\/vc_row][vc_row][vc_column width=&#8221;1\/2&#8243;][vc_single_image image=&#8221;75601&#8243; img_size=&#8221;500&#215;500&#8243;][\/vc_column][vc_column width=&#8221;1\/2&#8243;][vc_custom_heading text=&#8221;HELE DANMARK ER VORES ARBEJDSPLADS&#8221; font_container=&#8221;tag:h3|font_size:18|text_align:left|color:%23000000&#8243; el_class=&#8221;heading-title-2&#8243;][vc_column_text]Algerne gror over hele Danmark, s\u00e5 om du bor i n\u00e6rheden af <a href=\"https:\/\/dazzling-bhaskara.46-4-121-245.plesk.page\/kobenhavn\/\">K\u00f8benhavn<\/a>, <a href=\"https:\/\/dazzling-bhaskara.46-4-121-245.plesk.page\/aarhus\/\">Aarhus<\/a>, <a href=\"https:\/\/dazzling-bhaskara.46-4-121-245.plesk.page\/odense\/\">Odense<\/a>, <a href=\"https:\/\/dazzling-bhaskara.46-4-121-245.plesk.page\/aalborg\/\">Aalborg<\/a>, <a href=\"https:\/\/dazzling-bhaskara.46-4-121-245.plesk.page\/esbjerg\/\">Esbjerg<\/a>, <a href=\"https:\/\/dazzling-bhaskara.46-4-121-245.plesk.page\/randers\/\">Randers<\/a>, <a href=\"https:\/\/dazzling-bhaskara.46-4-121-245.plesk.page\/kolding\/\">Kolding<\/a>, <a href=\"https:\/\/dazzling-bhaskara.46-4-121-245.plesk.page\/horsens\/\">Horsens<\/a>, <a href=\"https:\/\/dazzling-bhaskara.46-4-121-245.plesk.page\/vejle\/\">Vejle<\/a>, <a href=\"https:\/\/dazzling-bhaskara.46-4-121-245.plesk.page\/roskilde\/\">Roskilde<\/a> eller <a href=\"https:\/\/dazzling-bhaskara.46-4-121-245.plesk.page\/herning\/\">Herning<\/a>, s\u00e5 er vi klar til at komme forbi dig, og hj\u00e6lpe dig i din kamp imod algerne.<\/p>\n<p>Ring til os p\u00e5\u00a0<a href=\"tel:+4542590029\">42 57 09 99<\/a>[\/vc_column_text][\/vc_column][\/vc_row]<\/p>\n","protected":false},"excerpt":{"rendered":"<p>[vc_row type=&#8221;full_width&#8221;][vc_column offset=&#8221;vc_hidden-md vc_hidden-sm vc_hidden-xs&#8221;][layerslider_vc id=&#8221;15&#8243;][\/vc_column][vc_column offset=&#8221;vc_hidden-lg&#8221;][layerslider_vc id=&#8221;16&#8243;][\/vc_column][\/vc_row][vc_row css=&#8221;.vc_custom_1613038447024{padding-bottom: 20px !important;}&#8221;][vc_column width=&#8221;1\/2&#8243;][vc_custom_heading text=&#8221;Hvad er flisepest?&#8221; font_container=&#8221;tag:h2|text_align:left|color:%23000000&#8243; el_class=&#8221;heading-title-2&#8243; css=&#8221;.vc_custom_1614148141314{padding-top: 70px !important;}&#8221;][vc_column_text]Flisepest [&hellip;]<\/p>\n","protected":false},"author":1,"featured_media":0,"parent":0,"menu_order":0,"comment_status":"closed","ping_status":"closed","template":"","meta":{"site-sidebar-layout":"default","site-content-layout":"","ast-site-content-layout":"default","site-content-style":"default","site-sidebar-style":"default","ast-global-header-display":"","ast-banner-title-visibility":"","ast-main-header-display":"","ast-hfb-above-header-display":"","ast-hfb-below-header-display":"","ast-hfb-mobile-header-display":"","site-post-title":"","ast-breadcrumbs-content":"","ast-featured-img":"","footer-sml-layout":"","ast-disable-related-posts":"","theme-transparent-header-meta":"","adv-header-id-meta":"","stick-header-meta":"","header-above-stick-meta":"","header-main-stick-meta":"","header-below-stick-meta":"","astra-migrate-meta-layouts":"default","ast-page-background-enabled":"default","ast-page-background-meta":{"desktop":{"background-color":"var(--ast-global-color-5)","background-image":"","background-repeat":"repeat","background-position":"center center","background-size":"auto","background-attachment":"scroll","background-type":"","background-media":"","overlay-type":"","overlay-color":"","overlay-opacity":"","overlay-gradient":""},"tablet":{"background-color":"","background-image":"","background-repeat":"repeat","background-position":"center center","background-size":"auto","background-attachment":"scroll","background-type":"","background-media":"","overlay-type":"","overlay-color":"","overlay-opacity":"","overlay-gradient":""},"mobile":{"background-color":"","background-image":"","background-repeat":"repeat","background-position":"center center","background-size":"auto","background-attachment":"scroll","background-type":"","background-media":"","overlay-type":"","overlay-color":"","overlay-opacity":"","overlay-gradient":""}},"ast-content-background-meta":{"desktop":{"background-color":"var(--ast-global-color-4)","background-image":"","background-repeat":"repeat","background-position":"center center","background-size":"auto","background-attachment":"scroll","background-type":"","background-media":"","overlay-type":"","overlay-color":"","overlay-opacity":"","overlay-gradient":""},"tablet":{"background-color":"var(--ast-global-color-4)","background-image":"","background-repeat":"repeat","background-position":"center center","background-size":"auto","background-attachment":"scroll","background-type":"","background-media":"","overlay-type":"","overlay-color":"","overlay-opacity":"","overlay-gradient":""},"mobile":{"background-color":"var(--ast-global-color-4)","background-image":"","background-repeat":"repeat","background-position":"center center","background-size":"auto","background-attachment":"scroll","background-type":"","background-media":"","overlay-type":"","overlay-color":"","overlay-opacity":"","overlay-gradient":""}},"footnotes":""},"class_list":["post-75323","page","type-page","status-publish","hentry"],"yoast_head":"<!-- This site is optimized with the Yoast SEO plugin v26.9 - https:\/\/yoast.com\/product\/yoast-seo-wordpress\/ -->\n<title>Flisepest - F\u00e5 fjernet flisepest i dag! TOPKLASSE Resultater \ud83c\udfc6<\/title>\n<meta name=\"description\" content=\"Vi kan hj\u00e6lpe dig med at f\u00e5 fjernet din flisepest! \u2714 Perfekt Resultat \u2714 Gode Priser \u2714 Landsd\u00e6kkende Service!\" \/>\n<meta name=\"robots\" content=\"noindex, follow, max-snippet:-1, max-image-preview:large, max-video-preview:-1\" \/>\n<meta property=\"og:locale\" content=\"en_US\" \/>\n<meta property=\"og:type\" content=\"article\" \/>\n<meta property=\"og:title\" content=\"Flisepest - F\u00e5 fjernet flisepest i dag! TOPKLASSE Resultater \ud83c\udfc6\" \/>\n<meta property=\"og:description\" content=\"Vi kan hj\u00e6lpe dig med at f\u00e5 fjernet din flisepest! \u2714 Perfekt Resultat \u2714 Gode Priser \u2714 Landsd\u00e6kkende Service!\" \/>\n<meta property=\"og:url\" content=\"https:\/\/dazzling-bhaskara.46-4-121-245.plesk.page\/index.php\/flisepest\/\" \/>\n<meta property=\"og:site_name\" content=\"Everything Inc.\" \/>\n<meta name=\"twitter:card\" content=\"summary_large_image\" \/>\n<meta name=\"twitter:label1\" content=\"Est. reading time\" \/>\n\t<meta name=\"twitter:data1\" content=\"3 minutes\" \/>\n<script type=\"application\/ld+json\" class=\"yoast-schema-graph\">{\"@context\":\"https:\/\/schema.org\",\"@graph\":[{\"@type\":\"WebPage\",\"@id\":\"https:\/\/dazzling-bhaskara.46-4-121-245.plesk.page\/index.php\/flisepest\/\",\"url\":\"https:\/\/dazzling-bhaskara.46-4-121-245.plesk.page\/index.php\/flisepest\/\",\"name\":\"Flisepest - F\u00e5 fjernet flisepest i dag! TOPKLASSE Resultater \ud83c\udfc6\",\"isPartOf\":{\"@id\":\"https:\/\/dazzling-bhaskara.46-4-121-245.plesk.page\/#website\"},\"datePublished\":\"2018-02-13T09:03:51+00:00\",\"description\":\"Vi kan hj\u00e6lpe dig med at f\u00e5 fjernet din flisepest! \u2714 Perfekt Resultat \u2714 Gode Priser \u2714 Landsd\u00e6kkende Service!\",\"breadcrumb\":{\"@id\":\"https:\/\/dazzling-bhaskara.46-4-121-245.plesk.page\/index.php\/flisepest\/#breadcrumb\"},\"inLanguage\":\"en-US\",\"potentialAction\":[{\"@type\":\"ReadAction\",\"target\":[\"https:\/\/dazzling-bhaskara.46-4-121-245.plesk.page\/index.php\/flisepest\/\"]}]},{\"@type\":\"BreadcrumbList\",\"@id\":\"https:\/\/dazzling-bhaskara.46-4-121-245.plesk.page\/index.php\/flisepest\/#breadcrumb\",\"itemListElement\":[{\"@type\":\"ListItem\",\"position\":1,\"name\":\"Home\",\"item\":\"https:\/\/dazzling-bhaskara.46-4-121-245.plesk.page\/\"},{\"@type\":\"ListItem\",\"position\":2,\"name\":\"Flisepest\"}]},{\"@type\":\"WebSite\",\"@id\":\"https:\/\/dazzling-bhaskara.46-4-121-245.plesk.page\/#website\",\"url\":\"https:\/\/dazzling-bhaskara.46-4-121-245.plesk.page\/\",\"name\":\"Everything Inc.\",\"description\":\"\",\"potentialAction\":[{\"@type\":\"SearchAction\",\"target\":{\"@type\":\"EntryPoint\",\"urlTemplate\":\"https:\/\/dazzling-bhaskara.46-4-121-245.plesk.page\/?s={search_term_string}\"},\"query-input\":{\"@type\":\"PropertyValueSpecification\",\"valueRequired\":true,\"valueName\":\"search_term_string\"}}],\"inLanguage\":\"en-US\"}]}<\/script>\n<!-- \/ Yoast SEO plugin. -->","yoast_head_json":{"title":"Flisepest - F\u00e5 fjernet flisepest i dag! TOPKLASSE Resultater \ud83c\udfc6","description":"Vi kan hj\u00e6lpe dig med at f\u00e5 fjernet din flisepest! \u2714 Perfekt Resultat \u2714 Gode Priser \u2714 Landsd\u00e6kkende Service!","robots":{"index":"noindex","follow":"follow","max-snippet":"max-snippet:-1","max-image-preview":"max-image-preview:large","max-video-preview":"max-video-preview:-1"},"og_locale":"en_US","og_type":"article","og_title":"Flisepest - F\u00e5 fjernet flisepest i dag! TOPKLASSE Resultater \ud83c\udfc6","og_description":"Vi kan hj\u00e6lpe dig med at f\u00e5 fjernet din flisepest! \u2714 Perfekt Resultat \u2714 Gode Priser \u2714 Landsd\u00e6kkende Service!","og_url":"https:\/\/dazzling-bhaskara.46-4-121-245.plesk.page\/index.php\/flisepest\/","og_site_name":"Everything Inc.","twitter_card":"summary_large_image","twitter_misc":{"Est. reading time":"3 minutes"},"schema":{"@context":"https:\/\/schema.org","@graph":[{"@type":"WebPage","@id":"https:\/\/dazzling-bhaskara.46-4-121-245.plesk.page\/index.php\/flisepest\/","url":"https:\/\/dazzling-bhaskara.46-4-121-245.plesk.page\/index.php\/flisepest\/","name":"Flisepest - F\u00e5 fjernet flisepest i dag! TOPKLASSE Resultater \ud83c\udfc6","isPartOf":{"@id":"https:\/\/dazzling-bhaskara.46-4-121-245.plesk.page\/#website"},"datePublished":"2018-02-13T09:03:51+00:00","description":"Vi kan hj\u00e6lpe dig med at f\u00e5 fjernet din flisepest! \u2714 Perfekt Resultat \u2714 Gode Priser \u2714 Landsd\u00e6kkende Service!","breadcrumb":{"@id":"https:\/\/dazzling-bhaskara.46-4-121-245.plesk.page\/index.php\/flisepest\/#breadcrumb"},"inLanguage":"en-US","potentialAction":[{"@type":"ReadAction","target":["https:\/\/dazzling-bhaskara.46-4-121-245.plesk.page\/index.php\/flisepest\/"]}]},{"@type":"BreadcrumbList","@id":"https:\/\/dazzling-bhaskara.46-4-121-245.plesk.page\/index.php\/flisepest\/#breadcrumb","itemListElement":[{"@type":"ListItem","position":1,"name":"Home","item":"https:\/\/dazzling-bhaskara.46-4-121-245.plesk.page\/"},{"@type":"ListItem","position":2,"name":"Flisepest"}]},{"@type":"WebSite","@id":"https:\/\/dazzling-bhaskara.46-4-121-245.plesk.page\/#website","url":"https:\/\/dazzling-bhaskara.46-4-121-245.plesk.page\/","name":"Everything Inc.","description":"","potentialAction":[{"@type":"SearchAction","target":{"@type":"EntryPoint","urlTemplate":"https:\/\/dazzling-bhaskara.46-4-121-245.plesk.page\/?s={search_term_string}"},"query-input":{"@type":"PropertyValueSpecification","valueRequired":true,"valueName":"search_term_string"}}],"inLanguage":"en-US"}]}},"_links":{"self":[{"href":"https:\/\/dazzling-bhaskara.46-4-121-245.plesk.page\/index.php\/wp-json\/wp\/v2\/pages\/75323","targetHints":{"allow":["GET"]}}],"collection":[{"href":"https:\/\/dazzling-bhaskara.46-4-121-245.plesk.page\/index.php\/wp-json\/wp\/v2\/pages"}],"about":[{"href":"https:\/\/dazzling-bhaskara.46-4-121-245.plesk.page\/index.php\/wp-json\/wp\/v2\/types\/page"}],"author":[{"embeddable":true,"href":"https:\/\/dazzling-bhaskara.46-4-121-245.plesk.page\/index.php\/wp-json\/wp\/v2\/users\/1"}],"replies":[{"embeddable":true,"href":"https:\/\/dazzling-bhaskara.46-4-121-245.plesk.page\/index.php\/wp-json\/wp\/v2\/comments?post=75323"}],"version-history":[{"count":0,"href":"https:\/\/dazzling-bhaskara.46-4-121-245.plesk.page\/index.php\/wp-json\/wp\/v2\/pages\/75323\/revisions"}],"wp:attachment":[{"href":"https:\/\/dazzling-bhaskara.46-4-121-245.plesk.page\/index.php\/wp-json\/wp\/v2\/media?parent=75323"}],"curies":[{"name":"wp","href":"https:\/\/api.w.org\/{rel}","templated":true}]}}