{"id":75389,"date":"2024-03-01T13:45:58","date_gmt":"2024-03-01T13:45:58","guid":{"rendered":"https:\/\/jyskalgeservice.dk\/?page_id=75389"},"modified":"2024-03-01T13:45:58","modified_gmt":"2024-03-01T13:45:58","slug":"silkeborg","status":"publish","type":"page","link":"https:\/\/dazzling-bhaskara.46-4-121-245.plesk.page\/index.php\/silkeborg\/","title":{"rendered":"Silkeborg"},"content":{"rendered":"<p>[vc_row][vc_column width=&#8221;1\/2&#8243; css=&#8221;.vc_custom_1544545383891{margin-top: 40px !important;}&#8221;][vc_custom_heading text=&#8221;Fliserens i Silkeborg &#8211; Tr\u00e6nger dine fliser ogs\u00e5?&#8221; font_container=&#8221;tag:h1|text_align:left|color:%23000000&#8243; el_class=&#8221;heading-title-2&#8243;][vc_column_text]Vi hj\u00e6lper b\u00e5de private og erhvervskunder med fliserens i Silkeborg og omegn. Vi har v\u00e6ret hos Silkeborg Gymnasium, et af landets st\u00f8rste fagforbund, FOA samt en r\u00e6kke private virksomheder som Guden\u00e5ens Camping, S\u00f8holt Transport, Signesminde Kro og Restaurant Hjejlen. Herudover har vi naturligvis ogs\u00e5 en r\u00e6kke private kunder hvor vi har lavet algebehandling, fliserens samt andre opgaver.<\/p>\n<p>N\u00e5r du har f\u00e5et foretaget fliserens, s\u00e5 anbefaler vi altid efterbehandling af fliserne i form af impr\u00e6gnering. Grunden til at man skal impr\u00e6gnere sine fliser er, at de efter en rensning er s\u00e5rbare og modtagelige for vind og vejr. Alger vil s\u00e6tte sig hurtigt igen, sl\u00e5 r\u00f8dder og med tiden f\u00e5 fliser og sten til at krakelere, hvis ikke det bliver vedligeholdt. N\u00e5r man impr\u00e6gnerer og efterf\u00f8lgende f\u00e5r foretaget en algebehandling hvert \u00e5r, s\u00e5 vil man altid have flotte og sunde fliser. Impr\u00e6gnering er en beskyttelse, som man l\u00e6gger p\u00e5 sine fliser. Vores impr\u00e6gnering er n\u00f8je udvalgt, og vi giver 10 \u00e5rs garanti p\u00e5 den.<\/p>\n<p>Du\u00a0 kan til enhver tid kontakte os og f\u00e5 et uforpligtende tilbud p\u00e5 <a href=\"https:\/\/dazzling-bhaskara.46-4-121-245.plesk.page\/fliserens\/\">rensning af fliser<\/a> til fast lav pris. Vi fjerner alt flisepest og alger som gror p\u00e5 dine fliser. Det g\u00f8r vi med markedets bedste og mest professionelle udstyr, som ovenik\u00f8bet er sk\u00e5nsomt for milj\u00f8et.[\/vc_column_text][\/vc_column][vc_column width=&#8221;1\/2&#8243; css=&#8221;.vc_custom_1544545397269{margin-top: 40px !important;}&#8221;][vc_single_image image=&#8221;79338&#8243; img_size=&#8221;large&#8221;][\/vc_column][\/vc_row][vc_row css=&#8221;.vc_custom_1544103328696{margin-top: 40px !important;padding-top: 15px !important;padding-bottom: 15px !important;background-color: #f7f7f7 !important;}&#8221;][vc_column width=&#8221;1\/4&#8243;][vc_custom_heading text=&#8221;S\u00c5DAN G\u00d8R VI&#8221; font_container=&#8221;tag:h6|font_size:30|text_align:center|color:%23000000&#8243; el_class=&#8221;heading-title-2&#8243; css=&#8221;.vc_custom_1544104102947{margin-top: 15px !important;margin-bottom: 15px !important;}&#8221;][vc_custom_heading text=&#8221;RENSNING AF FLISER&#8221; font_container=&#8221;tag:h2|font_size:20|text_align:left|color:%23c7c7c7&#8243;][\/vc_column][vc_column width=&#8221;1\/4&#8243;][vc_custom_heading text=&#8221;1&#8243; font_container=&#8221;tag:h6|font_size:40|text_align:center|color:%239ecd52&#8243; css=&#8221;.vc_custom_1544101551605{padding-bottom: 10px !important;}&#8221;][vc_custom_heading text=&#8221;Vi fjerner flisepest, alger, mos, skidt, snavs og ukrudt i fugerne..&#8221; font_container=&#8221;tag:h6|font_size:18|text_align:center|color:%23000000&#8243; css=&#8221;.vc_custom_1544526567404{margin-top: -30px !important;}&#8221;][\/vc_column][vc_column width=&#8221;1\/4&#8243;][vc_custom_heading text=&#8221;2&#8243; font_container=&#8221;tag:h6|font_size:40|text_align:center|color:%239ecd52&#8243; css=&#8221;.vc_custom_1544101580882{padding-bottom: 10px !important;}&#8221;][vc_custom_heading text=&#8221;.. l\u00e6gger ny impr\u00e6gnering p\u00e5 fliserne, som sikre dine fliser en l\u00e6ngere levetid..&#8221; font_container=&#8221;tag:h6|font_size:18|text_align:center|color:%23000000&#8243; css=&#8221;.vc_custom_1544526599335{margin-top: -30px !important;}&#8221;][\/vc_column][vc_column width=&#8221;1\/4&#8243;][vc_custom_heading text=&#8221;3&#8243; font_container=&#8221;tag:h6|font_size:40|text_align:center|color:%239ecd52&#8243; css=&#8221;.vc_custom_1544101591764{padding-bottom: 10px !important;}&#8221;][vc_custom_heading text=&#8221;.. og p\u00e5l\u00e6gger nyt ukrudtsh\u00e6mmende fugesand&#8221; font_container=&#8221;tag:h6|font_size:18|text_align:center|color:%230a0a0a&#8221; css=&#8221;.vc_custom_1544106412291{margin-top: -30px !important;}&#8221;][\/vc_column][\/vc_row][vc_row][vc_column width=&#8221;1\/2&#8243; css=&#8221;.vc_custom_1544545383891{margin-top: 40px !important;}&#8221;][vc_single_image image=&#8221;75394&#8243; img_size=&#8221;full&#8221;][\/vc_column][vc_column width=&#8221;1\/2&#8243; css=&#8221;.vc_custom_1544545397269{margin-top: 40px !important;}&#8221;][vc_custom_heading text=&#8221;Effektiv ALGEBEHANDLING af fliser, tag og facade i SILKEBORG&#8221; font_container=&#8221;tag:h2|font_size:18|text_align:left|color:%23000000&#8243; el_class=&#8221;heading-title-2&#8243;][vc_column_text]Med 2 afdelinger t\u00e6t p\u00e5 kommer vi ofte og foretager alle former for algebehandlinger i Silkeborg og omegn. Ingen opgave er for stor eller lille til os. Og vi hj\u00e6lper dig gerne med b\u00e5de fliserens, tagrens og facaderens i Silkeborg. Vi s\u00e6tter en stor \u00e6re i, at levere et professionelt stykke arbejde med et k\u00e6mpe smil og et smittende hum\u00f8r.<\/p>\n<p>Hvis du vil have et godt r\u00e5d eller et tilbud, s\u00e5 ikke hold dig tilbage. Vi er altid klar til at tage en snak i telefonen, besvare e-mail eller hvis du har lyst, s\u00e5 kommer vi og bes\u00f8ger p\u00e5 adressen for at kunne give den optimale vejledning. Kontakt information findes under fanen \u201dkontakt\u201d eller ved at udfylde en kontaktformular i bunden af de forskellige sider.<\/p>\n<p class=\"ql-align-center\">Vi ser frem til at hj\u00e6lpe dig med algebehandling i Silkeborg og omegn.<\/p>\n<p>[\/vc_column_text][\/vc_column][\/vc_row][vc_row css=&#8221;.vc_custom_1544103126775{margin-top: 40px !important;padding-top: 40px !important;padding-bottom: 40px !important;background-color: #f7f7f7 !important;}&#8221;][vc_column width=&#8221;1\/3&#8243; offset=&#8221;vc_hidden-sm vc_hidden-xs&#8221;][vc_single_image image=&#8221;75601&#8243; img_size=&#8221;full&#8221; css_animation=&#8221;left-to-right&#8221; el_class=&#8221;.colorbg&#8221;][\/vc_column][vc_column width=&#8221;2\/3&#8243;][vc_custom_heading text=&#8221;HELE DANMARK ER VORES ARBEJDSPLADS&#8221; font_container=&#8221;tag:h3|text_align:left|color:%23000000&#8243; el_class=&#8221;heading-title-2&#8243;][vc_column_text]Algerne gror over hele Danmark, og om du bor p\u00e5 Sj\u00e6lland, Fyn eller i Jylland, s\u00e5 er vi klar til at komme forbi dig, og hj\u00e6lpe dig i din kamp imod algerne.<\/p>\n<p style=\"color: #000;\"><b>Kontakt os i dag og f\u00e5 et skarpt tilbud<\/b><\/p>\n<p class=\"p1\">[su_button url=&#8221;tel:4542570999&#8243; background=&#8221;#84c758&#8243; color=&#8221;#ffffff&#8221; size=&#8221;5&#8243; icon=&#8221;icon: phone&#8221; icon_color=&#8221;#ffffff&#8221;]Ring[\/su_button] [su_button url=&#8221;mailto:info@jyskalgeservice.dk&#8221; background=&#8221;#84c758&#8243; color=&#8221;#ffffff&#8221; size=&#8221;5&#8243; icon=&#8221;icon: send-o&#8221; icon_color=&#8221;#ffffff&#8221;]Email[\/su_button]<\/p>\n<p class=\"p1\">[su_button url=&#8221;\/kontakt\/&#8221; background=&#8221;#84c758&#8243; color=&#8221;#ffffff&#8221; size=&#8221;5&#8243; icon=&#8221;icon: envelope-o&#8221; icon_color=&#8221;#ffffff&#8221;]Kontakt os[\/su_button]<\/p>\n<p>[\/vc_column_text][\/vc_column][\/vc_row]<\/p>\n","protected":false},"excerpt":{"rendered":"<p>[vc_row][vc_column width=&#8221;1\/2&#8243; css=&#8221;.vc_custom_1544545383891{margin-top: 40px !important;}&#8221;][vc_custom_heading text=&#8221;Fliserens i Silkeborg &#8211; Tr\u00e6nger dine fliser ogs\u00e5?&#8221; font_container=&#8221;tag:h1|text_align:left|color:%23000000&#8243; el_class=&#8221;heading-title-2&#8243;][vc_column_text]Vi hj\u00e6lper b\u00e5de private og erhvervskunder [&hellip;]<\/p>\n","protected":false},"author":1,"featured_media":0,"parent":0,"menu_order":0,"comment_status":"closed","ping_status":"closed","template":"","meta":{"site-sidebar-layout":"default","site-content-layout":"","ast-site-content-layout":"default","site-content-style":"default","site-sidebar-style":"default","ast-global-header-display":"","ast-banner-title-visibility":"","ast-main-header-display":"","ast-hfb-above-header-display":"","ast-hfb-below-header-display":"","ast-hfb-mobile-header-display":"","site-post-title":"","ast-breadcrumbs-content":"","ast-featured-img":"","footer-sml-layout":"","ast-disable-related-posts":"","theme-transparent-header-meta":"","adv-header-id-meta":"","stick-header-meta":"","header-above-stick-meta":"","header-main-stick-meta":"","header-below-stick-meta":"","astra-migrate-meta-layouts":"default","ast-page-background-enabled":"default","ast-page-background-meta":{"desktop":{"background-color":"var(--ast-global-color-5)","background-image":"","background-repeat":"repeat","background-position":"center center","background-size":"auto","background-attachment":"scroll","background-type":"","background-media":"","overlay-type":"","overlay-color":"","overlay-opacity":"","overlay-gradient":""},"tablet":{"background-color":"","background-image":"","background-repeat":"repeat","background-position":"center center","background-size":"auto","background-attachment":"scroll","background-type":"","background-media":"","overlay-type":"","overlay-color":"","overlay-opacity":"","overlay-gradient":""},"mobile":{"background-color":"","background-image":"","background-repeat":"repeat","background-position":"center center","background-size":"auto","background-attachment":"scroll","background-type":"","background-media":"","overlay-type":"","overlay-color":"","overlay-opacity":"","overlay-gradient":""}},"ast-content-background-meta":{"desktop":{"background-color":"var(--ast-global-color-4)","background-image":"","background-repeat":"repeat","background-position":"center center","background-size":"auto","background-attachment":"scroll","background-type":"","background-media":"","overlay-type":"","overlay-color":"","overlay-opacity":"","overlay-gradient":""},"tablet":{"background-color":"var(--ast-global-color-4)","background-image":"","background-repeat":"repeat","background-position":"center center","background-size":"auto","background-attachment":"scroll","background-type":"","background-media":"","overlay-type":"","overlay-color":"","overlay-opacity":"","overlay-gradient":""},"mobile":{"background-color":"var(--ast-global-color-4)","background-image":"","background-repeat":"repeat","background-position":"center center","background-size":"auto","background-attachment":"scroll","background-type":"","background-media":"","overlay-type":"","overlay-color":"","overlay-opacity":"","overlay-gradient":""}},"footnotes":""},"class_list":["post-75389","page","type-page","status-publish","hentry"],"yoast_head":"<!-- This site is optimized with the Yoast SEO plugin v26.9 - https:\/\/yoast.com\/product\/yoast-seo-wordpress\/ -->\n<title>Fliserens i Silkeborg - billigste fliserens | Rens af fliser fra kun 29 kr<\/title>\n<meta name=\"description\" content=\"- Professionelt \u2713 Sk\u00e5nsomt \u2713 Effektiv \u2713 Altid lav pris p\u00e5 fliserens i Silkeborg - fliserens - facaderens - tagrens.\" \/>\n<meta name=\"robots\" content=\"noindex, follow, max-snippet:-1, max-image-preview:large, max-video-preview:-1\" \/>\n<meta property=\"og:locale\" content=\"en_US\" \/>\n<meta property=\"og:type\" content=\"article\" \/>\n<meta property=\"og:title\" content=\"Fliserens i Silkeborg - billigste fliserens | Rens af fliser fra kun 29 kr\" \/>\n<meta property=\"og:description\" content=\"- Professionelt \u2713 Sk\u00e5nsomt \u2713 Effektiv \u2713 Altid lav pris p\u00e5 fliserens i Silkeborg - fliserens - facaderens - tagrens.\" \/>\n<meta property=\"og:url\" content=\"https:\/\/dazzling-bhaskara.46-4-121-245.plesk.page\/index.php\/silkeborg\/\" \/>\n<meta property=\"og:site_name\" content=\"Everything Inc.\" \/>\n<meta name=\"twitter:card\" content=\"summary_large_image\" \/>\n<meta name=\"twitter:label1\" content=\"Est. reading time\" \/>\n\t<meta name=\"twitter:data1\" content=\"4 minutes\" \/>\n<script type=\"application\/ld+json\" class=\"yoast-schema-graph\">{\"@context\":\"https:\/\/schema.org\",\"@graph\":[{\"@type\":\"WebPage\",\"@id\":\"https:\/\/dazzling-bhaskara.46-4-121-245.plesk.page\/index.php\/silkeborg\/\",\"url\":\"https:\/\/dazzling-bhaskara.46-4-121-245.plesk.page\/index.php\/silkeborg\/\",\"name\":\"Fliserens i Silkeborg - billigste fliserens | Rens af fliser fra kun 29 kr\",\"isPartOf\":{\"@id\":\"https:\/\/dazzling-bhaskara.46-4-121-245.plesk.page\/#website\"},\"datePublished\":\"2024-03-01T13:45:58+00:00\",\"description\":\"- Professionelt \u2713 Sk\u00e5nsomt \u2713 Effektiv \u2713 Altid lav pris p\u00e5 fliserens i Silkeborg - fliserens - facaderens - tagrens.\",\"breadcrumb\":{\"@id\":\"https:\/\/dazzling-bhaskara.46-4-121-245.plesk.page\/index.php\/silkeborg\/#breadcrumb\"},\"inLanguage\":\"en-US\",\"potentialAction\":[{\"@type\":\"ReadAction\",\"target\":[\"https:\/\/dazzling-bhaskara.46-4-121-245.plesk.page\/index.php\/silkeborg\/\"]}]},{\"@type\":\"BreadcrumbList\",\"@id\":\"https:\/\/dazzling-bhaskara.46-4-121-245.plesk.page\/index.php\/silkeborg\/#breadcrumb\",\"itemListElement\":[{\"@type\":\"ListItem\",\"position\":1,\"name\":\"Home\",\"item\":\"https:\/\/dazzling-bhaskara.46-4-121-245.plesk.page\/\"},{\"@type\":\"ListItem\",\"position\":2,\"name\":\"Silkeborg\"}]},{\"@type\":\"WebSite\",\"@id\":\"https:\/\/dazzling-bhaskara.46-4-121-245.plesk.page\/#website\",\"url\":\"https:\/\/dazzling-bhaskara.46-4-121-245.plesk.page\/\",\"name\":\"Everything Inc.\",\"description\":\"\",\"potentialAction\":[{\"@type\":\"SearchAction\",\"target\":{\"@type\":\"EntryPoint\",\"urlTemplate\":\"https:\/\/dazzling-bhaskara.46-4-121-245.plesk.page\/?s={search_term_string}\"},\"query-input\":{\"@type\":\"PropertyValueSpecification\",\"valueRequired\":true,\"valueName\":\"search_term_string\"}}],\"inLanguage\":\"en-US\"}]}<\/script>\n<!-- \/ Yoast SEO plugin. -->","yoast_head_json":{"title":"Fliserens i Silkeborg - billigste fliserens | Rens af fliser fra kun 29 kr","description":"- Professionelt \u2713 Sk\u00e5nsomt \u2713 Effektiv \u2713 Altid lav pris p\u00e5 fliserens i Silkeborg - fliserens - facaderens - tagrens.","robots":{"index":"noindex","follow":"follow","max-snippet":"max-snippet:-1","max-image-preview":"max-image-preview:large","max-video-preview":"max-video-preview:-1"},"og_locale":"en_US","og_type":"article","og_title":"Fliserens i Silkeborg - billigste fliserens | Rens af fliser fra kun 29 kr","og_description":"- Professionelt \u2713 Sk\u00e5nsomt \u2713 Effektiv \u2713 Altid lav pris p\u00e5 fliserens i Silkeborg - fliserens - facaderens - tagrens.","og_url":"https:\/\/dazzling-bhaskara.46-4-121-245.plesk.page\/index.php\/silkeborg\/","og_site_name":"Everything Inc.","twitter_card":"summary_large_image","twitter_misc":{"Est. reading time":"4 minutes"},"schema":{"@context":"https:\/\/schema.org","@graph":[{"@type":"WebPage","@id":"https:\/\/dazzling-bhaskara.46-4-121-245.plesk.page\/index.php\/silkeborg\/","url":"https:\/\/dazzling-bhaskara.46-4-121-245.plesk.page\/index.php\/silkeborg\/","name":"Fliserens i Silkeborg - billigste fliserens | Rens af fliser fra kun 29 kr","isPartOf":{"@id":"https:\/\/dazzling-bhaskara.46-4-121-245.plesk.page\/#website"},"datePublished":"2024-03-01T13:45:58+00:00","description":"- Professionelt \u2713 Sk\u00e5nsomt \u2713 Effektiv \u2713 Altid lav pris p\u00e5 fliserens i Silkeborg - fliserens - facaderens - tagrens.","breadcrumb":{"@id":"https:\/\/dazzling-bhaskara.46-4-121-245.plesk.page\/index.php\/silkeborg\/#breadcrumb"},"inLanguage":"en-US","potentialAction":[{"@type":"ReadAction","target":["https:\/\/dazzling-bhaskara.46-4-121-245.plesk.page\/index.php\/silkeborg\/"]}]},{"@type":"BreadcrumbList","@id":"https:\/\/dazzling-bhaskara.46-4-121-245.plesk.page\/index.php\/silkeborg\/#breadcrumb","itemListElement":[{"@type":"ListItem","position":1,"name":"Home","item":"https:\/\/dazzling-bhaskara.46-4-121-245.plesk.page\/"},{"@type":"ListItem","position":2,"name":"Silkeborg"}]},{"@type":"WebSite","@id":"https:\/\/dazzling-bhaskara.46-4-121-245.plesk.page\/#website","url":"https:\/\/dazzling-bhaskara.46-4-121-245.plesk.page\/","name":"Everything Inc.","description":"","potentialAction":[{"@type":"SearchAction","target":{"@type":"EntryPoint","urlTemplate":"https:\/\/dazzling-bhaskara.46-4-121-245.plesk.page\/?s={search_term_string}"},"query-input":{"@type":"PropertyValueSpecification","valueRequired":true,"valueName":"search_term_string"}}],"inLanguage":"en-US"}]}},"_links":{"self":[{"href":"https:\/\/dazzling-bhaskara.46-4-121-245.plesk.page\/index.php\/wp-json\/wp\/v2\/pages\/75389","targetHints":{"allow":["GET"]}}],"collection":[{"href":"https:\/\/dazzling-bhaskara.46-4-121-245.plesk.page\/index.php\/wp-json\/wp\/v2\/pages"}],"about":[{"href":"https:\/\/dazzling-bhaskara.46-4-121-245.plesk.page\/index.php\/wp-json\/wp\/v2\/types\/page"}],"author":[{"embeddable":true,"href":"https:\/\/dazzling-bhaskara.46-4-121-245.plesk.page\/index.php\/wp-json\/wp\/v2\/users\/1"}],"replies":[{"embeddable":true,"href":"https:\/\/dazzling-bhaskara.46-4-121-245.plesk.page\/index.php\/wp-json\/wp\/v2\/comments?post=75389"}],"version-history":[{"count":0,"href":"https:\/\/dazzling-bhaskara.46-4-121-245.plesk.page\/index.php\/wp-json\/wp\/v2\/pages\/75389\/revisions"}],"wp:attachment":[{"href":"https:\/\/dazzling-bhaskara.46-4-121-245.plesk.page\/index.php\/wp-json\/wp\/v2\/media?parent=75389"}],"curies":[{"name":"wp","href":"https:\/\/api.w.org\/{rel}","templated":true}]}}