{"id":75396,"date":"2018-03-01T15:12:35","date_gmt":"2018-03-01T15:12:35","guid":{"rendered":"https:\/\/jyskalgeservice.dk\/?page_id=75396"},"modified":"2018-03-01T15:12:35","modified_gmt":"2018-03-01T15:12:35","slug":"viborg","status":"publish","type":"page","link":"https:\/\/dazzling-bhaskara.46-4-121-245.plesk.page\/index.php\/viborg\/","title":{"rendered":"Viborg"},"content":{"rendered":"<p>[vc_row][vc_column width=&#8221;1\/2&#8243; css=&#8221;.vc_custom_1544545875533{margin-top: 40px !important;}&#8221;][vc_custom_heading text=&#8221;Jysk Algeservice renser fliser i Viborg&#8221; font_container=&#8221;tag:h1|text_align:left|color:%23000000&#8243; el_class=&#8221;heading-title-2&#8243;][vc_column_text]Vi tilbyder effektiv fliserens i Viborg og omegn til faste lave priser. Vi har klart flest private kunder i Viborg, men har ogs\u00e5 nogle f\u00e5 virksomheder i kundekartoteket. Vi har fx. udf\u00f8rt opgaver for Skalflex A\/S, Jysk Display A\/S, Hedeselskabet A\/S samt Bjergsn\u00e6s Efterskole. Jysk Algeservice d\u00e6kker hele Jylland og er ofte i Viborg og kommer ogs\u00e5 gerne ud til dig uden ekstra k\u00f8rselstill\u00e6g da byen ligger p\u00e5 vores naturlige rute hvor vi alts\u00e5 ofte udf\u00f8rer opgaver, b\u00e5de i Viborg men ogs\u00e5 omkringliggende byer som Bjerringbro, Stoholm og Karup.<\/p>\n<p>I forhold til algev\u00e6kst er Viborg ikke et af de v\u00e6rst ramte omr\u00e5der i landet. Viborg Kommune h\u00f8rer til blandt de mest solfattige i landet hvilket i et vist omfang fungerer h\u00e6mmende for algeproduktionen. Omvendt ligger kommunen over landsgennemsnittet hvad ang\u00e5r nedb\u00f8r hvilket har en fremmende effekt p\u00e5 alger. Overordnet set ligger Viborg alts\u00e5 nogenlunde gennemsnitligt hvad ang\u00e5r alger p\u00e5 fliser, tag, terrasse m.v.[\/vc_column_text][\/vc_column][vc_column width=&#8221;1\/2&#8243; css=&#8221;.vc_custom_1544545882755{margin-top: 40px !important;}&#8221;][vc_single_image image=&#8221;75256&#8243; img_size=&#8221;full&#8221;][\/vc_column][\/vc_row][vc_row css=&#8221;.vc_custom_1544103328696{margin-top: 40px !important;padding-top: 15px !important;padding-bottom: 15px !important;background-color: #f7f7f7 !important;}&#8221;][vc_column width=&#8221;1\/4&#8243;][vc_custom_heading text=&#8221;S\u00c5DAN G\u00d8R VI&#8221; font_container=&#8221;tag:h6|font_size:30|text_align:center|color:%23000000&#8243; el_class=&#8221;heading-title-2&#8243; css=&#8221;.vc_custom_1544104102947{margin-top: 15px !important;margin-bottom: 15px !important;}&#8221;][vc_custom_heading text=&#8221;RENSNING AF FLISER&#8221; font_container=&#8221;tag:h2|font_size:20|text_align:left|color:%23c7c7c7&#8243;][\/vc_column][vc_column width=&#8221;1\/4&#8243;][vc_custom_heading text=&#8221;1&#8243; font_container=&#8221;tag:h6|font_size:40|text_align:center|color:%239ecd52&#8243; css=&#8221;.vc_custom_1544101551605{padding-bottom: 10px !important;}&#8221;][vc_custom_heading text=&#8221;Vi fjerner flisepest, alger, mos, skidt, snavs og ukrudt i fugerne..&#8221; font_container=&#8221;tag:h6|font_size:18|text_align:center|color:%23000000&#8243; css=&#8221;.vc_custom_1544526567404{margin-top: -30px !important;}&#8221;][\/vc_column][vc_column width=&#8221;1\/4&#8243;][vc_custom_heading text=&#8221;2&#8243; font_container=&#8221;tag:h6|font_size:40|text_align:center|color:%239ecd52&#8243; css=&#8221;.vc_custom_1544101580882{padding-bottom: 10px !important;}&#8221;][vc_custom_heading text=&#8221;.. l\u00e6gger ny impr\u00e6gnering p\u00e5 fliserne, som sikre dine fliser en l\u00e6ngere levetid..&#8221; font_container=&#8221;tag:h6|font_size:18|text_align:center|color:%23000000&#8243; css=&#8221;.vc_custom_1544526599335{margin-top: -30px !important;}&#8221;][\/vc_column][vc_column width=&#8221;1\/4&#8243;][vc_custom_heading text=&#8221;3&#8243; font_container=&#8221;tag:h6|font_size:40|text_align:center|color:%239ecd52&#8243; css=&#8221;.vc_custom_1544101591764{padding-bottom: 10px !important;}&#8221;][vc_custom_heading text=&#8221;.. og p\u00e5l\u00e6gger nyt ukrudtsh\u00e6mmende fugesand&#8221; font_container=&#8221;tag:h6|font_size:18|text_align:center|color:%230a0a0a&#8221; css=&#8221;.vc_custom_1544106412291{margin-top: -30px !important;}&#8221;][\/vc_column][\/vc_row][vc_row][vc_column width=&#8221;1\/3&#8243; css=&#8221;.vc_custom_1544545882755{margin-top: 40px !important;}&#8221;][vc_custom_heading text=&#8221;Vi k\u00f8rer i hele Danmark &#8211; ogs\u00e5 Viborg og omegn&#8221; font_container=&#8221;tag:h2|font_size:18|text_align:left|color:%23000000&#8243; el_class=&#8221;heading-title-2&#8243;][vc_column_text]Vi er som n\u00e6vnt i hele Danmark, og udf\u00f8rer ofte opgaver i Viborg og omkringliggende byer. P\u00e5 billedet kan du se en opgave hvor vi fornyligt har renset fliser i en mindre indk\u00f8rsel hos en kunde n\u00e6r S\u00f8nders\u00f8 t\u00e6t ved Viborg centrum. Tr\u00e6nger dine fliser ogs\u00e5 til rens og evt. algebehandling, s\u00e5 kontakt os i dag og h\u00f8r n\u00e6rmere. Vi ser frem til at h\u00f8re fra dig![\/vc_column_text][\/vc_column][vc_column width=&#8221;1\/3&#8243; css=&#8221;.vc_custom_1544545875533{margin-top: 40px !important;}&#8221;][vc_single_image image=&#8221;77117&#8243; img_size=&#8221;full&#8221;][\/vc_column][vc_column width=&#8221;1\/3&#8243;][vc_single_image image=&#8221;77120&#8243; img_size=&#8221;full&#8221; css=&#8221;.vc_custom_1621424968621{margin-top: 40px !important;}&#8221;][\/vc_column][\/vc_row][vc_row][vc_column css=&#8221;.vc_custom_1544545882755{margin-top: 40px !important;}&#8221;][vc_custom_heading text=&#8221;Eksperter i algebehandling i Viborg&#8221; font_container=&#8221;tag:h2|font_size:18|text_align:left|color:%23000000&#8243; el_class=&#8221;heading-title-2&#8243;][vc_column_text]Vi udf\u00f8rer ogs\u00e5 algebehandling af tag, fliser og facaderens i Viborg. Fremgangsmetoden er, at vi spr\u00f8jter et milj\u00f8godkendt algebek\u00e6mpelsesmiddel p\u00e5, som g\u00e5r ind og dr\u00e6ber alger og mos, og derved l\u00f8sner r\u00f8dderne, s\u00e5 algerne nemmere kan fjernes fra overfladen.<\/p>\n<p>Er du interesseret i et tilbud p\u00e5 tagrens, fliserens eller facaderens i Viborg, s\u00e5 t\u00f8v ikke med at kontakte os. Vi kommer ogs\u00e5 gerne ud og foretager opm\u00e5ling inden vi giver et endeligt tilbud. Ingen opgaver er for store eller sm\u00e5 til os. Kontakt os i dag og f\u00e5 et uforpligtende tilbud.[\/vc_column_text][\/vc_column][\/vc_row][vc_row][vc_column css=&#8221;.vc_custom_1544545875533{margin-top: 40px !important;}&#8221;][vc_custom_heading text=&#8221;Jysk Algeservice renser fliser i Viborg&#8221; font_container=&#8221;tag:h1|text_align:left|color:%23000000&#8243; el_class=&#8221;heading-title-2&#8243;][vc_column_text]Fliser bliver udsat for al slags vejr og dette kan ses p\u00e5 fliserne med tiden. Man vil ofte f\u00e5 gr\u00f8nne alger og m\u00f8rke pletter p\u00e5 fliserne specielt p\u00e5 skyggede flisearealer. De m\u00f8rke pletter kaldes flisepest og kan v\u00e6re en kamp at selv at fjerne.<\/p>\n<p>Jysk Algeservice er specialister i at fjerne flisepest og alger sk\u00e5nsomt og milj\u00f8rigtigt fra dine fliser. Vi benytter professionelt udstyr, som er beregnet til form\u00e5let, og f\u00e5r fliserne til at fremst\u00e5 s\u00e5 t\u00e6t p\u00e5 nye som muligt.<\/p>\n<p>En god investering er, at f\u00e5 fliserne beskyttet med en <a href=\"https:\/\/dazzling-bhaskara.46-4-121-245.plesk.page\/fliserens\/\">impr\u00e6gnering efter en fliserens<\/a>. Impr\u00e6gneringen er med til at forst\u00e6rke og forl\u00e6nge overfladens holdbarhed imod alger, svamp og flisepest flere \u00e5r frem i tiden. Jysk Algeservice tilbyder 10 \u00e5rs garanti p\u00e5 vores impr\u00e6gnering ved en \u00e5rlig algebehandling af dine fliser.[\/vc_column_text][\/vc_column][\/vc_row][vc_row css=&#8221;.vc_custom_1544103126775{margin-top: 40px !important;padding-top: 40px !important;padding-bottom: 40px !important;background-color: #f7f7f7 !important;}&#8221;][vc_column width=&#8221;1\/3&#8243; offset=&#8221;vc_hidden-sm vc_hidden-xs&#8221;][vc_single_image image=&#8221;75601&#8243; img_size=&#8221;full&#8221; css_animation=&#8221;left-to-right&#8221; el_class=&#8221;.colorbg&#8221;][\/vc_column][vc_column width=&#8221;2\/3&#8243;][vc_custom_heading text=&#8221;HELE DANMARK ER VORES ARBEJDSPLADS&#8221; font_container=&#8221;tag:h3|text_align:left|color:%23000000&#8243; el_class=&#8221;heading-title-2&#8243;][vc_column_text]Algerne gror over hele Danmark, og om du bor p\u00e5 Sj\u00e6lland, Fyn eller i Jylland, s\u00e5 er vi klar til at komme forbi dig, og hj\u00e6lpe dig i din kamp imod algerne.<\/p>\n<p style=\"color: #000;\"><b>Kontakt os i dag og f\u00e5 et skarpt tilbud<\/b><\/p>\n<p class=\"p1\">[su_button url=&#8221;tel:4542570999&#8243; background=&#8221;#84c758&#8243; color=&#8221;#ffffff&#8221; size=&#8221;5&#8243; icon=&#8221;icon: phone&#8221; icon_color=&#8221;#ffffff&#8221;]Ring[\/su_button] [su_button url=&#8221;mailto:info@jyskalgeservice.dk&#8221; background=&#8221;#84c758&#8243; color=&#8221;#ffffff&#8221; size=&#8221;5&#8243; icon=&#8221;icon: send-o&#8221; icon_color=&#8221;#ffffff&#8221;]Email[\/su_button]<\/p>\n<p class=\"p1\">[su_button url=&#8221;\/kontakt\/&#8221; background=&#8221;#84c758&#8243; color=&#8221;#ffffff&#8221; size=&#8221;5&#8243; icon=&#8221;icon: envelope-o&#8221; icon_color=&#8221;#ffffff&#8221;]Kontakt os[\/su_button]<\/p>\n<p>[\/vc_column_text][\/vc_column][\/vc_row]<\/p>\n","protected":false},"excerpt":{"rendered":"<p>[vc_row][vc_column width=&#8221;1\/2&#8243; css=&#8221;.vc_custom_1544545875533{margin-top: 40px !important;}&#8221;][vc_custom_heading text=&#8221;Jysk Algeservice renser fliser i Viborg&#8221; font_container=&#8221;tag:h1|text_align:left|color:%23000000&#8243; el_class=&#8221;heading-title-2&#8243;][vc_column_text]Vi tilbyder effektiv fliserens i Viborg og omegn [&hellip;]<\/p>\n","protected":false},"author":1,"featured_media":0,"parent":0,"menu_order":0,"comment_status":"closed","ping_status":"closed","template":"","meta":{"site-sidebar-layout":"default","site-content-layout":"","ast-site-content-layout":"default","site-content-style":"default","site-sidebar-style":"default","ast-global-header-display":"","ast-banner-title-visibility":"","ast-main-header-display":"","ast-hfb-above-header-display":"","ast-hfb-below-header-display":"","ast-hfb-mobile-header-display":"","site-post-title":"","ast-breadcrumbs-content":"","ast-featured-img":"","footer-sml-layout":"","ast-disable-related-posts":"","theme-transparent-header-meta":"","adv-header-id-meta":"","stick-header-meta":"","header-above-stick-meta":"","header-main-stick-meta":"","header-below-stick-meta":"","astra-migrate-meta-layouts":"default","ast-page-background-enabled":"default","ast-page-background-meta":{"desktop":{"background-color":"var(--ast-global-color-5)","background-image":"","background-repeat":"repeat","background-position":"center center","background-size":"auto","background-attachment":"scroll","background-type":"","background-media":"","overlay-type":"","overlay-color":"","overlay-opacity":"","overlay-gradient":""},"tablet":{"background-color":"","background-image":"","background-repeat":"repeat","background-position":"center center","background-size":"auto","background-attachment":"scroll","background-type":"","background-media":"","overlay-type":"","overlay-color":"","overlay-opacity":"","overlay-gradient":""},"mobile":{"background-color":"","background-image":"","background-repeat":"repeat","background-position":"center center","background-size":"auto","background-attachment":"scroll","background-type":"","background-media":"","overlay-type":"","overlay-color":"","overlay-opacity":"","overlay-gradient":""}},"ast-content-background-meta":{"desktop":{"background-color":"var(--ast-global-color-4)","background-image":"","background-repeat":"repeat","background-position":"center center","background-size":"auto","background-attachment":"scroll","background-type":"","background-media":"","overlay-type":"","overlay-color":"","overlay-opacity":"","overlay-gradient":""},"tablet":{"background-color":"var(--ast-global-color-4)","background-image":"","background-repeat":"repeat","background-position":"center center","background-size":"auto","background-attachment":"scroll","background-type":"","background-media":"","overlay-type":"","overlay-color":"","overlay-opacity":"","overlay-gradient":""},"mobile":{"background-color":"var(--ast-global-color-4)","background-image":"","background-repeat":"repeat","background-position":"center center","background-size":"auto","background-attachment":"scroll","background-type":"","background-media":"","overlay-type":"","overlay-color":"","overlay-opacity":"","overlay-gradient":""}},"footnotes":""},"class_list":["post-75396","page","type-page","status-publish","hentry"],"yoast_head":"<!-- This site is optimized with the Yoast SEO plugin v26.9 - https:\/\/yoast.com\/product\/yoast-seo-wordpress\/ -->\n<title>Effektivt fliserens i Viborg fra kun 29 kr | F\u00e5 tilbud p\u00e5 fliserens!<\/title>\n<meta name=\"description\" content=\"Milj\u00f8godkendt \u2713 Flot resultat \u2713 10 \u00e5rs garanti p\u00e5 impr\u00e6gnering \u2713 Fliserens, algebehandling af tag og facaderens i Viborg\" \/>\n<meta name=\"robots\" content=\"noindex, follow, max-snippet:-1, max-image-preview:large, max-video-preview:-1\" \/>\n<meta property=\"og:locale\" content=\"en_US\" \/>\n<meta property=\"og:type\" content=\"article\" \/>\n<meta property=\"og:title\" content=\"Effektivt fliserens i Viborg fra kun 29 kr | F\u00e5 tilbud p\u00e5 fliserens!\" \/>\n<meta property=\"og:description\" content=\"Milj\u00f8godkendt \u2713 Flot resultat \u2713 10 \u00e5rs garanti p\u00e5 impr\u00e6gnering \u2713 Fliserens, algebehandling af tag og facaderens i Viborg\" \/>\n<meta property=\"og:url\" content=\"https:\/\/dazzling-bhaskara.46-4-121-245.plesk.page\/index.php\/viborg\/\" \/>\n<meta property=\"og:site_name\" content=\"Everything Inc.\" \/>\n<meta name=\"twitter:card\" content=\"summary_large_image\" \/>\n<meta name=\"twitter:label1\" content=\"Est. reading time\" \/>\n\t<meta name=\"twitter:data1\" content=\"5 minutes\" \/>\n<script type=\"application\/ld+json\" class=\"yoast-schema-graph\">{\"@context\":\"https:\/\/schema.org\",\"@graph\":[{\"@type\":\"WebPage\",\"@id\":\"https:\/\/dazzling-bhaskara.46-4-121-245.plesk.page\/index.php\/viborg\/\",\"url\":\"https:\/\/dazzling-bhaskara.46-4-121-245.plesk.page\/index.php\/viborg\/\",\"name\":\"Effektivt fliserens i Viborg fra kun 29 kr | F\u00e5 tilbud p\u00e5 fliserens!\",\"isPartOf\":{\"@id\":\"https:\/\/dazzling-bhaskara.46-4-121-245.plesk.page\/#website\"},\"datePublished\":\"2018-03-01T15:12:35+00:00\",\"description\":\"Milj\u00f8godkendt \u2713 Flot resultat \u2713 10 \u00e5rs garanti p\u00e5 impr\u00e6gnering \u2713 Fliserens, algebehandling af tag og facaderens i Viborg\",\"breadcrumb\":{\"@id\":\"https:\/\/dazzling-bhaskara.46-4-121-245.plesk.page\/index.php\/viborg\/#breadcrumb\"},\"inLanguage\":\"en-US\",\"potentialAction\":[{\"@type\":\"ReadAction\",\"target\":[\"https:\/\/dazzling-bhaskara.46-4-121-245.plesk.page\/index.php\/viborg\/\"]}]},{\"@type\":\"BreadcrumbList\",\"@id\":\"https:\/\/dazzling-bhaskara.46-4-121-245.plesk.page\/index.php\/viborg\/#breadcrumb\",\"itemListElement\":[{\"@type\":\"ListItem\",\"position\":1,\"name\":\"Home\",\"item\":\"https:\/\/dazzling-bhaskara.46-4-121-245.plesk.page\/\"},{\"@type\":\"ListItem\",\"position\":2,\"name\":\"Viborg\"}]},{\"@type\":\"WebSite\",\"@id\":\"https:\/\/dazzling-bhaskara.46-4-121-245.plesk.page\/#website\",\"url\":\"https:\/\/dazzling-bhaskara.46-4-121-245.plesk.page\/\",\"name\":\"Everything Inc.\",\"description\":\"\",\"potentialAction\":[{\"@type\":\"SearchAction\",\"target\":{\"@type\":\"EntryPoint\",\"urlTemplate\":\"https:\/\/dazzling-bhaskara.46-4-121-245.plesk.page\/?s={search_term_string}\"},\"query-input\":{\"@type\":\"PropertyValueSpecification\",\"valueRequired\":true,\"valueName\":\"search_term_string\"}}],\"inLanguage\":\"en-US\"}]}<\/script>\n<!-- \/ Yoast SEO plugin. -->","yoast_head_json":{"title":"Effektivt fliserens i Viborg fra kun 29 kr | F\u00e5 tilbud p\u00e5 fliserens!","description":"Milj\u00f8godkendt \u2713 Flot resultat \u2713 10 \u00e5rs garanti p\u00e5 impr\u00e6gnering \u2713 Fliserens, algebehandling af tag og facaderens i Viborg","robots":{"index":"noindex","follow":"follow","max-snippet":"max-snippet:-1","max-image-preview":"max-image-preview:large","max-video-preview":"max-video-preview:-1"},"og_locale":"en_US","og_type":"article","og_title":"Effektivt fliserens i Viborg fra kun 29 kr | F\u00e5 tilbud p\u00e5 fliserens!","og_description":"Milj\u00f8godkendt \u2713 Flot resultat \u2713 10 \u00e5rs garanti p\u00e5 impr\u00e6gnering \u2713 Fliserens, algebehandling af tag og facaderens i Viborg","og_url":"https:\/\/dazzling-bhaskara.46-4-121-245.plesk.page\/index.php\/viborg\/","og_site_name":"Everything Inc.","twitter_card":"summary_large_image","twitter_misc":{"Est. reading time":"5 minutes"},"schema":{"@context":"https:\/\/schema.org","@graph":[{"@type":"WebPage","@id":"https:\/\/dazzling-bhaskara.46-4-121-245.plesk.page\/index.php\/viborg\/","url":"https:\/\/dazzling-bhaskara.46-4-121-245.plesk.page\/index.php\/viborg\/","name":"Effektivt fliserens i Viborg fra kun 29 kr | F\u00e5 tilbud p\u00e5 fliserens!","isPartOf":{"@id":"https:\/\/dazzling-bhaskara.46-4-121-245.plesk.page\/#website"},"datePublished":"2018-03-01T15:12:35+00:00","description":"Milj\u00f8godkendt \u2713 Flot resultat \u2713 10 \u00e5rs garanti p\u00e5 impr\u00e6gnering \u2713 Fliserens, algebehandling af tag og facaderens i Viborg","breadcrumb":{"@id":"https:\/\/dazzling-bhaskara.46-4-121-245.plesk.page\/index.php\/viborg\/#breadcrumb"},"inLanguage":"en-US","potentialAction":[{"@type":"ReadAction","target":["https:\/\/dazzling-bhaskara.46-4-121-245.plesk.page\/index.php\/viborg\/"]}]},{"@type":"BreadcrumbList","@id":"https:\/\/dazzling-bhaskara.46-4-121-245.plesk.page\/index.php\/viborg\/#breadcrumb","itemListElement":[{"@type":"ListItem","position":1,"name":"Home","item":"https:\/\/dazzling-bhaskara.46-4-121-245.plesk.page\/"},{"@type":"ListItem","position":2,"name":"Viborg"}]},{"@type":"WebSite","@id":"https:\/\/dazzling-bhaskara.46-4-121-245.plesk.page\/#website","url":"https:\/\/dazzling-bhaskara.46-4-121-245.plesk.page\/","name":"Everything Inc.","description":"","potentialAction":[{"@type":"SearchAction","target":{"@type":"EntryPoint","urlTemplate":"https:\/\/dazzling-bhaskara.46-4-121-245.plesk.page\/?s={search_term_string}"},"query-input":{"@type":"PropertyValueSpecification","valueRequired":true,"valueName":"search_term_string"}}],"inLanguage":"en-US"}]}},"_links":{"self":[{"href":"https:\/\/dazzling-bhaskara.46-4-121-245.plesk.page\/index.php\/wp-json\/wp\/v2\/pages\/75396","targetHints":{"allow":["GET"]}}],"collection":[{"href":"https:\/\/dazzling-bhaskara.46-4-121-245.plesk.page\/index.php\/wp-json\/wp\/v2\/pages"}],"about":[{"href":"https:\/\/dazzling-bhaskara.46-4-121-245.plesk.page\/index.php\/wp-json\/wp\/v2\/types\/page"}],"author":[{"embeddable":true,"href":"https:\/\/dazzling-bhaskara.46-4-121-245.plesk.page\/index.php\/wp-json\/wp\/v2\/users\/1"}],"replies":[{"embeddable":true,"href":"https:\/\/dazzling-bhaskara.46-4-121-245.plesk.page\/index.php\/wp-json\/wp\/v2\/comments?post=75396"}],"version-history":[{"count":0,"href":"https:\/\/dazzling-bhaskara.46-4-121-245.plesk.page\/index.php\/wp-json\/wp\/v2\/pages\/75396\/revisions"}],"wp:attachment":[{"href":"https:\/\/dazzling-bhaskara.46-4-121-245.plesk.page\/index.php\/wp-json\/wp\/v2\/media?parent=75396"}],"curies":[{"name":"wp","href":"https:\/\/api.w.org\/{rel}","templated":true}]}}