{"id":75402,"date":"2018-03-02T11:24:16","date_gmt":"2018-03-02T11:24:16","guid":{"rendered":"https:\/\/jyskalgeservice.dk\/?page_id=75402"},"modified":"2018-03-02T11:24:16","modified_gmt":"2018-03-02T11:24:16","slug":"esbjerg","status":"publish","type":"page","link":"https:\/\/dazzling-bhaskara.46-4-121-245.plesk.page\/index.php\/esbjerg\/","title":{"rendered":"Esbjerg"},"content":{"rendered":"<p>[vc_row][vc_column width=&#8221;1\/2&#8243;][vc_custom_heading text=&#8221;Esbjergs st\u00e6rkeste pris pr. m2 p\u00e5 fliserens&#8221; font_container=&#8221;tag:h1|text_align:left|color:%23000000&#8243; el_class=&#8221;heading-title-2&#8243; css=&#8221;.vc_custom_1623326218519{margin-top: 40px !important;}&#8221;][vc_column_text]Vi har l\u00f8st opgaver med fliserens i Esbjerg for en lang r\u00e6kke kunder &#8211; b\u00e5de private, erhverv samt offentlige institutioner. Vi har fx. v\u00e6ret hos Esbjerg Krisecenter, Broen Shopping, <a href=\"https:\/\/www.esbjerggymnasium.dk\/\" target=\"_blank\" rel=\"noopener\">Esbjerg Gymnasium<\/a> &amp; HF, Restaurant Gammelhavn samt mangle flere.<\/p>\n<p>\u00d8nsker du ogs\u00e5 effektiv fliserens til Esbjergs st\u00e6rkeste pris, s\u00e5 st\u00e5r Jysk Algeservice klar til at hj\u00e6lpe dig. Esbjerg er et kerne omr\u00e5de for os, og vi bestr\u00e6ber os p\u00e5 at hj\u00e6lpe med netop din opgave p\u00e5 bedst mulige vis.<\/p>\n<p>Vi bruger markedets aller bedste og mest sk\u00e5nsomme udstyr til <a href=\"https:\/\/dazzling-bhaskara.46-4-121-245.plesk.page\/fliserens\/\">fliserensning<\/a>. N\u00e5r man laver en rensning af fliser er det meget vigtigt at man ikke bruger en almindelig h\u00f8jtryksrenser, da det kan f\u00e5 fliserne til at krakelere.[\/vc_column_text][\/vc_column][vc_column width=&#8221;1\/2&#8243; css=&#8221;.vc_custom_1544541054550{margin-top: 40px !important;}&#8221;][vc_single_image image=&#8221;75256&#8243; img_size=&#8221;full&#8221;][\/vc_column][\/vc_row][vc_row css=&#8221;.vc_custom_1544103328696{margin-top: 40px !important;padding-top: 15px !important;padding-bottom: 15px !important;background-color: #f7f7f7 !important;}&#8221;][vc_column width=&#8221;1\/4&#8243;][vc_custom_heading text=&#8221;S\u00c5DAN G\u00d8R VI&#8221; font_container=&#8221;tag:h6|font_size:30|text_align:center|color:%23000000&#8243; el_class=&#8221;heading-title-2&#8243; css=&#8221;.vc_custom_1544104102947{margin-top: 15px !important;margin-bottom: 15px !important;}&#8221;][vc_custom_heading text=&#8221;RENSNING AF FLISER&#8221; font_container=&#8221;tag:h2|font_size:20|text_align:left|color:%23c7c7c7&#8243;][\/vc_column][vc_column width=&#8221;1\/4&#8243;][vc_custom_heading text=&#8221;1&#8243; font_container=&#8221;tag:h6|font_size:40|text_align:center|color:%239ecd52&#8243; css=&#8221;.vc_custom_1544101551605{padding-bottom: 10px !important;}&#8221;][vc_custom_heading text=&#8221;Vi fjerner flisepest, alger, mos, skidt, snavs og ukrudt i fugerne..&#8221; font_container=&#8221;tag:h6|font_size:18|text_align:center|color:%23000000&#8243; css=&#8221;.vc_custom_1544526567404{margin-top: -30px !important;}&#8221;][\/vc_column][vc_column width=&#8221;1\/4&#8243;][vc_custom_heading text=&#8221;2&#8243; font_container=&#8221;tag:h6|font_size:40|text_align:center|color:%239ecd52&#8243; css=&#8221;.vc_custom_1544101580882{padding-bottom: 10px !important;}&#8221;][vc_custom_heading text=&#8221;.. l\u00e6gger ny impr\u00e6gnering p\u00e5 fliserne, som sikre dine fliser en l\u00e6ngere levetid..&#8221; font_container=&#8221;tag:h6|font_size:18|text_align:center|color:%23000000&#8243; css=&#8221;.vc_custom_1544526599335{margin-top: -30px !important;}&#8221;][\/vc_column][vc_column width=&#8221;1\/4&#8243;][vc_custom_heading text=&#8221;3&#8243; font_container=&#8221;tag:h6|font_size:40|text_align:center|color:%239ecd52&#8243; css=&#8221;.vc_custom_1544101591764{padding-bottom: 10px !important;}&#8221;][vc_custom_heading text=&#8221;.. og p\u00e5l\u00e6gger nyt ukrudtsh\u00e6mmende fugesand&#8221; font_container=&#8221;tag:h6|font_size:18|text_align:center|color:%230a0a0a&#8221; css=&#8221;.vc_custom_1544106412291{margin-top: -30px !important;}&#8221;][\/vc_column][\/vc_row][vc_row][vc_column css=&#8221;.vc_custom_1544541098567{margin-top: 40px !important;}&#8221;][vc_custom_heading text=&#8221;Vi hj\u00e6lper med algebek\u00e6mpelse i Esbjerg&#8221; font_container=&#8221;tag:h2|font_size:18|text_align:left|color:%23000000&#8243; el_class=&#8221;heading-title-2&#8243; css=&#8221;.vc_custom_1547449211368{padding-top: 40px !important;}&#8221;][vc_column_text]Vi g\u00e5r meget op i at levere en sublim service. Altid med et stort smil p\u00e5 l\u00e6ben og et godt hum\u00f8r! Vi s\u00e6tter en stor \u00e6re i at passe p\u00e5 vores milj\u00f8 og derfor bruger vi udelukkende det eneste godkendte produkt i Danmark til algebehandling af tag, fliser og facader.<\/p>\n<p>Vi er eksperter i Algebek\u00e6mpelse og foretager b\u00e5de fliserens, tagrens og facaderens i Esbjerg &amp; omegn. \u00d8nsker du et super godt tilbud p\u00e5 algebehandling, s\u00e5 t\u00f8v ikke med at ringe til os! Du finder vores kontakt informationer under fanen \u201dkontakt\u201d eller i en af de kontakt formularer der er p\u00e5 siden!<\/p>\n<p>Vi gl\u00e6der os til at snakke med dig![\/vc_column_text][vc_custom_heading text=&#8221;Altid 10 \u00e5rs garanti p\u00e5 impr\u00e6gnering&#8221; font_container=&#8221;tag:h2|font_size:18|text_align:left|color:%23000000&#8243; el_class=&#8221;heading-title-2&#8243;][vc_column_text]N\u00e5r man har f\u00e5et foretaget algebehandling, anbefaler vi p\u00e5 det kraftigste, at man f\u00e5r p\u00e5lagt vores n\u00f8je udvalgte impr\u00e6gnering efterf\u00f8lgende. N\u00e5r man l\u00e6gger impr\u00e6gnering p\u00e5, g\u00e5r man ind og beskytter p\u00e5 den mest optimale m\u00e5de. En rensning \u00e5bner fliserne op. Det g\u00f8r, at de bliver mere modtagelige over for flisepest, som viser sig i sp\u00e6ttet form, gr\u00f8nne og gule alger mv. V\u00e6lger du efterf\u00f8lgende impr\u00e6gnering med \u00e5rlige service, s\u00e5 giver vi 10 \u00e5rs garanti.[\/vc_column_text][\/vc_column][\/vc_row][vc_row css=&#8221;.vc_custom_1619603912162{padding-top: 40px !important;}&#8221;][vc_column][vc_custom_heading text=&#8221;Fliserens i Esbjerg, Ribe, Varde og omegn&#8221; font_container=&#8221;tag:h2|font_size:18|text_align:left|color:%23000000&#8243; el_class=&#8221;heading-title-2&#8243;][vc_column_text]Vi k\u00f8rer i hele Vestjylland. Dvs. Esbjerg, Varde og Ribe eller hvor du end bor.[\/vc_column_text][\/vc_column][\/vc_row][vc_row css=&#8221;.vc_custom_1619603887222{padding-top: 40px !important;}&#8221;][vc_column width=&#8221;1\/4&#8243;][vc_column_text]<strong>Esbjerg<\/strong><\/p>\n<ul>\n<li>Bramming<\/li>\n<li>Darum<\/li>\n<li>Egeb\u00e6k<\/li>\n<li>Endrup<\/li>\n<li>Farup<\/li>\n<li>Gjesing<\/li>\n<li>Gredstedbro<\/li>\n<li>Grimstrup<\/li>\n<li>GuldagerLandsby<\/li>\n<li>G\u00f8rding<\/li>\n<li>Hjerting<\/li>\n<li>Hostrup og Kokspang<\/li>\n<li>Hunderup-Sejstrup<\/li>\n<li>Jernved og Jernvedlund<\/li>\n<li>Roager<\/li>\n<li>Skads og Andrup<\/li>\n<li>Spandet<\/li>\n<li>S\u00e6dding<\/li>\n<li>S\u00f8nderris<\/li>\n<li>Tarp og Bryndum<\/li>\n<li>Tj\u00e6reborg<\/li>\n<li>Vejrup<\/li>\n<li>Vester Nebel<\/li>\n<li>Vester Vedsted og S\u00f8nder Farup<\/li>\n<li>Vilslev-Jedsted<\/li>\n<li>\u00d8ster Vedsted<\/li>\n<\/ul>\n<p>&nbsp;<\/p>\n<p>[\/vc_column_text][\/vc_column][vc_column width=&#8221;3\/4&#8243;][vc_single_image image=&#8221;76528&#8243; img_size=&#8221;full&#8221; style=&#8221;vc_box_shadow&#8221;][\/vc_column][\/vc_row][vc_row css=&#8221;.vc_custom_1544103126775{margin-top: 40px !important;padding-top: 40px !important;padding-bottom: 40px !important;background-color: #f7f7f7 !important;}&#8221;][vc_column width=&#8221;1\/3&#8243; offset=&#8221;vc_hidden-sm vc_hidden-xs&#8221;][vc_single_image image=&#8221;75601&#8243; img_size=&#8221;full&#8221; css_animation=&#8221;left-to-right&#8221; el_class=&#8221;.colorbg&#8221;][\/vc_column][vc_column width=&#8221;2\/3&#8243;][vc_custom_heading text=&#8221;HELE DANMARK ER VORES ARBEJDSPLADS&#8221; font_container=&#8221;tag:h3|text_align:left|color:%23000000&#8243; el_class=&#8221;heading-title-2&#8243;][vc_column_text]Algerne gror over hele Danmark, og om du bor p\u00e5 Sj\u00e6lland, Fyn eller i Jylland, s\u00e5 er vi klar til at komme forbi dig, og hj\u00e6lpe dig i din kamp imod algerne.<\/p>\n<p style=\"color: #000;\"><b>Kontakt os i dag og f\u00e5 et skarpt tilbud<\/b><\/p>\n<p class=\"p1\">[su_button url=&#8221;tel:4542570999&#8243; background=&#8221;#84c758&#8243; color=&#8221;#ffffff&#8221; size=&#8221;5&#8243; icon=&#8221;icon: phone&#8221; icon_color=&#8221;#ffffff&#8221;]Ring[\/su_button] [su_button url=&#8221;mailto:info@jyskalgeservice.dk&#8221; background=&#8221;#84c758&#8243; color=&#8221;#ffffff&#8221; size=&#8221;5&#8243; icon=&#8221;icon: send-o&#8221; icon_color=&#8221;#ffffff&#8221;]Email[\/su_button]<\/p>\n<p class=\"p1\">[su_button url=&#8221;\/kontakt\/&#8221; background=&#8221;#84c758&#8243; color=&#8221;#ffffff&#8221; size=&#8221;5&#8243; icon=&#8221;icon: envelope-o&#8221; icon_color=&#8221;#ffffff&#8221;]Kontakt os[\/su_button]<\/p>\n<p>[\/vc_column_text][\/vc_column][\/vc_row]<\/p>\n","protected":false},"excerpt":{"rendered":"<p>[vc_row][vc_column width=&#8221;1\/2&#8243;][vc_custom_heading text=&#8221;Esbjergs st\u00e6rkeste pris pr. m2 p\u00e5 fliserens&#8221; font_container=&#8221;tag:h1|text_align:left|color:%23000000&#8243; el_class=&#8221;heading-title-2&#8243; css=&#8221;.vc_custom_1623326218519{margin-top: 40px !important;}&#8221;][vc_column_text]Vi har l\u00f8st opgaver med fliserens i [&hellip;]<\/p>\n","protected":false},"author":1,"featured_media":0,"parent":0,"menu_order":0,"comment_status":"closed","ping_status":"closed","template":"","meta":{"site-sidebar-layout":"default","site-content-layout":"","ast-site-content-layout":"default","site-content-style":"default","site-sidebar-style":"default","ast-global-header-display":"","ast-banner-title-visibility":"","ast-main-header-display":"","ast-hfb-above-header-display":"","ast-hfb-below-header-display":"","ast-hfb-mobile-header-display":"","site-post-title":"","ast-breadcrumbs-content":"","ast-featured-img":"","footer-sml-layout":"","ast-disable-related-posts":"","theme-transparent-header-meta":"","adv-header-id-meta":"","stick-header-meta":"","header-above-stick-meta":"","header-main-stick-meta":"","header-below-stick-meta":"","astra-migrate-meta-layouts":"default","ast-page-background-enabled":"default","ast-page-background-meta":{"desktop":{"background-color":"var(--ast-global-color-5)","background-image":"","background-repeat":"repeat","background-position":"center center","background-size":"auto","background-attachment":"scroll","background-type":"","background-media":"","overlay-type":"","overlay-color":"","overlay-opacity":"","overlay-gradient":""},"tablet":{"background-color":"","background-image":"","background-repeat":"repeat","background-position":"center center","background-size":"auto","background-attachment":"scroll","background-type":"","background-media":"","overlay-type":"","overlay-color":"","overlay-opacity":"","overlay-gradient":""},"mobile":{"background-color":"","background-image":"","background-repeat":"repeat","background-position":"center center","background-size":"auto","background-attachment":"scroll","background-type":"","background-media":"","overlay-type":"","overlay-color":"","overlay-opacity":"","overlay-gradient":""}},"ast-content-background-meta":{"desktop":{"background-color":"var(--ast-global-color-4)","background-image":"","background-repeat":"repeat","background-position":"center center","background-size":"auto","background-attachment":"scroll","background-type":"","background-media":"","overlay-type":"","overlay-color":"","overlay-opacity":"","overlay-gradient":""},"tablet":{"background-color":"var(--ast-global-color-4)","background-image":"","background-repeat":"repeat","background-position":"center center","background-size":"auto","background-attachment":"scroll","background-type":"","background-media":"","overlay-type":"","overlay-color":"","overlay-opacity":"","overlay-gradient":""},"mobile":{"background-color":"var(--ast-global-color-4)","background-image":"","background-repeat":"repeat","background-position":"center center","background-size":"auto","background-attachment":"scroll","background-type":"","background-media":"","overlay-type":"","overlay-color":"","overlay-opacity":"","overlay-gradient":""}},"footnotes":""},"class_list":["post-75402","page","type-page","status-publish","hentry"],"yoast_head":"<!-- This site is optimized with the Yoast SEO plugin v26.9 - https:\/\/yoast.com\/product\/yoast-seo-wordpress\/ -->\n<title>Fliserens i Esbjerg - Esbjergs bedste | Effektiv algebek\u00e6mpelse<\/title>\n<meta name=\"description\" content=\"Vil tilbyder Fliserens i Esbjerg \u2713 Mijl\u00f8venlig \u2713 Faste Lave Priser \u2713 Jysk Algeservice er specialister i effektiv rensing af fliser.\" \/>\n<meta name=\"robots\" content=\"noindex, follow, max-snippet:-1, max-image-preview:large, max-video-preview:-1\" \/>\n<meta property=\"og:locale\" content=\"en_US\" \/>\n<meta property=\"og:type\" content=\"article\" \/>\n<meta property=\"og:title\" content=\"Fliserens i Esbjerg - Esbjergs bedste | Effektiv algebek\u00e6mpelse\" \/>\n<meta property=\"og:description\" content=\"Vil tilbyder Fliserens i Esbjerg \u2713 Mijl\u00f8venlig \u2713 Faste Lave Priser \u2713 Jysk Algeservice er specialister i effektiv rensing af fliser.\" \/>\n<meta property=\"og:url\" content=\"https:\/\/dazzling-bhaskara.46-4-121-245.plesk.page\/index.php\/esbjerg\/\" \/>\n<meta property=\"og:site_name\" content=\"Everything Inc.\" \/>\n<meta name=\"twitter:card\" content=\"summary_large_image\" \/>\n<meta name=\"twitter:label1\" content=\"Est. reading time\" \/>\n\t<meta name=\"twitter:data1\" content=\"4 minutes\" \/>\n<script type=\"application\/ld+json\" class=\"yoast-schema-graph\">{\"@context\":\"https:\/\/schema.org\",\"@graph\":[{\"@type\":\"WebPage\",\"@id\":\"https:\/\/dazzling-bhaskara.46-4-121-245.plesk.page\/index.php\/esbjerg\/\",\"url\":\"https:\/\/dazzling-bhaskara.46-4-121-245.plesk.page\/index.php\/esbjerg\/\",\"name\":\"Fliserens i Esbjerg - Esbjergs bedste | Effektiv algebek\u00e6mpelse\",\"isPartOf\":{\"@id\":\"https:\/\/dazzling-bhaskara.46-4-121-245.plesk.page\/#website\"},\"datePublished\":\"2018-03-02T11:24:16+00:00\",\"description\":\"Vil tilbyder Fliserens i Esbjerg \u2713 Mijl\u00f8venlig \u2713 Faste Lave Priser \u2713 Jysk Algeservice er specialister i effektiv rensing af fliser.\",\"breadcrumb\":{\"@id\":\"https:\/\/dazzling-bhaskara.46-4-121-245.plesk.page\/index.php\/esbjerg\/#breadcrumb\"},\"inLanguage\":\"en-US\",\"potentialAction\":[{\"@type\":\"ReadAction\",\"target\":[\"https:\/\/dazzling-bhaskara.46-4-121-245.plesk.page\/index.php\/esbjerg\/\"]}]},{\"@type\":\"BreadcrumbList\",\"@id\":\"https:\/\/dazzling-bhaskara.46-4-121-245.plesk.page\/index.php\/esbjerg\/#breadcrumb\",\"itemListElement\":[{\"@type\":\"ListItem\",\"position\":1,\"name\":\"Home\",\"item\":\"https:\/\/dazzling-bhaskara.46-4-121-245.plesk.page\/\"},{\"@type\":\"ListItem\",\"position\":2,\"name\":\"Esbjerg\"}]},{\"@type\":\"WebSite\",\"@id\":\"https:\/\/dazzling-bhaskara.46-4-121-245.plesk.page\/#website\",\"url\":\"https:\/\/dazzling-bhaskara.46-4-121-245.plesk.page\/\",\"name\":\"Everything Inc.\",\"description\":\"\",\"potentialAction\":[{\"@type\":\"SearchAction\",\"target\":{\"@type\":\"EntryPoint\",\"urlTemplate\":\"https:\/\/dazzling-bhaskara.46-4-121-245.plesk.page\/?s={search_term_string}\"},\"query-input\":{\"@type\":\"PropertyValueSpecification\",\"valueRequired\":true,\"valueName\":\"search_term_string\"}}],\"inLanguage\":\"en-US\"}]}<\/script>\n<!-- \/ Yoast SEO plugin. -->","yoast_head_json":{"title":"Fliserens i Esbjerg - Esbjergs bedste | Effektiv algebek\u00e6mpelse","description":"Vil tilbyder Fliserens i Esbjerg \u2713 Mijl\u00f8venlig \u2713 Faste Lave Priser \u2713 Jysk Algeservice er specialister i effektiv rensing af fliser.","robots":{"index":"noindex","follow":"follow","max-snippet":"max-snippet:-1","max-image-preview":"max-image-preview:large","max-video-preview":"max-video-preview:-1"},"og_locale":"en_US","og_type":"article","og_title":"Fliserens i Esbjerg - Esbjergs bedste | Effektiv algebek\u00e6mpelse","og_description":"Vil tilbyder Fliserens i Esbjerg \u2713 Mijl\u00f8venlig \u2713 Faste Lave Priser \u2713 Jysk Algeservice er specialister i effektiv rensing af fliser.","og_url":"https:\/\/dazzling-bhaskara.46-4-121-245.plesk.page\/index.php\/esbjerg\/","og_site_name":"Everything Inc.","twitter_card":"summary_large_image","twitter_misc":{"Est. reading time":"4 minutes"},"schema":{"@context":"https:\/\/schema.org","@graph":[{"@type":"WebPage","@id":"https:\/\/dazzling-bhaskara.46-4-121-245.plesk.page\/index.php\/esbjerg\/","url":"https:\/\/dazzling-bhaskara.46-4-121-245.plesk.page\/index.php\/esbjerg\/","name":"Fliserens i Esbjerg - Esbjergs bedste | Effektiv algebek\u00e6mpelse","isPartOf":{"@id":"https:\/\/dazzling-bhaskara.46-4-121-245.plesk.page\/#website"},"datePublished":"2018-03-02T11:24:16+00:00","description":"Vil tilbyder Fliserens i Esbjerg \u2713 Mijl\u00f8venlig \u2713 Faste Lave Priser \u2713 Jysk Algeservice er specialister i effektiv rensing af fliser.","breadcrumb":{"@id":"https:\/\/dazzling-bhaskara.46-4-121-245.plesk.page\/index.php\/esbjerg\/#breadcrumb"},"inLanguage":"en-US","potentialAction":[{"@type":"ReadAction","target":["https:\/\/dazzling-bhaskara.46-4-121-245.plesk.page\/index.php\/esbjerg\/"]}]},{"@type":"BreadcrumbList","@id":"https:\/\/dazzling-bhaskara.46-4-121-245.plesk.page\/index.php\/esbjerg\/#breadcrumb","itemListElement":[{"@type":"ListItem","position":1,"name":"Home","item":"https:\/\/dazzling-bhaskara.46-4-121-245.plesk.page\/"},{"@type":"ListItem","position":2,"name":"Esbjerg"}]},{"@type":"WebSite","@id":"https:\/\/dazzling-bhaskara.46-4-121-245.plesk.page\/#website","url":"https:\/\/dazzling-bhaskara.46-4-121-245.plesk.page\/","name":"Everything Inc.","description":"","potentialAction":[{"@type":"SearchAction","target":{"@type":"EntryPoint","urlTemplate":"https:\/\/dazzling-bhaskara.46-4-121-245.plesk.page\/?s={search_term_string}"},"query-input":{"@type":"PropertyValueSpecification","valueRequired":true,"valueName":"search_term_string"}}],"inLanguage":"en-US"}]}},"_links":{"self":[{"href":"https:\/\/dazzling-bhaskara.46-4-121-245.plesk.page\/index.php\/wp-json\/wp\/v2\/pages\/75402","targetHints":{"allow":["GET"]}}],"collection":[{"href":"https:\/\/dazzling-bhaskara.46-4-121-245.plesk.page\/index.php\/wp-json\/wp\/v2\/pages"}],"about":[{"href":"https:\/\/dazzling-bhaskara.46-4-121-245.plesk.page\/index.php\/wp-json\/wp\/v2\/types\/page"}],"author":[{"embeddable":true,"href":"https:\/\/dazzling-bhaskara.46-4-121-245.plesk.page\/index.php\/wp-json\/wp\/v2\/users\/1"}],"replies":[{"embeddable":true,"href":"https:\/\/dazzling-bhaskara.46-4-121-245.plesk.page\/index.php\/wp-json\/wp\/v2\/comments?post=75402"}],"version-history":[{"count":0,"href":"https:\/\/dazzling-bhaskara.46-4-121-245.plesk.page\/index.php\/wp-json\/wp\/v2\/pages\/75402\/revisions"}],"wp:attachment":[{"href":"https:\/\/dazzling-bhaskara.46-4-121-245.plesk.page\/index.php\/wp-json\/wp\/v2\/media?parent=75402"}],"curies":[{"name":"wp","href":"https:\/\/api.w.org\/{rel}","templated":true}]}}