{"id":75410,"date":"2018-03-02T11:35:14","date_gmt":"2018-03-02T11:35:14","guid":{"rendered":"https:\/\/jyskalgeservice.dk\/?page_id=75410"},"modified":"2018-03-02T11:35:14","modified_gmt":"2018-03-02T11:35:14","slug":"herning","status":"publish","type":"page","link":"https:\/\/dazzling-bhaskara.46-4-121-245.plesk.page\/index.php\/herning\/","title":{"rendered":"Herning"},"content":{"rendered":"<p>[vc_row][vc_column width=&#8221;1\/2&#8243; css=&#8221;.vc_custom_1544541836457{margin-top: 40px !important;}&#8221;][vc_custom_heading text=&#8221;F\u00e5 uforpligtende tilbud p\u00e5 Fliserens i Herning.&#8221; font_container=&#8221;tag:h2|font_size:18|text_align:left|color:%23000000&#8243; el_class=&#8221;heading-title-2&#8243;][vc_column_text]Fliserens i Herning; en af vores mest bes\u00f8gte byer hvor vi har rigtig mange b\u00e5de private og virksomheder som kunder. Vi har fx. l\u00f8st opgaver i Herning Kongrescenter, hos IF forsikring, Hotel S\u00f8nderborg Strand, Herning Bowlinghal samt mange flere.<\/p>\n<p>De fleste af vores kunder f\u00e5 lavet fliserens og algebehandling. Vi k\u00f8rer ud hele \u00e5ret, men h\u00f8js\u00e6sonen ligger fra marts til oktober, hvor temperaturerne er over 0 dag og nat. Dette er n\u00f8dvendigt for at passe p\u00e5 fliserne under og efter rensning. Vi har mange \u00e5rs erfaring inden for rensning af fliser og ved, hvad der skal til for at skabe et flot, vedvarende resultat. N\u00e5r vi foretager fliserens i Herning og omegn, er vi meget opm\u00e6rksomme p\u00e5 at sk\u00e5ne milj\u00f8et, derfor bruger vi altid markedets eneste milj\u00f8godkendte produkt. Vil du give dine fliser nyt liv, s\u00e5 kontakt Jysk Algeservice i dag og f\u00e5 et uforpligtende tilbud i dag.[\/vc_column_text][\/vc_column][vc_column width=&#8221;1\/2&#8243; css=&#8221;.vc_custom_1544541846106{margin-top: 40px !important;}&#8221;][vc_single_image image=&#8221;75256&#8243; img_size=&#8221;full&#8221;][\/vc_column][\/vc_row][vc_row][vc_column width=&#8221;1\/2&#8243; css=&#8221;.vc_custom_1544541846106{margin-top: 40px !important;}&#8221;][vc_custom_heading text=&#8221;ALGEBEHANDLING af tag, facader og fliser i Herning&#8221; font_container=&#8221;tag:h2|font_size:18|text_align:left|color:%23000000&#8243; el_class=&#8221;heading-title-2&#8243;][vc_column_text]Vores hovedkontor er beliggende Nord for Vejle kun en halv times k\u00f8rsel fra Herning. Vi har derfor mange faste kunder i Herning og omegn og hj\u00e6lper ogs\u00e5 gerne dig med algebehandling af enhver slags. I Herning servicerer vi b\u00e5de private og erhvervskunder, for hvem vi laver b\u00e5de fliserens, tagrens, facaderens og algebehandling. Vores algebehandling er den eneste milj\u00f8godkendte i Danmark, og den bruger vi fordi vi v\u00e6rner om vores milj\u00f8!<\/p>\n<p>\u00d8nsker du at f\u00e5 et helt uforpligtende tilbud, s\u00e5 kommer en konsulent gerne forbi og foretager en opm\u00e5ling. Herefter fremsender vi et skriftligt uforpligtende tilbud. Du er ogs\u00e5 altid velkommen til at tage kontakt til os via vores kontaktformular eller give os et kald. Vi gl\u00e6der os til at hj\u00e6lpe dig med algebehandling i Herning.[\/vc_column_text][\/vc_column][\/vc_row][vc_row][vc_column][vc_custom_heading text=&#8221;10 \u00e5rs garanti p\u00e5 IMPR\u00c6GNERING&#8221; font_container=&#8221;tag:h2|font_size:18|text_align:left|color:%23000000&#8243; el_class=&#8221;heading-title-2&#8243; css=&#8221;.vc_custom_1548772296154{padding-top: 40px !important;}&#8221;][vc_column_text]<\/p>\n<p class=\"ql-align-center\">Efter rensning af fliser, anbefaler vi, at man altid f\u00e5r lavet en impr\u00e6gnering. Det samme g\u00e6lder, hvis man f\u00e5r udf\u00f8rt en facaderens! N\u00e5r vi laver en <a href=\"https:\/\/dazzling-bhaskara.46-4-121-245.plesk.page\/fliserens\/\">rensning af fliser<\/a>, s\u00e5 fjerner vi alt mos, alger og andet som er p\u00e5 fliserne. Fliserne er herefter helt rene, men hvis ikke du giver fliserne en ny beskyttelse i form af impr\u00e6gnering, s\u00e5 g\u00e5r der ikke lang tid f\u00f8r fliserne igen bliver angrebet af flisepest, mos og alger. Impr\u00e6gneringen giver et beskyttende og afvisende lag. Hos Jysk Algeservice giver vi gerne 10 \u00e5rs garanti p\u00e5 impr\u00e6gnering, hvis du overholder \u00e5rlige servicebes\u00f8g med algebehandling.<\/p>\n<p>[\/vc_column_text][\/vc_column][\/vc_row][vc_row css=&#8221;.vc_custom_1544103328696{margin-top: 40px !important;padding-top: 15px !important;padding-bottom: 15px !important;background-color: #f7f7f7 !important;}&#8221;][vc_column width=&#8221;1\/4&#8243;][vc_custom_heading text=&#8221;S\u00c5DAN G\u00d8R VI&#8221; font_container=&#8221;tag:h6|font_size:30|text_align:center|color:%23000000&#8243; el_class=&#8221;heading-title-2&#8243; css=&#8221;.vc_custom_1544104102947{margin-top: 15px !important;margin-bottom: 15px !important;}&#8221;][vc_custom_heading text=&#8221;RENSNING AF FLISER&#8221; font_container=&#8221;tag:h2|font_size:20|text_align:left|color:%23c7c7c7&#8243;][\/vc_column][vc_column width=&#8221;1\/4&#8243;][vc_custom_heading text=&#8221;1&#8243; font_container=&#8221;tag:h6|font_size:40|text_align:center|color:%239ecd52&#8243; css=&#8221;.vc_custom_1544101551605{padding-bottom: 10px !important;}&#8221;][vc_custom_heading text=&#8221;Vi fjerner flisepest, alger, mos, skidt, snavs og ukrudt i fugerne..&#8221; font_container=&#8221;tag:h6|font_size:18|text_align:center|color:%23000000&#8243; css=&#8221;.vc_custom_1544526567404{margin-top: -30px !important;}&#8221;][\/vc_column][vc_column width=&#8221;1\/4&#8243;][vc_custom_heading text=&#8221;2&#8243; font_container=&#8221;tag:h6|font_size:40|text_align:center|color:%239ecd52&#8243; css=&#8221;.vc_custom_1544101580882{padding-bottom: 10px !important;}&#8221;][vc_custom_heading text=&#8221;.. l\u00e6gger ny impr\u00e6gnering p\u00e5 fliserne, som sikre dine fliser en l\u00e6ngere levetid..&#8221; font_container=&#8221;tag:h6|font_size:18|text_align:center|color:%23000000&#8243; css=&#8221;.vc_custom_1544526599335{margin-top: -30px !important;}&#8221;][\/vc_column][vc_column width=&#8221;1\/4&#8243;][vc_custom_heading text=&#8221;3&#8243; font_container=&#8221;tag:h6|font_size:40|text_align:center|color:%239ecd52&#8243; css=&#8221;.vc_custom_1544101591764{padding-bottom: 10px !important;}&#8221;][vc_custom_heading text=&#8221;.. og p\u00e5l\u00e6gger nyt ukrudtsh\u00e6mmende fugesand&#8221; font_container=&#8221;tag:h6|font_size:18|text_align:center|color:%230a0a0a&#8221; css=&#8221;.vc_custom_1544106412291{margin-top: -30px !important;}&#8221;][\/vc_column][\/vc_row][vc_row css=&#8221;.vc_custom_1544103126775{margin-top: 40px !important;padding-top: 40px !important;padding-bottom: 40px !important;background-color: #f7f7f7 !important;}&#8221;][vc_column width=&#8221;1\/3&#8243; offset=&#8221;vc_hidden-sm vc_hidden-xs&#8221;][vc_single_image image=&#8221;75601&#8243; img_size=&#8221;full&#8221; css_animation=&#8221;left-to-right&#8221; el_class=&#8221;.colorbg&#8221;][\/vc_column][vc_column width=&#8221;2\/3&#8243;][vc_custom_heading text=&#8221;HELE DANMARK ER VORES ARBEJDSPLADS&#8221; font_container=&#8221;tag:h3|text_align:left|color:%23000000&#8243; el_class=&#8221;heading-title-2&#8243;][vc_column_text]Algerne gror over hele Danmark, og om du bor p\u00e5 Sj\u00e6lland, Fyn eller i Jylland, s\u00e5 er vi klar til at komme forbi dig, og hj\u00e6lpe dig i din kamp imod algerne.<\/p>\n<p style=\"color: #000;\"><b>Kontakt os i dag og f\u00e5 et skarpt tilbud<\/b><\/p>\n<p class=\"p1\">[su_button url=&#8221;tel:4542570999&#8243; background=&#8221;#84c758&#8243; color=&#8221;#ffffff&#8221; size=&#8221;5&#8243; icon=&#8221;icon: phone&#8221; icon_color=&#8221;#ffffff&#8221;]Ring[\/su_button] [su_button url=&#8221;mailto:info@jyskalgeservice.dk&#8221; background=&#8221;#84c758&#8243; color=&#8221;#ffffff&#8221; size=&#8221;5&#8243; icon=&#8221;icon: send-o&#8221; icon_color=&#8221;#ffffff&#8221;]Email[\/su_button]<\/p>\n<p class=\"p1\">[su_button url=&#8221;\/kontakt\/&#8221; background=&#8221;#84c758&#8243; color=&#8221;#ffffff&#8221; size=&#8221;5&#8243; icon=&#8221;icon: envelope-o&#8221; icon_color=&#8221;#ffffff&#8221;]Kontakt os[\/su_button]<\/p>\n<p>[\/vc_column_text][\/vc_column][\/vc_row]<\/p>\n","protected":false},"excerpt":{"rendered":"<p>[vc_row][vc_column width=&#8221;1\/2&#8243; css=&#8221;.vc_custom_1544541836457{margin-top: 40px !important;}&#8221;][vc_custom_heading text=&#8221;F\u00e5 uforpligtende tilbud p\u00e5 Fliserens i Herning.&#8221; font_container=&#8221;tag:h2|font_size:18|text_align:left|color:%23000000&#8243; el_class=&#8221;heading-title-2&#8243;][vc_column_text]Fliserens i Herning; en af vores mest [&hellip;]<\/p>\n","protected":false},"author":1,"featured_media":0,"parent":0,"menu_order":0,"comment_status":"closed","ping_status":"closed","template":"","meta":{"site-sidebar-layout":"default","site-content-layout":"","ast-site-content-layout":"default","site-content-style":"default","site-sidebar-style":"default","ast-global-header-display":"","ast-banner-title-visibility":"","ast-main-header-display":"","ast-hfb-above-header-display":"","ast-hfb-below-header-display":"","ast-hfb-mobile-header-display":"","site-post-title":"","ast-breadcrumbs-content":"","ast-featured-img":"","footer-sml-layout":"","ast-disable-related-posts":"","theme-transparent-header-meta":"","adv-header-id-meta":"","stick-header-meta":"","header-above-stick-meta":"","header-main-stick-meta":"","header-below-stick-meta":"","astra-migrate-meta-layouts":"default","ast-page-background-enabled":"default","ast-page-background-meta":{"desktop":{"background-color":"var(--ast-global-color-5)","background-image":"","background-repeat":"repeat","background-position":"center center","background-size":"auto","background-attachment":"scroll","background-type":"","background-media":"","overlay-type":"","overlay-color":"","overlay-opacity":"","overlay-gradient":""},"tablet":{"background-color":"","background-image":"","background-repeat":"repeat","background-position":"center center","background-size":"auto","background-attachment":"scroll","background-type":"","background-media":"","overlay-type":"","overlay-color":"","overlay-opacity":"","overlay-gradient":""},"mobile":{"background-color":"","background-image":"","background-repeat":"repeat","background-position":"center center","background-size":"auto","background-attachment":"scroll","background-type":"","background-media":"","overlay-type":"","overlay-color":"","overlay-opacity":"","overlay-gradient":""}},"ast-content-background-meta":{"desktop":{"background-color":"var(--ast-global-color-4)","background-image":"","background-repeat":"repeat","background-position":"center center","background-size":"auto","background-attachment":"scroll","background-type":"","background-media":"","overlay-type":"","overlay-color":"","overlay-opacity":"","overlay-gradient":""},"tablet":{"background-color":"var(--ast-global-color-4)","background-image":"","background-repeat":"repeat","background-position":"center center","background-size":"auto","background-attachment":"scroll","background-type":"","background-media":"","overlay-type":"","overlay-color":"","overlay-opacity":"","overlay-gradient":""},"mobile":{"background-color":"var(--ast-global-color-4)","background-image":"","background-repeat":"repeat","background-position":"center center","background-size":"auto","background-attachment":"scroll","background-type":"","background-media":"","overlay-type":"","overlay-color":"","overlay-opacity":"","overlay-gradient":""}},"footnotes":""},"class_list":["post-75410","page","type-page","status-publish","hentry"],"yoast_head":"<!-- This site is optimized with the Yoast SEO plugin v26.9 - https:\/\/yoast.com\/product\/yoast-seo-wordpress\/ -->\n<title>Fliserens i Herning - billigste fliserens fra KUN 29 kr pr. m2<\/title>\n<meta name=\"description\" content=\"Vi tilbyder effektiv fliserens i Herning og omegnProfessionelt \u2713 Sk\u00e5nsomt \u2713 Effektiv \u2713 Altid fast lav pris p\u00e5 algebehandling i Herning.\" \/>\n<meta name=\"robots\" content=\"noindex, follow, max-snippet:-1, max-image-preview:large, max-video-preview:-1\" \/>\n<meta property=\"og:locale\" content=\"en_US\" \/>\n<meta property=\"og:type\" content=\"article\" \/>\n<meta property=\"og:title\" content=\"Fliserens i Herning - billigste fliserens fra KUN 29 kr pr. m2\" \/>\n<meta property=\"og:description\" content=\"Vi tilbyder effektiv fliserens i Herning og omegnProfessionelt \u2713 Sk\u00e5nsomt \u2713 Effektiv \u2713 Altid fast lav pris p\u00e5 algebehandling i Herning.\" \/>\n<meta property=\"og:url\" content=\"https:\/\/dazzling-bhaskara.46-4-121-245.plesk.page\/index.php\/herning\/\" \/>\n<meta property=\"og:site_name\" content=\"Everything Inc.\" \/>\n<meta name=\"twitter:card\" content=\"summary_large_image\" \/>\n<meta name=\"twitter:label1\" content=\"Est. reading time\" \/>\n\t<meta name=\"twitter:data1\" content=\"4 minutes\" \/>\n<script type=\"application\/ld+json\" class=\"yoast-schema-graph\">{\"@context\":\"https:\/\/schema.org\",\"@graph\":[{\"@type\":\"WebPage\",\"@id\":\"https:\/\/dazzling-bhaskara.46-4-121-245.plesk.page\/index.php\/herning\/\",\"url\":\"https:\/\/dazzling-bhaskara.46-4-121-245.plesk.page\/index.php\/herning\/\",\"name\":\"Fliserens i Herning - billigste fliserens fra KUN 29 kr pr. m2\",\"isPartOf\":{\"@id\":\"https:\/\/dazzling-bhaskara.46-4-121-245.plesk.page\/#website\"},\"datePublished\":\"2018-03-02T11:35:14+00:00\",\"description\":\"Vi tilbyder effektiv fliserens i Herning og omegnProfessionelt \u2713 Sk\u00e5nsomt \u2713 Effektiv \u2713 Altid fast lav pris p\u00e5 algebehandling i Herning.\",\"breadcrumb\":{\"@id\":\"https:\/\/dazzling-bhaskara.46-4-121-245.plesk.page\/index.php\/herning\/#breadcrumb\"},\"inLanguage\":\"en-US\",\"potentialAction\":[{\"@type\":\"ReadAction\",\"target\":[\"https:\/\/dazzling-bhaskara.46-4-121-245.plesk.page\/index.php\/herning\/\"]}]},{\"@type\":\"BreadcrumbList\",\"@id\":\"https:\/\/dazzling-bhaskara.46-4-121-245.plesk.page\/index.php\/herning\/#breadcrumb\",\"itemListElement\":[{\"@type\":\"ListItem\",\"position\":1,\"name\":\"Home\",\"item\":\"https:\/\/dazzling-bhaskara.46-4-121-245.plesk.page\/\"},{\"@type\":\"ListItem\",\"position\":2,\"name\":\"Herning\"}]},{\"@type\":\"WebSite\",\"@id\":\"https:\/\/dazzling-bhaskara.46-4-121-245.plesk.page\/#website\",\"url\":\"https:\/\/dazzling-bhaskara.46-4-121-245.plesk.page\/\",\"name\":\"Everything Inc.\",\"description\":\"\",\"potentialAction\":[{\"@type\":\"SearchAction\",\"target\":{\"@type\":\"EntryPoint\",\"urlTemplate\":\"https:\/\/dazzling-bhaskara.46-4-121-245.plesk.page\/?s={search_term_string}\"},\"query-input\":{\"@type\":\"PropertyValueSpecification\",\"valueRequired\":true,\"valueName\":\"search_term_string\"}}],\"inLanguage\":\"en-US\"}]}<\/script>\n<!-- \/ Yoast SEO plugin. -->","yoast_head_json":{"title":"Fliserens i Herning - billigste fliserens fra KUN 29 kr pr. m2","description":"Vi tilbyder effektiv fliserens i Herning og omegnProfessionelt \u2713 Sk\u00e5nsomt \u2713 Effektiv \u2713 Altid fast lav pris p\u00e5 algebehandling i Herning.","robots":{"index":"noindex","follow":"follow","max-snippet":"max-snippet:-1","max-image-preview":"max-image-preview:large","max-video-preview":"max-video-preview:-1"},"og_locale":"en_US","og_type":"article","og_title":"Fliserens i Herning - billigste fliserens fra KUN 29 kr pr. m2","og_description":"Vi tilbyder effektiv fliserens i Herning og omegnProfessionelt \u2713 Sk\u00e5nsomt \u2713 Effektiv \u2713 Altid fast lav pris p\u00e5 algebehandling i Herning.","og_url":"https:\/\/dazzling-bhaskara.46-4-121-245.plesk.page\/index.php\/herning\/","og_site_name":"Everything Inc.","twitter_card":"summary_large_image","twitter_misc":{"Est. reading time":"4 minutes"},"schema":{"@context":"https:\/\/schema.org","@graph":[{"@type":"WebPage","@id":"https:\/\/dazzling-bhaskara.46-4-121-245.plesk.page\/index.php\/herning\/","url":"https:\/\/dazzling-bhaskara.46-4-121-245.plesk.page\/index.php\/herning\/","name":"Fliserens i Herning - billigste fliserens fra KUN 29 kr pr. m2","isPartOf":{"@id":"https:\/\/dazzling-bhaskara.46-4-121-245.plesk.page\/#website"},"datePublished":"2018-03-02T11:35:14+00:00","description":"Vi tilbyder effektiv fliserens i Herning og omegnProfessionelt \u2713 Sk\u00e5nsomt \u2713 Effektiv \u2713 Altid fast lav pris p\u00e5 algebehandling i Herning.","breadcrumb":{"@id":"https:\/\/dazzling-bhaskara.46-4-121-245.plesk.page\/index.php\/herning\/#breadcrumb"},"inLanguage":"en-US","potentialAction":[{"@type":"ReadAction","target":["https:\/\/dazzling-bhaskara.46-4-121-245.plesk.page\/index.php\/herning\/"]}]},{"@type":"BreadcrumbList","@id":"https:\/\/dazzling-bhaskara.46-4-121-245.plesk.page\/index.php\/herning\/#breadcrumb","itemListElement":[{"@type":"ListItem","position":1,"name":"Home","item":"https:\/\/dazzling-bhaskara.46-4-121-245.plesk.page\/"},{"@type":"ListItem","position":2,"name":"Herning"}]},{"@type":"WebSite","@id":"https:\/\/dazzling-bhaskara.46-4-121-245.plesk.page\/#website","url":"https:\/\/dazzling-bhaskara.46-4-121-245.plesk.page\/","name":"Everything Inc.","description":"","potentialAction":[{"@type":"SearchAction","target":{"@type":"EntryPoint","urlTemplate":"https:\/\/dazzling-bhaskara.46-4-121-245.plesk.page\/?s={search_term_string}"},"query-input":{"@type":"PropertyValueSpecification","valueRequired":true,"valueName":"search_term_string"}}],"inLanguage":"en-US"}]}},"_links":{"self":[{"href":"https:\/\/dazzling-bhaskara.46-4-121-245.plesk.page\/index.php\/wp-json\/wp\/v2\/pages\/75410","targetHints":{"allow":["GET"]}}],"collection":[{"href":"https:\/\/dazzling-bhaskara.46-4-121-245.plesk.page\/index.php\/wp-json\/wp\/v2\/pages"}],"about":[{"href":"https:\/\/dazzling-bhaskara.46-4-121-245.plesk.page\/index.php\/wp-json\/wp\/v2\/types\/page"}],"author":[{"embeddable":true,"href":"https:\/\/dazzling-bhaskara.46-4-121-245.plesk.page\/index.php\/wp-json\/wp\/v2\/users\/1"}],"replies":[{"embeddable":true,"href":"https:\/\/dazzling-bhaskara.46-4-121-245.plesk.page\/index.php\/wp-json\/wp\/v2\/comments?post=75410"}],"version-history":[{"count":0,"href":"https:\/\/dazzling-bhaskara.46-4-121-245.plesk.page\/index.php\/wp-json\/wp\/v2\/pages\/75410\/revisions"}],"wp:attachment":[{"href":"https:\/\/dazzling-bhaskara.46-4-121-245.plesk.page\/index.php\/wp-json\/wp\/v2\/media?parent=75410"}],"curies":[{"name":"wp","href":"https:\/\/api.w.org\/{rel}","templated":true}]}}