{"id":75903,"date":"2019-11-12T13:56:04","date_gmt":"2019-11-12T13:56:04","guid":{"rendered":"https:\/\/jyskalgeservice.dk\/?page_id=75903"},"modified":"2019-11-12T13:56:04","modified_gmt":"2019-11-12T13:56:04","slug":"tagrenderens","status":"publish","type":"page","link":"https:\/\/dazzling-bhaskara.46-4-121-245.plesk.page\/index.php\/tagrenderens\/","title":{"rendered":"Tagrenderens"},"content":{"rendered":"<p>[vc_row type=&#8221;full_width&#8221;][vc_column offset=&#8221;vc_hidden-xs&#8221;][layerslider_vc id=&#8221;11&#8243;][\/vc_column][vc_column offset=&#8221;vc_hidden-lg vc_hidden-md vc_hidden-sm&#8221;][layerslider_vc id=&#8221;12&#8243;][\/vc_column][\/vc_row][vc_row type=&#8221;full_width&#8221;][vc_column width=&#8221;1\/3&#8243; css=&#8221;.vc_custom_1611298798930{padding-bottom: 30px !important;background-color: #9ecd52 !important;}&#8221; offset=&#8221;vc_hidden-xs&#8221;][vc_icon icon_fontawesome=&#8221;fa fa-check&#8221; color=&#8221;white&#8221; size=&#8221;xl&#8221; align=&#8221;center&#8221; css_animation=&#8221;appear&#8221;][vc_custom_heading text=&#8221;Undg\u00e5 fugt- og frostskader&#8221; font_container=&#8221;tag:h6|font_size:18|text_align:center|color:%23ffffff&#8221; css=&#8221;.vc_custom_1573566170770{margin-top: -30px !important;}&#8221;][\/vc_column][vc_column width=&#8221;1\/3&#8243; css=&#8221;.vc_custom_1611298802739{padding-bottom: 30px !important;background-color: #9ecd52 !important;}&#8221; offset=&#8221;vc_hidden-xs&#8221;][vc_icon icon_fontawesome=&#8221;fa fa-check&#8221; color=&#8221;white&#8221; size=&#8221;xl&#8221; align=&#8221;center&#8221; css_animation=&#8221;appear&#8221;][vc_custom_heading text=&#8221;Kom rigtigt af med vandet&#8221; font_container=&#8221;tag:h6|font_size:18|text_align:center|color:%23ffffff&#8221; css=&#8221;.vc_custom_1573566283134{margin-top: -30px !important;}&#8221;][\/vc_column][vc_column width=&#8221;1\/3&#8243; css=&#8221;.vc_custom_1611298806823{padding-bottom: 30px !important;background-color: #9ecd52 !important;}&#8221; offset=&#8221;vc_hidden-xs&#8221;][vc_icon icon_fontawesome=&#8221;fa fa-check&#8221; color=&#8221;white&#8221; size=&#8221;xl&#8221; align=&#8221;center&#8221; css_animation=&#8221;appear&#8221;][vc_custom_heading text=&#8221;Billig vedligeholdelse&#8221; font_container=&#8221;tag:h6|font_size:18|text_align:center|color:%23ffffff&#8221; css=&#8221;.vc_custom_1573566305949{margin-top: -30px !important;}&#8221;][\/vc_column][\/vc_row][vc_row css=&#8221;.vc_custom_1544101479047{padding-top: 40px !important;}&#8221;][vc_column width=&#8221;1\/2&#8243;][vc_custom_heading text=&#8221;F\u00c5 EN GOD PRIS P\u00c5 RENS AF DIN TILSTOPPEDE TAGRENDE&#8221; font_container=&#8221;tag:h2|font_size:18|text_align:left|color:%23000000&#8243; el_class=&#8221;heading-title-2&#8243;][vc_column_text]Vi udf\u00f8rer tagrenderens i hele Danmark. Vi anvender specialudstyr med kamera, hvis arbejdsh\u00f8jden er over 3 meter. Hvis h\u00f8jden er under 3 meter g\u00f8res arbejdet ved hj\u00e6lp af stige og en tagrendeskovl. Skal vi meget h\u00f8jt op, bruger vi lift! H\u00f8jde er intet problem.<\/p>\n<p>For at im\u00f8deg\u00e5 fugt- og frostskader i tagrender, anbefaler vi at man f\u00e5r renset sine tagrender mindst en gang \u00e5rligt &#8211; som ogs\u00e5 er vores anbefaling n\u00e5r det kommer til algebehandling af tag. Kontakt os i dag og f\u00e5 en god pris p\u00e5 rensning af dine tagrender.<\/p>\n<p><strong>Kontakt os i dag for et uforpligtende tilbud:<\/strong><\/p>\n<p class=\"p1\">[su_button url=&#8221;tel:4542570999&#8243; background=&#8221;#9ecd52&#8243; color=&#8221;#ffffff&#8221; size=&#8221;5&#8243; icon=&#8221;icon: phone&#8221; icon_color=&#8221;#ffffff&#8221;]Ring[\/su_button] [su_button url=&#8221;mailto:info@jyskalgeservice.dk&#8221; background=&#8221;#9ecd52&#8243; color=&#8221;#ffffff&#8221; size=&#8221;5&#8243; icon=&#8221;icon: send-o&#8221; icon_color=&#8221;#ffffff&#8221;]Email[\/su_button]<\/p>\n<p class=\"p1\">[su_button url=&#8221;\/kontakt\/&#8221; background=&#8221;#9ecd52&#8243; color=&#8221;#ffffff&#8221; size=&#8221;5&#8243; icon=&#8221;icon: envelope-o&#8221; icon_color=&#8221;#ffffff&#8221;]Kontakt os[\/su_button]<\/p>\n<p>[\/vc_column_text][vc_custom_heading text=&#8221;HVORN\u00c5R SKAL MAN RENSE SINE TAGRENDER?&#8221; font_container=&#8221;tag:h2|font_size:18|text_align:left|color:%23000000&#8243; el_class=&#8221;heading-title-2&#8243; css=&#8221;.vc_custom_1573565309044{padding-top: 40px !important;}&#8221;][vc_column_text]Vi anbefaler at f\u00e5 renset tagrender i efter\u00e5ret p\u00e5 fast basis inden sne og frost indtr\u00e6ffer. Hvis det er blevet fors\u00f8mt igennem l\u00e6ngere tid,\u00a0anbefaler vi at f\u00e5 det gjort hurtigst muligt.[\/vc_column_text][\/vc_column][vc_column width=&#8221;1\/2&#8243;][vc_single_image image=&#8221;79082&#8243; img_size=&#8221;full&#8221; alignment=&#8221;right&#8221; style=&#8221;vc_box_rounded&#8221;][\/vc_column][\/vc_row][vc_row css=&#8221;.vc_custom_1544103328696{margin-top: 40px !important;padding-top: 15px !important;padding-bottom: 15px !important;background-color: #f7f7f7 !important;}&#8221;][vc_column width=&#8221;1\/4&#8243;][vc_custom_heading text=&#8221;S\u00c5DAN G\u00d8R VI&#8221; font_container=&#8221;tag:h6|font_size:30|text_align:center|color:%23000000&#8243; el_class=&#8221;heading-title-2&#8243; css=&#8221;.vc_custom_1544104102947{margin-top: 15px !important;margin-bottom: 15px !important;}&#8221;][vc_custom_heading text=&#8221;RENS AF TAGRENDE&#8221; font_container=&#8221;tag:h2|font_size:16|text_align:left|color:%23c7c7c7&#8243;][\/vc_column][vc_column width=&#8221;1\/4&#8243;][vc_custom_heading text=&#8221;1&#8243; font_container=&#8221;tag:h6|font_size:40|text_align:center|color:%239ecd52&#8243; css=&#8221;.vc_custom_1544101551605{padding-bottom: 10px !important;}&#8221;][vc_custom_heading text=&#8221;Maskine samles og r\u00f8r med sug l\u00e6gges i tagrenden&#8221; font_container=&#8221;tag:h6|font_size:18|text_align:center|color:%23000000&#8243; css=&#8221;.vc_custom_1615285412071{margin-top: -30px !important;}&#8221;][\/vc_column][vc_column width=&#8221;1\/4&#8243;][vc_custom_heading text=&#8221;2&#8243; font_container=&#8221;tag:h6|font_size:40|text_align:center|color:%239ecd52&#8243; css=&#8221;.vc_custom_1544101580882{padding-bottom: 10px !important;}&#8221;][vc_custom_heading text=&#8221;Tagrenden renses for mos, blade og andet&#8221; font_container=&#8221;tag:h6|font_size:18|text_align:center|color:%23000000&#8243; css=&#8221;.vc_custom_1615285395236{margin-top: -30px !important;}&#8221;][\/vc_column][vc_column width=&#8221;1\/4&#8243;][vc_custom_heading text=&#8221;3&#8243; font_container=&#8221;tag:h6|font_size:40|text_align:center|color:%239ecd52&#8243; css=&#8221;.vc_custom_1544101591764{padding-bottom: 10px !important;}&#8221;][vc_custom_heading text=&#8221;Til sidst kontrollerer vi med kamera om alt er v\u00e6k&#8221; font_container=&#8221;tag:h6|font_size:18|text_align:center|color:%230a0a0a&#8221; css=&#8221;.vc_custom_1615285406579{margin-top: -30px !important;}&#8221;][\/vc_column][\/vc_row][vc_row][vc_column width=&#8221;1\/2&#8243; css=&#8221;.vc_custom_1544103201640{margin-top: 40px !important;}&#8221;][vc_custom_heading text=&#8221;Priser p\u00e5 tagrenderens&#8221; font_container=&#8221;tag:h2|font_size:18|text_align:left|color:%23000000&#8243; el_class=&#8221;heading-title-2&#8243;][vc_column_text]<b>0-3 meter i h\u00f8jden: <\/b><span style=\"font-weight: 400;\">25,- inkl. moms pr. meter tagrende.<\/span><span style=\"font-weight: 400;\"><br \/>\n<\/span><b>3-6 meter i h\u00f8jden: <\/b><span style=\"font-weight: 400;\">30,- inkl. moms pr. meter tagrende.<\/span><span style=\"font-weight: 400;\"><br \/>\n<\/span><b>Over 6 meter:<\/b><span style=\"font-weight: 400;\"> kontakt os for pris<\/span><\/p>\n<p>Almindelig parcelhus med 50 meter tagrende fra kun 1499 kr. inkl. moms. <i><span style=\"font-weight: 400;\">Minimumspris &#8211; 1499,- inkl. Moms. <\/span><\/i><span style=\"font-weight: 400;\">Kontakt os for pris hvis du har skjulte tagrender.<\/span><\/p>\n<p><span style=\"font-weight: 400;\">Vi tilbyder rabat ved indg\u00e5else af vedligeholdsaftale p\u00e5 rensning af tagrender, ligesom vi tilbyder nabo rabat!<\/span><\/p>\n<p><span style=\"font-weight: 400;\">Vi kommer gerne og m\u00e5ler jeres tagrender op samt giver et uforpligtende tilbud.\u00a0<\/span>[\/vc_column_text][vc_custom_heading text=&#8221;Erfaring med tagrenderens?&#8221; font_container=&#8221;tag:h2|font_size:18|text_align:left|color:%23000000&#8243; el_class=&#8221;heading-title-2&#8243; css=&#8221;.vc_custom_1573565342855{padding-top: 40px !important;}&#8221;][vc_column_text]Vores renseteknikere har lang erfaring med rensning af tagrender.<\/p>\n<p>Vi er ogs\u00e5 en virksomhed som gennemg\u00e5r en stor udvikling, s\u00e5 derfor ans\u00e6tter vi af og til nye medarbejdere. Hos os gennemg\u00e5r man et uddannelsesforl\u00f8b inden man sendes i marken p\u00e5 egen h\u00e5nd.<\/p>\n<p>Man f\u00e5r et kursus i, hvordan man udf\u00f8rer tagrenderens b\u00e5de i teori og samtidigt er man med ude og se hvordan det g\u00f8res i praksis. Herefter f\u00f8lger vi vores medarbejder rundt p\u00e5 de f\u00f8rste mange opgaver for at sikre, at alt g\u00f8res rigtigt. For hos os er kvalitet og glade kunder det vigtigste.[\/vc_column_text][\/vc_column][vc_column width=&#8221;1\/2&#8243; css=&#8221;.vc_custom_1544103258322{margin-top: 40px !important;}&#8221;][vc_single_image image=&#8221;79105&#8243; img_size=&#8221;full&#8221;][\/vc_column][\/vc_row][vc_row css=&#8221;.vc_custom_1544103126775{margin-top: 40px !important;padding-top: 40px !important;padding-bottom: 40px !important;background-color: #f7f7f7 !important;}&#8221;][vc_column width=&#8221;1\/3&#8243; offset=&#8221;vc_hidden-sm vc_hidden-xs&#8221;][vc_single_image image=&#8221;75601&#8243; img_size=&#8221;full&#8221; css_animation=&#8221;left-to-right&#8221; el_class=&#8221;.colorbg&#8221;][\/vc_column][vc_column width=&#8221;2\/3&#8243;][vc_custom_heading text=&#8221;HELE DANMARK ER VORES ARBEJDSPLADS&#8221; font_container=&#8221;tag:h3|text_align:left|color:%23000000&#8243; el_class=&#8221;heading-title-2&#8243;][vc_column_text]Algerne gror over hele Danmark, og om du bor p\u00e5 Sj\u00e6lland, Fyn eller i Jylland, s\u00e5 er vi klar til at komme forbi dig, og hj\u00e6lpe dig i din kamp imod algerne.<\/p>\n<p style=\"color: #000;\"><b>Kontakt os i dag og f\u00e5 et skarpt tilbud<\/b><\/p>\n<p class=\"p1\">[su_button url=&#8221;tel:4542570999&#8243; background=&#8221;#84c758&#8243; color=&#8221;#ffffff&#8221; size=&#8221;5&#8243; icon=&#8221;icon: phone&#8221; icon_color=&#8221;#ffffff&#8221;]Ring[\/su_button] [su_button url=&#8221;mailto:info@jyskalgeservice.dk&#8221; background=&#8221;#84c758&#8243; color=&#8221;#ffffff&#8221; size=&#8221;5&#8243; icon=&#8221;icon: send-o&#8221; icon_color=&#8221;#ffffff&#8221;]Email[\/su_button]<\/p>\n<p class=\"p1\">[su_button url=&#8221;\/kontakt\/&#8221; background=&#8221;#84c758&#8243; color=&#8221;#ffffff&#8221; size=&#8221;5&#8243; icon=&#8221;icon: envelope-o&#8221; icon_color=&#8221;#ffffff&#8221;]Kontakt os[\/su_button]<\/p>\n<p>[\/vc_column_text][\/vc_column][\/vc_row]<\/p>\n","protected":false},"excerpt":{"rendered":"<p>[vc_row type=&#8221;full_width&#8221;][vc_column offset=&#8221;vc_hidden-xs&#8221;][layerslider_vc id=&#8221;11&#8243;][\/vc_column][vc_column offset=&#8221;vc_hidden-lg vc_hidden-md vc_hidden-sm&#8221;][layerslider_vc id=&#8221;12&#8243;][\/vc_column][\/vc_row][vc_row type=&#8221;full_width&#8221;][vc_column width=&#8221;1\/3&#8243; css=&#8221;.vc_custom_1611298798930{padding-bottom: 30px !important;background-color: #9ecd52 !important;}&#8221; offset=&#8221;vc_hidden-xs&#8221;][vc_icon icon_fontawesome=&#8221;fa fa-check&#8221; color=&#8221;white&#8221; size=&#8221;xl&#8221; [&hellip;]<\/p>\n","protected":false},"author":1,"featured_media":0,"parent":0,"menu_order":0,"comment_status":"closed","ping_status":"closed","template":"","meta":{"site-sidebar-layout":"default","site-content-layout":"","ast-site-content-layout":"default","site-content-style":"default","site-sidebar-style":"default","ast-global-header-display":"","ast-banner-title-visibility":"","ast-main-header-display":"","ast-hfb-above-header-display":"","ast-hfb-below-header-display":"","ast-hfb-mobile-header-display":"","site-post-title":"","ast-breadcrumbs-content":"","ast-featured-img":"","footer-sml-layout":"","ast-disable-related-posts":"","theme-transparent-header-meta":"","adv-header-id-meta":"","stick-header-meta":"","header-above-stick-meta":"","header-main-stick-meta":"","header-below-stick-meta":"","astra-migrate-meta-layouts":"default","ast-page-background-enabled":"default","ast-page-background-meta":{"desktop":{"background-color":"var(--ast-global-color-5)","background-image":"","background-repeat":"repeat","background-position":"center center","background-size":"auto","background-attachment":"scroll","background-type":"","background-media":"","overlay-type":"","overlay-color":"","overlay-opacity":"","overlay-gradient":""},"tablet":{"background-color":"","background-image":"","background-repeat":"repeat","background-position":"center center","background-size":"auto","background-attachment":"scroll","background-type":"","background-media":"","overlay-type":"","overlay-color":"","overlay-opacity":"","overlay-gradient":""},"mobile":{"background-color":"","background-image":"","background-repeat":"repeat","background-position":"center center","background-size":"auto","background-attachment":"scroll","background-type":"","background-media":"","overlay-type":"","overlay-color":"","overlay-opacity":"","overlay-gradient":""}},"ast-content-background-meta":{"desktop":{"background-color":"var(--ast-global-color-4)","background-image":"","background-repeat":"repeat","background-position":"center center","background-size":"auto","background-attachment":"scroll","background-type":"","background-media":"","overlay-type":"","overlay-color":"","overlay-opacity":"","overlay-gradient":""},"tablet":{"background-color":"var(--ast-global-color-4)","background-image":"","background-repeat":"repeat","background-position":"center center","background-size":"auto","background-attachment":"scroll","background-type":"","background-media":"","overlay-type":"","overlay-color":"","overlay-opacity":"","overlay-gradient":""},"mobile":{"background-color":"var(--ast-global-color-4)","background-image":"","background-repeat":"repeat","background-position":"center center","background-size":"auto","background-attachment":"scroll","background-type":"","background-media":"","overlay-type":"","overlay-color":"","overlay-opacity":"","overlay-gradient":""}},"footnotes":""},"class_list":["post-75903","page","type-page","status-publish","hentry"],"yoast_head":"<!-- This site is optimized with the Yoast SEO plugin v26.9 - https:\/\/yoast.com\/product\/yoast-seo-wordpress\/ -->\n<title>Billig tagrenderens i h\u00f8j kvalitet - f\u00e5 en god pris allerede i dag<\/title>\n<meta name=\"description\" content=\"Giv dine tagrender nyt liv med en tagrenderens. Vi fjerner alt naturaffald, s\u00e5 vandet kan l\u00f8be frit. Kontakt os i dag og f\u00e5 en god pris.\" \/>\n<meta name=\"robots\" content=\"noindex, follow, max-snippet:-1, max-image-preview:large, max-video-preview:-1\" \/>\n<meta property=\"og:locale\" content=\"en_US\" \/>\n<meta property=\"og:type\" content=\"article\" \/>\n<meta property=\"og:title\" content=\"Billig tagrenderens i h\u00f8j kvalitet - f\u00e5 en god pris allerede i dag\" \/>\n<meta property=\"og:description\" content=\"Giv dine tagrender nyt liv med en tagrenderens. Vi fjerner alt naturaffald, s\u00e5 vandet kan l\u00f8be frit. Kontakt os i dag og f\u00e5 en god pris.\" \/>\n<meta property=\"og:url\" content=\"https:\/\/dazzling-bhaskara.46-4-121-245.plesk.page\/index.php\/tagrenderens\/\" \/>\n<meta property=\"og:site_name\" content=\"Everything Inc.\" \/>\n<meta name=\"twitter:card\" content=\"summary_large_image\" \/>\n<meta name=\"twitter:label1\" content=\"Est. reading time\" \/>\n\t<meta name=\"twitter:data1\" content=\"4 minutes\" \/>\n<script type=\"application\/ld+json\" class=\"yoast-schema-graph\">{\"@context\":\"https:\/\/schema.org\",\"@graph\":[{\"@type\":\"WebPage\",\"@id\":\"https:\/\/dazzling-bhaskara.46-4-121-245.plesk.page\/index.php\/tagrenderens\/\",\"url\":\"https:\/\/dazzling-bhaskara.46-4-121-245.plesk.page\/index.php\/tagrenderens\/\",\"name\":\"Billig tagrenderens i h\u00f8j kvalitet - f\u00e5 en god pris allerede i dag\",\"isPartOf\":{\"@id\":\"https:\/\/dazzling-bhaskara.46-4-121-245.plesk.page\/#website\"},\"datePublished\":\"2019-11-12T13:56:04+00:00\",\"description\":\"Giv dine tagrender nyt liv med en tagrenderens. Vi fjerner alt naturaffald, s\u00e5 vandet kan l\u00f8be frit. Kontakt os i dag og f\u00e5 en god pris.\",\"breadcrumb\":{\"@id\":\"https:\/\/dazzling-bhaskara.46-4-121-245.plesk.page\/index.php\/tagrenderens\/#breadcrumb\"},\"inLanguage\":\"en-US\",\"potentialAction\":[{\"@type\":\"ReadAction\",\"target\":[\"https:\/\/dazzling-bhaskara.46-4-121-245.plesk.page\/index.php\/tagrenderens\/\"]}]},{\"@type\":\"BreadcrumbList\",\"@id\":\"https:\/\/dazzling-bhaskara.46-4-121-245.plesk.page\/index.php\/tagrenderens\/#breadcrumb\",\"itemListElement\":[{\"@type\":\"ListItem\",\"position\":1,\"name\":\"Home\",\"item\":\"https:\/\/dazzling-bhaskara.46-4-121-245.plesk.page\/\"},{\"@type\":\"ListItem\",\"position\":2,\"name\":\"Tagrenderens\"}]},{\"@type\":\"WebSite\",\"@id\":\"https:\/\/dazzling-bhaskara.46-4-121-245.plesk.page\/#website\",\"url\":\"https:\/\/dazzling-bhaskara.46-4-121-245.plesk.page\/\",\"name\":\"Everything Inc.\",\"description\":\"\",\"potentialAction\":[{\"@type\":\"SearchAction\",\"target\":{\"@type\":\"EntryPoint\",\"urlTemplate\":\"https:\/\/dazzling-bhaskara.46-4-121-245.plesk.page\/?s={search_term_string}\"},\"query-input\":{\"@type\":\"PropertyValueSpecification\",\"valueRequired\":true,\"valueName\":\"search_term_string\"}}],\"inLanguage\":\"en-US\"}]}<\/script>\n<!-- \/ Yoast SEO plugin. -->","yoast_head_json":{"title":"Billig tagrenderens i h\u00f8j kvalitet - f\u00e5 en god pris allerede i dag","description":"Giv dine tagrender nyt liv med en tagrenderens. Vi fjerner alt naturaffald, s\u00e5 vandet kan l\u00f8be frit. Kontakt os i dag og f\u00e5 en god pris.","robots":{"index":"noindex","follow":"follow","max-snippet":"max-snippet:-1","max-image-preview":"max-image-preview:large","max-video-preview":"max-video-preview:-1"},"og_locale":"en_US","og_type":"article","og_title":"Billig tagrenderens i h\u00f8j kvalitet - f\u00e5 en god pris allerede i dag","og_description":"Giv dine tagrender nyt liv med en tagrenderens. Vi fjerner alt naturaffald, s\u00e5 vandet kan l\u00f8be frit. Kontakt os i dag og f\u00e5 en god pris.","og_url":"https:\/\/dazzling-bhaskara.46-4-121-245.plesk.page\/index.php\/tagrenderens\/","og_site_name":"Everything Inc.","twitter_card":"summary_large_image","twitter_misc":{"Est. reading time":"4 minutes"},"schema":{"@context":"https:\/\/schema.org","@graph":[{"@type":"WebPage","@id":"https:\/\/dazzling-bhaskara.46-4-121-245.plesk.page\/index.php\/tagrenderens\/","url":"https:\/\/dazzling-bhaskara.46-4-121-245.plesk.page\/index.php\/tagrenderens\/","name":"Billig tagrenderens i h\u00f8j kvalitet - f\u00e5 en god pris allerede i dag","isPartOf":{"@id":"https:\/\/dazzling-bhaskara.46-4-121-245.plesk.page\/#website"},"datePublished":"2019-11-12T13:56:04+00:00","description":"Giv dine tagrender nyt liv med en tagrenderens. Vi fjerner alt naturaffald, s\u00e5 vandet kan l\u00f8be frit. Kontakt os i dag og f\u00e5 en god pris.","breadcrumb":{"@id":"https:\/\/dazzling-bhaskara.46-4-121-245.plesk.page\/index.php\/tagrenderens\/#breadcrumb"},"inLanguage":"en-US","potentialAction":[{"@type":"ReadAction","target":["https:\/\/dazzling-bhaskara.46-4-121-245.plesk.page\/index.php\/tagrenderens\/"]}]},{"@type":"BreadcrumbList","@id":"https:\/\/dazzling-bhaskara.46-4-121-245.plesk.page\/index.php\/tagrenderens\/#breadcrumb","itemListElement":[{"@type":"ListItem","position":1,"name":"Home","item":"https:\/\/dazzling-bhaskara.46-4-121-245.plesk.page\/"},{"@type":"ListItem","position":2,"name":"Tagrenderens"}]},{"@type":"WebSite","@id":"https:\/\/dazzling-bhaskara.46-4-121-245.plesk.page\/#website","url":"https:\/\/dazzling-bhaskara.46-4-121-245.plesk.page\/","name":"Everything Inc.","description":"","potentialAction":[{"@type":"SearchAction","target":{"@type":"EntryPoint","urlTemplate":"https:\/\/dazzling-bhaskara.46-4-121-245.plesk.page\/?s={search_term_string}"},"query-input":{"@type":"PropertyValueSpecification","valueRequired":true,"valueName":"search_term_string"}}],"inLanguage":"en-US"}]}},"_links":{"self":[{"href":"https:\/\/dazzling-bhaskara.46-4-121-245.plesk.page\/index.php\/wp-json\/wp\/v2\/pages\/75903","targetHints":{"allow":["GET"]}}],"collection":[{"href":"https:\/\/dazzling-bhaskara.46-4-121-245.plesk.page\/index.php\/wp-json\/wp\/v2\/pages"}],"about":[{"href":"https:\/\/dazzling-bhaskara.46-4-121-245.plesk.page\/index.php\/wp-json\/wp\/v2\/types\/page"}],"author":[{"embeddable":true,"href":"https:\/\/dazzling-bhaskara.46-4-121-245.plesk.page\/index.php\/wp-json\/wp\/v2\/users\/1"}],"replies":[{"embeddable":true,"href":"https:\/\/dazzling-bhaskara.46-4-121-245.plesk.page\/index.php\/wp-json\/wp\/v2\/comments?post=75903"}],"version-history":[{"count":0,"href":"https:\/\/dazzling-bhaskara.46-4-121-245.plesk.page\/index.php\/wp-json\/wp\/v2\/pages\/75903\/revisions"}],"wp:attachment":[{"href":"https:\/\/dazzling-bhaskara.46-4-121-245.plesk.page\/index.php\/wp-json\/wp\/v2\/media?parent=75903"}],"curies":[{"name":"wp","href":"https:\/\/api.w.org\/{rel}","templated":true}]}}