{"id":76143,"date":"2021-03-16T09:29:21","date_gmt":"2021-03-16T09:29:21","guid":{"rendered":"https:\/\/jyskalgeservice.dk\/?page_id=76143"},"modified":"2021-03-16T09:29:21","modified_gmt":"2021-03-16T09:29:21","slug":"tagrens-pris","status":"publish","type":"page","link":"https:\/\/dazzling-bhaskara.46-4-121-245.plesk.page\/index.php\/tagrens-pris\/","title":{"rendered":"Tagrens &#8211; Pris p\u00e5 Tagrens"},"content":{"rendered":"<p>[vc_row type=&#8221;full_width&#8221;][vc_column offset=&#8221;vc_hidden-xs&#8221;][layerslider_vc id=&#8221;5&#8243;][\/vc_column][vc_column offset=&#8221;vc_hidden-lg vc_hidden-md vc_hidden-sm&#8221;][layerslider_vc id=&#8221;6&#8243;][\/vc_column][\/vc_row][vc_row type=&#8221;full_width&#8221;][vc_column width=&#8221;1\/3&#8243; offset=&#8221;vc_hidden-xs&#8221; css=&#8221;.vc_custom_1611232802992{padding-bottom: 30px !important;background-color: #9ecd52 !important;}&#8221;][vc_icon icon_fontawesome=&#8221;fa fa-check&#8221; color=&#8221;white&#8221; size=&#8221;xl&#8221; align=&#8221;center&#8221; css_animation=&#8221;appear&#8221;][vc_custom_heading text=&#8221;Dr\u00e6ber algerne&#8221; font_container=&#8221;tag:h6|font_size:18|text_align:center|color:%23ffffff&#8221; css=&#8221;.vc_custom_1544100512143{margin-top: -30px !important;}&#8221;][\/vc_column][vc_column width=&#8221;1\/3&#8243; offset=&#8221;vc_hidden-xs&#8221; css=&#8221;.vc_custom_1611232795296{padding-bottom: 30px !important;background-color: #9ecd52 !important;}&#8221;][vc_icon icon_fontawesome=&#8221;fa fa-check&#8221; color=&#8221;white&#8221; size=&#8221;xl&#8221; align=&#8221;center&#8221; css_animation=&#8221;appear&#8221;][vc_custom_heading text=&#8221;Redder dit tag&#8221; font_container=&#8221;tag:h6|font_size:18|text_align:center|color:%23ffffff&#8221; css=&#8221;.vc_custom_1544100519572{margin-top: -30px !important;}&#8221;][\/vc_column][vc_column width=&#8221;1\/3&#8243; offset=&#8221;vc_hidden-xs&#8221; css=&#8221;.vc_custom_1611232789391{padding-bottom: 30px !important;background-color: #9ecd52 !important;}&#8221;][vc_icon icon_fontawesome=&#8221;fa fa-check&#8221; color=&#8221;white&#8221; size=&#8221;xl&#8221; align=&#8221;center&#8221; css_animation=&#8221;appear&#8221;][vc_custom_heading text=&#8221;Billig l\u00f8sning&#8221; font_container=&#8221;tag:h6|font_size:18|text_align:center|color:%23ffffff&#8221; css=&#8221;.vc_custom_1544100542604{margin-top: -30px !important;}&#8221;][\/vc_column][\/vc_row][vc_row css=&#8221;.vc_custom_1544101479047{padding-top: 40px !important;}&#8221;][vc_column width=&#8221;2\/3&#8243;][vc_custom_heading text=&#8221;PRISER P\u00c5 TAGRENS OG ALGEBEHANDLING AF TAG&#8221; font_container=&#8221;tag:h2|text_align:left|color:%23000000&#8243; el_class=&#8221;heading-title-2&#8243;][vc_column_text]St\u00e5r du og mangler en pris p\u00e5 tagrens? Vi bliver af gode grunde ofte spurgt hvad det koster at f\u00e5 renset sit tag. Derfor har vi lavet denne side, der kan give dig en bedre ide om prisen (se priseksempler l\u00e6ngere nede ad siden). Den helt pr\u00e6cise pris f\u00e5r du dog kun ved at kontakte os. N\u00e5r det kommer til tagrens afh\u00e6nger prisen nemllig i s\u00e6rlig grad af flere r\u00e6kke faktorer og hvad \u00f8nsker du at opn\u00e5. For en algebehandling af taget har vi en mindstepris p\u00e5 900 kr., men med tagrens skal der tages h\u00f8jde for bla.:<\/p>\n<ul>\n<li>Tagets materiale<\/li>\n<li>Tagets st\u00f8rrelse<\/li>\n<li>Hvor tilg\u00e6ngeligt er taget (etager \/ h\u00e6ldning \/ omgivelser)<\/li>\n<li>Tagets stand og alder<\/li>\n<\/ul>\n<p>Den mest \u00e5benlyse faktor er naturligvis st\u00f8rrelsen, da et st\u00f8rre tag kr\u00e6ver l\u00e6ngere tid at rense. Tagets materiale er ogs\u00e5 en faktor eftersom nogle materialer skal h\u00e5ndteres p\u00e5 en mere delikat facon end andre. Derudover spiller tilg\u00e6ngeligheden ind &#8211; h\u00e6ldningen p\u00e5 taget, og om det ligger i en h\u00f8jde, hvor det er n\u00f8dvendigt at bruge lift.<\/p>\n<p>Vejret spiller ogs\u00e5 ind, eftersom meget regn forbedrer v\u00e6kstbetingelserne for alger og mos. Dette betyder naturligvis ikke at prisen bliver h\u00f8jere, men det p\u00e5virke hvor ofte et tag vil have behov for at blive renset. Bor man t\u00e6t ved strand og vand kan salt i luften ogs\u00e5 betyde at man b\u00f8r f\u00e5 renset taget oftere.<\/p>\n<p>Nedenfor finder du priseksempler som dog kun er vejledende og derfor kun giver en indikation p\u00e5 en ca. prisramme for en tagrens.<\/p>\n<p>Mindre hus, en etage (priseksempel kommer snart)<br \/>\nMellemstort hus en etage (priseksempel kommer snart)<br \/>\nSt\u00f8rre hus en etage (priseksempel kommer snart)<\/p>\n<p>Mellemstort hus I 2 etager (priseksempel kommer snart)<br \/>\nSt\u00f8rre hus I 2 etager (priseksempel kommer snart)<\/p>\n<p>Hvis taget skal fremst\u00e5 n\u00e6sten som nyt efter tagrensningen er det n\u00f8dvendigt at anvende blegemiddel og bl\u00f8dvask \u2013 h\u00f8jtryksrens anvendes hvis det vurderes at tagpladerne ikke er for skr\u00f8belige. En komplet restaurering koster naturligvis mere eftersom det kr\u00e6ver den mest omfattende behandling. Skal taget fremst\u00e5 som nyt ligger prisen typisk i den h\u00f8jere ende da det kr\u00e6ver b\u00e5de mere tid og en mere intensiv proces.<\/p>\n<p><strong>Tagrens er en smart investering for den eftert\u00e6nksomme husejer<\/strong><br \/>\nTagrens er m\u00e5ske ikke ligefrem billigt da det ofte er en omfattende opgave. Men n\u00e5r du t\u00e6nker p\u00e5 at dit hus m\u00e5ske er din st\u00f8rste investering gennem hele livet og taget m\u00e5ske det dyreste at erstatte er tagrens meget billig set i forhold til. Tagrens er med andre ord en omkostningseffektiv m\u00e5de at beskytte din investering og forl\u00e6nge dit tags levetid.<\/p>\n<p>Hos Jysk Algeservice tilbyder vi landets bedste priser uden at g\u00e5 p\u00e5 kompromis med kvaliteten.<\/p>\n<p class=\"p1\">[su_button url=&#8221;tel:4542570999&#8243; background=&#8221;#9ecd52&#8243; color=&#8221;#ffffff&#8221; size=&#8221;5&#8243; icon=&#8221;icon: phone&#8221; icon_color=&#8221;#ffffff&#8221;]Ring[\/su_button] [su_button url=&#8221;mailto:info@jyskalgeservice.dk&#8221; background=&#8221;#9ecd52&#8243; color=&#8221;#ffffff&#8221; size=&#8221;5&#8243; icon=&#8221;icon: send-o&#8221; icon_color=&#8221;#ffffff&#8221;]Email[\/su_button]<\/p>\n<p class=\"p1\">[su_button url=&#8221;\/kontakt\/&#8221; background=&#8221;#9ecd52&#8243; color=&#8221;#ffffff&#8221; size=&#8221;5&#8243; icon=&#8221;icon: envelope-o&#8221; icon_color=&#8221;#ffffff&#8221;]Kontakt os[\/su_button]<\/p>\n<p>[\/vc_column_text][\/vc_column][vc_column width=&#8221;1\/3&#8243;][vc_single_image image=&#8221;75213&#8243; img_size=&#8221;full&#8221; alignment=&#8221;right&#8221;][vc_custom_heading text=&#8221;BLIV KLOGERE P\u00c5 TAGRENS OG ALGER&#8221; font_container=&#8221;tag:h3|text_align:left&#8221; el_class=&#8221;heading-title-2&#8243;][vc_column_text]Benyt nedest\u00e5ende links og f\u00e5 svar p\u00e5 alle dine sp\u00f8rgsm\u00e5l om alger og tagrens.<\/p>\n<p>[su_list]<\/p>\n<ul>\n<li><a href=\"https:\/\/dazzling-bhaskara.46-4-121-245.plesk.page\/tagrens-hvorfor\/\">Hvorfor tagrens og algebehandling?<\/a><\/li>\n<li><a href=\"https:\/\/dazzling-bhaskara.46-4-121-245.plesk.page\/tagrens-pris\/\">Hvad koster tagrens?<\/a><\/li>\n<li><a href=\"https:\/\/dazzling-bhaskara.46-4-121-245.plesk.page\/tagrens-saadan\/\">S\u00e5dan renser vi dit tag<\/a><\/li>\n<li><a href=\"https:\/\/dazzling-bhaskara.46-4-121-245.plesk.page\/tagrens-hvor-ofte\/\">Hvor ofte b\u00f8r man f\u00e5 renset tag?<\/a><\/li>\n<li><a href=\"https:\/\/dazzling-bhaskara.46-4-121-245.plesk.page\/alger-paa-taget\/\">Hvad er alger p\u00e5 taget?<\/a><\/li>\n<li><a href=\"https:\/\/dazzling-bhaskara.46-4-121-245.plesk.page\/tagrens-spoergsmaal\/\">Ofte stillede sp\u00f8rgsm\u00e5l om alger og tagrens<\/a><\/li>\n<\/ul>\n<p>[\/su_list][\/vc_column_text][\/vc_column][\/vc_row][vc_row type=&#8221;full_width&#8221; css=&#8221;.vc_custom_1611216782133{margin-top: 15px !important;}&#8221;][vc_column width=&#8221;1\/3&#8243; offset=&#8221;vc_hidden-lg vc_hidden-md vc_hidden-sm&#8221; css=&#8221;.vc_custom_1611216651172{background-color: #9ecd52 !important;}&#8221;][vc_icon icon_fontawesome=&#8221;fa fa-check&#8221; color=&#8221;white&#8221; size=&#8221;xl&#8221; align=&#8221;center&#8221; css_animation=&#8221;appear&#8221;][vc_custom_heading text=&#8221;Dr\u00e6ber algerne&#8221; font_container=&#8221;tag:h6|font_size:18|text_align:center|color:%23ffffff&#8221; css=&#8221;.vc_custom_1544100512143{margin-top: -30px !important;}&#8221;][\/vc_column][vc_column width=&#8221;1\/3&#8243; offset=&#8221;vc_hidden-lg vc_hidden-md vc_hidden-sm&#8221; css=&#8221;.vc_custom_1611216525885{background-color: #9ecd52 !important;}&#8221;][vc_icon icon_fontawesome=&#8221;fa fa-check&#8221; color=&#8221;white&#8221; size=&#8221;xl&#8221; align=&#8221;center&#8221; css_animation=&#8221;appear&#8221;][vc_custom_heading text=&#8221;Redder dit tag&#8221; font_container=&#8221;tag:h6|font_size:18|text_align:center|color:%23ffffff&#8221; css=&#8221;.vc_custom_1544100519572{margin-top: -30px !important;}&#8221;][\/vc_column][vc_column width=&#8221;1\/3&#8243; offset=&#8221;vc_hidden-lg vc_hidden-md vc_hidden-sm&#8221; css=&#8221;.vc_custom_1611216532527{background-color: #9ecd52 !important;}&#8221;][vc_icon icon_fontawesome=&#8221;fa fa-check&#8221; color=&#8221;white&#8221; size=&#8221;xl&#8221; align=&#8221;center&#8221; css_animation=&#8221;appear&#8221;][vc_custom_heading text=&#8221;Billig l\u00f8sning&#8221; font_container=&#8221;tag:h6|font_size:18|text_align:center|color:%23ffffff&#8221; css=&#8221;.vc_custom_1611232979017{margin-top: -30px !important;padding-bottom: 30px !important;}&#8221;][\/vc_column][\/vc_row][vc_row css=&#8221;.vc_custom_1611216333998{padding-top: 15px !important;padding-bottom: 15px !important;background-color: #f7f7f7 !important;}&#8221;][vc_column width=&#8221;1\/4&#8243;][vc_custom_heading text=&#8221;S\u00c5DAN G\u00d8R VI&#8221; font_container=&#8221;tag:h6|font_size:30|text_align:center|color:%23000000&#8243; el_class=&#8221;heading-title-2&#8243; css=&#8221;.vc_custom_1544104102947{margin-top: 15px !important;margin-bottom: 15px !important;}&#8221;][vc_custom_heading text=&#8221;ALGEBEHANDLING AF TAG&#8221; font_container=&#8221;tag:h2|font_size:16|text_align:left|color:%23c7c7c7&#8243;][\/vc_column][vc_column width=&#8221;1\/4&#8243;][vc_custom_heading text=&#8221;1&#8243; font_container=&#8221;tag:h6|font_size:40|text_align:center|color:%239ecd52&#8243; css=&#8221;.vc_custom_1544101551605{padding-bottom: 10px !important;}&#8221;][vc_custom_heading text=&#8221;Vi algebehandler taget med en algebehandling som dr\u00e6ber algernes r\u00f8dder..&#8221; font_container=&#8221;tag:h6|font_size:18|text_align:center|color:%23000000&#8243; css=&#8221;.vc_custom_1544537610497{margin-top: -30px !important;}&#8221;][\/vc_column][vc_column width=&#8221;1\/4&#8243;][vc_custom_heading text=&#8221;2&#8243; font_container=&#8221;tag:h6|font_size:40|text_align:center|color:%239ecd52&#8243; css=&#8221;.vc_custom_1544101580882{padding-bottom: 10px !important;}&#8221;][vc_custom_heading text=&#8221;.. spr\u00f8jter en skumblanding p\u00e5 som s\u00f8rger for at algebehandlingen bliver liggende p\u00e5 taget..&#8221; font_container=&#8221;tag:h6|font_size:18|text_align:center|color:%23000000&#8243; css=&#8221;.vc_custom_1544537651912{margin-top: -30px !important;}&#8221;][\/vc_column][vc_column width=&#8221;1\/4&#8243;][vc_custom_heading text=&#8221;3&#8243; font_container=&#8221;tag:h6|font_size:40|text_align:center|color:%239ecd52&#8243; css=&#8221;.vc_custom_1544101591764{padding-bottom: 10px !important;}&#8221;][vc_custom_heading text=&#8221;.. og efter f\u00e5 uger vil algerne visne og vil med tiden falde af taget, alt afh\u00e6ngigt af vind og vejr.&#8221; font_container=&#8221;tag:h6|font_size:18|text_align:center|color:%230a0a0a&#8221; css=&#8221;.vc_custom_1544537944837{margin-top: -30px !important;}&#8221;][\/vc_column][\/vc_row][vc_row css=&#8221;.vc_custom_1544103126775{margin-top: 40px !important;padding-top: 40px !important;padding-bottom: 40px !important;background-color: #f7f7f7 !important;}&#8221;][vc_column width=&#8221;1\/3&#8243; offset=&#8221;vc_hidden-sm vc_hidden-xs&#8221;][vc_single_image image=&#8221;75601&#8243; img_size=&#8221;full&#8221; css_animation=&#8221;left-to-right&#8221; el_class=&#8221;.colorbg&#8221;][\/vc_column][vc_column width=&#8221;2\/3&#8243;][vc_custom_heading text=&#8221;HELE DANMARK ER VORES ARBEJDSPLADS&#8221; font_container=&#8221;tag:h3|text_align:left|color:%23000000&#8243; el_class=&#8221;heading-title-2&#8243;][vc_column_text]Algerne gror over hele Danmark, og om du bor p\u00e5 Sj\u00e6lland, Fyn eller i Jylland, s\u00e5 er vi klar til at komme forbi dig, og hj\u00e6lpe dig i din kamp imod algerne.<\/p>\n<p style=\"color: #000;\"><b>Kontakt os i dag og f\u00e5 et skarpt tilbud<\/b><\/p>\n<p class=\"p1\">[su_button url=&#8221;tel:4542570999&#8243; background=&#8221;#84c758&#8243; color=&#8221;#ffffff&#8221; size=&#8221;5&#8243; icon=&#8221;icon: phone&#8221; icon_color=&#8221;#ffffff&#8221;]Ring[\/su_button] [su_button url=&#8221;mailto:info@jyskalgeservice.dk&#8221; background=&#8221;#84c758&#8243; color=&#8221;#ffffff&#8221; size=&#8221;5&#8243; icon=&#8221;icon: send-o&#8221; icon_color=&#8221;#ffffff&#8221;]Email[\/su_button]<\/p>\n<p class=\"p1\">[su_button url=&#8221;\/kontakt\/&#8221; background=&#8221;#84c758&#8243; color=&#8221;#ffffff&#8221; size=&#8221;5&#8243; icon=&#8221;icon: envelope-o&#8221; icon_color=&#8221;#ffffff&#8221;]Kontakt os[\/su_button]<\/p>\n<p>[\/vc_column_text][\/vc_column][\/vc_row]<\/p>\n","protected":false},"excerpt":{"rendered":"<p>[vc_row type=&#8221;full_width&#8221;][vc_column offset=&#8221;vc_hidden-xs&#8221;][layerslider_vc id=&#8221;5&#8243;][\/vc_column][vc_column offset=&#8221;vc_hidden-lg vc_hidden-md vc_hidden-sm&#8221;][layerslider_vc id=&#8221;6&#8243;][\/vc_column][\/vc_row][vc_row type=&#8221;full_width&#8221;][vc_column width=&#8221;1\/3&#8243; offset=&#8221;vc_hidden-xs&#8221; css=&#8221;.vc_custom_1611232802992{padding-bottom: 30px !important;background-color: #9ecd52 !important;}&#8221;][vc_icon icon_fontawesome=&#8221;fa fa-check&#8221; color=&#8221;white&#8221; size=&#8221;xl&#8221; [&hellip;]<\/p>\n","protected":false},"author":2,"featured_media":0,"parent":0,"menu_order":0,"comment_status":"closed","ping_status":"closed","template":"","meta":{"site-sidebar-layout":"default","site-content-layout":"","ast-site-content-layout":"default","site-content-style":"default","site-sidebar-style":"default","ast-global-header-display":"","ast-banner-title-visibility":"","ast-main-header-display":"","ast-hfb-above-header-display":"","ast-hfb-below-header-display":"","ast-hfb-mobile-header-display":"","site-post-title":"","ast-breadcrumbs-content":"","ast-featured-img":"","footer-sml-layout":"","ast-disable-related-posts":"","theme-transparent-header-meta":"","adv-header-id-meta":"","stick-header-meta":"","header-above-stick-meta":"","header-main-stick-meta":"","header-below-stick-meta":"","astra-migrate-meta-layouts":"default","ast-page-background-enabled":"default","ast-page-background-meta":{"desktop":{"background-color":"var(--ast-global-color-5)","background-image":"","background-repeat":"repeat","background-position":"center center","background-size":"auto","background-attachment":"scroll","background-type":"","background-media":"","overlay-type":"","overlay-color":"","overlay-opacity":"","overlay-gradient":""},"tablet":{"background-color":"","background-image":"","background-repeat":"repeat","background-position":"center center","background-size":"auto","background-attachment":"scroll","background-type":"","background-media":"","overlay-type":"","overlay-color":"","overlay-opacity":"","overlay-gradient":""},"mobile":{"background-color":"","background-image":"","background-repeat":"repeat","background-position":"center center","background-size":"auto","background-attachment":"scroll","background-type":"","background-media":"","overlay-type":"","overlay-color":"","overlay-opacity":"","overlay-gradient":""}},"ast-content-background-meta":{"desktop":{"background-color":"var(--ast-global-color-4)","background-image":"","background-repeat":"repeat","background-position":"center center","background-size":"auto","background-attachment":"scroll","background-type":"","background-media":"","overlay-type":"","overlay-color":"","overlay-opacity":"","overlay-gradient":""},"tablet":{"background-color":"var(--ast-global-color-4)","background-image":"","background-repeat":"repeat","background-position":"center center","background-size":"auto","background-attachment":"scroll","background-type":"","background-media":"","overlay-type":"","overlay-color":"","overlay-opacity":"","overlay-gradient":""},"mobile":{"background-color":"var(--ast-global-color-4)","background-image":"","background-repeat":"repeat","background-position":"center center","background-size":"auto","background-attachment":"scroll","background-type":"","background-media":"","overlay-type":"","overlay-color":"","overlay-opacity":"","overlay-gradient":""}},"footnotes":""},"class_list":["post-76143","page","type-page","status-publish","hentry"],"yoast_head":"<!-- This site is optimized with the Yoast SEO plugin v26.9 - https:\/\/yoast.com\/product\/yoast-seo-wordpress\/ -->\n<title>Pris p\u00e5 tagrens - professionel tagrens og algebehandling i hele DK<\/title>\n<meta name=\"description\" content=\"Kontakt os i dag og f\u00e5 en god pris p\u00e5 tagrens. Vi giver dit tag et nyt liv med effektiv algebehandlling. Vores produkter er milj\u00f8godkendte.\" \/>\n<meta name=\"robots\" content=\"noindex, follow, max-snippet:-1, max-image-preview:large, max-video-preview:-1\" \/>\n<meta property=\"og:locale\" content=\"en_US\" \/>\n<meta property=\"og:type\" content=\"article\" \/>\n<meta property=\"og:title\" content=\"Pris p\u00e5 tagrens - professionel tagrens og algebehandling i hele DK\" \/>\n<meta property=\"og:description\" content=\"Kontakt os i dag og f\u00e5 en god pris p\u00e5 tagrens. Vi giver dit tag et nyt liv med effektiv algebehandlling. Vores produkter er milj\u00f8godkendte.\" \/>\n<meta property=\"og:url\" content=\"https:\/\/dazzling-bhaskara.46-4-121-245.plesk.page\/index.php\/tagrens-pris\/\" \/>\n<meta property=\"og:site_name\" content=\"Everything Inc.\" \/>\n<meta name=\"twitter:card\" content=\"summary_large_image\" \/>\n<meta name=\"twitter:label1\" content=\"Est. reading time\" \/>\n\t<meta name=\"twitter:data1\" content=\"6 minutes\" \/>\n<script type=\"application\/ld+json\" class=\"yoast-schema-graph\">{\"@context\":\"https:\/\/schema.org\",\"@graph\":[{\"@type\":\"WebPage\",\"@id\":\"https:\/\/dazzling-bhaskara.46-4-121-245.plesk.page\/index.php\/tagrens-pris\/\",\"url\":\"https:\/\/dazzling-bhaskara.46-4-121-245.plesk.page\/index.php\/tagrens-pris\/\",\"name\":\"Pris p\u00e5 tagrens - professionel tagrens og algebehandling i hele DK\",\"isPartOf\":{\"@id\":\"https:\/\/dazzling-bhaskara.46-4-121-245.plesk.page\/#website\"},\"datePublished\":\"2021-03-16T09:29:21+00:00\",\"description\":\"Kontakt os i dag og f\u00e5 en god pris p\u00e5 tagrens. Vi giver dit tag et nyt liv med effektiv algebehandlling. Vores produkter er milj\u00f8godkendte.\",\"breadcrumb\":{\"@id\":\"https:\/\/dazzling-bhaskara.46-4-121-245.plesk.page\/index.php\/tagrens-pris\/#breadcrumb\"},\"inLanguage\":\"en-US\",\"potentialAction\":[{\"@type\":\"ReadAction\",\"target\":[\"https:\/\/dazzling-bhaskara.46-4-121-245.plesk.page\/index.php\/tagrens-pris\/\"]}]},{\"@type\":\"BreadcrumbList\",\"@id\":\"https:\/\/dazzling-bhaskara.46-4-121-245.plesk.page\/index.php\/tagrens-pris\/#breadcrumb\",\"itemListElement\":[{\"@type\":\"ListItem\",\"position\":1,\"name\":\"Home\",\"item\":\"https:\/\/dazzling-bhaskara.46-4-121-245.plesk.page\/\"},{\"@type\":\"ListItem\",\"position\":2,\"name\":\"Tagrens &#8211; Pris p\u00e5 Tagrens\"}]},{\"@type\":\"WebSite\",\"@id\":\"https:\/\/dazzling-bhaskara.46-4-121-245.plesk.page\/#website\",\"url\":\"https:\/\/dazzling-bhaskara.46-4-121-245.plesk.page\/\",\"name\":\"Everything Inc.\",\"description\":\"\",\"potentialAction\":[{\"@type\":\"SearchAction\",\"target\":{\"@type\":\"EntryPoint\",\"urlTemplate\":\"https:\/\/dazzling-bhaskara.46-4-121-245.plesk.page\/?s={search_term_string}\"},\"query-input\":{\"@type\":\"PropertyValueSpecification\",\"valueRequired\":true,\"valueName\":\"search_term_string\"}}],\"inLanguage\":\"en-US\"}]}<\/script>\n<!-- \/ Yoast SEO plugin. -->","yoast_head_json":{"title":"Pris p\u00e5 tagrens - professionel tagrens og algebehandling i hele DK","description":"Kontakt os i dag og f\u00e5 en god pris p\u00e5 tagrens. Vi giver dit tag et nyt liv med effektiv algebehandlling. Vores produkter er milj\u00f8godkendte.","robots":{"index":"noindex","follow":"follow","max-snippet":"max-snippet:-1","max-image-preview":"max-image-preview:large","max-video-preview":"max-video-preview:-1"},"og_locale":"en_US","og_type":"article","og_title":"Pris p\u00e5 tagrens - professionel tagrens og algebehandling i hele DK","og_description":"Kontakt os i dag og f\u00e5 en god pris p\u00e5 tagrens. Vi giver dit tag et nyt liv med effektiv algebehandlling. Vores produkter er milj\u00f8godkendte.","og_url":"https:\/\/dazzling-bhaskara.46-4-121-245.plesk.page\/index.php\/tagrens-pris\/","og_site_name":"Everything Inc.","twitter_card":"summary_large_image","twitter_misc":{"Est. reading time":"6 minutes"},"schema":{"@context":"https:\/\/schema.org","@graph":[{"@type":"WebPage","@id":"https:\/\/dazzling-bhaskara.46-4-121-245.plesk.page\/index.php\/tagrens-pris\/","url":"https:\/\/dazzling-bhaskara.46-4-121-245.plesk.page\/index.php\/tagrens-pris\/","name":"Pris p\u00e5 tagrens - professionel tagrens og algebehandling i hele DK","isPartOf":{"@id":"https:\/\/dazzling-bhaskara.46-4-121-245.plesk.page\/#website"},"datePublished":"2021-03-16T09:29:21+00:00","description":"Kontakt os i dag og f\u00e5 en god pris p\u00e5 tagrens. Vi giver dit tag et nyt liv med effektiv algebehandlling. Vores produkter er milj\u00f8godkendte.","breadcrumb":{"@id":"https:\/\/dazzling-bhaskara.46-4-121-245.plesk.page\/index.php\/tagrens-pris\/#breadcrumb"},"inLanguage":"en-US","potentialAction":[{"@type":"ReadAction","target":["https:\/\/dazzling-bhaskara.46-4-121-245.plesk.page\/index.php\/tagrens-pris\/"]}]},{"@type":"BreadcrumbList","@id":"https:\/\/dazzling-bhaskara.46-4-121-245.plesk.page\/index.php\/tagrens-pris\/#breadcrumb","itemListElement":[{"@type":"ListItem","position":1,"name":"Home","item":"https:\/\/dazzling-bhaskara.46-4-121-245.plesk.page\/"},{"@type":"ListItem","position":2,"name":"Tagrens &#8211; Pris p\u00e5 Tagrens"}]},{"@type":"WebSite","@id":"https:\/\/dazzling-bhaskara.46-4-121-245.plesk.page\/#website","url":"https:\/\/dazzling-bhaskara.46-4-121-245.plesk.page\/","name":"Everything Inc.","description":"","potentialAction":[{"@type":"SearchAction","target":{"@type":"EntryPoint","urlTemplate":"https:\/\/dazzling-bhaskara.46-4-121-245.plesk.page\/?s={search_term_string}"},"query-input":{"@type":"PropertyValueSpecification","valueRequired":true,"valueName":"search_term_string"}}],"inLanguage":"en-US"}]}},"_links":{"self":[{"href":"https:\/\/dazzling-bhaskara.46-4-121-245.plesk.page\/index.php\/wp-json\/wp\/v2\/pages\/76143","targetHints":{"allow":["GET"]}}],"collection":[{"href":"https:\/\/dazzling-bhaskara.46-4-121-245.plesk.page\/index.php\/wp-json\/wp\/v2\/pages"}],"about":[{"href":"https:\/\/dazzling-bhaskara.46-4-121-245.plesk.page\/index.php\/wp-json\/wp\/v2\/types\/page"}],"author":[{"embeddable":true,"href":"https:\/\/dazzling-bhaskara.46-4-121-245.plesk.page\/index.php\/wp-json\/wp\/v2\/users\/2"}],"replies":[{"embeddable":true,"href":"https:\/\/dazzling-bhaskara.46-4-121-245.plesk.page\/index.php\/wp-json\/wp\/v2\/comments?post=76143"}],"version-history":[{"count":0,"href":"https:\/\/dazzling-bhaskara.46-4-121-245.plesk.page\/index.php\/wp-json\/wp\/v2\/pages\/76143\/revisions"}],"wp:attachment":[{"href":"https:\/\/dazzling-bhaskara.46-4-121-245.plesk.page\/index.php\/wp-json\/wp\/v2\/media?parent=76143"}],"curies":[{"name":"wp","href":"https:\/\/api.w.org\/{rel}","templated":true}]}}