{"id":76209,"date":"2021-03-16T14:24:37","date_gmt":"2021-03-16T14:24:37","guid":{"rendered":"https:\/\/jyskalgeservice.dk\/?page_id=76209"},"modified":"2021-03-16T14:24:37","modified_gmt":"2021-03-16T14:24:37","slug":"tagrens-spoergsmaal","status":"publish","type":"page","link":"https:\/\/dazzling-bhaskara.46-4-121-245.plesk.page\/index.php\/tagrens-spoergsmaal\/","title":{"rendered":"Tagrens &#8211; ofte stilllede sp\u00f8rgsm\u00e5l"},"content":{"rendered":"<p>[vc_row css=&#8221;.vc_custom_1544101479047{padding-top: 40px !important;}&#8221;][vc_column width=&#8221;2\/3&#8243;][vc_custom_heading text=&#8221;Tagrens &#8211; Ofte stillede sp\u00f8rgsm\u00e5l&#8221; font_container=&#8221;tag:h2|text_align:left|color:%23000000&#8243; el_class=&#8221;heading-title-2&#8243;][vc_column_text]<strong>Hvad koster det at f\u00e5 renset tag?<\/strong><br \/>\nVi har en mindstepris p\u00e5. Derudover afh\u00e6nger det af flere faktorer. L\u00e6s mere here.<\/p>\n<p><strong>Kan mit tag tage skade?<\/strong><br \/>\nVisse typer tagplader er skr\u00f8belige og egner sig fx. Ikke til h\u00f8jtryksspuling. Det vurderer vi naturligvis s\u00e5ledes vi sikrer at dit tag aldrig tager skade n\u00e5r vi er p\u00e5 bes\u00f8g hos dig.<\/p>\n<p><strong>Hvordan kommer mit tag til at se ud efter rensning?<\/strong><br \/>\nHvis taget er relativt nyt kan det komme til at fremst\u00e5 som nyt, men det afh\u00e6nger dog af tagets stand inden rensningen p\u00e5begyndes.<\/p>\n<p><strong>Hvad skal jeg g\u00f8re inden i kommer?<br \/>\n<\/strong>Der er ikke noget du skal g\u00f8re inden vi kommer. Dog kan det v\u00e6re en fordel hvis..<\/p>\n<p><strong>Skal jeg v\u00e6re hjemme?<\/strong><br \/>\nNej, s\u00e5l\u00e6nge vi kan komme ind p\u00e5 din grund s\u00e5 er der ingen til at du er hjemme.<\/p>\n<p><strong>Udf\u00f8rer i tagrens for b\u00e5de privat og erhverv?<br \/>\n<\/strong>Vi udf\u00f8rer algebehandling af tag b\u00e5de hos privat og erhvervskunder i hele landet.<\/p>\n<p><strong>Renser i alle typer tage?<\/strong><br \/>\nUanset om dit tag er af beton, eternit, skifer, tegl eller tagpap s\u00e5 kan vi rense det!<\/p>\n<p><strong>Hvor ofte b\u00f8r jeg f\u00e5 renset tag?<br \/>\n<\/strong>N\u00e5r dit tag er blevet professionelt renset b\u00f8r det bevare det gode udseende i 5-6 \u00e5r. Men det afh\u00e6nger naturligvis af de naturlige faktorer, s\u00e5som t\u00e6theden af tr\u00e6er omkring huset. Alger kommer hurtigere tilbage i omr\u00e5der med med mange tr\u00e6er eftersom de trives i fugtige og m\u00f8rke omr\u00e5der.<\/p>\n<p><strong>Kan mos p\u00e5 taget for\u00e5rsage skade?<\/strong><br \/>\nJa. Efterh\u00e5nden som mos gror og bliver tykkere kan det l\u00f8fte tagpladerne indtil de I sidste ende kn\u00e6kker, hvilket ikke blot kr\u00e6ver reparation men ogs\u00e5 bevirker at regn kan tr\u00e6nge ned igennem tagpladerne.<\/p>\n<p><strong>Kan blegemiddel beskadige mine tagplader?<\/strong><br \/>\nBlegemiddel b\u00f8r ikke anvendes ofte da gentagen brug med kemikalier kan beskadige tagpladerne og forkorte tagets levetid.<\/p>\n<p><strong>Kan eddike dr\u00e6be mos p\u00e5 taget?<\/strong><br \/>\nJa. Eddike er en svag syre og kan dr\u00e6be u\u00f8nsket v\u00e6kst. Det g\u00f8r mos lettere at skrabe af taget. Man skal dog altid v\u00e6re p\u00e5passelig med ikke at f\u00e5 eddike I beplantningen omkring huset, fx. ved brug af pressening.<\/p>\n<p><strong>Kan mos skade mit tag?<\/strong><br \/>\nDet kan det, men typisk f\u00f8rst I store m\u00e6ngder.<br \/>\nIn a short answer yes it can, but it will only really damage your roof when there is large amounts of moss present on you roof. Certain roof tiles are also more prone to being damage than other, we have noticed when cleaning roofs that clay tiles seems to show signs of deterioration where moss has been on the tile for a long period of time, we have also seen cement tiles were moss has eaten into the tile causing pitting and defacing the tile.<br \/>\n\u200bOne of the mains areas we see damage on roofs caused by moss is on the cement pointing of ridge tile, valleys, chimney stacks and flaunching.<br \/>\nWill Pressure Washing a Roof Damage Roof The Tiles?<br \/>\nWe get asked all the time is it safe to pressure wash my roof or will pressure washing my roof damage the roof tile so we carried out a little test to show exactly if pressure washing does cause damage to roofing tiles.<\/p>\n<p><strong>Hvor lang tid tager en tagrens?<\/strong><br \/>\nDet afh\u00e6nger af tagets forfatning -fx. Hvor meget skidt der har ophobet sig igennem \u00e5rene \u2013 derudover afh\u00e6nger det ogs\u00e5 af tagets st\u00f8rrelse naturligvis og hvor sv\u00e6rt tilg\u00e6ngeligt taget er.<\/p>\n<p><strong>Hvorn\u00e5r b\u00f8r jeg f\u00e5 renset taget?<\/strong><br \/>\nDet afh\u00e6nger af dit tag. Hvis det er I slem forfatning anbefaler vi at f\u00e5 det gjort s\u00e5 hurtigt som muligt. Ellers I begyndelsen af efter\u00e5ret s\u00e5 du er klar til vinteren. Men det er mest relevant at f\u00e5 det gjort s\u00e5 snart taget tr\u00e6nger til det.<\/p>\n<p><strong>Hvordan ved jeg hvorn\u00e5r det er tid til at f\u00e5 renset tag?<\/strong><br \/>\nDet er vigtigt at du holder \u00f8je med dit tag. Er der noget ud over det s\u00e6dvanlige som mos v\u00e6kst eller manglende tagplader eller andre tegn p\u00e5 skade er det indikation p\u00e5 at det er ved at v\u00e6re tid.<\/p>\n<p><strong>Kan jeg rense mit tag selv?<\/strong><br \/>\nDu skal I hvert fald v\u00e6re tryg ved at g\u00e5 p\u00e5 taget anvende de rette sikkerhedsforanstaltninger og ikke mindst vide hvad du g\u00f8r. Det kan naturligvis godt lade sig g\u00f8re, men mange er mest trygge ved at overlade opgaven til en professionel.<\/p>\n<p class=\"p1\">[su_button url=&#8221;tel:4542570999&#8243; background=&#8221;#9ecd52&#8243; color=&#8221;#ffffff&#8221; size=&#8221;5&#8243; icon=&#8221;icon: phone&#8221; icon_color=&#8221;#ffffff&#8221;]Ring[\/su_button] [su_button url=&#8221;mailto:info@jyskalgeservice.dk&#8221; background=&#8221;#9ecd52&#8243; color=&#8221;#ffffff&#8221; size=&#8221;5&#8243; icon=&#8221;icon: send-o&#8221; icon_color=&#8221;#ffffff&#8221;]Email[\/su_button]<\/p>\n<p class=\"p1\">[su_button url=&#8221;\/kontakt\/&#8221; background=&#8221;#9ecd52&#8243; color=&#8221;#ffffff&#8221; size=&#8221;5&#8243; icon=&#8221;icon: envelope-o&#8221; icon_color=&#8221;#ffffff&#8221;]Kontakt os[\/su_button]<\/p>\n<p>[\/vc_column_text][\/vc_column][vc_column width=&#8221;1\/3&#8243;][vc_single_image image=&#8221;75213&#8243; img_size=&#8221;full&#8221; alignment=&#8221;right&#8221;][vc_custom_heading text=&#8221;BLIV KLOGERE P\u00c5 TAGRENS OG ALGER&#8221; font_container=&#8221;tag:h3|text_align:left&#8221; el_class=&#8221;heading-title-2&#8243;][vc_column_text]Benyt nedest\u00e5ende links og f\u00e5 svar p\u00e5 alle dine sp\u00f8rgsm\u00e5l om alger og tagrens.<\/p>\n<p>[su_list]<\/p>\n<ul>\n<li><a href=\"https:\/\/dazzling-bhaskara.46-4-121-245.plesk.page\/tagrens-hvorfor\/\">Hvorfor tagrens og algebehandling?<\/a><\/li>\n<li><a href=\"https:\/\/dazzling-bhaskara.46-4-121-245.plesk.page\/tagrens-pris\/\">Hvad koster tagrens?<\/a><\/li>\n<li><a href=\"https:\/\/dazzling-bhaskara.46-4-121-245.plesk.page\/tagrens-saadan\/\">S\u00e5dan renser vi dit tag<\/a><\/li>\n<li><a href=\"https:\/\/dazzling-bhaskara.46-4-121-245.plesk.page\/tagrens-hvor-ofte\/\">Hvor ofte b\u00f8r man f\u00e5 renset tag?<\/a><\/li>\n<li><a href=\"https:\/\/dazzling-bhaskara.46-4-121-245.plesk.page\/alger-paa-taget\/\">Hvad er alger p\u00e5 taget?<\/a><\/li>\n<li><a href=\"https:\/\/dazzling-bhaskara.46-4-121-245.plesk.page\/tagrens-spoergsmaal\/\">Ofte stillede sp\u00f8rgsm\u00e5l om alger og tagrens<\/a><\/li>\n<\/ul>\n<p>[\/su_list][\/vc_column_text][\/vc_column][\/vc_row][vc_row type=&#8221;full_width&#8221;][vc_column width=&#8221;1\/3&#8243; offset=&#8221;vc_hidden-xs&#8221; css=&#8221;.vc_custom_1611232802992{padding-bottom: 30px !important;background-color: #9ecd52 !important;}&#8221;][vc_icon icon_fontawesome=&#8221;fa fa-check&#8221; color=&#8221;white&#8221; size=&#8221;xl&#8221; align=&#8221;center&#8221; css_animation=&#8221;appear&#8221;][vc_custom_heading text=&#8221;Dr\u00e6ber algerne&#8221; font_container=&#8221;tag:h6|font_size:18|text_align:center|color:%23ffffff&#8221; css=&#8221;.vc_custom_1544100512143{margin-top: -30px !important;}&#8221;][\/vc_column][vc_column width=&#8221;1\/3&#8243; offset=&#8221;vc_hidden-xs&#8221; css=&#8221;.vc_custom_1611232795296{padding-bottom: 30px !important;background-color: #9ecd52 !important;}&#8221;][vc_icon icon_fontawesome=&#8221;fa fa-check&#8221; color=&#8221;white&#8221; size=&#8221;xl&#8221; align=&#8221;center&#8221; css_animation=&#8221;appear&#8221;][vc_custom_heading text=&#8221;Redder dit tag&#8221; font_container=&#8221;tag:h6|font_size:18|text_align:center|color:%23ffffff&#8221; css=&#8221;.vc_custom_1544100519572{margin-top: -30px !important;}&#8221;][\/vc_column][vc_column width=&#8221;1\/3&#8243; offset=&#8221;vc_hidden-xs&#8221; css=&#8221;.vc_custom_1611232789391{padding-bottom: 30px !important;background-color: #9ecd52 !important;}&#8221;][vc_icon icon_fontawesome=&#8221;fa fa-check&#8221; color=&#8221;white&#8221; size=&#8221;xl&#8221; align=&#8221;center&#8221; css_animation=&#8221;appear&#8221;][vc_custom_heading text=&#8221;Billig l\u00f8sning&#8221; font_container=&#8221;tag:h6|font_size:18|text_align:center|color:%23ffffff&#8221; css=&#8221;.vc_custom_1544100542604{margin-top: -30px !important;}&#8221;][\/vc_column][\/vc_row][vc_row type=&#8221;full_width&#8221; css=&#8221;.vc_custom_1611216782133{margin-top: 15px !important;}&#8221;][vc_column width=&#8221;1\/3&#8243; offset=&#8221;vc_hidden-lg vc_hidden-md vc_hidden-sm&#8221; css=&#8221;.vc_custom_1611216651172{background-color: #9ecd52 !important;}&#8221;][vc_icon icon_fontawesome=&#8221;fa fa-check&#8221; color=&#8221;white&#8221; size=&#8221;xl&#8221; align=&#8221;center&#8221; css_animation=&#8221;appear&#8221;][vc_custom_heading text=&#8221;Dr\u00e6ber algerne&#8221; font_container=&#8221;tag:h6|font_size:18|text_align:center|color:%23ffffff&#8221; css=&#8221;.vc_custom_1544100512143{margin-top: -30px !important;}&#8221;][\/vc_column][vc_column width=&#8221;1\/3&#8243; offset=&#8221;vc_hidden-lg vc_hidden-md vc_hidden-sm&#8221; css=&#8221;.vc_custom_1611216525885{background-color: #9ecd52 !important;}&#8221;][vc_icon icon_fontawesome=&#8221;fa fa-check&#8221; color=&#8221;white&#8221; size=&#8221;xl&#8221; align=&#8221;center&#8221; css_animation=&#8221;appear&#8221;][vc_custom_heading text=&#8221;Redder dit tag&#8221; font_container=&#8221;tag:h6|font_size:18|text_align:center|color:%23ffffff&#8221; css=&#8221;.vc_custom_1544100519572{margin-top: -30px !important;}&#8221;][\/vc_column][vc_column width=&#8221;1\/3&#8243; offset=&#8221;vc_hidden-lg vc_hidden-md vc_hidden-sm&#8221; css=&#8221;.vc_custom_1611216532527{background-color: #9ecd52 !important;}&#8221;][vc_icon icon_fontawesome=&#8221;fa fa-check&#8221; color=&#8221;white&#8221; size=&#8221;xl&#8221; align=&#8221;center&#8221; css_animation=&#8221;appear&#8221;][vc_custom_heading text=&#8221;Billig l\u00f8sning&#8221; font_container=&#8221;tag:h6|font_size:18|text_align:center|color:%23ffffff&#8221; css=&#8221;.vc_custom_1611232979017{margin-top: -30px !important;padding-bottom: 30px !important;}&#8221;][\/vc_column][\/vc_row][vc_row css=&#8221;.vc_custom_1611216333998{padding-top: 15px !important;padding-bottom: 15px !important;background-color: #f7f7f7 !important;}&#8221;][vc_column width=&#8221;1\/4&#8243;][vc_custom_heading text=&#8221;S\u00c5DAN G\u00d8R VI&#8221; font_container=&#8221;tag:h6|font_size:30|text_align:center|color:%23000000&#8243; el_class=&#8221;heading-title-2&#8243; css=&#8221;.vc_custom_1544104102947{margin-top: 15px !important;margin-bottom: 15px !important;}&#8221;][vc_custom_heading text=&#8221;ALGEBEHANDLING AF TAG&#8221; font_container=&#8221;tag:h2|font_size:16|text_align:left|color:%23c7c7c7&#8243;][\/vc_column][vc_column width=&#8221;1\/4&#8243;][vc_custom_heading text=&#8221;1&#8243; font_container=&#8221;tag:h6|font_size:40|text_align:center|color:%239ecd52&#8243; css=&#8221;.vc_custom_1544101551605{padding-bottom: 10px !important;}&#8221;][vc_custom_heading text=&#8221;Vi algebehandler taget med en algebehandling som dr\u00e6ber algernes r\u00f8dder..&#8221; font_container=&#8221;tag:h6|font_size:18|text_align:center|color:%23000000&#8243; css=&#8221;.vc_custom_1544537610497{margin-top: -30px !important;}&#8221;][\/vc_column][vc_column width=&#8221;1\/4&#8243;][vc_custom_heading text=&#8221;2&#8243; font_container=&#8221;tag:h6|font_size:40|text_align:center|color:%239ecd52&#8243; css=&#8221;.vc_custom_1544101580882{padding-bottom: 10px !important;}&#8221;][vc_custom_heading text=&#8221;.. spr\u00f8jter en skumblanding p\u00e5 som s\u00f8rger for at algebehandlingen bliver liggende p\u00e5 taget..&#8221; font_container=&#8221;tag:h6|font_size:18|text_align:center|color:%23000000&#8243; css=&#8221;.vc_custom_1544537651912{margin-top: -30px !important;}&#8221;][\/vc_column][vc_column width=&#8221;1\/4&#8243;][vc_custom_heading text=&#8221;3&#8243; font_container=&#8221;tag:h6|font_size:40|text_align:center|color:%239ecd52&#8243; css=&#8221;.vc_custom_1544101591764{padding-bottom: 10px !important;}&#8221;][vc_custom_heading text=&#8221;.. og efter f\u00e5 uger vil algerne visne og vil med tiden falde af taget, alt afh\u00e6ngigt af vind og vejr.&#8221; font_container=&#8221;tag:h6|font_size:18|text_align:center|color:%230a0a0a&#8221; css=&#8221;.vc_custom_1544537944837{margin-top: -30px !important;}&#8221;][\/vc_column][\/vc_row][vc_row css=&#8221;.vc_custom_1544103126775{margin-top: 40px !important;padding-top: 40px !important;padding-bottom: 40px !important;background-color: #f7f7f7 !important;}&#8221;][vc_column width=&#8221;1\/3&#8243; offset=&#8221;vc_hidden-sm vc_hidden-xs&#8221;][vc_single_image image=&#8221;75601&#8243; img_size=&#8221;full&#8221; css_animation=&#8221;left-to-right&#8221; el_class=&#8221;.colorbg&#8221;][\/vc_column][vc_column width=&#8221;2\/3&#8243;][vc_custom_heading text=&#8221;HELE DANMARK ER VORES ARBEJDSPLADS&#8221; font_container=&#8221;tag:h3|text_align:left|color:%23000000&#8243; el_class=&#8221;heading-title-2&#8243;][vc_column_text]Algerne gror over hele Danmark, og om du bor p\u00e5 Sj\u00e6lland, Fyn eller i Jylland, s\u00e5 er vi klar til at komme forbi dig, og hj\u00e6lpe dig i din kamp imod algerne.<\/p>\n<p style=\"color: #000;\"><b>Kontakt os i dag og f\u00e5 et skarpt tilbud<\/b><\/p>\n<p class=\"p1\">[su_button url=&#8221;tel:4542570999&#8243; background=&#8221;#84c758&#8243; color=&#8221;#ffffff&#8221; size=&#8221;5&#8243; icon=&#8221;icon: phone&#8221; icon_color=&#8221;#ffffff&#8221;]Ring[\/su_button] [su_button url=&#8221;mailto:info@jyskalgeservice.dk&#8221; background=&#8221;#84c758&#8243; color=&#8221;#ffffff&#8221; size=&#8221;5&#8243; icon=&#8221;icon: send-o&#8221; icon_color=&#8221;#ffffff&#8221;]Email[\/su_button]<\/p>\n<p class=\"p1\">[su_button url=&#8221;\/kontakt\/&#8221; background=&#8221;#84c758&#8243; color=&#8221;#ffffff&#8221; size=&#8221;5&#8243; icon=&#8221;icon: envelope-o&#8221; icon_color=&#8221;#ffffff&#8221;]Kontakt os[\/su_button]<\/p>\n<p>[\/vc_column_text][\/vc_column][\/vc_row]<\/p>\n","protected":false},"excerpt":{"rendered":"<p>[vc_row css=&#8221;.vc_custom_1544101479047{padding-top: 40px !important;}&#8221;][vc_column width=&#8221;2\/3&#8243;][vc_custom_heading text=&#8221;Tagrens &#8211; Ofte stillede sp\u00f8rgsm\u00e5l&#8221; font_container=&#8221;tag:h2|text_align:left|color:%23000000&#8243; el_class=&#8221;heading-title-2&#8243;][vc_column_text]Hvad koster det at f\u00e5 renset tag? Vi har [&hellip;]<\/p>\n","protected":false},"author":2,"featured_media":75213,"parent":0,"menu_order":0,"comment_status":"closed","ping_status":"closed","template":"","meta":{"site-sidebar-layout":"default","site-content-layout":"","ast-site-content-layout":"default","site-content-style":"default","site-sidebar-style":"default","ast-global-header-display":"","ast-banner-title-visibility":"","ast-main-header-display":"","ast-hfb-above-header-display":"","ast-hfb-below-header-display":"","ast-hfb-mobile-header-display":"","site-post-title":"","ast-breadcrumbs-content":"","ast-featured-img":"","footer-sml-layout":"","ast-disable-related-posts":"","theme-transparent-header-meta":"","adv-header-id-meta":"","stick-header-meta":"","header-above-stick-meta":"","header-main-stick-meta":"","header-below-stick-meta":"","astra-migrate-meta-layouts":"default","ast-page-background-enabled":"default","ast-page-background-meta":{"desktop":{"background-color":"var(--ast-global-color-5)","background-image":"","background-repeat":"repeat","background-position":"center center","background-size":"auto","background-attachment":"scroll","background-type":"","background-media":"","overlay-type":"","overlay-color":"","overlay-opacity":"","overlay-gradient":""},"tablet":{"background-color":"","background-image":"","background-repeat":"repeat","background-position":"center center","background-size":"auto","background-attachment":"scroll","background-type":"","background-media":"","overlay-type":"","overlay-color":"","overlay-opacity":"","overlay-gradient":""},"mobile":{"background-color":"","background-image":"","background-repeat":"repeat","background-position":"center center","background-size":"auto","background-attachment":"scroll","background-type":"","background-media":"","overlay-type":"","overlay-color":"","overlay-opacity":"","overlay-gradient":""}},"ast-content-background-meta":{"desktop":{"background-color":"var(--ast-global-color-4)","background-image":"","background-repeat":"repeat","background-position":"center center","background-size":"auto","background-attachment":"scroll","background-type":"","background-media":"","overlay-type":"","overlay-color":"","overlay-opacity":"","overlay-gradient":""},"tablet":{"background-color":"var(--ast-global-color-4)","background-image":"","background-repeat":"repeat","background-position":"center center","background-size":"auto","background-attachment":"scroll","background-type":"","background-media":"","overlay-type":"","overlay-color":"","overlay-opacity":"","overlay-gradient":""},"mobile":{"background-color":"var(--ast-global-color-4)","background-image":"","background-repeat":"repeat","background-position":"center center","background-size":"auto","background-attachment":"scroll","background-type":"","background-media":"","overlay-type":"","overlay-color":"","overlay-opacity":"","overlay-gradient":""}},"footnotes":""},"class_list":["post-76209","page","type-page","status-publish","has-post-thumbnail","hentry"],"yoast_head":"<!-- This site is optimized with the Yoast SEO plugin v26.9 - https:\/\/yoast.com\/product\/yoast-seo-wordpress\/ -->\n<title>Tagrens - Vi udf\u00f8rer professionel albehandling af tage i hele landet!<\/title>\n<meta name=\"description\" content=\"Vores tagrens giver dit tag et nyt liv ved hj\u00e6lp af effektiv algebehandlling. Vores produkter er milj\u00f8godkendte. kontakt os i dag!\" \/>\n<meta name=\"robots\" content=\"noindex, follow, max-snippet:-1, max-image-preview:large, max-video-preview:-1\" \/>\n<meta property=\"og:locale\" content=\"en_US\" \/>\n<meta property=\"og:type\" content=\"article\" \/>\n<meta property=\"og:title\" content=\"Tagrens - Vi udf\u00f8rer professionel albehandling af tage i hele landet!\" \/>\n<meta property=\"og:description\" content=\"Vores tagrens giver dit tag et nyt liv ved hj\u00e6lp af effektiv algebehandlling. Vores produkter er milj\u00f8godkendte. kontakt os i dag!\" \/>\n<meta property=\"og:url\" content=\"https:\/\/dazzling-bhaskara.46-4-121-245.plesk.page\/index.php\/tagrens-spoergsmaal\/\" \/>\n<meta property=\"og:site_name\" content=\"Everything Inc.\" \/>\n<meta name=\"twitter:card\" content=\"summary_large_image\" \/>\n<meta name=\"twitter:label1\" content=\"Est. reading time\" \/>\n\t<meta name=\"twitter:data1\" content=\"7 minutes\" \/>\n<script type=\"application\/ld+json\" class=\"yoast-schema-graph\">{\"@context\":\"https:\/\/schema.org\",\"@graph\":[{\"@type\":\"WebPage\",\"@id\":\"https:\/\/dazzling-bhaskara.46-4-121-245.plesk.page\/index.php\/tagrens-spoergsmaal\/\",\"url\":\"https:\/\/dazzling-bhaskara.46-4-121-245.plesk.page\/index.php\/tagrens-spoergsmaal\/\",\"name\":\"Tagrens - Vi udf\u00f8rer professionel albehandling af tage i hele landet!\",\"isPartOf\":{\"@id\":\"https:\/\/dazzling-bhaskara.46-4-121-245.plesk.page\/#website\"},\"primaryImageOfPage\":{\"@id\":\"https:\/\/dazzling-bhaskara.46-4-121-245.plesk.page\/index.php\/tagrens-spoergsmaal\/#primaryimage\"},\"image\":{\"@id\":\"https:\/\/dazzling-bhaskara.46-4-121-245.plesk.page\/index.php\/tagrens-spoergsmaal\/#primaryimage\"},\"thumbnailUrl\":\"\",\"datePublished\":\"2021-03-16T14:24:37+00:00\",\"description\":\"Vores tagrens giver dit tag et nyt liv ved hj\u00e6lp af effektiv algebehandlling. Vores produkter er milj\u00f8godkendte. kontakt os i dag!\",\"breadcrumb\":{\"@id\":\"https:\/\/dazzling-bhaskara.46-4-121-245.plesk.page\/index.php\/tagrens-spoergsmaal\/#breadcrumb\"},\"inLanguage\":\"en-US\",\"potentialAction\":[{\"@type\":\"ReadAction\",\"target\":[\"https:\/\/dazzling-bhaskara.46-4-121-245.plesk.page\/index.php\/tagrens-spoergsmaal\/\"]}]},{\"@type\":\"ImageObject\",\"inLanguage\":\"en-US\",\"@id\":\"https:\/\/dazzling-bhaskara.46-4-121-245.plesk.page\/index.php\/tagrens-spoergsmaal\/#primaryimage\",\"url\":\"\",\"contentUrl\":\"\"},{\"@type\":\"BreadcrumbList\",\"@id\":\"https:\/\/dazzling-bhaskara.46-4-121-245.plesk.page\/index.php\/tagrens-spoergsmaal\/#breadcrumb\",\"itemListElement\":[{\"@type\":\"ListItem\",\"position\":1,\"name\":\"Home\",\"item\":\"https:\/\/dazzling-bhaskara.46-4-121-245.plesk.page\/\"},{\"@type\":\"ListItem\",\"position\":2,\"name\":\"Tagrens &#8211; ofte stilllede sp\u00f8rgsm\u00e5l\"}]},{\"@type\":\"WebSite\",\"@id\":\"https:\/\/dazzling-bhaskara.46-4-121-245.plesk.page\/#website\",\"url\":\"https:\/\/dazzling-bhaskara.46-4-121-245.plesk.page\/\",\"name\":\"Everything Inc.\",\"description\":\"\",\"potentialAction\":[{\"@type\":\"SearchAction\",\"target\":{\"@type\":\"EntryPoint\",\"urlTemplate\":\"https:\/\/dazzling-bhaskara.46-4-121-245.plesk.page\/?s={search_term_string}\"},\"query-input\":{\"@type\":\"PropertyValueSpecification\",\"valueRequired\":true,\"valueName\":\"search_term_string\"}}],\"inLanguage\":\"en-US\"}]}<\/script>\n<!-- \/ Yoast SEO plugin. -->","yoast_head_json":{"title":"Tagrens - Vi udf\u00f8rer professionel albehandling af tage i hele landet!","description":"Vores tagrens giver dit tag et nyt liv ved hj\u00e6lp af effektiv algebehandlling. Vores produkter er milj\u00f8godkendte. kontakt os i dag!","robots":{"index":"noindex","follow":"follow","max-snippet":"max-snippet:-1","max-image-preview":"max-image-preview:large","max-video-preview":"max-video-preview:-1"},"og_locale":"en_US","og_type":"article","og_title":"Tagrens - Vi udf\u00f8rer professionel albehandling af tage i hele landet!","og_description":"Vores tagrens giver dit tag et nyt liv ved hj\u00e6lp af effektiv algebehandlling. Vores produkter er milj\u00f8godkendte. kontakt os i dag!","og_url":"https:\/\/dazzling-bhaskara.46-4-121-245.plesk.page\/index.php\/tagrens-spoergsmaal\/","og_site_name":"Everything Inc.","twitter_card":"summary_large_image","twitter_misc":{"Est. reading time":"7 minutes"},"schema":{"@context":"https:\/\/schema.org","@graph":[{"@type":"WebPage","@id":"https:\/\/dazzling-bhaskara.46-4-121-245.plesk.page\/index.php\/tagrens-spoergsmaal\/","url":"https:\/\/dazzling-bhaskara.46-4-121-245.plesk.page\/index.php\/tagrens-spoergsmaal\/","name":"Tagrens - Vi udf\u00f8rer professionel albehandling af tage i hele landet!","isPartOf":{"@id":"https:\/\/dazzling-bhaskara.46-4-121-245.plesk.page\/#website"},"primaryImageOfPage":{"@id":"https:\/\/dazzling-bhaskara.46-4-121-245.plesk.page\/index.php\/tagrens-spoergsmaal\/#primaryimage"},"image":{"@id":"https:\/\/dazzling-bhaskara.46-4-121-245.plesk.page\/index.php\/tagrens-spoergsmaal\/#primaryimage"},"thumbnailUrl":"","datePublished":"2021-03-16T14:24:37+00:00","description":"Vores tagrens giver dit tag et nyt liv ved hj\u00e6lp af effektiv algebehandlling. Vores produkter er milj\u00f8godkendte. kontakt os i dag!","breadcrumb":{"@id":"https:\/\/dazzling-bhaskara.46-4-121-245.plesk.page\/index.php\/tagrens-spoergsmaal\/#breadcrumb"},"inLanguage":"en-US","potentialAction":[{"@type":"ReadAction","target":["https:\/\/dazzling-bhaskara.46-4-121-245.plesk.page\/index.php\/tagrens-spoergsmaal\/"]}]},{"@type":"ImageObject","inLanguage":"en-US","@id":"https:\/\/dazzling-bhaskara.46-4-121-245.plesk.page\/index.php\/tagrens-spoergsmaal\/#primaryimage","url":"","contentUrl":""},{"@type":"BreadcrumbList","@id":"https:\/\/dazzling-bhaskara.46-4-121-245.plesk.page\/index.php\/tagrens-spoergsmaal\/#breadcrumb","itemListElement":[{"@type":"ListItem","position":1,"name":"Home","item":"https:\/\/dazzling-bhaskara.46-4-121-245.plesk.page\/"},{"@type":"ListItem","position":2,"name":"Tagrens &#8211; ofte stilllede sp\u00f8rgsm\u00e5l"}]},{"@type":"WebSite","@id":"https:\/\/dazzling-bhaskara.46-4-121-245.plesk.page\/#website","url":"https:\/\/dazzling-bhaskara.46-4-121-245.plesk.page\/","name":"Everything Inc.","description":"","potentialAction":[{"@type":"SearchAction","target":{"@type":"EntryPoint","urlTemplate":"https:\/\/dazzling-bhaskara.46-4-121-245.plesk.page\/?s={search_term_string}"},"query-input":{"@type":"PropertyValueSpecification","valueRequired":true,"valueName":"search_term_string"}}],"inLanguage":"en-US"}]}},"_links":{"self":[{"href":"https:\/\/dazzling-bhaskara.46-4-121-245.plesk.page\/index.php\/wp-json\/wp\/v2\/pages\/76209","targetHints":{"allow":["GET"]}}],"collection":[{"href":"https:\/\/dazzling-bhaskara.46-4-121-245.plesk.page\/index.php\/wp-json\/wp\/v2\/pages"}],"about":[{"href":"https:\/\/dazzling-bhaskara.46-4-121-245.plesk.page\/index.php\/wp-json\/wp\/v2\/types\/page"}],"author":[{"embeddable":true,"href":"https:\/\/dazzling-bhaskara.46-4-121-245.plesk.page\/index.php\/wp-json\/wp\/v2\/users\/2"}],"replies":[{"embeddable":true,"href":"https:\/\/dazzling-bhaskara.46-4-121-245.plesk.page\/index.php\/wp-json\/wp\/v2\/comments?post=76209"}],"version-history":[{"count":0,"href":"https:\/\/dazzling-bhaskara.46-4-121-245.plesk.page\/index.php\/wp-json\/wp\/v2\/pages\/76209\/revisions"}],"wp:featuredmedia":[{"embeddable":true,"href":"https:\/\/dazzling-bhaskara.46-4-121-245.plesk.page\/index.php\/wp-json\/"}],"wp:attachment":[{"href":"https:\/\/dazzling-bhaskara.46-4-121-245.plesk.page\/index.php\/wp-json\/wp\/v2\/media?parent=76209"}],"curies":[{"name":"wp","href":"https:\/\/api.w.org\/{rel}","templated":true}]}}