{"id":76222,"date":"2021-03-22T09:05:28","date_gmt":"2021-03-22T09:05:28","guid":{"rendered":"https:\/\/jyskalgeservice.dk\/?page_id=76222"},"modified":"2021-03-22T09:05:28","modified_gmt":"2021-03-22T09:05:28","slug":"fliserens-hvorfor","status":"publish","type":"page","link":"https:\/\/dazzling-bhaskara.46-4-121-245.plesk.page\/index.php\/fliserens-hvorfor\/","title":{"rendered":"Fliserens &#8211; Gode grunde til at f\u00e5 h\u00f8jtryksrenset terrassefliserne"},"content":{"rendered":"<p>[vc_row css=&#8221;.vc_custom_1544105688582{margin-top: 40px !important;}&#8221;][vc_column width=&#8221;2\/3&#8243; css=&#8221;.vc_custom_1611910166443{padding-bottom: 10px !important;}&#8221;][vc_custom_heading text=&#8221;5 gode grunde til at f\u00e5 h\u00f8jtryksrenset terrassefliserne&#8221; font_container=&#8221;tag:h2|font_size:18|text_align:left|color:%23000000&#8243; el_class=&#8221;heading-title-2&#8243;][vc_column_text]<em><strong>Udend\u00f8rs fliser vil helt naturligt skulle modst\u00e5 meget igennem deres levetid. De helt grundl\u00e6ggende faktorer som temperatursvingninger, frost og sollys vil t\u00e6re p\u00e5 selv de mest h\u00e5rdf\u00f8re fliser p\u00e5 den lange bane. Det g\u00e5r ikke kun ud over den umiddelbare fremtoning af fliserne men kan ogs\u00e5 for\u00e5rsage revner og spr\u00e6kker med tiden, som vil medf\u00f8re reparationer eller i v\u00e6rste fald udskiftning af hele terrassen. Generelt har mos og alger ogs\u00e5 generelt gode levevilk\u00e5r p\u00e5 terrassefliser og disse u\u00f8nskede<\/strong><\/em><em><strong> bekendtskaber kan v\u00e6re temmelig besv\u00e6rlige at fjerne uden det rette udstyr og ekspertise, s\u00e6rligt jo l\u00e6ngere tid der g\u00e5r.<\/strong><\/em><\/p>\n<p>Som med alt andet i dit hjem er det vigtigt at f\u00e5 renset dine terrassefliser grundigt med j\u00e6vne mellemrum for at holde dem flotte \u00e5ret rundt. Men det er ikke kun kosmetiske fordele, der er i spil. Der er andre og mere tungtvejende grunde til, at det betaler sig at holde dine terrassefliser fine og rene.<\/p>\n<p><strong>Forl\u00e6nger din terrasses levetid<\/strong><br \/>\nRegelm\u00e6ssig rens giver naturligvis en flottere finish \u2013 ikke bare p\u00e5 den korte bane, men ogs\u00e5 i l\u00e6ngden. S\u00e6rligt betonfliser bliver fyldt med skidt, mos, alger, pletter fra planter m.m. Disse ophobes med tiden og slider p\u00e5 betonen. At f\u00e5 renset havefliserne p\u00e5 regelm\u00e6ssig basis forhindrer denne ophobning og f\u00e5r b\u00e5de terrassen til at se ny og levende ud, samtidigt med at levetiden forl\u00e6nges og sparer dig penge i det lange l\u00f8b.<\/p>\n<p><strong>For\u00f8ger dit hjems v\u00e6rdi og g\u00f8r det lettere at s\u00e6lge<br \/>\n<\/strong>Naturligvis er det altid rart, n\u00e5r g\u00e6ster bliver imponerede og med det samme l\u00e6gger m\u00e6rke til, hvor velplejet din terrasse ser ud. Det er ogs\u00e5 en bonus hvis du fx. skal s\u00e6lge dit hus, da det giver potentielle k\u00f8bere tryghed og en forvisning om at hjemmet er blevet holdt ved lige gennem tiden.<\/p>\n<p>En terrasse der fremst\u00e5r beskidt og misligeholdt nedbringer samtidigt v\u00e6rdien p\u00e5 dit hus. Der er generel enighed blandt ejendomsm\u00e6glere om, at en terrasse der er skinnende ren og velholdt har en positiv indvirkning p\u00e5 den eventuelle salgspris p\u00e5 dit hus.<\/p>\n<p><strong>Godt for familiens helbred<br \/>\n<\/strong>Det lyder m\u00e5ske som en vild p\u00e5stand, men en beskidt terrasse betyder ophobning af bakterier, som endda kan sprede sig til dine havem\u00f8bler. En s\u00e5dan kombination hvor fx. skimmel, meldug og alger ophobes kan m\u00e5ske virke harml\u00f8se for mange, men f\u00e5r disse organismer f\u00e5r lov at ligge uber\u00f8rt hen igennem l\u00e6ngere tid, har bakterierne tid til at formere sig og kan v\u00e6re medvirkende til at for\u00e5rsage allergi.<\/p>\n<p>Udvikling af fx. allergi vil nok typisk kun forekomme i sj\u00e6ldne tilf\u00e6lde, men under alle omst\u00e6ndigheder er det ikke sundt at f\u00e6rdes i et bakteriefyldt milj\u00f8. S\u00e6rligt hvis der er b\u00f8rn eller k\u00e6ledyr i hjemmet, som for det meste har en naturlig tendens til at komme lidt t\u00e6ttere p\u00e5 elementerne, n\u00e5r der udforskes og leges, er der ekstra god grund til at f\u00e5 fjernet s\u00e5danne potentielle sundhedsrisici.<\/p>\n<p>Regelm\u00e6ssig rens af havefliserne vil fjerne disse organismer fra dine fliser og dermed medvirke til at skabe et sundere milj\u00f8 for hele familien.<\/p>\n<p><strong>H\u00f8jtryksrens kommer mere i dybden p\u00e5 problemet<br \/>\n<\/strong>Omend den gammeldags metode med knofedt kan give p\u00e6ne resultater er det bestemt ikke s\u00e5 sjovt eller nemt som man m\u00e5ske lige skulle tro. Det vil typisk tage en rum tid at f\u00e5 al skidtet fjernet fx. med en b\u00f8rste. Resultatet kan dog blive ganske p\u00e6nt, men man kommer ikke n\u00e6r s\u00e5 meget i dybden p\u00e5 fliserne, som man g\u00f8r med en grundig h\u00f8jtryksrens.<strong><br \/>\n<\/strong><\/p>\n<p><strong>Godt for milj\u00f8et<\/strong><br \/>\nYdermere anvender vi ved h\u00f8jtryksrens ikke skadelige kemikalier hvilket ogs\u00e5 er sundere for milj\u00f8et. Derudover kan en professionel h\u00f8jtryksrens anbefales da man typisk vil anvende mindre vand, end hvis du g\u00f8r det selv med en haveslange.<\/p>\n<p lang=\"da-DK\"><strong>Impr\u00e6gnering og fugesand forst\u00e6rker det gode resultat<\/strong><br \/>\nEfter en h\u00f8jtryksrens er der generel enighed blandet eksperter om at impr\u00e6gnering og fugesand er af st\u00f8rste vigtighed. L\u00e6gges fx ikke nyt fugesand akkumuleres skidt lettere p\u00e5 terrassen, og ukrudt f\u00e5r samtidigt bedre v\u00e6kstbetingelser mellem fliserne. Vand kan ligeledes lettere tr\u00e6nge ned og i v\u00e6rste fald f\u00f8re til forskubbelse af fliserne. Derudover vil efterf\u00f8lgende impr\u00e6gnering bevirke at alger, mos og skidt har sv\u00e6rere ved at s\u00e6tte sig, samt det beskytter det nye fugesand fra at erodere hurtigere &#8211; desuden beskytter det fliserne mod at falme.<\/p>\n<p>Alt i alt er der alts\u00e5 mange gode grunde til at f\u00e5 renset og impr\u00e6gneret terrassefliserne. G\u00f8r det selv rens er naturligvis altid en mulighed, men n\u00e5r udgifter til h\u00f8jtryksrenser samt tid og besv\u00e6r regnes ind, er det for de fleste ikke det v\u00e6rd. Professionel rens af havefliserne giver som oftest ogs\u00e5 det bedste resultat hvilket samtidigt betyder det ikke skal g\u00f8res s\u00e5 ofte. En erfaren rensetekniker kan ligeledes afg\u00f8re hvilke pletter og rensemidler er mest optimale at anvende i det konkrete tilf\u00e6lde, uden at det skader overfladen p\u00e5 dine fliser.<\/p>\n<p>Hvis du ikke har mod p\u00e5 opgaven selv er du altid velkommen til at kontakte os, s\u00e5 vender vi hurtigt tilbage med et godt tilbud p\u00e5 rens af dine fliser.<\/p>\n<p class=\"p1\">[su_button url=&#8221;tel:4542570999&#8243; background=&#8221;#9ecd52&#8243; color=&#8221;#ffffff&#8221; size=&#8221;5&#8243; icon=&#8221;icon: phone&#8221; icon_color=&#8221;#ffffff&#8221;]Ring[\/su_button] [su_button url=&#8221;mailto:info@jyskalgeservice.dk&#8221; background=&#8221;#9ecd52&#8243; color=&#8221;#ffffff&#8221; size=&#8221;5&#8243; icon=&#8221;icon: send-o&#8221; icon_color=&#8221;#ffffff&#8221;]Email[\/su_button]<\/p>\n<p class=\"p1\">[su_button url=&#8221;\/kontakt\/&#8221; background=&#8221;#9ecd52&#8243; color=&#8221;#ffffff&#8221; size=&#8221;5&#8243; icon=&#8221;icon: envelope-o&#8221; icon_color=&#8221;#ffffff&#8221;]Kontakt os[\/su_button]<\/p>\n<div id=\"60318DB7_CBB3_7860_E993_D9F84057F9AD\"><\/div>\n<p>[\/vc_column_text][\/vc_column][vc_column width=&#8221;1\/3&#8243;][twenty20 offset=&#8221;0.5&#8243; img1=&#8221;75126&#8243; img2=&#8221;75125&#8243; width=&#8221;100%&#8221;][vc_custom_heading text=&#8221;Bliver klogere p\u00e5 fliserens og alger&#8221; font_container=&#8221;tag:h3|text_align:left&#8221; el_class=&#8221;heading-title-2&#8243;][vc_column_text]Benyt nedenst\u00e5ende links og f\u00e5 svar p\u00e5 alle dine sp\u00f8rgsm\u00e5l om fliserens og alger.[su_list]<\/p>\n<ul>\n<li><a href=\"https:\/\/dazzling-bhaskara.46-4-121-245.plesk.page\/fliserens-pris\/\">Hvad koster fliserens?<\/a><\/li>\n<li><a href=\"https:\/\/dazzling-bhaskara.46-4-121-245.plesk.page\/fliserens-saadan-goer-vi\/\">S\u00e5dan renser vi dine fliser i dybden<\/a><\/li>\n<li><a href=\"https:\/\/dazzling-bhaskara.46-4-121-245.plesk.page\/fliserens-spoergsmaal\/\">Ofte stillede sp\u00f8rgsm\u00e5l om alger og fliserens<\/a><\/li>\n<li><a href=\"https:\/\/dazzling-bhaskara.46-4-121-245.plesk.page\/alger-paa-fliser\/\">Hvad er alger p\u00e5 fliserne?<\/a><\/li>\n<li><a href=\"https:\/\/dazzling-bhaskara.46-4-121-245.plesk.page\/flisepest\/\">Hvad er flisepest?<\/a><\/li>\n<li><a href=\"https:\/\/dazzling-bhaskara.46-4-121-245.plesk.page\/3-metoder-fliserens\/\">3 metoder til rens af fliser<\/a><\/li>\n<li><a href=\"https:\/\/dazzling-bhaskara.46-4-121-245.plesk.page\/rens-af-traeterrasse\/\">Rens af tr\u00e6terrasse<\/a><\/li>\n<li><a href=\"https:\/\/dazzling-bhaskara.46-4-121-245.plesk.page\/algebehandling\/\">V\u00e6rd at vide om algebehandling<\/a><\/li>\n<li><a href=\"https:\/\/dazzling-bhaskara.46-4-121-245.plesk.page\/fliseimpraegnering\/\">Impr\u00e6gnering &#8211; hvorfor?<\/a><\/li>\n<\/ul>\n<p>[\/su_list][\/vc_column_text][vc_separator border_width=&#8221;4&#8243;][\/vc_column][\/vc_row][vc_row css=&#8221;.vc_custom_1544103126775{margin-top: 40px !important;padding-top: 40px !important;padding-bottom: 40px !important;background-color: #f7f7f7 !important;}&#8221;][vc_column width=&#8221;1\/3&#8243; offset=&#8221;vc_hidden-sm vc_hidden-xs&#8221;][vc_single_image image=&#8221;75601&#8243; img_size=&#8221;full&#8221; css_animation=&#8221;left-to-right&#8221; el_class=&#8221;.colorbg&#8221;][\/vc_column][vc_column width=&#8221;2\/3&#8243;][vc_custom_heading text=&#8221;HELE DANMARK ER VORES ARBEJDSPLADS&#8221; font_container=&#8221;tag:h3|text_align:left|color:%23000000&#8243; el_class=&#8221;heading-title-2&#8243;][vc_column_text]Algerne gror over hele Danmark, og om du bor p\u00e5 Sj\u00e6lland, Fyn eller i Jylland, s\u00e5 er vi klar til at komme forbi dig, og hj\u00e6lpe dig i din kamp imod algerne.<\/p>\n<p style=\"color: #000;\"><b>Kontakt os i dag og f\u00e5 et skarpt tilbud<\/b><\/p>\n<p class=\"p1\">[su_button url=&#8221;tel:4542570999&#8243; background=&#8221;#84c758&#8243; color=&#8221;#ffffff&#8221; size=&#8221;5&#8243; icon=&#8221;icon: phone&#8221; icon_color=&#8221;#ffffff&#8221;]Ring[\/su_button] [su_button url=&#8221;mailto:info@jyskalgeservice.dk&#8221; background=&#8221;#84c758&#8243; color=&#8221;#ffffff&#8221; size=&#8221;5&#8243; icon=&#8221;icon: send-o&#8221; icon_color=&#8221;#ffffff&#8221;]Email[\/su_button]<\/p>\n<p class=\"p1\">[su_button url=&#8221;\/kontakt\/&#8221; background=&#8221;#84c758&#8243; color=&#8221;#ffffff&#8221; size=&#8221;5&#8243; icon=&#8221;icon: envelope-o&#8221; icon_color=&#8221;#ffffff&#8221;]Kontakt os[\/su_button]<\/p>\n<p>[\/vc_column_text][\/vc_column][\/vc_row]<\/p>\n","protected":false},"excerpt":{"rendered":"<p>[vc_row css=&#8221;.vc_custom_1544105688582{margin-top: 40px !important;}&#8221;][vc_column width=&#8221;2\/3&#8243; css=&#8221;.vc_custom_1611910166443{padding-bottom: 10px !important;}&#8221;][vc_custom_heading text=&#8221;5 gode grunde til at f\u00e5 h\u00f8jtryksrenset terrassefliserne&#8221; font_container=&#8221;tag:h2|font_size:18|text_align:left|color:%23000000&#8243; el_class=&#8221;heading-title-2&#8243;][vc_column_text]Udend\u00f8rs fliser vil [&hellip;]<\/p>\n","protected":false},"author":2,"featured_media":0,"parent":0,"menu_order":0,"comment_status":"closed","ping_status":"closed","template":"","meta":{"site-sidebar-layout":"default","site-content-layout":"","ast-site-content-layout":"default","site-content-style":"default","site-sidebar-style":"default","ast-global-header-display":"","ast-banner-title-visibility":"","ast-main-header-display":"","ast-hfb-above-header-display":"","ast-hfb-below-header-display":"","ast-hfb-mobile-header-display":"","site-post-title":"","ast-breadcrumbs-content":"","ast-featured-img":"","footer-sml-layout":"","ast-disable-related-posts":"","theme-transparent-header-meta":"","adv-header-id-meta":"","stick-header-meta":"","header-above-stick-meta":"","header-main-stick-meta":"","header-below-stick-meta":"","astra-migrate-meta-layouts":"default","ast-page-background-enabled":"default","ast-page-background-meta":{"desktop":{"background-color":"var(--ast-global-color-5)","background-image":"","background-repeat":"repeat","background-position":"center center","background-size":"auto","background-attachment":"scroll","background-type":"","background-media":"","overlay-type":"","overlay-color":"","overlay-opacity":"","overlay-gradient":""},"tablet":{"background-color":"","background-image":"","background-repeat":"repeat","background-position":"center center","background-size":"auto","background-attachment":"scroll","background-type":"","background-media":"","overlay-type":"","overlay-color":"","overlay-opacity":"","overlay-gradient":""},"mobile":{"background-color":"","background-image":"","background-repeat":"repeat","background-position":"center center","background-size":"auto","background-attachment":"scroll","background-type":"","background-media":"","overlay-type":"","overlay-color":"","overlay-opacity":"","overlay-gradient":""}},"ast-content-background-meta":{"desktop":{"background-color":"var(--ast-global-color-4)","background-image":"","background-repeat":"repeat","background-position":"center center","background-size":"auto","background-attachment":"scroll","background-type":"","background-media":"","overlay-type":"","overlay-color":"","overlay-opacity":"","overlay-gradient":""},"tablet":{"background-color":"var(--ast-global-color-4)","background-image":"","background-repeat":"repeat","background-position":"center center","background-size":"auto","background-attachment":"scroll","background-type":"","background-media":"","overlay-type":"","overlay-color":"","overlay-opacity":"","overlay-gradient":""},"mobile":{"background-color":"var(--ast-global-color-4)","background-image":"","background-repeat":"repeat","background-position":"center center","background-size":"auto","background-attachment":"scroll","background-type":"","background-media":"","overlay-type":"","overlay-color":"","overlay-opacity":"","overlay-gradient":""}},"footnotes":""},"class_list":["post-76222","page","type-page","status-publish","hentry"],"yoast_head":"<!-- This site is optimized with the Yoast SEO plugin v26.9 - https:\/\/yoast.com\/product\/yoast-seo-wordpress\/ -->\n<title>5 gode grunde til at f\u00e5 renset dine fliser - l\u00e6s mere her p\u00e5 siden.<\/title>\n<meta name=\"description\" content=\"Fliserens er ikke kun for syns skyld. Der er mange gode grunde til at f\u00e5 fliserne renset j\u00e6vnligt, b\u00e5de \u00f8konomiske og endda helbredsm\u00e6ssige.\" \/>\n<meta name=\"robots\" content=\"noindex, follow, max-snippet:-1, max-image-preview:large, max-video-preview:-1\" \/>\n<meta property=\"og:locale\" content=\"en_US\" \/>\n<meta property=\"og:type\" content=\"article\" \/>\n<meta property=\"og:title\" content=\"5 gode grunde til at f\u00e5 renset dine fliser - l\u00e6s mere her p\u00e5 siden.\" \/>\n<meta property=\"og:description\" content=\"Fliserens er ikke kun for syns skyld. Der er mange gode grunde til at f\u00e5 fliserne renset j\u00e6vnligt, b\u00e5de \u00f8konomiske og endda helbredsm\u00e6ssige.\" \/>\n<meta property=\"og:url\" content=\"https:\/\/dazzling-bhaskara.46-4-121-245.plesk.page\/index.php\/fliserens-hvorfor\/\" \/>\n<meta property=\"og:site_name\" content=\"Everything Inc.\" \/>\n<meta name=\"twitter:card\" content=\"summary_large_image\" \/>\n<meta name=\"twitter:label1\" content=\"Est. reading time\" \/>\n\t<meta name=\"twitter:data1\" content=\"7 minutes\" \/>\n<script type=\"application\/ld+json\" class=\"yoast-schema-graph\">{\"@context\":\"https:\/\/schema.org\",\"@graph\":[{\"@type\":\"WebPage\",\"@id\":\"https:\/\/dazzling-bhaskara.46-4-121-245.plesk.page\/index.php\/fliserens-hvorfor\/\",\"url\":\"https:\/\/dazzling-bhaskara.46-4-121-245.plesk.page\/index.php\/fliserens-hvorfor\/\",\"name\":\"5 gode grunde til at f\u00e5 renset dine fliser - l\u00e6s mere her p\u00e5 siden.\",\"isPartOf\":{\"@id\":\"https:\/\/dazzling-bhaskara.46-4-121-245.plesk.page\/#website\"},\"datePublished\":\"2021-03-22T09:05:28+00:00\",\"description\":\"Fliserens er ikke kun for syns skyld. Der er mange gode grunde til at f\u00e5 fliserne renset j\u00e6vnligt, b\u00e5de \u00f8konomiske og endda helbredsm\u00e6ssige.\",\"breadcrumb\":{\"@id\":\"https:\/\/dazzling-bhaskara.46-4-121-245.plesk.page\/index.php\/fliserens-hvorfor\/#breadcrumb\"},\"inLanguage\":\"en-US\",\"potentialAction\":[{\"@type\":\"ReadAction\",\"target\":[\"https:\/\/dazzling-bhaskara.46-4-121-245.plesk.page\/index.php\/fliserens-hvorfor\/\"]}]},{\"@type\":\"BreadcrumbList\",\"@id\":\"https:\/\/dazzling-bhaskara.46-4-121-245.plesk.page\/index.php\/fliserens-hvorfor\/#breadcrumb\",\"itemListElement\":[{\"@type\":\"ListItem\",\"position\":1,\"name\":\"Home\",\"item\":\"https:\/\/dazzling-bhaskara.46-4-121-245.plesk.page\/\"},{\"@type\":\"ListItem\",\"position\":2,\"name\":\"Fliserens &#8211; Gode grunde til at f\u00e5 h\u00f8jtryksrenset terrassefliserne\"}]},{\"@type\":\"WebSite\",\"@id\":\"https:\/\/dazzling-bhaskara.46-4-121-245.plesk.page\/#website\",\"url\":\"https:\/\/dazzling-bhaskara.46-4-121-245.plesk.page\/\",\"name\":\"Everything Inc.\",\"description\":\"\",\"potentialAction\":[{\"@type\":\"SearchAction\",\"target\":{\"@type\":\"EntryPoint\",\"urlTemplate\":\"https:\/\/dazzling-bhaskara.46-4-121-245.plesk.page\/?s={search_term_string}\"},\"query-input\":{\"@type\":\"PropertyValueSpecification\",\"valueRequired\":true,\"valueName\":\"search_term_string\"}}],\"inLanguage\":\"en-US\"}]}<\/script>\n<!-- \/ Yoast SEO plugin. -->","yoast_head_json":{"title":"5 gode grunde til at f\u00e5 renset dine fliser - l\u00e6s mere her p\u00e5 siden.","description":"Fliserens er ikke kun for syns skyld. Der er mange gode grunde til at f\u00e5 fliserne renset j\u00e6vnligt, b\u00e5de \u00f8konomiske og endda helbredsm\u00e6ssige.","robots":{"index":"noindex","follow":"follow","max-snippet":"max-snippet:-1","max-image-preview":"max-image-preview:large","max-video-preview":"max-video-preview:-1"},"og_locale":"en_US","og_type":"article","og_title":"5 gode grunde til at f\u00e5 renset dine fliser - l\u00e6s mere her p\u00e5 siden.","og_description":"Fliserens er ikke kun for syns skyld. Der er mange gode grunde til at f\u00e5 fliserne renset j\u00e6vnligt, b\u00e5de \u00f8konomiske og endda helbredsm\u00e6ssige.","og_url":"https:\/\/dazzling-bhaskara.46-4-121-245.plesk.page\/index.php\/fliserens-hvorfor\/","og_site_name":"Everything Inc.","twitter_card":"summary_large_image","twitter_misc":{"Est. reading time":"7 minutes"},"schema":{"@context":"https:\/\/schema.org","@graph":[{"@type":"WebPage","@id":"https:\/\/dazzling-bhaskara.46-4-121-245.plesk.page\/index.php\/fliserens-hvorfor\/","url":"https:\/\/dazzling-bhaskara.46-4-121-245.plesk.page\/index.php\/fliserens-hvorfor\/","name":"5 gode grunde til at f\u00e5 renset dine fliser - l\u00e6s mere her p\u00e5 siden.","isPartOf":{"@id":"https:\/\/dazzling-bhaskara.46-4-121-245.plesk.page\/#website"},"datePublished":"2021-03-22T09:05:28+00:00","description":"Fliserens er ikke kun for syns skyld. Der er mange gode grunde til at f\u00e5 fliserne renset j\u00e6vnligt, b\u00e5de \u00f8konomiske og endda helbredsm\u00e6ssige.","breadcrumb":{"@id":"https:\/\/dazzling-bhaskara.46-4-121-245.plesk.page\/index.php\/fliserens-hvorfor\/#breadcrumb"},"inLanguage":"en-US","potentialAction":[{"@type":"ReadAction","target":["https:\/\/dazzling-bhaskara.46-4-121-245.plesk.page\/index.php\/fliserens-hvorfor\/"]}]},{"@type":"BreadcrumbList","@id":"https:\/\/dazzling-bhaskara.46-4-121-245.plesk.page\/index.php\/fliserens-hvorfor\/#breadcrumb","itemListElement":[{"@type":"ListItem","position":1,"name":"Home","item":"https:\/\/dazzling-bhaskara.46-4-121-245.plesk.page\/"},{"@type":"ListItem","position":2,"name":"Fliserens &#8211; Gode grunde til at f\u00e5 h\u00f8jtryksrenset terrassefliserne"}]},{"@type":"WebSite","@id":"https:\/\/dazzling-bhaskara.46-4-121-245.plesk.page\/#website","url":"https:\/\/dazzling-bhaskara.46-4-121-245.plesk.page\/","name":"Everything Inc.","description":"","potentialAction":[{"@type":"SearchAction","target":{"@type":"EntryPoint","urlTemplate":"https:\/\/dazzling-bhaskara.46-4-121-245.plesk.page\/?s={search_term_string}"},"query-input":{"@type":"PropertyValueSpecification","valueRequired":true,"valueName":"search_term_string"}}],"inLanguage":"en-US"}]}},"_links":{"self":[{"href":"https:\/\/dazzling-bhaskara.46-4-121-245.plesk.page\/index.php\/wp-json\/wp\/v2\/pages\/76222","targetHints":{"allow":["GET"]}}],"collection":[{"href":"https:\/\/dazzling-bhaskara.46-4-121-245.plesk.page\/index.php\/wp-json\/wp\/v2\/pages"}],"about":[{"href":"https:\/\/dazzling-bhaskara.46-4-121-245.plesk.page\/index.php\/wp-json\/wp\/v2\/types\/page"}],"author":[{"embeddable":true,"href":"https:\/\/dazzling-bhaskara.46-4-121-245.plesk.page\/index.php\/wp-json\/wp\/v2\/users\/2"}],"replies":[{"embeddable":true,"href":"https:\/\/dazzling-bhaskara.46-4-121-245.plesk.page\/index.php\/wp-json\/wp\/v2\/comments?post=76222"}],"version-history":[{"count":0,"href":"https:\/\/dazzling-bhaskara.46-4-121-245.plesk.page\/index.php\/wp-json\/wp\/v2\/pages\/76222\/revisions"}],"wp:attachment":[{"href":"https:\/\/dazzling-bhaskara.46-4-121-245.plesk.page\/index.php\/wp-json\/wp\/v2\/media?parent=76222"}],"curies":[{"name":"wp","href":"https:\/\/api.w.org\/{rel}","templated":true}]}}