{"id":76224,"date":"2021-03-22T09:06:51","date_gmt":"2021-03-22T09:06:51","guid":{"rendered":"https:\/\/jyskalgeservice.dk\/?page_id=76224"},"modified":"2021-03-22T09:06:51","modified_gmt":"2021-03-22T09:06:51","slug":"fliserens-saadan-goer-vi","status":"publish","type":"page","link":"https:\/\/dazzling-bhaskara.46-4-121-245.plesk.page\/index.php\/fliserens-saadan-goer-vi\/","title":{"rendered":"Fliserens &#8211; s\u00e5dan"},"content":{"rendered":"<p>[vc_row css=&#8221;.vc_custom_1544105688582{margin-top: 40px !important;}&#8221;][vc_column width=&#8221;1\/2&#8243; css=&#8221;.vc_custom_1611910166443{padding-bottom: 10px !important;}&#8221;][vc_custom_heading text=&#8221;S\u00e5dan renser vi dine fliser&#8221; font_container=&#8221;tag:h2|font_size:18|text_align:left|color:%23000000&#8243; el_class=&#8221;heading-title-2&#8243;][vc_column_text][su_dropcap style=&#8221;light&#8221; size=&#8221;5&#8243;]1[\/su_dropcap]<strong> GRATIS KONSULENTBES\u00d8G MED OPM\u00c5LING AF DINE FLISER<\/strong><br \/>\nN\u00e5r vi udarbejder dit uforpligtende tilbud p\u00e5 fliserens, sender vi efter aftale med dig en af vores konsulenter ud for at opm\u00e5le dine fliser. Dette g\u00f8r vi b\u00e5de for at f\u00e5 det bedst mulige overblik over netop din opgave, men ogs\u00e5 for at sikre at du f\u00e5r en retvisende pris p\u00e5 forh\u00e5nd. Derved sikrer vi ogs\u00e5, at du opn\u00e5r det bedst mulige slutresultat af fliserensen.<br \/>\n[su_divider top=&#8221;no&#8221;]<\/p>\n<p>[su_dropcap style=&#8221;light&#8221; size=&#8221;5&#8243;]2[\/su_dropcap]\u00a0<strong>OVERFLADISK RENS<\/strong><br \/>\nHvis du v\u00e6lger at sige ja til vores tilbud p\u00e5 fliserens, starter vi med at fjerne mos, skidt, snavs, ukrudt fra fliser og fuger. Dette g\u00f8r vi for at klarg\u00f8re fliserne til den dybdeg\u00e5ende fliserens.<\/p>\n<p>[su_divider top=&#8221;no&#8221;]<\/p>\n<p>[su_dropcap style=&#8221;light&#8221; size=&#8221;5&#8243;]3[\/su_dropcap] <strong>DYBDEG\u00c5ENDE FLISERENS<\/strong><br \/>\nEfter den klarg\u00f8rende rens, renser vi dine fliser for flisepest og alger i dybden, og du vil opn\u00e5 et garanteret fantastisk resultat. Vi anvender en s\u00e6rligt tilrettet h\u00f8jtryksmaskine til afrensningen. Det tager ikke blot kortere tid, resultatet bliver ogs\u00e5 flottere, end hvis man anvender en almindelig h\u00f8jtryksrenser.<\/p>\n<p>[su_divider top=&#8221;no&#8221;]<\/p>\n<p>[su_dropcap style=&#8221;light&#8221; size=&#8221;5&#8243;]4[\/su_dropcap] <strong>IMPR\u00c6GNERING OG ALGEBEHANDLING AF FLISER<\/strong><br \/>\nHvis du har valgt det som en del af pakken, vil vi herefter impr\u00e6gnere og algebehandle dine fliser. Efter en fliserens er det oplagt at f\u00e5 fliserne impr\u00e6gneret og algebehandlet, da det er med til at sikre at resultatet holder i mange \u00e5r. Samtidig giver vi ogs\u00e5 garanti p\u00e5 behandlingen i 10 \u00e5r med \u00e5rligt vedligehold. L\u00e6s mere om <a href=\"https:\/\/dazzling-bhaskara.46-4-121-245.plesk.page\/fliseimpraegnering\/\">impr\u00e6gnering og fugesand her.<\/a><\/p>\n<p>[su_divider top=&#8221;no&#8221;]<\/p>\n<p>[su_dropcap style=&#8221;light&#8221; size=&#8221;5&#8243;]5[\/su_dropcap] <strong>UKRUDTSH\u00c6MMENDE FUGESAND<\/strong><br \/>\nHvis du har valgt det som en del af pakken, vil vi til sidst p\u00e5l\u00e6gge nyt ukrudtsh\u00e6mmende fugesand mellem fliserne. Med en fliserens, impr\u00e6gnering, algebehandling og nyt fugesand, er du sikker p\u00e5 at have smukke fliser i mange \u00e5r frem.<\/p>\n<p>[su_divider top=&#8221;no&#8221;]<\/p>\n<p>[su_dropcap style=&#8221;light&#8221; size=&#8221;5&#8243;]6[\/su_dropcap] <strong>VERDENSKLASSE SERVICE OG GARANTI<\/strong><br \/>\nLeder du efter et godt tilbud fra en virksomhed du kan stole p\u00e5? Ring til en af vores venlige konsulenter, skriv en mail eller udfyld kontaktformularen her p\u00e5 siden, og vi vender hurtigt tilbage.<\/p>\n<p>[su_divider top=&#8221;no&#8221;]<\/p>\n<p class=\"p1\">[su_button url=&#8221;tel:4542570999&#8243; background=&#8221;#9ecd52&#8243; color=&#8221;#ffffff&#8221; size=&#8221;5&#8243; icon=&#8221;icon: phone&#8221; icon_color=&#8221;#ffffff&#8221;]Ring[\/su_button] [su_button url=&#8221;mailto:info@jyskalgeservice.dk&#8221; background=&#8221;#9ecd52&#8243; color=&#8221;#ffffff&#8221; size=&#8221;5&#8243; icon=&#8221;icon: send-o&#8221; icon_color=&#8221;#ffffff&#8221;]Email[\/su_button]<\/p>\n<p class=\"p1\">[su_button url=&#8221;\/kontakt\/&#8221; background=&#8221;#9ecd52&#8243; color=&#8221;#ffffff&#8221; size=&#8221;5&#8243; icon=&#8221;icon: envelope-o&#8221; icon_color=&#8221;#ffffff&#8221;]Kontakt os[\/su_button]<\/p>\n<p>[\/vc_column_text][\/vc_column][vc_column width=&#8221;1\/2&#8243;][twenty20 offset=&#8221;0.5&#8243; img1=&#8221;75126&#8243; img2=&#8221;75125&#8243; width=&#8221;100%&#8221;][vc_custom_heading text=&#8221;Bliver klogere p\u00e5 fliserens og alger&#8221; font_container=&#8221;tag:h3|text_align:left&#8221; el_class=&#8221;heading-title-2&#8243;][vc_column_text]Benyt nedenst\u00e5ende links og f\u00e5 svar p\u00e5 alle dine sp\u00f8rgsm\u00e5l om fliserens og alger.[su_list]<\/p>\n<ul>\n<li><a href=\"https:\/\/dazzling-bhaskara.46-4-121-245.plesk.page\/fliserens-hvorfor\/\">Hvorfor fliserens og algebehandling?<\/a><\/li>\n<li><a href=\"https:\/\/dazzling-bhaskara.46-4-121-245.plesk.page\/fliserens-pris\/\">Hvad koster fliserens?<\/a><\/li>\n<li><a href=\"https:\/\/dazzling-bhaskara.46-4-121-245.plesk.page\/fliserens-spoergsmaal\/\">Ofte stillede sp\u00f8rgsm\u00e5l om alger og fliserens<\/a><\/li>\n<li><a href=\"https:\/\/dazzling-bhaskara.46-4-121-245.plesk.page\/alger-paa-fliser\/\">Hvad er alger p\u00e5 fliserne?<\/a><\/li>\n<li><a href=\"https:\/\/dazzling-bhaskara.46-4-121-245.plesk.page\/flisepest\/\">Hvad er flisepest?<\/a><\/li>\n<li><a href=\"https:\/\/dazzling-bhaskara.46-4-121-245.plesk.page\/3-metoder-fliserens\/\">3 metoder til rens af fliser<\/a><\/li>\n<li><a href=\"https:\/\/dazzling-bhaskara.46-4-121-245.plesk.page\/rens-af-traeterrasse\/\">Rens af tr\u00e6terrasse<\/a><\/li>\n<li><a href=\"https:\/\/dazzling-bhaskara.46-4-121-245.plesk.page\/algebehandling\/\">V\u00e6rd at vide om algebehandling<\/a><\/li>\n<li><a href=\"https:\/\/dazzling-bhaskara.46-4-121-245.plesk.page\/fliseimpraegnering\/\">Impr\u00e6gnering &#8211; hvorfor?<\/a><\/li>\n<\/ul>\n<p>[\/su_list][\/vc_column_text][\/vc_column][\/vc_row][vc_row css=&#8221;.vc_custom_1544103126775{margin-top: 40px !important;padding-top: 40px !important;padding-bottom: 40px !important;background-color: #f7f7f7 !important;}&#8221;][vc_column width=&#8221;1\/3&#8243; offset=&#8221;vc_hidden-sm vc_hidden-xs&#8221;][vc_single_image image=&#8221;75601&#8243; img_size=&#8221;full&#8221; css_animation=&#8221;left-to-right&#8221; el_class=&#8221;.colorbg&#8221;][\/vc_column][vc_column width=&#8221;2\/3&#8243;][vc_custom_heading text=&#8221;HELE DANMARK ER VORES ARBEJDSPLADS&#8221; font_container=&#8221;tag:h3|text_align:left|color:%23000000&#8243; el_class=&#8221;heading-title-2&#8243;][vc_column_text]Algerne gror over hele Danmark, og om du bor p\u00e5 Sj\u00e6lland, Fyn eller i Jylland, s\u00e5 er vi klar til at komme forbi dig, og hj\u00e6lpe dig i din kamp imod algerne.<\/p>\n<p style=\"color: #000;\"><b>Kontakt os i dag og f\u00e5 et skarpt tilbud<\/b><\/p>\n<p class=\"p1\">[su_button url=&#8221;tel:4542570999&#8243; background=&#8221;#84c758&#8243; color=&#8221;#ffffff&#8221; size=&#8221;5&#8243; icon=&#8221;icon: phone&#8221; icon_color=&#8221;#ffffff&#8221;]Ring[\/su_button] [su_button url=&#8221;mailto:info@jyskalgeservice.dk&#8221; background=&#8221;#84c758&#8243; color=&#8221;#ffffff&#8221; size=&#8221;5&#8243; icon=&#8221;icon: send-o&#8221; icon_color=&#8221;#ffffff&#8221;]Email[\/su_button]<\/p>\n<p class=\"p1\">[su_button url=&#8221;\/kontakt\/&#8221; background=&#8221;#84c758&#8243; color=&#8221;#ffffff&#8221; size=&#8221;5&#8243; icon=&#8221;icon: envelope-o&#8221; icon_color=&#8221;#ffffff&#8221;]Kontakt os[\/su_button]<\/p>\n<p>[\/vc_column_text][\/vc_column][\/vc_row][vc_row][vc_column][vc_column_text]<\/p>\n<div id=\"60318DB7_CBB3_7860_E993_D9F84057F9AD\"><\/div>\n<p>[\/vc_column_text][\/vc_column][\/vc_row]<\/p>\n","protected":false},"excerpt":{"rendered":"<p>[vc_row css=&#8221;.vc_custom_1544105688582{margin-top: 40px !important;}&#8221;][vc_column width=&#8221;1\/2&#8243; css=&#8221;.vc_custom_1611910166443{padding-bottom: 10px !important;}&#8221;][vc_custom_heading text=&#8221;S\u00e5dan renser vi dine fliser&#8221; font_container=&#8221;tag:h2|font_size:18|text_align:left|color:%23000000&#8243; el_class=&#8221;heading-title-2&#8243;][vc_column_text][su_dropcap style=&#8221;light&#8221; size=&#8221;5&#8243;]1[\/su_dropcap] GRATIS KONSULENTBES\u00d8G MED [&hellip;]<\/p>\n","protected":false},"author":2,"featured_media":0,"parent":0,"menu_order":0,"comment_status":"closed","ping_status":"closed","template":"","meta":{"site-sidebar-layout":"default","site-content-layout":"","ast-site-content-layout":"default","site-content-style":"default","site-sidebar-style":"default","ast-global-header-display":"","ast-banner-title-visibility":"","ast-main-header-display":"","ast-hfb-above-header-display":"","ast-hfb-below-header-display":"","ast-hfb-mobile-header-display":"","site-post-title":"","ast-breadcrumbs-content":"","ast-featured-img":"","footer-sml-layout":"","ast-disable-related-posts":"","theme-transparent-header-meta":"","adv-header-id-meta":"","stick-header-meta":"","header-above-stick-meta":"","header-main-stick-meta":"","header-below-stick-meta":"","astra-migrate-meta-layouts":"default","ast-page-background-enabled":"default","ast-page-background-meta":{"desktop":{"background-color":"var(--ast-global-color-5)","background-image":"","background-repeat":"repeat","background-position":"center center","background-size":"auto","background-attachment":"scroll","background-type":"","background-media":"","overlay-type":"","overlay-color":"","overlay-opacity":"","overlay-gradient":""},"tablet":{"background-color":"","background-image":"","background-repeat":"repeat","background-position":"center center","background-size":"auto","background-attachment":"scroll","background-type":"","background-media":"","overlay-type":"","overlay-color":"","overlay-opacity":"","overlay-gradient":""},"mobile":{"background-color":"","background-image":"","background-repeat":"repeat","background-position":"center center","background-size":"auto","background-attachment":"scroll","background-type":"","background-media":"","overlay-type":"","overlay-color":"","overlay-opacity":"","overlay-gradient":""}},"ast-content-background-meta":{"desktop":{"background-color":"var(--ast-global-color-4)","background-image":"","background-repeat":"repeat","background-position":"center center","background-size":"auto","background-attachment":"scroll","background-type":"","background-media":"","overlay-type":"","overlay-color":"","overlay-opacity":"","overlay-gradient":""},"tablet":{"background-color":"var(--ast-global-color-4)","background-image":"","background-repeat":"repeat","background-position":"center center","background-size":"auto","background-attachment":"scroll","background-type":"","background-media":"","overlay-type":"","overlay-color":"","overlay-opacity":"","overlay-gradient":""},"mobile":{"background-color":"var(--ast-global-color-4)","background-image":"","background-repeat":"repeat","background-position":"center center","background-size":"auto","background-attachment":"scroll","background-type":"","background-media":"","overlay-type":"","overlay-color":"","overlay-opacity":"","overlay-gradient":""}},"footnotes":""},"class_list":["post-76224","page","type-page","status-publish","hentry"],"yoast_head":"<!-- This site is optimized with the Yoast SEO plugin v26.9 - https:\/\/yoast.com\/product\/yoast-seo-wordpress\/ -->\n<title>Fliserens i VERDENSKLASSE! \ud83c\udfc6 Spar 25% ved Bestilling nu!<\/title>\n<meta name=\"description\" content=\"KUN 39kr\/m2 \u2713 Milj\u00f8godkendt \u2713 100% reklamationsret \u2713 Jysk Algeservice er eksperter i effektiv fliserens. F\u00e5 uforpligtende tilbud nu!\" \/>\n<meta name=\"robots\" content=\"noindex, follow, max-snippet:-1, max-image-preview:large, max-video-preview:-1\" \/>\n<meta property=\"og:locale\" content=\"en_US\" \/>\n<meta property=\"og:type\" content=\"article\" \/>\n<meta property=\"og:title\" content=\"Fliserens i VERDENSKLASSE! \ud83c\udfc6 Spar 25% ved Bestilling nu!\" \/>\n<meta property=\"og:description\" content=\"KUN 39kr\/m2 \u2713 Milj\u00f8godkendt \u2713 100% reklamationsret \u2713 Jysk Algeservice er eksperter i effektiv fliserens. F\u00e5 uforpligtende tilbud nu!\" \/>\n<meta property=\"og:url\" content=\"https:\/\/dazzling-bhaskara.46-4-121-245.plesk.page\/index.php\/fliserens-saadan-goer-vi\/\" \/>\n<meta property=\"og:site_name\" content=\"Everything Inc.\" \/>\n<meta name=\"twitter:card\" content=\"summary_large_image\" \/>\n<meta name=\"twitter:label1\" content=\"Est. reading time\" \/>\n\t<meta name=\"twitter:data1\" content=\"4 minutes\" \/>\n<script type=\"application\/ld+json\" class=\"yoast-schema-graph\">{\"@context\":\"https:\/\/schema.org\",\"@graph\":[{\"@type\":\"WebPage\",\"@id\":\"https:\/\/dazzling-bhaskara.46-4-121-245.plesk.page\/index.php\/fliserens-saadan-goer-vi\/\",\"url\":\"https:\/\/dazzling-bhaskara.46-4-121-245.plesk.page\/index.php\/fliserens-saadan-goer-vi\/\",\"name\":\"Fliserens i VERDENSKLASSE! \ud83c\udfc6 Spar 25% ved Bestilling nu!\",\"isPartOf\":{\"@id\":\"https:\/\/dazzling-bhaskara.46-4-121-245.plesk.page\/#website\"},\"datePublished\":\"2021-03-22T09:06:51+00:00\",\"description\":\"KUN 39kr\/m2 \u2713 Milj\u00f8godkendt \u2713 100% reklamationsret \u2713 Jysk Algeservice er eksperter i effektiv fliserens. F\u00e5 uforpligtende tilbud nu!\",\"breadcrumb\":{\"@id\":\"https:\/\/dazzling-bhaskara.46-4-121-245.plesk.page\/index.php\/fliserens-saadan-goer-vi\/#breadcrumb\"},\"inLanguage\":\"en-US\",\"potentialAction\":[{\"@type\":\"ReadAction\",\"target\":[\"https:\/\/dazzling-bhaskara.46-4-121-245.plesk.page\/index.php\/fliserens-saadan-goer-vi\/\"]}]},{\"@type\":\"BreadcrumbList\",\"@id\":\"https:\/\/dazzling-bhaskara.46-4-121-245.plesk.page\/index.php\/fliserens-saadan-goer-vi\/#breadcrumb\",\"itemListElement\":[{\"@type\":\"ListItem\",\"position\":1,\"name\":\"Home\",\"item\":\"https:\/\/dazzling-bhaskara.46-4-121-245.plesk.page\/\"},{\"@type\":\"ListItem\",\"position\":2,\"name\":\"Fliserens &#8211; s\u00e5dan\"}]},{\"@type\":\"WebSite\",\"@id\":\"https:\/\/dazzling-bhaskara.46-4-121-245.plesk.page\/#website\",\"url\":\"https:\/\/dazzling-bhaskara.46-4-121-245.plesk.page\/\",\"name\":\"Everything Inc.\",\"description\":\"\",\"potentialAction\":[{\"@type\":\"SearchAction\",\"target\":{\"@type\":\"EntryPoint\",\"urlTemplate\":\"https:\/\/dazzling-bhaskara.46-4-121-245.plesk.page\/?s={search_term_string}\"},\"query-input\":{\"@type\":\"PropertyValueSpecification\",\"valueRequired\":true,\"valueName\":\"search_term_string\"}}],\"inLanguage\":\"en-US\"}]}<\/script>\n<!-- \/ Yoast SEO plugin. -->","yoast_head_json":{"title":"Fliserens i VERDENSKLASSE! \ud83c\udfc6 Spar 25% ved Bestilling nu!","description":"KUN 39kr\/m2 \u2713 Milj\u00f8godkendt \u2713 100% reklamationsret \u2713 Jysk Algeservice er eksperter i effektiv fliserens. F\u00e5 uforpligtende tilbud nu!","robots":{"index":"noindex","follow":"follow","max-snippet":"max-snippet:-1","max-image-preview":"max-image-preview:large","max-video-preview":"max-video-preview:-1"},"og_locale":"en_US","og_type":"article","og_title":"Fliserens i VERDENSKLASSE! \ud83c\udfc6 Spar 25% ved Bestilling nu!","og_description":"KUN 39kr\/m2 \u2713 Milj\u00f8godkendt \u2713 100% reklamationsret \u2713 Jysk Algeservice er eksperter i effektiv fliserens. F\u00e5 uforpligtende tilbud nu!","og_url":"https:\/\/dazzling-bhaskara.46-4-121-245.plesk.page\/index.php\/fliserens-saadan-goer-vi\/","og_site_name":"Everything Inc.","twitter_card":"summary_large_image","twitter_misc":{"Est. reading time":"4 minutes"},"schema":{"@context":"https:\/\/schema.org","@graph":[{"@type":"WebPage","@id":"https:\/\/dazzling-bhaskara.46-4-121-245.plesk.page\/index.php\/fliserens-saadan-goer-vi\/","url":"https:\/\/dazzling-bhaskara.46-4-121-245.plesk.page\/index.php\/fliserens-saadan-goer-vi\/","name":"Fliserens i VERDENSKLASSE! \ud83c\udfc6 Spar 25% ved Bestilling nu!","isPartOf":{"@id":"https:\/\/dazzling-bhaskara.46-4-121-245.plesk.page\/#website"},"datePublished":"2021-03-22T09:06:51+00:00","description":"KUN 39kr\/m2 \u2713 Milj\u00f8godkendt \u2713 100% reklamationsret \u2713 Jysk Algeservice er eksperter i effektiv fliserens. F\u00e5 uforpligtende tilbud nu!","breadcrumb":{"@id":"https:\/\/dazzling-bhaskara.46-4-121-245.plesk.page\/index.php\/fliserens-saadan-goer-vi\/#breadcrumb"},"inLanguage":"en-US","potentialAction":[{"@type":"ReadAction","target":["https:\/\/dazzling-bhaskara.46-4-121-245.plesk.page\/index.php\/fliserens-saadan-goer-vi\/"]}]},{"@type":"BreadcrumbList","@id":"https:\/\/dazzling-bhaskara.46-4-121-245.plesk.page\/index.php\/fliserens-saadan-goer-vi\/#breadcrumb","itemListElement":[{"@type":"ListItem","position":1,"name":"Home","item":"https:\/\/dazzling-bhaskara.46-4-121-245.plesk.page\/"},{"@type":"ListItem","position":2,"name":"Fliserens &#8211; s\u00e5dan"}]},{"@type":"WebSite","@id":"https:\/\/dazzling-bhaskara.46-4-121-245.plesk.page\/#website","url":"https:\/\/dazzling-bhaskara.46-4-121-245.plesk.page\/","name":"Everything Inc.","description":"","potentialAction":[{"@type":"SearchAction","target":{"@type":"EntryPoint","urlTemplate":"https:\/\/dazzling-bhaskara.46-4-121-245.plesk.page\/?s={search_term_string}"},"query-input":{"@type":"PropertyValueSpecification","valueRequired":true,"valueName":"search_term_string"}}],"inLanguage":"en-US"}]}},"_links":{"self":[{"href":"https:\/\/dazzling-bhaskara.46-4-121-245.plesk.page\/index.php\/wp-json\/wp\/v2\/pages\/76224","targetHints":{"allow":["GET"]}}],"collection":[{"href":"https:\/\/dazzling-bhaskara.46-4-121-245.plesk.page\/index.php\/wp-json\/wp\/v2\/pages"}],"about":[{"href":"https:\/\/dazzling-bhaskara.46-4-121-245.plesk.page\/index.php\/wp-json\/wp\/v2\/types\/page"}],"author":[{"embeddable":true,"href":"https:\/\/dazzling-bhaskara.46-4-121-245.plesk.page\/index.php\/wp-json\/wp\/v2\/users\/2"}],"replies":[{"embeddable":true,"href":"https:\/\/dazzling-bhaskara.46-4-121-245.plesk.page\/index.php\/wp-json\/wp\/v2\/comments?post=76224"}],"version-history":[{"count":0,"href":"https:\/\/dazzling-bhaskara.46-4-121-245.plesk.page\/index.php\/wp-json\/wp\/v2\/pages\/76224\/revisions"}],"wp:attachment":[{"href":"https:\/\/dazzling-bhaskara.46-4-121-245.plesk.page\/index.php\/wp-json\/wp\/v2\/media?parent=76224"}],"curies":[{"name":"wp","href":"https:\/\/api.w.org\/{rel}","templated":true}]}}