{"id":76232,"date":"2021-03-22T09:17:08","date_gmt":"2021-03-22T09:17:08","guid":{"rendered":"https:\/\/jyskalgeservice.dk\/?page_id=76232"},"modified":"2021-03-22T09:17:08","modified_gmt":"2021-03-22T09:17:08","slug":"alger-paa-taget","status":"publish","type":"page","link":"https:\/\/dazzling-bhaskara.46-4-121-245.plesk.page\/index.php\/alger-paa-taget\/","title":{"rendered":"Tagrens &#8211; Hvad er alger p\u00e5 taget?"},"content":{"rendered":"<p>[vc_row type=&#8221;full_width&#8221;][vc_column offset=&#8221;vc_hidden-xs&#8221;][layerslider_vc id=&#8221;5&#8243;][\/vc_column][vc_column offset=&#8221;vc_hidden-lg vc_hidden-md vc_hidden-sm&#8221;][layerslider_vc id=&#8221;6&#8243;][\/vc_column][\/vc_row][vc_row type=&#8221;full_width&#8221;][vc_column width=&#8221;1\/3&#8243; offset=&#8221;vc_hidden-xs&#8221; css=&#8221;.vc_custom_1611232802992{padding-bottom: 30px !important;background-color: #9ecd52 !important;}&#8221;][vc_icon icon_fontawesome=&#8221;fa fa-check&#8221; color=&#8221;white&#8221; size=&#8221;xl&#8221; align=&#8221;center&#8221; css_animation=&#8221;appear&#8221;][vc_custom_heading text=&#8221;Dr\u00e6ber algerne&#8221; font_container=&#8221;tag:h6|font_size:18|text_align:center|color:%23ffffff&#8221; css=&#8221;.vc_custom_1544100512143{margin-top: -30px !important;}&#8221;][\/vc_column][vc_column width=&#8221;1\/3&#8243; offset=&#8221;vc_hidden-xs&#8221; css=&#8221;.vc_custom_1611232795296{padding-bottom: 30px !important;background-color: #9ecd52 !important;}&#8221;][vc_icon icon_fontawesome=&#8221;fa fa-check&#8221; color=&#8221;white&#8221; size=&#8221;xl&#8221; align=&#8221;center&#8221; css_animation=&#8221;appear&#8221;][vc_custom_heading text=&#8221;Redder dit tag&#8221; font_container=&#8221;tag:h6|font_size:18|text_align:center|color:%23ffffff&#8221; css=&#8221;.vc_custom_1544100519572{margin-top: -30px !important;}&#8221;][\/vc_column][vc_column width=&#8221;1\/3&#8243; offset=&#8221;vc_hidden-xs&#8221; css=&#8221;.vc_custom_1611232789391{padding-bottom: 30px !important;background-color: #9ecd52 !important;}&#8221;][vc_icon icon_fontawesome=&#8221;fa fa-check&#8221; color=&#8221;white&#8221; size=&#8221;xl&#8221; align=&#8221;center&#8221; css_animation=&#8221;appear&#8221;][vc_custom_heading text=&#8221;Billig l\u00f8sning&#8221; font_container=&#8221;tag:h6|font_size:18|text_align:center|color:%23ffffff&#8221; css=&#8221;.vc_custom_1544100542604{margin-top: -30px !important;}&#8221;][\/vc_column][\/vc_row][vc_row css=&#8221;.vc_custom_1544101479047{padding-top: 40px !important;}&#8221;][vc_column width=&#8221;2\/3&#8243;][vc_custom_heading text=&#8221;Hvad er alger p\u00e5 taget \u2013 og hvordan du fjerner dem&#8221; font_container=&#8221;tag:h2|text_align:left|color:%23000000&#8243; el_class=&#8221;heading-title-2&#8243;][vc_column_text]<em><strong>Algesporer transporteres gennem luften. N\u00e5r de lander p\u00e5 en hvilket som helst overflade, som fx. dit tag tager de fat og begynder at gro. Ofte er alger slet ikke synlige f\u00f8r de begynder at blive et problem. For at give dit tag den l\u00e6ngst mulige levetid, er det afg\u00f8rende at du tager h\u00e5nd om algev\u00e6ksten s\u00e5 tidligt som muligt, s\u00e5 du forhindrer at de spreder sig og medvirker til potentielt at for\u00e5rsage skade p\u00e5 dit tag.<\/strong><\/em><\/p>\n<p>Det er ikke kun skidt og blade, der kan samle sig p\u00e5 taget \u2013 alger, som hverken er k\u00f8nne eller nyttige, er et langt st\u00f8rre problem, der ovenik\u00f8bet kan v\u00e6re medvirkende til, hvad der kan udvikle sig til et dyrebart bekendtskab i det lange l\u00f8b.<\/p>\n<p>Tag kan udvikle forskellige former for alger, lav og og svampe. Mange tror at alger, er det samme som skimmel. I de fleste tilf\u00e6lde er der dog tale om bestemt type alge, der efterlader m\u00f8rke plamager p\u00e5 taget n\u00e5r den nedbrydes naturligt. Det bliver kun v\u00e6rre som \u00e5rene g\u00e5r, indtil dit tag bliver grundigt renset.<\/p>\n<p>I det f\u00f8lgende vil vi fors\u00f8ge at g\u00f8re dig klogere p\u00e5 alger, hvordan du genkender dem, og hvad du kan g\u00f8re.<\/p>\n<p><strong>Hvordan ser alger p\u00e5 taget ud?<\/strong><br \/>\nI de fleste tilf\u00e6lde fremst\u00e5r alger som en misfarvning af tagpladerne. Det kan fx v\u00e6re sorte pletter, plamager eller noget der ligner mos. Alger kan ogs\u00e5 ligne skimmel (hvilket dog ikke udelukker at skimmel ogs\u00e5 kan v\u00e6re tilstede p\u00e5 dit tag). Algev\u00e6ksten kommer sig s\u00e6rligt af vand der har ophobet sig over tid.<\/p>\n<p>Hvis du ser nogen af f\u00f8lgende tegn er alger sandsynligvis til stede p\u00e5 dit tag:<\/p>\n<ul>\n<li>Sorte striber<\/li>\n<li>Gr\u00f8nne eller hvide pletter<\/li>\n<li>Runde lav<\/li>\n<li>Gr\u00f8n mos der spreder sig p\u00e5 taget<\/li>\n<\/ul>\n<p>[su_box title=&#8221;Alger beh\u00f8ver ikke at v\u00e6re synlige&#8221; style=&#8221;soft&#8221; radius=&#8221;5&#8243;]Mange tror fejlagtigt at det kun er n\u00f8dvendigt at rense den del af taget, der har v\u00e6kst eller synlige pletter. Dette er en stor fejl! De m\u00f8rke pletter du ser, er et resultat af bakterier, der har udviklet en synlig ydre \u201dkappe\u201d. De kan sagtens v\u00e6re til stede ogs\u00e5 p\u00e5 de omr\u00e5der af taget, hvor du ikke umiddelbart kan se noget. Derfor er det afg\u00f8rende, at hele taget bliver renset i dybden.[\/su_box]<\/p>\n<p>Som n\u00e6vnt er alger ikke det samme som skimmel. De er langt mere almindeligt forekommende, selvom de er mindre farlige for mennesker. Alger kan overtage dit tag p\u00e5 4 \u00e5r eller mindre afh\u00e6ngig af forholdene. Hvis du bem\u00e6rker v\u00e6kst eller misfarvning, er det derfor vigtigt at f\u00e5 foretaget en inspektion. Det kan fastsl\u00e5 om der forekommer alger p\u00e5 dit tag og dermed afg\u00f8re hvad den rette l\u00f8sning p\u00e5 problemet er.<\/p>\n<p><strong>Hvad for\u00e5rsager alger?<\/strong><br \/>\nAlger er en ikke-blomstrende vandplante, der ikke har r\u00f8dder eller blade ligesom andre planter. De trives bedst i fugtige og varme milj\u00f8er men selv under mere almindelige forhold, forekommer de ofte. De vokser hurtigst i varme og fugt s\u00e5som i l\u00e6 af skygge fra store tr\u00e6er. Alger har ogs\u00e5 brug for n\u00e6ring og desv\u00e6rre giver mange almindeligt brugte tagplader gode v\u00e6kstbetingelser og dermed algerne mulighed for at overleve og sprede sig.<\/p>\n<p>I de fleste tilf\u00e6lde starter det med en enkelt algespore, der finder vej op p\u00e5 dit tag. Regn giver ogs\u00e5 alger gode v\u00e6kstbetingelser for alger men er ikke en foruds\u00e6tning, hvis fugtigheden i luften er tilstr\u00e6kkelig. Grene der h\u00e6nger ind over taget, tilstoppede tagrender, por\u00f8se tagplader og d\u00e5rlig ventilation er ligeledes faktorer der typisk medvirker til forv\u00e6rring.<\/p>\n<p><strong>Professionel hj\u00e6lp eller g\u00f8r-det-selv<\/strong><br \/>\nTagrens er kun et g\u00f8r-det-selv projekt for de f\u00e6rreste. Dem der har mod p\u00e5 selv at g\u00f8re det selv vil naturligvis skulle leje en h\u00f8jtryksrenser og k\u00f8be de rette rensemidler. Samtidigt skal man vide hvad man har med at g\u00f8re, da h\u00f8jtryksrens kan skade taget, hvis der anvendes for h\u00f8jt tryk til den givne type tagplade. Derfor v\u00e6lger mange at spare b\u00e5de tid og besv\u00e6r og potentiel skade p\u00e5 taget ved at overlade opgaven til professionelle renseteknikere. V\u00e6lger du g\u00f8r-det-selv vejen er det vigtigt at du s\u00e6tter dig grundigt ind i tingene f\u00f8rst, s\u00e5 det bliver gjort ordentligt og ikke g\u00f8r skade p\u00e5 taget.<\/p>\n<p class=\"p1\">[su_button url=&#8221;tel:4542570999&#8243; background=&#8221;#9ecd52&#8243; color=&#8221;#ffffff&#8221; size=&#8221;5&#8243; icon=&#8221;icon: phone&#8221; icon_color=&#8221;#ffffff&#8221;]Ring[\/su_button] [su_button url=&#8221;mailto:info@jyskalgeservice.dk&#8221; background=&#8221;#9ecd52&#8243; color=&#8221;#ffffff&#8221; size=&#8221;5&#8243; icon=&#8221;icon: send-o&#8221; icon_color=&#8221;#ffffff&#8221;]Email[\/su_button]<\/p>\n<p class=\"p1\">[su_button url=&#8221;\/kontakt\/&#8221; background=&#8221;#9ecd52&#8243; color=&#8221;#ffffff&#8221; size=&#8221;5&#8243; icon=&#8221;icon: envelope-o&#8221; icon_color=&#8221;#ffffff&#8221;]Kontakt os[\/su_button]<\/p>\n<p>[\/vc_column_text][\/vc_column][vc_column width=&#8221;1\/3&#8243;][vc_single_image image=&#8221;75213&#8243; img_size=&#8221;full&#8221; alignment=&#8221;right&#8221;][vc_custom_heading text=&#8221;BLIV KLOGERE P\u00c5 TAGRENS OG ALGER&#8221; font_container=&#8221;tag:h3|text_align:left&#8221; el_class=&#8221;heading-title-2&#8243;][vc_column_text]Benyt nedest\u00e5ende links og f\u00e5 svar p\u00e5 alle dine sp\u00f8rgsm\u00e5l om alger og tagrens.<\/p>\n<p>[su_list]<\/p>\n<ul>\n<li><a href=\"https:\/\/dazzling-bhaskara.46-4-121-245.plesk.page\/tagrens-pris\/\">Hvad koster tagrens?<\/a><\/li>\n<li><a href=\"https:\/\/dazzling-bhaskara.46-4-121-245.plesk.page\/tagrens-saadan\/\">S\u00e5dan renser vi dit tag<\/a><\/li>\n<li><a href=\"https:\/\/dazzling-bhaskara.46-4-121-245.plesk.page\/algebehandling-af-tag\/\">S\u00e5dan algebehandler vi dit tag<\/a><\/li>\n<li><a href=\"https:\/\/dazzling-bhaskara.46-4-121-245.plesk.page\/tagrens-hvor-ofte\/\">Hvor ofte b\u00f8r jeg f\u00e5 renset tag?<\/a><\/li>\n<li><a href=\"https:\/\/dazzling-bhaskara.46-4-121-245.plesk.page\/alger-paa-taget\/\">Hvad er alger p\u00e5 taget?<\/a><\/li>\n<li><a href=\"https:\/\/dazzling-bhaskara.46-4-121-245.plesk.page\/tagrens-hvorfor\/\">Hvorfor tagrens og algebehandling?<\/a><\/li>\n<li><a href=\"https:\/\/dazzling-bhaskara.46-4-121-245.plesk.page\/tagrens-spoergsmaal\/\">Ofte stillede sp\u00f8rgsm\u00e5l om alger og tagrens<\/a><\/li>\n<\/ul>\n<p>[\/su_list][\/vc_column_text][\/vc_column][\/vc_row][vc_row type=&#8221;full_width&#8221; css=&#8221;.vc_custom_1611216782133{margin-top: 15px !important;}&#8221;][vc_column width=&#8221;1\/3&#8243; offset=&#8221;vc_hidden-lg vc_hidden-md vc_hidden-sm&#8221; css=&#8221;.vc_custom_1611216651172{background-color: #9ecd52 !important;}&#8221;][vc_icon icon_fontawesome=&#8221;fa fa-check&#8221; color=&#8221;white&#8221; size=&#8221;xl&#8221; align=&#8221;center&#8221; css_animation=&#8221;appear&#8221;][vc_custom_heading text=&#8221;Dr\u00e6ber algerne&#8221; font_container=&#8221;tag:h6|font_size:18|text_align:center|color:%23ffffff&#8221; css=&#8221;.vc_custom_1544100512143{margin-top: -30px !important;}&#8221;][\/vc_column][vc_column width=&#8221;1\/3&#8243; offset=&#8221;vc_hidden-lg vc_hidden-md vc_hidden-sm&#8221; css=&#8221;.vc_custom_1611216525885{background-color: #9ecd52 !important;}&#8221;][vc_icon icon_fontawesome=&#8221;fa fa-check&#8221; color=&#8221;white&#8221; size=&#8221;xl&#8221; align=&#8221;center&#8221; css_animation=&#8221;appear&#8221;][vc_custom_heading text=&#8221;Redder dit tag&#8221; font_container=&#8221;tag:h6|font_size:18|text_align:center|color:%23ffffff&#8221; css=&#8221;.vc_custom_1544100519572{margin-top: -30px !important;}&#8221;][\/vc_column][vc_column width=&#8221;1\/3&#8243; offset=&#8221;vc_hidden-lg vc_hidden-md vc_hidden-sm&#8221; css=&#8221;.vc_custom_1611216532527{background-color: #9ecd52 !important;}&#8221;][vc_icon icon_fontawesome=&#8221;fa fa-check&#8221; color=&#8221;white&#8221; size=&#8221;xl&#8221; align=&#8221;center&#8221; css_animation=&#8221;appear&#8221;][vc_custom_heading text=&#8221;Billig l\u00f8sning&#8221; font_container=&#8221;tag:h6|font_size:18|text_align:center|color:%23ffffff&#8221; css=&#8221;.vc_custom_1611232979017{margin-top: -30px !important;padding-bottom: 30px !important;}&#8221;][\/vc_column][\/vc_row][vc_row css=&#8221;.vc_custom_1611216333998{padding-top: 15px !important;padding-bottom: 15px !important;background-color: #f7f7f7 !important;}&#8221;][vc_column width=&#8221;1\/4&#8243;][vc_custom_heading text=&#8221;S\u00c5DAN G\u00d8R VI&#8221; font_container=&#8221;tag:h6|font_size:30|text_align:center|color:%23000000&#8243; el_class=&#8221;heading-title-2&#8243; css=&#8221;.vc_custom_1544104102947{margin-top: 15px !important;margin-bottom: 15px !important;}&#8221;][vc_custom_heading text=&#8221;ALGEBEHANDLING AF TAG&#8221; font_container=&#8221;tag:h2|font_size:16|text_align:left|color:%23c7c7c7&#8243;][\/vc_column][vc_column width=&#8221;1\/4&#8243;][vc_custom_heading text=&#8221;1&#8243; font_container=&#8221;tag:h6|font_size:40|text_align:center|color:%239ecd52&#8243; css=&#8221;.vc_custom_1544101551605{padding-bottom: 10px !important;}&#8221;][vc_custom_heading text=&#8221;Vi algebehandler taget med en algebehandling som dr\u00e6ber algernes r\u00f8dder..&#8221; font_container=&#8221;tag:h6|font_size:18|text_align:center|color:%23000000&#8243; css=&#8221;.vc_custom_1544537610497{margin-top: -30px !important;}&#8221;][\/vc_column][vc_column width=&#8221;1\/4&#8243;][vc_custom_heading text=&#8221;2&#8243; font_container=&#8221;tag:h6|font_size:40|text_align:center|color:%239ecd52&#8243; css=&#8221;.vc_custom_1544101580882{padding-bottom: 10px !important;}&#8221;][vc_custom_heading text=&#8221;.. spr\u00f8jter en skumblanding p\u00e5 som s\u00f8rger for at algebehandlingen bliver liggende p\u00e5 taget..&#8221; font_container=&#8221;tag:h6|font_size:18|text_align:center|color:%23000000&#8243; css=&#8221;.vc_custom_1544537651912{margin-top: -30px !important;}&#8221;][\/vc_column][vc_column width=&#8221;1\/4&#8243;][vc_custom_heading text=&#8221;3&#8243; font_container=&#8221;tag:h6|font_size:40|text_align:center|color:%239ecd52&#8243; css=&#8221;.vc_custom_1544101591764{padding-bottom: 10px !important;}&#8221;][vc_custom_heading text=&#8221;.. og efter f\u00e5 uger vil algerne visne og vil med tiden falde af taget, alt afh\u00e6ngigt af vind og vejr.&#8221; font_container=&#8221;tag:h6|font_size:18|text_align:center|color:%230a0a0a&#8221; css=&#8221;.vc_custom_1544537944837{margin-top: -30px !important;}&#8221;][\/vc_column][\/vc_row][vc_row css=&#8221;.vc_custom_1544103126775{margin-top: 40px !important;padding-top: 40px !important;padding-bottom: 40px !important;background-color: #f7f7f7 !important;}&#8221;][vc_column width=&#8221;1\/3&#8243; offset=&#8221;vc_hidden-sm vc_hidden-xs&#8221;][vc_single_image image=&#8221;75601&#8243; img_size=&#8221;full&#8221; css_animation=&#8221;left-to-right&#8221; el_class=&#8221;.colorbg&#8221;][\/vc_column][vc_column width=&#8221;2\/3&#8243;][vc_custom_heading text=&#8221;HELE DANMARK ER VORES ARBEJDSPLADS&#8221; font_container=&#8221;tag:h3|text_align:left|color:%23000000&#8243; el_class=&#8221;heading-title-2&#8243;][vc_column_text]Algerne gror over hele Danmark, og om du bor p\u00e5 Sj\u00e6lland, Fyn eller i Jylland, s\u00e5 er vi klar til at komme forbi dig, og hj\u00e6lpe dig i din kamp imod algerne.<\/p>\n<p style=\"color: #000;\"><b>Kontakt os i dag og f\u00e5 et skarpt tilbud<\/b><\/p>\n<p class=\"p1\">[su_button url=&#8221;tel:4542570999&#8243; background=&#8221;#84c758&#8243; color=&#8221;#ffffff&#8221; size=&#8221;5&#8243; icon=&#8221;icon: phone&#8221; icon_color=&#8221;#ffffff&#8221;]Ring[\/su_button] [su_button url=&#8221;mailto:info@jyskalgeservice.dk&#8221; background=&#8221;#84c758&#8243; color=&#8221;#ffffff&#8221; size=&#8221;5&#8243; icon=&#8221;icon: send-o&#8221; icon_color=&#8221;#ffffff&#8221;]Email[\/su_button]<\/p>\n<p class=\"p1\">[su_button url=&#8221;\/kontakt\/&#8221; background=&#8221;#84c758&#8243; color=&#8221;#ffffff&#8221; size=&#8221;5&#8243; icon=&#8221;icon: envelope-o&#8221; icon_color=&#8221;#ffffff&#8221;]Kontakt os[\/su_button]<\/p>\n<p>[\/vc_column_text][\/vc_column][\/vc_row]<\/p>\n","protected":false},"excerpt":{"rendered":"<p>[vc_row type=&#8221;full_width&#8221;][vc_column offset=&#8221;vc_hidden-xs&#8221;][layerslider_vc id=&#8221;5&#8243;][\/vc_column][vc_column offset=&#8221;vc_hidden-lg vc_hidden-md vc_hidden-sm&#8221;][layerslider_vc id=&#8221;6&#8243;][\/vc_column][\/vc_row][vc_row type=&#8221;full_width&#8221;][vc_column width=&#8221;1\/3&#8243; offset=&#8221;vc_hidden-xs&#8221; css=&#8221;.vc_custom_1611232802992{padding-bottom: 30px !important;background-color: #9ecd52 !important;}&#8221;][vc_icon icon_fontawesome=&#8221;fa fa-check&#8221; color=&#8221;white&#8221; size=&#8221;xl&#8221; [&hellip;]<\/p>\n","protected":false},"author":2,"featured_media":0,"parent":0,"menu_order":0,"comment_status":"closed","ping_status":"closed","template":"","meta":{"site-sidebar-layout":"default","site-content-layout":"","ast-site-content-layout":"default","site-content-style":"default","site-sidebar-style":"default","ast-global-header-display":"","ast-banner-title-visibility":"","ast-main-header-display":"","ast-hfb-above-header-display":"","ast-hfb-below-header-display":"","ast-hfb-mobile-header-display":"","site-post-title":"","ast-breadcrumbs-content":"","ast-featured-img":"","footer-sml-layout":"","ast-disable-related-posts":"","theme-transparent-header-meta":"","adv-header-id-meta":"","stick-header-meta":"","header-above-stick-meta":"","header-main-stick-meta":"","header-below-stick-meta":"","astra-migrate-meta-layouts":"default","ast-page-background-enabled":"default","ast-page-background-meta":{"desktop":{"background-color":"var(--ast-global-color-5)","background-image":"","background-repeat":"repeat","background-position":"center center","background-size":"auto","background-attachment":"scroll","background-type":"","background-media":"","overlay-type":"","overlay-color":"","overlay-opacity":"","overlay-gradient":""},"tablet":{"background-color":"","background-image":"","background-repeat":"repeat","background-position":"center center","background-size":"auto","background-attachment":"scroll","background-type":"","background-media":"","overlay-type":"","overlay-color":"","overlay-opacity":"","overlay-gradient":""},"mobile":{"background-color":"","background-image":"","background-repeat":"repeat","background-position":"center center","background-size":"auto","background-attachment":"scroll","background-type":"","background-media":"","overlay-type":"","overlay-color":"","overlay-opacity":"","overlay-gradient":""}},"ast-content-background-meta":{"desktop":{"background-color":"var(--ast-global-color-4)","background-image":"","background-repeat":"repeat","background-position":"center center","background-size":"auto","background-attachment":"scroll","background-type":"","background-media":"","overlay-type":"","overlay-color":"","overlay-opacity":"","overlay-gradient":""},"tablet":{"background-color":"var(--ast-global-color-4)","background-image":"","background-repeat":"repeat","background-position":"center center","background-size":"auto","background-attachment":"scroll","background-type":"","background-media":"","overlay-type":"","overlay-color":"","overlay-opacity":"","overlay-gradient":""},"mobile":{"background-color":"var(--ast-global-color-4)","background-image":"","background-repeat":"repeat","background-position":"center center","background-size":"auto","background-attachment":"scroll","background-type":"","background-media":"","overlay-type":"","overlay-color":"","overlay-opacity":"","overlay-gradient":""}},"footnotes":""},"class_list":["post-76232","page","type-page","status-publish","hentry"],"yoast_head":"<!-- This site is optimized with the Yoast SEO plugin v26.9 - https:\/\/yoast.com\/product\/yoast-seo-wordpress\/ -->\n<title>Alger p\u00e5 taget - professionel algebehandling af tage i hele landet<\/title>\n<meta name=\"description\" content=\"Har du f\u00e5et alger p\u00e5 taget og \u00f8nsker en professionel algebehandling s\u00e5 kontakt os i dag og f\u00e5 et godt tilbud.\" \/>\n<meta name=\"robots\" content=\"noindex, follow, max-snippet:-1, max-image-preview:large, max-video-preview:-1\" \/>\n<meta property=\"og:locale\" content=\"en_US\" \/>\n<meta property=\"og:type\" content=\"article\" \/>\n<meta property=\"og:title\" content=\"Alger p\u00e5 taget - professionel algebehandling af tage i hele landet\" \/>\n<meta property=\"og:description\" content=\"Har du f\u00e5et alger p\u00e5 taget og \u00f8nsker en professionel algebehandling s\u00e5 kontakt os i dag og f\u00e5 et godt tilbud.\" \/>\n<meta property=\"og:url\" content=\"https:\/\/dazzling-bhaskara.46-4-121-245.plesk.page\/index.php\/alger-paa-taget\/\" \/>\n<meta property=\"og:site_name\" content=\"Everything Inc.\" \/>\n<meta name=\"twitter:card\" content=\"summary_large_image\" \/>\n<meta name=\"twitter:label1\" content=\"Est. reading time\" \/>\n\t<meta name=\"twitter:data1\" content=\"7 minutes\" \/>\n<script type=\"application\/ld+json\" class=\"yoast-schema-graph\">{\"@context\":\"https:\/\/schema.org\",\"@graph\":[{\"@type\":\"WebPage\",\"@id\":\"https:\/\/dazzling-bhaskara.46-4-121-245.plesk.page\/index.php\/alger-paa-taget\/\",\"url\":\"https:\/\/dazzling-bhaskara.46-4-121-245.plesk.page\/index.php\/alger-paa-taget\/\",\"name\":\"Alger p\u00e5 taget - professionel algebehandling af tage i hele landet\",\"isPartOf\":{\"@id\":\"https:\/\/dazzling-bhaskara.46-4-121-245.plesk.page\/#website\"},\"datePublished\":\"2021-03-22T09:17:08+00:00\",\"description\":\"Har du f\u00e5et alger p\u00e5 taget og \u00f8nsker en professionel algebehandling s\u00e5 kontakt os i dag og f\u00e5 et godt tilbud.\",\"breadcrumb\":{\"@id\":\"https:\/\/dazzling-bhaskara.46-4-121-245.plesk.page\/index.php\/alger-paa-taget\/#breadcrumb\"},\"inLanguage\":\"en-US\",\"potentialAction\":[{\"@type\":\"ReadAction\",\"target\":[\"https:\/\/dazzling-bhaskara.46-4-121-245.plesk.page\/index.php\/alger-paa-taget\/\"]}]},{\"@type\":\"BreadcrumbList\",\"@id\":\"https:\/\/dazzling-bhaskara.46-4-121-245.plesk.page\/index.php\/alger-paa-taget\/#breadcrumb\",\"itemListElement\":[{\"@type\":\"ListItem\",\"position\":1,\"name\":\"Home\",\"item\":\"https:\/\/dazzling-bhaskara.46-4-121-245.plesk.page\/\"},{\"@type\":\"ListItem\",\"position\":2,\"name\":\"Tagrens &#8211; Hvad er alger p\u00e5 taget?\"}]},{\"@type\":\"WebSite\",\"@id\":\"https:\/\/dazzling-bhaskara.46-4-121-245.plesk.page\/#website\",\"url\":\"https:\/\/dazzling-bhaskara.46-4-121-245.plesk.page\/\",\"name\":\"Everything Inc.\",\"description\":\"\",\"potentialAction\":[{\"@type\":\"SearchAction\",\"target\":{\"@type\":\"EntryPoint\",\"urlTemplate\":\"https:\/\/dazzling-bhaskara.46-4-121-245.plesk.page\/?s={search_term_string}\"},\"query-input\":{\"@type\":\"PropertyValueSpecification\",\"valueRequired\":true,\"valueName\":\"search_term_string\"}}],\"inLanguage\":\"en-US\"}]}<\/script>\n<!-- \/ Yoast SEO plugin. -->","yoast_head_json":{"title":"Alger p\u00e5 taget - professionel algebehandling af tage i hele landet","description":"Har du f\u00e5et alger p\u00e5 taget og \u00f8nsker en professionel algebehandling s\u00e5 kontakt os i dag og f\u00e5 et godt tilbud.","robots":{"index":"noindex","follow":"follow","max-snippet":"max-snippet:-1","max-image-preview":"max-image-preview:large","max-video-preview":"max-video-preview:-1"},"og_locale":"en_US","og_type":"article","og_title":"Alger p\u00e5 taget - professionel algebehandling af tage i hele landet","og_description":"Har du f\u00e5et alger p\u00e5 taget og \u00f8nsker en professionel algebehandling s\u00e5 kontakt os i dag og f\u00e5 et godt tilbud.","og_url":"https:\/\/dazzling-bhaskara.46-4-121-245.plesk.page\/index.php\/alger-paa-taget\/","og_site_name":"Everything Inc.","twitter_card":"summary_large_image","twitter_misc":{"Est. reading time":"7 minutes"},"schema":{"@context":"https:\/\/schema.org","@graph":[{"@type":"WebPage","@id":"https:\/\/dazzling-bhaskara.46-4-121-245.plesk.page\/index.php\/alger-paa-taget\/","url":"https:\/\/dazzling-bhaskara.46-4-121-245.plesk.page\/index.php\/alger-paa-taget\/","name":"Alger p\u00e5 taget - professionel algebehandling af tage i hele landet","isPartOf":{"@id":"https:\/\/dazzling-bhaskara.46-4-121-245.plesk.page\/#website"},"datePublished":"2021-03-22T09:17:08+00:00","description":"Har du f\u00e5et alger p\u00e5 taget og \u00f8nsker en professionel algebehandling s\u00e5 kontakt os i dag og f\u00e5 et godt tilbud.","breadcrumb":{"@id":"https:\/\/dazzling-bhaskara.46-4-121-245.plesk.page\/index.php\/alger-paa-taget\/#breadcrumb"},"inLanguage":"en-US","potentialAction":[{"@type":"ReadAction","target":["https:\/\/dazzling-bhaskara.46-4-121-245.plesk.page\/index.php\/alger-paa-taget\/"]}]},{"@type":"BreadcrumbList","@id":"https:\/\/dazzling-bhaskara.46-4-121-245.plesk.page\/index.php\/alger-paa-taget\/#breadcrumb","itemListElement":[{"@type":"ListItem","position":1,"name":"Home","item":"https:\/\/dazzling-bhaskara.46-4-121-245.plesk.page\/"},{"@type":"ListItem","position":2,"name":"Tagrens &#8211; Hvad er alger p\u00e5 taget?"}]},{"@type":"WebSite","@id":"https:\/\/dazzling-bhaskara.46-4-121-245.plesk.page\/#website","url":"https:\/\/dazzling-bhaskara.46-4-121-245.plesk.page\/","name":"Everything Inc.","description":"","potentialAction":[{"@type":"SearchAction","target":{"@type":"EntryPoint","urlTemplate":"https:\/\/dazzling-bhaskara.46-4-121-245.plesk.page\/?s={search_term_string}"},"query-input":{"@type":"PropertyValueSpecification","valueRequired":true,"valueName":"search_term_string"}}],"inLanguage":"en-US"}]}},"_links":{"self":[{"href":"https:\/\/dazzling-bhaskara.46-4-121-245.plesk.page\/index.php\/wp-json\/wp\/v2\/pages\/76232","targetHints":{"allow":["GET"]}}],"collection":[{"href":"https:\/\/dazzling-bhaskara.46-4-121-245.plesk.page\/index.php\/wp-json\/wp\/v2\/pages"}],"about":[{"href":"https:\/\/dazzling-bhaskara.46-4-121-245.plesk.page\/index.php\/wp-json\/wp\/v2\/types\/page"}],"author":[{"embeddable":true,"href":"https:\/\/dazzling-bhaskara.46-4-121-245.plesk.page\/index.php\/wp-json\/wp\/v2\/users\/2"}],"replies":[{"embeddable":true,"href":"https:\/\/dazzling-bhaskara.46-4-121-245.plesk.page\/index.php\/wp-json\/wp\/v2\/comments?post=76232"}],"version-history":[{"count":0,"href":"https:\/\/dazzling-bhaskara.46-4-121-245.plesk.page\/index.php\/wp-json\/wp\/v2\/pages\/76232\/revisions"}],"wp:attachment":[{"href":"https:\/\/dazzling-bhaskara.46-4-121-245.plesk.page\/index.php\/wp-json\/wp\/v2\/media?parent=76232"}],"curies":[{"name":"wp","href":"https:\/\/api.w.org\/{rel}","templated":true}]}}