{"id":76301,"date":"2021-03-24T14:19:20","date_gmt":"2021-03-24T14:19:20","guid":{"rendered":"https:\/\/jyskalgeservice.dk\/?page_id=76301"},"modified":"2021-03-24T14:19:20","modified_gmt":"2021-03-24T14:19:20","slug":"alger-paa-fliser","status":"publish","type":"page","link":"https:\/\/dazzling-bhaskara.46-4-121-245.plesk.page\/index.php\/alger-paa-fliser\/","title":{"rendered":"Fliserens &#8211; hvad er alger p\u00e5 fliser"},"content":{"rendered":"<p>[vc_row css=&#8221;.vc_custom_1544105688582{margin-top: 40px !important;}&#8221;][vc_column width=&#8221;1\/2&#8243; css=&#8221;.vc_custom_1611910166443{padding-bottom: 10px !important;}&#8221;][vc_custom_heading text=&#8221;Alger og algebek\u00e6mpelse &#8211; hvad er alger p\u00e5 fliser og hvordan bek\u00e6mpes de?&#8221; font_container=&#8221;tag:h1|font_size:18|text_align:left|color:%23000000&#8243; el_class=&#8221;heading-title-2&#8243;][vc_column_text][su_dropcap style=&#8221;simple&#8221; size=&#8221;5&#8243;]A[\/su_dropcap]lger p\u00e5 fliser findes i mange forskellige st\u00f8rrelser, farver og ikke mindst typer. Hvadenten der er tale om r\u00f8de, sorte eller gr\u00f8nne alger der gror p\u00e5 dine fliser eller murv\u00e6rk er de fleste helt ufarlige for mennesker. De kan dog gro og sprede sig utroligt hurtigt, hvorfor det er vigtigt at tage h\u00e5nd om problemet s\u00e5 hurtigt som muligt med en god omgang algerens. Algebek\u00e6mpelse<\/p>\n<p>Alger er tilstede i jorden og sender sporer igennem luften, som s\u00e6tter sig p\u00e5 tag, terrasse, indk\u00f8rsel og andre overflader. De kan ogs\u00e5 s\u00e6tte sig p\u00e5 husmur og andet murv\u00e6rk, samt tr\u00e6v\u00e6rk eller angribe havem\u00f8bler, stakit, drivhus. Ja faktisk n\u00e6rmest alt hvad du har udend\u00f8rs kan potentielt blive angrebet af alger. De kan faktisk vokse p\u00e5 de fleste overfladetyper hvadenten det er en tr\u00e6terrasse eller bel\u00e6gningssten af sten, beton eller andet materiale. Uj\u00e6vne overflader af et bl\u00f8dere materiale har dog tendens til at blive ramt v\u00e6rre end h\u00e5rdere og mere j\u00e6vne overflader.<\/p>\n<p>Alger har dog de absolut bedste v\u00e6kstbetingelser hvor det er v\u00e5dt, og hvor lys er begr\u00e6nset. I skygge af tr\u00e6er hvor regnvand ogs\u00e5 er tilstede fx. giver de helt perfekte vilk\u00e5r for algev\u00e6kst.<\/p>\n<p>[su_box title=&#8221;Quick facts om alger&#8221; style=&#8221;soft&#8221; box_color=&#8221;#c9c9c9&#8243; radius=&#8221;10&#8243;]<\/p>\n<ul>\n<li>Navne: Alger, lav, mos<\/li>\n<li>P\u00e5virkede omr\u00e5der: Stier, terrasse, indk\u00f8rsel, sten, havem\u00f8bler, hegn<\/li>\n<li>Prim\u00e6re \u00e5rsager: Fugt, skygge, d\u00e5rligt afl\u00f8b<\/li>\n<li>S\u00e6son: Mere synlige om vinteren eller efter kraftig regn men tilstede \u00e5ret rundt[\/su_box]<\/li>\n<\/ul>\n<p>De fleste er nok enige i, at den typisk gr\u00f8nne v\u00e6kst ikke ligefrem er k\u00f8n at se p\u00e5. Det er dog ikke udelukkende for syns skyld at alger b\u00f8r fjernes. De ber\u00f8rte omr\u00e5der bliver fx. slimede, n\u00e5r de bliver v\u00e5de hvilket skaber gode foruds\u00e6tninger for ulykker.<\/p>\n<p>Hvis algerne ikke fjernes og ligger og t\u00f8rrer hen over sommeren bliver de sorte og f\u00e5r terrassen til at se beskidt og uindbydende ud &#8211; og processen gentager sig den efterf\u00f8lgende vinter, hvilket blot f\u00e5r problemet til at fremst\u00e5 v\u00e6rre. Derudover slider det p\u00e5 fliserne, hvilket betyder kortere levetid. [su_pullquote align=&#8221;right&#8221;]Hvis algerne ikke fjernes og ligger og t\u00f8rrer hen over sommeren bliver de sorte og f\u00e5r terrassen til at se beskidt og uindbydende ud &#8211; og processen gentager sig den efterf\u00f8lgende vinter, hvilket blot f\u00e5r problemet til at fremst\u00e5 v\u00e6rre.[\/su_pullquote]<\/p>\n<p>Alger er ofte mere genstridige i efter\u00e5ret og om vinteren fordi der er mere sollys og mindre regn. For\u00e5ret er derfor det mest oplagte tidspunkt at f\u00e5 renset terrassefliserne for alger og andet skidt.<\/p>\n<p>Algev\u00e6kst kan aldrig 100% forhindres \u2013 det vil altid regne og \u00e5rstiderne skifter. Du kan dog tr\u00e6ffe nogle valg, der kan g\u00f8re chancen for algev\u00e6kst mindre. De helt \u00e5benlyse er naturligvis vedligehold og j\u00e6vnlig rens. Nogle bygger deres terrasse s\u00e5 den st\u00e5r en smule p\u00e5 skr\u00e5, hvilket skaber bedre dr\u00e6n s\u00e5 vandet bliver ledt v\u00e6k fra fliserne. P\u00e5 den m\u00e5de har alger og mos d\u00e5rligere betingelser for at gro og sprede sig.<\/p>\n<p><strong>S\u00e5dan fjernes alger p\u00e5 fliser<\/strong><br \/>\nDer findes mange metoder til at rense fliser. H\u00f8jtryksrens er almindeligt anvendt metode, her skal man dog v\u00e6re p\u00e5passelig da det kan skade fliserne hvis man ikke er rutineret. Nogle anvender ogs\u00e5 et algemiddel &#8211; men her er det vigtigt at man anvender et kvalitetsprodukt da visse typer grundl\u00e6ggende set blot er et blegemiddel. Meget harske midler kan have en negativ effekt p\u00e5 flisernes overflade.<\/p>\n<p>Generelt set vil disse produkter fjerne algerne, men kommer i vores erfaring ikke helt ned og tager problemet fra bunden. Vi anvender maskine, da det er klart den mest effektive men samtidigt ogs\u00e5 en sk\u00e5nsom m\u00e5de at rense fliser p\u00e5, hvis det g\u00f8res rigtigt.<\/p>\n<p><strong>Hvorfor kan alger overhovedet gro p\u00e5 fliser?<\/strong><br \/>\nMange forst\u00e5r ikke hvorfor mos og alger overhovedet kan vokse p\u00e5 h\u00e5rde overflader som havefliser, m\u00f8bler, sten, tag og lignende. Disse organismer har brug for n\u00e6ring for at overleve pr\u00e6cist som du og jeg og de f\u00e5r denne fra varierende kilder. St\u00f8v og meget fine aerosoler (en sky af dr\u00e5ber eller partikler) fra tr\u00e6er, buske og andet organisk materiale er alle kilder til n\u00e6ring, for det der gror p\u00e5 din terrasse. Algebek\u00e6mpelse er derfor noget man aldrig helt slipper for, men man kan s\u00f8rge for at de skaber mindst problemer p\u00e5 sigt ved at tage h\u00e5nd om problemet s\u00e5 snart det opst\u00e5r.<\/p>\n<p>S\u00e5 uanset om det er din tr\u00e6terrasse, betonfliser eller andet der skal renses og algebehandles er du altid velkommen til at give os et kald. Du kan ogs\u00e5 skrive en mail eller udfylde kontaktformularen her p\u00e5 siden &#8211; s\u00e5 vender vi tilbage hurtigst. Vi garanterer at dine fliser kommer til at se ud n\u00e6sten som nye til en billig pris, uden at g\u00e5 p\u00e5 kompromis med kvaliteten.<\/p>\n<p class=\"p1\">[su_button url=&#8221;tel:4542570999&#8243; background=&#8221;#9ecd52&#8243; color=&#8221;#ffffff&#8221; size=&#8221;5&#8243; icon=&#8221;icon: phone&#8221; icon_color=&#8221;#ffffff&#8221;]Ring[\/su_button] [su_button url=&#8221;mailto:info@jyskalgeservice.dk&#8221; background=&#8221;#9ecd52&#8243; color=&#8221;#ffffff&#8221; size=&#8221;5&#8243; icon=&#8221;icon: send-o&#8221; icon_color=&#8221;#ffffff&#8221;]Email[\/su_button]<\/p>\n<p class=\"p1\">[su_button url=&#8221;\/kontakt\/&#8221; background=&#8221;#9ecd52&#8243; color=&#8221;#ffffff&#8221; size=&#8221;5&#8243; icon=&#8221;icon: envelope-o&#8221; icon_color=&#8221;#ffffff&#8221;]Kontakt os[\/su_button]<\/p>\n<p>[\/vc_column_text][\/vc_column][vc_column width=&#8221;1\/2&#8243;][twenty20 offset=&#8221;0.5&#8243; img1=&#8221;75126&#8243; img2=&#8221;75125&#8243; width=&#8221;100%&#8221;][vc_custom_heading text=&#8221;Bliver klogere p\u00e5 fliserens og alger&#8221; font_container=&#8221;tag:h3|text_align:left&#8221; el_class=&#8221;heading-title-2&#8243;][vc_column_text]Benyt nedenst\u00e5ende links og f\u00e5 svar p\u00e5 alle dine sp\u00f8rgsm\u00e5l om fliserens og alger.[su_list]<\/p>\n<ul>\n<li><a href=\"https:\/\/dazzling-bhaskara.46-4-121-245.plesk.page\/fliserens-hvorfor\/\">Hvorfor fliserens og algebehandling?<\/a><\/li>\n<li><a href=\"https:\/\/dazzling-bhaskara.46-4-121-245.plesk.page\/fliserens-pris\/\">Hvad koster fliserens?<\/a><\/li>\n<li><a href=\"https:\/\/dazzling-bhaskara.46-4-121-245.plesk.page\/fliserens-saadan-goer-vi\/\">S\u00e5dan renser vi dine fliser i dybden<\/a><\/li>\n<li><a href=\"https:\/\/dazzling-bhaskara.46-4-121-245.plesk.page\/fliserens-spoergsmaal\/\">Ofte stillede sp\u00f8rgsm\u00e5l om alger og fliserens<\/a><\/li>\n<li><a href=\"https:\/\/dazzling-bhaskara.46-4-121-245.plesk.page\/flisepest\/\">Hvad er flisepest?<\/a><\/li>\n<li><a href=\"https:\/\/dazzling-bhaskara.46-4-121-245.plesk.page\/3-metoder-fliserens\/\">3 metoder til rens af fliser<\/a><\/li>\n<li><a href=\"https:\/\/dazzling-bhaskara.46-4-121-245.plesk.page\/rens-af-traeterrasse\/\">Rens af tr\u00e6terrasse<\/a><\/li>\n<li><a href=\"https:\/\/dazzling-bhaskara.46-4-121-245.plesk.page\/algebehandling\/\">V\u00e6rd at vide om algebehandling<\/a><\/li>\n<li><a href=\"https:\/\/dazzling-bhaskara.46-4-121-245.plesk.page\/fliseimpraegnering\/\">Impr\u00e6gnering &#8211; hvorfor?<\/a><\/li>\n<\/ul>\n<p>[\/su_list][\/vc_column_text][\/vc_column][\/vc_row][vc_row css=&#8221;.vc_custom_1544103126775{margin-top: 40px !important;padding-top: 40px !important;padding-bottom: 40px !important;background-color: #f7f7f7 !important;}&#8221;][vc_column width=&#8221;1\/3&#8243; offset=&#8221;vc_hidden-sm vc_hidden-xs&#8221;][vc_single_image image=&#8221;75601&#8243; img_size=&#8221;full&#8221; css_animation=&#8221;left-to-right&#8221; el_class=&#8221;.colorbg&#8221;][\/vc_column][vc_column width=&#8221;2\/3&#8243;][vc_custom_heading text=&#8221;HELE DANMARK ER VORES ARBEJDSPLADS&#8221; font_container=&#8221;tag:h3|text_align:left|color:%23000000&#8243; el_class=&#8221;heading-title-2&#8243;][vc_column_text]Algerne gror over hele Danmark, og om du bor p\u00e5 Sj\u00e6lland, Fyn eller i Jylland, s\u00e5 er vi klar til at komme forbi dig, og hj\u00e6lpe dig i din kamp imod algerne.<\/p>\n<p style=\"color: #000;\"><b>Kontakt os i dag og f\u00e5 et skarpt tilbud<\/b><\/p>\n<p class=\"p1\">[su_button url=&#8221;tel:4542570999&#8243; background=&#8221;#84c758&#8243; color=&#8221;#ffffff&#8221; size=&#8221;5&#8243; icon=&#8221;icon: phone&#8221; icon_color=&#8221;#ffffff&#8221;]Ring[\/su_button] [su_button url=&#8221;mailto:info@jyskalgeservice.dk&#8221; background=&#8221;#84c758&#8243; color=&#8221;#ffffff&#8221; size=&#8221;5&#8243; icon=&#8221;icon: send-o&#8221; icon_color=&#8221;#ffffff&#8221;]Email[\/su_button]<\/p>\n<p class=\"p1\">[su_button url=&#8221;\/kontakt\/&#8221; background=&#8221;#84c758&#8243; color=&#8221;#ffffff&#8221; size=&#8221;5&#8243; icon=&#8221;icon: envelope-o&#8221; icon_color=&#8221;#ffffff&#8221;]Kontakt os[\/su_button]<\/p>\n<p>[\/vc_column_text][\/vc_column][\/vc_row]<\/p>\n","protected":false},"excerpt":{"rendered":"<p>[vc_row css=&#8221;.vc_custom_1544105688582{margin-top: 40px !important;}&#8221;][vc_column width=&#8221;1\/2&#8243; css=&#8221;.vc_custom_1611910166443{padding-bottom: 10px !important;}&#8221;][vc_custom_heading text=&#8221;Alger og algebek\u00e6mpelse &#8211; hvad er alger p\u00e5 fliser og hvordan bek\u00e6mpes [&hellip;]<\/p>\n","protected":false},"author":2,"featured_media":0,"parent":0,"menu_order":0,"comment_status":"closed","ping_status":"closed","template":"","meta":{"site-sidebar-layout":"default","site-content-layout":"","ast-site-content-layout":"default","site-content-style":"default","site-sidebar-style":"default","ast-global-header-display":"","ast-banner-title-visibility":"","ast-main-header-display":"","ast-hfb-above-header-display":"","ast-hfb-below-header-display":"","ast-hfb-mobile-header-display":"","site-post-title":"","ast-breadcrumbs-content":"","ast-featured-img":"","footer-sml-layout":"","ast-disable-related-posts":"","theme-transparent-header-meta":"","adv-header-id-meta":"","stick-header-meta":"","header-above-stick-meta":"","header-main-stick-meta":"","header-below-stick-meta":"","astra-migrate-meta-layouts":"default","ast-page-background-enabled":"default","ast-page-background-meta":{"desktop":{"background-color":"var(--ast-global-color-5)","background-image":"","background-repeat":"repeat","background-position":"center center","background-size":"auto","background-attachment":"scroll","background-type":"","background-media":"","overlay-type":"","overlay-color":"","overlay-opacity":"","overlay-gradient":""},"tablet":{"background-color":"","background-image":"","background-repeat":"repeat","background-position":"center center","background-size":"auto","background-attachment":"scroll","background-type":"","background-media":"","overlay-type":"","overlay-color":"","overlay-opacity":"","overlay-gradient":""},"mobile":{"background-color":"","background-image":"","background-repeat":"repeat","background-position":"center center","background-size":"auto","background-attachment":"scroll","background-type":"","background-media":"","overlay-type":"","overlay-color":"","overlay-opacity":"","overlay-gradient":""}},"ast-content-background-meta":{"desktop":{"background-color":"var(--ast-global-color-4)","background-image":"","background-repeat":"repeat","background-position":"center center","background-size":"auto","background-attachment":"scroll","background-type":"","background-media":"","overlay-type":"","overlay-color":"","overlay-opacity":"","overlay-gradient":""},"tablet":{"background-color":"var(--ast-global-color-4)","background-image":"","background-repeat":"repeat","background-position":"center center","background-size":"auto","background-attachment":"scroll","background-type":"","background-media":"","overlay-type":"","overlay-color":"","overlay-opacity":"","overlay-gradient":""},"mobile":{"background-color":"var(--ast-global-color-4)","background-image":"","background-repeat":"repeat","background-position":"center center","background-size":"auto","background-attachment":"scroll","background-type":"","background-media":"","overlay-type":"","overlay-color":"","overlay-opacity":"","overlay-gradient":""}},"footnotes":""},"class_list":["post-76301","page","type-page","status-publish","hentry"],"yoast_head":"<!-- This site is optimized with the Yoast SEO plugin v26.9 - https:\/\/yoast.com\/product\/yoast-seo-wordpress\/ -->\n<title>Alger p\u00e5 fliser - hvad er alger p\u00e5 fliser og algebek\u00e6mpelse -<\/title>\n<meta name=\"description\" content=\"L\u00e6r mere om alger p\u00e5 fliser, murv\u00e6rk og andet. Hvorfor opst\u00e5r de overhovedet og hvordan kan du bedst s\u00f8rge for at holde dem nede i fremtiden.\" \/>\n<meta name=\"robots\" content=\"noindex, follow, max-snippet:-1, max-image-preview:large, max-video-preview:-1\" \/>\n<meta property=\"og:locale\" content=\"en_US\" \/>\n<meta property=\"og:type\" content=\"article\" \/>\n<meta property=\"og:title\" content=\"Alger p\u00e5 fliser - hvad er alger p\u00e5 fliser og algebek\u00e6mpelse -\" \/>\n<meta property=\"og:description\" content=\"L\u00e6r mere om alger p\u00e5 fliser, murv\u00e6rk og andet. Hvorfor opst\u00e5r de overhovedet og hvordan kan du bedst s\u00f8rge for at holde dem nede i fremtiden.\" \/>\n<meta property=\"og:url\" content=\"https:\/\/dazzling-bhaskara.46-4-121-245.plesk.page\/index.php\/alger-paa-fliser\/\" \/>\n<meta property=\"og:site_name\" content=\"Everything Inc.\" \/>\n<meta name=\"twitter:card\" content=\"summary_large_image\" \/>\n<meta name=\"twitter:label1\" content=\"Est. reading time\" \/>\n\t<meta name=\"twitter:data1\" content=\"6 minutes\" \/>\n<script type=\"application\/ld+json\" class=\"yoast-schema-graph\">{\"@context\":\"https:\/\/schema.org\",\"@graph\":[{\"@type\":\"WebPage\",\"@id\":\"https:\/\/dazzling-bhaskara.46-4-121-245.plesk.page\/index.php\/alger-paa-fliser\/\",\"url\":\"https:\/\/dazzling-bhaskara.46-4-121-245.plesk.page\/index.php\/alger-paa-fliser\/\",\"name\":\"Alger p\u00e5 fliser - hvad er alger p\u00e5 fliser og algebek\u00e6mpelse -\",\"isPartOf\":{\"@id\":\"https:\/\/dazzling-bhaskara.46-4-121-245.plesk.page\/#website\"},\"datePublished\":\"2021-03-24T14:19:20+00:00\",\"description\":\"L\u00e6r mere om alger p\u00e5 fliser, murv\u00e6rk og andet. Hvorfor opst\u00e5r de overhovedet og hvordan kan du bedst s\u00f8rge for at holde dem nede i fremtiden.\",\"breadcrumb\":{\"@id\":\"https:\/\/dazzling-bhaskara.46-4-121-245.plesk.page\/index.php\/alger-paa-fliser\/#breadcrumb\"},\"inLanguage\":\"en-US\",\"potentialAction\":[{\"@type\":\"ReadAction\",\"target\":[\"https:\/\/dazzling-bhaskara.46-4-121-245.plesk.page\/index.php\/alger-paa-fliser\/\"]}]},{\"@type\":\"BreadcrumbList\",\"@id\":\"https:\/\/dazzling-bhaskara.46-4-121-245.plesk.page\/index.php\/alger-paa-fliser\/#breadcrumb\",\"itemListElement\":[{\"@type\":\"ListItem\",\"position\":1,\"name\":\"Home\",\"item\":\"https:\/\/dazzling-bhaskara.46-4-121-245.plesk.page\/\"},{\"@type\":\"ListItem\",\"position\":2,\"name\":\"Fliserens &#8211; hvad er alger p\u00e5 fliser\"}]},{\"@type\":\"WebSite\",\"@id\":\"https:\/\/dazzling-bhaskara.46-4-121-245.plesk.page\/#website\",\"url\":\"https:\/\/dazzling-bhaskara.46-4-121-245.plesk.page\/\",\"name\":\"Everything Inc.\",\"description\":\"\",\"potentialAction\":[{\"@type\":\"SearchAction\",\"target\":{\"@type\":\"EntryPoint\",\"urlTemplate\":\"https:\/\/dazzling-bhaskara.46-4-121-245.plesk.page\/?s={search_term_string}\"},\"query-input\":{\"@type\":\"PropertyValueSpecification\",\"valueRequired\":true,\"valueName\":\"search_term_string\"}}],\"inLanguage\":\"en-US\"}]}<\/script>\n<!-- \/ Yoast SEO plugin. -->","yoast_head_json":{"title":"Alger p\u00e5 fliser - hvad er alger p\u00e5 fliser og algebek\u00e6mpelse -","description":"L\u00e6r mere om alger p\u00e5 fliser, murv\u00e6rk og andet. Hvorfor opst\u00e5r de overhovedet og hvordan kan du bedst s\u00f8rge for at holde dem nede i fremtiden.","robots":{"index":"noindex","follow":"follow","max-snippet":"max-snippet:-1","max-image-preview":"max-image-preview:large","max-video-preview":"max-video-preview:-1"},"og_locale":"en_US","og_type":"article","og_title":"Alger p\u00e5 fliser - hvad er alger p\u00e5 fliser og algebek\u00e6mpelse -","og_description":"L\u00e6r mere om alger p\u00e5 fliser, murv\u00e6rk og andet. Hvorfor opst\u00e5r de overhovedet og hvordan kan du bedst s\u00f8rge for at holde dem nede i fremtiden.","og_url":"https:\/\/dazzling-bhaskara.46-4-121-245.plesk.page\/index.php\/alger-paa-fliser\/","og_site_name":"Everything Inc.","twitter_card":"summary_large_image","twitter_misc":{"Est. reading time":"6 minutes"},"schema":{"@context":"https:\/\/schema.org","@graph":[{"@type":"WebPage","@id":"https:\/\/dazzling-bhaskara.46-4-121-245.plesk.page\/index.php\/alger-paa-fliser\/","url":"https:\/\/dazzling-bhaskara.46-4-121-245.plesk.page\/index.php\/alger-paa-fliser\/","name":"Alger p\u00e5 fliser - hvad er alger p\u00e5 fliser og algebek\u00e6mpelse -","isPartOf":{"@id":"https:\/\/dazzling-bhaskara.46-4-121-245.plesk.page\/#website"},"datePublished":"2021-03-24T14:19:20+00:00","description":"L\u00e6r mere om alger p\u00e5 fliser, murv\u00e6rk og andet. Hvorfor opst\u00e5r de overhovedet og hvordan kan du bedst s\u00f8rge for at holde dem nede i fremtiden.","breadcrumb":{"@id":"https:\/\/dazzling-bhaskara.46-4-121-245.plesk.page\/index.php\/alger-paa-fliser\/#breadcrumb"},"inLanguage":"en-US","potentialAction":[{"@type":"ReadAction","target":["https:\/\/dazzling-bhaskara.46-4-121-245.plesk.page\/index.php\/alger-paa-fliser\/"]}]},{"@type":"BreadcrumbList","@id":"https:\/\/dazzling-bhaskara.46-4-121-245.plesk.page\/index.php\/alger-paa-fliser\/#breadcrumb","itemListElement":[{"@type":"ListItem","position":1,"name":"Home","item":"https:\/\/dazzling-bhaskara.46-4-121-245.plesk.page\/"},{"@type":"ListItem","position":2,"name":"Fliserens &#8211; hvad er alger p\u00e5 fliser"}]},{"@type":"WebSite","@id":"https:\/\/dazzling-bhaskara.46-4-121-245.plesk.page\/#website","url":"https:\/\/dazzling-bhaskara.46-4-121-245.plesk.page\/","name":"Everything Inc.","description":"","potentialAction":[{"@type":"SearchAction","target":{"@type":"EntryPoint","urlTemplate":"https:\/\/dazzling-bhaskara.46-4-121-245.plesk.page\/?s={search_term_string}"},"query-input":{"@type":"PropertyValueSpecification","valueRequired":true,"valueName":"search_term_string"}}],"inLanguage":"en-US"}]}},"_links":{"self":[{"href":"https:\/\/dazzling-bhaskara.46-4-121-245.plesk.page\/index.php\/wp-json\/wp\/v2\/pages\/76301","targetHints":{"allow":["GET"]}}],"collection":[{"href":"https:\/\/dazzling-bhaskara.46-4-121-245.plesk.page\/index.php\/wp-json\/wp\/v2\/pages"}],"about":[{"href":"https:\/\/dazzling-bhaskara.46-4-121-245.plesk.page\/index.php\/wp-json\/wp\/v2\/types\/page"}],"author":[{"embeddable":true,"href":"https:\/\/dazzling-bhaskara.46-4-121-245.plesk.page\/index.php\/wp-json\/wp\/v2\/users\/2"}],"replies":[{"embeddable":true,"href":"https:\/\/dazzling-bhaskara.46-4-121-245.plesk.page\/index.php\/wp-json\/wp\/v2\/comments?post=76301"}],"version-history":[{"count":0,"href":"https:\/\/dazzling-bhaskara.46-4-121-245.plesk.page\/index.php\/wp-json\/wp\/v2\/pages\/76301\/revisions"}],"wp:attachment":[{"href":"https:\/\/dazzling-bhaskara.46-4-121-245.plesk.page\/index.php\/wp-json\/wp\/v2\/media?parent=76301"}],"curies":[{"name":"wp","href":"https:\/\/api.w.org\/{rel}","templated":true}]}}