{"id":76350,"date":"2021-03-30T07:45:00","date_gmt":"2021-03-30T07:45:00","guid":{"rendered":"https:\/\/jyskalgeservice.dk\/?page_id=76350"},"modified":"2021-03-30T07:45:00","modified_gmt":"2021-03-30T07:45:00","slug":"rens-af-traeterrasse","status":"publish","type":"page","link":"https:\/\/dazzling-bhaskara.46-4-121-245.plesk.page\/index.php\/rens-af-traeterrasse\/","title":{"rendered":"Fliserens &#8211; rens af tr\u00e6terrasse"},"content":{"rendered":"<p>[vc_row css=&#8221;.vc_custom_1544105688582{margin-top: 40px !important;}&#8221;][vc_column width=&#8221;1\/2&#8243; css=&#8221;.vc_custom_1611910166443{padding-bottom: 10px !important;}&#8221;][vc_custom_heading text=&#8221;RENS AF TR\u00c6TERRASSE&#8221; font_container=&#8221;tag:h2|font_size:18|text_align:left|color:%23000000&#8243; el_class=&#8221;heading-title-2&#8243;][vc_column_text]Mange vil m\u00e5ske sige at en tr\u00e6terrasse bare er flottere end en terrasse med fx. betonfliser. Uanset hvad man end m\u00e5 mene om den sag, er der dog ofte mere arbejde involveret n\u00e5r det kommer til tr\u00e6terrasser &#8211; s\u00e6rligt hvad ang\u00e5r reng\u00f8ring og vedligehold.<\/p>\n<p>Tr\u00e6terrasser er typisk mere udsatte og f\u00f8lsomme overfor vejrets luner end de fleste andre typer terrasser. Over tid nedbrydes finishen p\u00e5 en tr\u00e6terrasse og med sol og vejr, \u00e6ldes br\u00e6dderne naturligt. Samtidigt vil vand tr\u00e6nge ned i tr\u00e6et, hvilket kan medf\u00f8re skimmel og meldug og i sidste ende f\u00f8re til r\u00e5d i tr\u00e6et.<\/p>\n<p>Ligeledes vil blade, grann\u00e5le og andet nedfald fra tr\u00e6er ophobe sig p\u00e5 terrassen og s\u00e6tte gang i en naturlig nedbrydelsesproces, som er medvirkende til fx. dannelse af syreholdige tanniner. Disse for\u00e5rsager sorte pletter og m\u00e6rker p\u00e5 tr\u00e6ets overflade.<\/p>\n<p>Pletter for\u00e5rsaget af blade kan v\u00e6re sv\u00e6re at fjerne og afh\u00e6ngig af problemets omfang, kan det v\u00e6re n\u00f8dvendigt at fors\u00f8ge sig frem med flere forskellige metoder &#8211; s\u00e6rligt hvis man ikke har tidligere erfaring med rensning af en tr\u00e6terrasse. Jo mere slidte og por\u00f8se terrassebr\u00e6dderne er blevet, jo mere tr\u00e6nger pletterne ned i materialet, hvilket g\u00f8r dem sv\u00e6rere at fjerne og kr\u00e6ver grundig overvejelse ift. hvilken fremgangsmetode der anvendes til rensning. Mange v\u00e6lger derfor at ringe til professionelle tr\u00e6terrasserensere for at f\u00e5 l\u00f8st opgaven p\u00e5 den mest hensigtsm\u00e6ssige og effektive m\u00e5de.<\/p>\n<p>Som ejer af en tr\u00e6terrasse er det altid en god ide at inspicere terrassen j\u00e6vnligt for at afg\u00f8re, om det er p\u00e5 tide at f\u00e5 den renset. Det er mange grunde til at rense en tr\u00e6terrasse:<\/p>\n<ul>\n<li>Tendens til at tr\u00e6et bliver gr\u00e5t og kedeligt reduceres eller elimineres<\/li>\n<li>Terrassen bevarer sin dekorative funktion<\/li>\n<li>Gr\u00f8n v\u00e6kst s\u00e5som mos og alger fjernes<\/li>\n<li>Tr\u00e6et bliver ikke glat at g\u00e5 p\u00e5<\/li>\n<li>L\u00f8s jord skaber ikke v\u00e5de\/fugtige omr\u00e5der<\/li>\n<li>Problematisk v\u00e6kst s\u00e5som svampe spreder sig ikke<\/li>\n<\/ul>\n<p>Udover reng\u00f8ring b\u00f8r du ogs\u00e5 v\u00e6re opm\u00e6rksom p\u00e5 andre vedligeholdsopgaver, der ofte er n\u00f8dvendige med en tr\u00e6terrasse. Disse varierer naturligvis afh\u00e6ngig af hvilken type tr\u00e6 terrassebr\u00e6dderne er lavet af. Visse tr\u00e6sorter som fx. eg og mahogni kr\u00e6ver mindre vedligeholdelse grundet h\u00f8jt indhold af harpiks, som har en naturlig beskyttende effekt.<\/p>\n<p>Typisk anbefales at en tr\u00e6terrasse reng\u00f8res mindst en (men gerne to gange) om \u00e5ret. En gang om for\u00e5ret inden de varme sommerm\u00e5neder og en gang om efter\u00e5ret f\u00f8r de kolde vinterm\u00e5neder. Regelm\u00e6ssig rens er ogs\u00e5 med til at forl\u00e6nge terrassens levetid og reducerer behovet for dyre reparationer.<\/p>\n<p>Der findes mange forskellige m\u00e5der at rense en tr\u00e6terrasse p\u00e5. Hvis du \u00f8nsker at g\u00f8re det selv kan du f\u00e5 rensemidler til tr\u00e6 I Jem og Fix. Du kan ogs\u00e5 lave din egen blanding af diverse husholdningsmidler, og give dig i kast med projektet p\u00e5 gammeldags facon med b\u00f8rste og vand. Denne temmelig rygkrummende og anstrengende metode nyder dog ikke den store popularitet l\u00e6ngere, hvor de fleste foretr\u00e6kker den langt mere effektive h\u00f8jtryksrens. Her er det dog ekstra vigtigt at du er opm\u00e6rksom p\u00e5 n\u00f8jagtig hvilken type tr\u00e6 terrassen er lavet af, da meget kraftig h\u00f8jtryksrens kan skade bestemte typer tr\u00e6terrasser. Du kan ogs\u00e5 helt spare besv\u00e6ret og kontakte professionelle renseteknikere, som sandsynligvis kan l\u00f8se opgaven langt mere effektivt.<\/p>\n<p>Udover rens anbefales impr\u00e6gnering s\u00e5 terrassens udseende bevares s\u00e5 l\u00e6nge som muligt og bliver beskyttet fra varme og fugt.<\/p>\n<p>[su_box title=&#8221;Tr\u00e6terrasse tip!&#8221; style=&#8221;soft&#8221; box_color=&#8221;#c9c9c9&#8243; radius=&#8221;17&#8243;]Overvejer du at udskifte terrassen v\u00e6lger mange kompositterrassen, som kr\u00e6ver mindre vedligehold. Dog skal det n\u00e6vnes at kompositterrasser p\u00e5 ingen m\u00e5de er vedligeholdesfri og skal naturligvis stadig renses j\u00e6vnligt for b\u00e5de blade, algebel\u00e6gninger og andet skidt og snavs. Ydermere er det almindeligt accepteret at kompositterrasser ikke t\u00e5ler kraftig h\u00f8jtryksrens.[\/su_box]<\/p>\n<p><strong>Klarg\u00f8r terrassen inden rens<br \/>\n<\/strong>Fjern havem\u00f8blerne, planter osv. inden tr\u00e6terrasserensen p\u00e5begyndes. Fej omr\u00e5det grundigt med en kost og fjern st\u00f8v, blade og andet skidt. V\u00e6r opm\u00e6rksom p\u00e5, om der er sm\u00e5 kroge hvor skidt og snavs kan ophobe sig. Brug evt. en skruetr\u00e6kker eller en spartel til at fjerne sm\u00e5 grene eller andet skidt der har sat sig fast mellem terrassebr\u00e6dderne. Overvej om det er n\u00f8dvendigt at tild\u00e6kke blomsterbed og planter i n\u00e6rheden, inden du g\u00e5r i gang.<\/p>\n<p><strong>Skyl eller h\u00f8jtryksrens<\/strong><br \/>\nHvis du overvejer h\u00f8jtryksrens er det vigtigt at der anvendes mindre tryk end fx. ved rens af fliser, da tr\u00e6et ellers som n\u00e6vnt kan tage skade. Det anbefalede tryk afh\u00e6nger faktisk ogs\u00e5 af tr\u00e6ets h\u00e5rdhed, da s\u00e6rligt de bl\u00f8dere tr\u00e6sorter kan v\u00e6re meget f\u00f8lsomme. Derfor er det v\u00e6sentligt, at du v\u00e6lger dit udstyr med omhu, og ved hvad du har med at g\u00f8re. Husk fx. altid at montere en terrassevasker p\u00e5 h\u00f8jtryksrenseren s\u00e5 du undg\u00e5r, at br\u00e6dderne tager skade.<\/p>\n<p>N\u00e5r du har klaret de v\u00e6rste omr\u00e5der s\u00f8rg ogs\u00e5 for at komme godt ind mellem br\u00e6dderne, s\u00e5 du f\u00e5r sm\u00e5 grene, gr\u00e6s og andet med.<\/p>\n<p><strong>Skrub og rens<\/strong><br \/>\nFor at undg\u00e5 at beskadige tr\u00e6et kan du lave en mild blanding af varm vand og opvaskemiddel. Alternativt kan du bruge tr\u00e6terrasserens som f\u00e5s i fx. Jem og Fix.<\/p>\n<p>Fordel midlet p\u00e5 terrassen og skrub med en bl\u00f8d b\u00f8rste eller svamp, indtil det begynder at skumme og vent 5-10 minutter (eller f\u00f8lg anvisningerne p\u00e5 etikken). Til sidst spules terrassen med vand hvorefter den skal t\u00f8rre.<\/p>\n<p><strong>Behandl for skimmel og alger<\/strong><br \/>\nDet er vigtigt at beskytte terrassen mod fremtidig v\u00e6kst efter den er blevet renset. Derfor anbefaler vi at terrassen behandles med koncentreret algemiddel, hvilket beskytter mod algev\u00e6kst samt skimmel i fremtiden.<\/p>\n<p>Hvis du er usikker p\u00e5 om du kan klare opgaven selv p\u00e5 den mest effektive og sk\u00e5nsomme m\u00e5de, kan du overveje om du b\u00f8r ringe til en professionel rensetekniker. Vi st\u00e5r altid klar til at l\u00f8se opgaven for dig &#8211; s\u00e5 ring eller skriv i dag og vi vender tilbage hurtigst med et godt tilbud.[\/vc_column_text][\/vc_column][vc_column width=&#8221;1\/2&#8243;][twenty20 offset=&#8221;0.5&#8243; img1=&#8221;75126&#8243; img2=&#8221;75125&#8243; width=&#8221;100%&#8221;][vc_custom_heading text=&#8221;Bliver klogere p\u00e5 fliserens og alger&#8221; font_container=&#8221;tag:h3|text_align:left&#8221; el_class=&#8221;heading-title-2&#8243;][vc_column_text]Benyt nedenst\u00e5ende links og f\u00e5 svar p\u00e5 alle dine sp\u00f8rgsm\u00e5l om fliserens og alger.[su_list]<\/p>\n<ul>\n<li><a href=\"https:\/\/dazzling-bhaskara.46-4-121-245.plesk.page\/fliserens-hvorfor\/\">Hvorfor fliserens og algebehandling?<\/a><\/li>\n<li><a href=\"https:\/\/dazzling-bhaskara.46-4-121-245.plesk.page\/fliserens-pris\/\">Hvad koster fliserens?<\/a><\/li>\n<li><a href=\"https:\/\/dazzling-bhaskara.46-4-121-245.plesk.page\/fliserens-saadan-goer-vi\/\">S\u00e5dan renser vi dine fliser i dybden<\/a><\/li>\n<li><a href=\"https:\/\/dazzling-bhaskara.46-4-121-245.plesk.page\/fliserens-spoergsmaal\/\">Ofte stillede sp\u00f8rgsm\u00e5l om alger og fliserens<\/a><\/li>\n<li><a href=\"https:\/\/dazzling-bhaskara.46-4-121-245.plesk.page\/alger-paa-fliser\/\">Hvad er alger p\u00e5 fliserne?<\/a><\/li>\n<li><a href=\"https:\/\/dazzling-bhaskara.46-4-121-245.plesk.page\/flisepest\/\">Hvad er flisepest?<\/a><\/li>\n<li><a href=\"https:\/\/dazzling-bhaskara.46-4-121-245.plesk.page\/3-metoder-fliserens\/\">3 metoder til rens af fliser<\/a><\/li>\n<li><a href=\"https:\/\/dazzling-bhaskara.46-4-121-245.plesk.page\/algebehandling\/\">V\u00e6rd at vide om algebehandling<\/a><\/li>\n<li><a href=\"https:\/\/dazzling-bhaskara.46-4-121-245.plesk.page\/fliseimpraegnering\/\">Impr\u00e6gnering &#8211; hvorfor?<\/a><\/li>\n<\/ul>\n<p>[\/su_list][\/vc_column_text][\/vc_column][\/vc_row][vc_row css=&#8221;.vc_custom_1544103126775{margin-top: 40px !important;padding-top: 40px !important;padding-bottom: 40px !important;background-color: #f7f7f7 !important;}&#8221;][vc_column width=&#8221;1\/3&#8243; offset=&#8221;vc_hidden-sm vc_hidden-xs&#8221;][vc_single_image image=&#8221;75601&#8243; img_size=&#8221;full&#8221; css_animation=&#8221;left-to-right&#8221; el_class=&#8221;.colorbg&#8221;][\/vc_column][vc_column width=&#8221;2\/3&#8243;][vc_custom_heading text=&#8221;HELE DANMARK ER VORES ARBEJDSPLADS&#8221; font_container=&#8221;tag:h3|text_align:left|color:%23000000&#8243; el_class=&#8221;heading-title-2&#8243;][vc_column_text]Algerne gror over hele Danmark, og om du bor p\u00e5 Sj\u00e6lland, Fyn eller i Jylland, s\u00e5 er vi klar til at komme forbi dig, og hj\u00e6lpe dig i din kamp imod algerne.<\/p>\n<p style=\"color: #000;\"><b>Kontakt os i dag og f\u00e5 et skarpt tilbud<\/b><\/p>\n<p class=\"p1\">[su_button url=&#8221;tel:4542570999&#8243; background=&#8221;#84c758&#8243; color=&#8221;#ffffff&#8221; size=&#8221;5&#8243; icon=&#8221;icon: phone&#8221; icon_color=&#8221;#ffffff&#8221;]Ring[\/su_button] [su_button url=&#8221;mailto:info@jyskalgeservice.dk&#8221; background=&#8221;#84c758&#8243; color=&#8221;#ffffff&#8221; size=&#8221;5&#8243; icon=&#8221;icon: send-o&#8221; icon_color=&#8221;#ffffff&#8221;]Email[\/su_button]<\/p>\n<p class=\"p1\">[su_button url=&#8221;\/kontakt\/&#8221; background=&#8221;#84c758&#8243; color=&#8221;#ffffff&#8221; size=&#8221;5&#8243; icon=&#8221;icon: envelope-o&#8221; icon_color=&#8221;#ffffff&#8221;]Kontakt os[\/su_button]<\/p>\n<p>[\/vc_column_text][\/vc_column][\/vc_row]<\/p>\n","protected":false},"excerpt":{"rendered":"<p>[vc_row css=&#8221;.vc_custom_1544105688582{margin-top: 40px !important;}&#8221;][vc_column width=&#8221;1\/2&#8243; css=&#8221;.vc_custom_1611910166443{padding-bottom: 10px !important;}&#8221;][vc_custom_heading text=&#8221;RENS AF TR\u00c6TERRASSE&#8221; font_container=&#8221;tag:h2|font_size:18|text_align:left|color:%23000000&#8243; el_class=&#8221;heading-title-2&#8243;][vc_column_text]Mange vil m\u00e5ske sige at en tr\u00e6terrasse bare [&hellip;]<\/p>\n","protected":false},"author":2,"featured_media":0,"parent":0,"menu_order":0,"comment_status":"closed","ping_status":"closed","template":"","meta":{"site-sidebar-layout":"default","site-content-layout":"","ast-site-content-layout":"default","site-content-style":"default","site-sidebar-style":"default","ast-global-header-display":"","ast-banner-title-visibility":"","ast-main-header-display":"","ast-hfb-above-header-display":"","ast-hfb-below-header-display":"","ast-hfb-mobile-header-display":"","site-post-title":"","ast-breadcrumbs-content":"","ast-featured-img":"","footer-sml-layout":"","ast-disable-related-posts":"","theme-transparent-header-meta":"","adv-header-id-meta":"","stick-header-meta":"","header-above-stick-meta":"","header-main-stick-meta":"","header-below-stick-meta":"","astra-migrate-meta-layouts":"default","ast-page-background-enabled":"default","ast-page-background-meta":{"desktop":{"background-color":"var(--ast-global-color-5)","background-image":"","background-repeat":"repeat","background-position":"center center","background-size":"auto","background-attachment":"scroll","background-type":"","background-media":"","overlay-type":"","overlay-color":"","overlay-opacity":"","overlay-gradient":""},"tablet":{"background-color":"","background-image":"","background-repeat":"repeat","background-position":"center center","background-size":"auto","background-attachment":"scroll","background-type":"","background-media":"","overlay-type":"","overlay-color":"","overlay-opacity":"","overlay-gradient":""},"mobile":{"background-color":"","background-image":"","background-repeat":"repeat","background-position":"center center","background-size":"auto","background-attachment":"scroll","background-type":"","background-media":"","overlay-type":"","overlay-color":"","overlay-opacity":"","overlay-gradient":""}},"ast-content-background-meta":{"desktop":{"background-color":"var(--ast-global-color-4)","background-image":"","background-repeat":"repeat","background-position":"center center","background-size":"auto","background-attachment":"scroll","background-type":"","background-media":"","overlay-type":"","overlay-color":"","overlay-opacity":"","overlay-gradient":""},"tablet":{"background-color":"var(--ast-global-color-4)","background-image":"","background-repeat":"repeat","background-position":"center center","background-size":"auto","background-attachment":"scroll","background-type":"","background-media":"","overlay-type":"","overlay-color":"","overlay-opacity":"","overlay-gradient":""},"mobile":{"background-color":"var(--ast-global-color-4)","background-image":"","background-repeat":"repeat","background-position":"center center","background-size":"auto","background-attachment":"scroll","background-type":"","background-media":"","overlay-type":"","overlay-color":"","overlay-opacity":"","overlay-gradient":""}},"footnotes":""},"class_list":["post-76350","page","type-page","status-publish","hentry"],"yoast_head":"<!-- This site is optimized with the Yoast SEO plugin v26.9 - https:\/\/yoast.com\/product\/yoast-seo-wordpress\/ -->\n<title>Rens af tr\u00e6terrasse - l\u00e6r mere her og f\u00e5 en god pris i dag<\/title>\n<meta name=\"description\" content=\"Tr\u00e6nger din tr\u00e6terrasse til en dybdeg\u00e5ende rens med algebehandling og impr\u00e6gnering s\u00e5 kontakt os og f\u00e5 et godt tilbud.\" \/>\n<meta name=\"robots\" content=\"noindex, follow, max-snippet:-1, max-image-preview:large, max-video-preview:-1\" \/>\n<meta property=\"og:locale\" content=\"en_US\" \/>\n<meta property=\"og:type\" content=\"article\" \/>\n<meta property=\"og:title\" content=\"Rens af tr\u00e6terrasse - l\u00e6r mere her og f\u00e5 en god pris i dag\" \/>\n<meta property=\"og:description\" content=\"Tr\u00e6nger din tr\u00e6terrasse til en dybdeg\u00e5ende rens med algebehandling og impr\u00e6gnering s\u00e5 kontakt os og f\u00e5 et godt tilbud.\" \/>\n<meta property=\"og:url\" content=\"https:\/\/dazzling-bhaskara.46-4-121-245.plesk.page\/index.php\/rens-af-traeterrasse\/\" \/>\n<meta property=\"og:site_name\" content=\"Everything Inc.\" \/>\n<meta name=\"twitter:card\" content=\"summary_large_image\" \/>\n<meta name=\"twitter:label1\" content=\"Est. reading time\" \/>\n\t<meta name=\"twitter:data1\" content=\"7 minutes\" \/>\n<script type=\"application\/ld+json\" class=\"yoast-schema-graph\">{\"@context\":\"https:\/\/schema.org\",\"@graph\":[{\"@type\":\"WebPage\",\"@id\":\"https:\/\/dazzling-bhaskara.46-4-121-245.plesk.page\/index.php\/rens-af-traeterrasse\/\",\"url\":\"https:\/\/dazzling-bhaskara.46-4-121-245.plesk.page\/index.php\/rens-af-traeterrasse\/\",\"name\":\"Rens af tr\u00e6terrasse - l\u00e6r mere her og f\u00e5 en god pris i dag\",\"isPartOf\":{\"@id\":\"https:\/\/dazzling-bhaskara.46-4-121-245.plesk.page\/#website\"},\"datePublished\":\"2021-03-30T07:45:00+00:00\",\"description\":\"Tr\u00e6nger din tr\u00e6terrasse til en dybdeg\u00e5ende rens med algebehandling og impr\u00e6gnering s\u00e5 kontakt os og f\u00e5 et godt tilbud.\",\"breadcrumb\":{\"@id\":\"https:\/\/dazzling-bhaskara.46-4-121-245.plesk.page\/index.php\/rens-af-traeterrasse\/#breadcrumb\"},\"inLanguage\":\"en-US\",\"potentialAction\":[{\"@type\":\"ReadAction\",\"target\":[\"https:\/\/dazzling-bhaskara.46-4-121-245.plesk.page\/index.php\/rens-af-traeterrasse\/\"]}]},{\"@type\":\"BreadcrumbList\",\"@id\":\"https:\/\/dazzling-bhaskara.46-4-121-245.plesk.page\/index.php\/rens-af-traeterrasse\/#breadcrumb\",\"itemListElement\":[{\"@type\":\"ListItem\",\"position\":1,\"name\":\"Home\",\"item\":\"https:\/\/dazzling-bhaskara.46-4-121-245.plesk.page\/\"},{\"@type\":\"ListItem\",\"position\":2,\"name\":\"Fliserens &#8211; rens af tr\u00e6terrasse\"}]},{\"@type\":\"WebSite\",\"@id\":\"https:\/\/dazzling-bhaskara.46-4-121-245.plesk.page\/#website\",\"url\":\"https:\/\/dazzling-bhaskara.46-4-121-245.plesk.page\/\",\"name\":\"Everything Inc.\",\"description\":\"\",\"potentialAction\":[{\"@type\":\"SearchAction\",\"target\":{\"@type\":\"EntryPoint\",\"urlTemplate\":\"https:\/\/dazzling-bhaskara.46-4-121-245.plesk.page\/?s={search_term_string}\"},\"query-input\":{\"@type\":\"PropertyValueSpecification\",\"valueRequired\":true,\"valueName\":\"search_term_string\"}}],\"inLanguage\":\"en-US\"}]}<\/script>\n<!-- \/ Yoast SEO plugin. -->","yoast_head_json":{"title":"Rens af tr\u00e6terrasse - l\u00e6r mere her og f\u00e5 en god pris i dag","description":"Tr\u00e6nger din tr\u00e6terrasse til en dybdeg\u00e5ende rens med algebehandling og impr\u00e6gnering s\u00e5 kontakt os og f\u00e5 et godt tilbud.","robots":{"index":"noindex","follow":"follow","max-snippet":"max-snippet:-1","max-image-preview":"max-image-preview:large","max-video-preview":"max-video-preview:-1"},"og_locale":"en_US","og_type":"article","og_title":"Rens af tr\u00e6terrasse - l\u00e6r mere her og f\u00e5 en god pris i dag","og_description":"Tr\u00e6nger din tr\u00e6terrasse til en dybdeg\u00e5ende rens med algebehandling og impr\u00e6gnering s\u00e5 kontakt os og f\u00e5 et godt tilbud.","og_url":"https:\/\/dazzling-bhaskara.46-4-121-245.plesk.page\/index.php\/rens-af-traeterrasse\/","og_site_name":"Everything Inc.","twitter_card":"summary_large_image","twitter_misc":{"Est. reading time":"7 minutes"},"schema":{"@context":"https:\/\/schema.org","@graph":[{"@type":"WebPage","@id":"https:\/\/dazzling-bhaskara.46-4-121-245.plesk.page\/index.php\/rens-af-traeterrasse\/","url":"https:\/\/dazzling-bhaskara.46-4-121-245.plesk.page\/index.php\/rens-af-traeterrasse\/","name":"Rens af tr\u00e6terrasse - l\u00e6r mere her og f\u00e5 en god pris i dag","isPartOf":{"@id":"https:\/\/dazzling-bhaskara.46-4-121-245.plesk.page\/#website"},"datePublished":"2021-03-30T07:45:00+00:00","description":"Tr\u00e6nger din tr\u00e6terrasse til en dybdeg\u00e5ende rens med algebehandling og impr\u00e6gnering s\u00e5 kontakt os og f\u00e5 et godt tilbud.","breadcrumb":{"@id":"https:\/\/dazzling-bhaskara.46-4-121-245.plesk.page\/index.php\/rens-af-traeterrasse\/#breadcrumb"},"inLanguage":"en-US","potentialAction":[{"@type":"ReadAction","target":["https:\/\/dazzling-bhaskara.46-4-121-245.plesk.page\/index.php\/rens-af-traeterrasse\/"]}]},{"@type":"BreadcrumbList","@id":"https:\/\/dazzling-bhaskara.46-4-121-245.plesk.page\/index.php\/rens-af-traeterrasse\/#breadcrumb","itemListElement":[{"@type":"ListItem","position":1,"name":"Home","item":"https:\/\/dazzling-bhaskara.46-4-121-245.plesk.page\/"},{"@type":"ListItem","position":2,"name":"Fliserens &#8211; rens af tr\u00e6terrasse"}]},{"@type":"WebSite","@id":"https:\/\/dazzling-bhaskara.46-4-121-245.plesk.page\/#website","url":"https:\/\/dazzling-bhaskara.46-4-121-245.plesk.page\/","name":"Everything Inc.","description":"","potentialAction":[{"@type":"SearchAction","target":{"@type":"EntryPoint","urlTemplate":"https:\/\/dazzling-bhaskara.46-4-121-245.plesk.page\/?s={search_term_string}"},"query-input":{"@type":"PropertyValueSpecification","valueRequired":true,"valueName":"search_term_string"}}],"inLanguage":"en-US"}]}},"_links":{"self":[{"href":"https:\/\/dazzling-bhaskara.46-4-121-245.plesk.page\/index.php\/wp-json\/wp\/v2\/pages\/76350","targetHints":{"allow":["GET"]}}],"collection":[{"href":"https:\/\/dazzling-bhaskara.46-4-121-245.plesk.page\/index.php\/wp-json\/wp\/v2\/pages"}],"about":[{"href":"https:\/\/dazzling-bhaskara.46-4-121-245.plesk.page\/index.php\/wp-json\/wp\/v2\/types\/page"}],"author":[{"embeddable":true,"href":"https:\/\/dazzling-bhaskara.46-4-121-245.plesk.page\/index.php\/wp-json\/wp\/v2\/users\/2"}],"replies":[{"embeddable":true,"href":"https:\/\/dazzling-bhaskara.46-4-121-245.plesk.page\/index.php\/wp-json\/wp\/v2\/comments?post=76350"}],"version-history":[{"count":0,"href":"https:\/\/dazzling-bhaskara.46-4-121-245.plesk.page\/index.php\/wp-json\/wp\/v2\/pages\/76350\/revisions"}],"wp:attachment":[{"href":"https:\/\/dazzling-bhaskara.46-4-121-245.plesk.page\/index.php\/wp-json\/wp\/v2\/media?parent=76350"}],"curies":[{"name":"wp","href":"https:\/\/api.w.org\/{rel}","templated":true}]}}