{"id":76555,"date":"2021-04-29T08:11:20","date_gmt":"2021-04-29T08:11:20","guid":{"rendered":"https:\/\/jyskalgeservice.dk\/?page_id=76555"},"modified":"2021-04-29T08:11:20","modified_gmt":"2021-04-29T08:11:20","slug":"algebehandling-af-tag","status":"publish","type":"page","link":"https:\/\/dazzling-bhaskara.46-4-121-245.plesk.page\/index.php\/algebehandling-af-tag\/","title":{"rendered":"Tagrens &#8211; algebehandling af tag"},"content":{"rendered":"<p>[vc_row type=&#8221;full_width&#8221;][vc_column offset=&#8221;vc_hidden-xs&#8221;][layerslider_vc id=&#8221;5&#8243;][\/vc_column][vc_column offset=&#8221;vc_hidden-lg vc_hidden-md vc_hidden-sm&#8221;][layerslider_vc id=&#8221;6&#8243;][\/vc_column][\/vc_row][vc_row type=&#8221;full_width&#8221;][vc_column width=&#8221;1\/3&#8243; offset=&#8221;vc_hidden-xs&#8221; css=&#8221;.vc_custom_1611232802992{padding-bottom: 30px !important;background-color: #9ecd52 !important;}&#8221;][vc_icon icon_fontawesome=&#8221;fa fa-check&#8221; color=&#8221;white&#8221; size=&#8221;xl&#8221; align=&#8221;center&#8221; css_animation=&#8221;appear&#8221;][vc_custom_heading text=&#8221;Dr\u00e6ber algerne&#8221; font_container=&#8221;tag:h6|font_size:18|text_align:center|color:%23ffffff&#8221; css=&#8221;.vc_custom_1544100512143{margin-top: -30px !important;}&#8221;][\/vc_column][vc_column width=&#8221;1\/3&#8243; offset=&#8221;vc_hidden-xs&#8221; css=&#8221;.vc_custom_1611232795296{padding-bottom: 30px !important;background-color: #9ecd52 !important;}&#8221;][vc_icon icon_fontawesome=&#8221;fa fa-check&#8221; color=&#8221;white&#8221; size=&#8221;xl&#8221; align=&#8221;center&#8221; css_animation=&#8221;appear&#8221;][vc_custom_heading text=&#8221;Redder dit tag&#8221; font_container=&#8221;tag:h6|font_size:18|text_align:center|color:%23ffffff&#8221; css=&#8221;.vc_custom_1544100519572{margin-top: -30px !important;}&#8221;][\/vc_column][vc_column width=&#8221;1\/3&#8243; offset=&#8221;vc_hidden-xs&#8221; css=&#8221;.vc_custom_1611232789391{padding-bottom: 30px !important;background-color: #9ecd52 !important;}&#8221;][vc_icon icon_fontawesome=&#8221;fa fa-check&#8221; color=&#8221;white&#8221; size=&#8221;xl&#8221; align=&#8221;center&#8221; css_animation=&#8221;appear&#8221;][vc_custom_heading text=&#8221;Billig l\u00f8sning&#8221; font_container=&#8221;tag:h6|font_size:18|text_align:center|color:%23ffffff&#8221; css=&#8221;.vc_custom_1544100542604{margin-top: -30px !important;}&#8221;][\/vc_column][\/vc_row][vc_row css=&#8221;.vc_custom_1544101479047{padding-top: 40px !important;}&#8221;][vc_column width=&#8221;2\/3&#8243;][vc_custom_heading text=&#8221;Tagrens &#8211; S\u00e5dan g\u00f8r vi&#8221; font_container=&#8221;tag:h2|text_align:left|color:%23000000&#8243; el_class=&#8221;heading-title-2&#8243;][vc_column_text]Mange er nysgerrige for at vide pr\u00e6cist hvordan vi algebehandler et tag, derfor..<\/p>\n<p>Hvis der er h\u00f8jt anvender vi lift..<\/p>\n<p class=\"p1\">[su_button url=&#8221;tel:4542570999&#8243; background=&#8221;#9ecd52&#8243; color=&#8221;#ffffff&#8221; size=&#8221;5&#8243; icon=&#8221;icon: phone&#8221; icon_color=&#8221;#ffffff&#8221;]Ring[\/su_button] [su_button url=&#8221;mailto:info@jyskalgeservice.dk&#8221; background=&#8221;#9ecd52&#8243; color=&#8221;#ffffff&#8221; size=&#8221;5&#8243; icon=&#8221;icon: send-o&#8221; icon_color=&#8221;#ffffff&#8221;]Email[\/su_button]<\/p>\n<p class=\"p1\">[su_button url=&#8221;\/kontakt\/&#8221; background=&#8221;#9ecd52&#8243; color=&#8221;#ffffff&#8221; size=&#8221;5&#8243; icon=&#8221;icon: envelope-o&#8221; icon_color=&#8221;#ffffff&#8221;]Kontakt os[\/su_button]<\/p>\n<p>[\/vc_column_text][\/vc_column][vc_column width=&#8221;1\/3&#8243;][vc_single_image image=&#8221;75213&#8243; img_size=&#8221;full&#8221; alignment=&#8221;right&#8221;][vc_custom_heading text=&#8221;BLIV KLOGERE P\u00c5 TAGRENS OG ALGER&#8221; font_container=&#8221;tag:h3|text_align:left&#8221; el_class=&#8221;heading-title-2&#8243;][vc_column_text]Benyt nedest\u00e5ende links og f\u00e5 svar p\u00e5 alle dine sp\u00f8rgsm\u00e5l om alger og tagrens.<\/p>\n<p>[su_list]<\/p>\n<ul>\n<li>Hvorfor tagrens og algebehandling?<\/li>\n<li>Hvad koster tagrens?<\/li>\n<li>S\u00e5dan renser vi dit tag<\/li>\n<li>hvor ofte b\u00f8r man f\u00e5 renset tag?<\/li>\n<li>Ofte stillede sp\u00f8rgsm\u00e5l om alger og tagrens<\/li>\n<\/ul>\n<p>[\/su_list][\/vc_column_text][\/vc_column][\/vc_row][vc_row type=&#8221;full_width&#8221; css=&#8221;.vc_custom_1611216782133{margin-top: 15px !important;}&#8221;][vc_column width=&#8221;1\/3&#8243; offset=&#8221;vc_hidden-lg vc_hidden-md vc_hidden-sm&#8221; css=&#8221;.vc_custom_1611216651172{background-color: #9ecd52 !important;}&#8221;][vc_icon icon_fontawesome=&#8221;fa fa-check&#8221; color=&#8221;white&#8221; size=&#8221;xl&#8221; align=&#8221;center&#8221; css_animation=&#8221;appear&#8221;][vc_custom_heading text=&#8221;Dr\u00e6ber algerne&#8221; font_container=&#8221;tag:h6|font_size:18|text_align:center|color:%23ffffff&#8221; css=&#8221;.vc_custom_1544100512143{margin-top: -30px !important;}&#8221;][\/vc_column][vc_column width=&#8221;1\/3&#8243; offset=&#8221;vc_hidden-lg vc_hidden-md vc_hidden-sm&#8221; css=&#8221;.vc_custom_1611216525885{background-color: #9ecd52 !important;}&#8221;][vc_icon icon_fontawesome=&#8221;fa fa-check&#8221; color=&#8221;white&#8221; size=&#8221;xl&#8221; align=&#8221;center&#8221; css_animation=&#8221;appear&#8221;][vc_custom_heading text=&#8221;Redder dit tag&#8221; font_container=&#8221;tag:h6|font_size:18|text_align:center|color:%23ffffff&#8221; css=&#8221;.vc_custom_1544100519572{margin-top: -30px !important;}&#8221;][\/vc_column][vc_column width=&#8221;1\/3&#8243; offset=&#8221;vc_hidden-lg vc_hidden-md vc_hidden-sm&#8221; css=&#8221;.vc_custom_1611216532527{background-color: #9ecd52 !important;}&#8221;][vc_icon icon_fontawesome=&#8221;fa fa-check&#8221; color=&#8221;white&#8221; size=&#8221;xl&#8221; align=&#8221;center&#8221; css_animation=&#8221;appear&#8221;][vc_custom_heading text=&#8221;Billig l\u00f8sning&#8221; font_container=&#8221;tag:h6|font_size:18|text_align:center|color:%23ffffff&#8221; css=&#8221;.vc_custom_1611232979017{margin-top: -30px !important;padding-bottom: 30px !important;}&#8221;][\/vc_column][\/vc_row][vc_row css=&#8221;.vc_custom_1611216333998{padding-top: 15px !important;padding-bottom: 15px !important;background-color: #f7f7f7 !important;}&#8221;][vc_column width=&#8221;1\/4&#8243;][vc_custom_heading text=&#8221;S\u00c5DAN G\u00d8R VI&#8221; font_container=&#8221;tag:h6|font_size:30|text_align:center|color:%23000000&#8243; el_class=&#8221;heading-title-2&#8243; css=&#8221;.vc_custom_1544104102947{margin-top: 15px !important;margin-bottom: 15px !important;}&#8221;][vc_custom_heading text=&#8221;ALGEBEHANDLING AF TAG&#8221; font_container=&#8221;tag:h2|font_size:16|text_align:left|color:%23c7c7c7&#8243;][\/vc_column][vc_column width=&#8221;1\/4&#8243;][vc_custom_heading text=&#8221;1&#8243; font_container=&#8221;tag:h6|font_size:40|text_align:center|color:%239ecd52&#8243; css=&#8221;.vc_custom_1544101551605{padding-bottom: 10px !important;}&#8221;][vc_custom_heading text=&#8221;Vi algebehandler taget med en algebehandling som dr\u00e6ber algernes r\u00f8dder..&#8221; font_container=&#8221;tag:h6|font_size:18|text_align:center|color:%23000000&#8243; css=&#8221;.vc_custom_1544537610497{margin-top: -30px !important;}&#8221;][\/vc_column][vc_column width=&#8221;1\/4&#8243;][vc_custom_heading text=&#8221;2&#8243; font_container=&#8221;tag:h6|font_size:40|text_align:center|color:%239ecd52&#8243; css=&#8221;.vc_custom_1544101580882{padding-bottom: 10px !important;}&#8221;][vc_custom_heading text=&#8221;.. spr\u00f8jter en skumblanding p\u00e5 som s\u00f8rger for at algebehandlingen bliver liggende p\u00e5 taget..&#8221; font_container=&#8221;tag:h6|font_size:18|text_align:center|color:%23000000&#8243; css=&#8221;.vc_custom_1544537651912{margin-top: -30px !important;}&#8221;][\/vc_column][vc_column width=&#8221;1\/4&#8243;][vc_custom_heading text=&#8221;3&#8243; font_container=&#8221;tag:h6|font_size:40|text_align:center|color:%239ecd52&#8243; css=&#8221;.vc_custom_1544101591764{padding-bottom: 10px !important;}&#8221;][vc_custom_heading text=&#8221;.. og efter f\u00e5 uger vil algerne visne og vil med tiden falde af taget, alt afh\u00e6ngigt af vind og vejr.&#8221; font_container=&#8221;tag:h6|font_size:18|text_align:center|color:%230a0a0a&#8221; css=&#8221;.vc_custom_1544537944837{margin-top: -30px !important;}&#8221;][\/vc_column][\/vc_row][vc_row css=&#8221;.vc_custom_1544103126775{margin-top: 40px !important;padding-top: 40px !important;padding-bottom: 40px !important;background-color: #f7f7f7 !important;}&#8221;][vc_column width=&#8221;1\/3&#8243; offset=&#8221;vc_hidden-sm vc_hidden-xs&#8221;][vc_single_image image=&#8221;75601&#8243; img_size=&#8221;full&#8221; css_animation=&#8221;left-to-right&#8221; el_class=&#8221;.colorbg&#8221;][\/vc_column][vc_column width=&#8221;2\/3&#8243;][vc_custom_heading text=&#8221;HELE DANMARK ER VORES ARBEJDSPLADS&#8221; font_container=&#8221;tag:h3|text_align:left|color:%23000000&#8243; el_class=&#8221;heading-title-2&#8243;][vc_column_text]Algerne gror over hele Danmark, og om du bor p\u00e5 Sj\u00e6lland, Fyn eller i Jylland, s\u00e5 er vi klar til at komme forbi dig, og hj\u00e6lpe dig i din kamp imod algerne.<\/p>\n<p style=\"color: #000;\"><b>Kontakt os i dag og f\u00e5 et skarpt tilbud<\/b><\/p>\n<p class=\"p1\">[su_button url=&#8221;tel:4542570999&#8243; background=&#8221;#84c758&#8243; color=&#8221;#ffffff&#8221; size=&#8221;5&#8243; icon=&#8221;icon: phone&#8221; icon_color=&#8221;#ffffff&#8221;]Ring[\/su_button] [su_button url=&#8221;mailto:info@jyskalgeservice.dk&#8221; background=&#8221;#84c758&#8243; color=&#8221;#ffffff&#8221; size=&#8221;5&#8243; icon=&#8221;icon: send-o&#8221; icon_color=&#8221;#ffffff&#8221;]Email[\/su_button]<\/p>\n<p class=\"p1\">[su_button url=&#8221;\/kontakt\/&#8221; background=&#8221;#84c758&#8243; color=&#8221;#ffffff&#8221; size=&#8221;5&#8243; icon=&#8221;icon: envelope-o&#8221; icon_color=&#8221;#ffffff&#8221;]Kontakt os[\/su_button]<\/p>\n<p>[\/vc_column_text][\/vc_column][\/vc_row]<\/p>\n","protected":false},"excerpt":{"rendered":"<p>[vc_row type=&#8221;full_width&#8221;][vc_column offset=&#8221;vc_hidden-xs&#8221;][layerslider_vc id=&#8221;5&#8243;][\/vc_column][vc_column offset=&#8221;vc_hidden-lg vc_hidden-md vc_hidden-sm&#8221;][layerslider_vc id=&#8221;6&#8243;][\/vc_column][\/vc_row][vc_row type=&#8221;full_width&#8221;][vc_column width=&#8221;1\/3&#8243; offset=&#8221;vc_hidden-xs&#8221; css=&#8221;.vc_custom_1611232802992{padding-bottom: 30px !important;background-color: #9ecd52 !important;}&#8221;][vc_icon icon_fontawesome=&#8221;fa fa-check&#8221; color=&#8221;white&#8221; size=&#8221;xl&#8221; [&hellip;]<\/p>\n","protected":false},"author":2,"featured_media":0,"parent":0,"menu_order":0,"comment_status":"closed","ping_status":"closed","template":"","meta":{"site-sidebar-layout":"default","site-content-layout":"","ast-site-content-layout":"default","site-content-style":"default","site-sidebar-style":"default","ast-global-header-display":"","ast-banner-title-visibility":"","ast-main-header-display":"","ast-hfb-above-header-display":"","ast-hfb-below-header-display":"","ast-hfb-mobile-header-display":"","site-post-title":"","ast-breadcrumbs-content":"","ast-featured-img":"","footer-sml-layout":"","ast-disable-related-posts":"","theme-transparent-header-meta":"","adv-header-id-meta":"","stick-header-meta":"","header-above-stick-meta":"","header-main-stick-meta":"","header-below-stick-meta":"","astra-migrate-meta-layouts":"default","ast-page-background-enabled":"default","ast-page-background-meta":{"desktop":{"background-color":"var(--ast-global-color-5)","background-image":"","background-repeat":"repeat","background-position":"center center","background-size":"auto","background-attachment":"scroll","background-type":"","background-media":"","overlay-type":"","overlay-color":"","overlay-opacity":"","overlay-gradient":""},"tablet":{"background-color":"","background-image":"","background-repeat":"repeat","background-position":"center center","background-size":"auto","background-attachment":"scroll","background-type":"","background-media":"","overlay-type":"","overlay-color":"","overlay-opacity":"","overlay-gradient":""},"mobile":{"background-color":"","background-image":"","background-repeat":"repeat","background-position":"center center","background-size":"auto","background-attachment":"scroll","background-type":"","background-media":"","overlay-type":"","overlay-color":"","overlay-opacity":"","overlay-gradient":""}},"ast-content-background-meta":{"desktop":{"background-color":"var(--ast-global-color-4)","background-image":"","background-repeat":"repeat","background-position":"center center","background-size":"auto","background-attachment":"scroll","background-type":"","background-media":"","overlay-type":"","overlay-color":"","overlay-opacity":"","overlay-gradient":""},"tablet":{"background-color":"var(--ast-global-color-4)","background-image":"","background-repeat":"repeat","background-position":"center center","background-size":"auto","background-attachment":"scroll","background-type":"","background-media":"","overlay-type":"","overlay-color":"","overlay-opacity":"","overlay-gradient":""},"mobile":{"background-color":"var(--ast-global-color-4)","background-image":"","background-repeat":"repeat","background-position":"center center","background-size":"auto","background-attachment":"scroll","background-type":"","background-media":"","overlay-type":"","overlay-color":"","overlay-opacity":"","overlay-gradient":""}},"footnotes":""},"class_list":["post-76555","page","type-page","status-publish","hentry"],"yoast_head":"<!-- This site is optimized with the Yoast SEO plugin v26.9 - https:\/\/yoast.com\/product\/yoast-seo-wordpress\/ -->\n<title>Tagrens - Vi udf\u00f8rer professionel albehandling af tage i hele landet!<\/title>\n<meta name=\"description\" content=\"Vores tagrens giver dit tag et nyt liv ved hj\u00e6lp af effektiv algebehandlling. Vores produkter er milj\u00f8godkendte. kontakt os i dag!\" \/>\n<meta name=\"robots\" content=\"noindex, follow, max-snippet:-1, max-image-preview:large, max-video-preview:-1\" \/>\n<meta property=\"og:locale\" content=\"en_US\" \/>\n<meta property=\"og:type\" content=\"article\" \/>\n<meta property=\"og:title\" content=\"Tagrens - Vi udf\u00f8rer professionel albehandling af tage i hele landet!\" \/>\n<meta property=\"og:description\" content=\"Vores tagrens giver dit tag et nyt liv ved hj\u00e6lp af effektiv algebehandlling. Vores produkter er milj\u00f8godkendte. kontakt os i dag!\" \/>\n<meta property=\"og:url\" content=\"https:\/\/dazzling-bhaskara.46-4-121-245.plesk.page\/index.php\/algebehandling-af-tag\/\" \/>\n<meta property=\"og:site_name\" content=\"Everything Inc.\" \/>\n<meta name=\"twitter:card\" content=\"summary_large_image\" \/>\n<meta name=\"twitter:label1\" content=\"Est. reading time\" \/>\n\t<meta name=\"twitter:data1\" content=\"3 minutes\" \/>\n<script type=\"application\/ld+json\" class=\"yoast-schema-graph\">{\"@context\":\"https:\/\/schema.org\",\"@graph\":[{\"@type\":\"WebPage\",\"@id\":\"https:\/\/dazzling-bhaskara.46-4-121-245.plesk.page\/index.php\/algebehandling-af-tag\/\",\"url\":\"https:\/\/dazzling-bhaskara.46-4-121-245.plesk.page\/index.php\/algebehandling-af-tag\/\",\"name\":\"Tagrens - Vi udf\u00f8rer professionel albehandling af tage i hele landet!\",\"isPartOf\":{\"@id\":\"https:\/\/dazzling-bhaskara.46-4-121-245.plesk.page\/#website\"},\"datePublished\":\"2021-04-29T08:11:20+00:00\",\"description\":\"Vores tagrens giver dit tag et nyt liv ved hj\u00e6lp af effektiv algebehandlling. Vores produkter er milj\u00f8godkendte. kontakt os i dag!\",\"breadcrumb\":{\"@id\":\"https:\/\/dazzling-bhaskara.46-4-121-245.plesk.page\/index.php\/algebehandling-af-tag\/#breadcrumb\"},\"inLanguage\":\"en-US\",\"potentialAction\":[{\"@type\":\"ReadAction\",\"target\":[\"https:\/\/dazzling-bhaskara.46-4-121-245.plesk.page\/index.php\/algebehandling-af-tag\/\"]}]},{\"@type\":\"BreadcrumbList\",\"@id\":\"https:\/\/dazzling-bhaskara.46-4-121-245.plesk.page\/index.php\/algebehandling-af-tag\/#breadcrumb\",\"itemListElement\":[{\"@type\":\"ListItem\",\"position\":1,\"name\":\"Home\",\"item\":\"https:\/\/dazzling-bhaskara.46-4-121-245.plesk.page\/\"},{\"@type\":\"ListItem\",\"position\":2,\"name\":\"Tagrens &#8211; algebehandling af tag\"}]},{\"@type\":\"WebSite\",\"@id\":\"https:\/\/dazzling-bhaskara.46-4-121-245.plesk.page\/#website\",\"url\":\"https:\/\/dazzling-bhaskara.46-4-121-245.plesk.page\/\",\"name\":\"Everything Inc.\",\"description\":\"\",\"potentialAction\":[{\"@type\":\"SearchAction\",\"target\":{\"@type\":\"EntryPoint\",\"urlTemplate\":\"https:\/\/dazzling-bhaskara.46-4-121-245.plesk.page\/?s={search_term_string}\"},\"query-input\":{\"@type\":\"PropertyValueSpecification\",\"valueRequired\":true,\"valueName\":\"search_term_string\"}}],\"inLanguage\":\"en-US\"}]}<\/script>\n<!-- \/ Yoast SEO plugin. -->","yoast_head_json":{"title":"Tagrens - Vi udf\u00f8rer professionel albehandling af tage i hele landet!","description":"Vores tagrens giver dit tag et nyt liv ved hj\u00e6lp af effektiv algebehandlling. Vores produkter er milj\u00f8godkendte. kontakt os i dag!","robots":{"index":"noindex","follow":"follow","max-snippet":"max-snippet:-1","max-image-preview":"max-image-preview:large","max-video-preview":"max-video-preview:-1"},"og_locale":"en_US","og_type":"article","og_title":"Tagrens - Vi udf\u00f8rer professionel albehandling af tage i hele landet!","og_description":"Vores tagrens giver dit tag et nyt liv ved hj\u00e6lp af effektiv algebehandlling. Vores produkter er milj\u00f8godkendte. kontakt os i dag!","og_url":"https:\/\/dazzling-bhaskara.46-4-121-245.plesk.page\/index.php\/algebehandling-af-tag\/","og_site_name":"Everything Inc.","twitter_card":"summary_large_image","twitter_misc":{"Est. reading time":"3 minutes"},"schema":{"@context":"https:\/\/schema.org","@graph":[{"@type":"WebPage","@id":"https:\/\/dazzling-bhaskara.46-4-121-245.plesk.page\/index.php\/algebehandling-af-tag\/","url":"https:\/\/dazzling-bhaskara.46-4-121-245.plesk.page\/index.php\/algebehandling-af-tag\/","name":"Tagrens - Vi udf\u00f8rer professionel albehandling af tage i hele landet!","isPartOf":{"@id":"https:\/\/dazzling-bhaskara.46-4-121-245.plesk.page\/#website"},"datePublished":"2021-04-29T08:11:20+00:00","description":"Vores tagrens giver dit tag et nyt liv ved hj\u00e6lp af effektiv algebehandlling. Vores produkter er milj\u00f8godkendte. kontakt os i dag!","breadcrumb":{"@id":"https:\/\/dazzling-bhaskara.46-4-121-245.plesk.page\/index.php\/algebehandling-af-tag\/#breadcrumb"},"inLanguage":"en-US","potentialAction":[{"@type":"ReadAction","target":["https:\/\/dazzling-bhaskara.46-4-121-245.plesk.page\/index.php\/algebehandling-af-tag\/"]}]},{"@type":"BreadcrumbList","@id":"https:\/\/dazzling-bhaskara.46-4-121-245.plesk.page\/index.php\/algebehandling-af-tag\/#breadcrumb","itemListElement":[{"@type":"ListItem","position":1,"name":"Home","item":"https:\/\/dazzling-bhaskara.46-4-121-245.plesk.page\/"},{"@type":"ListItem","position":2,"name":"Tagrens &#8211; algebehandling af tag"}]},{"@type":"WebSite","@id":"https:\/\/dazzling-bhaskara.46-4-121-245.plesk.page\/#website","url":"https:\/\/dazzling-bhaskara.46-4-121-245.plesk.page\/","name":"Everything Inc.","description":"","potentialAction":[{"@type":"SearchAction","target":{"@type":"EntryPoint","urlTemplate":"https:\/\/dazzling-bhaskara.46-4-121-245.plesk.page\/?s={search_term_string}"},"query-input":{"@type":"PropertyValueSpecification","valueRequired":true,"valueName":"search_term_string"}}],"inLanguage":"en-US"}]}},"_links":{"self":[{"href":"https:\/\/dazzling-bhaskara.46-4-121-245.plesk.page\/index.php\/wp-json\/wp\/v2\/pages\/76555","targetHints":{"allow":["GET"]}}],"collection":[{"href":"https:\/\/dazzling-bhaskara.46-4-121-245.plesk.page\/index.php\/wp-json\/wp\/v2\/pages"}],"about":[{"href":"https:\/\/dazzling-bhaskara.46-4-121-245.plesk.page\/index.php\/wp-json\/wp\/v2\/types\/page"}],"author":[{"embeddable":true,"href":"https:\/\/dazzling-bhaskara.46-4-121-245.plesk.page\/index.php\/wp-json\/wp\/v2\/users\/2"}],"replies":[{"embeddable":true,"href":"https:\/\/dazzling-bhaskara.46-4-121-245.plesk.page\/index.php\/wp-json\/wp\/v2\/comments?post=76555"}],"version-history":[{"count":0,"href":"https:\/\/dazzling-bhaskara.46-4-121-245.plesk.page\/index.php\/wp-json\/wp\/v2\/pages\/76555\/revisions"}],"wp:attachment":[{"href":"https:\/\/dazzling-bhaskara.46-4-121-245.plesk.page\/index.php\/wp-json\/wp\/v2\/media?parent=76555"}],"curies":[{"name":"wp","href":"https:\/\/api.w.org\/{rel}","templated":true}]}}