{"id":76652,"date":"2021-05-07T07:47:33","date_gmt":"2021-05-07T07:47:33","guid":{"rendered":"https:\/\/jyskalgeservice.dk\/?page_id=76652"},"modified":"2021-05-07T07:47:33","modified_gmt":"2021-05-07T07:47:33","slug":"algebehandling","status":"publish","type":"page","link":"https:\/\/dazzling-bhaskara.46-4-121-245.plesk.page\/index.php\/algebehandling\/","title":{"rendered":"Algebehandling"},"content":{"rendered":"<p>[vc_row type=&#8221;full_width&#8221;][vc_column offset=&#8221;vc_hidden-xs&#8221;][\/vc_column][\/vc_row][vc_row css=&#8221;.vc_custom_1544105688582{margin-top: 40px !important;}&#8221;][vc_column width=&#8221;2\/3&#8243; css=&#8221;.vc_custom_1611910166443{padding-bottom: 10px !important;}&#8221;][vc_custom_heading text=&#8221;MILJ\u00d8GODKENDT ALGEBEHANDLING AF FLISER OG TAG&#8221; font_container=&#8221;tag:h2|font_size:18|text_align:left|color:%23000000&#8243; el_class=&#8221;heading-title-2&#8243;][vc_column_text]Alger er et tilbagevendende problem \u2013 man slipper aldrig helt for dem, men de kan holdes ret effektivt nede med algebehandling. Det kr\u00e6ver dog at du regelm\u00e6ssigt tager h\u00e5nd om problemet og tager bek\u00e6mpelsen alvorligt.<\/p>\n<p>Alt hvad der befinder sig udend\u00f8rs kan faktisk blive angrebet af den u\u00f8nskede algev\u00e6kst. De prim\u00e6re omr\u00e5der mange er opm\u00e6rksomme p\u00e5 er tag og fliser. Men ogs\u00e5 havem\u00f8bler, legehus, fuglebad, krukker og andet der m\u00e5tte befinde sig udend\u00f8rs, kan potentielt blive ramt.<\/p>\n<p style=\"text-align: center;\">[su_highlight]L\u00e6s ogs\u00e5: <a href=\"https:\/\/dazzling-bhaskara.46-4-121-245.plesk.page\/alger-paa-fliser\/\">Hvad er alger p\u00e5 fliser egentligt?<\/a>[\/su_highlight]<\/p>\n<p>Du kan naturligvis finde en str\u00f8m af gode r\u00e5d om algebehandling p\u00e5 internettet \u2013 men ogs\u00e5 mange knap s\u00e5 gode. Det f\u00f8rste man skal g\u00f8re sig klart er at det faktisk er ulovligt bare at anvende diverse kemikalier, som ikke er godkendt af Milj\u00f8styrelsen netop til bek\u00e6mpelse af alger.<\/p>\n<h3>Undg\u00e5 forurening af grundvandet<\/h3>\n<p>Vi bruger det eneste danskproducerede middel til algebek\u00e6mpelse der er godkendt af Milj\u00f8styrelsen til netop algebek\u00e6mpelse \u2013 Neutralon, som samtidigt er sk\u00e5nsomt mod milj\u00f8et. Med et ikke-godkendt middel til algefjernelse, er der er meget stor risiko for at du forurener grundvandet. Det er ikke blot uhensigtsm\u00e6ssigt for milj\u00f8et, det er dyrt at f\u00e5 udbedret og til gene for mennesker og dyreliv.<\/p>\n<p>[su_pullquote align=&#8221;right&#8221;]Neutralon har en n\u00e6sten neutral pH-v\u00e6rdi og kan derfor trygt anvendes p\u00e5 stort set alle typer af h\u00e5rde underlag uden at angribe eller misfarve overfladen. Som et ekstra plus er Neutralon ogs\u00e5 antistatisk og derfor s\u00e6rdeles velegnet til at holde solceller rene.[\/su_pullquote]<\/p>\n<p>Vores algefjerner er testet af <a href=\"https:\/\/agro.au.dk\/forskning\/\" target=\"_blank\" rel=\"noopener\">Institut for Agro\u00f8kologi<\/a> p\u00e5 Aarhus Universitet. Her forskes i samspillet mellem planter, dyr, mennesker og milj\u00f8 inden for agro\u00f8kosystemer og her er vurderingen, at midlet fungerer effektivt mod algev\u00e6kst. Udover den dokumenterede effekt er midlet biologisk nedbrydeligt og skader alts\u00e5 IKKE grundvandet p\u00e5 nogen m\u00e5de og giver i \u00f8vrigt heller ingen misfarvninger.<\/p>\n<p>Algemidlet er b\u00e5de godkendt og effektivt til behandling af alger p\u00e5 en lang r\u00e6kke overflader som beton, tegl, cement, fibercement, tagpap, tr\u00e6, glas samt metal og plast. Dvs. det kan stort set bruges p\u00e5 alle typer tag, fliser samt hvad du ellers m\u00e5 have p\u00e5 terrassen eller i haven.<\/p>\n<p><strong>Tips til algebehandling<\/strong><\/p>\n<p>Algebehandling skal altid foreg\u00e5 i t\u00f8rvejr, hvor det vil have en synlig effekt allerede efter f\u00e5 timer. Midlet skal herefter ligge og virke og i samspil med med vejr og vind, vil den u\u00f8nskede algebel\u00e6gning forsvinde efter nogle uger.<\/p>\n<ul>\n<li>En god ide er at tage det hele p\u00e5 en gang, s\u00e5 det ikke spreder sig.<\/li>\n<li>Brug s\u00e5 lidt kemikalier som muligt.<\/li>\n<\/ul>\n<p>[su_box title=&#8221;Specialformuleret algemiddel&#8221; style=&#8221;soft&#8221; box_color=&#8221;#c9c9c9&#8243; radius=&#8221;17&#8243;]Vores algemiddel er specialformuleret og baseret p\u00e5 hvad der i fagsproget hedder kationiske tensider og andre vaskeaktive stoffer, der er specielt fremstillet til at dr\u00e6be alger. Det biologisk nedbrydeligt og det eneste danskproducerede algemiddel, der ogs\u00e5 er milj\u00f8godkendt af Milj\u00f8styrelsen. [\/su_box]<\/p>\n<p><strong>Alger p\u00e5 fliser &#8211; f\u00e5 en algebehandling<\/strong><\/p>\n<p>Hvis du har mod p\u00e5 algebek\u00e6mpelse p\u00e5 dine fliser selv, kan du anvende rent vand, en kost og evt. sand til slibning af fliserne. Herefter lader du sol og vind t\u00f8rre de sidste algerester. Vi anbefaler dog brug af h\u00f8jtryksrenser s\u00e5 du mest effektivt kommer i dybden p\u00e5 problemet. H\u00f8jtryksrens kan dog skade fliserne, s\u00e5 her er det vigtigt, at du ved hvad du har med at g\u00f8re og anvender det rette tryk til netop din type fliser.<\/p>\n<p><strong>Alger p\u00e5 tag &#8211; f\u00e5 en algebehandling<br \/>\n<\/strong><br \/>\nAlger kan faktisk s\u00e6tte sig p\u00e5 alle typer tag. Nogle er mere modstandsdygtige end andre, men ingen slipper helt for de gr\u00f8nne organismer.<\/p>\n<p>Kontakt os i dag p\u00e5 telefon, mail eller ved at udfylde vores kontaktformular og vi sender dig et godt tilbud p\u00e5 algebehandling af dine fliser og\/eller tag hurtigst.<\/p>\n<div id=\"60318DB7_CBB3_7860_E993_D9F84057F9AD\"><\/div>\n<p>[\/vc_column_text][\/vc_column][vc_column width=&#8221;1\/3&#8243;][twenty20 offset=&#8221;0.5&#8243; img1=&#8221;75126&#8243; img2=&#8221;75125&#8243; width=&#8221;100%&#8221;][vc_custom_heading text=&#8221;Bliver klogere p\u00e5 fliserens og alger&#8221; font_container=&#8221;tag:h3|text_align:left&#8221; el_class=&#8221;heading-title-2&#8243;][vc_column_text]Benyt nedenst\u00e5ende links og f\u00e5 svar p\u00e5 alle dine sp\u00f8rgsm\u00e5l om fliserens og alger.[su_list]<\/p>\n<ul>\n<li><a href=\"https:\/\/dazzling-bhaskara.46-4-121-245.plesk.page\/fliserens-hvorfor\/\">Hvorfor fliserens og algebehandling?<\/a><\/li>\n<li><a href=\"https:\/\/dazzling-bhaskara.46-4-121-245.plesk.page\/fliserens-pris\/\">Hvad koster fliserens?<\/a><\/li>\n<li><a href=\"https:\/\/dazzling-bhaskara.46-4-121-245.plesk.page\/fliserens-saadan-goer-vi\/\">S\u00e5dan renser vi dine fliser i dybden<\/a><\/li>\n<li><a href=\"https:\/\/dazzling-bhaskara.46-4-121-245.plesk.page\/fliserens-spoergsmaal\/\">Ofte stillede sp\u00f8rgsm\u00e5l om alger og fliserens<\/a><\/li>\n<li><a href=\"https:\/\/dazzling-bhaskara.46-4-121-245.plesk.page\/alger-paa-fliser\/\">Hvad er alger p\u00e5 fliserne?<\/a><\/li>\n<li><a href=\"https:\/\/dazzling-bhaskara.46-4-121-245.plesk.page\/flisepest\/\">Hvad er flisepest?<\/a><\/li>\n<li><a href=\"https:\/\/dazzling-bhaskara.46-4-121-245.plesk.page\/3-metoder-fliserens\/\">3 metoder til rens af fliser<\/a><\/li>\n<li><a href=\"https:\/\/dazzling-bhaskara.46-4-121-245.plesk.page\/rens-af-traeterrasse\/\">Rens af tr\u00e6terrasse<\/a><\/li>\n<\/ul>\n<p>[\/su_list][\/vc_column_text][vc_separator border_width=&#8221;4&#8243;][\/vc_column][\/vc_row][vc_row css=&#8221;.vc_custom_1544103126775{margin-top: 40px !important;padding-top: 40px !important;padding-bottom: 40px !important;background-color: #f7f7f7 !important;}&#8221;][vc_column width=&#8221;1\/3&#8243; offset=&#8221;vc_hidden-sm vc_hidden-xs&#8221;][vc_single_image image=&#8221;75601&#8243; img_size=&#8221;full&#8221; css_animation=&#8221;left-to-right&#8221; el_class=&#8221;.colorbg&#8221;][\/vc_column][vc_column width=&#8221;2\/3&#8243;][vc_custom_heading text=&#8221;HELE DANMARK ER VORES ARBEJDSPLADS&#8221; font_container=&#8221;tag:h3|text_align:left|color:%23000000&#8243; el_class=&#8221;heading-title-2&#8243;][vc_column_text]Algerne gror over hele Danmark, og om du bor p\u00e5 Sj\u00e6lland, Fyn eller Jylland, s\u00e5 er vi klar til at komme forbi dig, og hj\u00e6lpe dig i din kamp imod algerne.<\/p>\n<p class=\"p1\">[su_button url=&#8221;tel:4542570999&#8243; background=&#8221;#84c758&#8243; color=&#8221;#ffffff&#8221; size=&#8221;5&#8243; icon=&#8221;icon: phone&#8221; icon_color=&#8221;#ffffff&#8221;]Ring[\/su_button] [su_button url=&#8221;mailto:info@jyskalgeservice.dk&#8221; background=&#8221;#84c758&#8243; color=&#8221;#ffffff&#8221; size=&#8221;5&#8243; icon=&#8221;icon: send-o&#8221; icon_color=&#8221;#ffffff&#8221;]Email[\/su_button]<\/p>\n<p class=\"p1\">[su_button url=&#8221;\/kontakt\/&#8221; background=&#8221;#84c758&#8243; color=&#8221;#ffffff&#8221; size=&#8221;5&#8243; icon=&#8221;icon: envelope-o&#8221; icon_color=&#8221;#ffffff&#8221;]Kontakt os[\/su_button]<\/p>\n<div id=\"60318DB7_CBB3_7860_E993_D9F84057F9AD\"><\/div>\n<p>[\/vc_column_text][\/vc_column][\/vc_row]<\/p>\n","protected":false},"excerpt":{"rendered":"<p>[vc_row type=&#8221;full_width&#8221;][vc_column offset=&#8221;vc_hidden-xs&#8221;][\/vc_column][\/vc_row][vc_row css=&#8221;.vc_custom_1544105688582{margin-top: 40px !important;}&#8221;][vc_column width=&#8221;2\/3&#8243; css=&#8221;.vc_custom_1611910166443{padding-bottom: 10px !important;}&#8221;][vc_custom_heading text=&#8221;MILJ\u00d8GODKENDT ALGEBEHANDLING AF FLISER OG TAG&#8221; font_container=&#8221;tag:h2|font_size:18|text_align:left|color:%23000000&#8243; el_class=&#8221;heading-title-2&#8243;][vc_column_text]Alger er et [&hellip;]<\/p>\n","protected":false},"author":2,"featured_media":0,"parent":0,"menu_order":0,"comment_status":"closed","ping_status":"closed","template":"","meta":{"site-sidebar-layout":"default","site-content-layout":"","ast-site-content-layout":"default","site-content-style":"default","site-sidebar-style":"default","ast-global-header-display":"","ast-banner-title-visibility":"","ast-main-header-display":"","ast-hfb-above-header-display":"","ast-hfb-below-header-display":"","ast-hfb-mobile-header-display":"","site-post-title":"","ast-breadcrumbs-content":"","ast-featured-img":"","footer-sml-layout":"","ast-disable-related-posts":"","theme-transparent-header-meta":"","adv-header-id-meta":"","stick-header-meta":"","header-above-stick-meta":"","header-main-stick-meta":"","header-below-stick-meta":"","astra-migrate-meta-layouts":"default","ast-page-background-enabled":"default","ast-page-background-meta":{"desktop":{"background-color":"var(--ast-global-color-5)","background-image":"","background-repeat":"repeat","background-position":"center center","background-size":"auto","background-attachment":"scroll","background-type":"","background-media":"","overlay-type":"","overlay-color":"","overlay-opacity":"","overlay-gradient":""},"tablet":{"background-color":"","background-image":"","background-repeat":"repeat","background-position":"center center","background-size":"auto","background-attachment":"scroll","background-type":"","background-media":"","overlay-type":"","overlay-color":"","overlay-opacity":"","overlay-gradient":""},"mobile":{"background-color":"","background-image":"","background-repeat":"repeat","background-position":"center center","background-size":"auto","background-attachment":"scroll","background-type":"","background-media":"","overlay-type":"","overlay-color":"","overlay-opacity":"","overlay-gradient":""}},"ast-content-background-meta":{"desktop":{"background-color":"var(--ast-global-color-4)","background-image":"","background-repeat":"repeat","background-position":"center center","background-size":"auto","background-attachment":"scroll","background-type":"","background-media":"","overlay-type":"","overlay-color":"","overlay-opacity":"","overlay-gradient":""},"tablet":{"background-color":"var(--ast-global-color-4)","background-image":"","background-repeat":"repeat","background-position":"center center","background-size":"auto","background-attachment":"scroll","background-type":"","background-media":"","overlay-type":"","overlay-color":"","overlay-opacity":"","overlay-gradient":""},"mobile":{"background-color":"var(--ast-global-color-4)","background-image":"","background-repeat":"repeat","background-position":"center center","background-size":"auto","background-attachment":"scroll","background-type":"","background-media":"","overlay-type":"","overlay-color":"","overlay-opacity":"","overlay-gradient":""}},"footnotes":""},"class_list":["post-76652","page","type-page","status-publish","hentry"],"yoast_head":"<!-- This site is optimized with the Yoast SEO plugin v26.9 - https:\/\/yoast.com\/product\/yoast-seo-wordpress\/ -->\n<title>Algebehandling i hele landet - Milj\u00f8godkendt - f\u00e5 en god pris<\/title>\n<meta name=\"description\" content=\"Alger er et tilbagevendende problem \u2013 man slipper aldrig helt for dem, men de kan holdes ret effektivt nede med regelm\u00e6ssig algebehandling.\" \/>\n<meta name=\"robots\" content=\"noindex, follow, max-snippet:-1, max-image-preview:large, max-video-preview:-1\" \/>\n<meta property=\"og:locale\" content=\"en_US\" \/>\n<meta property=\"og:type\" content=\"article\" \/>\n<meta property=\"og:title\" content=\"Algebehandling i hele landet - Milj\u00f8godkendt - f\u00e5 en god pris\" \/>\n<meta property=\"og:description\" content=\"Alger er et tilbagevendende problem \u2013 man slipper aldrig helt for dem, men de kan holdes ret effektivt nede med regelm\u00e6ssig algebehandling.\" \/>\n<meta property=\"og:url\" content=\"https:\/\/dazzling-bhaskara.46-4-121-245.plesk.page\/index.php\/algebehandling\/\" \/>\n<meta property=\"og:site_name\" content=\"Everything Inc.\" \/>\n<meta name=\"twitter:card\" content=\"summary_large_image\" \/>\n<meta name=\"twitter:label1\" content=\"Est. reading time\" \/>\n\t<meta name=\"twitter:data1\" content=\"5 minutes\" \/>\n<script type=\"application\/ld+json\" class=\"yoast-schema-graph\">{\"@context\":\"https:\/\/schema.org\",\"@graph\":[{\"@type\":\"WebPage\",\"@id\":\"https:\/\/dazzling-bhaskara.46-4-121-245.plesk.page\/index.php\/algebehandling\/\",\"url\":\"https:\/\/dazzling-bhaskara.46-4-121-245.plesk.page\/index.php\/algebehandling\/\",\"name\":\"Algebehandling i hele landet - Milj\u00f8godkendt - f\u00e5 en god pris\",\"isPartOf\":{\"@id\":\"https:\/\/dazzling-bhaskara.46-4-121-245.plesk.page\/#website\"},\"datePublished\":\"2021-05-07T07:47:33+00:00\",\"description\":\"Alger er et tilbagevendende problem \u2013 man slipper aldrig helt for dem, men de kan holdes ret effektivt nede med regelm\u00e6ssig algebehandling.\",\"breadcrumb\":{\"@id\":\"https:\/\/dazzling-bhaskara.46-4-121-245.plesk.page\/index.php\/algebehandling\/#breadcrumb\"},\"inLanguage\":\"en-US\",\"potentialAction\":[{\"@type\":\"ReadAction\",\"target\":[\"https:\/\/dazzling-bhaskara.46-4-121-245.plesk.page\/index.php\/algebehandling\/\"]}]},{\"@type\":\"BreadcrumbList\",\"@id\":\"https:\/\/dazzling-bhaskara.46-4-121-245.plesk.page\/index.php\/algebehandling\/#breadcrumb\",\"itemListElement\":[{\"@type\":\"ListItem\",\"position\":1,\"name\":\"Home\",\"item\":\"https:\/\/dazzling-bhaskara.46-4-121-245.plesk.page\/\"},{\"@type\":\"ListItem\",\"position\":2,\"name\":\"Algebehandling\"}]},{\"@type\":\"WebSite\",\"@id\":\"https:\/\/dazzling-bhaskara.46-4-121-245.plesk.page\/#website\",\"url\":\"https:\/\/dazzling-bhaskara.46-4-121-245.plesk.page\/\",\"name\":\"Everything Inc.\",\"description\":\"\",\"potentialAction\":[{\"@type\":\"SearchAction\",\"target\":{\"@type\":\"EntryPoint\",\"urlTemplate\":\"https:\/\/dazzling-bhaskara.46-4-121-245.plesk.page\/?s={search_term_string}\"},\"query-input\":{\"@type\":\"PropertyValueSpecification\",\"valueRequired\":true,\"valueName\":\"search_term_string\"}}],\"inLanguage\":\"en-US\"}]}<\/script>\n<!-- \/ Yoast SEO plugin. -->","yoast_head_json":{"title":"Algebehandling i hele landet - Milj\u00f8godkendt - f\u00e5 en god pris","description":"Alger er et tilbagevendende problem \u2013 man slipper aldrig helt for dem, men de kan holdes ret effektivt nede med regelm\u00e6ssig algebehandling.","robots":{"index":"noindex","follow":"follow","max-snippet":"max-snippet:-1","max-image-preview":"max-image-preview:large","max-video-preview":"max-video-preview:-1"},"og_locale":"en_US","og_type":"article","og_title":"Algebehandling i hele landet - Milj\u00f8godkendt - f\u00e5 en god pris","og_description":"Alger er et tilbagevendende problem \u2013 man slipper aldrig helt for dem, men de kan holdes ret effektivt nede med regelm\u00e6ssig algebehandling.","og_url":"https:\/\/dazzling-bhaskara.46-4-121-245.plesk.page\/index.php\/algebehandling\/","og_site_name":"Everything Inc.","twitter_card":"summary_large_image","twitter_misc":{"Est. reading time":"5 minutes"},"schema":{"@context":"https:\/\/schema.org","@graph":[{"@type":"WebPage","@id":"https:\/\/dazzling-bhaskara.46-4-121-245.plesk.page\/index.php\/algebehandling\/","url":"https:\/\/dazzling-bhaskara.46-4-121-245.plesk.page\/index.php\/algebehandling\/","name":"Algebehandling i hele landet - Milj\u00f8godkendt - f\u00e5 en god pris","isPartOf":{"@id":"https:\/\/dazzling-bhaskara.46-4-121-245.plesk.page\/#website"},"datePublished":"2021-05-07T07:47:33+00:00","description":"Alger er et tilbagevendende problem \u2013 man slipper aldrig helt for dem, men de kan holdes ret effektivt nede med regelm\u00e6ssig algebehandling.","breadcrumb":{"@id":"https:\/\/dazzling-bhaskara.46-4-121-245.plesk.page\/index.php\/algebehandling\/#breadcrumb"},"inLanguage":"en-US","potentialAction":[{"@type":"ReadAction","target":["https:\/\/dazzling-bhaskara.46-4-121-245.plesk.page\/index.php\/algebehandling\/"]}]},{"@type":"BreadcrumbList","@id":"https:\/\/dazzling-bhaskara.46-4-121-245.plesk.page\/index.php\/algebehandling\/#breadcrumb","itemListElement":[{"@type":"ListItem","position":1,"name":"Home","item":"https:\/\/dazzling-bhaskara.46-4-121-245.plesk.page\/"},{"@type":"ListItem","position":2,"name":"Algebehandling"}]},{"@type":"WebSite","@id":"https:\/\/dazzling-bhaskara.46-4-121-245.plesk.page\/#website","url":"https:\/\/dazzling-bhaskara.46-4-121-245.plesk.page\/","name":"Everything Inc.","description":"","potentialAction":[{"@type":"SearchAction","target":{"@type":"EntryPoint","urlTemplate":"https:\/\/dazzling-bhaskara.46-4-121-245.plesk.page\/?s={search_term_string}"},"query-input":{"@type":"PropertyValueSpecification","valueRequired":true,"valueName":"search_term_string"}}],"inLanguage":"en-US"}]}},"_links":{"self":[{"href":"https:\/\/dazzling-bhaskara.46-4-121-245.plesk.page\/index.php\/wp-json\/wp\/v2\/pages\/76652","targetHints":{"allow":["GET"]}}],"collection":[{"href":"https:\/\/dazzling-bhaskara.46-4-121-245.plesk.page\/index.php\/wp-json\/wp\/v2\/pages"}],"about":[{"href":"https:\/\/dazzling-bhaskara.46-4-121-245.plesk.page\/index.php\/wp-json\/wp\/v2\/types\/page"}],"author":[{"embeddable":true,"href":"https:\/\/dazzling-bhaskara.46-4-121-245.plesk.page\/index.php\/wp-json\/wp\/v2\/users\/2"}],"replies":[{"embeddable":true,"href":"https:\/\/dazzling-bhaskara.46-4-121-245.plesk.page\/index.php\/wp-json\/wp\/v2\/comments?post=76652"}],"version-history":[{"count":0,"href":"https:\/\/dazzling-bhaskara.46-4-121-245.plesk.page\/index.php\/wp-json\/wp\/v2\/pages\/76652\/revisions"}],"wp:attachment":[{"href":"https:\/\/dazzling-bhaskara.46-4-121-245.plesk.page\/index.php\/wp-json\/wp\/v2\/media?parent=76652"}],"curies":[{"name":"wp","href":"https:\/\/api.w.org\/{rel}","templated":true}]}}