{"id":76696,"date":"2021-05-11T08:10:41","date_gmt":"2021-05-11T08:10:41","guid":{"rendered":"https:\/\/jyskalgeservice.dk\/?page_id=76696"},"modified":"2021-05-11T08:10:41","modified_gmt":"2021-05-11T08:10:41","slug":"holstebro","status":"publish","type":"page","link":"https:\/\/dazzling-bhaskara.46-4-121-245.plesk.page\/index.php\/holstebro\/","title":{"rendered":"Holstebro"},"content":{"rendered":"<p>[vc_row][vc_column width=&#8221;1\/2&#8243;][vc_custom_heading text=&#8221;Holstebros bedste fliserens!&#8221; font_container=&#8221;tag:h1|text_align:left|color:%23000000&#8243; el_class=&#8221;heading-title-2&#8243; css=&#8221;.vc_custom_1620718837361{margin-top: 40px !important;}&#8221;][vc_column_text]Vi tilbyder fliserens i Holstebro til de bedste priser i landet. Skal dine fliser ogs\u00e5 se ud n\u00e6sten som nye, s\u00e5 st\u00e5r vi klar til at l\u00f8se opgaven.<\/p>\n<p>Vi anvender en s\u00e6rligt tilrettet maskine til fliserens, da en almindelig h\u00f8jtryksrenser kan skade overfladen p\u00e5 fliserne, og i v\u00e6rste fald f\u00f8re til krakelering.[\/vc_column_text][\/vc_column][vc_column width=&#8221;1\/2&#8243; css=&#8221;.vc_custom_1544541054550{margin-top: 40px !important;}&#8221;][vc_single_image image=&#8221;75256&#8243; img_size=&#8221;full&#8221;][\/vc_column][\/vc_row][vc_row css=&#8221;.vc_custom_1544103328696{margin-top: 40px !important;padding-top: 15px !important;padding-bottom: 15px !important;background-color: #f7f7f7 !important;}&#8221;][vc_column width=&#8221;1\/4&#8243;][vc_custom_heading text=&#8221;S\u00c5DAN G\u00d8R VI&#8221; font_container=&#8221;tag:h6|font_size:30|text_align:center|color:%23000000&#8243; el_class=&#8221;heading-title-2&#8243; css=&#8221;.vc_custom_1544104102947{margin-top: 15px !important;margin-bottom: 15px !important;}&#8221;][vc_custom_heading text=&#8221;RENSNING AF FLISER&#8221; font_container=&#8221;tag:h2|font_size:20|text_align:left|color:%23c7c7c7&#8243;][\/vc_column][vc_column width=&#8221;1\/4&#8243;][vc_custom_heading text=&#8221;1&#8243; font_container=&#8221;tag:h6|font_size:40|text_align:center|color:%239ecd52&#8243; css=&#8221;.vc_custom_1544101551605{padding-bottom: 10px !important;}&#8221;][vc_custom_heading text=&#8221;Vi fjerner flisepest, alger, mos, skidt, snavs og ukrudt i fugerne..&#8221; font_container=&#8221;tag:h6|font_size:18|text_align:center|color:%23000000&#8243; css=&#8221;.vc_custom_1544526567404{margin-top: -30px !important;}&#8221;][\/vc_column][vc_column width=&#8221;1\/4&#8243;][vc_custom_heading text=&#8221;2&#8243; font_container=&#8221;tag:h6|font_size:40|text_align:center|color:%239ecd52&#8243; css=&#8221;.vc_custom_1544101580882{padding-bottom: 10px !important;}&#8221;][vc_custom_heading text=&#8221;.. l\u00e6gger ny impr\u00e6gnering p\u00e5 fliserne, som sikre dine fliser en l\u00e6ngere levetid..&#8221; font_container=&#8221;tag:h6|font_size:18|text_align:center|color:%23000000&#8243; css=&#8221;.vc_custom_1544526599335{margin-top: -30px !important;}&#8221;][\/vc_column][vc_column width=&#8221;1\/4&#8243;][vc_custom_heading text=&#8221;3&#8243; font_container=&#8221;tag:h6|font_size:40|text_align:center|color:%239ecd52&#8243; css=&#8221;.vc_custom_1544101591764{padding-bottom: 10px !important;}&#8221;][vc_custom_heading text=&#8221;.. og p\u00e5l\u00e6gger nyt ukrudtsh\u00e6mmende fugesand&#8221; font_container=&#8221;tag:h6|font_size:18|text_align:center|color:%230a0a0a&#8221; css=&#8221;.vc_custom_1544106412291{margin-top: -30px !important;}&#8221;][\/vc_column][\/vc_row][vc_row][vc_column width=&#8221;1\/2&#8243; css=&#8221;.vc_custom_1544541084360{margin-top: 40px !important;}&#8221;][vc_single_image image=&#8221;75358&#8243; img_size=&#8221;full&#8221;][\/vc_column][vc_column width=&#8221;1\/2&#8243; css=&#8221;.vc_custom_1544541098567{margin-top: 40px !important;}&#8221;][vc_custom_heading text=&#8221;Altid 10 \u00e5rs garanti p\u00e5 impr\u00e6gnering&#8221; font_container=&#8221;tag:h2|font_size:18|text_align:left|color:%23000000&#8243; el_class=&#8221;heading-title-2&#8243;][vc_column_text]Efter fliserens og algebehandling anbefales det altid at der p\u00e5l\u00e6gges impr\u00e6gnering afslutningsvis. Det betyder at behandling holder l\u00e6ngst muligt og giver den bedst mulige beskyttelse. Husk p\u00e5 at en rens faktisk \u00e5bner fliserne hvilket p\u00e5 den ene side g\u00f8r dem rene og p\u00e6ne, men p\u00e5 den anden side g\u00f8r dem mere modtagelige overfor flisepest. Med impr\u00e6gnering g\u00e5r vi ind og forsegler fliserne s\u00e5 de ikke blot er rene og p\u00e6ne, men ogs\u00e5 f\u00e5r p\u00e5lagt en beskyttende hinde.<\/p>\n<p>V\u00e6lger du impr\u00e6gnering med \u00e5rlig service, s\u00e5 giver vi 10 \u00e5rs garanti.[\/vc_column_text][vc_custom_heading text=&#8221;Vi hj\u00e6lper dig med fliserens og algebek\u00e6mpelse i Holstebro&#8221; font_container=&#8221;tag:h2|font_size:18|text_align:left|color:%23000000&#8243; el_class=&#8221;heading-title-2&#8243; css=&#8221;.vc_custom_1620721323889{padding-top: 40px !important;}&#8221;][vc_column_text]Vi g\u00e5r meget op i at levere en god service og vi s\u00e6tter ogs\u00e5 en \u00e6re i at passe p\u00e5 vores milj\u00f8 hvilket er \u00e5rsagen til vi vi udelukkende anvender det eneste milj\u00f8godkendte produkt i Danmark til algebehandling af tag, fliser og facader.<\/p>\n<p>Vi lang tids erfaring med algebek\u00e6mpelse og foretager b\u00e5de fliserens, tagrens m.m i Holstebro og omkringliggende byer.<\/p>\n<p>Ring til os i dag hvis du vil have et godt tilbud p\u00e5 algebehandling og fliserens. Du kan ogs\u00e5 sende en mail eller udfylde kontaktformularen her p\u00e5 siden, s\u00e5 vender vi tilbage hurtigst muligt. Vi ser frem til at h\u00f8re fra dig.[\/vc_column_text][vc_custom_heading text=&#8221;Holstebros klima giver gode v\u00e6kstbetingelser for alger&#8221; font_container=&#8221;tag:h2|font_size:18|text_align:left|color:%23000000&#8243; el_class=&#8221;heading-title-2&#8243; css=&#8221;.vc_custom_1620722528459{padding-top: 40px !important;}&#8221;][vc_column_text]Klimaet i Holstebro giver faktisk gode betingelser for algev\u00e6kst. Ift. sollys ligger Holstebro under landsgennemsnit og hvad ang\u00e5r nedb\u00f8r ligger byen over landsgennemsnittet. Da alger vokser s\u00e6rligt godt i frav\u00e6r af sollys\/skygge samt i et fugtigt klima, giver klimaet i Holstebro sammenlignet med resten af landet. Faktisk har vi ogs\u00e5 typisk flere opgaver i Holstebro hvilket kan v\u00e6re et tilf\u00e6lde, men det kan naturligvis v\u00e6re et udtryk for de gode v\u00e6kstbetingelser alger har i Holstebros klima.[\/vc_column_text][\/vc_column][\/vc_row][vc_row css=&#8221;.vc_custom_1619603912162{padding-top: 40px !important;}&#8221;][vc_column][vc_custom_heading text=&#8221;Vi k\u00f8rer i Holstebro og omegn.&#8221; font_container=&#8221;tag:h2|font_size:18|text_align:left&#8221; el_class=&#8221;heading-title-2&#8243;][vc_column_text]Vi k\u00f8rer i hele det nordlige Vestjylland. Dvs. Holstebro og omkringliggende byer som Struer, Lemvig, Skive m.fl.[\/vc_column_text][\/vc_column][\/vc_row][vc_row css=&#8221;.vc_custom_1619603887222{padding-top: 40px !important;}&#8221;][vc_column width=&#8221;1\/4&#8243;][vc_column_text]<strong>Holstebro og omegn<\/strong><\/p>\n<p>Borbjerg<br \/>\nBur<br \/>\nEjsing<br \/>\nHandbjerg<br \/>\nHerrup<br \/>\nHvam Mejeriby<br \/>\nIdom<br \/>\nKrunderup<br \/>\nMogenstrup<br \/>\nN\u00f8rre Felding<br \/>\nRyde<br \/>\nSevel<br \/>\nSkave<br \/>\nStaby<br \/>\nS\u00f8nder Nissum<br \/>\nThorsminde<br \/>\nTvis<br \/>\nUlfborg<br \/>\nVemb<br \/>\nVester Husby<br \/>\nVinderup[\/vc_column_text][\/vc_column][vc_column width=&#8221;3\/4&#8243;][vc_single_image image=&#8221;76697&#8243; img_size=&#8221;full&#8221; style=&#8221;vc_box_shadow&#8221;][\/vc_column][\/vc_row][vc_row css=&#8221;.vc_custom_1544103126775{margin-top: 40px !important;padding-top: 40px !important;padding-bottom: 40px !important;background-color: #f7f7f7 !important;}&#8221;][vc_column width=&#8221;1\/3&#8243; offset=&#8221;vc_hidden-sm vc_hidden-xs&#8221;][vc_single_image image=&#8221;75601&#8243; img_size=&#8221;full&#8221; css_animation=&#8221;left-to-right&#8221; el_class=&#8221;.colorbg&#8221;][\/vc_column][vc_column width=&#8221;2\/3&#8243;][vc_custom_heading text=&#8221;HELE DANMARK ER VORES ARBEJDSPLADS&#8221; font_container=&#8221;tag:h3|text_align:left|color:%23000000&#8243; el_class=&#8221;heading-title-2&#8243;][vc_column_text]Algerne gror over hele Danmark, og om du bor p\u00e5 Sj\u00e6lland, Fyn eller i Jylland, s\u00e5 er vi klar til at komme forbi dig, og hj\u00e6lpe dig i din kamp imod algerne.<\/p>\n<p style=\"color: #000;\"><b>Kontakt os i dag og f\u00e5 et skarpt tilbud<\/b><\/p>\n<p class=\"p1\">[su_button url=&#8221;tel:4542570999&#8243; background=&#8221;#84c758&#8243; color=&#8221;#ffffff&#8221; size=&#8221;5&#8243; icon=&#8221;icon: phone&#8221; icon_color=&#8221;#ffffff&#8221;]Ring[\/su_button] [su_button url=&#8221;mailto:info@jyskalgeservice.dk&#8221; background=&#8221;#84c758&#8243; color=&#8221;#ffffff&#8221; size=&#8221;5&#8243; icon=&#8221;icon: send-o&#8221; icon_color=&#8221;#ffffff&#8221;]Email[\/su_button]<\/p>\n<p class=\"p1\">[su_button url=&#8221;\/kontakt\/&#8221; background=&#8221;#84c758&#8243; color=&#8221;#ffffff&#8221; size=&#8221;5&#8243; icon=&#8221;icon: envelope-o&#8221; icon_color=&#8221;#ffffff&#8221;]Kontakt os[\/su_button]<\/p>\n<p>[\/vc_column_text][\/vc_column][\/vc_row]<\/p>\n","protected":false},"excerpt":{"rendered":"<p>[vc_row][vc_column width=&#8221;1\/2&#8243;][vc_custom_heading text=&#8221;Holstebros bedste fliserens!&#8221; font_container=&#8221;tag:h1|text_align:left|color:%23000000&#8243; el_class=&#8221;heading-title-2&#8243; css=&#8221;.vc_custom_1620718837361{margin-top: 40px !important;}&#8221;][vc_column_text]Vi tilbyder fliserens i Holstebro til de bedste priser i landet. [&hellip;]<\/p>\n","protected":false},"author":2,"featured_media":0,"parent":0,"menu_order":0,"comment_status":"closed","ping_status":"closed","template":"","meta":{"site-sidebar-layout":"default","site-content-layout":"","ast-site-content-layout":"default","site-content-style":"default","site-sidebar-style":"default","ast-global-header-display":"","ast-banner-title-visibility":"","ast-main-header-display":"","ast-hfb-above-header-display":"","ast-hfb-below-header-display":"","ast-hfb-mobile-header-display":"","site-post-title":"","ast-breadcrumbs-content":"","ast-featured-img":"","footer-sml-layout":"","ast-disable-related-posts":"","theme-transparent-header-meta":"","adv-header-id-meta":"","stick-header-meta":"","header-above-stick-meta":"","header-main-stick-meta":"","header-below-stick-meta":"","astra-migrate-meta-layouts":"default","ast-page-background-enabled":"default","ast-page-background-meta":{"desktop":{"background-color":"var(--ast-global-color-5)","background-image":"","background-repeat":"repeat","background-position":"center center","background-size":"auto","background-attachment":"scroll","background-type":"","background-media":"","overlay-type":"","overlay-color":"","overlay-opacity":"","overlay-gradient":""},"tablet":{"background-color":"","background-image":"","background-repeat":"repeat","background-position":"center center","background-size":"auto","background-attachment":"scroll","background-type":"","background-media":"","overlay-type":"","overlay-color":"","overlay-opacity":"","overlay-gradient":""},"mobile":{"background-color":"","background-image":"","background-repeat":"repeat","background-position":"center center","background-size":"auto","background-attachment":"scroll","background-type":"","background-media":"","overlay-type":"","overlay-color":"","overlay-opacity":"","overlay-gradient":""}},"ast-content-background-meta":{"desktop":{"background-color":"var(--ast-global-color-4)","background-image":"","background-repeat":"repeat","background-position":"center center","background-size":"auto","background-attachment":"scroll","background-type":"","background-media":"","overlay-type":"","overlay-color":"","overlay-opacity":"","overlay-gradient":""},"tablet":{"background-color":"var(--ast-global-color-4)","background-image":"","background-repeat":"repeat","background-position":"center center","background-size":"auto","background-attachment":"scroll","background-type":"","background-media":"","overlay-type":"","overlay-color":"","overlay-opacity":"","overlay-gradient":""},"mobile":{"background-color":"var(--ast-global-color-4)","background-image":"","background-repeat":"repeat","background-position":"center center","background-size":"auto","background-attachment":"scroll","background-type":"","background-media":"","overlay-type":"","overlay-color":"","overlay-opacity":"","overlay-gradient":""}},"footnotes":""},"class_list":["post-76696","page","type-page","status-publish","hentry"],"yoast_head":"<!-- This site is optimized with the Yoast SEO plugin v26.9 - https:\/\/yoast.com\/product\/yoast-seo-wordpress\/ -->\n<title>Fliserens i Holstebro | Effektiv algebek\u00e6mpelse fra KUN 39 pr. m2<\/title>\n<meta name=\"description\" content=\"Vi tilbyder professionel fliserens i Holstebro og omegn. L\u00e6s mere om vores services og f\u00e5 et uforpligtende tilbud i dag.\" \/>\n<meta name=\"robots\" content=\"noindex, follow, max-snippet:-1, max-image-preview:large, max-video-preview:-1\" \/>\n<meta property=\"og:locale\" content=\"en_US\" \/>\n<meta property=\"og:type\" content=\"article\" \/>\n<meta property=\"og:title\" content=\"Fliserens i Holstebro | Effektiv algebek\u00e6mpelse fra KUN 39 pr. m2\" \/>\n<meta property=\"og:description\" content=\"Vi tilbyder professionel fliserens i Holstebro og omegn. L\u00e6s mere om vores services og f\u00e5 et uforpligtende tilbud i dag.\" \/>\n<meta property=\"og:url\" content=\"https:\/\/dazzling-bhaskara.46-4-121-245.plesk.page\/index.php\/holstebro\/\" \/>\n<meta property=\"og:site_name\" content=\"Everything Inc.\" \/>\n<meta name=\"twitter:card\" content=\"summary_large_image\" \/>\n<meta name=\"twitter:label1\" content=\"Est. reading time\" \/>\n\t<meta name=\"twitter:data1\" content=\"5 minutes\" \/>\n<script type=\"application\/ld+json\" class=\"yoast-schema-graph\">{\"@context\":\"https:\/\/schema.org\",\"@graph\":[{\"@type\":\"WebPage\",\"@id\":\"https:\/\/dazzling-bhaskara.46-4-121-245.plesk.page\/index.php\/holstebro\/\",\"url\":\"https:\/\/dazzling-bhaskara.46-4-121-245.plesk.page\/index.php\/holstebro\/\",\"name\":\"Fliserens i Holstebro | Effektiv algebek\u00e6mpelse fra KUN 39 pr. m2\",\"isPartOf\":{\"@id\":\"https:\/\/dazzling-bhaskara.46-4-121-245.plesk.page\/#website\"},\"datePublished\":\"2021-05-11T08:10:41+00:00\",\"description\":\"Vi tilbyder professionel fliserens i Holstebro og omegn. L\u00e6s mere om vores services og f\u00e5 et uforpligtende tilbud i dag.\",\"breadcrumb\":{\"@id\":\"https:\/\/dazzling-bhaskara.46-4-121-245.plesk.page\/index.php\/holstebro\/#breadcrumb\"},\"inLanguage\":\"en-US\",\"potentialAction\":[{\"@type\":\"ReadAction\",\"target\":[\"https:\/\/dazzling-bhaskara.46-4-121-245.plesk.page\/index.php\/holstebro\/\"]}]},{\"@type\":\"BreadcrumbList\",\"@id\":\"https:\/\/dazzling-bhaskara.46-4-121-245.plesk.page\/index.php\/holstebro\/#breadcrumb\",\"itemListElement\":[{\"@type\":\"ListItem\",\"position\":1,\"name\":\"Home\",\"item\":\"https:\/\/dazzling-bhaskara.46-4-121-245.plesk.page\/\"},{\"@type\":\"ListItem\",\"position\":2,\"name\":\"Holstebro\"}]},{\"@type\":\"WebSite\",\"@id\":\"https:\/\/dazzling-bhaskara.46-4-121-245.plesk.page\/#website\",\"url\":\"https:\/\/dazzling-bhaskara.46-4-121-245.plesk.page\/\",\"name\":\"Everything Inc.\",\"description\":\"\",\"potentialAction\":[{\"@type\":\"SearchAction\",\"target\":{\"@type\":\"EntryPoint\",\"urlTemplate\":\"https:\/\/dazzling-bhaskara.46-4-121-245.plesk.page\/?s={search_term_string}\"},\"query-input\":{\"@type\":\"PropertyValueSpecification\",\"valueRequired\":true,\"valueName\":\"search_term_string\"}}],\"inLanguage\":\"en-US\"}]}<\/script>\n<!-- \/ Yoast SEO plugin. -->","yoast_head_json":{"title":"Fliserens i Holstebro | Effektiv algebek\u00e6mpelse fra KUN 39 pr. m2","description":"Vi tilbyder professionel fliserens i Holstebro og omegn. L\u00e6s mere om vores services og f\u00e5 et uforpligtende tilbud i dag.","robots":{"index":"noindex","follow":"follow","max-snippet":"max-snippet:-1","max-image-preview":"max-image-preview:large","max-video-preview":"max-video-preview:-1"},"og_locale":"en_US","og_type":"article","og_title":"Fliserens i Holstebro | Effektiv algebek\u00e6mpelse fra KUN 39 pr. m2","og_description":"Vi tilbyder professionel fliserens i Holstebro og omegn. L\u00e6s mere om vores services og f\u00e5 et uforpligtende tilbud i dag.","og_url":"https:\/\/dazzling-bhaskara.46-4-121-245.plesk.page\/index.php\/holstebro\/","og_site_name":"Everything Inc.","twitter_card":"summary_large_image","twitter_misc":{"Est. reading time":"5 minutes"},"schema":{"@context":"https:\/\/schema.org","@graph":[{"@type":"WebPage","@id":"https:\/\/dazzling-bhaskara.46-4-121-245.plesk.page\/index.php\/holstebro\/","url":"https:\/\/dazzling-bhaskara.46-4-121-245.plesk.page\/index.php\/holstebro\/","name":"Fliserens i Holstebro | Effektiv algebek\u00e6mpelse fra KUN 39 pr. m2","isPartOf":{"@id":"https:\/\/dazzling-bhaskara.46-4-121-245.plesk.page\/#website"},"datePublished":"2021-05-11T08:10:41+00:00","description":"Vi tilbyder professionel fliserens i Holstebro og omegn. L\u00e6s mere om vores services og f\u00e5 et uforpligtende tilbud i dag.","breadcrumb":{"@id":"https:\/\/dazzling-bhaskara.46-4-121-245.plesk.page\/index.php\/holstebro\/#breadcrumb"},"inLanguage":"en-US","potentialAction":[{"@type":"ReadAction","target":["https:\/\/dazzling-bhaskara.46-4-121-245.plesk.page\/index.php\/holstebro\/"]}]},{"@type":"BreadcrumbList","@id":"https:\/\/dazzling-bhaskara.46-4-121-245.plesk.page\/index.php\/holstebro\/#breadcrumb","itemListElement":[{"@type":"ListItem","position":1,"name":"Home","item":"https:\/\/dazzling-bhaskara.46-4-121-245.plesk.page\/"},{"@type":"ListItem","position":2,"name":"Holstebro"}]},{"@type":"WebSite","@id":"https:\/\/dazzling-bhaskara.46-4-121-245.plesk.page\/#website","url":"https:\/\/dazzling-bhaskara.46-4-121-245.plesk.page\/","name":"Everything Inc.","description":"","potentialAction":[{"@type":"SearchAction","target":{"@type":"EntryPoint","urlTemplate":"https:\/\/dazzling-bhaskara.46-4-121-245.plesk.page\/?s={search_term_string}"},"query-input":{"@type":"PropertyValueSpecification","valueRequired":true,"valueName":"search_term_string"}}],"inLanguage":"en-US"}]}},"_links":{"self":[{"href":"https:\/\/dazzling-bhaskara.46-4-121-245.plesk.page\/index.php\/wp-json\/wp\/v2\/pages\/76696","targetHints":{"allow":["GET"]}}],"collection":[{"href":"https:\/\/dazzling-bhaskara.46-4-121-245.plesk.page\/index.php\/wp-json\/wp\/v2\/pages"}],"about":[{"href":"https:\/\/dazzling-bhaskara.46-4-121-245.plesk.page\/index.php\/wp-json\/wp\/v2\/types\/page"}],"author":[{"embeddable":true,"href":"https:\/\/dazzling-bhaskara.46-4-121-245.plesk.page\/index.php\/wp-json\/wp\/v2\/users\/2"}],"replies":[{"embeddable":true,"href":"https:\/\/dazzling-bhaskara.46-4-121-245.plesk.page\/index.php\/wp-json\/wp\/v2\/comments?post=76696"}],"version-history":[{"count":0,"href":"https:\/\/dazzling-bhaskara.46-4-121-245.plesk.page\/index.php\/wp-json\/wp\/v2\/pages\/76696\/revisions"}],"wp:attachment":[{"href":"https:\/\/dazzling-bhaskara.46-4-121-245.plesk.page\/index.php\/wp-json\/wp\/v2\/media?parent=76696"}],"curies":[{"name":"wp","href":"https:\/\/api.w.org\/{rel}","templated":true}]}}