{"id":76705,"date":"2021-05-11T09:42:12","date_gmt":"2021-05-11T09:42:12","guid":{"rendered":"https:\/\/jyskalgeservice.dk\/?page_id=76705"},"modified":"2021-05-11T09:42:12","modified_gmt":"2021-05-11T09:42:12","slug":"soenderborg","status":"publish","type":"page","link":"https:\/\/dazzling-bhaskara.46-4-121-245.plesk.page\/index.php\/soenderborg\/","title":{"rendered":"S\u00f8nderborg"},"content":{"rendered":"<p>[vc_row][vc_column width=&#8221;1\/2&#8243;][vc_custom_heading text=&#8221;EFFEKTIV &amp; MILJ\u00d8GODKENDT FLISERENS I S\u00d8NDERBORG OG OMEGN&#8221; font_container=&#8221;tag:h1|text_align:left|color:%23000000&#8243; el_class=&#8221;heading-title-2&#8243; css=&#8221;.vc_custom_1623758861399{margin-top: 40px !important;}&#8221;][vc_column_text]Vi tilbyder S\u00f8nderborgs bedste priser p\u00e5 fliserens og algebehandling. Skal dine fliser ogs\u00e5 se ud n\u00e6sten som nye, s\u00e5 st\u00e5r vi klar til at l\u00f8se opgaven. Vi k\u00f8rer hele tiden i Syd- og S\u00f8nderjylland hvorfor S\u00f8nderborg og omkringliggende byer ligger p\u00e5 vores helt naturlige rute.<\/p>\n<p>Vi har fx. l\u00f8st opgaver prim\u00e6rt med fliserens og algebehandling for mange private kunder, men har ogs\u00e5 arbejdet for dette offentlige samt private virksomheder. Her kan vi fx. n\u00e6vne flere skoler som fx. VUC S\u00f8nderborg og Business College Syd. Vi har ogs\u00e5 Hotel S\u00f8nderborg Strand, Hoka T\u00e6pper og Gulve og Boligforeningen B42 i kundekartoteket.<\/p>\n<p>\u00d8nsker du et tilbud p\u00e5 fliserens og algebehandling en af vores \u00f8vrige services er du meget velkommen til at kontakte os p\u00e5 telefon eller mail, s\u00e5 vender vi hurtigt tilbage.<\/p>\n<p>[\/vc_column_text][\/vc_column][vc_column width=&#8221;1\/2&#8243; css=&#8221;.vc_custom_1544541054550{margin-top: 40px !important;}&#8221;][vc_single_image image=&#8221;75256&#8243; img_size=&#8221;full&#8221;][\/vc_column][\/vc_row][vc_row css=&#8221;.vc_custom_1544103328696{margin-top: 40px !important;padding-top: 15px !important;padding-bottom: 15px !important;background-color: #f7f7f7 !important;}&#8221;][vc_column width=&#8221;1\/4&#8243;][vc_custom_heading text=&#8221;S\u00c5DAN G\u00d8R VI&#8221; font_container=&#8221;tag:h6|font_size:30|text_align:center|color:%23000000&#8243; el_class=&#8221;heading-title-2&#8243; css=&#8221;.vc_custom_1544104102947{margin-top: 15px !important;margin-bottom: 15px !important;}&#8221;][vc_custom_heading text=&#8221;RENSNING AF FLISER&#8221; font_container=&#8221;tag:h2|font_size:20|text_align:left|color:%23c7c7c7&#8243;][\/vc_column][vc_column width=&#8221;1\/4&#8243;][vc_custom_heading text=&#8221;1&#8243; font_container=&#8221;tag:h6|font_size:40|text_align:center|color:%239ecd52&#8243; css=&#8221;.vc_custom_1544101551605{padding-bottom: 10px !important;}&#8221;][vc_custom_heading text=&#8221;Vi fjerner flisepest, alger, mos, skidt, snavs og ukrudt i fugerne..&#8221; font_container=&#8221;tag:h6|font_size:18|text_align:center|color:%23000000&#8243; css=&#8221;.vc_custom_1544526567404{margin-top: -30px !important;}&#8221;][\/vc_column][vc_column width=&#8221;1\/4&#8243;][vc_custom_heading text=&#8221;2&#8243; font_container=&#8221;tag:h6|font_size:40|text_align:center|color:%239ecd52&#8243; css=&#8221;.vc_custom_1544101580882{padding-bottom: 10px !important;}&#8221;][vc_custom_heading text=&#8221;.. l\u00e6gger ny impr\u00e6gnering p\u00e5 fliserne, som sikre dine fliser en l\u00e6ngere levetid..&#8221; font_container=&#8221;tag:h6|font_size:18|text_align:center|color:%23000000&#8243; css=&#8221;.vc_custom_1544526599335{margin-top: -30px !important;}&#8221;][\/vc_column][vc_column width=&#8221;1\/4&#8243;][vc_custom_heading text=&#8221;3&#8243; font_container=&#8221;tag:h6|font_size:40|text_align:center|color:%239ecd52&#8243; css=&#8221;.vc_custom_1544101591764{padding-bottom: 10px !important;}&#8221;][vc_custom_heading text=&#8221;.. og p\u00e5l\u00e6gger nyt ukrudtsh\u00e6mmende fugesand&#8221; font_container=&#8221;tag:h6|font_size:18|text_align:center|color:%230a0a0a&#8221; css=&#8221;.vc_custom_1544106412291{margin-top: -30px !important;}&#8221;][\/vc_column][\/vc_row][vc_row][vc_column css=&#8221;.vc_custom_1544541098567{margin-top: 40px !important;}&#8221;][vc_custom_heading text=&#8221;Altid 10 \u00e5rs garanti p\u00e5 impr\u00e6gnering&#8221; font_container=&#8221;tag:h2|font_size:18|text_align:left|color:%23000000&#8243; el_class=&#8221;heading-title-2&#8243;][vc_column_text]Efter fliserens og algebehandling anbefales det altid at der p\u00e5l\u00e6gges impr\u00e6gnering afslutningsvis. Det betyder at behandling holder l\u00e6ngst muligt og giver den bedst mulige beskyttelse. Husk p\u00e5 at en rens faktisk \u00e5bner fliserne hvilket p\u00e5 den ene side g\u00f8r dem rene og p\u00e6ne, men p\u00e5 den anden side g\u00f8r dem mere modtagelige overfor flisepest. Med impr\u00e6gnering g\u00e5r vi ind og forsegler fliserne s\u00e5 de ikke blot er rene og p\u00e6ne, men ogs\u00e5 f\u00e5r p\u00e5lagt en beskyttende hinde.<\/p>\n<p>V\u00e6lger du impr\u00e6gnering med \u00e5rlig service, s\u00e5 giver vi 10 \u00e5rs garanti.[\/vc_column_text][vc_custom_heading text=&#8221;Fliserens og algebek\u00e6mpelse i S\u00f8nderborg&#8221; font_container=&#8221;tag:h2|font_size:18|text_align:left|color:%23000000&#8243; el_class=&#8221;heading-title-2&#8243; css=&#8221;.vc_custom_1620726995239{padding-top: 40px !important;}&#8221;][vc_column_text]Vi g\u00e5r meget op i at levere en god service og vi s\u00e6tter ogs\u00e5 en \u00e6re i at passe p\u00e5 vores milj\u00f8 hvilket er \u00e5rsagen til vi vi udelukkende anvender det eneste milj\u00f8godkendte produkt i Danmark til algebehandling af tag, fliser og facader.<\/p>\n<p>Vi lang tids erfaring med algebek\u00e6mpelse og foretager b\u00e5de fliserens, tagrens m.m i S\u00f8nderborg og omkringliggende byer.<\/p>\n<p>Ring til os i dag hvis du vil have et godt tilbud p\u00e5 algebehandling og fliserens. Du kan ogs\u00e5 sende en mail eller udfylde kontaktformularen her p\u00e5 siden, s\u00e5 vender vi tilbage hurtigst muligt. Vi ser frem til at h\u00f8re fra dig.[\/vc_column_text][vc_custom_heading text=&#8221;S\u00f8nderborgs megen nedb\u00f8r giver gode v\u00e6kstbetingelser for alger&#8221; font_container=&#8221;tag:h2|font_size:18|text_align:left|color:%23000000&#8243; el_class=&#8221;heading-title-2&#8243; css=&#8221;.vc_custom_1620726951491{padding-top: 40px !important;}&#8221;][vc_column_text]De fleste med bare lidt kendskab til S\u00f8nderborg ved at det er temmelig regnfuldt. Selv i de almindeligvis t\u00f8rre m\u00e5neder er der typisk omfattende nedb\u00f8r. Eftersom alger trives s\u00e6rligt i et fugtigt klima betyder det gode v\u00e6kstbetingelser for alger og andet u\u00f8nsket v\u00e6kst som fx. mos. Herudover kan et frav\u00e6r at sollys og meget skygge ogs\u00e5 medvirke til mere algev\u00e6kst.<\/p>\n<p>[\/vc_column_text][\/vc_column][\/vc_row][vc_row css=&#8221;.vc_custom_1619603912162{padding-top: 40px !important;}&#8221;][vc_column][vc_custom_heading text=&#8221;Vi k\u00f8rer i S\u00f8nderborg og omegn.&#8221; font_container=&#8221;tag:h2|font_size:18|text_align:left&#8221; el_class=&#8221;heading-title-2&#8243;][vc_column_text]Vi k\u00f8rer i hele Syd\u00f8stjylland \/ S\u00f8nderjylland. Dvs. S\u00f8nderborg og alle omkringliggende byer.[\/vc_column_text][\/vc_column][\/vc_row][vc_row css=&#8221;.vc_custom_1619603887222{padding-top: 40px !important;}&#8221;][vc_column width=&#8221;1\/4&#8243;][vc_column_text]<strong>S\u00f8nderborg og omegn<\/strong><\/p>\n<ul>\n<li>Nordborg<\/li>\n<li>Augustenborg<\/li>\n<li>Guderup<\/li>\n<li>Fynshav<\/li>\n<li>H\u00f8ruphav<\/li>\n<li>Vester Sottrup<\/li>\n<li>Broager<\/li>\n<li>Havnbjerg<\/li>\n<li>Gr\u00e5sten.<\/li>\n<li>M.fl<\/li>\n<\/ul>\n<p>[\/vc_column_text][\/vc_column][vc_column width=&#8221;3\/4&#8243;][vc_single_image image=&#8221;76697&#8243; img_size=&#8221;full&#8221; style=&#8221;vc_box_shadow&#8221;][\/vc_column][\/vc_row][vc_row css=&#8221;.vc_custom_1544103126775{margin-top: 40px !important;padding-top: 40px !important;padding-bottom: 40px !important;background-color: #f7f7f7 !important;}&#8221;][vc_column width=&#8221;1\/3&#8243; offset=&#8221;vc_hidden-sm vc_hidden-xs&#8221;][vc_single_image image=&#8221;75601&#8243; img_size=&#8221;full&#8221; css_animation=&#8221;left-to-right&#8221; el_class=&#8221;.colorbg&#8221;][\/vc_column][vc_column width=&#8221;2\/3&#8243;][vc_custom_heading text=&#8221;HELE DANMARK ER VORES ARBEJDSPLADS&#8221; font_container=&#8221;tag:h3|text_align:left|color:%23000000&#8243; el_class=&#8221;heading-title-2&#8243;][vc_column_text]Algerne gror over hele Danmark, og om du bor p\u00e5 Sj\u00e6lland, Fyn eller i Jylland, s\u00e5 er vi klar til at komme forbi dig, og hj\u00e6lpe dig i din kamp imod algerne.<\/p>\n<p style=\"color: #000;\"><b>Kontakt os i dag og f\u00e5 et skarpt tilbud<\/b><\/p>\n<p class=\"p1\">[su_button url=&#8221;tel:4542570999&#8243; background=&#8221;#84c758&#8243; color=&#8221;#ffffff&#8221; size=&#8221;5&#8243; icon=&#8221;icon: phone&#8221; icon_color=&#8221;#ffffff&#8221;]Ring[\/su_button] [su_button url=&#8221;mailto:info@jyskalgeservice.dk&#8221; background=&#8221;#84c758&#8243; color=&#8221;#ffffff&#8221; size=&#8221;5&#8243; icon=&#8221;icon: send-o&#8221; icon_color=&#8221;#ffffff&#8221;]Email[\/su_button]<\/p>\n<p class=\"p1\">[su_button url=&#8221;\/kontakt\/&#8221; background=&#8221;#84c758&#8243; color=&#8221;#ffffff&#8221; size=&#8221;5&#8243; icon=&#8221;icon: envelope-o&#8221; icon_color=&#8221;#ffffff&#8221;]Kontakt os[\/su_button]<\/p>\n<p>[\/vc_column_text][\/vc_column][\/vc_row]<\/p>\n","protected":false},"excerpt":{"rendered":"<p>[vc_row][vc_column width=&#8221;1\/2&#8243;][vc_custom_heading text=&#8221;EFFEKTIV &amp; MILJ\u00d8GODKENDT FLISERENS I S\u00d8NDERBORG OG OMEGN&#8221; font_container=&#8221;tag:h1|text_align:left|color:%23000000&#8243; el_class=&#8221;heading-title-2&#8243; css=&#8221;.vc_custom_1623758861399{margin-top: 40px !important;}&#8221;][vc_column_text]Vi tilbyder S\u00f8nderborgs bedste priser p\u00e5 [&hellip;]<\/p>\n","protected":false},"author":2,"featured_media":0,"parent":0,"menu_order":0,"comment_status":"closed","ping_status":"closed","template":"","meta":{"site-sidebar-layout":"default","site-content-layout":"","ast-site-content-layout":"default","site-content-style":"default","site-sidebar-style":"default","ast-global-header-display":"","ast-banner-title-visibility":"","ast-main-header-display":"","ast-hfb-above-header-display":"","ast-hfb-below-header-display":"","ast-hfb-mobile-header-display":"","site-post-title":"","ast-breadcrumbs-content":"","ast-featured-img":"","footer-sml-layout":"","ast-disable-related-posts":"","theme-transparent-header-meta":"","adv-header-id-meta":"","stick-header-meta":"","header-above-stick-meta":"","header-main-stick-meta":"","header-below-stick-meta":"","astra-migrate-meta-layouts":"default","ast-page-background-enabled":"default","ast-page-background-meta":{"desktop":{"background-color":"var(--ast-global-color-5)","background-image":"","background-repeat":"repeat","background-position":"center center","background-size":"auto","background-attachment":"scroll","background-type":"","background-media":"","overlay-type":"","overlay-color":"","overlay-opacity":"","overlay-gradient":""},"tablet":{"background-color":"","background-image":"","background-repeat":"repeat","background-position":"center center","background-size":"auto","background-attachment":"scroll","background-type":"","background-media":"","overlay-type":"","overlay-color":"","overlay-opacity":"","overlay-gradient":""},"mobile":{"background-color":"","background-image":"","background-repeat":"repeat","background-position":"center center","background-size":"auto","background-attachment":"scroll","background-type":"","background-media":"","overlay-type":"","overlay-color":"","overlay-opacity":"","overlay-gradient":""}},"ast-content-background-meta":{"desktop":{"background-color":"var(--ast-global-color-4)","background-image":"","background-repeat":"repeat","background-position":"center center","background-size":"auto","background-attachment":"scroll","background-type":"","background-media":"","overlay-type":"","overlay-color":"","overlay-opacity":"","overlay-gradient":""},"tablet":{"background-color":"var(--ast-global-color-4)","background-image":"","background-repeat":"repeat","background-position":"center center","background-size":"auto","background-attachment":"scroll","background-type":"","background-media":"","overlay-type":"","overlay-color":"","overlay-opacity":"","overlay-gradient":""},"mobile":{"background-color":"var(--ast-global-color-4)","background-image":"","background-repeat":"repeat","background-position":"center center","background-size":"auto","background-attachment":"scroll","background-type":"","background-media":"","overlay-type":"","overlay-color":"","overlay-opacity":"","overlay-gradient":""}},"footnotes":""},"class_list":["post-76705","page","type-page","status-publish","hentry"],"yoast_head":"<!-- This site is optimized with the Yoast SEO plugin v26.9 - https:\/\/yoast.com\/product\/yoast-seo-wordpress\/ -->\n<title>Holstebros bedste fliserens | Effektiv algebek\u00e6mpelse fra KUN 39 pr. m2<\/title>\n<meta name=\"description\" content=\"Vi tilbyder professionel fliserens i Holstebro og omegn. L\u00e6s mere om vores services og f\u00e5 et uforpligtende tilbud i dag.\" \/>\n<meta name=\"robots\" content=\"noindex, follow, max-snippet:-1, max-image-preview:large, max-video-preview:-1\" \/>\n<meta property=\"og:locale\" content=\"en_US\" \/>\n<meta property=\"og:type\" content=\"article\" \/>\n<meta property=\"og:title\" content=\"Holstebros bedste fliserens | Effektiv algebek\u00e6mpelse fra KUN 39 pr. m2\" \/>\n<meta property=\"og:description\" content=\"Vi tilbyder professionel fliserens i Holstebro og omegn. L\u00e6s mere om vores services og f\u00e5 et uforpligtende tilbud i dag.\" \/>\n<meta property=\"og:url\" content=\"https:\/\/dazzling-bhaskara.46-4-121-245.plesk.page\/index.php\/soenderborg\/\" \/>\n<meta property=\"og:site_name\" content=\"Everything Inc.\" \/>\n<meta name=\"twitter:card\" content=\"summary_large_image\" \/>\n<meta name=\"twitter:label1\" content=\"Est. reading time\" \/>\n\t<meta name=\"twitter:data1\" content=\"4 minutes\" \/>\n<script type=\"application\/ld+json\" class=\"yoast-schema-graph\">{\"@context\":\"https:\/\/schema.org\",\"@graph\":[{\"@type\":\"WebPage\",\"@id\":\"https:\/\/dazzling-bhaskara.46-4-121-245.plesk.page\/index.php\/soenderborg\/\",\"url\":\"https:\/\/dazzling-bhaskara.46-4-121-245.plesk.page\/index.php\/soenderborg\/\",\"name\":\"Holstebros bedste fliserens | Effektiv algebek\u00e6mpelse fra KUN 39 pr. m2\",\"isPartOf\":{\"@id\":\"https:\/\/dazzling-bhaskara.46-4-121-245.plesk.page\/#website\"},\"datePublished\":\"2021-05-11T09:42:12+00:00\",\"description\":\"Vi tilbyder professionel fliserens i Holstebro og omegn. L\u00e6s mere om vores services og f\u00e5 et uforpligtende tilbud i dag.\",\"breadcrumb\":{\"@id\":\"https:\/\/dazzling-bhaskara.46-4-121-245.plesk.page\/index.php\/soenderborg\/#breadcrumb\"},\"inLanguage\":\"en-US\",\"potentialAction\":[{\"@type\":\"ReadAction\",\"target\":[\"https:\/\/dazzling-bhaskara.46-4-121-245.plesk.page\/index.php\/soenderborg\/\"]}]},{\"@type\":\"BreadcrumbList\",\"@id\":\"https:\/\/dazzling-bhaskara.46-4-121-245.plesk.page\/index.php\/soenderborg\/#breadcrumb\",\"itemListElement\":[{\"@type\":\"ListItem\",\"position\":1,\"name\":\"Home\",\"item\":\"https:\/\/dazzling-bhaskara.46-4-121-245.plesk.page\/\"},{\"@type\":\"ListItem\",\"position\":2,\"name\":\"S\u00f8nderborg\"}]},{\"@type\":\"WebSite\",\"@id\":\"https:\/\/dazzling-bhaskara.46-4-121-245.plesk.page\/#website\",\"url\":\"https:\/\/dazzling-bhaskara.46-4-121-245.plesk.page\/\",\"name\":\"Everything Inc.\",\"description\":\"\",\"potentialAction\":[{\"@type\":\"SearchAction\",\"target\":{\"@type\":\"EntryPoint\",\"urlTemplate\":\"https:\/\/dazzling-bhaskara.46-4-121-245.plesk.page\/?s={search_term_string}\"},\"query-input\":{\"@type\":\"PropertyValueSpecification\",\"valueRequired\":true,\"valueName\":\"search_term_string\"}}],\"inLanguage\":\"en-US\"}]}<\/script>\n<!-- \/ Yoast SEO plugin. -->","yoast_head_json":{"title":"Holstebros bedste fliserens | Effektiv algebek\u00e6mpelse fra KUN 39 pr. m2","description":"Vi tilbyder professionel fliserens i Holstebro og omegn. L\u00e6s mere om vores services og f\u00e5 et uforpligtende tilbud i dag.","robots":{"index":"noindex","follow":"follow","max-snippet":"max-snippet:-1","max-image-preview":"max-image-preview:large","max-video-preview":"max-video-preview:-1"},"og_locale":"en_US","og_type":"article","og_title":"Holstebros bedste fliserens | Effektiv algebek\u00e6mpelse fra KUN 39 pr. m2","og_description":"Vi tilbyder professionel fliserens i Holstebro og omegn. L\u00e6s mere om vores services og f\u00e5 et uforpligtende tilbud i dag.","og_url":"https:\/\/dazzling-bhaskara.46-4-121-245.plesk.page\/index.php\/soenderborg\/","og_site_name":"Everything Inc.","twitter_card":"summary_large_image","twitter_misc":{"Est. reading time":"4 minutes"},"schema":{"@context":"https:\/\/schema.org","@graph":[{"@type":"WebPage","@id":"https:\/\/dazzling-bhaskara.46-4-121-245.plesk.page\/index.php\/soenderborg\/","url":"https:\/\/dazzling-bhaskara.46-4-121-245.plesk.page\/index.php\/soenderborg\/","name":"Holstebros bedste fliserens | Effektiv algebek\u00e6mpelse fra KUN 39 pr. m2","isPartOf":{"@id":"https:\/\/dazzling-bhaskara.46-4-121-245.plesk.page\/#website"},"datePublished":"2021-05-11T09:42:12+00:00","description":"Vi tilbyder professionel fliserens i Holstebro og omegn. L\u00e6s mere om vores services og f\u00e5 et uforpligtende tilbud i dag.","breadcrumb":{"@id":"https:\/\/dazzling-bhaskara.46-4-121-245.plesk.page\/index.php\/soenderborg\/#breadcrumb"},"inLanguage":"en-US","potentialAction":[{"@type":"ReadAction","target":["https:\/\/dazzling-bhaskara.46-4-121-245.plesk.page\/index.php\/soenderborg\/"]}]},{"@type":"BreadcrumbList","@id":"https:\/\/dazzling-bhaskara.46-4-121-245.plesk.page\/index.php\/soenderborg\/#breadcrumb","itemListElement":[{"@type":"ListItem","position":1,"name":"Home","item":"https:\/\/dazzling-bhaskara.46-4-121-245.plesk.page\/"},{"@type":"ListItem","position":2,"name":"S\u00f8nderborg"}]},{"@type":"WebSite","@id":"https:\/\/dazzling-bhaskara.46-4-121-245.plesk.page\/#website","url":"https:\/\/dazzling-bhaskara.46-4-121-245.plesk.page\/","name":"Everything Inc.","description":"","potentialAction":[{"@type":"SearchAction","target":{"@type":"EntryPoint","urlTemplate":"https:\/\/dazzling-bhaskara.46-4-121-245.plesk.page\/?s={search_term_string}"},"query-input":{"@type":"PropertyValueSpecification","valueRequired":true,"valueName":"search_term_string"}}],"inLanguage":"en-US"}]}},"_links":{"self":[{"href":"https:\/\/dazzling-bhaskara.46-4-121-245.plesk.page\/index.php\/wp-json\/wp\/v2\/pages\/76705","targetHints":{"allow":["GET"]}}],"collection":[{"href":"https:\/\/dazzling-bhaskara.46-4-121-245.plesk.page\/index.php\/wp-json\/wp\/v2\/pages"}],"about":[{"href":"https:\/\/dazzling-bhaskara.46-4-121-245.plesk.page\/index.php\/wp-json\/wp\/v2\/types\/page"}],"author":[{"embeddable":true,"href":"https:\/\/dazzling-bhaskara.46-4-121-245.plesk.page\/index.php\/wp-json\/wp\/v2\/users\/2"}],"replies":[{"embeddable":true,"href":"https:\/\/dazzling-bhaskara.46-4-121-245.plesk.page\/index.php\/wp-json\/wp\/v2\/comments?post=76705"}],"version-history":[{"count":0,"href":"https:\/\/dazzling-bhaskara.46-4-121-245.plesk.page\/index.php\/wp-json\/wp\/v2\/pages\/76705\/revisions"}],"wp:attachment":[{"href":"https:\/\/dazzling-bhaskara.46-4-121-245.plesk.page\/index.php\/wp-json\/wp\/v2\/media?parent=76705"}],"curies":[{"name":"wp","href":"https:\/\/api.w.org\/{rel}","templated":true}]}}