{"id":76966,"date":"2021-05-17T09:37:01","date_gmt":"2021-05-17T09:37:01","guid":{"rendered":"https:\/\/jyskalgeservice.dk\/?page_id=76966"},"modified":"2021-05-17T09:37:01","modified_gmt":"2021-05-17T09:37:01","slug":"fliserens-resultater","status":"publish","type":"page","link":"https:\/\/dazzling-bhaskara.46-4-121-245.plesk.page\/index.php\/fliserens-resultater\/","title":{"rendered":"Fliserens &#8211; resultater"},"content":{"rendered":"<p>[vc_row][vc_column][vc_column_text]Vi udf\u00f8rer fliserens i hele Danmark og i galleriet nedenfor kan du se blot nogle af vores resultater for kunder rundt om i landet. Siden opdateres l\u00f8bende med nye billeder. <strong>(Oprettet 17. maj 2021)<\/strong>[\/vc_column_text][\/vc_column][\/vc_row][vc_row css=&#8221;.vc_custom_1544105688582{margin-top: 40px !important;}&#8221;][vc_column width=&#8221;1\/3&#8243;][twenty20 offset=&#8221;0.5&#8243; hover=&#8221;true&#8221; img1=&#8221;76794&#8243; img2=&#8221;76792&#8243; before=&#8221;F\u00f8r&#8221; after=&#8221;Efter&#8221;][vc_column_text]<\/p>\n<p style=\"text-align: center;\">Tennisbane i Bagsv\u00e6rd.<\/p>\n<p>[\/vc_column_text][\/vc_column][vc_column width=&#8221;1\/3&#8243;][twenty20 offset=&#8221;0.5&#8243; hover=&#8221;true&#8221; img1=&#8221;75126&#8243; img2=&#8221;75125&#8243; before=&#8221;F\u00f8r&#8221; after=&#8221;Efter&#8221;][\/vc_column][vc_column width=&#8221;1\/3&#8243;][twenty20 offset=&#8221;0.5&#8243; hover=&#8221;true&#8221; img1=&#8221;76976&#8243; img2=&#8221;76977&#8243; before=&#8221;F\u00f8r&#8221; after=&#8221;Efter&#8221;][\/vc_column][\/vc_row][vc_row css=&#8221;.vc_custom_1621255336261{padding-top: 40px !important;}&#8221;][vc_column][vc_custom_heading text=&#8221;Vi k\u00f8rer i hele Danmark&#8221; font_container=&#8221;tag:h2|text_align:left|color:%230a0a0a&#8221;][vc_column_text]Jysk Algeservice servicerer b\u00e5de privat og erhverv i hele Danmark. Nedenfor ser du blot et udvalg af de byer hvor vi har udf\u00f8rt fliserens.[\/vc_column_text][\/vc_column][\/vc_row][vc_row css=&#8221;.vc_custom_1621254105477{padding-top: 30px !important;padding-bottom: 30px !important;}&#8221;][vc_column width=&#8221;1\/3&#8243;][vc_column_text]<\/p>\n<ul>\n<li style=\"text-align: left;\">\n<h3><a href=\"https:\/\/dazzling-bhaskara.46-4-121-245.plesk.page\/kobenhavn\/\">K\u00f8benhavn<\/a><\/h3>\n<\/li>\n<li style=\"text-align: left;\">\n<h3><a href=\"https:\/\/dazzling-bhaskara.46-4-121-245.plesk.page\/aarhus\/\">Aarhus<\/a><\/h3>\n<\/li>\n<li style=\"text-align: left;\">\n<h3><a href=\"https:\/\/dazzling-bhaskara.46-4-121-245.plesk.page\/odense\/\">Odense<\/a><\/h3>\n<\/li>\n<li style=\"text-align: left;\">\n<h3><a href=\"https:\/\/dazzling-bhaskara.46-4-121-245.plesk.page\/aalborg\/\">Aalborg<\/a><\/h3>\n<\/li>\n<li style=\"text-align: left;\">\n<h3><a href=\"https:\/\/dazzling-bhaskara.46-4-121-245.plesk.page\/esbjerg\/\">Esbjerg<\/a><\/h3>\n<\/li>\n<li style=\"text-align: left;\">\n<h3><a href=\"https:\/\/dazzling-bhaskara.46-4-121-245.plesk.page\/randers\/\">Randers<\/a><\/h3>\n<\/li>\n<li style=\"text-align: left;\">\n<h3><a href=\"https:\/\/dazzling-bhaskara.46-4-121-245.plesk.page\/kolding\/\">Kolding<\/a><\/h3>\n<\/li>\n<li style=\"text-align: left;\">\n<h3><a href=\"https:\/\/dazzling-bhaskara.46-4-121-245.plesk.page\/horsens\/\">Horsens<\/a><\/h3>\n<\/li>\n<li style=\"text-align: left;\">\n<h3><a href=\"https:\/\/dazzling-bhaskara.46-4-121-245.plesk.page\/vejle\/\">Vejle<\/a><\/h3>\n<\/li>\n<li style=\"text-align: left;\">\n<h3><a href=\"https:\/\/dazzling-bhaskara.46-4-121-245.plesk.page\/roskilde\/\">Roskilde<\/a><\/h3>\n<\/li>\n<li style=\"text-align: left;\">\n<h3><a href=\"https:\/\/dazzling-bhaskara.46-4-121-245.plesk.page\/herning\/\">Herning<\/a><\/h3>\n<\/li>\n<li style=\"text-align: left;\">\n<h3><a href=\"https:\/\/dazzling-bhaskara.46-4-121-245.plesk.page\/helsingor\/\">Helsing\u00f8r<\/a><\/h3>\n<\/li>\n<li style=\"text-align: left;\">\n<h3><a href=\"https:\/\/dazzling-bhaskara.46-4-121-245.plesk.page\/fredericia\/\">Fredericia<\/a><\/h3>\n<\/li>\n<li style=\"text-align: left;\">\n<h3><a href=\"https:\/\/dazzling-bhaskara.46-4-121-245.plesk.page\/viborg\/\">Viborg<\/a><\/h3>\n<\/li>\n<li style=\"text-align: left;\">\n<h3><a href=\"https:\/\/dazzling-bhaskara.46-4-121-245.plesk.page\/hobro\/\">Hobro<\/a><\/h3>\n<\/li>\n<li style=\"text-align: left;\">\n<h3><a href=\"https:\/\/dazzling-bhaskara.46-4-121-245.plesk.page\/silkeborg\/\">Silkeborg<br \/>\n<\/a><\/h3>\n<\/li>\n<li style=\"text-align: left;\">\n<h3><a href=\"https:\/\/dazzling-bhaskara.46-4-121-245.plesk.page\/holstebro\/\">Holstebro<\/a><\/h3>\n<\/li>\n<\/ul>\n<p>[\/vc_column_text][\/vc_column][vc_column width=&#8221;1\/3&#8243;][vc_column_text]<\/p>\n<ul>\n<li style=\"text-align: left;\">\n<h3><a href=\"https:\/\/dazzling-bhaskara.46-4-121-245.plesk.page\/hilleroed\/\">Hiller\u00f8d<\/a><\/h3>\n<\/li>\n<li style=\"text-align: left;\">\n<h3><a href=\"https:\/\/dazzling-bhaskara.46-4-121-245.plesk.page\/soenderborg\/\">S\u00f8nderborg<\/a><\/h3>\n<\/li>\n<li style=\"text-align: left;\">\n<h3><a href=\"https:\/\/dazzling-bhaskara.46-4-121-245.plesk.page\/svendborg\/\">Svendborg<\/a><\/h3>\n<\/li>\n<li style=\"text-align: left;\">\n<h3><a href=\"https:\/\/dazzling-bhaskara.46-4-121-245.plesk.page\/hjoerring\/\">Hj\u00f8rring<\/a><\/h3>\n<\/li>\n<li style=\"text-align: left;\">\n<h3><a href=\"https:\/\/dazzling-bhaskara.46-4-121-245.plesk.page\/frederikshavn\/\">Frederikshavn<\/a><\/h3>\n<\/li>\n<li style=\"text-align: left;\">\n<h3>Ringsted<\/h3>\n<\/li>\n<li style=\"text-align: left;\">\n<h3><a href=\"https:\/\/dazzling-bhaskara.46-4-121-245.plesk.page\/haderslev\/\">Haderslev<\/a><\/h3>\n<\/li>\n<li style=\"text-align: left;\">\n<h3>Stenl\u00f8se<\/h3>\n<\/li>\n<li style=\"text-align: left;\">\n<h3>Skive<\/h3>\n<\/li>\n<li style=\"text-align: left;\">\n<h3>Birker\u00f8d<\/h3>\n<\/li>\n<li style=\"text-align: left;\">\n<h3>Farum<\/h3>\n<\/li>\n<li style=\"text-align: left;\">\n<h3>Sm\u00f8rumnedre<\/h3>\n<\/li>\n<li style=\"text-align: left;\">\n<h3>Skanderborg<\/h3>\n<\/li>\n<li style=\"text-align: left;\">\n<h3>Nyborg<\/h3>\n<\/li>\n<li style=\"text-align: left;\">\n<h3>Nyk\u00f8bing F<\/h3>\n<\/li>\n<li style=\"text-align: left;\">\n<h3>Liller\u00f8d<\/h3>\n<\/li>\n<\/ul>\n<p>[\/vc_column_text][\/vc_column][vc_column width=&#8221;1\/3&#8243;][vc_column_text]<\/p>\n<ul>\n<li style=\"text-align: left;\">\n<h3>Kalundborg<\/h3>\n<\/li>\n<li style=\"text-align: left;\">\n<h3>Frederikssund<\/h3>\n<\/li>\n<li style=\"text-align: left;\">\n<h3>Aabenraa<\/h3>\n<\/li>\n<li style=\"text-align: left;\">\n<h3>Solr\u00f8d Strand<\/h3>\n<\/li>\n<li style=\"text-align: left;\">\n<h3>Ikast<\/h3>\n<\/li>\n<li style=\"text-align: left;\">\n<h3>Middelfart<\/h3>\n<\/li>\n<li style=\"text-align: left;\">\n<h3>Grenaa<\/h3>\n<\/li>\n<li style=\"text-align: left;\">\n<h3>Kors\u00f8r<\/h3>\n<\/li>\n<li style=\"text-align: left;\">\n<h3><a href=\"https:\/\/dazzling-bhaskara.46-4-121-245.plesk.page\/varde\/\">Varde<\/a><\/h3>\n<\/li>\n<li style=\"text-align: left;\">\n<h3>R\u00f8nne<\/h3>\n<\/li>\n<li style=\"text-align: left;\">\n<h3>Thisted<\/h3>\n<\/li>\n<li style=\"text-align: left;\">\n<h3>V\u00e6rl\u00f8se<\/h3>\n<\/li>\n<li style=\"text-align: left;\">\n<h3>Nakskov<\/h3>\n<\/li>\n<li style=\"text-align: left;\">\n<h3>Br\u00f8nderslev<\/h3>\n<\/li>\n<li style=\"text-align: left;\">\n<h3>Frederiksv\u00e6rk<\/h3>\n<\/li>\n<li style=\"text-align: left;\">\n<h3>Drag\u00f8r<\/h3>\n<\/li>\n<\/ul>\n<p>[\/vc_column_text][\/vc_column][\/vc_row][vc_row type=&#8221;full_width&#8221;][vc_column width=&#8221;1\/3&#8243; offset=&#8221;vc_hidden-xs&#8221; css=&#8221;.vc_custom_1611218601304{background-color: #9ecd52 !important;}&#8221;][vc_icon icon_fontawesome=&#8221;fa fa-check&#8221; color=&#8221;white&#8221; size=&#8221;xl&#8221; align=&#8221;center&#8221; css_animation=&#8221;appear&#8221;][vc_custom_heading text=&#8221;Fjerner flisepest hurtigt og effektivt&#8221; font_container=&#8221;tag:h2|font_size:18|text_align:center|color:%23ffffff&#8221; css=&#8221;.vc_custom_1617022232214{margin-top: -30px !important;padding-bottom: 30px !important;}&#8221;][\/vc_column][vc_column width=&#8221;1\/3&#8243; offset=&#8221;vc_hidden-xs&#8221; css=&#8221;.vc_custom_1611218609682{background-color: #9ecd52 !important;}&#8221;][vc_icon icon_fontawesome=&#8221;fa fa-check&#8221; color=&#8221;white&#8221; size=&#8221;xl&#8221; align=&#8221;center&#8221; css_animation=&#8221;appear&#8221;][vc_custom_heading text=&#8221;Beskytter imod ny algev\u00e6kst&#8221; font_container=&#8221;tag:h2|font_size:18|text_align:center|color:%23ffffff&#8221; css=&#8221;.vc_custom_1611218688997{margin-top: -30px !important;padding-bottom: 30px !important;}&#8221;][\/vc_column][vc_column width=&#8221;1\/3&#8243; offset=&#8221;vc_hidden-xs&#8221; css=&#8221;.vc_custom_1611218683974{padding-bottom: 30px !important;background-color: #9ecd52 !important;}&#8221;][vc_icon icon_fontawesome=&#8221;fa fa-check&#8221; color=&#8221;white&#8221; size=&#8221;xl&#8221; align=&#8221;center&#8221; css_animation=&#8221;appear&#8221;][vc_custom_heading text=&#8221;10 \u00e5rs garanti med impr\u00e6gnering &#8221; font_container=&#8221;tag:h2|font_size:18|text_align:center|color:%23ffffff&#8221; css=&#8221;.vc_custom_1611218666246{margin-top: -30px !important;}&#8221;][\/vc_column][\/vc_row][vc_row css=&#8221;.vc_custom_1544103126775{margin-top: 40px !important;padding-top: 40px !important;padding-bottom: 40px !important;background-color: #f7f7f7 !important;}&#8221;][vc_column width=&#8221;1\/3&#8243; offset=&#8221;vc_hidden-sm vc_hidden-xs&#8221;][vc_single_image image=&#8221;75601&#8243; img_size=&#8221;full&#8221; css_animation=&#8221;left-to-right&#8221; el_class=&#8221;.colorbg&#8221;][\/vc_column][vc_column width=&#8221;2\/3&#8243;][vc_custom_heading text=&#8221;HELE DANMARK ER VORES ARBEJDSPLADS&#8221; font_container=&#8221;tag:h3|text_align:left|color:%23000000&#8243; el_class=&#8221;heading-title-2&#8243;][vc_column_text]Algerne gror over hele Danmark, og om du bor p\u00e5 Sj\u00e6lland, Fyn eller i Jylland, s\u00e5 er vi klar til at komme forbi dig, og hj\u00e6lpe dig i din kamp imod algerne.<\/p>\n<p style=\"color: #000;\"><b>Kontakt os i dag og f\u00e5 et skarpt tilbud<\/b><\/p>\n<p class=\"p1\">[su_button url=&#8221;tel:4542570999&#8243; background=&#8221;#84c758&#8243; color=&#8221;#ffffff&#8221; size=&#8221;5&#8243; icon=&#8221;icon: phone&#8221; icon_color=&#8221;#ffffff&#8221;]Ring[\/su_button] [su_button url=&#8221;mailto:info@jyskalgeservice.dk&#8221; background=&#8221;#84c758&#8243; color=&#8221;#ffffff&#8221; size=&#8221;5&#8243; icon=&#8221;icon: send-o&#8221; icon_color=&#8221;#ffffff&#8221;]Email[\/su_button]<\/p>\n<p class=\"p1\">[su_button url=&#8221;\/kontakt\/&#8221; background=&#8221;#84c758&#8243; color=&#8221;#ffffff&#8221; size=&#8221;5&#8243; icon=&#8221;icon: envelope-o&#8221; icon_color=&#8221;#ffffff&#8221;]Kontakt os[\/su_button]<\/p>\n<p>[\/vc_column_text][\/vc_column][\/vc_row]<\/p>\n","protected":false},"excerpt":{"rendered":"<p>[vc_row][vc_column][vc_column_text]Vi udf\u00f8rer fliserens i hele Danmark og i galleriet nedenfor kan du se blot nogle af vores resultater for kunder [&hellip;]<\/p>\n","protected":false},"author":2,"featured_media":0,"parent":0,"menu_order":0,"comment_status":"closed","ping_status":"closed","template":"","meta":{"site-sidebar-layout":"default","site-content-layout":"","ast-site-content-layout":"default","site-content-style":"default","site-sidebar-style":"default","ast-global-header-display":"","ast-banner-title-visibility":"","ast-main-header-display":"","ast-hfb-above-header-display":"","ast-hfb-below-header-display":"","ast-hfb-mobile-header-display":"","site-post-title":"","ast-breadcrumbs-content":"","ast-featured-img":"","footer-sml-layout":"","ast-disable-related-posts":"","theme-transparent-header-meta":"","adv-header-id-meta":"","stick-header-meta":"","header-above-stick-meta":"","header-main-stick-meta":"","header-below-stick-meta":"","astra-migrate-meta-layouts":"default","ast-page-background-enabled":"default","ast-page-background-meta":{"desktop":{"background-color":"var(--ast-global-color-5)","background-image":"","background-repeat":"repeat","background-position":"center center","background-size":"auto","background-attachment":"scroll","background-type":"","background-media":"","overlay-type":"","overlay-color":"","overlay-opacity":"","overlay-gradient":""},"tablet":{"background-color":"","background-image":"","background-repeat":"repeat","background-position":"center center","background-size":"auto","background-attachment":"scroll","background-type":"","background-media":"","overlay-type":"","overlay-color":"","overlay-opacity":"","overlay-gradient":""},"mobile":{"background-color":"","background-image":"","background-repeat":"repeat","background-position":"center center","background-size":"auto","background-attachment":"scroll","background-type":"","background-media":"","overlay-type":"","overlay-color":"","overlay-opacity":"","overlay-gradient":""}},"ast-content-background-meta":{"desktop":{"background-color":"var(--ast-global-color-4)","background-image":"","background-repeat":"repeat","background-position":"center center","background-size":"auto","background-attachment":"scroll","background-type":"","background-media":"","overlay-type":"","overlay-color":"","overlay-opacity":"","overlay-gradient":""},"tablet":{"background-color":"var(--ast-global-color-4)","background-image":"","background-repeat":"repeat","background-position":"center center","background-size":"auto","background-attachment":"scroll","background-type":"","background-media":"","overlay-type":"","overlay-color":"","overlay-opacity":"","overlay-gradient":""},"mobile":{"background-color":"var(--ast-global-color-4)","background-image":"","background-repeat":"repeat","background-position":"center center","background-size":"auto","background-attachment":"scroll","background-type":"","background-media":"","overlay-type":"","overlay-color":"","overlay-opacity":"","overlay-gradient":""}},"footnotes":""},"class_list":["post-76966","page","type-page","status-publish","hentry"],"yoast_head":"<!-- This site is optimized with the Yoast SEO plugin v26.9 - https:\/\/yoast.com\/product\/yoast-seo-wordpress\/ -->\n<title>Fliserens i Jylland samt p\u00e5 Fyn og Sj\u00e6lland - se mere her.<\/title>\n<meta name=\"description\" content=\"Vi udf\u00f8rer fliserens i hele Danmark. Her kan du se hvor vi tidligere har v\u00e6ret samt billeder af udf\u00f8rte fliserens opgaver i hele landet.\" \/>\n<meta name=\"robots\" content=\"noindex, follow, max-snippet:-1, max-image-preview:large, max-video-preview:-1\" \/>\n<meta property=\"og:locale\" content=\"en_US\" \/>\n<meta property=\"og:type\" content=\"article\" \/>\n<meta property=\"og:title\" content=\"Fliserens i Jylland samt p\u00e5 Fyn og Sj\u00e6lland - se mere her.\" \/>\n<meta property=\"og:description\" content=\"Vi udf\u00f8rer fliserens i hele Danmark. Her kan du se hvor vi tidligere har v\u00e6ret samt billeder af udf\u00f8rte fliserens opgaver i hele landet.\" \/>\n<meta property=\"og:url\" content=\"https:\/\/dazzling-bhaskara.46-4-121-245.plesk.page\/index.php\/fliserens-resultater\/\" \/>\n<meta property=\"og:site_name\" content=\"Everything Inc.\" \/>\n<meta name=\"twitter:card\" content=\"summary_large_image\" \/>\n<meta name=\"twitter:label1\" content=\"Est. reading time\" \/>\n\t<meta name=\"twitter:data1\" content=\"4 minutes\" \/>\n<script type=\"application\/ld+json\" class=\"yoast-schema-graph\">{\"@context\":\"https:\/\/schema.org\",\"@graph\":[{\"@type\":\"WebPage\",\"@id\":\"https:\/\/dazzling-bhaskara.46-4-121-245.plesk.page\/index.php\/fliserens-resultater\/\",\"url\":\"https:\/\/dazzling-bhaskara.46-4-121-245.plesk.page\/index.php\/fliserens-resultater\/\",\"name\":\"Fliserens i Jylland samt p\u00e5 Fyn og Sj\u00e6lland - se mere her.\",\"isPartOf\":{\"@id\":\"https:\/\/dazzling-bhaskara.46-4-121-245.plesk.page\/#website\"},\"datePublished\":\"2021-05-17T09:37:01+00:00\",\"description\":\"Vi udf\u00f8rer fliserens i hele Danmark. Her kan du se hvor vi tidligere har v\u00e6ret samt billeder af udf\u00f8rte fliserens opgaver i hele landet.\",\"breadcrumb\":{\"@id\":\"https:\/\/dazzling-bhaskara.46-4-121-245.plesk.page\/index.php\/fliserens-resultater\/#breadcrumb\"},\"inLanguage\":\"en-US\",\"potentialAction\":[{\"@type\":\"ReadAction\",\"target\":[\"https:\/\/dazzling-bhaskara.46-4-121-245.plesk.page\/index.php\/fliserens-resultater\/\"]}]},{\"@type\":\"BreadcrumbList\",\"@id\":\"https:\/\/dazzling-bhaskara.46-4-121-245.plesk.page\/index.php\/fliserens-resultater\/#breadcrumb\",\"itemListElement\":[{\"@type\":\"ListItem\",\"position\":1,\"name\":\"Home\",\"item\":\"https:\/\/dazzling-bhaskara.46-4-121-245.plesk.page\/\"},{\"@type\":\"ListItem\",\"position\":2,\"name\":\"Fliserens &#8211; resultater\"}]},{\"@type\":\"WebSite\",\"@id\":\"https:\/\/dazzling-bhaskara.46-4-121-245.plesk.page\/#website\",\"url\":\"https:\/\/dazzling-bhaskara.46-4-121-245.plesk.page\/\",\"name\":\"Everything Inc.\",\"description\":\"\",\"potentialAction\":[{\"@type\":\"SearchAction\",\"target\":{\"@type\":\"EntryPoint\",\"urlTemplate\":\"https:\/\/dazzling-bhaskara.46-4-121-245.plesk.page\/?s={search_term_string}\"},\"query-input\":{\"@type\":\"PropertyValueSpecification\",\"valueRequired\":true,\"valueName\":\"search_term_string\"}}],\"inLanguage\":\"en-US\"}]}<\/script>\n<!-- \/ Yoast SEO plugin. -->","yoast_head_json":{"title":"Fliserens i Jylland samt p\u00e5 Fyn og Sj\u00e6lland - se mere her.","description":"Vi udf\u00f8rer fliserens i hele Danmark. Her kan du se hvor vi tidligere har v\u00e6ret samt billeder af udf\u00f8rte fliserens opgaver i hele landet.","robots":{"index":"noindex","follow":"follow","max-snippet":"max-snippet:-1","max-image-preview":"max-image-preview:large","max-video-preview":"max-video-preview:-1"},"og_locale":"en_US","og_type":"article","og_title":"Fliserens i Jylland samt p\u00e5 Fyn og Sj\u00e6lland - se mere her.","og_description":"Vi udf\u00f8rer fliserens i hele Danmark. Her kan du se hvor vi tidligere har v\u00e6ret samt billeder af udf\u00f8rte fliserens opgaver i hele landet.","og_url":"https:\/\/dazzling-bhaskara.46-4-121-245.plesk.page\/index.php\/fliserens-resultater\/","og_site_name":"Everything Inc.","twitter_card":"summary_large_image","twitter_misc":{"Est. reading time":"4 minutes"},"schema":{"@context":"https:\/\/schema.org","@graph":[{"@type":"WebPage","@id":"https:\/\/dazzling-bhaskara.46-4-121-245.plesk.page\/index.php\/fliserens-resultater\/","url":"https:\/\/dazzling-bhaskara.46-4-121-245.plesk.page\/index.php\/fliserens-resultater\/","name":"Fliserens i Jylland samt p\u00e5 Fyn og Sj\u00e6lland - se mere her.","isPartOf":{"@id":"https:\/\/dazzling-bhaskara.46-4-121-245.plesk.page\/#website"},"datePublished":"2021-05-17T09:37:01+00:00","description":"Vi udf\u00f8rer fliserens i hele Danmark. Her kan du se hvor vi tidligere har v\u00e6ret samt billeder af udf\u00f8rte fliserens opgaver i hele landet.","breadcrumb":{"@id":"https:\/\/dazzling-bhaskara.46-4-121-245.plesk.page\/index.php\/fliserens-resultater\/#breadcrumb"},"inLanguage":"en-US","potentialAction":[{"@type":"ReadAction","target":["https:\/\/dazzling-bhaskara.46-4-121-245.plesk.page\/index.php\/fliserens-resultater\/"]}]},{"@type":"BreadcrumbList","@id":"https:\/\/dazzling-bhaskara.46-4-121-245.plesk.page\/index.php\/fliserens-resultater\/#breadcrumb","itemListElement":[{"@type":"ListItem","position":1,"name":"Home","item":"https:\/\/dazzling-bhaskara.46-4-121-245.plesk.page\/"},{"@type":"ListItem","position":2,"name":"Fliserens &#8211; resultater"}]},{"@type":"WebSite","@id":"https:\/\/dazzling-bhaskara.46-4-121-245.plesk.page\/#website","url":"https:\/\/dazzling-bhaskara.46-4-121-245.plesk.page\/","name":"Everything Inc.","description":"","potentialAction":[{"@type":"SearchAction","target":{"@type":"EntryPoint","urlTemplate":"https:\/\/dazzling-bhaskara.46-4-121-245.plesk.page\/?s={search_term_string}"},"query-input":{"@type":"PropertyValueSpecification","valueRequired":true,"valueName":"search_term_string"}}],"inLanguage":"en-US"}]}},"_links":{"self":[{"href":"https:\/\/dazzling-bhaskara.46-4-121-245.plesk.page\/index.php\/wp-json\/wp\/v2\/pages\/76966","targetHints":{"allow":["GET"]}}],"collection":[{"href":"https:\/\/dazzling-bhaskara.46-4-121-245.plesk.page\/index.php\/wp-json\/wp\/v2\/pages"}],"about":[{"href":"https:\/\/dazzling-bhaskara.46-4-121-245.plesk.page\/index.php\/wp-json\/wp\/v2\/types\/page"}],"author":[{"embeddable":true,"href":"https:\/\/dazzling-bhaskara.46-4-121-245.plesk.page\/index.php\/wp-json\/wp\/v2\/users\/2"}],"replies":[{"embeddable":true,"href":"https:\/\/dazzling-bhaskara.46-4-121-245.plesk.page\/index.php\/wp-json\/wp\/v2\/comments?post=76966"}],"version-history":[{"count":0,"href":"https:\/\/dazzling-bhaskara.46-4-121-245.plesk.page\/index.php\/wp-json\/wp\/v2\/pages\/76966\/revisions"}],"wp:attachment":[{"href":"https:\/\/dazzling-bhaskara.46-4-121-245.plesk.page\/index.php\/wp-json\/wp\/v2\/media?parent=76966"}],"curies":[{"name":"wp","href":"https:\/\/api.w.org\/{rel}","templated":true}]}}