{"id":77018,"date":"2021-05-18T09:55:09","date_gmt":"2021-05-18T09:55:09","guid":{"rendered":"https:\/\/jyskalgeservice.dk\/?page_id=77018"},"modified":"2021-05-18T09:55:09","modified_gmt":"2021-05-18T09:55:09","slug":"frederikshavn","status":"publish","type":"page","link":"https:\/\/dazzling-bhaskara.46-4-121-245.plesk.page\/index.php\/frederikshavn\/","title":{"rendered":"Frederikshavn"},"content":{"rendered":"<p>[vc_row][vc_column width=&#8221;1\/2&#8243;][vc_custom_heading text=&#8221;Frederikshavns bedste fliserens til en god pris!&#8221; font_container=&#8221;tag:h1|text_align:left|color:%23000000&#8243; el_class=&#8221;heading-title-2&#8243; css=&#8221;.vc_custom_1621331005213{margin-top: 40px !important;}&#8221;][vc_column_text]Fliserens i Frederikshavn? Jysk Algeservice servicerer kunder i hele byen samt omegn, hvor vi b\u00e5de har lavet <a href=\"https:\/\/dazzling-bhaskara.46-4-121-245.plesk.page\/fliserens\/\">fliserens<\/a>, algebehandling, facaderens samt flere andre typer opgaver. Vi har prim\u00e6rt private kunder i byen, men har lavet arbejde for Jysk, Palads Teatret samt andre virksomheder.<\/p>\n<p>Skal du have renset fliser, k\u00f8rer vi gerne til Frederikshavn og omegn. Vi l\u00f8ser ofte lignende opgaver i Nordjylland og kommer gerne forbi dig ogs\u00e5. Kontakt os i dag og du modtager snarest et godt og uforpligtende tilbud p\u00e5 rensning af dine fliser.<\/p>\n<p>Vi anvender en s\u00e6rligt tilrettet maskine til fliserens, da en almindelig h\u00f8jtryksrenser kan skade overfladen p\u00e5 fliserne, og i v\u00e6rste fald f\u00f8re til krakelering.<\/p>\n<p>Vi k\u00f8rer i hele Danmark og l\u00f8ser ofte opgaver i det nordjyske. P\u00e5 billedet ser du en netop overst\u00e5et opgave hvor vi har renset fliser, impr\u00e6gneret og lagt nyt fugesand i S\u00e6by som ligger omkring 10 km syd for Frederikshavn. B\u00e5de terrassefliser samt fliserne i indk\u00f8rsel fik den fulde pakke.<\/p>\n<p>Vi k\u00f8rer naturligvis ogs\u00e5 i de omkringliggende byer, s\u00e5 hvis du st\u00e5r og mangler et godt tilbud p\u00e5 rensning af havefliserne, s\u00e5 kontakt os i dag og vi vender tilbage med et godt tilbud s\u00e5 hurtigt som muligt.[\/vc_column_text][\/vc_column][vc_column width=&#8221;1\/2&#8243; css=&#8221;.vc_custom_1544541054550{margin-top: 40px !important;}&#8221;][vc_single_image image=&#8221;75256&#8243; img_size=&#8221;full&#8221;][\/vc_column][\/vc_row][vc_row css=&#8221;.vc_custom_1544103328696{margin-top: 40px !important;padding-top: 15px !important;padding-bottom: 15px !important;background-color: #f7f7f7 !important;}&#8221;][vc_column width=&#8221;1\/4&#8243;][vc_custom_heading text=&#8221;S\u00c5DAN G\u00d8R VI&#8221; font_container=&#8221;tag:h6|font_size:30|text_align:center|color:%23000000&#8243; el_class=&#8221;heading-title-2&#8243; css=&#8221;.vc_custom_1544104102947{margin-top: 15px !important;margin-bottom: 15px !important;}&#8221;][vc_custom_heading text=&#8221;RENSNING AF FLISER&#8221; font_container=&#8221;tag:h2|font_size:20|text_align:left|color:%23c7c7c7&#8243;][\/vc_column][vc_column width=&#8221;1\/4&#8243;][vc_custom_heading text=&#8221;1&#8243; font_container=&#8221;tag:h6|font_size:40|text_align:center|color:%239ecd52&#8243; css=&#8221;.vc_custom_1544101551605{padding-bottom: 10px !important;}&#8221;][vc_custom_heading text=&#8221;Vi fjerner flisepest, alger, mos, skidt, snavs og ukrudt i fugerne..&#8221; font_container=&#8221;tag:h6|font_size:18|text_align:center|color:%23000000&#8243; css=&#8221;.vc_custom_1544526567404{margin-top: -30px !important;}&#8221;][\/vc_column][vc_column width=&#8221;1\/4&#8243;][vc_custom_heading text=&#8221;2&#8243; font_container=&#8221;tag:h6|font_size:40|text_align:center|color:%239ecd52&#8243; css=&#8221;.vc_custom_1544101580882{padding-bottom: 10px !important;}&#8221;][vc_custom_heading text=&#8221;.. l\u00e6gger ny impr\u00e6gnering p\u00e5 fliserne, som sikre dine fliser en l\u00e6ngere levetid..&#8221; font_container=&#8221;tag:h6|font_size:18|text_align:center|color:%23000000&#8243; css=&#8221;.vc_custom_1544526599335{margin-top: -30px !important;}&#8221;][\/vc_column][vc_column width=&#8221;1\/4&#8243;][vc_custom_heading text=&#8221;3&#8243; font_container=&#8221;tag:h6|font_size:40|text_align:center|color:%239ecd52&#8243; css=&#8221;.vc_custom_1544101591764{padding-bottom: 10px !important;}&#8221;][vc_custom_heading text=&#8221;.. og p\u00e5l\u00e6gger nyt ukrudtsh\u00e6mmende fugesand&#8221; font_container=&#8221;tag:h6|font_size:18|text_align:center|color:%230a0a0a&#8221; css=&#8221;.vc_custom_1544106412291{margin-top: -30px !important;}&#8221;][\/vc_column][\/vc_row][vc_row css=&#8221;.vc_custom_1619603912162{padding-top: 40px !important;}&#8221;][vc_column][vc_custom_heading text=&#8221;Se vores resultater i Frederikshavn&#8221; font_container=&#8221;tag:h2|text_align:left|color:%230a0a0a&#8221;][vc_column_text]Nedenfor finder du et galleri med billeder af opgaver vi har l\u00f8st i Frederikshavn og omegn. Vi tilf\u00f8jer l\u00f8bende nye billeder.[\/vc_column_text][\/vc_column][vc_column width=&#8221;1\/2&#8243;][vc_single_image image=&#8221;77019&#8243; img_size=&#8221;full&#8221; alignment=&#8221;center&#8221; style=&#8221;vc_box_rounded&#8221;][vc_column_text]<\/p>\n<p style=\"text-align: center;\">Rens af terrassefliser i Frederikshavn<\/p>\n<p>[\/vc_column_text][\/vc_column][vc_column width=&#8221;1\/2&#8243;][vc_single_image image=&#8221;77026&#8243; img_size=&#8221;full&#8221; alignment=&#8221;center&#8221; style=&#8221;vc_box_rounded&#8221;][vc_column_text]<\/p>\n<p style=\"text-align: center;\">Rens af fliser i indk\u00f8rsel hos samme kunde<\/p>\n<p>[\/vc_column_text][\/vc_column][\/vc_row][vc_row css=&#8221;.vc_custom_1619603887222{padding-top: 40px !important;}&#8221;][vc_column width=&#8221;1\/3&#8243;][vc_column_text]Endnu en kunde i Frederikshavn. Denne gang lige nord for byen hvor vi rensede terrassen.[\/vc_column_text][\/vc_column][vc_column width=&#8221;1\/3&#8243;][vc_single_image image=&#8221;77029&#8243; img_size=&#8221;full&#8221; alignment=&#8221;center&#8221; style=&#8221;vc_box_rounded&#8221;][vc_column_text]<\/p>\n<p style=\"text-align: center;\">Terrasserens syd for Frederikshavn<\/p>\n<p>[\/vc_column_text][\/vc_column][vc_column width=&#8221;1\/3&#8243;][vc_single_image image=&#8221;77033&#8243; img_size=&#8221;full&#8221; alignment=&#8221;center&#8221; style=&#8221;vc_box_rounded&#8221;][\/vc_column][\/vc_row][vc_row css=&#8221;.vc_custom_1619603887222{padding-top: 40px !important;}&#8221;][vc_column width=&#8221;1\/2&#8243;][vc_column_text]<strong>Frederikshavn og omegn<\/strong><\/p>\n<p>Dybvad<br \/>\nElling<br \/>\nG\u00e6rum<br \/>\nHaldbjerg<br \/>\nHulsig<br \/>\nH\u00f8rby<br \/>\nJerup<br \/>\nKilden<br \/>\nKvissel<br \/>\nLyngs\u00e5<br \/>\nNielstrup<br \/>\nPr\u00e6stbro<br \/>\nRavnsh\u00f8j<br \/>\nStrandby<br \/>\nSyvsten<br \/>\nThorsh\u00f8j<br \/>\nVoers\u00e5<br \/>\n\u00d8stervr\u00e5[\/vc_column_text][\/vc_column][\/vc_row][vc_row css=&#8221;.vc_custom_1544103126775{margin-top: 40px !important;padding-top: 40px !important;padding-bottom: 40px !important;background-color: #f7f7f7 !important;}&#8221;][vc_column width=&#8221;1\/3&#8243; offset=&#8221;vc_hidden-sm vc_hidden-xs&#8221;][vc_single_image image=&#8221;75601&#8243; img_size=&#8221;full&#8221; css_animation=&#8221;left-to-right&#8221; el_class=&#8221;.colorbg&#8221;][\/vc_column][vc_column width=&#8221;2\/3&#8243;][vc_custom_heading text=&#8221;HELE DANMARK ER VORES ARBEJDSPLADS&#8221; font_container=&#8221;tag:h3|text_align:left|color:%23000000&#8243; el_class=&#8221;heading-title-2&#8243;][vc_column_text]Algerne gror over hele Danmark, og om du bor p\u00e5 Sj\u00e6lland, Fyn eller i Jylland, s\u00e5 er vi klar til at komme forbi dig, og hj\u00e6lpe dig i din kamp imod algerne.<\/p>\n<p style=\"color: #000;\"><b>Kontakt os i dag og f\u00e5 et skarpt tilbud<\/b><\/p>\n<p class=\"p1\">[su_button url=&#8221;tel:4542570999&#8243; background=&#8221;#84c758&#8243; color=&#8221;#ffffff&#8221; size=&#8221;5&#8243; icon=&#8221;icon: phone&#8221; icon_color=&#8221;#ffffff&#8221;]Ring[\/su_button] [su_button url=&#8221;mailto:info@jyskalgeservice.dk&#8221; background=&#8221;#84c758&#8243; color=&#8221;#ffffff&#8221; size=&#8221;5&#8243; icon=&#8221;icon: send-o&#8221; icon_color=&#8221;#ffffff&#8221;]Email[\/su_button]<\/p>\n<p class=\"p1\">[su_button url=&#8221;\/kontakt\/&#8221; background=&#8221;#84c758&#8243; color=&#8221;#ffffff&#8221; size=&#8221;5&#8243; icon=&#8221;icon: envelope-o&#8221; icon_color=&#8221;#ffffff&#8221;]Kontakt os[\/su_button]<\/p>\n<p>[\/vc_column_text][\/vc_column][\/vc_row]<\/p>\n","protected":false},"excerpt":{"rendered":"<p>[vc_row][vc_column width=&#8221;1\/2&#8243;][vc_custom_heading text=&#8221;Frederikshavns bedste fliserens til en god pris!&#8221; font_container=&#8221;tag:h1|text_align:left|color:%23000000&#8243; el_class=&#8221;heading-title-2&#8243; css=&#8221;.vc_custom_1621331005213{margin-top: 40px !important;}&#8221;][vc_column_text]Fliserens i Frederikshavn? Jysk Algeservice servicerer kunder [&hellip;]<\/p>\n","protected":false},"author":2,"featured_media":0,"parent":0,"menu_order":0,"comment_status":"closed","ping_status":"closed","template":"","meta":{"site-sidebar-layout":"default","site-content-layout":"","ast-site-content-layout":"default","site-content-style":"default","site-sidebar-style":"default","ast-global-header-display":"","ast-banner-title-visibility":"","ast-main-header-display":"","ast-hfb-above-header-display":"","ast-hfb-below-header-display":"","ast-hfb-mobile-header-display":"","site-post-title":"","ast-breadcrumbs-content":"","ast-featured-img":"","footer-sml-layout":"","ast-disable-related-posts":"","theme-transparent-header-meta":"","adv-header-id-meta":"","stick-header-meta":"","header-above-stick-meta":"","header-main-stick-meta":"","header-below-stick-meta":"","astra-migrate-meta-layouts":"default","ast-page-background-enabled":"default","ast-page-background-meta":{"desktop":{"background-color":"var(--ast-global-color-5)","background-image":"","background-repeat":"repeat","background-position":"center center","background-size":"auto","background-attachment":"scroll","background-type":"","background-media":"","overlay-type":"","overlay-color":"","overlay-opacity":"","overlay-gradient":""},"tablet":{"background-color":"","background-image":"","background-repeat":"repeat","background-position":"center center","background-size":"auto","background-attachment":"scroll","background-type":"","background-media":"","overlay-type":"","overlay-color":"","overlay-opacity":"","overlay-gradient":""},"mobile":{"background-color":"","background-image":"","background-repeat":"repeat","background-position":"center center","background-size":"auto","background-attachment":"scroll","background-type":"","background-media":"","overlay-type":"","overlay-color":"","overlay-opacity":"","overlay-gradient":""}},"ast-content-background-meta":{"desktop":{"background-color":"var(--ast-global-color-4)","background-image":"","background-repeat":"repeat","background-position":"center center","background-size":"auto","background-attachment":"scroll","background-type":"","background-media":"","overlay-type":"","overlay-color":"","overlay-opacity":"","overlay-gradient":""},"tablet":{"background-color":"var(--ast-global-color-4)","background-image":"","background-repeat":"repeat","background-position":"center center","background-size":"auto","background-attachment":"scroll","background-type":"","background-media":"","overlay-type":"","overlay-color":"","overlay-opacity":"","overlay-gradient":""},"mobile":{"background-color":"var(--ast-global-color-4)","background-image":"","background-repeat":"repeat","background-position":"center center","background-size":"auto","background-attachment":"scroll","background-type":"","background-media":"","overlay-type":"","overlay-color":"","overlay-opacity":"","overlay-gradient":""}},"footnotes":""},"class_list":["post-77018","page","type-page","status-publish","hentry"],"yoast_head":"<!-- This site is optimized with the Yoast SEO plugin v26.9 - https:\/\/yoast.com\/product\/yoast-seo-wordpress\/ -->\n<title>Fliserens i Frederikshavn | fra KUN 39 pr. m2<\/title>\n<meta name=\"description\" content=\"Vi udf\u00f8rer professionel fliserens i Frederikshavn og omegn. F\u00e5 et uforpligtende tilbud i dag og f\u00e5 dine flotte fliser tilbage.\" \/>\n<meta name=\"robots\" content=\"noindex, follow, max-snippet:-1, max-image-preview:large, max-video-preview:-1\" \/>\n<meta property=\"og:locale\" content=\"en_US\" \/>\n<meta property=\"og:type\" content=\"article\" \/>\n<meta property=\"og:title\" content=\"Fliserens i Frederikshavn | fra KUN 39 pr. m2\" \/>\n<meta property=\"og:description\" content=\"Vi udf\u00f8rer professionel fliserens i Frederikshavn og omegn. F\u00e5 et uforpligtende tilbud i dag og f\u00e5 dine flotte fliser tilbage.\" \/>\n<meta property=\"og:url\" content=\"https:\/\/dazzling-bhaskara.46-4-121-245.plesk.page\/index.php\/frederikshavn\/\" \/>\n<meta property=\"og:site_name\" content=\"Everything Inc.\" \/>\n<meta name=\"twitter:card\" content=\"summary_large_image\" \/>\n<meta name=\"twitter:label1\" content=\"Est. reading time\" \/>\n\t<meta name=\"twitter:data1\" content=\"3 minutes\" \/>\n<script type=\"application\/ld+json\" class=\"yoast-schema-graph\">{\"@context\":\"https:\/\/schema.org\",\"@graph\":[{\"@type\":\"WebPage\",\"@id\":\"https:\/\/dazzling-bhaskara.46-4-121-245.plesk.page\/index.php\/frederikshavn\/\",\"url\":\"https:\/\/dazzling-bhaskara.46-4-121-245.plesk.page\/index.php\/frederikshavn\/\",\"name\":\"Fliserens i Frederikshavn | fra KUN 39 pr. m2\",\"isPartOf\":{\"@id\":\"https:\/\/dazzling-bhaskara.46-4-121-245.plesk.page\/#website\"},\"datePublished\":\"2021-05-18T09:55:09+00:00\",\"description\":\"Vi udf\u00f8rer professionel fliserens i Frederikshavn og omegn. F\u00e5 et uforpligtende tilbud i dag og f\u00e5 dine flotte fliser tilbage.\",\"breadcrumb\":{\"@id\":\"https:\/\/dazzling-bhaskara.46-4-121-245.plesk.page\/index.php\/frederikshavn\/#breadcrumb\"},\"inLanguage\":\"en-US\",\"potentialAction\":[{\"@type\":\"ReadAction\",\"target\":[\"https:\/\/dazzling-bhaskara.46-4-121-245.plesk.page\/index.php\/frederikshavn\/\"]}]},{\"@type\":\"BreadcrumbList\",\"@id\":\"https:\/\/dazzling-bhaskara.46-4-121-245.plesk.page\/index.php\/frederikshavn\/#breadcrumb\",\"itemListElement\":[{\"@type\":\"ListItem\",\"position\":1,\"name\":\"Home\",\"item\":\"https:\/\/dazzling-bhaskara.46-4-121-245.plesk.page\/\"},{\"@type\":\"ListItem\",\"position\":2,\"name\":\"Frederikshavn\"}]},{\"@type\":\"WebSite\",\"@id\":\"https:\/\/dazzling-bhaskara.46-4-121-245.plesk.page\/#website\",\"url\":\"https:\/\/dazzling-bhaskara.46-4-121-245.plesk.page\/\",\"name\":\"Everything Inc.\",\"description\":\"\",\"potentialAction\":[{\"@type\":\"SearchAction\",\"target\":{\"@type\":\"EntryPoint\",\"urlTemplate\":\"https:\/\/dazzling-bhaskara.46-4-121-245.plesk.page\/?s={search_term_string}\"},\"query-input\":{\"@type\":\"PropertyValueSpecification\",\"valueRequired\":true,\"valueName\":\"search_term_string\"}}],\"inLanguage\":\"en-US\"}]}<\/script>\n<!-- \/ Yoast SEO plugin. -->","yoast_head_json":{"title":"Fliserens i Frederikshavn | fra KUN 39 pr. m2","description":"Vi udf\u00f8rer professionel fliserens i Frederikshavn og omegn. F\u00e5 et uforpligtende tilbud i dag og f\u00e5 dine flotte fliser tilbage.","robots":{"index":"noindex","follow":"follow","max-snippet":"max-snippet:-1","max-image-preview":"max-image-preview:large","max-video-preview":"max-video-preview:-1"},"og_locale":"en_US","og_type":"article","og_title":"Fliserens i Frederikshavn | fra KUN 39 pr. m2","og_description":"Vi udf\u00f8rer professionel fliserens i Frederikshavn og omegn. F\u00e5 et uforpligtende tilbud i dag og f\u00e5 dine flotte fliser tilbage.","og_url":"https:\/\/dazzling-bhaskara.46-4-121-245.plesk.page\/index.php\/frederikshavn\/","og_site_name":"Everything Inc.","twitter_card":"summary_large_image","twitter_misc":{"Est. reading time":"3 minutes"},"schema":{"@context":"https:\/\/schema.org","@graph":[{"@type":"WebPage","@id":"https:\/\/dazzling-bhaskara.46-4-121-245.plesk.page\/index.php\/frederikshavn\/","url":"https:\/\/dazzling-bhaskara.46-4-121-245.plesk.page\/index.php\/frederikshavn\/","name":"Fliserens i Frederikshavn | fra KUN 39 pr. m2","isPartOf":{"@id":"https:\/\/dazzling-bhaskara.46-4-121-245.plesk.page\/#website"},"datePublished":"2021-05-18T09:55:09+00:00","description":"Vi udf\u00f8rer professionel fliserens i Frederikshavn og omegn. F\u00e5 et uforpligtende tilbud i dag og f\u00e5 dine flotte fliser tilbage.","breadcrumb":{"@id":"https:\/\/dazzling-bhaskara.46-4-121-245.plesk.page\/index.php\/frederikshavn\/#breadcrumb"},"inLanguage":"en-US","potentialAction":[{"@type":"ReadAction","target":["https:\/\/dazzling-bhaskara.46-4-121-245.plesk.page\/index.php\/frederikshavn\/"]}]},{"@type":"BreadcrumbList","@id":"https:\/\/dazzling-bhaskara.46-4-121-245.plesk.page\/index.php\/frederikshavn\/#breadcrumb","itemListElement":[{"@type":"ListItem","position":1,"name":"Home","item":"https:\/\/dazzling-bhaskara.46-4-121-245.plesk.page\/"},{"@type":"ListItem","position":2,"name":"Frederikshavn"}]},{"@type":"WebSite","@id":"https:\/\/dazzling-bhaskara.46-4-121-245.plesk.page\/#website","url":"https:\/\/dazzling-bhaskara.46-4-121-245.plesk.page\/","name":"Everything Inc.","description":"","potentialAction":[{"@type":"SearchAction","target":{"@type":"EntryPoint","urlTemplate":"https:\/\/dazzling-bhaskara.46-4-121-245.plesk.page\/?s={search_term_string}"},"query-input":{"@type":"PropertyValueSpecification","valueRequired":true,"valueName":"search_term_string"}}],"inLanguage":"en-US"}]}},"_links":{"self":[{"href":"https:\/\/dazzling-bhaskara.46-4-121-245.plesk.page\/index.php\/wp-json\/wp\/v2\/pages\/77018","targetHints":{"allow":["GET"]}}],"collection":[{"href":"https:\/\/dazzling-bhaskara.46-4-121-245.plesk.page\/index.php\/wp-json\/wp\/v2\/pages"}],"about":[{"href":"https:\/\/dazzling-bhaskara.46-4-121-245.plesk.page\/index.php\/wp-json\/wp\/v2\/types\/page"}],"author":[{"embeddable":true,"href":"https:\/\/dazzling-bhaskara.46-4-121-245.plesk.page\/index.php\/wp-json\/wp\/v2\/users\/2"}],"replies":[{"embeddable":true,"href":"https:\/\/dazzling-bhaskara.46-4-121-245.plesk.page\/index.php\/wp-json\/wp\/v2\/comments?post=77018"}],"version-history":[{"count":0,"href":"https:\/\/dazzling-bhaskara.46-4-121-245.plesk.page\/index.php\/wp-json\/wp\/v2\/pages\/77018\/revisions"}],"wp:attachment":[{"href":"https:\/\/dazzling-bhaskara.46-4-121-245.plesk.page\/index.php\/wp-json\/wp\/v2\/media?parent=77018"}],"curies":[{"name":"wp","href":"https:\/\/api.w.org\/{rel}","templated":true}]}}