{"id":77099,"date":"2021-05-19T09:49:55","date_gmt":"2021-05-19T09:49:55","guid":{"rendered":"https:\/\/jyskalgeservice.dk\/?page_id=77099"},"modified":"2021-05-19T09:49:55","modified_gmt":"2021-05-19T09:49:55","slug":"svendborg","status":"publish","type":"page","link":"https:\/\/dazzling-bhaskara.46-4-121-245.plesk.page\/index.php\/svendborg\/","title":{"rendered":"Svendborg unik"},"content":{"rendered":"<p>[vc_row][vc_column width=&#8221;1\/2&#8243; css=&#8221;.vc_custom_1544545068892{margin-top: 40px !important;}&#8221;][vc_custom_heading text=&#8221;Fliserens og algebehandling i Svendborg&#8221; font_container=&#8221;tag:h2|font_size:18|text_align:left|color:%23000000&#8243; el_class=&#8221;heading-title-2&#8243;][vc_column_text]Vi k\u00f8rer i hele Danmark og har mange kunder i Svendborg. Vi har en lang r\u00e6kke private kunder i byen, men har ogs\u00e5 v\u00e6ret hos en r\u00e6kke virksomheder og offentlige institutioner som fx. Svendborg Gymnasium.<\/p>\n<p>Vi udf\u00f8rer fliserens og algebehandling til fornuftige priser og i h\u00f8j kvalitet. Udover rens af fliser tilbyder vi ogs\u00e5 algebehandling og tagrens samt tagrenderens og facaderens.<\/p>\n<p>Til rens af terrassefliser anvender vi h\u00f8jtryksmaskine s\u00e6rligt indrettet til form\u00e5let. Det er b\u00e5de den mest effektive og p\u00e5 samme tid sk\u00e5nsomme metode for fliserne og er samtidigt er metoden ikke skadelig for milj\u00f8et.<\/p>\n<p>I mods\u00e6tning til de mange g\u00f8r det selv metoder der findes p\u00e5 nettet s\u00f8rger vi for en dybdeg\u00e5ende rens hvor flisepest og alger kommer helt v\u00e6k og fliserne vil st\u00e5 n\u00e6sten som nye.[\/vc_column_text][\/vc_column][vc_column width=&#8221;1\/2&#8243; css=&#8221;.vc_custom_1544545063535{margin-top: 40px !important;}&#8221;][vc_single_image image=&#8221;75256&#8243; img_size=&#8221;full&#8221;][\/vc_column][\/vc_row][vc_row css=&#8221;.vc_custom_1544103328696{margin-top: 40px !important;padding-top: 15px !important;padding-bottom: 15px !important;background-color: #f7f7f7 !important;}&#8221;][vc_column width=&#8221;1\/4&#8243;][vc_custom_heading text=&#8221;S\u00c5DAN G\u00d8R VI&#8221; font_container=&#8221;tag:h6|font_size:30|text_align:center|color:%23000000&#8243; el_class=&#8221;heading-title-2&#8243; css=&#8221;.vc_custom_1544104102947{margin-top: 15px !important;margin-bottom: 15px !important;}&#8221;][vc_custom_heading text=&#8221;RENSNING AF FLISER&#8221; font_container=&#8221;tag:h2|font_size:20|text_align:left|color:%23c7c7c7&#8243;][\/vc_column][vc_column width=&#8221;1\/4&#8243;][vc_custom_heading text=&#8221;1&#8243; font_container=&#8221;tag:h6|font_size:40|text_align:center|color:%239ecd52&#8243; css=&#8221;.vc_custom_1544101551605{padding-bottom: 10px !important;}&#8221;][vc_custom_heading text=&#8221;Vi fjerner flisepest, alger, mos, skidt, snavs og ukrudt i fugerne..&#8221; font_container=&#8221;tag:h6|font_size:18|text_align:center|color:%23000000&#8243; css=&#8221;.vc_custom_1544526567404{margin-top: -30px !important;}&#8221;][\/vc_column][vc_column width=&#8221;1\/4&#8243;][vc_custom_heading text=&#8221;2&#8243; font_container=&#8221;tag:h6|font_size:40|text_align:center|color:%239ecd52&#8243; css=&#8221;.vc_custom_1544101580882{padding-bottom: 10px !important;}&#8221;][vc_custom_heading text=&#8221;.. l\u00e6gger ny impr\u00e6gnering p\u00e5 fliserne, som sikre dine fliser en l\u00e6ngere levetid..&#8221; font_container=&#8221;tag:h6|font_size:18|text_align:center|color:%23000000&#8243; css=&#8221;.vc_custom_1544526599335{margin-top: -30px !important;}&#8221;][\/vc_column][vc_column width=&#8221;1\/4&#8243;][vc_custom_heading text=&#8221;3&#8243; font_container=&#8221;tag:h6|font_size:40|text_align:center|color:%239ecd52&#8243; css=&#8221;.vc_custom_1544101591764{padding-bottom: 10px !important;}&#8221;][vc_custom_heading text=&#8221;.. og p\u00e5l\u00e6gger nyt ukrudtsh\u00e6mmende fugesand&#8221; font_container=&#8221;tag:h6|font_size:18|text_align:center|color:%230a0a0a&#8221; css=&#8221;.vc_custom_1544106412291{margin-top: -30px !important;}&#8221;][\/vc_column][\/vc_row][vc_row][vc_column css=&#8221;.vc_custom_1544545068892{margin-top: 40px !important;}&#8221;][vc_custom_heading text=&#8221;Hold fliserne flotte med IMPR\u00c6GNERING&#8221; font_container=&#8221;tag:h2|font_size:18|text_align:left|color:%23000000&#8243; el_class=&#8221;heading-title-2&#8243;][vc_column_text]Impr\u00e6gnering af fliser efter overst\u00e5et rensning er vigtig da det fungerer som en slags forsegling der forl\u00e6nger resultatet af behandlingen. Derved har b\u00e5de alger, mos og flisepest sv\u00e6re ved at f\u00e5 fodf\u00e6ste p\u00e5 fliserne i fremtiden og der vil g\u00e5 l\u00e6ngere tid inden fliserne har brug for at blive renset igen. Fugesand anbefales ligeledes da det ogs\u00e5 modvirker b\u00e5de ukrudt og algev\u00e6kst fremover.<\/p>\n<p>Husk at du f\u00e5r 10 \u00e5rs garanti hvis du bestiller \u00e5rlig vedligeholdelse af impr\u00e6gneringen. Kontakt os i dag, f\u00e5 et uforpligtende tilbud og s\u00e5 kan det v\u00e6re vi ses i Svendborg.[\/vc_column_text][\/vc_column][\/vc_row][vc_row][vc_column css=&#8221;.vc_custom_1544545068892{margin-top: 40px !important;}&#8221;][vc_custom_heading text=&#8221;Vi udf\u00f8rer fliserens i Svendborg og omegn&#8221; font_container=&#8221;tag:h2|font_size:18|text_align:left|color:%23000000&#8243; el_class=&#8221;heading-title-2&#8243;][vc_column_text]Som n\u00e6vnt er vi i hele Danmark, og er meget ofte p\u00e5 Fyn, herunder Svendborg og omkringliggende byer. Vi har tidligere v\u00e6ret i Thur\u00f8 By, Vindeby, Rantzausminde, Sk\u00e5rup og Stenstrup og l\u00f8st prim\u00e6rt fliserens opgaver, men ogs\u00e5 tag- og facaderens for nogle enkelte kunder.<\/p>\n<p>P\u00e5 billedet kan du se en af vores opgaver hvor vi udf\u00f8rte fliserens syd\u00f8st for Svendborg.[\/vc_column_text][\/vc_column][\/vc_row][vc_row css=&#8221;.vc_custom_1544103126775{margin-top: 40px !important;padding-top: 40px !important;padding-bottom: 40px !important;background-color: #f7f7f7 !important;}&#8221;][vc_column width=&#8221;1\/3&#8243; offset=&#8221;vc_hidden-sm vc_hidden-xs&#8221;][vc_single_image image=&#8221;75601&#8243; img_size=&#8221;full&#8221; css_animation=&#8221;left-to-right&#8221; el_class=&#8221;.colorbg&#8221;][\/vc_column][vc_column width=&#8221;2\/3&#8243;][vc_custom_heading text=&#8221;HELE DANMARK ER VORES ARBEJDSPLADS&#8221; font_container=&#8221;tag:h3|text_align:left|color:%23000000&#8243; el_class=&#8221;heading-title-2&#8243;][vc_column_text]Algerne gror over hele Danmark, og om du bor p\u00e5 Sj\u00e6lland, Fyn eller i Jylland, s\u00e5 er vi klar til at komme forbi dig, og hj\u00e6lpe dig i din kamp imod algerne.<\/p>\n<p style=\"color: #000;\"><b>Kontakt os i dag og f\u00e5 et skarpt tilbud<\/b><\/p>\n<p class=\"p1\">[su_button url=&#8221;tel:4542570999&#8243; background=&#8221;#84c758&#8243; color=&#8221;#ffffff&#8221; size=&#8221;5&#8243; icon=&#8221;icon: phone&#8221; icon_color=&#8221;#ffffff&#8221;]Ring[\/su_button] [su_button url=&#8221;mailto:info@jyskalgeservice.dk&#8221; background=&#8221;#84c758&#8243; color=&#8221;#ffffff&#8221; size=&#8221;5&#8243; icon=&#8221;icon: send-o&#8221; icon_color=&#8221;#ffffff&#8221;]Email[\/su_button]<\/p>\n<p class=\"p1\">[su_button url=&#8221;\/kontakt\/&#8221; background=&#8221;#84c758&#8243; color=&#8221;#ffffff&#8221; size=&#8221;5&#8243; icon=&#8221;icon: envelope-o&#8221; icon_color=&#8221;#ffffff&#8221;]Kontakt os[\/su_button]<\/p>\n<p>[\/vc_column_text][\/vc_column][\/vc_row]<\/p>\n","protected":false},"excerpt":{"rendered":"<p>[vc_row][vc_column width=&#8221;1\/2&#8243; css=&#8221;.vc_custom_1544545068892{margin-top: 40px !important;}&#8221;][vc_custom_heading text=&#8221;Fliserens og algebehandling i Svendborg&#8221; font_container=&#8221;tag:h2|font_size:18|text_align:left|color:%23000000&#8243; el_class=&#8221;heading-title-2&#8243;][vc_column_text]Vi k\u00f8rer i hele Danmark og har mange kunder [&hellip;]<\/p>\n","protected":false},"author":2,"featured_media":76468,"parent":0,"menu_order":0,"comment_status":"closed","ping_status":"closed","template":"","meta":{"site-sidebar-layout":"default","site-content-layout":"","ast-site-content-layout":"default","site-content-style":"default","site-sidebar-style":"default","ast-global-header-display":"","ast-banner-title-visibility":"","ast-main-header-display":"","ast-hfb-above-header-display":"","ast-hfb-below-header-display":"","ast-hfb-mobile-header-display":"","site-post-title":"","ast-breadcrumbs-content":"","ast-featured-img":"","footer-sml-layout":"","ast-disable-related-posts":"","theme-transparent-header-meta":"","adv-header-id-meta":"","stick-header-meta":"","header-above-stick-meta":"","header-main-stick-meta":"","header-below-stick-meta":"","astra-migrate-meta-layouts":"default","ast-page-background-enabled":"default","ast-page-background-meta":{"desktop":{"background-color":"var(--ast-global-color-5)","background-image":"","background-repeat":"repeat","background-position":"center center","background-size":"auto","background-attachment":"scroll","background-type":"","background-media":"","overlay-type":"","overlay-color":"","overlay-opacity":"","overlay-gradient":""},"tablet":{"background-color":"","background-image":"","background-repeat":"repeat","background-position":"center center","background-size":"auto","background-attachment":"scroll","background-type":"","background-media":"","overlay-type":"","overlay-color":"","overlay-opacity":"","overlay-gradient":""},"mobile":{"background-color":"","background-image":"","background-repeat":"repeat","background-position":"center center","background-size":"auto","background-attachment":"scroll","background-type":"","background-media":"","overlay-type":"","overlay-color":"","overlay-opacity":"","overlay-gradient":""}},"ast-content-background-meta":{"desktop":{"background-color":"var(--ast-global-color-4)","background-image":"","background-repeat":"repeat","background-position":"center center","background-size":"auto","background-attachment":"scroll","background-type":"","background-media":"","overlay-type":"","overlay-color":"","overlay-opacity":"","overlay-gradient":""},"tablet":{"background-color":"var(--ast-global-color-4)","background-image":"","background-repeat":"repeat","background-position":"center center","background-size":"auto","background-attachment":"scroll","background-type":"","background-media":"","overlay-type":"","overlay-color":"","overlay-opacity":"","overlay-gradient":""},"mobile":{"background-color":"var(--ast-global-color-4)","background-image":"","background-repeat":"repeat","background-position":"center center","background-size":"auto","background-attachment":"scroll","background-type":"","background-media":"","overlay-type":"","overlay-color":"","overlay-opacity":"","overlay-gradient":""}},"footnotes":""},"class_list":["post-77099","page","type-page","status-publish","has-post-thumbnail","hentry"],"yoast_head":"<!-- This site is optimized with the Yoast SEO plugin v26.9 - https:\/\/yoast.com\/product\/yoast-seo-wordpress\/ -->\n<title>Fliserens i Svendborg - m\u00e5ske DKs bedste og billigste<\/title>\n<meta name=\"description\" content=\"Vi k\u00f8rer i hele Danmark og vi kommer gerne til Svendborg og renser dine fliser. Se vores resultater og f\u00e5 en god pris i dag.\" \/>\n<meta name=\"robots\" content=\"noindex, follow, max-snippet:-1, max-image-preview:large, max-video-preview:-1\" \/>\n<meta property=\"og:locale\" content=\"en_US\" \/>\n<meta property=\"og:type\" content=\"article\" \/>\n<meta property=\"og:title\" content=\"Fliserens i Svendborg - m\u00e5ske DKs bedste og billigste\" \/>\n<meta property=\"og:description\" content=\"Vi k\u00f8rer i hele Danmark og vi kommer gerne til Svendborg og renser dine fliser. Se vores resultater og f\u00e5 en god pris i dag.\" \/>\n<meta property=\"og:url\" content=\"https:\/\/dazzling-bhaskara.46-4-121-245.plesk.page\/index.php\/svendborg\/\" \/>\n<meta property=\"og:site_name\" content=\"Everything Inc.\" \/>\n<meta name=\"twitter:card\" content=\"summary_large_image\" \/>\n<meta name=\"twitter:label1\" content=\"Est. reading time\" \/>\n\t<meta name=\"twitter:data1\" content=\"3 minutes\" \/>\n<script type=\"application\/ld+json\" class=\"yoast-schema-graph\">{\"@context\":\"https:\/\/schema.org\",\"@graph\":[{\"@type\":\"WebPage\",\"@id\":\"https:\/\/dazzling-bhaskara.46-4-121-245.plesk.page\/index.php\/svendborg\/\",\"url\":\"https:\/\/dazzling-bhaskara.46-4-121-245.plesk.page\/index.php\/svendborg\/\",\"name\":\"Fliserens i Svendborg - m\u00e5ske DKs bedste og billigste\",\"isPartOf\":{\"@id\":\"https:\/\/dazzling-bhaskara.46-4-121-245.plesk.page\/#website\"},\"primaryImageOfPage\":{\"@id\":\"https:\/\/dazzling-bhaskara.46-4-121-245.plesk.page\/index.php\/svendborg\/#primaryimage\"},\"image\":{\"@id\":\"https:\/\/dazzling-bhaskara.46-4-121-245.plesk.page\/index.php\/svendborg\/#primaryimage\"},\"thumbnailUrl\":\"\",\"datePublished\":\"2021-05-19T09:49:55+00:00\",\"description\":\"Vi k\u00f8rer i hele Danmark og vi kommer gerne til Svendborg og renser dine fliser. Se vores resultater og f\u00e5 en god pris i dag.\",\"breadcrumb\":{\"@id\":\"https:\/\/dazzling-bhaskara.46-4-121-245.plesk.page\/index.php\/svendborg\/#breadcrumb\"},\"inLanguage\":\"en-US\",\"potentialAction\":[{\"@type\":\"ReadAction\",\"target\":[\"https:\/\/dazzling-bhaskara.46-4-121-245.plesk.page\/index.php\/svendborg\/\"]}]},{\"@type\":\"ImageObject\",\"inLanguage\":\"en-US\",\"@id\":\"https:\/\/dazzling-bhaskara.46-4-121-245.plesk.page\/index.php\/svendborg\/#primaryimage\",\"url\":\"\",\"contentUrl\":\"\"},{\"@type\":\"BreadcrumbList\",\"@id\":\"https:\/\/dazzling-bhaskara.46-4-121-245.plesk.page\/index.php\/svendborg\/#breadcrumb\",\"itemListElement\":[{\"@type\":\"ListItem\",\"position\":1,\"name\":\"Home\",\"item\":\"https:\/\/dazzling-bhaskara.46-4-121-245.plesk.page\/\"},{\"@type\":\"ListItem\",\"position\":2,\"name\":\"Svendborg unik\"}]},{\"@type\":\"WebSite\",\"@id\":\"https:\/\/dazzling-bhaskara.46-4-121-245.plesk.page\/#website\",\"url\":\"https:\/\/dazzling-bhaskara.46-4-121-245.plesk.page\/\",\"name\":\"Everything Inc.\",\"description\":\"\",\"potentialAction\":[{\"@type\":\"SearchAction\",\"target\":{\"@type\":\"EntryPoint\",\"urlTemplate\":\"https:\/\/dazzling-bhaskara.46-4-121-245.plesk.page\/?s={search_term_string}\"},\"query-input\":{\"@type\":\"PropertyValueSpecification\",\"valueRequired\":true,\"valueName\":\"search_term_string\"}}],\"inLanguage\":\"en-US\"}]}<\/script>\n<!-- \/ Yoast SEO plugin. -->","yoast_head_json":{"title":"Fliserens i Svendborg - m\u00e5ske DKs bedste og billigste","description":"Vi k\u00f8rer i hele Danmark og vi kommer gerne til Svendborg og renser dine fliser. Se vores resultater og f\u00e5 en god pris i dag.","robots":{"index":"noindex","follow":"follow","max-snippet":"max-snippet:-1","max-image-preview":"max-image-preview:large","max-video-preview":"max-video-preview:-1"},"og_locale":"en_US","og_type":"article","og_title":"Fliserens i Svendborg - m\u00e5ske DKs bedste og billigste","og_description":"Vi k\u00f8rer i hele Danmark og vi kommer gerne til Svendborg og renser dine fliser. Se vores resultater og f\u00e5 en god pris i dag.","og_url":"https:\/\/dazzling-bhaskara.46-4-121-245.plesk.page\/index.php\/svendborg\/","og_site_name":"Everything Inc.","twitter_card":"summary_large_image","twitter_misc":{"Est. reading time":"3 minutes"},"schema":{"@context":"https:\/\/schema.org","@graph":[{"@type":"WebPage","@id":"https:\/\/dazzling-bhaskara.46-4-121-245.plesk.page\/index.php\/svendborg\/","url":"https:\/\/dazzling-bhaskara.46-4-121-245.plesk.page\/index.php\/svendborg\/","name":"Fliserens i Svendborg - m\u00e5ske DKs bedste og billigste","isPartOf":{"@id":"https:\/\/dazzling-bhaskara.46-4-121-245.plesk.page\/#website"},"primaryImageOfPage":{"@id":"https:\/\/dazzling-bhaskara.46-4-121-245.plesk.page\/index.php\/svendborg\/#primaryimage"},"image":{"@id":"https:\/\/dazzling-bhaskara.46-4-121-245.plesk.page\/index.php\/svendborg\/#primaryimage"},"thumbnailUrl":"","datePublished":"2021-05-19T09:49:55+00:00","description":"Vi k\u00f8rer i hele Danmark og vi kommer gerne til Svendborg og renser dine fliser. Se vores resultater og f\u00e5 en god pris i dag.","breadcrumb":{"@id":"https:\/\/dazzling-bhaskara.46-4-121-245.plesk.page\/index.php\/svendborg\/#breadcrumb"},"inLanguage":"en-US","potentialAction":[{"@type":"ReadAction","target":["https:\/\/dazzling-bhaskara.46-4-121-245.plesk.page\/index.php\/svendborg\/"]}]},{"@type":"ImageObject","inLanguage":"en-US","@id":"https:\/\/dazzling-bhaskara.46-4-121-245.plesk.page\/index.php\/svendborg\/#primaryimage","url":"","contentUrl":""},{"@type":"BreadcrumbList","@id":"https:\/\/dazzling-bhaskara.46-4-121-245.plesk.page\/index.php\/svendborg\/#breadcrumb","itemListElement":[{"@type":"ListItem","position":1,"name":"Home","item":"https:\/\/dazzling-bhaskara.46-4-121-245.plesk.page\/"},{"@type":"ListItem","position":2,"name":"Svendborg unik"}]},{"@type":"WebSite","@id":"https:\/\/dazzling-bhaskara.46-4-121-245.plesk.page\/#website","url":"https:\/\/dazzling-bhaskara.46-4-121-245.plesk.page\/","name":"Everything Inc.","description":"","potentialAction":[{"@type":"SearchAction","target":{"@type":"EntryPoint","urlTemplate":"https:\/\/dazzling-bhaskara.46-4-121-245.plesk.page\/?s={search_term_string}"},"query-input":{"@type":"PropertyValueSpecification","valueRequired":true,"valueName":"search_term_string"}}],"inLanguage":"en-US"}]}},"_links":{"self":[{"href":"https:\/\/dazzling-bhaskara.46-4-121-245.plesk.page\/index.php\/wp-json\/wp\/v2\/pages\/77099","targetHints":{"allow":["GET"]}}],"collection":[{"href":"https:\/\/dazzling-bhaskara.46-4-121-245.plesk.page\/index.php\/wp-json\/wp\/v2\/pages"}],"about":[{"href":"https:\/\/dazzling-bhaskara.46-4-121-245.plesk.page\/index.php\/wp-json\/wp\/v2\/types\/page"}],"author":[{"embeddable":true,"href":"https:\/\/dazzling-bhaskara.46-4-121-245.plesk.page\/index.php\/wp-json\/wp\/v2\/users\/2"}],"replies":[{"embeddable":true,"href":"https:\/\/dazzling-bhaskara.46-4-121-245.plesk.page\/index.php\/wp-json\/wp\/v2\/comments?post=77099"}],"version-history":[{"count":0,"href":"https:\/\/dazzling-bhaskara.46-4-121-245.plesk.page\/index.php\/wp-json\/wp\/v2\/pages\/77099\/revisions"}],"wp:featuredmedia":[{"embeddable":true,"href":"https:\/\/dazzling-bhaskara.46-4-121-245.plesk.page\/index.php\/wp-json\/"}],"wp:attachment":[{"href":"https:\/\/dazzling-bhaskara.46-4-121-245.plesk.page\/index.php\/wp-json\/wp\/v2\/media?parent=77099"}],"curies":[{"name":"wp","href":"https:\/\/api.w.org\/{rel}","templated":true}]}}