{"id":77503,"date":"2021-06-03T08:39:19","date_gmt":"2021-06-03T08:39:19","guid":{"rendered":"https:\/\/jyskalgeservice.dk\/?page_id=77503"},"modified":"2021-06-03T08:39:19","modified_gmt":"2021-06-03T08:39:19","slug":"haderslev","status":"publish","type":"page","link":"https:\/\/dazzling-bhaskara.46-4-121-245.plesk.page\/index.php\/haderslev\/","title":{"rendered":"Haderslev"},"content":{"rendered":"<p>[vc_row css=&#8221;.vc_custom_1622120980269{padding-top: 25px !important;}&#8221;][vc_column css=&#8221;.vc_custom_1611910166443{padding-bottom: 10px !important;}&#8221;][vc_custom_heading text=&#8221;Fliserens i Haderslev&#8221; font_container=&#8221;tag:h2|font_size:18|text_align:left|color:%23000000&#8243; el_class=&#8221;heading-title-2&#8243;][vc_column_text]Vi udf\u00f8rer b\u00e5de algebehandling og <a href=\"https:\/\/dazzling-bhaskara.46-4-121-245.plesk.page\/fliserens\/\">fliserens<\/a> i Haderslev og omegn og er ofte i fx. Vojens og Gram da vi i dag d\u00e6kker hele Sydjylland. I Vojens har vi en r\u00e6kke private kunder, men har ogs\u00e5 arbejdet hos et st\u00f8rre ejendomsselskab samt en virksomhed der leverer elevatorer til erhverv. Vi har arbejdet i de mindre omkringliggende byer, prim\u00e6rt med fliserens men ogs\u00e5 tagrens og algebehandling.<\/p>\n<p>Her p\u00e5 siden kan se blot et udvalg af de opgaver hvor vi har foretaget afrensning af fliser og\/eller algebehandling og impr\u00e6gnering i Vojens . Vi har en r\u00e6kke private kunder i byen, men har ogs\u00e5 v\u00e6ret omkring Haderslev Katedralskole og Kong Frederik IX Plejehjem p\u00e5 Ribe Landevej. Haderslev er en af vores kerneomr\u00e5der da det b\u00e5de er en driftig by og ligger i en afstand t\u00e6t p\u00e5 vores base i Vejle. Det betyder ogs\u00e5 at vi meget gerne kommer p\u00e5 bes\u00f8g hos dig, naturligvis helt uden k\u00f8rselstill\u00e6g. Ring eller kontakt os i dag og f\u00e5 en god pris p\u00e5 fliserens, algebehandling eller anden opgave. Ellers kan du g\u00e5 p\u00e5 opdagelse i vores billedarkiv over opgaver vi har udf\u00f8rt i Haderslev og omegn nedenfor.[\/vc_column_text][\/vc_column][\/vc_row][vc_row][vc_column][vc_custom_heading text=&#8221;Vi k\u00f8rer i Haderslev og omegn&#8221; font_container=&#8221;tag:h2|font_size:18|text_align:left|color:%23000000&#8243; el_class=&#8221;heading-title-2&#8243;][vc_column_text]Vi k\u00f8rer i hele Haderslev og omegn[\/vc_column_text][\/vc_column][\/vc_row][vc_row css=&#8221;.vc_custom_1622120980269{padding-top: 25px !important;}&#8221;][vc_column width=&#8221;1\/3&#8243; css=&#8221;.vc_custom_1611910166443{padding-bottom: 10px !important;}&#8221;][vc_column_text]Vojens<br \/>\nGram<br \/>\nStarup<br \/>\nOver Jerstal<br \/>\nSommersted<br \/>\nHammelev[\/vc_column_text][\/vc_column][vc_column width=&#8221;1\/3&#8243;][vc_column_text]Bevtoft<br \/>\nHoptrup<br \/>\nFjelstrup<br \/>\nNustrup<br \/>\nArnum<br \/>\n\u00d8sby[\/vc_column_text][\/vc_column][vc_column width=&#8221;1\/3&#8243;][vc_column_text]Jegerup<br \/>\nS\u00f8nder Vilstrup<br \/>\nVedsted<br \/>\n\u00c5r\u00f8sund<br \/>\nMarstrup<br \/>\nM\u00f8lby[\/vc_column_text][\/vc_column][\/vc_row][vc_row equal_height=&#8221;yes&#8221; css=&#8221;.vc_custom_1622627528813{margin-bottom: 30px !important;background-color: #f7f7f7 !important;}&#8221;][vc_column width=&#8221;1\/4&#8243; css=&#8221;.vc_custom_1622110332228{margin-top: 15px !important;margin-bottom: 15px !important;}&#8221;][vc_column_text css=&#8221;.vc_custom_1622111055891{padding-top: 5px !important;padding-bottom: 5px !important;}&#8221;]<\/p>\n<p style=\"text-align: center;\">[su_button url=&quot;https:\/\/dazzling-bhaskara.46-4-121-245.plesk.page\/fliserens-pris\/&quot; style=&quot;flat&quot; background=&quot;#9ecd52&quot; size=&quot;5&quot; icon=&quot;icon: money&quot; ]Priser[\/su_button]<\/p>\n<p>[\/vc_column_text][\/vc_column][vc_column width=&#8221;1\/4&#8243; css=&#8221;.vc_custom_1622110237539{margin-top: 15px !important;margin-bottom: 15px !important;}&#8221;][vc_column_text css=&#8221;.vc_custom_1622111025427{padding-top: 5px !important;padding-bottom: 5px !important;}&#8221;]<\/p>\n<p style=\"text-align: center;\">[su_button url=&#8221;tel:4542570999&#8243; style=&#8221;flat&#8221; background=&#8221;#9ecd52&#8243; color=&#8221;#ffffff&#8221; size=&#8221;5&#8243; icon=&#8221;icon: phone&#8221; icon_color=&#8221;#ffffff&#8221;]Ring[\/su_button]<\/p>\n<p>[\/vc_column_text][\/vc_column][vc_column width=&#8221;1\/4&#8243; css=&#8221;.vc_custom_1622110245515{margin-top: 15px !important;margin-bottom: 15px !important;}&#8221;][vc_column_text css=&#8221;.vc_custom_1622111034592{padding-top: 5px !important;padding-bottom: 5px !important;}&#8221;]<\/p>\n<p style=\"text-align: center;\">[su_button url=&#8221;mailto:info@jyskalgeservice.dk&#8221; style=&#8221;flat&#8221; background=&#8221;#9ecd52&#8243; color=&#8221;#ffffff&#8221; size=&#8221;5&#8243; icon=&#8221;icon: send-o&#8221; icon_color=&#8221;#ffffff&#8221;]Email[\/su_button]<\/p>\n<p>[\/vc_column_text][\/vc_column][vc_column width=&#8221;1\/4&#8243; css=&#8221;.vc_custom_1622110252808{margin-top: 15px !important;margin-bottom: 15px !important;}&#8221;][vc_column_text css=&#8221;.vc_custom_1622111043307{padding-top: 5px !important;padding-bottom: 5px !important;}&#8221;]<\/p>\n<p style=\"text-align: center;\">[su_button url=&#8221;\/kontakt\/&#8221; style=&#8221;flat&#8221; background=&#8221;#9ecd52&#8243; color=&#8221;#ffffff&#8221; size=&#8221;5&#8243; icon=&#8221;icon: envelope-o&#8221; icon_color=&#8221;#ffffff&#8221;]Kontakt os[\/su_button]<\/p>\n<p>[\/vc_column_text][\/vc_column][\/vc_row][vc_row css=&#8221;.vc_custom_1622108136636{margin-bottom: 15px !important;}&#8221;][vc_column][vc_custom_heading text=&#8221;UDVALGTE ERHVERVSKUNDER&#8221; font_container=&#8221;tag:h3|text_align:left|color:%230a0a0a&#8221; el_class=&#8221;heading-title-2&#8243;][vc_column_text css=&#8221;.vc_custom_1620653243220{padding-bottom: 15px !important;}&#8221;][gslogo id=1][\/vc_column_text][\/vc_column][\/vc_row][vc_row css=&#8221;.vc_custom_1544103126775{margin-top: 40px !important;padding-top: 40px !important;padding-bottom: 40px !important;background-color: #f7f7f7 !important;}&#8221;][vc_column width=&#8221;1\/3&#8243; offset=&#8221;vc_hidden-sm vc_hidden-xs&#8221;][vc_single_image image=&#8221;75601&#8243; img_size=&#8221;full&#8221; css_animation=&#8221;left-to-right&#8221; el_class=&#8221;.colorbg&#8221;][\/vc_column][vc_column width=&#8221;2\/3&#8243;][vc_custom_heading text=&#8221;HELE DANMARK ER VORES ARBEJDSPLADS&#8221; font_container=&#8221;tag:h3|text_align:left|color:%23000000&#8243; el_class=&#8221;heading-title-2&#8243;][vc_column_text]Algerne gror over hele Danmark, og om du bor p\u00e5 Sj\u00e6lland, Fyn eller i Jylland, s\u00e5 er vi klar til at komme forbi dig, og hj\u00e6lpe dig i din kamp imod algerne.<\/p>\n<p style=\"color: #000;\"><b>Kontakt os i dag og f\u00e5 et skarpt tilbud<\/b><\/p>\n<p class=\"p1\">[su_button url=&#8221;tel:4542570999&#8243; background=&#8221;#84c758&#8243; color=&#8221;#ffffff&#8221; size=&#8221;5&#8243; icon=&#8221;icon: phone&#8221; icon_color=&#8221;#ffffff&#8221;]Ring[\/su_button] [su_button url=&#8221;mailto:info@jyskalgeservice.dk&#8221; background=&#8221;#84c758&#8243; color=&#8221;#ffffff&#8221; size=&#8221;5&#8243; icon=&#8221;icon: send-o&#8221; icon_color=&#8221;#ffffff&#8221;]Email[\/su_button]<\/p>\n<p class=\"p1\">[su_button url=&#8221;\/kontakt\/&#8221; background=&#8221;#84c758&#8243; color=&#8221;#ffffff&#8221; size=&#8221;5&#8243; icon=&#8221;icon: envelope-o&#8221; icon_color=&#8221;#ffffff&#8221;]Kontakt os[\/su_button]<\/p>\n<p>[\/vc_column_text][\/vc_column][\/vc_row]<\/p>\n","protected":false},"excerpt":{"rendered":"<p>[vc_row css=&#8221;.vc_custom_1622120980269{padding-top: 25px !important;}&#8221;][vc_column css=&#8221;.vc_custom_1611910166443{padding-bottom: 10px !important;}&#8221;][vc_custom_heading text=&#8221;Fliserens i Haderslev&#8221; font_container=&#8221;tag:h2|font_size:18|text_align:left|color:%23000000&#8243; el_class=&#8221;heading-title-2&#8243;][vc_column_text]Vi udf\u00f8rer b\u00e5de algebehandling og fliserens i Haderslev og [&hellip;]<\/p>\n","protected":false},"author":2,"featured_media":0,"parent":0,"menu_order":0,"comment_status":"closed","ping_status":"closed","template":"","meta":{"site-sidebar-layout":"default","site-content-layout":"","ast-site-content-layout":"default","site-content-style":"default","site-sidebar-style":"default","ast-global-header-display":"","ast-banner-title-visibility":"","ast-main-header-display":"","ast-hfb-above-header-display":"","ast-hfb-below-header-display":"","ast-hfb-mobile-header-display":"","site-post-title":"","ast-breadcrumbs-content":"","ast-featured-img":"","footer-sml-layout":"","ast-disable-related-posts":"","theme-transparent-header-meta":"","adv-header-id-meta":"","stick-header-meta":"","header-above-stick-meta":"","header-main-stick-meta":"","header-below-stick-meta":"","astra-migrate-meta-layouts":"default","ast-page-background-enabled":"default","ast-page-background-meta":{"desktop":{"background-color":"var(--ast-global-color-5)","background-image":"","background-repeat":"repeat","background-position":"center center","background-size":"auto","background-attachment":"scroll","background-type":"","background-media":"","overlay-type":"","overlay-color":"","overlay-opacity":"","overlay-gradient":""},"tablet":{"background-color":"","background-image":"","background-repeat":"repeat","background-position":"center center","background-size":"auto","background-attachment":"scroll","background-type":"","background-media":"","overlay-type":"","overlay-color":"","overlay-opacity":"","overlay-gradient":""},"mobile":{"background-color":"","background-image":"","background-repeat":"repeat","background-position":"center center","background-size":"auto","background-attachment":"scroll","background-type":"","background-media":"","overlay-type":"","overlay-color":"","overlay-opacity":"","overlay-gradient":""}},"ast-content-background-meta":{"desktop":{"background-color":"var(--ast-global-color-4)","background-image":"","background-repeat":"repeat","background-position":"center center","background-size":"auto","background-attachment":"scroll","background-type":"","background-media":"","overlay-type":"","overlay-color":"","overlay-opacity":"","overlay-gradient":""},"tablet":{"background-color":"var(--ast-global-color-4)","background-image":"","background-repeat":"repeat","background-position":"center center","background-size":"auto","background-attachment":"scroll","background-type":"","background-media":"","overlay-type":"","overlay-color":"","overlay-opacity":"","overlay-gradient":""},"mobile":{"background-color":"var(--ast-global-color-4)","background-image":"","background-repeat":"repeat","background-position":"center center","background-size":"auto","background-attachment":"scroll","background-type":"","background-media":"","overlay-type":"","overlay-color":"","overlay-opacity":"","overlay-gradient":""}},"footnotes":""},"class_list":["post-77503","page","type-page","status-publish","hentry"],"yoast_head":"<!-- This site is optimized with the Yoast SEO plugin v26.9 - https:\/\/yoast.com\/product\/yoast-seo-wordpress\/ -->\n<title>Fliserens i Haderslev - se resultater og f\u00e5 en god pris<\/title>\n<meta name=\"description\" content=\"Vi udf\u00f8rer fliserens og algebehandling i hele Sydjylland og k\u00f8rer ofte i Haderslev og omegn. L\u00e6s mere her og f\u00e5 et godt tilbud allerede i dag.\" \/>\n<meta name=\"robots\" content=\"noindex, follow, max-snippet:-1, max-image-preview:large, max-video-preview:-1\" \/>\n<meta property=\"og:locale\" content=\"en_US\" \/>\n<meta property=\"og:type\" content=\"article\" \/>\n<meta property=\"og:title\" content=\"Fliserens i Haderslev - se resultater og f\u00e5 en god pris\" \/>\n<meta property=\"og:description\" content=\"Vi udf\u00f8rer fliserens og algebehandling i hele Sydjylland og k\u00f8rer ofte i Haderslev og omegn. L\u00e6s mere her og f\u00e5 et godt tilbud allerede i dag.\" \/>\n<meta property=\"og:url\" content=\"https:\/\/dazzling-bhaskara.46-4-121-245.plesk.page\/index.php\/haderslev\/\" \/>\n<meta property=\"og:site_name\" content=\"Everything Inc.\" \/>\n<meta name=\"twitter:card\" content=\"summary_large_image\" \/>\n<meta name=\"twitter:label1\" content=\"Est. reading time\" \/>\n\t<meta name=\"twitter:data1\" content=\"3 minutes\" \/>\n<script type=\"application\/ld+json\" class=\"yoast-schema-graph\">{\"@context\":\"https:\/\/schema.org\",\"@graph\":[{\"@type\":\"WebPage\",\"@id\":\"https:\/\/dazzling-bhaskara.46-4-121-245.plesk.page\/index.php\/haderslev\/\",\"url\":\"https:\/\/dazzling-bhaskara.46-4-121-245.plesk.page\/index.php\/haderslev\/\",\"name\":\"Fliserens i Haderslev - se resultater og f\u00e5 en god pris\",\"isPartOf\":{\"@id\":\"https:\/\/dazzling-bhaskara.46-4-121-245.plesk.page\/#website\"},\"datePublished\":\"2021-06-03T08:39:19+00:00\",\"description\":\"Vi udf\u00f8rer fliserens og algebehandling i hele Sydjylland og k\u00f8rer ofte i Haderslev og omegn. L\u00e6s mere her og f\u00e5 et godt tilbud allerede i dag.\",\"breadcrumb\":{\"@id\":\"https:\/\/dazzling-bhaskara.46-4-121-245.plesk.page\/index.php\/haderslev\/#breadcrumb\"},\"inLanguage\":\"en-US\",\"potentialAction\":[{\"@type\":\"ReadAction\",\"target\":[\"https:\/\/dazzling-bhaskara.46-4-121-245.plesk.page\/index.php\/haderslev\/\"]}]},{\"@type\":\"BreadcrumbList\",\"@id\":\"https:\/\/dazzling-bhaskara.46-4-121-245.plesk.page\/index.php\/haderslev\/#breadcrumb\",\"itemListElement\":[{\"@type\":\"ListItem\",\"position\":1,\"name\":\"Home\",\"item\":\"https:\/\/dazzling-bhaskara.46-4-121-245.plesk.page\/\"},{\"@type\":\"ListItem\",\"position\":2,\"name\":\"Haderslev\"}]},{\"@type\":\"WebSite\",\"@id\":\"https:\/\/dazzling-bhaskara.46-4-121-245.plesk.page\/#website\",\"url\":\"https:\/\/dazzling-bhaskara.46-4-121-245.plesk.page\/\",\"name\":\"Everything Inc.\",\"description\":\"\",\"potentialAction\":[{\"@type\":\"SearchAction\",\"target\":{\"@type\":\"EntryPoint\",\"urlTemplate\":\"https:\/\/dazzling-bhaskara.46-4-121-245.plesk.page\/?s={search_term_string}\"},\"query-input\":{\"@type\":\"PropertyValueSpecification\",\"valueRequired\":true,\"valueName\":\"search_term_string\"}}],\"inLanguage\":\"en-US\"}]}<\/script>\n<!-- \/ Yoast SEO plugin. -->","yoast_head_json":{"title":"Fliserens i Haderslev - se resultater og f\u00e5 en god pris","description":"Vi udf\u00f8rer fliserens og algebehandling i hele Sydjylland og k\u00f8rer ofte i Haderslev og omegn. L\u00e6s mere her og f\u00e5 et godt tilbud allerede i dag.","robots":{"index":"noindex","follow":"follow","max-snippet":"max-snippet:-1","max-image-preview":"max-image-preview:large","max-video-preview":"max-video-preview:-1"},"og_locale":"en_US","og_type":"article","og_title":"Fliserens i Haderslev - se resultater og f\u00e5 en god pris","og_description":"Vi udf\u00f8rer fliserens og algebehandling i hele Sydjylland og k\u00f8rer ofte i Haderslev og omegn. L\u00e6s mere her og f\u00e5 et godt tilbud allerede i dag.","og_url":"https:\/\/dazzling-bhaskara.46-4-121-245.plesk.page\/index.php\/haderslev\/","og_site_name":"Everything Inc.","twitter_card":"summary_large_image","twitter_misc":{"Est. reading time":"3 minutes"},"schema":{"@context":"https:\/\/schema.org","@graph":[{"@type":"WebPage","@id":"https:\/\/dazzling-bhaskara.46-4-121-245.plesk.page\/index.php\/haderslev\/","url":"https:\/\/dazzling-bhaskara.46-4-121-245.plesk.page\/index.php\/haderslev\/","name":"Fliserens i Haderslev - se resultater og f\u00e5 en god pris","isPartOf":{"@id":"https:\/\/dazzling-bhaskara.46-4-121-245.plesk.page\/#website"},"datePublished":"2021-06-03T08:39:19+00:00","description":"Vi udf\u00f8rer fliserens og algebehandling i hele Sydjylland og k\u00f8rer ofte i Haderslev og omegn. L\u00e6s mere her og f\u00e5 et godt tilbud allerede i dag.","breadcrumb":{"@id":"https:\/\/dazzling-bhaskara.46-4-121-245.plesk.page\/index.php\/haderslev\/#breadcrumb"},"inLanguage":"en-US","potentialAction":[{"@type":"ReadAction","target":["https:\/\/dazzling-bhaskara.46-4-121-245.plesk.page\/index.php\/haderslev\/"]}]},{"@type":"BreadcrumbList","@id":"https:\/\/dazzling-bhaskara.46-4-121-245.plesk.page\/index.php\/haderslev\/#breadcrumb","itemListElement":[{"@type":"ListItem","position":1,"name":"Home","item":"https:\/\/dazzling-bhaskara.46-4-121-245.plesk.page\/"},{"@type":"ListItem","position":2,"name":"Haderslev"}]},{"@type":"WebSite","@id":"https:\/\/dazzling-bhaskara.46-4-121-245.plesk.page\/#website","url":"https:\/\/dazzling-bhaskara.46-4-121-245.plesk.page\/","name":"Everything Inc.","description":"","potentialAction":[{"@type":"SearchAction","target":{"@type":"EntryPoint","urlTemplate":"https:\/\/dazzling-bhaskara.46-4-121-245.plesk.page\/?s={search_term_string}"},"query-input":{"@type":"PropertyValueSpecification","valueRequired":true,"valueName":"search_term_string"}}],"inLanguage":"en-US"}]}},"_links":{"self":[{"href":"https:\/\/dazzling-bhaskara.46-4-121-245.plesk.page\/index.php\/wp-json\/wp\/v2\/pages\/77503","targetHints":{"allow":["GET"]}}],"collection":[{"href":"https:\/\/dazzling-bhaskara.46-4-121-245.plesk.page\/index.php\/wp-json\/wp\/v2\/pages"}],"about":[{"href":"https:\/\/dazzling-bhaskara.46-4-121-245.plesk.page\/index.php\/wp-json\/wp\/v2\/types\/page"}],"author":[{"embeddable":true,"href":"https:\/\/dazzling-bhaskara.46-4-121-245.plesk.page\/index.php\/wp-json\/wp\/v2\/users\/2"}],"replies":[{"embeddable":true,"href":"https:\/\/dazzling-bhaskara.46-4-121-245.plesk.page\/index.php\/wp-json\/wp\/v2\/comments?post=77503"}],"version-history":[{"count":0,"href":"https:\/\/dazzling-bhaskara.46-4-121-245.plesk.page\/index.php\/wp-json\/wp\/v2\/pages\/77503\/revisions"}],"wp:attachment":[{"href":"https:\/\/dazzling-bhaskara.46-4-121-245.plesk.page\/index.php\/wp-json\/wp\/v2\/media?parent=77503"}],"curies":[{"name":"wp","href":"https:\/\/api.w.org\/{rel}","templated":true}]}}