{"id":78060,"date":"2022-03-16T14:37:58","date_gmt":"2022-03-16T14:37:58","guid":{"rendered":"https:\/\/jyskalgeservice.dk\/?page_id=78060"},"modified":"2022-03-16T14:37:58","modified_gmt":"2022-03-16T14:37:58","slug":"send","status":"publish","type":"page","link":"https:\/\/dazzling-bhaskara.46-4-121-245.plesk.page\/index.php\/send\/","title":{"rendered":"Send"},"content":{"rendered":"<p>[vc_row css=&#8221;.vc_custom_1612426189302{margin-top: 40px !important;margin-bottom: 20px !important;}&#8221;][vc_column]\n<div class=\"wpcf7 no-js\" id=\"wpcf7-f78067-o1\" lang=\"en-US\" dir=\"ltr\" data-wpcf7-id=\"78067\">\n<div class=\"screen-reader-response\"><p role=\"status\" aria-live=\"polite\" aria-atomic=\"true\"><\/p> <ul><\/ul><\/div>\n<form action=\"\/index.php\/wp-json\/wp\/v2\/pages\/78060#wpcf7-f78067-o1\" method=\"post\" class=\"wpcf7-form init\" aria-label=\"Contact form\" novalidate=\"novalidate\" data-status=\"init\">\n<fieldset class=\"hidden-fields-container\"><input type=\"hidden\" name=\"_wpcf7\" value=\"78067\" \/><input type=\"hidden\" name=\"_wpcf7_version\" value=\"6.1.4\" \/><input type=\"hidden\" name=\"_wpcf7_locale\" value=\"en_US\" \/><input type=\"hidden\" name=\"_wpcf7_unit_tag\" value=\"wpcf7-f78067-o1\" \/><input type=\"hidden\" name=\"_wpcf7_container_post\" value=\"0\" \/><input type=\"hidden\" name=\"_wpcf7_posted_data_hash\" value=\"\" \/>\n<\/fieldset>\n<p>[mfile* upload-file-148]\n<\/p>\n<p>Kundetype<br \/>\n<span class=\"wpcf7-form-control-wrap\" data-name=\"radio-369\"><span class=\"wpcf7-form-control wpcf7-radio\"><span class=\"wpcf7-list-item first\"><label><input type=\"radio\" name=\"radio-369\" value=\"Privat\" checked=\"checked\" \/><span class=\"wpcf7-list-item-label\">Privat<\/span><\/label><\/span><span class=\"wpcf7-list-item\"><label><input type=\"radio\" name=\"radio-369\" value=\"Erhverv\" \/><span class=\"wpcf7-list-item-label\">Erhverv<\/span><\/label><\/span><span class=\"wpcf7-list-item last\"><label><input type=\"radio\" name=\"radio-369\" value=\"Offentlig\" \/><span class=\"wpcf7-list-item-label\">Offentlig<\/span><\/label><\/span><\/span><\/span>\n<\/p>\n<p>Indtast kundes navn\n<\/p>\n<p>[group group-360]<br \/>\n<span class=\"wpcf7-form-control-wrap\" data-name=\"text-418\"><input size=\"40\" maxlength=\"400\" class=\"wpcf7-form-control wpcf7-text wpcf7-validates-as-required\" aria-required=\"true\" aria-invalid=\"false\" placeholder=\"kunde navn her fx. S\u00f8ren Hansen eller Plantorama\" value=\"\" type=\"text\" name=\"text-418\" \/><\/span><br \/>\n[\/group]\n<\/p>\n<p>V\u00e6lg opgavetype\n<\/p>\n<p><span class=\"wpcf7-form-control-wrap\" data-name=\"checkbox-828\"><span class=\"wpcf7-form-control wpcf7-checkbox\"><span class=\"wpcf7-list-item first\"><label><input type=\"checkbox\" name=\"checkbox-828[]\" value=\"Fliserens\" \/><span class=\"wpcf7-list-item-label\">Fliserens<\/span><\/label><\/span><span class=\"wpcf7-list-item\"><label><input type=\"checkbox\" name=\"checkbox-828[]\" value=\"Tr\u00e6terrasserens\" \/><span class=\"wpcf7-list-item-label\">Tr\u00e6terrasserens<\/span><\/label><\/span><span class=\"wpcf7-list-item\"><label><input type=\"checkbox\" name=\"checkbox-828[]\" value=\"Facaderens\" \/><span class=\"wpcf7-list-item-label\">Facaderens<\/span><\/label><\/span><span class=\"wpcf7-list-item last\"><label><input type=\"checkbox\" name=\"checkbox-828[]\" value=\"Tagrens\" \/><span class=\"wpcf7-list-item-label\">Tagrens<\/span><\/label><\/span><\/span><\/span>\n<\/p>\n<p>V\u00e6lg by og st\u00f8rre by i n\u00e6rheden. Skriv gerne 2 st\u00f8rre byer hvis midt i mellem\n<\/p>\n<p><span class=\"wpcf7-form-control-wrap\" data-name=\"text-92\"><input size=\"40\" maxlength=\"400\" class=\"wpcf7-form-control wpcf7-text wpcf7-validates-as-required\" aria-required=\"true\" aria-invalid=\"false\" placeholder=\"EKS: Lindved, Vejle (altid lille by, stor by)\" value=\"\" type=\"text\" name=\"text-92\" \/><\/span>\n<\/p>\n<p>V\u00e6lg dato for udf\u00f8relse\n<\/p>\n<p><span class=\"wpcf7-form-control-wrap\" data-name=\"date-9\"><input class=\"wpcf7-form-control wpcf7-date wpcf7-validates-as-date\" aria-invalid=\"false\" value=\"\" type=\"date\" name=\"date-9\" \/><\/span>\n<\/p>\n<p>Antal m2\n<\/p>\n<p><span class=\"wpcf7-form-control-wrap\" data-name=\"text-276\"><input size=\"40\" maxlength=\"400\" class=\"wpcf7-form-control wpcf7-text\" aria-invalid=\"false\" value=\"\" type=\"text\" name=\"text-276\" \/><\/span>\n<\/p>\n<p>Hvordan blev opgaven l\u00f8st\n<\/p>\n<p><span class=\"wpcf7-form-control-wrap\" data-name=\"radio-958\"><span class=\"wpcf7-form-control wpcf7-radio\"><span class=\"wpcf7-list-item first\"><label><input type=\"radio\" name=\"radio-958\" value=\"H\u00f8jtryksrensning med hedvand\" checked=\"checked\" \/><span class=\"wpcf7-list-item-label\">H\u00f8jtryksrensning med hedvand<\/span><\/label><\/span><span class=\"wpcf7-list-item last\"><label><input type=\"radio\" name=\"radio-958\" value=\"Alm. h\u00f8jtryksrensning\" \/><span class=\"wpcf7-list-item-label\">Alm. h\u00f8jtryksrensning<\/span><\/label><\/span><\/span><\/span>\n<\/p>\n<p>Hvilket materiale blev renset\n<\/p>\n<p><span class=\"wpcf7-form-control-wrap\" data-name=\"checkbox-582\"><span class=\"wpcf7-form-control wpcf7-checkbox\"><span class=\"wpcf7-list-item first\"><label><input type=\"checkbox\" name=\"checkbox-582[]\" value=\"Skifer\" \/><span class=\"wpcf7-list-item-label\">Skifer<\/span><\/label><\/span><span class=\"wpcf7-list-item last\"><label><input type=\"checkbox\" name=\"checkbox-582[]\" value=\"Beton\" \/><span class=\"wpcf7-list-item-label\">Beton<\/span><\/label><\/span><\/span><\/span>\n<\/p>\n<p>Hvilket udstyr blev anvendt\n<\/p>\n<p><span class=\"wpcf7-form-control-wrap\" data-name=\"checkbox-582\"><span class=\"wpcf7-form-control wpcf7-checkbox\"><span class=\"wpcf7-list-item first\"><label><input type=\"checkbox\" name=\"checkbox-582[]\" value=\"Forl\u00e6ngerlanse\" \/><span class=\"wpcf7-list-item-label\">Forl\u00e6ngerlanse<\/span><\/label><\/span><span class=\"wpcf7-list-item\"><label><input type=\"checkbox\" name=\"checkbox-582[]\" value=\"Lift\" \/><span class=\"wpcf7-list-item-label\">Lift<\/span><\/label><\/span><span class=\"wpcf7-list-item last\"><label><input type=\"checkbox\" name=\"checkbox-582[]\" value=\"Dyser til tr\u00e6\" \/><span class=\"wpcf7-list-item-label\">Dyser til tr\u00e6<\/span><\/label><\/span><\/span><\/span>\n<\/p>\n<p>Beskriv s\u00e6rlige ting ved opgaven (stikord eller tekst)\n<\/p>\n<p><span class=\"wpcf7-form-control-wrap\" data-name=\"textarea-139\"><textarea cols=\"40\" rows=\"10\" maxlength=\"2000\" class=\"wpcf7-form-control wpcf7-textarea\" aria-invalid=\"false\" placeholder=\"Indtast hvad som helst s\u00e6rligt om opgaven. Fx\n-Bagg\u00e5rd til privat firma \n-Fliser var ikke blevet renset i x antal \u00e5r\" name=\"textarea-139\"><\/textarea><\/span>\n<\/p>\n<p>Trustpilot emne?<br \/>\n<span class=\"wpcf7-form-control-wrap\" data-name=\"radio-428\"><span class=\"wpcf7-form-control wpcf7-radio\"><span class=\"wpcf7-list-item first\"><label><input type=\"radio\" name=\"radio-428\" value=\"Ja, glad kunde\" checked=\"checked\" \/><span class=\"wpcf7-list-item-label\">Ja, glad kunde<\/span><\/label><\/span><span class=\"wpcf7-list-item\"><label><input type=\"radio\" name=\"radio-428\" value=\"M\u00e5ske\" \/><span class=\"wpcf7-list-item-label\">M\u00e5ske<\/span><\/label><\/span><span class=\"wpcf7-list-item last\"><label><input type=\"radio\" name=\"radio-428\" value=\"NEEEJ!\" \/><span class=\"wpcf7-list-item-label\">NEEEJ!<\/span><\/label><\/span><\/span><\/span>\n<\/p>\n<p><input class=\"wpcf7-form-control wpcf7-submit has-spinner\" type=\"submit\" value=\"Send\" \/>\n<\/p><div class=\"wpcf7-response-output\" aria-hidden=\"true\"><\/div>\n<\/form>\n<\/div>\n[\/vc_column][\/vc_row]<\/p>\n","protected":false},"excerpt":{"rendered":"<p>[vc_row css=&#8221;.vc_custom_1612426189302{margin-top: 40px !important;margin-bottom: 20px !important;}&#8221;][vc_column][\/vc_column][\/vc_row]<\/p>\n","protected":false},"author":2,"featured_media":0,"parent":0,"menu_order":0,"comment_status":"closed","ping_status":"closed","template":"","meta":{"site-sidebar-layout":"default","site-content-layout":"","ast-site-content-layout":"default","site-content-style":"default","site-sidebar-style":"default","ast-global-header-display":"","ast-banner-title-visibility":"","ast-main-header-display":"","ast-hfb-above-header-display":"","ast-hfb-below-header-display":"","ast-hfb-mobile-header-display":"","site-post-title":"","ast-breadcrumbs-content":"","ast-featured-img":"","footer-sml-layout":"","ast-disable-related-posts":"","theme-transparent-header-meta":"","adv-header-id-meta":"","stick-header-meta":"","header-above-stick-meta":"","header-main-stick-meta":"","header-below-stick-meta":"","astra-migrate-meta-layouts":"default","ast-page-background-enabled":"default","ast-page-background-meta":{"desktop":{"background-color":"var(--ast-global-color-5)","background-image":"","background-repeat":"repeat","background-position":"center center","background-size":"auto","background-attachment":"scroll","background-type":"","background-media":"","overlay-type":"","overlay-color":"","overlay-opacity":"","overlay-gradient":""},"tablet":{"background-color":"","background-image":"","background-repeat":"repeat","background-position":"center center","background-size":"auto","background-attachment":"scroll","background-type":"","background-media":"","overlay-type":"","overlay-color":"","overlay-opacity":"","overlay-gradient":""},"mobile":{"background-color":"","background-image":"","background-repeat":"repeat","background-position":"center center","background-size":"auto","background-attachment":"scroll","background-type":"","background-media":"","overlay-type":"","overlay-color":"","overlay-opacity":"","overlay-gradient":""}},"ast-content-background-meta":{"desktop":{"background-color":"var(--ast-global-color-4)","background-image":"","background-repeat":"repeat","background-position":"center center","background-size":"auto","background-attachment":"scroll","background-type":"","background-media":"","overlay-type":"","overlay-color":"","overlay-opacity":"","overlay-gradient":""},"tablet":{"background-color":"var(--ast-global-color-4)","background-image":"","background-repeat":"repeat","background-position":"center center","background-size":"auto","background-attachment":"scroll","background-type":"","background-media":"","overlay-type":"","overlay-color":"","overlay-opacity":"","overlay-gradient":""},"mobile":{"background-color":"var(--ast-global-color-4)","background-image":"","background-repeat":"repeat","background-position":"center center","background-size":"auto","background-attachment":"scroll","background-type":"","background-media":"","overlay-type":"","overlay-color":"","overlay-opacity":"","overlay-gradient":""}},"footnotes":""},"class_list":["post-78060","page","type-page","status-publish","hentry"],"yoast_head":"<!-- This site is optimized with the Yoast SEO plugin v26.9 - https:\/\/yoast.com\/product\/yoast-seo-wordpress\/ -->\n<title>Jysk Algeservice - Kontakt os og f\u00e5 et uforpligtende tibud<\/title>\n<meta name=\"description\" content=\"Kontakt os i dag for et uforpligtende tilbud! Jysk Algeservice er din partner inden for algebehandling af flisepest, snavs og alger.\" \/>\n<meta name=\"robots\" content=\"noindex, follow, max-snippet:-1, max-image-preview:large, max-video-preview:-1\" \/>\n<meta property=\"og:locale\" content=\"en_US\" \/>\n<meta property=\"og:type\" content=\"article\" \/>\n<meta property=\"og:title\" content=\"Jysk Algeservice - Kontakt os og f\u00e5 et uforpligtende tibud\" \/>\n<meta property=\"og:description\" content=\"Kontakt os i dag for et uforpligtende tilbud! Jysk Algeservice er din partner inden for algebehandling af flisepest, snavs og alger.\" \/>\n<meta property=\"og:url\" content=\"https:\/\/dazzling-bhaskara.46-4-121-245.plesk.page\/index.php\/send\/\" \/>\n<meta property=\"og:site_name\" content=\"Everything Inc.\" \/>\n<meta name=\"twitter:card\" content=\"summary_large_image\" \/>\n<meta name=\"twitter:label1\" content=\"Est. reading time\" \/>\n\t<meta name=\"twitter:data1\" content=\"1 minute\" \/>\n<script type=\"application\/ld+json\" class=\"yoast-schema-graph\">{\"@context\":\"https:\/\/schema.org\",\"@graph\":[{\"@type\":\"WebPage\",\"@id\":\"https:\/\/dazzling-bhaskara.46-4-121-245.plesk.page\/index.php\/send\/\",\"url\":\"https:\/\/dazzling-bhaskara.46-4-121-245.plesk.page\/index.php\/send\/\",\"name\":\"Jysk Algeservice - Kontakt os og f\u00e5 et uforpligtende tibud\",\"isPartOf\":{\"@id\":\"https:\/\/dazzling-bhaskara.46-4-121-245.plesk.page\/#website\"},\"datePublished\":\"2022-03-16T14:37:58+00:00\",\"description\":\"Kontakt os i dag for et uforpligtende tilbud! Jysk Algeservice er din partner inden for algebehandling af flisepest, snavs og alger.\",\"breadcrumb\":{\"@id\":\"https:\/\/dazzling-bhaskara.46-4-121-245.plesk.page\/index.php\/send\/#breadcrumb\"},\"inLanguage\":\"en-US\",\"potentialAction\":[{\"@type\":\"ReadAction\",\"target\":[\"https:\/\/dazzling-bhaskara.46-4-121-245.plesk.page\/index.php\/send\/\"]}]},{\"@type\":\"BreadcrumbList\",\"@id\":\"https:\/\/dazzling-bhaskara.46-4-121-245.plesk.page\/index.php\/send\/#breadcrumb\",\"itemListElement\":[{\"@type\":\"ListItem\",\"position\":1,\"name\":\"Home\",\"item\":\"https:\/\/dazzling-bhaskara.46-4-121-245.plesk.page\/\"},{\"@type\":\"ListItem\",\"position\":2,\"name\":\"Send\"}]},{\"@type\":\"WebSite\",\"@id\":\"https:\/\/dazzling-bhaskara.46-4-121-245.plesk.page\/#website\",\"url\":\"https:\/\/dazzling-bhaskara.46-4-121-245.plesk.page\/\",\"name\":\"Everything Inc.\",\"description\":\"\",\"potentialAction\":[{\"@type\":\"SearchAction\",\"target\":{\"@type\":\"EntryPoint\",\"urlTemplate\":\"https:\/\/dazzling-bhaskara.46-4-121-245.plesk.page\/?s={search_term_string}\"},\"query-input\":{\"@type\":\"PropertyValueSpecification\",\"valueRequired\":true,\"valueName\":\"search_term_string\"}}],\"inLanguage\":\"en-US\"}]}<\/script>\n<!-- \/ Yoast SEO plugin. -->","yoast_head_json":{"title":"Jysk Algeservice - Kontakt os og f\u00e5 et uforpligtende tibud","description":"Kontakt os i dag for et uforpligtende tilbud! Jysk Algeservice er din partner inden for algebehandling af flisepest, snavs og alger.","robots":{"index":"noindex","follow":"follow","max-snippet":"max-snippet:-1","max-image-preview":"max-image-preview:large","max-video-preview":"max-video-preview:-1"},"og_locale":"en_US","og_type":"article","og_title":"Jysk Algeservice - Kontakt os og f\u00e5 et uforpligtende tibud","og_description":"Kontakt os i dag for et uforpligtende tilbud! Jysk Algeservice er din partner inden for algebehandling af flisepest, snavs og alger.","og_url":"https:\/\/dazzling-bhaskara.46-4-121-245.plesk.page\/index.php\/send\/","og_site_name":"Everything Inc.","twitter_card":"summary_large_image","twitter_misc":{"Est. reading time":"1 minute"},"schema":{"@context":"https:\/\/schema.org","@graph":[{"@type":"WebPage","@id":"https:\/\/dazzling-bhaskara.46-4-121-245.plesk.page\/index.php\/send\/","url":"https:\/\/dazzling-bhaskara.46-4-121-245.plesk.page\/index.php\/send\/","name":"Jysk Algeservice - Kontakt os og f\u00e5 et uforpligtende tibud","isPartOf":{"@id":"https:\/\/dazzling-bhaskara.46-4-121-245.plesk.page\/#website"},"datePublished":"2022-03-16T14:37:58+00:00","description":"Kontakt os i dag for et uforpligtende tilbud! Jysk Algeservice er din partner inden for algebehandling af flisepest, snavs og alger.","breadcrumb":{"@id":"https:\/\/dazzling-bhaskara.46-4-121-245.plesk.page\/index.php\/send\/#breadcrumb"},"inLanguage":"en-US","potentialAction":[{"@type":"ReadAction","target":["https:\/\/dazzling-bhaskara.46-4-121-245.plesk.page\/index.php\/send\/"]}]},{"@type":"BreadcrumbList","@id":"https:\/\/dazzling-bhaskara.46-4-121-245.plesk.page\/index.php\/send\/#breadcrumb","itemListElement":[{"@type":"ListItem","position":1,"name":"Home","item":"https:\/\/dazzling-bhaskara.46-4-121-245.plesk.page\/"},{"@type":"ListItem","position":2,"name":"Send"}]},{"@type":"WebSite","@id":"https:\/\/dazzling-bhaskara.46-4-121-245.plesk.page\/#website","url":"https:\/\/dazzling-bhaskara.46-4-121-245.plesk.page\/","name":"Everything Inc.","description":"","potentialAction":[{"@type":"SearchAction","target":{"@type":"EntryPoint","urlTemplate":"https:\/\/dazzling-bhaskara.46-4-121-245.plesk.page\/?s={search_term_string}"},"query-input":{"@type":"PropertyValueSpecification","valueRequired":true,"valueName":"search_term_string"}}],"inLanguage":"en-US"}]}},"_links":{"self":[{"href":"https:\/\/dazzling-bhaskara.46-4-121-245.plesk.page\/index.php\/wp-json\/wp\/v2\/pages\/78060","targetHints":{"allow":["GET"]}}],"collection":[{"href":"https:\/\/dazzling-bhaskara.46-4-121-245.plesk.page\/index.php\/wp-json\/wp\/v2\/pages"}],"about":[{"href":"https:\/\/dazzling-bhaskara.46-4-121-245.plesk.page\/index.php\/wp-json\/wp\/v2\/types\/page"}],"author":[{"embeddable":true,"href":"https:\/\/dazzling-bhaskara.46-4-121-245.plesk.page\/index.php\/wp-json\/wp\/v2\/users\/2"}],"replies":[{"embeddable":true,"href":"https:\/\/dazzling-bhaskara.46-4-121-245.plesk.page\/index.php\/wp-json\/wp\/v2\/comments?post=78060"}],"version-history":[{"count":0,"href":"https:\/\/dazzling-bhaskara.46-4-121-245.plesk.page\/index.php\/wp-json\/wp\/v2\/pages\/78060\/revisions"}],"wp:attachment":[{"href":"https:\/\/dazzling-bhaskara.46-4-121-245.plesk.page\/index.php\/wp-json\/wp\/v2\/media?parent=78060"}],"curies":[{"name":"wp","href":"https:\/\/api.w.org\/{rel}","templated":true}]}}