{"id":78449,"date":"2022-05-16T11:35:57","date_gmt":"2022-05-16T11:35:57","guid":{"rendered":"https:\/\/jyskalgeservice.dk\/?page_id=78449"},"modified":"2022-05-16T11:35:57","modified_gmt":"2022-05-16T11:35:57","slug":"handelsbetingelser","status":"publish","type":"page","link":"https:\/\/dazzling-bhaskara.46-4-121-245.plesk.page\/index.php\/handelsbetingelser\/","title":{"rendered":"Handelsbetingelser"},"content":{"rendered":"<p>[vc_row type=&#8221;full_width&#8221;][vc_column offset=&#8221;vc_hidden-xs&#8221;][\/vc_column][\/vc_row][vc_row css=&#8221;.vc_custom_1544105688582{margin-top: 40px !important;}&#8221;][vc_column css=&#8221;.vc_custom_1611910166443{padding-bottom: 10px !important;}&#8221;][vc_custom_heading text=&#8221;Handelsbetingelser&#8221; font_container=&#8221;tag:h2|font_size:18|text_align:left|color:%23000000&#8243; el_class=&#8221;heading-title-2&#8243;][vc_column_text]Vi giver altid besked i god tid, hvorn\u00e5r vi kan udf\u00f8re opgaven og kommer naturligvis ikke ud til dig f\u00f8r vi har din accept af b\u00e5de tilbud og dato for udf\u00f8relse.<\/p>\n<p>Vi skal have fri adgang til bel\u00e6gning samt vandforsyning, hvorfor det er vigtigt at du giver besked hvis du fx. Ikke er hjemme p\u00e5 datoen. Hvis vandtrykket er d\u00e5rligt, vil vi gerne vide det inden ankomst.<\/p>\n<p>Vi skal meget gerne kunne parkere t\u00e6t p\u00e5 huset. Helst omkring 50 meter fra det fjerneste areal der skal renses til vores bil.<\/p>\n<p>Bel\u00e6gningen skal v\u00e6re t\u00f8mt for krukker, m\u00f8bler, biler og andet. Flyt gerne disse mindst 10-15 meter fra selve flisearealet. Vi kan v\u00e6re behj\u00e6lpelige med at flytte sm\u00e5ting uden beregning, hvis du ikke selv har mulighed for det. Er der tale om st\u00f8rre ting, skal det aftales med os p\u00e5 forh\u00e5nd.<\/p>\n<p>Derudover skal vi informeres i tilf\u00e6lde af s\u00e6rlige omst\u00e6ndigheder p\u00e5 adressen.<\/p>\n<p><strong>Betaling<\/strong><\/p>\n<p>Efter udf\u00f8relse af sender vi faktura p\u00e5 mail med betalingsfrist p\u00e5 3 dage, som betales via bankoverf\u00f8rsel.<\/p>\n<p><strong>Pris og opm\u00e5ling<br \/>\n<\/strong><br \/>\nVi kan udarbejde et tilbud ud fra det antal m2 du opgiver. Kender du ikke antal kvadratmeter har vi mulighed for at lave en pris ud fra satellitbilleder.<\/p>\n<p>Antal kvadratmeter kan dog variere ved opm\u00e5ling, som vi foretager inden udf\u00f8relse. Det er den endelig opm\u00e5ling der afg\u00f8rer den endelige pris. Er afvigelsen 15% eller mindre foretager vi rensningen som aftalt. Er der tale om en st\u00f8rre afvigelse, kontakter vi altid kunden f\u00e5r at f\u00e5 bekr\u00e6ftelse.<\/p>\n<p><strong>Afbestilling<br \/>\n<\/strong><br \/>\nDa vi bruger tid og resurser p\u00e5 planl\u00e6gning, og en plads i kalenderen kunne have v\u00e6ret udfyldt af en anden kunde er afbestillinger ensbetydende med en omkostning for os. Derfor koster en afbestilling 300 kr. Efter tilbuddet er accepteret. Aflyses 4 dage inden udf\u00f8relse er prisen 600 kr. 2 dage inden er prisen 1000 kr.[\/vc_column_text][\/vc_column][\/vc_row][vc_row css=&#8221;.vc_custom_1544103126775{margin-top: 40px !important;padding-top: 40px !important;padding-bottom: 40px !important;background-color: #f7f7f7 !important;}&#8221;][vc_column width=&#8221;1\/3&#8243; offset=&#8221;vc_hidden-sm vc_hidden-xs&#8221;][vc_single_image image=&#8221;75601&#8243; img_size=&#8221;full&#8221; css_animation=&#8221;left-to-right&#8221; el_class=&#8221;.colorbg&#8221;][\/vc_column][vc_column width=&#8221;2\/3&#8243;][vc_custom_heading text=&#8221;HELE DANMARK ER VORES ARBEJDSPLADS&#8221; font_container=&#8221;tag:h3|text_align:left|color:%23000000&#8243; el_class=&#8221;heading-title-2&#8243;][vc_column_text]Algerne gror over hele Danmark, og om du bor p\u00e5 Sj\u00e6lland, Fyn eller i Jylland, s\u00e5 er vi klar til at komme forbi dig, og hj\u00e6lpe dig i din kamp imod algerne.<\/p>\n<p style=\"color: #000;\"><b>Kontakt os i dag og f\u00e5 et skarpt tilbud<\/b><\/p>\n<p class=\"p1\">[su_button url=&#8221;tel:4542570999&#8243; background=&#8221;#84c758&#8243; color=&#8221;#ffffff&#8221; size=&#8221;5&#8243; icon=&#8221;icon: phone&#8221; icon_color=&#8221;#ffffff&#8221;]Ring[\/su_button] [su_button url=&#8221;mailto:info@jyskalgeservice.dk&#8221; background=&#8221;#84c758&#8243; color=&#8221;#ffffff&#8221; size=&#8221;5&#8243; icon=&#8221;icon: send-o&#8221; icon_color=&#8221;#ffffff&#8221;]Email[\/su_button]<\/p>\n<p class=\"p1\">[su_button url=&#8221;\/kontakt\/&#8221; background=&#8221;#84c758&#8243; color=&#8221;#ffffff&#8221; size=&#8221;5&#8243; icon=&#8221;icon: envelope-o&#8221; icon_color=&#8221;#ffffff&#8221;]Kontakt os[\/su_button]<\/p>\n<p>[\/vc_column_text][\/vc_column][\/vc_row][vc_row][vc_column][vc_column_text]<\/p>\n<div id=\"60318DB7_CBB3_7860_E993_D9F84057F9AD\"><\/div>\n<p>[\/vc_column_text][\/vc_column][\/vc_row]<\/p>\n","protected":false},"excerpt":{"rendered":"<p>[vc_row type=&#8221;full_width&#8221;][vc_column offset=&#8221;vc_hidden-xs&#8221;][\/vc_column][\/vc_row][vc_row css=&#8221;.vc_custom_1544105688582{margin-top: 40px !important;}&#8221;][vc_column css=&#8221;.vc_custom_1611910166443{padding-bottom: 10px !important;}&#8221;][vc_custom_heading text=&#8221;Handelsbetingelser&#8221; font_container=&#8221;tag:h2|font_size:18|text_align:left|color:%23000000&#8243; el_class=&#8221;heading-title-2&#8243;][vc_column_text]Vi giver altid besked i god tid, hvorn\u00e5r vi [&hellip;]<\/p>\n","protected":false},"author":2,"featured_media":0,"parent":0,"menu_order":0,"comment_status":"closed","ping_status":"closed","template":"","meta":{"site-sidebar-layout":"default","site-content-layout":"","ast-site-content-layout":"default","site-content-style":"default","site-sidebar-style":"default","ast-global-header-display":"","ast-banner-title-visibility":"","ast-main-header-display":"","ast-hfb-above-header-display":"","ast-hfb-below-header-display":"","ast-hfb-mobile-header-display":"","site-post-title":"","ast-breadcrumbs-content":"","ast-featured-img":"","footer-sml-layout":"","ast-disable-related-posts":"","theme-transparent-header-meta":"","adv-header-id-meta":"","stick-header-meta":"","header-above-stick-meta":"","header-main-stick-meta":"","header-below-stick-meta":"","astra-migrate-meta-layouts":"default","ast-page-background-enabled":"default","ast-page-background-meta":{"desktop":{"background-color":"var(--ast-global-color-5)","background-image":"","background-repeat":"repeat","background-position":"center center","background-size":"auto","background-attachment":"scroll","background-type":"","background-media":"","overlay-type":"","overlay-color":"","overlay-opacity":"","overlay-gradient":""},"tablet":{"background-color":"","background-image":"","background-repeat":"repeat","background-position":"center center","background-size":"auto","background-attachment":"scroll","background-type":"","background-media":"","overlay-type":"","overlay-color":"","overlay-opacity":"","overlay-gradient":""},"mobile":{"background-color":"","background-image":"","background-repeat":"repeat","background-position":"center center","background-size":"auto","background-attachment":"scroll","background-type":"","background-media":"","overlay-type":"","overlay-color":"","overlay-opacity":"","overlay-gradient":""}},"ast-content-background-meta":{"desktop":{"background-color":"var(--ast-global-color-4)","background-image":"","background-repeat":"repeat","background-position":"center center","background-size":"auto","background-attachment":"scroll","background-type":"","background-media":"","overlay-type":"","overlay-color":"","overlay-opacity":"","overlay-gradient":""},"tablet":{"background-color":"var(--ast-global-color-4)","background-image":"","background-repeat":"repeat","background-position":"center center","background-size":"auto","background-attachment":"scroll","background-type":"","background-media":"","overlay-type":"","overlay-color":"","overlay-opacity":"","overlay-gradient":""},"mobile":{"background-color":"var(--ast-global-color-4)","background-image":"","background-repeat":"repeat","background-position":"center center","background-size":"auto","background-attachment":"scroll","background-type":"","background-media":"","overlay-type":"","overlay-color":"","overlay-opacity":"","overlay-gradient":""}},"footnotes":""},"class_list":["post-78449","page","type-page","status-publish","hentry"],"yoast_head":"<!-- This site is optimized with the Yoast SEO plugin v26.9 - https:\/\/yoast.com\/product\/yoast-seo-wordpress\/ -->\n<title>Milj\u00f8godkendt algebehandling og bek\u00e6mpelse - f\u00e5 en god pris<\/title>\n<meta name=\"description\" content=\"Alger er et tilbagevendende problem \u2013 man slipper aldrig helt for dem, men de kan holdes ret effektivt nede med regelm\u00e6ssig algebehandling.\" \/>\n<meta name=\"robots\" content=\"noindex, follow, max-snippet:-1, max-image-preview:large, max-video-preview:-1\" \/>\n<meta property=\"og:locale\" content=\"en_US\" \/>\n<meta property=\"og:type\" content=\"article\" \/>\n<meta property=\"og:title\" content=\"Milj\u00f8godkendt algebehandling og bek\u00e6mpelse - f\u00e5 en god pris\" \/>\n<meta property=\"og:description\" content=\"Alger er et tilbagevendende problem \u2013 man slipper aldrig helt for dem, men de kan holdes ret effektivt nede med regelm\u00e6ssig algebehandling.\" \/>\n<meta property=\"og:url\" content=\"https:\/\/dazzling-bhaskara.46-4-121-245.plesk.page\/index.php\/handelsbetingelser\/\" \/>\n<meta property=\"og:site_name\" content=\"Everything Inc.\" \/>\n<meta name=\"twitter:card\" content=\"summary_large_image\" \/>\n<meta name=\"twitter:label1\" content=\"Est. reading time\" \/>\n\t<meta name=\"twitter:data1\" content=\"3 minutes\" \/>\n<script type=\"application\/ld+json\" class=\"yoast-schema-graph\">{\"@context\":\"https:\/\/schema.org\",\"@graph\":[{\"@type\":\"WebPage\",\"@id\":\"https:\/\/dazzling-bhaskara.46-4-121-245.plesk.page\/index.php\/handelsbetingelser\/\",\"url\":\"https:\/\/dazzling-bhaskara.46-4-121-245.plesk.page\/index.php\/handelsbetingelser\/\",\"name\":\"Milj\u00f8godkendt algebehandling og bek\u00e6mpelse - f\u00e5 en god pris\",\"isPartOf\":{\"@id\":\"https:\/\/dazzling-bhaskara.46-4-121-245.plesk.page\/#website\"},\"datePublished\":\"2022-05-16T11:35:57+00:00\",\"description\":\"Alger er et tilbagevendende problem \u2013 man slipper aldrig helt for dem, men de kan holdes ret effektivt nede med regelm\u00e6ssig algebehandling.\",\"breadcrumb\":{\"@id\":\"https:\/\/dazzling-bhaskara.46-4-121-245.plesk.page\/index.php\/handelsbetingelser\/#breadcrumb\"},\"inLanguage\":\"en-US\",\"potentialAction\":[{\"@type\":\"ReadAction\",\"target\":[\"https:\/\/dazzling-bhaskara.46-4-121-245.plesk.page\/index.php\/handelsbetingelser\/\"]}]},{\"@type\":\"BreadcrumbList\",\"@id\":\"https:\/\/dazzling-bhaskara.46-4-121-245.plesk.page\/index.php\/handelsbetingelser\/#breadcrumb\",\"itemListElement\":[{\"@type\":\"ListItem\",\"position\":1,\"name\":\"Home\",\"item\":\"https:\/\/dazzling-bhaskara.46-4-121-245.plesk.page\/\"},{\"@type\":\"ListItem\",\"position\":2,\"name\":\"Handelsbetingelser\"}]},{\"@type\":\"WebSite\",\"@id\":\"https:\/\/dazzling-bhaskara.46-4-121-245.plesk.page\/#website\",\"url\":\"https:\/\/dazzling-bhaskara.46-4-121-245.plesk.page\/\",\"name\":\"Everything Inc.\",\"description\":\"\",\"potentialAction\":[{\"@type\":\"SearchAction\",\"target\":{\"@type\":\"EntryPoint\",\"urlTemplate\":\"https:\/\/dazzling-bhaskara.46-4-121-245.plesk.page\/?s={search_term_string}\"},\"query-input\":{\"@type\":\"PropertyValueSpecification\",\"valueRequired\":true,\"valueName\":\"search_term_string\"}}],\"inLanguage\":\"en-US\"}]}<\/script>\n<!-- \/ Yoast SEO plugin. -->","yoast_head_json":{"title":"Milj\u00f8godkendt algebehandling og bek\u00e6mpelse - f\u00e5 en god pris","description":"Alger er et tilbagevendende problem \u2013 man slipper aldrig helt for dem, men de kan holdes ret effektivt nede med regelm\u00e6ssig algebehandling.","robots":{"index":"noindex","follow":"follow","max-snippet":"max-snippet:-1","max-image-preview":"max-image-preview:large","max-video-preview":"max-video-preview:-1"},"og_locale":"en_US","og_type":"article","og_title":"Milj\u00f8godkendt algebehandling og bek\u00e6mpelse - f\u00e5 en god pris","og_description":"Alger er et tilbagevendende problem \u2013 man slipper aldrig helt for dem, men de kan holdes ret effektivt nede med regelm\u00e6ssig algebehandling.","og_url":"https:\/\/dazzling-bhaskara.46-4-121-245.plesk.page\/index.php\/handelsbetingelser\/","og_site_name":"Everything Inc.","twitter_card":"summary_large_image","twitter_misc":{"Est. reading time":"3 minutes"},"schema":{"@context":"https:\/\/schema.org","@graph":[{"@type":"WebPage","@id":"https:\/\/dazzling-bhaskara.46-4-121-245.plesk.page\/index.php\/handelsbetingelser\/","url":"https:\/\/dazzling-bhaskara.46-4-121-245.plesk.page\/index.php\/handelsbetingelser\/","name":"Milj\u00f8godkendt algebehandling og bek\u00e6mpelse - f\u00e5 en god pris","isPartOf":{"@id":"https:\/\/dazzling-bhaskara.46-4-121-245.plesk.page\/#website"},"datePublished":"2022-05-16T11:35:57+00:00","description":"Alger er et tilbagevendende problem \u2013 man slipper aldrig helt for dem, men de kan holdes ret effektivt nede med regelm\u00e6ssig algebehandling.","breadcrumb":{"@id":"https:\/\/dazzling-bhaskara.46-4-121-245.plesk.page\/index.php\/handelsbetingelser\/#breadcrumb"},"inLanguage":"en-US","potentialAction":[{"@type":"ReadAction","target":["https:\/\/dazzling-bhaskara.46-4-121-245.plesk.page\/index.php\/handelsbetingelser\/"]}]},{"@type":"BreadcrumbList","@id":"https:\/\/dazzling-bhaskara.46-4-121-245.plesk.page\/index.php\/handelsbetingelser\/#breadcrumb","itemListElement":[{"@type":"ListItem","position":1,"name":"Home","item":"https:\/\/dazzling-bhaskara.46-4-121-245.plesk.page\/"},{"@type":"ListItem","position":2,"name":"Handelsbetingelser"}]},{"@type":"WebSite","@id":"https:\/\/dazzling-bhaskara.46-4-121-245.plesk.page\/#website","url":"https:\/\/dazzling-bhaskara.46-4-121-245.plesk.page\/","name":"Everything Inc.","description":"","potentialAction":[{"@type":"SearchAction","target":{"@type":"EntryPoint","urlTemplate":"https:\/\/dazzling-bhaskara.46-4-121-245.plesk.page\/?s={search_term_string}"},"query-input":{"@type":"PropertyValueSpecification","valueRequired":true,"valueName":"search_term_string"}}],"inLanguage":"en-US"}]}},"_links":{"self":[{"href":"https:\/\/dazzling-bhaskara.46-4-121-245.plesk.page\/index.php\/wp-json\/wp\/v2\/pages\/78449","targetHints":{"allow":["GET"]}}],"collection":[{"href":"https:\/\/dazzling-bhaskara.46-4-121-245.plesk.page\/index.php\/wp-json\/wp\/v2\/pages"}],"about":[{"href":"https:\/\/dazzling-bhaskara.46-4-121-245.plesk.page\/index.php\/wp-json\/wp\/v2\/types\/page"}],"author":[{"embeddable":true,"href":"https:\/\/dazzling-bhaskara.46-4-121-245.plesk.page\/index.php\/wp-json\/wp\/v2\/users\/2"}],"replies":[{"embeddable":true,"href":"https:\/\/dazzling-bhaskara.46-4-121-245.plesk.page\/index.php\/wp-json\/wp\/v2\/comments?post=78449"}],"version-history":[{"count":0,"href":"https:\/\/dazzling-bhaskara.46-4-121-245.plesk.page\/index.php\/wp-json\/wp\/v2\/pages\/78449\/revisions"}],"wp:attachment":[{"href":"https:\/\/dazzling-bhaskara.46-4-121-245.plesk.page\/index.php\/wp-json\/wp\/v2\/media?parent=78449"}],"curies":[{"name":"wp","href":"https:\/\/api.w.org\/{rel}","templated":true}]}}