{"id":78679,"date":"2023-11-27T10:07:26","date_gmt":"2023-11-27T10:07:26","guid":{"rendered":"https:\/\/jyskalgeservice.dk\/?page_id=78679"},"modified":"2023-11-27T10:07:26","modified_gmt":"2023-11-27T10:07:26","slug":"persondatapolitik","status":"publish","type":"page","link":"https:\/\/dazzling-bhaskara.46-4-121-245.plesk.page\/index.php\/persondatapolitik\/","title":{"rendered":"Persondatapolitik hos Jysk Algeservice"},"content":{"rendered":"<p>[vc_row][vc_column][vc_column_text]<\/p>\n<div class=\"elementor-element elementor-element-1da5a17e elementor-widget elementor-widget-heading\" data-id=\"1da5a17e\" data-element_type=\"widget\" data-widget_type=\"heading.default\">\n<div class=\"elementor-widget-container\">\n<h1><strong>PERSONDATA- OG PRIVATLIVSPOLITIK HOS JYSK ALGESERVICE<\/strong><\/h1>\n<p>Vi indhenter kun persondata i de tilf\u00e6lde, hvor det er relevant for os, og vi vil kun indsamle persondata, hvis det er relevant for din interaktion med JYSK ALGESERVICE.<\/p>\n<p>Ved indsamling, behandling og anvendelse af dine persondata overholder vi altid alle g\u00e6ldende lovbestemmelser.<\/p>\n<p>Vi opbevarer kun dine persondata i den periode, hvor det enten er p\u00e5lagt os juridisk, eller s\u00e5 l\u00e6nge det er relevant for det form\u00e5l, de blev indsamlet til.<\/p>\n<p>Oplysninger, vi indsamler JYSK ALGESERVICE indsamler og behandler dine persondata, n\u00e5r du udf\u00f8rer f\u00f8lgende handlinger:<\/p>\n<ul>\n<li>Bes\u00f8ger vores hjemmeside<\/li>\n<li>Udfylder kontaktformularer<\/li>\n<li>Tilmelder dig vores nyhedsbrev<\/li>\n<li>Anmelder vores hjemmeside og ydelser<\/li>\n<li>Sender os sp\u00f8rgsm\u00e5l, reklamationer eller feedback<\/li>\n<\/ul>\n<p>Den dataansvarlige Den ansvarlige for indsamling, behandling og anvendelse af dine personoplysninger p\u00e5 <a href=\"https:\/\/dazzling-bhaskara.46-4-121-245.plesk.page\/\">https:\/\/dazzling-bhaskara.46-4-121-245.plesk.page\/<\/a> er JYSK ALGESERVICE, N\u00f8rre Bygade 26, 7100, CVR nr. 37450472.<\/p>\n<p>Behandlingsgrundlag og form\u00e5l Vi indhenter dine almindelige kontaktoplysninger som navn og adresse for at levere det produkt eller den ydelse, du har k\u00f8bt hos os. Din e-mailadresse indhenter vi for at sende dig en ordrebekr\u00e6ftelse og leveringsbekr\u00e6ftelse.<\/p>\n<p>JYSK ALGESERVICE forpligter sig til at beskytte og respektere dit privatliv. Vi bruger kun dine personlige oplysninger til at administrere din konto og levere de produkter og tjenester, du har anmodet om. Periodisk \u00f8nsker vi at kontakte dig om vores produkter, tjenester og andet indhold, der kan v\u00e6re af interesse for dig, men kun hvis du har givet tilladelse via den udfyldte formular.<\/p>\n<p>Du kan til enhver tid tilmelde og afmelde dig nyhedsbrevet, og ethvert nyhedsbrev indeholder en afmeldingsmulighed. Hvis behandlingen af persondata er baseret p\u00e5 dit samtykke, har du ret til at tilbagekalde det n\u00e5r som helst.<\/p>\n<p>Dine oplysninger (undtagen din e-mailadresse, hvis du har givet samtykke til behandling for modtagelse af tilbud) slettes 2 \u00e5r efter modtagelse af din vare eller ydelse.<\/p>\n<p>Andre modtagere af personoplysninger Vi s\u00e6lger ikke dine persondata til tredjepart, og vi overf\u00f8rer ikke dine persondata til tredjelande.<\/p>\n<p>Hvis du anmelder vores hjemmeside, overf\u00f8res dit navn og din e-mailadresse til anmeldelsessiden Trustpilot.<\/p>\n<p>Vi anvender One.com som vores mailserver og databehandler. Alle oplysninger, du giver p\u00e5 vores hjemmeside, opbevares i One.coms datacentre.<\/p>\n<p>Vi bruger eksterne leverand\u00f8rer som databehandlere for at optimere vores service. Disse leverand\u00f8rer behandler kun personoplysninger i overensstemmelse med vores instruktioner og lovgivningens krav.<\/p>\n<p>Vi har databehandleraftaler med vores leverand\u00f8rer for at sikre overholdelse af reglerne om beskyttelse af dine personoplysninger.<\/p>\n<p>Dine rettigheder Som registreret har du visse rettigheder, som vi altid skal respektere. Du har ret til at anmode om:<\/p>\n<ul>\n<li>Adgang til og rettelse\/\u00e6ndring af dine persondata<\/li>\n<li>Sletning af persondata<\/li>\n<li>Protest mod behandling af dine persondata<\/li>\n<li>Indgivelse af klage til en databeskyttelsesmyndighed<\/li>\n<\/ul>\n<p>Hvis du ikke \u00f8nsker, at vi fortsat behandler dine personoplysninger, eller \u00f8nsker at begr\u00e6nse behandlingen, kan du sende en anmodning til vores e-mailadresse <a href=\"mailto:info@jyskalgeservice.dk\" target=\"_new\" rel=\"noopener\">info@jyskalgeservice.dk<\/a>.<\/p>\n<\/div>\n<\/div>\n<div id=\"60318DB7_CBB3_7860_E993_D9F84057F9AD\"><\/div>\n<div id=\"60318DB7_CBB3_7860_E993_D9F84057F9AD\"><\/div>\n<p>[\/vc_column_text][\/vc_column][\/vc_row][vc_row][vc_column][vc_column_text]<\/p>\n<div id=\"60318DB7_CBB3_7860_E993_D9F84057F9AD\"><\/div>\n<div id=\"60318DB7_CBB3_7860_E993_D9F84057F9AD\"><\/div>\n<div id=\"60318DB7_CBB3_7860_E993_D9F84057F9AD\"><\/div>\n<p>[\/vc_column_text][\/vc_column][\/vc_row]<\/p>\n","protected":false},"excerpt":{"rendered":"<p>[vc_row][vc_column][vc_column_text] PERSONDATA- OG PRIVATLIVSPOLITIK HOS JYSK ALGESERVICE Vi indhenter kun persondata i de tilf\u00e6lde, hvor det er relevant for os, [&hellip;]<\/p>\n","protected":false},"author":2,"featured_media":0,"parent":0,"menu_order":0,"comment_status":"closed","ping_status":"closed","template":"","meta":{"site-sidebar-layout":"default","site-content-layout":"","ast-site-content-layout":"default","site-content-style":"default","site-sidebar-style":"default","ast-global-header-display":"","ast-banner-title-visibility":"","ast-main-header-display":"","ast-hfb-above-header-display":"","ast-hfb-below-header-display":"","ast-hfb-mobile-header-display":"","site-post-title":"","ast-breadcrumbs-content":"","ast-featured-img":"","footer-sml-layout":"","ast-disable-related-posts":"","theme-transparent-header-meta":"","adv-header-id-meta":"","stick-header-meta":"","header-above-stick-meta":"","header-main-stick-meta":"","header-below-stick-meta":"","astra-migrate-meta-layouts":"default","ast-page-background-enabled":"default","ast-page-background-meta":{"desktop":{"background-color":"var(--ast-global-color-5)","background-image":"","background-repeat":"repeat","background-position":"center center","background-size":"auto","background-attachment":"scroll","background-type":"","background-media":"","overlay-type":"","overlay-color":"","overlay-opacity":"","overlay-gradient":""},"tablet":{"background-color":"","background-image":"","background-repeat":"repeat","background-position":"center center","background-size":"auto","background-attachment":"scroll","background-type":"","background-media":"","overlay-type":"","overlay-color":"","overlay-opacity":"","overlay-gradient":""},"mobile":{"background-color":"","background-image":"","background-repeat":"repeat","background-position":"center center","background-size":"auto","background-attachment":"scroll","background-type":"","background-media":"","overlay-type":"","overlay-color":"","overlay-opacity":"","overlay-gradient":""}},"ast-content-background-meta":{"desktop":{"background-color":"var(--ast-global-color-4)","background-image":"","background-repeat":"repeat","background-position":"center center","background-size":"auto","background-attachment":"scroll","background-type":"","background-media":"","overlay-type":"","overlay-color":"","overlay-opacity":"","overlay-gradient":""},"tablet":{"background-color":"var(--ast-global-color-4)","background-image":"","background-repeat":"repeat","background-position":"center center","background-size":"auto","background-attachment":"scroll","background-type":"","background-media":"","overlay-type":"","overlay-color":"","overlay-opacity":"","overlay-gradient":""},"mobile":{"background-color":"var(--ast-global-color-4)","background-image":"","background-repeat":"repeat","background-position":"center center","background-size":"auto","background-attachment":"scroll","background-type":"","background-media":"","overlay-type":"","overlay-color":"","overlay-opacity":"","overlay-gradient":""}},"footnotes":""},"class_list":["post-78679","page","type-page","status-publish","hentry"],"yoast_head":"<!-- This site is optimized with the Yoast SEO plugin v26.9 - https:\/\/yoast.com\/product\/yoast-seo-wordpress\/ -->\n<title>Her kan du l\u00e6se vores privatlivspolitik! Kontakt os i dag!<\/title>\n<meta name=\"description\" content=\"L\u00e6s vores privatlivspolitik her. Vi har stort fokus p\u00e5 din datasikkerhed, derfor passer vi ogs\u00e5 godt p\u00e5 den!\" \/>\n<meta name=\"robots\" content=\"noindex, follow, max-snippet:-1, max-image-preview:large, max-video-preview:-1\" \/>\n<meta property=\"og:locale\" content=\"en_US\" \/>\n<meta property=\"og:type\" content=\"article\" \/>\n<meta property=\"og:title\" content=\"Her kan du l\u00e6se vores privatlivspolitik! Kontakt os i dag!\" \/>\n<meta property=\"og:description\" content=\"L\u00e6s vores privatlivspolitik her. Vi har stort fokus p\u00e5 din datasikkerhed, derfor passer vi ogs\u00e5 godt p\u00e5 den!\" \/>\n<meta property=\"og:url\" content=\"https:\/\/dazzling-bhaskara.46-4-121-245.plesk.page\/index.php\/persondatapolitik\/\" \/>\n<meta property=\"og:site_name\" content=\"Everything Inc.\" \/>\n<meta name=\"twitter:card\" content=\"summary_large_image\" \/>\n<meta name=\"twitter:label1\" content=\"Est. reading time\" \/>\n\t<meta name=\"twitter:data1\" content=\"3 minutes\" \/>\n<script type=\"application\/ld+json\" class=\"yoast-schema-graph\">{\"@context\":\"https:\/\/schema.org\",\"@graph\":[{\"@type\":\"WebPage\",\"@id\":\"https:\/\/dazzling-bhaskara.46-4-121-245.plesk.page\/index.php\/persondatapolitik\/\",\"url\":\"https:\/\/dazzling-bhaskara.46-4-121-245.plesk.page\/index.php\/persondatapolitik\/\",\"name\":\"Her kan du l\u00e6se vores privatlivspolitik! Kontakt os i dag!\",\"isPartOf\":{\"@id\":\"https:\/\/dazzling-bhaskara.46-4-121-245.plesk.page\/#website\"},\"datePublished\":\"2023-11-27T10:07:26+00:00\",\"description\":\"L\u00e6s vores privatlivspolitik her. Vi har stort fokus p\u00e5 din datasikkerhed, derfor passer vi ogs\u00e5 godt p\u00e5 den!\",\"breadcrumb\":{\"@id\":\"https:\/\/dazzling-bhaskara.46-4-121-245.plesk.page\/index.php\/persondatapolitik\/#breadcrumb\"},\"inLanguage\":\"en-US\",\"potentialAction\":[{\"@type\":\"ReadAction\",\"target\":[\"https:\/\/dazzling-bhaskara.46-4-121-245.plesk.page\/index.php\/persondatapolitik\/\"]}]},{\"@type\":\"BreadcrumbList\",\"@id\":\"https:\/\/dazzling-bhaskara.46-4-121-245.plesk.page\/index.php\/persondatapolitik\/#breadcrumb\",\"itemListElement\":[{\"@type\":\"ListItem\",\"position\":1,\"name\":\"Home\",\"item\":\"https:\/\/dazzling-bhaskara.46-4-121-245.plesk.page\/\"},{\"@type\":\"ListItem\",\"position\":2,\"name\":\"Persondatapolitik hos Jysk Algeservice\"}]},{\"@type\":\"WebSite\",\"@id\":\"https:\/\/dazzling-bhaskara.46-4-121-245.plesk.page\/#website\",\"url\":\"https:\/\/dazzling-bhaskara.46-4-121-245.plesk.page\/\",\"name\":\"Everything Inc.\",\"description\":\"\",\"potentialAction\":[{\"@type\":\"SearchAction\",\"target\":{\"@type\":\"EntryPoint\",\"urlTemplate\":\"https:\/\/dazzling-bhaskara.46-4-121-245.plesk.page\/?s={search_term_string}\"},\"query-input\":{\"@type\":\"PropertyValueSpecification\",\"valueRequired\":true,\"valueName\":\"search_term_string\"}}],\"inLanguage\":\"en-US\"}]}<\/script>\n<!-- \/ Yoast SEO plugin. -->","yoast_head_json":{"title":"Her kan du l\u00e6se vores privatlivspolitik! Kontakt os i dag!","description":"L\u00e6s vores privatlivspolitik her. Vi har stort fokus p\u00e5 din datasikkerhed, derfor passer vi ogs\u00e5 godt p\u00e5 den!","robots":{"index":"noindex","follow":"follow","max-snippet":"max-snippet:-1","max-image-preview":"max-image-preview:large","max-video-preview":"max-video-preview:-1"},"og_locale":"en_US","og_type":"article","og_title":"Her kan du l\u00e6se vores privatlivspolitik! Kontakt os i dag!","og_description":"L\u00e6s vores privatlivspolitik her. Vi har stort fokus p\u00e5 din datasikkerhed, derfor passer vi ogs\u00e5 godt p\u00e5 den!","og_url":"https:\/\/dazzling-bhaskara.46-4-121-245.plesk.page\/index.php\/persondatapolitik\/","og_site_name":"Everything Inc.","twitter_card":"summary_large_image","twitter_misc":{"Est. reading time":"3 minutes"},"schema":{"@context":"https:\/\/schema.org","@graph":[{"@type":"WebPage","@id":"https:\/\/dazzling-bhaskara.46-4-121-245.plesk.page\/index.php\/persondatapolitik\/","url":"https:\/\/dazzling-bhaskara.46-4-121-245.plesk.page\/index.php\/persondatapolitik\/","name":"Her kan du l\u00e6se vores privatlivspolitik! Kontakt os i dag!","isPartOf":{"@id":"https:\/\/dazzling-bhaskara.46-4-121-245.plesk.page\/#website"},"datePublished":"2023-11-27T10:07:26+00:00","description":"L\u00e6s vores privatlivspolitik her. Vi har stort fokus p\u00e5 din datasikkerhed, derfor passer vi ogs\u00e5 godt p\u00e5 den!","breadcrumb":{"@id":"https:\/\/dazzling-bhaskara.46-4-121-245.plesk.page\/index.php\/persondatapolitik\/#breadcrumb"},"inLanguage":"en-US","potentialAction":[{"@type":"ReadAction","target":["https:\/\/dazzling-bhaskara.46-4-121-245.plesk.page\/index.php\/persondatapolitik\/"]}]},{"@type":"BreadcrumbList","@id":"https:\/\/dazzling-bhaskara.46-4-121-245.plesk.page\/index.php\/persondatapolitik\/#breadcrumb","itemListElement":[{"@type":"ListItem","position":1,"name":"Home","item":"https:\/\/dazzling-bhaskara.46-4-121-245.plesk.page\/"},{"@type":"ListItem","position":2,"name":"Persondatapolitik hos Jysk Algeservice"}]},{"@type":"WebSite","@id":"https:\/\/dazzling-bhaskara.46-4-121-245.plesk.page\/#website","url":"https:\/\/dazzling-bhaskara.46-4-121-245.plesk.page\/","name":"Everything Inc.","description":"","potentialAction":[{"@type":"SearchAction","target":{"@type":"EntryPoint","urlTemplate":"https:\/\/dazzling-bhaskara.46-4-121-245.plesk.page\/?s={search_term_string}"},"query-input":{"@type":"PropertyValueSpecification","valueRequired":true,"valueName":"search_term_string"}}],"inLanguage":"en-US"}]}},"_links":{"self":[{"href":"https:\/\/dazzling-bhaskara.46-4-121-245.plesk.page\/index.php\/wp-json\/wp\/v2\/pages\/78679","targetHints":{"allow":["GET"]}}],"collection":[{"href":"https:\/\/dazzling-bhaskara.46-4-121-245.plesk.page\/index.php\/wp-json\/wp\/v2\/pages"}],"about":[{"href":"https:\/\/dazzling-bhaskara.46-4-121-245.plesk.page\/index.php\/wp-json\/wp\/v2\/types\/page"}],"author":[{"embeddable":true,"href":"https:\/\/dazzling-bhaskara.46-4-121-245.plesk.page\/index.php\/wp-json\/wp\/v2\/users\/2"}],"replies":[{"embeddable":true,"href":"https:\/\/dazzling-bhaskara.46-4-121-245.plesk.page\/index.php\/wp-json\/wp\/v2\/comments?post=78679"}],"version-history":[{"count":0,"href":"https:\/\/dazzling-bhaskara.46-4-121-245.plesk.page\/index.php\/wp-json\/wp\/v2\/pages\/78679\/revisions"}],"wp:attachment":[{"href":"https:\/\/dazzling-bhaskara.46-4-121-245.plesk.page\/index.php\/wp-json\/wp\/v2\/media?parent=78679"}],"curies":[{"name":"wp","href":"https:\/\/api.w.org\/{rel}","templated":true}]}}