{"id":78974,"date":"2024-11-04T13:16:08","date_gmt":"2024-11-04T13:16:08","guid":{"rendered":"https:\/\/jyskalgeservice.dk\/?page_id=78974"},"modified":"2024-11-04T13:16:08","modified_gmt":"2024-11-04T13:16:08","slug":"erhverv","status":"publish","type":"page","link":"https:\/\/dazzling-bhaskara.46-4-121-245.plesk.page\/index.php\/erhverv\/","title":{"rendered":"Erhverv"},"content":{"rendered":"<p>[vc_row type=&#8221;full_width&#8221;][vc_column offset=&#8221;vc_hidden-xs&#8221;][layerslider_vc id=&#8221;26&#8243;][\/vc_column][\/vc_row][vc_row css=&#8221;.vc_custom_1730729808129{padding-top: 50px !important;}&#8221;][vc_column][vc_custom_heading text=&#8221;Algeservice til Erhverv&#8221; font_container=&#8221;tag:h1|font_size:28|text_align:left|color:%23000000&#8243; el_class=&#8221;heading-title-2&#8243;][vc_column_text css=&#8221;.vc_custom_1746429395032{padding-bottom: 25px !important;}&#8221;]Hos Jysk Algeservice tilbyder vi algeservice til erhverv, herunder fliserens, facaderens, tagrens og algebehandling. Vores erfaring og ekspertise har gjort os til en p\u00e5lidelig partner for mange af landets f\u00f8rende virksomheder \u2013 og vi kan helt sikkert ogs\u00e5 hj\u00e6lpe din virksomhed.<\/p>\n<p>Vi tilbyder en uforpligtende gennemgang af jeres behov og skr\u00e6ddersyr en l\u00f8sning, der passer til jeres budget. Med fokus p\u00e5 kvalitet og effektivitet s\u00f8rger vi for, at jeres udend\u00f8rsarealer fremst\u00e5r indbydende og velholdte.<\/p>\n<p>Kontakt S\u00f8ren for vejledning og svar p\u00e5 dine sp\u00f8rgsm\u00e5l \u2013 han st\u00e5r klar til at hj\u00e6lpe alle hverdage. Ring direkte p\u00e5 <a href=\"tel:+4566441938\">+45 66 44 19 38 <\/a>eller <a href=\"mailto:sh@jyskalgeservice.dk\">sh@jyskalgeservice.dk<\/a>. Vi ser frem til at hj\u00e6lpe med jeres opgave.<\/p>\n<p style=\"text-align: center;\">[su_button url=&#8221;\/kontakt\/&#8221; background=&#8221;#9ecd52&#8243; color=&#8221;#ffffff&#8221; size=&#8221;5&#8243; icon=&#8221;icon: envelope-o&#8221; icon_color=&#8221;#ffffff&#8221;]Kontakt os[\/su_button]<\/p>\n<p>[\/vc_column_text][\/vc_column][\/vc_row][vc_row css=&#8221;.vc_custom_1730729808129{padding-top: 50px !important;}&#8221;][vc_column width=&#8221;1\/2&#8243;][vc_custom_heading text=&#8221;Algeservice til Erhverv&#8221; font_container=&#8221;tag:h1|font_size:28|text_align:left|color:%23000000&#8243; el_class=&#8221;heading-title-2&#8243;][vc_column_text css=&#8221;.vc_custom_1759145879113{padding-bottom: 25px !important;}&#8221;]<\/p>\n<p data-start=\"145\" data-end=\"429\">S\u00f8ren hj\u00e6lper virksomheder med at finde de rette rensel\u00f8sninger \u2013 b\u00e5de indend\u00f8rs og udend\u00f8rs. Det kan v\u00e6re alt fra t\u00e6ppe- og m\u00f8belrens til facade- og fliserens, s\u00e5 virksomheden fremst\u00e5r professionel over for b\u00e5de kunder og medarbejdere.<\/p>\n<p>Med mange \u00e5rs erfaring fra erhvervslivet, herunder samarbejde med LEGO, Scandic og flere kommuner, har S\u00f8ren en solid forst\u00e5else for skr\u00e6ddersyede l\u00f8sninger. Hans baggrund som b\u00e5de erhvervskonsulent og tidligere professionel soldat giver ham styrken til at bevare overblikket og skabe resultater.<\/p>\n<p>Kontakt S\u00f8ren for vejledning og svar p\u00e5 dine sp\u00f8rgsm\u00e5l \u2013 han st\u00e5r klar til at hj\u00e6lpe alle hverdage. Ring direkte p\u00e5 <a href=\"tel:+4566441938\">+45 66 44 19 38 <\/a>eller <a href=\"mailto:sh@jyskalgeservice.dk\">sh@jyskalgeservice.dk<\/a>. Vi ser frem til at hj\u00e6lpe med jeres opgave.<\/p>\n<p style=\"text-align: center;\">[su_button url=&#8221;\/kontakt\/&#8221; background=&#8221;#9ecd52&#8243; color=&#8221;#ffffff&#8221; size=&#8221;5&#8243; icon=&#8221;icon: envelope-o&#8221; icon_color=&#8221;#ffffff&#8221;]Kontakt os[\/su_button]<\/p>\n<p>[\/vc_column_text][\/vc_column][vc_column width=&#8221;1\/2&#8243;][vc_single_image image=&#8221;79444&#8243; img_size=&#8221;full&#8221; add_caption=&#8221;yes&#8221;][\/vc_column][\/vc_row][vc_row css=&#8221;.vc_custom_1730729808129{padding-top: 50px !important;}&#8221;][vc_column width=&#8221;1\/2&#8243;][vc_custom_heading text=&#8221;Algeservice til Erhverv&#8221; font_container=&#8221;tag:h1|font_size:28|text_align:left|color:%23000000&#8243; el_class=&#8221;heading-title-2&#8243;][vc_column_text css=&#8221;.vc_custom_1764752909575{padding-bottom: 25px !important;}&#8221;]<\/p>\n<p data-start=\"0\" data-end=\"328\">Laura er bindeleddet mellem jeres behov og den rette rensel\u00f8sning \u2013 hvad enten der er tale om l\u00f8bende pleje af t\u00e6pper og m\u00f8bler eller mere m\u00e5lrettede indsatser, der f\u00e5r virksomhedens omgivelser til at fremst\u00e5 indbydende og professionelle for b\u00e5de kunder og medarbejdere. Hun arbejder struktureret med opf\u00f8lgning og klar kommunikation, s\u00e5 I altid ved, hvad der er aftalt, og hvad n\u00e6ste skridt er.<\/p>\n<p data-start=\"330\" data-end=\"676\">Med bred erfaring fra kontor- og kundevendte funktioner har Laura solid forst\u00e5else for service, sagsbehandling og r\u00e5dgivning. Hun er vant til at h\u00e5ndtere b\u00e5de skriftlig og telefonisk kontakt, udarbejde tilbud og koordinere opgaver p\u00e5 tv\u00e6rs af afdelinger \u2013 altid med blik for detaljer, kvalitet og l\u00f8sninger, der passer til den enkelte virksomhed.<\/p>\n<p data-start=\"678\" data-end=\"900\" data-is-last-node=\"\" data-is-only-node=\"\">Kontakt Laura for sparring omkring jeres behov og muligheder \u2013 hun st\u00e5r klar til at hj\u00e6lpe alle hverdage. Ring direkte p\u00e5 <a href=\"tel:+4566467308\">+45 66 46 73 08<\/a> eller skriv p\u00e5 <a class=\"decorated-link cursor-pointer\" href=\"mailto:ldn@danskrenseservice.dk\" rel=\"noopener\" data-start=\"831\" data-end=\"855\">ldn@danskrenseservice.dk<\/a>. Vi ser frem til at hj\u00e6lpe med jeres opgave.<\/p>\n<p style=\"text-align: center;\">[su_button url=&#8221;\/kontakt\/&#8221; background=&#8221;#9ecd52&#8243; color=&#8221;#ffffff&#8221; size=&#8221;5&#8243; icon=&#8221;icon: envelope-o&#8221; icon_color=&#8221;#ffffff&#8221;]Kontakt os[\/su_button]<\/p>\n<p>[\/vc_column_text][\/vc_column][vc_column width=&#8221;1\/2&#8243;][vc_single_image image=&#8221;79458&#8243; img_size=&#8221;full&#8221; add_caption=&#8221;yes&#8221;][\/vc_column][\/vc_row][vc_row css=&#8221;.vc_custom_1731066680728{margin-bottom: 15px !important;}&#8221;][vc_column][vc_custom_heading text=&#8221;UDVALGTE ERHVERVSKUNDER&#8221; font_container=&#8221;tag:h2|font_size:28|text_align:center|color:%230a0a0a&#8221; el_class=&#8221;heading-title-2&#8243;][vc_column_text]Jysk Algeservice er stolte af vores st\u00e6rke samarbejde med mange erhvervskunder. Vores fokus p\u00e5 kvalitet har gjort, at vi p\u00e5 kort tid har opbygget en solid portef\u00f8lje af store, kvalitetsbevidste virksomheder. Dette er kun muligt, fordi vi arbejder omkostningseffektivt, pr\u00e6cist og med et dedikeret team, der er blandt de bedste i branchen. Nedenfor kan du se et udvalg af vores erhvervskunder:[\/vc_column_text][vc_column_text css=&#8221;.vc_custom_1620653243220{padding-bottom: 15px !important;}&#8221;][gslogo id=1][\/vc_column_text][\/vc_column][\/vc_row][vc_row css=&#8221;.vc_custom_1730729808129{padding-top: 50px !important;}&#8221;][vc_column width=&#8221;1\/2&#8243;][vc_custom_heading text=&#8221;Milj\u00f8godkendte produkter&#8221; font_container=&#8221;tag:h1|font_size:28|text_align:left|color:%23000000&#8243; el_class=&#8221;heading-title-2&#8243;][vc_column_text css=&#8221;.vc_custom_1740406681425{padding-bottom: 25px !important;}&#8221;]<\/p>\n<p data-start=\"70\" data-end=\"370\">Hos Jysk Algeservice g\u00e5r vi op i kvalitet og milj\u00f8, og derfor anvender vi <strong data-start=\"144\" data-end=\"157\">Neutralon<\/strong> \u2013 en danskproduceret og <strong data-start=\"182\" data-end=\"208\">Milj\u00f8styrelsesgodkendt<\/strong> algefjerner. Neutralon er udviklet til professionel bek\u00e6mpelse af alger p\u00e5 h\u00e5rde overflader som beton, tegl, tr\u00e6, metal, plast og glas \u2013 uden at misfarve zink.<\/p>\n<p data-start=\"372\" data-end=\"562\">\u2705 Effektiv algerens med langtidsholdbart resultat<br data-start=\"421\" data-end=\"424\" \/>\u2705 Forl\u00e6nger levetiden p\u00e5 taget og andre overflader<br data-start=\"474\" data-end=\"477\" \/>\u2705 Milj\u00f8venlig l\u00f8sning uden skadelige kemikalier<\/p>\n<p data-start=\"564\" data-end=\"735\">Neutralon virker hurtigt og sikrer et flot, varigt resultat. Med en sk\u00e5nsom og grundig behandling f\u00e5r dit tag eller facade nyt liv \u2013 uden at g\u00e5 p\u00e5 kompromis med milj\u00f8et.<\/p>\n<p data-start=\"737\" data-end=\"819\" data-is-last-node=\"\"><strong data-start=\"737\" data-end=\"819\" data-is-last-node=\"\">V\u00e6lg Jysk Algeservice for en professionel, milj\u00f8godkendt og effektiv algerens!<\/strong><\/p>\n<p style=\"text-align: center;\">[su_button url=&quot;https:\/\/dazzling-bhaskara.46-4-121-245.plesk.page\/materialer\/&quot; rel=&quot;noopener noreferrer&quot; background=&quot;#9ecd52&quot; color=&quot;#ffffff&quot; size=&quot;5&quot; icon=&quot;icon:angle-double-down&quot; icon_color=&quot;#ffffff&quot;]Hent datablade[\/su_button]<\/p>\n<p>[\/vc_column_text][\/vc_column][vc_column width=&#8221;1\/2&#8243;][vc_single_image image=&#8221;79221&#8243; img_size=&#8221;full&#8221; add_caption=&#8221;yes&#8221; style=&#8221;vc_box_rounded&#8221;][\/vc_column][\/vc_row][vc_row css=&#8221;.vc_custom_1730729586487{margin-bottom: 40px !important;padding-top: 50px !important;}&#8221;][vc_column css=&#8221;.vc_custom_1622117809761{padding-bottom: 15px !important;}&#8221;][vc_column_text css=&#8221;.vc_custom_1622109237050{background-color: #9ecd52 !important;}&#8221;]<\/p>\n<p style=\"text-align: center;\"><span style=\"color: #ffffff;\">Udfyld formularen og modtag et godt tilbud<\/span><\/p>\n<p>[\/vc_column_text]\n<div class=\"wpcf7 no-js\" id=\"wpcf7-f73002-o1\" lang=\"en-US\" dir=\"ltr\" data-wpcf7-id=\"73002\">\n<div class=\"screen-reader-response\"><p role=\"status\" aria-live=\"polite\" aria-atomic=\"true\"><\/p> <ul><\/ul><\/div>\n<form action=\"\/index.php\/wp-json\/wp\/v2\/pages\/78974#wpcf7-f73002-o1\" method=\"post\" class=\"wpcf7-form init\" aria-label=\"Contact form\" novalidate=\"novalidate\" data-status=\"init\">\n<fieldset class=\"hidden-fields-container\"><input type=\"hidden\" name=\"_wpcf7\" value=\"73002\" \/><input type=\"hidden\" name=\"_wpcf7_version\" value=\"6.1.4\" \/><input type=\"hidden\" name=\"_wpcf7_locale\" value=\"en_US\" \/><input type=\"hidden\" name=\"_wpcf7_unit_tag\" value=\"wpcf7-f73002-o1\" \/><input type=\"hidden\" name=\"_wpcf7_container_post\" value=\"0\" \/><input type=\"hidden\" name=\"_wpcf7_posted_data_hash\" value=\"\" \/>\n<\/fieldset>\n<p>Navn\n<\/p>\n<p><span class=\"wpcf7-form-control-wrap\" data-name=\"navn\"><input size=\"40\" maxlength=\"400\" class=\"wpcf7-form-control wpcf7-text wpcf7-validates-as-required\" aria-required=\"true\" aria-invalid=\"false\" value=\"\" type=\"text\" name=\"navn\" \/><\/span>\n<\/p>\n<p>Adresse (valgfri)\n<\/p>\n<p><span class=\"wpcf7-form-control-wrap\" data-name=\"adresse\"><input size=\"40\" maxlength=\"400\" class=\"wpcf7-form-control wpcf7-text\" aria-invalid=\"false\" value=\"\" type=\"text\" name=\"adresse\" \/><\/span>\n<\/p>\n<p>Postnummer (valgfri)\n<\/p>\n<p><span class=\"wpcf7-form-control-wrap\" data-name=\"postnummer\"><input size=\"40\" maxlength=\"400\" class=\"wpcf7-form-control wpcf7-text\" aria-invalid=\"false\" value=\"\" type=\"text\" name=\"postnummer\" \/><\/span>\n<\/p>\n<p>Telefon\n<\/p>\n<p><span class=\"wpcf7-form-control-wrap\" data-name=\"telefon\"><input size=\"40\" maxlength=\"400\" class=\"wpcf7-form-control wpcf7-tel wpcf7-validates-as-required wpcf7-text wpcf7-validates-as-tel\" aria-required=\"true\" aria-invalid=\"false\" value=\"\" type=\"tel\" name=\"telefon\" \/><\/span>\n<\/p>\n<p>E-mail\n<\/p>\n<p><span class=\"wpcf7-form-control-wrap\" data-name=\"email\"><input size=\"40\" maxlength=\"400\" class=\"wpcf7-form-control wpcf7-email wpcf7-validates-as-required wpcf7-text wpcf7-validates-as-email\" aria-required=\"true\" aria-invalid=\"false\" value=\"\" type=\"email\" name=\"email\" \/><\/span>\n<\/p>\n<p>Beskriv kort din opgave (valgfri)\n<\/p>\n<p><span class=\"wpcf7-form-control-wrap\" data-name=\"besked\"><textarea cols=\"40\" rows=\"10\" maxlength=\"2000\" class=\"wpcf7-form-control wpcf7-textarea\" aria-invalid=\"false\" placeholder=\"Ved fliserens angiv gerne antal m2, om der \u00f8nskes impr\u00e6gnering\/fugesand\" name=\"besked\"><\/textarea><\/span>\n<\/p>\n<p><span class=\"wpcf7-form-control-wrap\" data-name=\"acceptance-701\"><span class=\"wpcf7-form-control wpcf7-acceptance optional\"><span class=\"wpcf7-list-item\"><label><input type=\"checkbox\" name=\"acceptance-701\" value=\"1\" aria-invalid=\"false\" \/><span class=\"wpcf7-list-item-label\">Jeg er indforst\u00e5et med, at Jysk Algeservice m\u00e5 kontakte mig med information om services via telefon og e-mail, og at mine data behandles iht. persondatapolitikken.<\/span><\/label><\/span><\/span><\/span>\n<\/p>\n<p>[honeypot skjult-felt]\n<\/p>\n<p><input class=\"wpcf7-form-control wpcf7-submit has-spinner\" type=\"submit\" value=\"Send\" \/>\n<\/p><div class=\"wpcf7-response-output\" aria-hidden=\"true\"><\/div>\n<\/form>\n<\/div>\n[\/vc_column][\/vc_row][vc_row][vc_column][vc_column_text][html5_video id=78620][\/vc_column_text][\/vc_column][\/vc_row][vc_row css=&#8221;.vc_custom_1544103126775{margin-top: 40px !important;padding-top: 40px !important;padding-bottom: 40px !important;background-color: #f7f7f7 !important;}&#8221;][vc_column width=&#8221;1\/3&#8243; offset=&#8221;vc_hidden-sm vc_hidden-xs&#8221;][vc_single_image image=&#8221;75601&#8243; img_size=&#8221;full&#8221; css_animation=&#8221;left-to-right&#8221; el_class=&#8221;.colorbg&#8221;][\/vc_column][vc_column width=&#8221;2\/3&#8243;][vc_custom_heading text=&#8221;HELE DANMARK ER VORES ARBEJDSPLADS&#8221; font_container=&#8221;tag:h3|text_align:left|color:%23000000&#8243; el_class=&#8221;heading-title-2&#8243;][vc_column_text]Algerne gror over hele Danmark, og om du bor p\u00e5 Sj\u00e6lland, Fyn eller i Jylland, s\u00e5 er vi klar til at komme forbi dig, og hj\u00e6lpe dig i din kamp imod algerne.<\/p>\n<p style=\"color: #000;\"><strong>Se ogs\u00e5 vores samarbejdspartner <span style=\"color: #000000;\"><a style=\"color: #000000;\" href=\"https:\/\/www.danskrenseservice.dk\/\" target=\"_blank\" rel=\"noopener noreferrer\">Dansk Rense-service<\/a><\/span><\/strong><\/p>\n<p class=\"p1\">[su_button url=&#8221;tel:4542570999&#8243; background=&#8221;#84c758&#8243; color=&#8221;#ffffff&#8221; size=&#8221;5&#8243; icon=&#8221;icon: phone&#8221; icon_color=&#8221;#ffffff&#8221;]Ring[\/su_button] [su_button url=&#8221;mailto:info@jyskalgeservice.dk&#8221; background=&#8221;#84c758&#8243; color=&#8221;#ffffff&#8221; size=&#8221;5&#8243; icon=&#8221;icon: send-o&#8221; icon_color=&#8221;#ffffff&#8221;]Email[\/su_button]<\/p>\n<p class=\"p1\">[su_button url=&#8221;\/kontakt\/&#8221; background=&#8221;#84c758&#8243; color=&#8221;#ffffff&#8221; size=&#8221;5&#8243; icon=&#8221;icon: envelope-o&#8221; icon_color=&#8221;#ffffff&#8221;]Kontakt os[\/su_button]<\/p>\n<p>[\/vc_column_text][\/vc_column][\/vc_row][vc_row][vc_column][vc_column_text]<\/p>\n<div id=\"60318DB7_CBB3_7860_E993_D9F84057F9AD\"><\/div>\n<div id=\"60318DB7_CBB3_7860_E993_D9F84057F9AD\"><\/div>\n<p>[\/vc_column_text][\/vc_column][\/vc_row]<\/p>\n","protected":false},"excerpt":{"rendered":"<p>[vc_row type=&#8221;full_width&#8221;][vc_column offset=&#8221;vc_hidden-xs&#8221;][layerslider_vc id=&#8221;26&#8243;][\/vc_column][\/vc_row][vc_row css=&#8221;.vc_custom_1730729808129{padding-top: 50px !important;}&#8221;][vc_column][vc_custom_heading text=&#8221;Algeservice til Erhverv&#8221; font_container=&#8221;tag:h1|font_size:28|text_align:left|color:%23000000&#8243; el_class=&#8221;heading-title-2&#8243;][vc_column_text css=&#8221;.vc_custom_1746429395032{padding-bottom: 25px !important;}&#8221;]Hos Jysk Algeservice tilbyder vi algeservice [&hellip;]<\/p>\n","protected":false},"author":2,"featured_media":78640,"parent":0,"menu_order":0,"comment_status":"closed","ping_status":"closed","template":"","meta":{"site-sidebar-layout":"default","site-content-layout":"","ast-site-content-layout":"default","site-content-style":"default","site-sidebar-style":"default","ast-global-header-display":"","ast-banner-title-visibility":"","ast-main-header-display":"","ast-hfb-above-header-display":"","ast-hfb-below-header-display":"","ast-hfb-mobile-header-display":"","site-post-title":"","ast-breadcrumbs-content":"","ast-featured-img":"","footer-sml-layout":"","ast-disable-related-posts":"","theme-transparent-header-meta":"","adv-header-id-meta":"","stick-header-meta":"","header-above-stick-meta":"","header-main-stick-meta":"","header-below-stick-meta":"","astra-migrate-meta-layouts":"default","ast-page-background-enabled":"default","ast-page-background-meta":{"desktop":{"background-color":"var(--ast-global-color-5)","background-image":"","background-repeat":"repeat","background-position":"center center","background-size":"auto","background-attachment":"scroll","background-type":"","background-media":"","overlay-type":"","overlay-color":"","overlay-opacity":"","overlay-gradient":""},"tablet":{"background-color":"","background-image":"","background-repeat":"repeat","background-position":"center center","background-size":"auto","background-attachment":"scroll","background-type":"","background-media":"","overlay-type":"","overlay-color":"","overlay-opacity":"","overlay-gradient":""},"mobile":{"background-color":"","background-image":"","background-repeat":"repeat","background-position":"center center","background-size":"auto","background-attachment":"scroll","background-type":"","background-media":"","overlay-type":"","overlay-color":"","overlay-opacity":"","overlay-gradient":""}},"ast-content-background-meta":{"desktop":{"background-color":"var(--ast-global-color-4)","background-image":"","background-repeat":"repeat","background-position":"center center","background-size":"auto","background-attachment":"scroll","background-type":"","background-media":"","overlay-type":"","overlay-color":"","overlay-opacity":"","overlay-gradient":""},"tablet":{"background-color":"var(--ast-global-color-4)","background-image":"","background-repeat":"repeat","background-position":"center center","background-size":"auto","background-attachment":"scroll","background-type":"","background-media":"","overlay-type":"","overlay-color":"","overlay-opacity":"","overlay-gradient":""},"mobile":{"background-color":"var(--ast-global-color-4)","background-image":"","background-repeat":"repeat","background-position":"center center","background-size":"auto","background-attachment":"scroll","background-type":"","background-media":"","overlay-type":"","overlay-color":"","overlay-opacity":"","overlay-gradient":""}},"footnotes":""},"class_list":["post-78974","page","type-page","status-publish","has-post-thumbnail","hentry"],"yoast_head":"<!-- This site is optimized with the Yoast SEO plugin v26.9 - https:\/\/yoast.com\/product\/yoast-seo-wordpress\/ -->\n<title>Professionel algeservice til erhverv: Fliserens, facaderens, m.v<\/title>\n<meta name=\"description\" content=\"Jysk Algeservice tilbyder professionel algeservice til erhverv, inkl. fliserens, facaderens, tagrenderens og algebehandling. Effektiv rensning\" \/>\n<meta name=\"robots\" content=\"noindex, follow, max-snippet:-1, max-image-preview:large, max-video-preview:-1\" \/>\n<meta property=\"og:locale\" content=\"en_US\" \/>\n<meta property=\"og:type\" content=\"article\" \/>\n<meta property=\"og:title\" content=\"Professionel algeservice til erhverv: Fliserens, facaderens, m.v\" \/>\n<meta property=\"og:description\" content=\"Jysk Algeservice tilbyder professionel algeservice til erhverv, inkl. fliserens, facaderens, tagrenderens og algebehandling. Effektiv rensning\" \/>\n<meta property=\"og:url\" content=\"https:\/\/dazzling-bhaskara.46-4-121-245.plesk.page\/index.php\/erhverv\/\" \/>\n<meta property=\"og:site_name\" content=\"Everything Inc.\" \/>\n<meta name=\"twitter:card\" content=\"summary_large_image\" \/>\n<meta name=\"twitter:label1\" content=\"Est. reading time\" \/>\n\t<meta name=\"twitter:data1\" content=\"6 minutes\" \/>\n<script type=\"application\/ld+json\" class=\"yoast-schema-graph\">{\"@context\":\"https:\/\/schema.org\",\"@graph\":[{\"@type\":\"WebPage\",\"@id\":\"https:\/\/dazzling-bhaskara.46-4-121-245.plesk.page\/index.php\/erhverv\/\",\"url\":\"https:\/\/dazzling-bhaskara.46-4-121-245.plesk.page\/index.php\/erhverv\/\",\"name\":\"Professionel algeservice til erhverv: Fliserens, facaderens, m.v\",\"isPartOf\":{\"@id\":\"https:\/\/dazzling-bhaskara.46-4-121-245.plesk.page\/#website\"},\"primaryImageOfPage\":{\"@id\":\"https:\/\/dazzling-bhaskara.46-4-121-245.plesk.page\/index.php\/erhverv\/#primaryimage\"},\"image\":{\"@id\":\"https:\/\/dazzling-bhaskara.46-4-121-245.plesk.page\/index.php\/erhverv\/#primaryimage\"},\"thumbnailUrl\":\"\",\"datePublished\":\"2024-11-04T13:16:08+00:00\",\"description\":\"Jysk Algeservice tilbyder professionel algeservice til erhverv, inkl. fliserens, facaderens, tagrenderens og algebehandling. Effektiv rensning\",\"breadcrumb\":{\"@id\":\"https:\/\/dazzling-bhaskara.46-4-121-245.plesk.page\/index.php\/erhverv\/#breadcrumb\"},\"inLanguage\":\"en-US\",\"potentialAction\":[{\"@type\":\"ReadAction\",\"target\":[\"https:\/\/dazzling-bhaskara.46-4-121-245.plesk.page\/index.php\/erhverv\/\"]}]},{\"@type\":\"ImageObject\",\"inLanguage\":\"en-US\",\"@id\":\"https:\/\/dazzling-bhaskara.46-4-121-245.plesk.page\/index.php\/erhverv\/#primaryimage\",\"url\":\"\",\"contentUrl\":\"\"},{\"@type\":\"BreadcrumbList\",\"@id\":\"https:\/\/dazzling-bhaskara.46-4-121-245.plesk.page\/index.php\/erhverv\/#breadcrumb\",\"itemListElement\":[{\"@type\":\"ListItem\",\"position\":1,\"name\":\"Home\",\"item\":\"https:\/\/dazzling-bhaskara.46-4-121-245.plesk.page\/\"},{\"@type\":\"ListItem\",\"position\":2,\"name\":\"Erhverv\"}]},{\"@type\":\"WebSite\",\"@id\":\"https:\/\/dazzling-bhaskara.46-4-121-245.plesk.page\/#website\",\"url\":\"https:\/\/dazzling-bhaskara.46-4-121-245.plesk.page\/\",\"name\":\"Everything Inc.\",\"description\":\"\",\"potentialAction\":[{\"@type\":\"SearchAction\",\"target\":{\"@type\":\"EntryPoint\",\"urlTemplate\":\"https:\/\/dazzling-bhaskara.46-4-121-245.plesk.page\/?s={search_term_string}\"},\"query-input\":{\"@type\":\"PropertyValueSpecification\",\"valueRequired\":true,\"valueName\":\"search_term_string\"}}],\"inLanguage\":\"en-US\"}]}<\/script>\n<!-- \/ Yoast SEO plugin. -->","yoast_head_json":{"title":"Professionel algeservice til erhverv: Fliserens, facaderens, m.v","description":"Jysk Algeservice tilbyder professionel algeservice til erhverv, inkl. fliserens, facaderens, tagrenderens og algebehandling. Effektiv rensning","robots":{"index":"noindex","follow":"follow","max-snippet":"max-snippet:-1","max-image-preview":"max-image-preview:large","max-video-preview":"max-video-preview:-1"},"og_locale":"en_US","og_type":"article","og_title":"Professionel algeservice til erhverv: Fliserens, facaderens, m.v","og_description":"Jysk Algeservice tilbyder professionel algeservice til erhverv, inkl. fliserens, facaderens, tagrenderens og algebehandling. Effektiv rensning","og_url":"https:\/\/dazzling-bhaskara.46-4-121-245.plesk.page\/index.php\/erhverv\/","og_site_name":"Everything Inc.","twitter_card":"summary_large_image","twitter_misc":{"Est. reading time":"6 minutes"},"schema":{"@context":"https:\/\/schema.org","@graph":[{"@type":"WebPage","@id":"https:\/\/dazzling-bhaskara.46-4-121-245.plesk.page\/index.php\/erhverv\/","url":"https:\/\/dazzling-bhaskara.46-4-121-245.plesk.page\/index.php\/erhverv\/","name":"Professionel algeservice til erhverv: Fliserens, facaderens, m.v","isPartOf":{"@id":"https:\/\/dazzling-bhaskara.46-4-121-245.plesk.page\/#website"},"primaryImageOfPage":{"@id":"https:\/\/dazzling-bhaskara.46-4-121-245.plesk.page\/index.php\/erhverv\/#primaryimage"},"image":{"@id":"https:\/\/dazzling-bhaskara.46-4-121-245.plesk.page\/index.php\/erhverv\/#primaryimage"},"thumbnailUrl":"","datePublished":"2024-11-04T13:16:08+00:00","description":"Jysk Algeservice tilbyder professionel algeservice til erhverv, inkl. fliserens, facaderens, tagrenderens og algebehandling. Effektiv rensning","breadcrumb":{"@id":"https:\/\/dazzling-bhaskara.46-4-121-245.plesk.page\/index.php\/erhverv\/#breadcrumb"},"inLanguage":"en-US","potentialAction":[{"@type":"ReadAction","target":["https:\/\/dazzling-bhaskara.46-4-121-245.plesk.page\/index.php\/erhverv\/"]}]},{"@type":"ImageObject","inLanguage":"en-US","@id":"https:\/\/dazzling-bhaskara.46-4-121-245.plesk.page\/index.php\/erhverv\/#primaryimage","url":"","contentUrl":""},{"@type":"BreadcrumbList","@id":"https:\/\/dazzling-bhaskara.46-4-121-245.plesk.page\/index.php\/erhverv\/#breadcrumb","itemListElement":[{"@type":"ListItem","position":1,"name":"Home","item":"https:\/\/dazzling-bhaskara.46-4-121-245.plesk.page\/"},{"@type":"ListItem","position":2,"name":"Erhverv"}]},{"@type":"WebSite","@id":"https:\/\/dazzling-bhaskara.46-4-121-245.plesk.page\/#website","url":"https:\/\/dazzling-bhaskara.46-4-121-245.plesk.page\/","name":"Everything Inc.","description":"","potentialAction":[{"@type":"SearchAction","target":{"@type":"EntryPoint","urlTemplate":"https:\/\/dazzling-bhaskara.46-4-121-245.plesk.page\/?s={search_term_string}"},"query-input":{"@type":"PropertyValueSpecification","valueRequired":true,"valueName":"search_term_string"}}],"inLanguage":"en-US"}]}},"_links":{"self":[{"href":"https:\/\/dazzling-bhaskara.46-4-121-245.plesk.page\/index.php\/wp-json\/wp\/v2\/pages\/78974","targetHints":{"allow":["GET"]}}],"collection":[{"href":"https:\/\/dazzling-bhaskara.46-4-121-245.plesk.page\/index.php\/wp-json\/wp\/v2\/pages"}],"about":[{"href":"https:\/\/dazzling-bhaskara.46-4-121-245.plesk.page\/index.php\/wp-json\/wp\/v2\/types\/page"}],"author":[{"embeddable":true,"href":"https:\/\/dazzling-bhaskara.46-4-121-245.plesk.page\/index.php\/wp-json\/wp\/v2\/users\/2"}],"replies":[{"embeddable":true,"href":"https:\/\/dazzling-bhaskara.46-4-121-245.plesk.page\/index.php\/wp-json\/wp\/v2\/comments?post=78974"}],"version-history":[{"count":0,"href":"https:\/\/dazzling-bhaskara.46-4-121-245.plesk.page\/index.php\/wp-json\/wp\/v2\/pages\/78974\/revisions"}],"wp:featuredmedia":[{"embeddable":true,"href":"https:\/\/dazzling-bhaskara.46-4-121-245.plesk.page\/index.php\/wp-json\/"}],"wp:attachment":[{"href":"https:\/\/dazzling-bhaskara.46-4-121-245.plesk.page\/index.php\/wp-json\/wp\/v2\/media?parent=78974"}],"curies":[{"name":"wp","href":"https:\/\/api.w.org\/{rel}","templated":true}]}}