{"id":79420,"date":"2026-01-09T11:27:42","date_gmt":"2026-01-09T11:27:42","guid":{"rendered":"https:\/\/jyskalgeservice.dk\/?page_id=79420"},"modified":"2026-01-09T11:27:42","modified_gmt":"2026-01-09T11:27:42","slug":"fliserens-pris","status":"publish","type":"page","link":"https:\/\/dazzling-bhaskara.46-4-121-245.plesk.page\/index.php\/fliserens-pris\/","title":{"rendered":"Fliserens &#8211; pris"},"content":{"rendered":"<p>[vc_row css=&#8221;.vc_custom_1544105688582{margin-top: 40px !important;}&#8221;][vc_column width=&#8221;1\/2&#8243; css=&#8221;.vc_custom_1611910166443{padding-bottom: 10px !important;}&#8221;][vc_custom_heading text=&#8221;PRISER P\u00c5 FLISERENS&#8221; font_container=&#8221;tag:h2|font_size:18|text_align:left|color:%23000000&#8243; el_class=&#8221;heading-title-2&#8243;][vc_column_text]<em><strong>HUSK: Ved st\u00f8rre arealer kan vi tilbyde meget lavere priser pr. m2 s\u00e5 <a href=\"https:\/\/dazzling-bhaskara.46-4-121-245.plesk.page\/kontakt\/\">udfyld vores formular<\/a> med det samme og en af vores flinke medarbejdere vender hurtigt tilbage med en skarp pris.\u00a0<\/strong><\/em><\/p>\n<p>Vi tilbyder nogle af landet billigste priser p\u00e5 fliserens, men g\u00e5r aldrig p\u00e5 kompromis med kvaliteten. Prisen udregnes dog p\u00e5 helt traditionel vis nemlig pr. m<sup>2\u00a0 <\/sup>til en fast lav pris &#8211; men husk vi kan g\u00e5 ekstra langt ned jo flere m2 fliser du har. Vi servicerer b\u00e5de private kunder, erhverv samt det offentlige og tilbyder rabat ved afrensning af st\u00f8rre arealer.<\/p>\n<p>Vores mindstepris p\u00e5 terrasse- og fliserens er 3500 kr. Har du en lille terrasse p\u00e5 fx. 40 m<sup>2<\/sup> eller mindre, betaler det sig alts\u00e5 at bestille den fulde pakke med impr\u00e6gnering og fugesand.<\/p>\n<p>Husk ogs\u00e5 at fliserens g\u00e5r ind under servicefradraget (tidligere h\u00e5ndv\u00e6rkerfradraget) og er forh\u00f8jet fra 2026. S\u00e5 hvis du har en terrasse p\u00e5 100 m<sup>2 <\/sup>og arbejdsl\u00f8nnen udg\u00f8r 4500 kr. kan du faktisk f\u00e5 et fradrag p\u00e5 omkring 26% (1170 kr.). Det er ogs\u00e5 v\u00e6rd at tage med. Du kan l\u00e6se mere om <a href=\"https:\/\/skat.dk\/borger\/fradrag\/servicefradrag\/servicefradrag\" target=\"_blank\" rel=\"noopener\">servicefradraget her p\u00e5 skat.dk<\/a><\/p>\n<p>Oplyste priser her p\u00e5 siden er vejledende, men du f\u00e5r naturligvis altid en helt n\u00f8jagtig pris inden arbejdet p\u00e5begyndes. Alle priser er inklusiv moms. <strong>15 \u00e5rs garanti<\/strong> p\u00e5 fliserens med impr\u00e6gnering, som d\u00e6kker flisepest.<\/p>\n<p><strong>Fliserens: 39 kr\/m<sup>2<\/sup><\/strong><br \/>\n<strong>Fliserens, Algebehandling &amp; Impr\u00e6gnering: 59 kr\/m<sup>2<br \/>\n<\/sup><\/strong><strong>Fliserens, Algebehandling, Impr\u00e6gnering &amp; Fugesand: 69kr\/m<sup>2<\/sup><\/strong><\/p>\n<p><span style=\"color: #84c758;\"><strong>PRISEKSEMPLER P\u00c5 TERRASSERENS (VEJLEDENDE)<br \/>\n<\/strong><\/span><strong>Mindsteprisen i skemaet er 3500 kr.\u00a0<\/strong><\/p>\n<p>Lige nu har vi ekstra rabatter der er g\u00e6ldende for <strong>fliserens inkl. impr\u00e6gnering<\/strong>, og <strong>fliserens inkl. impr\u00e6gnering og fugesand<\/strong>.<\/p>\n<p>80-100 m\u00b2 <strong>SPAR 25%<\/strong><\/p>\n<p>100-199 m\u00b2 <strong>SPAR 30%<\/strong><\/p>\n<p>200-249 m\u00b2 <strong>SPAR 35%<\/strong><\/p>\n<p>250 + m\u00b2 <strong>SPAR 40%<\/strong><\/p>\n<p>[su_table]<\/p>\n<table>\n<tbody>\n<tr>\n<td>terrasse st\u00f8rrelse \/ pakke<\/td>\n<td>Fliserens<\/td>\n<td>Fliserens inkl. impr\u00e6gnering<\/td>\n<td>Fliserens inkl. impr\u00e6gnering og fugesand<\/td>\n<\/tr>\n<tr>\n<td>Areal (40 m<sup>2<\/sup>)<\/td>\n<td>3500 kr.<\/td>\n<td>3500 kr.<\/td>\n<td>3500 kr.<\/td>\n<\/tr>\n<tr>\n<td>Areal (80 m<sup>2<\/sup>)<\/td>\n<td>3500 kr.<\/td>\n<td>4720 kr.<\/td>\n<td>5520 kr.<\/td>\n<\/tr>\n<tr>\n<td>Areal (150 m<sup>2<\/sup>)<\/td>\n<td>5850 kr.<\/td>\n<td>8850 kr.<\/td>\n<td>10350 kr.<\/td>\n<\/tr>\n<tr>\n<td>Areal (200 m<sup>2<\/sup>)<\/td>\n<td>7800 kr.<\/td>\n<td>11800 kr.<\/td>\n<td>13800 kr.<\/td>\n<\/tr>\n<tr>\n<td>Areal (250 m<sup>2<\/sup>)<\/td>\n<td>9750 kr.<\/td>\n<td>14750 kr.<\/td>\n<td>17250 kr.<\/td>\n<\/tr>\n<\/tbody>\n<\/table>\n<p>[\/su_table]<\/p>\n<h3><span style=\"color: #84c758;\"><strong>PRISER P\u00c5 FLISERENS ER F\u00d8R RABAT!<\/strong><\/span><\/h3>\n<p>Lige nu giver vi minimum 25% i rabat p\u00e5 din fliserens opgave, medmindre det samlede areal rammer vores mindstepris, som er 3500,-.<\/p>\n<p><strong>Kan jeg risikere end h\u00f8jere pris?<\/strong><\/p>\n<p>Du vil aldrig risikere at f\u00e5 en h\u00f8jere pris en den vi har givet dig p\u00e5 forh\u00e5nd inden arbejdet p\u00e5begyndes. Som udgangspunkt er prisen ogs\u00e5 den samme, uanset om det er almindelige havefliser af beton, sten eller andet. Prisen vil dog typisk v\u00e6re h\u00f8jere hvis der er tale om brosten, da disse tager l\u00e6ngere tid at rense.<\/p>\n<p>Vi kan naturligvis ogs\u00e5 tilbyde rens af fliser i din indk\u00f8rsel eller p\u00e5 gangstierne i din have. Tr\u00e6nger murv\u00e6rk, udh\u00e6ng, hegn\/stakit osv. kan vi tage det med i samme omgang. Her udregnes prisen i det omfang det er muligt p\u00e5 samme m\u00e5de, alts\u00e5 pr. m<sup>2<\/sup>. Hvis der er tale om meget s\u00e6rlige konstruktioner vil det v\u00e6re noget vi skal evaluere, inden vi giver et tilbud.<\/p>\n<p>I langt de fleste tilf\u00e6lde betyder det ikke noget for prisen om din terrasse er meget eller lidt h\u00e5rd ramt af alger, mos og andet skidt. Der kan dog v\u00e6re sj\u00e6ldne tilf\u00e6lde, hvor fliser og terrasse er s\u00e5 misligeholdt at vores rensere skal bruge l\u00e6ngere tid p\u00e5 opgaven for at opn\u00e5 det perfekte resultat. I s\u00e5danne sj\u00e6ldne tilf\u00e6lde kan prisen blive h\u00f8jere, men det vil der altid v\u00e6re taget h\u00f8jde for i det tilbud du f\u00e5r p\u00e5 forh\u00e5nd, s\u00e5 der ikke bliver nogen ubehagelige overraskelser. Hos os f\u00e5r du altid en fast pris, du kan regne med.<\/p>\n<p>Vi k\u00f8rer i hele Danmark og tager i \u00f8vrigt ikke merpris for k\u00f8rsel uanset hvor i landet du bor. Har du har en st\u00f8rre opgave, har vi mulighed for at tilbyde s\u00e6rpriser. Kontakt os og f\u00e5 et godt tilbud p\u00e5 rens af dine fliser allerede i dag.<\/p>\n<p class=\"p1\">[su_button url=&#8221;tel:4542570999&#8243; background=&#8221;#9ecd52&#8243; color=&#8221;#ffffff&#8221; size=&#8221;5&#8243; icon=&#8221;icon: phone&#8221; icon_color=&#8221;#ffffff&#8221;]Ring[\/su_button] [su_button url=&#8221;mailto:info@jyskalgeservice.dk&#8221; background=&#8221;#9ecd52&#8243; color=&#8221;#ffffff&#8221; size=&#8221;5&#8243; icon=&#8221;icon: send-o&#8221; icon_color=&#8221;#ffffff&#8221;]Email[\/su_button]<\/p>\n<p class=\"p1\">[su_button url=&#8221;\/kontakt\/&#8221; background=&#8221;#9ecd52&#8243; color=&#8221;#ffffff&#8221; size=&#8221;5&#8243; icon=&#8221;icon: envelope-o&#8221; icon_color=&#8221;#ffffff&#8221;]Kontakt os[\/su_button]<\/p>\n<p>[\/vc_column_text][\/vc_column][vc_column width=&#8221;1\/2&#8243;][twenty20 offset=&#8221;0.5&#8243; img1=&#8221;75126&#8243; img2=&#8221;75125&#8243; width=&#8221;100%&#8221;][vc_custom_heading text=&#8221;Bliver klogere p\u00e5 fliserens og alger&#8221; font_container=&#8221;tag:h3|text_align:left&#8221; el_class=&#8221;heading-title-2&#8243;][vc_column_text]Benyt nedenst\u00e5ende links og f\u00e5 svar p\u00e5 alle dine sp\u00f8rgsm\u00e5l om fliserens og alger.[su_list]<\/p>\n<ul>\n<li><a href=\"https:\/\/dazzling-bhaskara.46-4-121-245.plesk.page\/fliserens-hvorfor\/\">Hvorfor fliserens og algebehandling?<\/a><\/li>\n<li><a href=\"https:\/\/dazzling-bhaskara.46-4-121-245.plesk.page\/fliserens-saadan-goer-vi\/\">S\u00e5dan renser vi dine fliser i dybden<\/a><\/li>\n<li><a href=\"https:\/\/dazzling-bhaskara.46-4-121-245.plesk.page\/fliserens-spoergsmaal\/\">Ofte stillede sp\u00f8rgsm\u00e5l om alger og fliserens<\/a><\/li>\n<li><a href=\"https:\/\/dazzling-bhaskara.46-4-121-245.plesk.page\/alger-paa-fliser\/\">Hvad er alger p\u00e5 fliserne?<\/a><\/li>\n<li><a href=\"https:\/\/dazzling-bhaskara.46-4-121-245.plesk.page\/flisepest\/\">Hvad er flisepest?<\/a><\/li>\n<li><a href=\"https:\/\/dazzling-bhaskara.46-4-121-245.plesk.page\/3-metoder-fliserens\/\">3 metoder til rens af fliser<\/a><\/li>\n<li><a href=\"https:\/\/dazzling-bhaskara.46-4-121-245.plesk.page\/rens-af-traeterrasse\/\">Rens af tr\u00e6terrasse<\/a><\/li>\n<li><a href=\"https:\/\/dazzling-bhaskara.46-4-121-245.plesk.page\/algebehandling\/\">V\u00e6rd at vide om algebehandling<\/a><\/li>\n<li><a href=\"https:\/\/dazzling-bhaskara.46-4-121-245.plesk.page\/fliseimpraegnering\/\">Impr\u00e6gnering &#8211; hvorfor?<\/a><\/li>\n<\/ul>\n<p>[\/su_list][\/vc_column_text][\/vc_column][\/vc_row][vc_row css=&#8221;.vc_custom_1544103126775{margin-top: 40px !important;padding-top: 40px !important;padding-bottom: 40px !important;background-color: #f7f7f7 !important;}&#8221;][vc_column width=&#8221;1\/3&#8243; offset=&#8221;vc_hidden-sm vc_hidden-xs&#8221;][vc_single_image image=&#8221;75601&#8243; img_size=&#8221;full&#8221; css_animation=&#8221;left-to-right&#8221; el_class=&#8221;.colorbg&#8221;][\/vc_column][vc_column width=&#8221;2\/3&#8243;][vc_custom_heading text=&#8221;HELE DANMARK ER VORES ARBEJDSPLADS&#8221; font_container=&#8221;tag:h3|text_align:left|color:%23000000&#8243; el_class=&#8221;heading-title-2&#8243;][vc_column_text]Algerne gror over hele Danmark, og om du bor p\u00e5 Sj\u00e6lland, Fyn eller i Jylland, s\u00e5 er vi klar til at komme forbi dig, og hj\u00e6lpe dig i din kamp imod algerne.<\/p>\n<p style=\"color: #000;\"><b>Kontakt os i dag og f\u00e5 et skarpt tilbud<\/b><\/p>\n<p class=\"p1\">[su_button url=&#8221;tel:4542570999&#8243; background=&#8221;#84c758&#8243; color=&#8221;#ffffff&#8221; size=&#8221;5&#8243; icon=&#8221;icon: phone&#8221; icon_color=&#8221;#ffffff&#8221;]Ring[\/su_button] [su_button url=&#8221;mailto:info@jyskalgeservice.dk&#8221; background=&#8221;#84c758&#8243; color=&#8221;#ffffff&#8221; size=&#8221;5&#8243; icon=&#8221;icon: send-o&#8221; icon_color=&#8221;#ffffff&#8221;]Email[\/su_button]<\/p>\n<p class=\"p1\">[su_button url=&#8221;\/kontakt\/&#8221; background=&#8221;#84c758&#8243; color=&#8221;#ffffff&#8221; size=&#8221;5&#8243; icon=&#8221;icon: envelope-o&#8221; icon_color=&#8221;#ffffff&#8221;]Kontakt os[\/su_button]<\/p>\n<p>[\/vc_column_text][\/vc_column][\/vc_row]<\/p>\n","protected":false},"excerpt":{"rendered":"<p>[vc_row css=&#8221;.vc_custom_1544105688582{margin-top: 40px !important;}&#8221;][vc_column width=&#8221;1\/2&#8243; css=&#8221;.vc_custom_1611910166443{padding-bottom: 10px !important;}&#8221;][vc_custom_heading text=&#8221;PRISER P\u00c5 FLISERENS&#8221; font_container=&#8221;tag:h2|font_size:18|text_align:left|color:%23000000&#8243; el_class=&#8221;heading-title-2&#8243;][vc_column_text]HUSK: Ved st\u00f8rre arealer kan vi tilbyde meget [&hellip;]<\/p>\n","protected":false},"author":2,"featured_media":0,"parent":0,"menu_order":0,"comment_status":"closed","ping_status":"closed","template":"","meta":{"site-sidebar-layout":"default","site-content-layout":"","ast-site-content-layout":"default","site-content-style":"default","site-sidebar-style":"default","ast-global-header-display":"","ast-banner-title-visibility":"","ast-main-header-display":"","ast-hfb-above-header-display":"","ast-hfb-below-header-display":"","ast-hfb-mobile-header-display":"","site-post-title":"","ast-breadcrumbs-content":"","ast-featured-img":"","footer-sml-layout":"","ast-disable-related-posts":"","theme-transparent-header-meta":"","adv-header-id-meta":"","stick-header-meta":"","header-above-stick-meta":"","header-main-stick-meta":"","header-below-stick-meta":"","astra-migrate-meta-layouts":"default","ast-page-background-enabled":"default","ast-page-background-meta":{"desktop":{"background-color":"var(--ast-global-color-5)","background-image":"","background-repeat":"repeat","background-position":"center center","background-size":"auto","background-attachment":"scroll","background-type":"","background-media":"","overlay-type":"","overlay-color":"","overlay-opacity":"","overlay-gradient":""},"tablet":{"background-color":"","background-image":"","background-repeat":"repeat","background-position":"center center","background-size":"auto","background-attachment":"scroll","background-type":"","background-media":"","overlay-type":"","overlay-color":"","overlay-opacity":"","overlay-gradient":""},"mobile":{"background-color":"","background-image":"","background-repeat":"repeat","background-position":"center center","background-size":"auto","background-attachment":"scroll","background-type":"","background-media":"","overlay-type":"","overlay-color":"","overlay-opacity":"","overlay-gradient":""}},"ast-content-background-meta":{"desktop":{"background-color":"var(--ast-global-color-4)","background-image":"","background-repeat":"repeat","background-position":"center center","background-size":"auto","background-attachment":"scroll","background-type":"","background-media":"","overlay-type":"","overlay-color":"","overlay-opacity":"","overlay-gradient":""},"tablet":{"background-color":"var(--ast-global-color-4)","background-image":"","background-repeat":"repeat","background-position":"center center","background-size":"auto","background-attachment":"scroll","background-type":"","background-media":"","overlay-type":"","overlay-color":"","overlay-opacity":"","overlay-gradient":""},"mobile":{"background-color":"var(--ast-global-color-4)","background-image":"","background-repeat":"repeat","background-position":"center center","background-size":"auto","background-attachment":"scroll","background-type":"","background-media":"","overlay-type":"","overlay-color":"","overlay-opacity":"","overlay-gradient":""}},"footnotes":""},"class_list":["post-79420","page","type-page","status-publish","hentry"],"yoast_head":"<!-- This site is optimized with the Yoast SEO plugin v26.9 - https:\/\/yoast.com\/product\/yoast-seo-wordpress\/ -->\n<title>Fliserens pris pr. m\u00b2 nu til kampagnepris og 15 \u00e5rs garanti<\/title>\n<meta name=\"description\" content=\"Fliserens pris pr. m\u00b2 til kampagnepris. Professionel rens og impr\u00e6gnering af fliser p\u00e5 terrasse og indk\u00f8rsel med op til 15 \u00e5rs garanti.\" \/>\n<meta name=\"robots\" content=\"noindex, follow, max-snippet:-1, max-image-preview:large, max-video-preview:-1\" \/>\n<meta property=\"og:locale\" content=\"en_US\" \/>\n<meta property=\"og:type\" content=\"article\" \/>\n<meta property=\"og:title\" content=\"Fliserens pris pr. m\u00b2 nu til kampagnepris og 15 \u00e5rs garanti\" \/>\n<meta property=\"og:description\" content=\"Fliserens pris pr. m\u00b2 til kampagnepris. Professionel rens og impr\u00e6gnering af fliser p\u00e5 terrasse og indk\u00f8rsel med op til 15 \u00e5rs garanti.\" \/>\n<meta property=\"og:url\" content=\"https:\/\/dazzling-bhaskara.46-4-121-245.plesk.page\/index.php\/fliserens-pris\/\" \/>\n<meta property=\"og:site_name\" content=\"Everything Inc.\" \/>\n<meta name=\"twitter:card\" content=\"summary_large_image\" \/>\n<meta name=\"twitter:label1\" content=\"Est. reading time\" \/>\n\t<meta name=\"twitter:data1\" content=\"5 minutes\" \/>\n<script type=\"application\/ld+json\" class=\"yoast-schema-graph\">{\"@context\":\"https:\/\/schema.org\",\"@graph\":[{\"@type\":\"WebPage\",\"@id\":\"https:\/\/dazzling-bhaskara.46-4-121-245.plesk.page\/index.php\/fliserens-pris\/\",\"url\":\"https:\/\/dazzling-bhaskara.46-4-121-245.plesk.page\/index.php\/fliserens-pris\/\",\"name\":\"Fliserens pris pr. m\u00b2 nu til kampagnepris og 15 \u00e5rs garanti\",\"isPartOf\":{\"@id\":\"https:\/\/dazzling-bhaskara.46-4-121-245.plesk.page\/#website\"},\"datePublished\":\"2026-01-09T11:27:42+00:00\",\"description\":\"Fliserens pris pr. m\u00b2 til kampagnepris. Professionel rens og impr\u00e6gnering af fliser p\u00e5 terrasse og indk\u00f8rsel med op til 15 \u00e5rs garanti.\",\"breadcrumb\":{\"@id\":\"https:\/\/dazzling-bhaskara.46-4-121-245.plesk.page\/index.php\/fliserens-pris\/#breadcrumb\"},\"inLanguage\":\"en-US\",\"potentialAction\":[{\"@type\":\"ReadAction\",\"target\":[\"https:\/\/dazzling-bhaskara.46-4-121-245.plesk.page\/index.php\/fliserens-pris\/\"]}]},{\"@type\":\"BreadcrumbList\",\"@id\":\"https:\/\/dazzling-bhaskara.46-4-121-245.plesk.page\/index.php\/fliserens-pris\/#breadcrumb\",\"itemListElement\":[{\"@type\":\"ListItem\",\"position\":1,\"name\":\"Home\",\"item\":\"https:\/\/dazzling-bhaskara.46-4-121-245.plesk.page\/\"},{\"@type\":\"ListItem\",\"position\":2,\"name\":\"Fliserens &#8211; pris\"}]},{\"@type\":\"WebSite\",\"@id\":\"https:\/\/dazzling-bhaskara.46-4-121-245.plesk.page\/#website\",\"url\":\"https:\/\/dazzling-bhaskara.46-4-121-245.plesk.page\/\",\"name\":\"Everything Inc.\",\"description\":\"\",\"potentialAction\":[{\"@type\":\"SearchAction\",\"target\":{\"@type\":\"EntryPoint\",\"urlTemplate\":\"https:\/\/dazzling-bhaskara.46-4-121-245.plesk.page\/?s={search_term_string}\"},\"query-input\":{\"@type\":\"PropertyValueSpecification\",\"valueRequired\":true,\"valueName\":\"search_term_string\"}}],\"inLanguage\":\"en-US\"}]}<\/script>\n<!-- \/ Yoast SEO plugin. -->","yoast_head_json":{"title":"Fliserens pris pr. m\u00b2 nu til kampagnepris og 15 \u00e5rs garanti","description":"Fliserens pris pr. m\u00b2 til kampagnepris. Professionel rens og impr\u00e6gnering af fliser p\u00e5 terrasse og indk\u00f8rsel med op til 15 \u00e5rs garanti.","robots":{"index":"noindex","follow":"follow","max-snippet":"max-snippet:-1","max-image-preview":"max-image-preview:large","max-video-preview":"max-video-preview:-1"},"og_locale":"en_US","og_type":"article","og_title":"Fliserens pris pr. m\u00b2 nu til kampagnepris og 15 \u00e5rs garanti","og_description":"Fliserens pris pr. m\u00b2 til kampagnepris. Professionel rens og impr\u00e6gnering af fliser p\u00e5 terrasse og indk\u00f8rsel med op til 15 \u00e5rs garanti.","og_url":"https:\/\/dazzling-bhaskara.46-4-121-245.plesk.page\/index.php\/fliserens-pris\/","og_site_name":"Everything Inc.","twitter_card":"summary_large_image","twitter_misc":{"Est. reading time":"5 minutes"},"schema":{"@context":"https:\/\/schema.org","@graph":[{"@type":"WebPage","@id":"https:\/\/dazzling-bhaskara.46-4-121-245.plesk.page\/index.php\/fliserens-pris\/","url":"https:\/\/dazzling-bhaskara.46-4-121-245.plesk.page\/index.php\/fliserens-pris\/","name":"Fliserens pris pr. m\u00b2 nu til kampagnepris og 15 \u00e5rs garanti","isPartOf":{"@id":"https:\/\/dazzling-bhaskara.46-4-121-245.plesk.page\/#website"},"datePublished":"2026-01-09T11:27:42+00:00","description":"Fliserens pris pr. m\u00b2 til kampagnepris. Professionel rens og impr\u00e6gnering af fliser p\u00e5 terrasse og indk\u00f8rsel med op til 15 \u00e5rs garanti.","breadcrumb":{"@id":"https:\/\/dazzling-bhaskara.46-4-121-245.plesk.page\/index.php\/fliserens-pris\/#breadcrumb"},"inLanguage":"en-US","potentialAction":[{"@type":"ReadAction","target":["https:\/\/dazzling-bhaskara.46-4-121-245.plesk.page\/index.php\/fliserens-pris\/"]}]},{"@type":"BreadcrumbList","@id":"https:\/\/dazzling-bhaskara.46-4-121-245.plesk.page\/index.php\/fliserens-pris\/#breadcrumb","itemListElement":[{"@type":"ListItem","position":1,"name":"Home","item":"https:\/\/dazzling-bhaskara.46-4-121-245.plesk.page\/"},{"@type":"ListItem","position":2,"name":"Fliserens &#8211; pris"}]},{"@type":"WebSite","@id":"https:\/\/dazzling-bhaskara.46-4-121-245.plesk.page\/#website","url":"https:\/\/dazzling-bhaskara.46-4-121-245.plesk.page\/","name":"Everything Inc.","description":"","potentialAction":[{"@type":"SearchAction","target":{"@type":"EntryPoint","urlTemplate":"https:\/\/dazzling-bhaskara.46-4-121-245.plesk.page\/?s={search_term_string}"},"query-input":{"@type":"PropertyValueSpecification","valueRequired":true,"valueName":"search_term_string"}}],"inLanguage":"en-US"}]}},"_links":{"self":[{"href":"https:\/\/dazzling-bhaskara.46-4-121-245.plesk.page\/index.php\/wp-json\/wp\/v2\/pages\/79420","targetHints":{"allow":["GET"]}}],"collection":[{"href":"https:\/\/dazzling-bhaskara.46-4-121-245.plesk.page\/index.php\/wp-json\/wp\/v2\/pages"}],"about":[{"href":"https:\/\/dazzling-bhaskara.46-4-121-245.plesk.page\/index.php\/wp-json\/wp\/v2\/types\/page"}],"author":[{"embeddable":true,"href":"https:\/\/dazzling-bhaskara.46-4-121-245.plesk.page\/index.php\/wp-json\/wp\/v2\/users\/2"}],"replies":[{"embeddable":true,"href":"https:\/\/dazzling-bhaskara.46-4-121-245.plesk.page\/index.php\/wp-json\/wp\/v2\/comments?post=79420"}],"version-history":[{"count":0,"href":"https:\/\/dazzling-bhaskara.46-4-121-245.plesk.page\/index.php\/wp-json\/wp\/v2\/pages\/79420\/revisions"}],"wp:attachment":[{"href":"https:\/\/dazzling-bhaskara.46-4-121-245.plesk.page\/index.php\/wp-json\/wp\/v2\/media?parent=79420"}],"curies":[{"name":"wp","href":"https:\/\/api.w.org\/{rel}","templated":true}]}}