{"id":79623,"date":"2026-01-28T08:51:52","date_gmt":"2026-01-28T08:51:52","guid":{"rendered":"https:\/\/jyskalgeservice.dk\/?page_id=79623"},"modified":"2026-01-28T08:51:52","modified_gmt":"2026-01-28T08:51:52","slug":"naborabat","status":"publish","type":"page","link":"https:\/\/dazzling-bhaskara.46-4-121-245.plesk.page\/index.php\/naborabat\/","title":{"rendered":"Naborabat"},"content":{"rendered":"<p>[vc_row css=&#8221;.vc_custom_1730729808129{padding-top: 50px !important;}&#8221;][vc_column width=&#8221;1\/2&#8243;][vc_custom_heading text=&#8221;S\u00e5dan f\u00e5r I Algebehandling til kun 699 kr. p\u00e5 hus&#8221; font_container=&#8221;tag:h1|font_size:28|text_align:left|color:%23000000&#8243; el_class=&#8221;heading-title-2&#8243;][vc_column_text css=&#8221;.vc_custom_1769590158465{padding-bottom: 25px !important;}&#8221;]Samler i mindst 5 naboer, kan I f\u00e5 algebehandling af tag op til 200 m\u00b2 for kun 699 kr. per hus. Normalpris er 1500 kr., s\u00e5 i sparer 53% p\u00e5 en professionel behandling &#8211; det er eksklusivt med naborabat!<\/p>\n<p>S\u00e5dan g\u00f8r I:<\/p>\n<ol>\n<li>Saml minimum 5 naboer, som \u00f8nsker at f\u00e5 udf\u00f8rt algebehandling af deres tag.<\/li>\n<li>Send jeres foresp\u00f8rgsel til <a href=\"mailto:info@jyskalgeservice.dk\">info@jyskalgeservice.dk<\/a><\/li>\n<li>Vi kontakter jer med en fast pris og planl\u00e6gger behandlingen.<\/li>\n<\/ol>\n<h3>Hvad er algebehandling af tag<\/h3>\n<p>F\u00e5 et flot og velholdt tag for kun 699 kr. pr hus.<\/p>\n<p>Har dit tag f\u00e5et gr\u00f8nne bel\u00e6gninger, alger eller begyndende mos? Med en professionel algebehandling fra Jysk Algeservice kan I nemt og effektivt f\u00e5 taget til at se p\u00e6nt og velholdt ud igen, og lige nu til en helt s\u00e6rlig naborabat.<\/p>\n<p>Algebehandling er en sk\u00e5nsom metode til at fjerne alger, lav og begyndende mos p\u00e5 taget. Hos Jysk Algeservice p\u00e5f\u00f8rer vi et effektivt og godkendt algemiddel, som tr\u00e6nger ned i bel\u00e6gninger og stopper v\u00e6ksten. Efter behandlingen vil algerne gradvis visne, og over tid vil regn og vind hj\u00e6lpe med at skylle dem v\u00e6k. Resultatet bliver et renere tag, som ser p\u00e6nere ud og holder l\u00e6ngere.<\/p>\n<p>Det er vigtigt at v\u00e6re opm\u00e6rksom p\u00e5, at hvis taget er kraftigt angrebet af mos eller meget genstridige alger, kan \u00e9n behandling i nogle tilf\u00e6lde ikke v\u00e6re tilstr\u00e6kkelig. Mos har ofte dybere r\u00f8dder og kan sidde ekstra fast, is\u00e6r p\u00e5 \u00e6ldre eller skyggefulde tage. I s\u00e5danne tilf\u00e6lde kan det v\u00e6re n\u00f8dvendigt med en ekstra behandling eller en opf\u00f8lgende indsats for at opn\u00e5 det bedst og mest holdbar resultat.<\/p>\n<p>I langt de fleste tilf\u00e6lde kan man forvente at se det endelige og fulde resultat efter op til 6 m\u00e5neder, afh\u00e6ngig af tagets tilstand, m\u00e6ngden af alger og mos samt vejret i perioden efter behandlingen.<\/p>\n<p>[\/vc_column_text][\/vc_column][vc_column width=&#8221;1\/2&#8243;][vc_single_image image=&#8221;79626&#8243; img_size=&#8221;full&#8221; add_caption=&#8221;yes&#8221;][\/vc_column][\/vc_row][vc_row css=&#8221;.vc_custom_1730729586487{margin-bottom: 40px !important;padding-top: 50px !important;}&#8221;][vc_column css=&#8221;.vc_custom_1622117809761{padding-bottom: 15px !important;}&#8221;][vc_column_text css=&#8221;.vc_custom_1622109237050{background-color: #9ecd52 !important;}&#8221;]<\/p>\n<p style=\"text-align: center;\"><span style=\"color: #ffffff;\">Udfyld formularen og modtag et godt tilbud<\/span><\/p>\n<p>[\/vc_column_text]\n<div class=\"wpcf7 no-js\" id=\"wpcf7-f73002-o1\" lang=\"en-US\" dir=\"ltr\" data-wpcf7-id=\"73002\">\n<div class=\"screen-reader-response\"><p role=\"status\" aria-live=\"polite\" aria-atomic=\"true\"><\/p> <ul><\/ul><\/div>\n<form action=\"\/index.php\/wp-json\/wp\/v2\/pages\/79623#wpcf7-f73002-o1\" method=\"post\" class=\"wpcf7-form init\" aria-label=\"Contact form\" novalidate=\"novalidate\" data-status=\"init\">\n<fieldset class=\"hidden-fields-container\"><input type=\"hidden\" name=\"_wpcf7\" value=\"73002\" \/><input type=\"hidden\" name=\"_wpcf7_version\" value=\"6.1.4\" \/><input type=\"hidden\" name=\"_wpcf7_locale\" value=\"en_US\" \/><input type=\"hidden\" name=\"_wpcf7_unit_tag\" value=\"wpcf7-f73002-o1\" \/><input type=\"hidden\" name=\"_wpcf7_container_post\" value=\"0\" \/><input type=\"hidden\" name=\"_wpcf7_posted_data_hash\" value=\"\" \/>\n<\/fieldset>\n<p>Navn\n<\/p>\n<p><span class=\"wpcf7-form-control-wrap\" data-name=\"navn\"><input size=\"40\" maxlength=\"400\" class=\"wpcf7-form-control wpcf7-text wpcf7-validates-as-required\" aria-required=\"true\" aria-invalid=\"false\" value=\"\" type=\"text\" name=\"navn\" \/><\/span>\n<\/p>\n<p>Adresse (valgfri)\n<\/p>\n<p><span class=\"wpcf7-form-control-wrap\" data-name=\"adresse\"><input size=\"40\" maxlength=\"400\" class=\"wpcf7-form-control wpcf7-text\" aria-invalid=\"false\" value=\"\" type=\"text\" name=\"adresse\" \/><\/span>\n<\/p>\n<p>Postnummer (valgfri)\n<\/p>\n<p><span class=\"wpcf7-form-control-wrap\" data-name=\"postnummer\"><input size=\"40\" maxlength=\"400\" class=\"wpcf7-form-control wpcf7-text\" aria-invalid=\"false\" value=\"\" type=\"text\" name=\"postnummer\" \/><\/span>\n<\/p>\n<p>Telefon\n<\/p>\n<p><span class=\"wpcf7-form-control-wrap\" data-name=\"telefon\"><input size=\"40\" maxlength=\"400\" class=\"wpcf7-form-control wpcf7-tel wpcf7-validates-as-required wpcf7-text wpcf7-validates-as-tel\" aria-required=\"true\" aria-invalid=\"false\" value=\"\" type=\"tel\" name=\"telefon\" \/><\/span>\n<\/p>\n<p>E-mail\n<\/p>\n<p><span class=\"wpcf7-form-control-wrap\" data-name=\"email\"><input size=\"40\" maxlength=\"400\" class=\"wpcf7-form-control wpcf7-email wpcf7-validates-as-required wpcf7-text wpcf7-validates-as-email\" aria-required=\"true\" aria-invalid=\"false\" value=\"\" type=\"email\" name=\"email\" \/><\/span>\n<\/p>\n<p>Beskriv kort din opgave (valgfri)\n<\/p>\n<p><span class=\"wpcf7-form-control-wrap\" data-name=\"besked\"><textarea cols=\"40\" rows=\"10\" maxlength=\"2000\" class=\"wpcf7-form-control wpcf7-textarea\" aria-invalid=\"false\" placeholder=\"Ved fliserens angiv gerne antal m2, om der \u00f8nskes impr\u00e6gnering\/fugesand\" name=\"besked\"><\/textarea><\/span>\n<\/p>\n<p><span class=\"wpcf7-form-control-wrap\" data-name=\"acceptance-701\"><span class=\"wpcf7-form-control wpcf7-acceptance optional\"><span class=\"wpcf7-list-item\"><label><input type=\"checkbox\" name=\"acceptance-701\" value=\"1\" aria-invalid=\"false\" \/><span class=\"wpcf7-list-item-label\">Jeg er indforst\u00e5et med, at Jysk Algeservice m\u00e5 kontakte mig med information om services via telefon og e-mail, og at mine data behandles iht. persondatapolitikken.<\/span><\/label><\/span><\/span><\/span>\n<\/p>\n<p>[honeypot skjult-felt]\n<\/p>\n<p><input class=\"wpcf7-form-control wpcf7-submit has-spinner\" type=\"submit\" value=\"Send\" \/>\n<\/p><div class=\"wpcf7-response-output\" aria-hidden=\"true\"><\/div>\n<\/form>\n<\/div>\n[\/vc_column][\/vc_row][vc_row css=&#8221;.vc_custom_1731066680728{margin-bottom: 15px !important;}&#8221;][vc_column][vc_custom_heading text=&#8221;UDVALGTE ERHVERVSKUNDER&#8221; font_container=&#8221;tag:h1|font_size:28|text_align:center|color:%230a0a0a&#8221; el_class=&#8221;heading-title-2&#8243;][vc_column_text]Jysk Algeservice er stolte af vores st\u00e6rke samarbejde med mange erhvervskunder. Vores fokus p\u00e5 kvalitet har gjort, at vi p\u00e5 kort tid har opbygget en solid portef\u00f8lje af store, kvalitetsbevidste virksomheder. Dette er kun muligt, fordi vi arbejder omkostningseffektivt, pr\u00e6cist og med et dedikeret team, der er blandt de bedste i branchen. Nedenfor kan du se et udvalg af vores erhvervskunder:[\/vc_column_text][vc_column_text css=&#8221;.vc_custom_1620653243220{padding-bottom: 15px !important;}&#8221;][gslogo id=1][\/vc_column_text][\/vc_column][\/vc_row][vc_row css=&#8221;.vc_custom_1544103126775{margin-top: 40px !important;padding-top: 40px !important;padding-bottom: 40px !important;background-color: #f7f7f7 !important;}&#8221;][vc_column width=&#8221;1\/3&#8243; offset=&#8221;vc_hidden-sm vc_hidden-xs&#8221;][vc_single_image image=&#8221;75601&#8243; img_size=&#8221;full&#8221; css_animation=&#8221;left-to-right&#8221; el_class=&#8221;.colorbg&#8221;][\/vc_column][vc_column width=&#8221;2\/3&#8243;][vc_custom_heading text=&#8221;HELE DANMARK ER VORES ARBEJDSPLADS&#8221; font_container=&#8221;tag:h3|text_align:left|color:%23000000&#8243; el_class=&#8221;heading-title-2&#8243;][vc_column_text]Algerne gror over hele Danmark, og om du bor p\u00e5 Sj\u00e6lland, Fyn eller i Jylland, s\u00e5 er vi klar til at komme forbi dig, og hj\u00e6lpe dig i din kamp imod algerne.<\/p>\n<p style=\"color: #000;\"><strong>Se ogs\u00e5 vores samarbejdspartner <span style=\"color: #000000;\"><a style=\"color: #000000;\" href=\"https:\/\/www.danskrenseservice.dk\/\" target=\"_blank\" rel=\"noopener noreferrer\">Dansk Rense-service<\/a><\/span><\/strong><\/p>\n<p class=\"p1\">[su_button url=&#8221;tel:4542570999&#8243; background=&#8221;#84c758&#8243; color=&#8221;#ffffff&#8221; size=&#8221;5&#8243; icon=&#8221;icon: phone&#8221; icon_color=&#8221;#ffffff&#8221;]Ring[\/su_button] [su_button url=&#8221;mailto:info@jyskalgeservice.dk&#8221; background=&#8221;#84c758&#8243; color=&#8221;#ffffff&#8221; size=&#8221;5&#8243; icon=&#8221;icon: send-o&#8221; icon_color=&#8221;#ffffff&#8221;]Email[\/su_button]<\/p>\n<p class=\"p1\">[su_button url=&#8221;\/kontakt\/&#8221; background=&#8221;#84c758&#8243; color=&#8221;#ffffff&#8221; size=&#8221;5&#8243; icon=&#8221;icon: envelope-o&#8221; icon_color=&#8221;#ffffff&#8221;]Kontakt os[\/su_button]<\/p>\n<p>[\/vc_column_text][\/vc_column][\/vc_row][vc_row][vc_column][vc_column_text]<\/p>\n<div id=\"60318DB7_CBB3_7860_E993_D9F84057F9AD\"><\/div>\n<div id=\"60318DB7_CBB3_7860_E993_D9F84057F9AD\"><\/div>\n<p>[\/vc_column_text][\/vc_column][\/vc_row]<\/p>\n","protected":false},"excerpt":{"rendered":"<p>[vc_row css=&#8221;.vc_custom_1730729808129{padding-top: 50px !important;}&#8221;][vc_column width=&#8221;1\/2&#8243;][vc_custom_heading text=&#8221;S\u00e5dan f\u00e5r I Algebehandling til kun 699 kr. p\u00e5 hus&#8221; font_container=&#8221;tag:h1|font_size:28|text_align:left|color:%23000000&#8243; el_class=&#8221;heading-title-2&#8243;][vc_column_text css=&#8221;.vc_custom_1769590158465{padding-bottom: 25px !important;}&#8221;]Samler [&hellip;]<\/p>\n","protected":false},"author":2,"featured_media":78640,"parent":0,"menu_order":0,"comment_status":"closed","ping_status":"closed","template":"","meta":{"site-sidebar-layout":"default","site-content-layout":"","ast-site-content-layout":"default","site-content-style":"default","site-sidebar-style":"default","ast-global-header-display":"","ast-banner-title-visibility":"","ast-main-header-display":"","ast-hfb-above-header-display":"","ast-hfb-below-header-display":"","ast-hfb-mobile-header-display":"","site-post-title":"","ast-breadcrumbs-content":"","ast-featured-img":"","footer-sml-layout":"","ast-disable-related-posts":"","theme-transparent-header-meta":"","adv-header-id-meta":"","stick-header-meta":"","header-above-stick-meta":"","header-main-stick-meta":"","header-below-stick-meta":"","astra-migrate-meta-layouts":"default","ast-page-background-enabled":"default","ast-page-background-meta":{"desktop":{"background-color":"var(--ast-global-color-5)","background-image":"","background-repeat":"repeat","background-position":"center center","background-size":"auto","background-attachment":"scroll","background-type":"","background-media":"","overlay-type":"","overlay-color":"","overlay-opacity":"","overlay-gradient":""},"tablet":{"background-color":"","background-image":"","background-repeat":"repeat","background-position":"center center","background-size":"auto","background-attachment":"scroll","background-type":"","background-media":"","overlay-type":"","overlay-color":"","overlay-opacity":"","overlay-gradient":""},"mobile":{"background-color":"","background-image":"","background-repeat":"repeat","background-position":"center center","background-size":"auto","background-attachment":"scroll","background-type":"","background-media":"","overlay-type":"","overlay-color":"","overlay-opacity":"","overlay-gradient":""}},"ast-content-background-meta":{"desktop":{"background-color":"var(--ast-global-color-4)","background-image":"","background-repeat":"repeat","background-position":"center center","background-size":"auto","background-attachment":"scroll","background-type":"","background-media":"","overlay-type":"","overlay-color":"","overlay-opacity":"","overlay-gradient":""},"tablet":{"background-color":"var(--ast-global-color-4)","background-image":"","background-repeat":"repeat","background-position":"center center","background-size":"auto","background-attachment":"scroll","background-type":"","background-media":"","overlay-type":"","overlay-color":"","overlay-opacity":"","overlay-gradient":""},"mobile":{"background-color":"var(--ast-global-color-4)","background-image":"","background-repeat":"repeat","background-position":"center center","background-size":"auto","background-attachment":"scroll","background-type":"","background-media":"","overlay-type":"","overlay-color":"","overlay-opacity":"","overlay-gradient":""}},"footnotes":""},"class_list":["post-79623","page","type-page","status-publish","has-post-thumbnail","hentry"],"yoast_head":"<!-- This site is optimized with the Yoast SEO plugin v26.9 - https:\/\/yoast.com\/product\/yoast-seo-wordpress\/ -->\n<title>F\u00e5 naborabat p\u00e5 algebehandling af tag<\/title>\n<meta name=\"description\" content=\"Jysk Algeservice tilbyder naborabat ved algebehandling og andre services. Kontakts os i dag og h\u00f8r n\u00e6rmere.\" \/>\n<meta name=\"robots\" content=\"noindex, follow, max-snippet:-1, max-image-preview:large, max-video-preview:-1\" \/>\n<meta property=\"og:locale\" content=\"en_US\" \/>\n<meta property=\"og:type\" content=\"article\" \/>\n<meta property=\"og:title\" content=\"F\u00e5 naborabat p\u00e5 algebehandling af tag\" \/>\n<meta property=\"og:description\" content=\"Jysk Algeservice tilbyder naborabat ved algebehandling og andre services. Kontakts os i dag og h\u00f8r n\u00e6rmere.\" \/>\n<meta property=\"og:url\" content=\"https:\/\/dazzling-bhaskara.46-4-121-245.plesk.page\/index.php\/naborabat\/\" \/>\n<meta property=\"og:site_name\" content=\"Everything Inc.\" \/>\n<meta name=\"twitter:card\" content=\"summary_large_image\" \/>\n<meta name=\"twitter:label1\" content=\"Est. reading time\" \/>\n\t<meta name=\"twitter:data1\" content=\"3 minutes\" \/>\n<script type=\"application\/ld+json\" class=\"yoast-schema-graph\">{\"@context\":\"https:\/\/schema.org\",\"@graph\":[{\"@type\":\"WebPage\",\"@id\":\"https:\/\/dazzling-bhaskara.46-4-121-245.plesk.page\/index.php\/naborabat\/\",\"url\":\"https:\/\/dazzling-bhaskara.46-4-121-245.plesk.page\/index.php\/naborabat\/\",\"name\":\"F\u00e5 naborabat p\u00e5 algebehandling af tag\",\"isPartOf\":{\"@id\":\"https:\/\/dazzling-bhaskara.46-4-121-245.plesk.page\/#website\"},\"primaryImageOfPage\":{\"@id\":\"https:\/\/dazzling-bhaskara.46-4-121-245.plesk.page\/index.php\/naborabat\/#primaryimage\"},\"image\":{\"@id\":\"https:\/\/dazzling-bhaskara.46-4-121-245.plesk.page\/index.php\/naborabat\/#primaryimage\"},\"thumbnailUrl\":\"\",\"datePublished\":\"2026-01-28T08:51:52+00:00\",\"description\":\"Jysk Algeservice tilbyder naborabat ved algebehandling og andre services. Kontakts os i dag og h\u00f8r n\u00e6rmere.\",\"breadcrumb\":{\"@id\":\"https:\/\/dazzling-bhaskara.46-4-121-245.plesk.page\/index.php\/naborabat\/#breadcrumb\"},\"inLanguage\":\"en-US\",\"potentialAction\":[{\"@type\":\"ReadAction\",\"target\":[\"https:\/\/dazzling-bhaskara.46-4-121-245.plesk.page\/index.php\/naborabat\/\"]}]},{\"@type\":\"ImageObject\",\"inLanguage\":\"en-US\",\"@id\":\"https:\/\/dazzling-bhaskara.46-4-121-245.plesk.page\/index.php\/naborabat\/#primaryimage\",\"url\":\"\",\"contentUrl\":\"\"},{\"@type\":\"BreadcrumbList\",\"@id\":\"https:\/\/dazzling-bhaskara.46-4-121-245.plesk.page\/index.php\/naborabat\/#breadcrumb\",\"itemListElement\":[{\"@type\":\"ListItem\",\"position\":1,\"name\":\"Home\",\"item\":\"https:\/\/dazzling-bhaskara.46-4-121-245.plesk.page\/\"},{\"@type\":\"ListItem\",\"position\":2,\"name\":\"Naborabat\"}]},{\"@type\":\"WebSite\",\"@id\":\"https:\/\/dazzling-bhaskara.46-4-121-245.plesk.page\/#website\",\"url\":\"https:\/\/dazzling-bhaskara.46-4-121-245.plesk.page\/\",\"name\":\"Everything Inc.\",\"description\":\"\",\"potentialAction\":[{\"@type\":\"SearchAction\",\"target\":{\"@type\":\"EntryPoint\",\"urlTemplate\":\"https:\/\/dazzling-bhaskara.46-4-121-245.plesk.page\/?s={search_term_string}\"},\"query-input\":{\"@type\":\"PropertyValueSpecification\",\"valueRequired\":true,\"valueName\":\"search_term_string\"}}],\"inLanguage\":\"en-US\"}]}<\/script>\n<!-- \/ Yoast SEO plugin. -->","yoast_head_json":{"title":"F\u00e5 naborabat p\u00e5 algebehandling af tag","description":"Jysk Algeservice tilbyder naborabat ved algebehandling og andre services. Kontakts os i dag og h\u00f8r n\u00e6rmere.","robots":{"index":"noindex","follow":"follow","max-snippet":"max-snippet:-1","max-image-preview":"max-image-preview:large","max-video-preview":"max-video-preview:-1"},"og_locale":"en_US","og_type":"article","og_title":"F\u00e5 naborabat p\u00e5 algebehandling af tag","og_description":"Jysk Algeservice tilbyder naborabat ved algebehandling og andre services. Kontakts os i dag og h\u00f8r n\u00e6rmere.","og_url":"https:\/\/dazzling-bhaskara.46-4-121-245.plesk.page\/index.php\/naborabat\/","og_site_name":"Everything Inc.","twitter_card":"summary_large_image","twitter_misc":{"Est. reading time":"3 minutes"},"schema":{"@context":"https:\/\/schema.org","@graph":[{"@type":"WebPage","@id":"https:\/\/dazzling-bhaskara.46-4-121-245.plesk.page\/index.php\/naborabat\/","url":"https:\/\/dazzling-bhaskara.46-4-121-245.plesk.page\/index.php\/naborabat\/","name":"F\u00e5 naborabat p\u00e5 algebehandling af tag","isPartOf":{"@id":"https:\/\/dazzling-bhaskara.46-4-121-245.plesk.page\/#website"},"primaryImageOfPage":{"@id":"https:\/\/dazzling-bhaskara.46-4-121-245.plesk.page\/index.php\/naborabat\/#primaryimage"},"image":{"@id":"https:\/\/dazzling-bhaskara.46-4-121-245.plesk.page\/index.php\/naborabat\/#primaryimage"},"thumbnailUrl":"","datePublished":"2026-01-28T08:51:52+00:00","description":"Jysk Algeservice tilbyder naborabat ved algebehandling og andre services. Kontakts os i dag og h\u00f8r n\u00e6rmere.","breadcrumb":{"@id":"https:\/\/dazzling-bhaskara.46-4-121-245.plesk.page\/index.php\/naborabat\/#breadcrumb"},"inLanguage":"en-US","potentialAction":[{"@type":"ReadAction","target":["https:\/\/dazzling-bhaskara.46-4-121-245.plesk.page\/index.php\/naborabat\/"]}]},{"@type":"ImageObject","inLanguage":"en-US","@id":"https:\/\/dazzling-bhaskara.46-4-121-245.plesk.page\/index.php\/naborabat\/#primaryimage","url":"","contentUrl":""},{"@type":"BreadcrumbList","@id":"https:\/\/dazzling-bhaskara.46-4-121-245.plesk.page\/index.php\/naborabat\/#breadcrumb","itemListElement":[{"@type":"ListItem","position":1,"name":"Home","item":"https:\/\/dazzling-bhaskara.46-4-121-245.plesk.page\/"},{"@type":"ListItem","position":2,"name":"Naborabat"}]},{"@type":"WebSite","@id":"https:\/\/dazzling-bhaskara.46-4-121-245.plesk.page\/#website","url":"https:\/\/dazzling-bhaskara.46-4-121-245.plesk.page\/","name":"Everything Inc.","description":"","potentialAction":[{"@type":"SearchAction","target":{"@type":"EntryPoint","urlTemplate":"https:\/\/dazzling-bhaskara.46-4-121-245.plesk.page\/?s={search_term_string}"},"query-input":{"@type":"PropertyValueSpecification","valueRequired":true,"valueName":"search_term_string"}}],"inLanguage":"en-US"}]}},"_links":{"self":[{"href":"https:\/\/dazzling-bhaskara.46-4-121-245.plesk.page\/index.php\/wp-json\/wp\/v2\/pages\/79623","targetHints":{"allow":["GET"]}}],"collection":[{"href":"https:\/\/dazzling-bhaskara.46-4-121-245.plesk.page\/index.php\/wp-json\/wp\/v2\/pages"}],"about":[{"href":"https:\/\/dazzling-bhaskara.46-4-121-245.plesk.page\/index.php\/wp-json\/wp\/v2\/types\/page"}],"author":[{"embeddable":true,"href":"https:\/\/dazzling-bhaskara.46-4-121-245.plesk.page\/index.php\/wp-json\/wp\/v2\/users\/2"}],"replies":[{"embeddable":true,"href":"https:\/\/dazzling-bhaskara.46-4-121-245.plesk.page\/index.php\/wp-json\/wp\/v2\/comments?post=79623"}],"version-history":[{"count":0,"href":"https:\/\/dazzling-bhaskara.46-4-121-245.plesk.page\/index.php\/wp-json\/wp\/v2\/pages\/79623\/revisions"}],"wp:featuredmedia":[{"embeddable":true,"href":"https:\/\/dazzling-bhaskara.46-4-121-245.plesk.page\/index.php\/wp-json\/"}],"wp:attachment":[{"href":"https:\/\/dazzling-bhaskara.46-4-121-245.plesk.page\/index.php\/wp-json\/wp\/v2\/media?parent=79623"}],"curies":[{"name":"wp","href":"https:\/\/api.w.org\/{rel}","templated":true}]}}