{"id":79700,"date":"2026-02-09T07:16:36","date_gmt":"2026-02-09T07:16:36","guid":{"rendered":"https:\/\/jyskalgeservice.dk\/?page_id=79700"},"modified":"2026-02-09T07:16:36","modified_gmt":"2026-02-09T07:16:36","slug":"beregner","status":"publish","type":"page","link":"https:\/\/dazzling-bhaskara.46-4-121-245.plesk.page\/index.php\/beregner\/","title":{"rendered":"Fliserens beregner"},"content":{"rendered":"<p>[vc_row type=&#8221;full_width&#8221;][vc_column offset=&#8221;vc_hidden-xs&#8221;][\/vc_column][\/vc_row][vc_row css=&#8221;.vc_custom_1544105688582{margin-top: 40px !important;}&#8221;][vc_column css=&#8221;.vc_custom_1611910166443{padding-bottom: 10px !important;}&#8221;][vc_custom_heading text=&#8221;Prisberegner for Fliserens&#8221; font_container=&#8221;tag:h2|font_size:18|text_align:left|color:%23000000&#8243; el_class=&#8221;heading-title-2&#8243;][vc_raw_html]JTNDJTIxRE9DVFlQRSUyMGh0bWwlM0UlMEElM0NodG1sJTIwbGFuZyUzRCUyMmRhJTIyJTNFJTBBJTNDaGVhZCUzRSUwQSUyMCUyMCUzQ21ldGElMjBjaGFyc2V0JTNEJTIyVVRGLTglMjIlMjAlMkYlM0UlMEElMjAlMjAlM0NzdHlsZSUzRSUwQSUyMCUyMCUyMCUyMGJvZHklMjAlN0IlMjBmb250LWZhbWlseSUzQSUyMEFyaWFsJTJDJTIwc2Fucy1zZXJpZiUzQiUyMG1hcmdpbiUzQSUyMDJlbSUzQiUyMCU3RCUwQSUyMCUyMCUyMCUyMGxhYmVsJTIwJTdCJTIwZGlzcGxheSUzQSUyMGlubGluZS1ibG9jayUzQiUyMG1hcmdpbiUzQSUyMDAuNWVtJTIwMCUzQiUyMCU3RCUwQSUyMCUyMCUyMCUyMC5yZXN1bHQlMjAlN0IlMjBtYXJnaW4tdG9wJTNBJTIwMWVtJTNCJTIwZm9udC13ZWlnaHQlM0ElMjBib2xkJTNCJTIwJTdEJTBBJTIwJTIwJTNDJTJGc3R5bGUlM0UlMEElM0MlMkZoZWFkJTNFJTBBJTNDYm9keSUzRSUwQSUyMCUyMCUzQ3AlM0VWJUMzJUE2bGclMjB0eXBlJTIwYWYlMjBzZXJ2aWNlJTNBJTNDJTJGcCUzRSUwQSUyMCUyMCUzQ2xhYmVsJTNFJTBBJTIwJTIwJTIwJTIwJTNDaW5wdXQlMjB0eXBlJTNEJTIycmFkaW8lMjIlMjBuYW1lJTNEJTIyc2VydmljZSUyMiUyMHZhbHVlJTNEJTIyZmxpc2VyZW5zJTIyJTIwY2hlY2tlZCUzRSUwQSUyMCUyMCUyMCUyMEt1biUyMGZsaXNlcmVucyUwQSUyMCUyMCUzQyUyRmxhYmVsJTNFJTNDYnIlM0UlMEElMjAlMjAlM0NsYWJlbCUzRSUwQSUyMCUyMCUyMCUyMCUzQ2lucHV0JTIwdHlwZSUzRCUyMnJhZGlvJTIyJTIwbmFtZSUzRCUyMnNlcnZpY2UlMjIlMjB2YWx1ZSUzRCUyMmltcHJhZWduZXJpbmclMjIlM0UlMEElMjAlMjAlMjAlMjBGbGlzZXJlbnMlMjBpbmtsLiUyMGltcHIlQzMlQTZnbmVyaW5nJTBBJTIwJTIwJTNDJTJGbGFiZWwlM0UlM0NiciUzRSUwQSUyMCUyMCUzQ2xhYmVsJTNFJTBBJTIwJTIwJTIwJTIwJTNDaW5wdXQlMjB0eXBlJTNEJTIycmFkaW8lMjIlMjBuYW1lJTNEJTIyc2VydmljZSUyMiUyMHZhbHVlJTNEJTIyZnVnZXNhbmQlMjIlM0UlMEElMjAlMjAlMjAlMjBGbGlzZXJlbnMlMjBpbmtsLiUyMGltcHIlQzMlQTZnbmVyaW5nJTIwJTI2JTIwZnVnZXNhbmQlMEElMjAlMjAlM0MlMkZsYWJlbCUzRSUwQSUwQSUyMCUyMCUzQ2JyJTNFJTNDYnIlM0UlMEElMEElMjAlMjAlM0NsYWJlbCUzRSUwQSUyMCUyMCUyMCUyMEFuZ2l2JTIwYXJlYWwlMjAlMjhtJUMyJUIyJTI5JTNBJTBBJTIwJTIwJTIwJTIwJTNDaW5wdXQlMjB0eXBlJTNEJTIybnVtYmVyJTIyJTIwaWQlM0QlMjJhcmVhSW5wdXQlMjIlMjBtaW4lM0QlMjIxJTIyJTIwcGxhY2Vob2xkZXIlM0QlMjIwJTIyJTIwJTJGJTNFJTBBJTIwJTIwJTNDJTJGbGFiZWwlM0UlMEElMEElMjAlMjAlM0NkaXYlMjBjbGFzcyUzRCUyMnJlc3VsdCUyMiUyMGlkJTNEJTIycmVzdWx0cyUyMiUyMHN0eWxlJTNEJTIyZGlzcGxheSUzQW5vbmUlM0IlMjIlM0UlMEElMjAlMjAlMjAlMjAlM0NwJTNFUHJpcyUyMGYlQzMlQjhyJTIwcmFiYXQlM0ElMjAlM0NzcGFuJTIwaWQlM0QlMjJiZWZvcmVQcmljZSUyMiUzRSUzQyUyRnNwYW4lM0UlM0MlMkZwJTNFJTBBJTIwJTIwJTIwJTIwJTNDcCUzRVJhYmF0JTIwZ2l2ZXQlM0ElMjAlM0NzcGFuJTIwaWQlM0QlMjJkaXNjb3VudEluZm8lMjIlM0UlM0MlMkZzcGFuJTNFJTNDJTJGcCUzRSUwQSUyMCUyMCUyMCUyMCUzQ3AlM0VFbmRlbGlnJTIwcHJpcyUzQSUyMCUzQ3NwYW4lMjBpZCUzRCUyMmZpbmFsUHJpY2UlMjIlM0UlM0MlMkZzcGFuJTNFJTNDJTJGcCUzRSUwQSUyMCUyMCUzQyUyRmRpdiUzRSUwQSUwQSUyMCUyMCUzQ3NjcmlwdCUzRSUwQSUyMCUyMCUyMCUyMGZ1bmN0aW9uJTIwY2FsY3VsYXRlUHJpY2UlMjglMjklMjAlN0IlMEElMjAlMjAlMjAlMjAlMjAlMjBjb25zdCUyMGFyZWElMjAlM0QlMjBwYXJzZUZsb2F0JTI4ZG9jdW1lbnQuZ2V0RWxlbWVudEJ5SWQlMjglMjdhcmVhSW5wdXQlMjclMjkudmFsdWUlMjklM0IlMEElMjAlMjAlMjAlMjAlMjAlMjBpZiUyMCUyOCUyMWFyZWElMjAlN0MlN0MlMjBhcmVhJTIwJTNDJTNEJTIwMCUyOSUyMCU3QiUwQSUyMCUyMCUyMCUyMCUyMCUyMCUyMCUyMGRvY3VtZW50LmdldEVsZW1lbnRCeUlkJTI4JTI3cmVzdWx0cyUyNyUyOS5zdHlsZS5kaXNwbGF5JTIwJTNEJTIwJTI3bm9uZSUyNyUzQiUwQSUyMCUyMCUyMCUyMCUyMCUyMCUyMCUyMHJldHVybiUzQiUwQSUyMCUyMCUyMCUyMCUyMCUyMCU3RCUwQSUwQSUyMCUyMCUyMCUyMCUyMCUyMGNvbnN0JTIwc2VydmljZSUyMCUzRCUyMGRvY3VtZW50LnF1ZXJ5U2VsZWN0b3IlMjglMjdpbnB1dCU1Qm5hbWUlM0QlMjJzZXJ2aWNlJTIyJTVEJTNBY2hlY2tlZCUyNyUyOS52YWx1ZSUzQiUwQSUyMCUyMCUyMCUyMCUyMCUyMGxldCUyMGJhc2VQcmljZVBlck0yJTNCJTBBJTIwJTIwJTIwJTIwJTIwJTIwaWYlMjAlMjhzZXJ2aWNlJTIwJTNEJTNEJTNEJTIwJTIyZmxpc2VyZW5zJTIyJTI5JTIwYmFzZVByaWNlUGVyTTIlMjAlM0QlMjAzOSUzQiUwQSUyMCUyMCUyMCUyMCUyMCUyMGlmJTIwJTI4c2VydmljZSUyMCUzRCUzRCUzRCUyMCUyMmltcHJhZWduZXJpbmclMjIlMjklMjBiYXNlUHJpY2VQZXJNMiUyMCUzRCUyMDU5JTNCJTBBJTIwJTIwJTIwJTIwJTIwJTIwaWYlMjAlMjhzZXJ2aWNlJTIwJTNEJTNEJTNEJTIwJTIyZnVnZXNhbmQlMjIlMjklMjBiYXNlUHJpY2VQZXJNMiUyMCUzRCUyMDY5JTNCJTBBJTBBJTIwJTIwJTIwJTIwJTIwJTIwbGV0JTIwZGlzY291bnRQY3QlMjAlM0QlMjAwJTNCJTBBJTIwJTIwJTIwJTIwJTIwJTIwaWYlMjAlMjhzZXJ2aWNlJTIwJTNEJTNEJTNEJTIwJTIyZmxpc2VyZW5zJTIyJTI5JTIwJTdCJTBBJTIwJTIwJTIwJTIwJTIwJTIwJTIwJTIwaWYlMjAlMjhhcmVhJTIwJTNFJTNEJTIwMTUwJTI5JTIwZGlzY291bnRQY3QlMjAlM0QlMjAyNSUzQiUwQSUyMCUyMCUyMCUyMCUyMCUyMCUyMCUyMGVsc2UlMjBkaXNjb3VudFBjdCUyMCUzRCUyMDI1JTNCJTIwJTJGJTJGJTIwZmxpc2VyZW5zJTIwZiVDMyVBNXIlMjBhbHRpZCUyMG1pbmRzdCUyMDI1JTI1JTBBJTIwJTIwJTIwJTIwJTIwJTIwJTdEJTIwZWxzZSUyMCU3QiUwQSUyMCUyMCUyMCUyMCUyMCUyMCUyMCUyMGlmJTIwJTI4YXJlYSUyMCUzRSUzRCUyMDI1MCUyOSUyMGRpc2NvdW50UGN0JTIwJTNEJTIwNDAlM0IlMEElMjAlMjAlMjAlMjAlMjAlMjAlMjAlMjBlbHNlJTIwaWYlMjAlMjhhcmVhJTIwJTNFJTNEJTIwMjAwJTI5JTIwZGlzY291bnRQY3QlMjAlM0QlMjAzNSUzQiUwQSUyMCUyMCUyMCUyMCUyMCUyMCUyMCUyMGVsc2UlMjBpZiUyMCUyOGFyZWElMjAlM0UlM0QlMjAxMDAlMjklMjBkaXNjb3VudFBjdCUyMCUzRCUyMDMwJTNCJTBBJTIwJTIwJTIwJTIwJTIwJTIwJTIwJTIwZWxzZSUyMGlmJTIwJTI4YXJlYSUyMCUzRSUzRCUyMDgwJTI5JTIwZGlzY291bnRQY3QlMjAlM0QlMjAyNSUzQiUwQSUyMCUyMCUyMCUyMCUyMCUyMCU3RCUwQSUwQSUyMCUyMCUyMCUyMCUyMCUyMGNvbnN0JTIwYmVmb3JlJTIwJTNEJTIwYmFzZVByaWNlUGVyTTIlMjAlMkElMjBhcmVhJTNCJTBBJTIwJTIwJTIwJTIwJTIwJTIwbGV0JTIwZGlzY291bnRlZCUyMCUzRCUyMGJlZm9yZSUyMCUyQSUyMCUyODElMjAtJTIwZGlzY291bnRQY3QlMjAlMkYlMjAxMDAlMjklM0IlMEElMEElMjAlMjAlMjAlMjAlMjAlMjAlMkYlMkYlMjBBbnZlbmQlMjBtaW5kc3RlcHJpcyUyMGh2aXMlMjBuJUMzJUI4ZHZlbmRpZ3QlMEElMjAlMjAlMjAlMjAlMjAlMjBjb25zdCUyME1JTl9QUklDRSUyMCUzRCUyMDM1MDAlM0IlMEElMjAlMjAlMjAlMjAlMjAlMjBsZXQlMjBmaW5hbFByaWNlJTIwJTNEJTIwZGlzY291bnRlZCUyMCUzQyUyME1JTl9QUklDRSUyMCUzRiUyME1JTl9QUklDRSUyMCUzQSUyME1hdGgucm91bmQlMjhkaXNjb3VudGVkJTI5JTNCJTBBJTIwJTIwJTIwJTIwJTIwJTIwbGV0JTIwYWN0dWFsU2F2ZWQlMjAlM0QlMjBiZWZvcmUlMjAtJTIwZmluYWxQcmljZSUzQiUwQSUyMCUyMCUyMCUyMCUyMCUyMGxldCUyMGVmZmVjdGl2ZURpc2NvdW50UGN0JTIwJTNEJTIwTWF0aC5yb3VuZCUyOCUyOGFjdHVhbFNhdmVkJTIwJTJGJTIwYmVmb3JlJTI5JTIwJTJBJTIwMTAwJTI5JTNCJTBBJTBBJTIwJTIwJTIwJTIwJTIwJTIwZG9jdW1lbnQuZ2V0RWxlbWVudEJ5SWQlMjglMjdiZWZvcmVQcmljZSUyNyUyOS50ZXh0Q29udGVudCUyMCUzRCUyME1hdGgucm91bmQlMjhiZWZvcmUlMjklMjAlMkIlMjAlMjclMjBrciUyNyUzQiUwQSUyMCUyMCUyMCUyMCUyMCUyMGRvY3VtZW50LmdldEVsZW1lbnRCeUlkJTI4JTI3ZGlzY291bnRJbmZvJTI3JTI5LnRleHRDb250ZW50JTIwJTNEJTIwJTI4YWN0dWFsU2F2ZWQlMjAlM0UlMjAwJTIwJTNGJTIwZWZmZWN0aXZlRGlzY291bnRQY3QlMjAlMkIlMjAlMjclMjUlMjAlMjglMjclMjAlMkIlMjBNYXRoLnJvdW5kJTI4YWN0dWFsU2F2ZWQlMjklMjAlMkIlMjAlMjclMjBrciUyMHNwYXJldCUyOSUyNyUyMCUzQSUyMCUyN0luZ2VuJTI3JTI5JTNCJTBBJTIwJTIwJTIwJTIwJTIwJTIwZG9jdW1lbnQuZ2V0RWxlbWVudEJ5SWQlMjglMjdmaW5hbFByaWNlJTI3JTI5LnRleHRDb250ZW50JTIwJTNEJTIwZmluYWxQcmljZSUyMCUyQiUyMCUyNyUyMGtyJTI3JTNCJTBBJTBBJTIwJTIwJTIwJTIwJTIwJTIwZG9jdW1lbnQuZ2V0RWxlbWVudEJ5SWQlMjglMjdyZXN1bHRzJTI3JTI5LnN0eWxlLmRpc3BsYXklMjAlM0QlMjAlMjdibG9jayUyNyUzQiUwQSUyMCUyMCUyMCUyMCU3RCUwQSUwQSUyMCUyMCUyMCUyMGRvY3VtZW50LmdldEVsZW1lbnRCeUlkJTI4JTI3YXJlYUlucHV0JTI3JTI5LmFkZEV2ZW50TGlzdGVuZXIlMjglMjdpbnB1dCUyNyUyQyUyMGNhbGN1bGF0ZVByaWNlJTI5JTNCJTBBJTIwJTIwJTIwJTIwZG9jdW1lbnQucXVlcnlTZWxlY3RvckFsbCUyOCUyN2lucHV0JTVCbmFtZSUzRCUyMnNlcnZpY2UlMjIlNUQlMjclMjkuZm9yRWFjaCUyOHJhZGlvJTIwJTNEJTNFJTIwJTdCJTBBJTIwJTIwJTIwJTIwJTIwJTIwcmFkaW8uYWRkRXZlbnRMaXN0ZW5lciUyOCUyN2NoYW5nZSUyNyUyQyUyMGNhbGN1bGF0ZVByaWNlJTI5JTNCJTBBJTIwJTIwJTIwJTIwJTdEJTI5JTNCJTBBJTIwJTIwJTNDJTJGc2NyaXB0JTNFJTBBJTBBJTNDJTJGYm9keSUzRSUwQSUzQyUyRmh0bWwlM0UlMEE=[\/vc_raw_html][\/vc_column][\/vc_row][vc_row css=&#8221;.vc_custom_1544103126775{margin-top: 40px !important;padding-top: 40px !important;padding-bottom: 40px !important;background-color: #f7f7f7 !important;}&#8221;][vc_column width=&#8221;1\/3&#8243; offset=&#8221;vc_hidden-sm vc_hidden-xs&#8221;][vc_single_image image=&#8221;75601&#8243; img_size=&#8221;full&#8221; css_animation=&#8221;left-to-right&#8221; el_class=&#8221;.colorbg&#8221;][\/vc_column][vc_column width=&#8221;2\/3&#8243;][vc_custom_heading text=&#8221;HELE DANMARK ER VORES ARBEJDSPLADS&#8221; font_container=&#8221;tag:h3|text_align:left|color:%23000000&#8243; el_class=&#8221;heading-title-2&#8243;][vc_column_text]Algerne gror over hele Danmark, og om du bor p\u00e5 Sj\u00e6lland, Fyn eller Jylland, s\u00e5 er vi klar til at komme forbi dig, og hj\u00e6lpe dig i din kamp imod algerne.<\/p>\n<p class=\"p1\">[su_button url=&#8221;tel:4542570999&#8243; background=&#8221;#84c758&#8243; color=&#8221;#ffffff&#8221; size=&#8221;5&#8243; icon=&#8221;icon: phone&#8221; icon_color=&#8221;#ffffff&#8221;]Ring[\/su_button] [su_button url=&#8221;mailto:info@jyskalgeservice.dk&#8221; background=&#8221;#84c758&#8243; color=&#8221;#ffffff&#8221; size=&#8221;5&#8243; icon=&#8221;icon: send-o&#8221; icon_color=&#8221;#ffffff&#8221;]Email[\/su_button]<\/p>\n<p class=\"p1\">[su_button url=&#8221;\/kontakt\/&#8221; background=&#8221;#84c758&#8243; color=&#8221;#ffffff&#8221; size=&#8221;5&#8243; icon=&#8221;icon: envelope-o&#8221; icon_color=&#8221;#ffffff&#8221;]Kontakt os[\/su_button]<\/p>\n<div id=\"60318DB7_CBB3_7860_E993_D9F84057F9AD\"><\/div>\n<p>[\/vc_column_text][\/vc_column][\/vc_row]<\/p>\n","protected":false},"excerpt":{"rendered":"<p>[vc_row type=&#8221;full_width&#8221;][vc_column offset=&#8221;vc_hidden-xs&#8221;][\/vc_column][\/vc_row][vc_row css=&#8221;.vc_custom_1544105688582{margin-top: 40px !important;}&#8221;][vc_column css=&#8221;.vc_custom_1611910166443{padding-bottom: 10px !important;}&#8221;][vc_custom_heading text=&#8221;Prisberegner for Fliserens&#8221; font_container=&#8221;tag:h2|font_size:18|text_align:left|color:%23000000&#8243; el_class=&#8221;heading-title-2&#8243;][vc_raw_html]JTNDJTIxRE9DVFlQRSUyMGh0bWwlM0UlMEElM0NodG1sJTIwbGFuZyUzRCUyMmRhJTIyJTNFJTBBJTNDaGVhZCUzRSUwQSUyMCUyMCUzQ21ldGElMjBjaGFyc2V0JTNEJTIyVVRGLTglMjIlMjAlMkYlM0UlMEElMjAlMjAlM0NzdHlsZSUzRSUwQSUyMCUyMCUyMCUyMGJvZHklMjAlN0IlMjBmb250LWZhbWlseSUzQSUyMEFyaWFsJTJDJTIwc2Fucy1zZXJpZiUzQiUyMG1hcmdpbiUzQSUyMDJlbSUzQiUyMCU3RCUwQSUyMCUyMCUyMCUyMGxhYmVsJTIwJTdCJTIwZGlzcGxheSUzQSUyMGlubGluZS1ibG9jayUzQiUyMG1hcmdpbiUzQSUyMDAuNWVtJTIwMCUzQiUyMCU3RCUwQSUyMCUyMCUyMCUyMC5yZXN1bHQlMjAlN0IlMjBtYXJnaW4tdG9wJTNBJTIwMWVtJTNCJTIwZm9udC13ZWlnaHQlM0ElMjBib2xkJTNCJTIwJTdEJTBBJTIwJTIwJTNDJTJGc3R5bGUlM0UlMEElM0MlMkZoZWFkJTNFJTBBJTNDYm9keSUzRSUwQSUyMCUyMCUzQ3AlM0VWJUMzJUE2bGclMjB0eXBlJTIwYWYlMjBzZXJ2aWNlJTNBJTNDJTJGcCUzRSUwQSUyMCUyMCUzQ2xhYmVsJTNFJTBBJTIwJTIwJTIwJTIwJTNDaW5wdXQlMjB0eXBlJTNEJTIycmFkaW8lMjIlMjBuYW1lJTNEJTIyc2VydmljZSUyMiUyMHZhbHVlJTNEJTIyZmxpc2VyZW5zJTIyJTIwY2hlY2tlZCUzRSUwQSUyMCUyMCUyMCUyMEt1biUyMGZsaXNlcmVucyUwQSUyMCUyMCUzQyUyRmxhYmVsJTNFJTNDYnIlM0UlMEElMjAlMjAlM0NsYWJlbCUzRSUwQSUyMCUyMCUyMCUyMCUzQ2lucHV0JTIwdHlwZSUzRCUyMnJhZGlvJTIyJTIwbmFtZSUzRCUyMnNlcnZpY2UlMjIlMjB2YWx1ZSUzRCUyMmltcHJhZWduZXJpbmclMjIlM0UlMEElMjAlMjAlMjAlMjBGbGlzZXJlbnMlMjBpbmtsLiUyMGltcHIlQzMlQTZnbmVyaW5nJTBBJTIwJTIwJTNDJTJGbGFiZWwlM0UlM0NiciUzRSUwQSUyMCUyMCUzQ2xhYmVsJTNFJTBBJTIwJTIwJTIwJTIwJTNDaW5wdXQlMjB0eXBlJTNEJTIycmFkaW8lMjIlMjBuYW1lJTNEJTIyc2VydmljZSUyMiUyMHZhbHVlJTNEJTIyZnVnZXNhbmQlMjIlM0UlMEElMjAlMjAlMjAlMjBGbGlzZXJlbnMlMjBpbmtsLiUyMGltcHIlQzMlQTZnbmVyaW5nJTIwJTI2JTIwZnVnZXNhbmQlMEElMjAlMjAlM0MlMkZsYWJlbCUzRSUwQSUwQSUyMCUyMCUzQ2JyJTNFJTNDYnIlM0UlMEElMEElMjAlMjAlM0NsYWJlbCUzRSUwQSUyMCUyMCUyMCUyMEFuZ2l2JTIwYXJlYWwlMjAlMjhtJUMyJUIyJTI5JTNBJTBBJTIwJTIwJTIwJTIwJTNDaW5wdXQlMjB0eXBlJTNEJTIybnVtYmVyJTIyJTIwaWQlM0QlMjJhcmVhSW5wdXQlMjIlMjBtaW4lM0QlMjIxJTIyJTIwcGxhY2Vob2xkZXIlM0QlMjIwJTIyJTIwJTJGJTNFJTBBJTIwJTIwJTNDJTJGbGFiZWwlM0UlMEElMEElMjAlMjAlM0NkaXYlMjBjbGFzcyUzRCUyMnJlc3VsdCUyMiUyMGlkJTNEJTIycmVzdWx0cyUyMiUyMHN0eWxlJTNEJTIyZGlzcGxheSUzQW5vbmUlM0IlMjIlM0UlMEElMjAlMjAlMjAlMjAlM0NwJTNFUHJpcyUyMGYlQzMlQjhyJTIwcmFiYXQlM0ElMjAlM0NzcGFuJTIwaWQlM0QlMjJiZWZvcmVQcmljZSUyMiUzRSUzQyUyRnNwYW4lM0UlM0MlMkZwJTNFJTBBJTIwJTIwJTIwJTIwJTNDcCUzRVJhYmF0JTIwZ2l2ZXQlM0ElMjAlM0NzcGFuJTIwaWQlM0QlMjJkaXNjb3VudEluZm8lMjIlM0UlM0MlMkZzcGFuJTNFJTNDJTJGcCUzRSUwQSUyMCUyMCUyMCUyMCUzQ3AlM0VFbmRlbGlnJTIwcHJpcyUzQSUyMCUzQ3NwYW4lMjBpZCUzRCUyMmZpbmFsUHJpY2UlMjIlM0UlM0MlMkZzcGFuJTNFJTNDJTJGcCUzRSUwQSUyMCUyMCUzQyUyRmRpdiUzRSUwQSUwQSUyMCUyMCUzQ3NjcmlwdCUzRSUwQSUyMCUyMCUyMCUyMGZ1bmN0aW9uJTIwY2FsY3VsYXRlUHJpY2UlMjglMjklMjAlN0IlMEElMjAlMjAlMjAlMjAlMjAlMjBjb25zdCUyMGFyZWElMjAlM0QlMjBwYXJzZUZsb2F0JTI4ZG9jdW1lbnQuZ2V0RWxlbWVudEJ5SWQlMjglMjdhcmVhSW5wdXQlMjclMjkudmFsdWUlMjklM0IlMEElMjAlMjAlMjAlMjAlMjAlMjBpZiUyMCUyOCUyMWFyZWElMjAlN0MlN0MlMjBhcmVhJTIwJTNDJTNEJTIwMCUyOSUyMCU3QiUwQSUyMCUyMCUyMCUyMCUyMCUyMCUyMCUyMGRvY3VtZW50LmdldEVsZW1lbnRCeUlkJTI4JTI3cmVzdWx0cyUyNyUyOS5zdHlsZS5kaXNwbGF5JTIwJTNEJTIwJTI3bm9uZSUyNyUzQiUwQSUyMCUyMCUyMCUyMCUyMCUyMCUyMCUyMHJldHVybiUzQiUwQSUyMCUyMCUyMCUyMCUyMCUyMCU3RCUwQSUwQSUyMCUyMCUyMCUyMCUyMCUyMGNvbnN0JTIwc2VydmljZSUyMCUzRCUyMGRvY3VtZW50LnF1ZXJ5U2VsZWN0b3IlMjglMjdpbnB1dCU1Qm5hbWUlM0QlMjJzZXJ2aWNlJTIyJTVEJTNBY2hlY2tlZCUyNyUyOS52YWx1ZSUzQiUwQSUyMCUyMCUyMCUyMCUyMCUyMGxldCUyMGJhc2VQcmljZVBlck0yJTNCJTBBJTIwJTIwJTIwJTIwJTIwJTIwaWYlMjAlMjhzZXJ2aWNlJTIwJTNEJTNEJTNEJTIwJTIyZmxpc2VyZW5zJTIyJTI5JTIwYmFzZVByaWNlUGVyTTIlMjAlM0QlMjAzOSUzQiUwQSUyMCUyMCUyMCUyMCUyMCUyMGlmJTIwJTI4c2VydmljZSUyMCUzRCUzRCUzRCUyMCUyMmltcHJhZWduZXJpbmclMjIlMjklMjBiYXNlUHJpY2VQZXJNMiUyMCUzRCUyMDU5JTNCJTBBJTIwJTIwJTIwJTIwJTIwJTIwaWYlMjAlMjhzZXJ2aWNlJTIwJTNEJTNEJTNEJTIwJTIyZnVnZXNhbmQlMjIlMjklMjBiYXNlUHJpY2VQZXJNMiUyMCUzRCUyMDY5JTNCJTBBJTBBJTIwJTIwJTIwJTIwJTIwJTIwbGV0JTIwZGlzY291bnRQY3QlMjAlM0QlMjAwJTNCJTBBJTIwJTIwJTIwJTIwJTIwJTIwaWYlMjAlMjhzZXJ2aWNlJTIwJTNEJTNEJTNEJTIwJTIyZmxpc2VyZW5zJTIyJTI5JTIwJTdCJTBBJTIwJTIwJTIwJTIwJTIwJTIwJTIwJTIwaWYlMjAlMjhhcmVhJTIwJTNFJTNEJTIwMTUwJTI5JTIwZGlzY291bnRQY3QlMjAlM0QlMjAyNSUzQiUwQSUyMCUyMCUyMCUyMCUyMCUyMCUyMCUyMGVsc2UlMjBkaXNjb3VudFBjdCUyMCUzRCUyMDI1JTNCJTIwJTJGJTJGJTIwZmxpc2VyZW5zJTIwZiVDMyVBNXIlMjBhbHRpZCUyMG1pbmRzdCUyMDI1JTI1JTBBJTIwJTIwJTIwJTIwJTIwJTIwJTdEJTIwZWxzZSUyMCU3QiUwQSUyMCUyMCUyMCUyMCUyMCUyMCUyMCUyMGlmJTIwJTI4YXJlYSUyMCUzRSUzRCUyMDI1MCUyOSUyMGRpc2NvdW50UGN0JTIwJTNEJTIwNDAlM0IlMEElMjAlMjAlMjAlMjAlMjAlMjAlMjAlMjBlbHNlJTIwaWYlMjAlMjhhcmVhJTIwJTNFJTNEJTIwMjAwJTI5JTIwZGlzY291bnRQY3QlMjAlM0QlMjAzNSUzQiUwQSUyMCUyMCUyMCUyMCUyMCUyMCUyMCUyMGVsc2UlMjBpZiUyMCUyOGFyZWElMjAlM0UlM0QlMjAxMDAlMjklMjBkaXNjb3VudFBjdCUyMCUzRCUyMDMwJTNCJTBBJTIwJTIwJTIwJTIwJTIwJTIwJTIwJTIwZWxzZSUyMGlmJTIwJTI4YXJlYSUyMCUzRSUzRCUyMDgwJTI5JTIwZGlzY291bnRQY3QlMjAlM0QlMjAyNSUzQiUwQSUyMCUyMCUyMCUyMCUyMCUyMCU3RCUwQSUwQSUyMCUyMCUyMCUyMCUyMCUyMGNvbnN0JTIwYmVmb3JlJTIwJTNEJTIwYmFzZVByaWNlUGVyTTIlMjAlMkElMjBhcmVhJTNCJTBBJTIwJTIwJTIwJTIwJTIwJTIwbGV0JTIwZGlzY291bnRlZCUyMCUzRCUyMGJlZm9yZSUyMCUyQSUyMCUyODElMjAtJTIwZGlzY291bnRQY3QlMjAlMkYlMjAxMDAlMjklM0IlMEElMEElMjAlMjAlMjAlMjAlMjAlMjAlMkYlMkYlMjBBbnZlbmQlMjBtaW5kc3RlcHJpcyUyMGh2aXMlMjBuJUMzJUI4ZHZlbmRpZ3QlMEElMjAlMjAlMjAlMjAlMjAlMjBjb25zdCUyME1JTl9QUklDRSUyMCUzRCUyMDM1MDAlM0IlMEElMjAlMjAlMjAlMjAlMjAlMjBsZXQlMjBmaW5hbFByaWNlJTIwJTNEJTIwZGlzY291bnRlZCUyMCUzQyUyME1JTl9QUklDRSUyMCUzRiUyME1JTl9QUklDRSUyMCUzQSUyME1hdGgucm91bmQlMjhkaXNjb3VudGVkJTI5JTNCJTBBJTIwJTIwJTIwJTIwJTIwJTIwbGV0JTIwYWN0dWFsU2F2ZWQlMjAlM0QlMjBiZWZvcmUlMjAtJTIwZmluYWxQcmljZSUzQiUwQSUyMCUyMCUyMCUyMCUyMCUyMGxldCUyMGVmZmVjdGl2ZURpc2NvdW50UGN0JTIwJTNEJTIwTWF0aC5yb3VuZCUyOCUyOGFjdHVhbFNhdmVkJTIwJTJGJTIwYmVmb3JlJTI5JTIwJTJBJTIwMTAwJTI5JTNCJTBBJTBBJTIwJTIwJTIwJTIwJTIwJTIwZG9jdW1lbnQuZ2V0RWxlbWVudEJ5SWQlMjglMjdiZWZvcmVQcmljZSUyNyUyOS50ZXh0Q29udGVudCUyMCUzRCUyME1hdGgucm91bmQlMjhiZWZvcmUlMjklMjAlMkIlMjAlMjclMjBrciUyNyUzQiUwQSUyMCUyMCUyMCUyMCUyMCUyMGRvY3VtZW50LmdldEVsZW1lbnRCeUlkJTI4JTI3ZGlzY291bnRJbmZvJTI3JTI5LnRleHRDb250ZW50JTIwJTNEJTIwJTI4YWN0dWFsU2F2ZWQlMjAlM0UlMjAwJTIwJTNGJTIwZWZmZWN0aXZlRGlzY291bnRQY3QlMjAlMkIlMjAlMjclMjUlMjAlMjglMjclMjAlMkIlMjBNYXRoLnJvdW5kJTI4YWN0dWFsU2F2ZWQlMjklMjAlMkIlMjAlMjclMjBrciUyMHNwYXJldCUyOSUyNyUyMCUzQSUyMCUyN0luZ2VuJTI3JTI5JTNCJTBBJTIwJTIwJTIwJTIwJTIwJTIwZG9jdW1lbnQuZ2V0RWxlbWVudEJ5SWQlMjglMjdmaW5hbFByaWNlJTI3JTI5LnRleHRDb250ZW50JTIwJTNEJTIwZmluYWxQcmljZSUyMCUyQiUyMCUyNyUyMGtyJTI3JTNCJTBBJTBBJTIwJTIwJTIwJTIwJTIwJTIwZG9jdW1lbnQuZ2V0RWxlbWVudEJ5SWQlMjglMjdyZXN1bHRzJTI3JTI5LnN0eWxlLmRpc3BsYXklMjAlM0QlMjAlMjdibG9jayUyNyUzQiUwQSUyMCUyMCUyMCUyMCU3RCUwQSUwQSUyMCUyMCUyMCUyMGRvY3VtZW50LmdldEVsZW1lbnRCeUlkJTI4JTI3YXJlYUlucHV0JTI3JTI5LmFkZEV2ZW50TGlzdGVuZXIlMjglMjdpbnB1dCUyNyUyQyUyMGNhbGN1bGF0ZVByaWNlJTI5JTNCJTBBJTIwJTIwJTIwJTIwZG9jdW1lbnQucXVlcnlTZWxlY3RvckFsbCUyOCUyN2lucHV0JTVCbmFtZSUzRCUyMnNlcnZpY2UlMjIlNUQlMjclMjkuZm9yRWFjaCUyOHJhZGlvJTIwJTNEJTNFJTIwJTdCJTBBJTIwJTIwJTIwJTIwJTIwJTIwcmFkaW8uYWRkRXZlbnRMaXN0ZW5lciUyOCUyN2NoYW5nZSUyNyUyQyUyMGNhbGN1bGF0ZVByaWNlJTI5JTNCJTBBJTIwJTIwJTIwJTIwJTdEJTI5JTNCJTBBJTIwJTIwJTNDJTJGc2NyaXB0JTNFJTBBJTBBJTNDJTJGYm9keSUzRSUwQSUzQyUyRmh0bWwlM0UlMEE=[\/vc_raw_html][\/vc_column][\/vc_row][vc_row css=&#8221;.vc_custom_1544103126775{margin-top: 40px !important;padding-top: 40px !important;padding-bottom: 40px [&hellip;]<\/p>\n","protected":false},"author":2,"featured_media":0,"parent":0,"menu_order":0,"comment_status":"closed","ping_status":"closed","template":"","meta":{"site-sidebar-layout":"default","site-content-layout":"","ast-site-content-layout":"default","site-content-style":"default","site-sidebar-style":"default","ast-global-header-display":"","ast-banner-title-visibility":"","ast-main-header-display":"","ast-hfb-above-header-display":"","ast-hfb-below-header-display":"","ast-hfb-mobile-header-display":"","site-post-title":"","ast-breadcrumbs-content":"","ast-featured-img":"","footer-sml-layout":"","ast-disable-related-posts":"","theme-transparent-header-meta":"","adv-header-id-meta":"","stick-header-meta":"","header-above-stick-meta":"","header-main-stick-meta":"","header-below-stick-meta":"","astra-migrate-meta-layouts":"default","ast-page-background-enabled":"default","ast-page-background-meta":{"desktop":{"background-color":"var(--ast-global-color-5)","background-image":"","background-repeat":"repeat","background-position":"center center","background-size":"auto","background-attachment":"scroll","background-type":"","background-media":"","overlay-type":"","overlay-color":"","overlay-opacity":"","overlay-gradient":""},"tablet":{"background-color":"","background-image":"","background-repeat":"repeat","background-position":"center center","background-size":"auto","background-attachment":"scroll","background-type":"","background-media":"","overlay-type":"","overlay-color":"","overlay-opacity":"","overlay-gradient":""},"mobile":{"background-color":"","background-image":"","background-repeat":"repeat","background-position":"center center","background-size":"auto","background-attachment":"scroll","background-type":"","background-media":"","overlay-type":"","overlay-color":"","overlay-opacity":"","overlay-gradient":""}},"ast-content-background-meta":{"desktop":{"background-color":"var(--ast-global-color-4)","background-image":"","background-repeat":"repeat","background-position":"center center","background-size":"auto","background-attachment":"scroll","background-type":"","background-media":"","overlay-type":"","overlay-color":"","overlay-opacity":"","overlay-gradient":""},"tablet":{"background-color":"var(--ast-global-color-4)","background-image":"","background-repeat":"repeat","background-position":"center center","background-size":"auto","background-attachment":"scroll","background-type":"","background-media":"","overlay-type":"","overlay-color":"","overlay-opacity":"","overlay-gradient":""},"mobile":{"background-color":"var(--ast-global-color-4)","background-image":"","background-repeat":"repeat","background-position":"center center","background-size":"auto","background-attachment":"scroll","background-type":"","background-media":"","overlay-type":"","overlay-color":"","overlay-opacity":"","overlay-gradient":""}},"footnotes":""},"class_list":["post-79700","page","type-page","status-publish","hentry"],"yoast_head":"<!-- This site is optimized with the Yoast SEO plugin v26.9 - https:\/\/yoast.com\/product\/yoast-seo-wordpress\/ -->\n<title>Algebehandling i hele landet - Milj\u00f8godkendt - f\u00e5 en god pris<\/title>\n<meta name=\"description\" content=\"Alger er et tilbagevendende problem \u2013 man slipper aldrig helt for dem, men de kan holdes ret effektivt nede med regelm\u00e6ssig algebehandling.\" \/>\n<meta name=\"robots\" content=\"noindex, follow, max-snippet:-1, max-image-preview:large, max-video-preview:-1\" \/>\n<meta property=\"og:locale\" content=\"en_US\" \/>\n<meta property=\"og:type\" content=\"article\" \/>\n<meta property=\"og:title\" content=\"Algebehandling i hele landet - Milj\u00f8godkendt - f\u00e5 en god pris\" \/>\n<meta property=\"og:description\" content=\"Alger er et tilbagevendende problem \u2013 man slipper aldrig helt for dem, men de kan holdes ret effektivt nede med regelm\u00e6ssig algebehandling.\" \/>\n<meta property=\"og:url\" content=\"https:\/\/dazzling-bhaskara.46-4-121-245.plesk.page\/index.php\/beregner\/\" \/>\n<meta property=\"og:site_name\" content=\"Everything Inc.\" \/>\n<meta name=\"twitter:card\" content=\"summary_large_image\" \/>\n<meta name=\"twitter:label1\" content=\"Est. reading time\" \/>\n\t<meta name=\"twitter:data1\" content=\"1 minute\" \/>\n<script type=\"application\/ld+json\" class=\"yoast-schema-graph\">{\"@context\":\"https:\/\/schema.org\",\"@graph\":[{\"@type\":\"WebPage\",\"@id\":\"https:\/\/dazzling-bhaskara.46-4-121-245.plesk.page\/index.php\/beregner\/\",\"url\":\"https:\/\/dazzling-bhaskara.46-4-121-245.plesk.page\/index.php\/beregner\/\",\"name\":\"Algebehandling i hele landet - Milj\u00f8godkendt - f\u00e5 en god pris\",\"isPartOf\":{\"@id\":\"https:\/\/dazzling-bhaskara.46-4-121-245.plesk.page\/#website\"},\"datePublished\":\"2026-02-09T07:16:36+00:00\",\"description\":\"Alger er et tilbagevendende problem \u2013 man slipper aldrig helt for dem, men de kan holdes ret effektivt nede med regelm\u00e6ssig algebehandling.\",\"breadcrumb\":{\"@id\":\"https:\/\/dazzling-bhaskara.46-4-121-245.plesk.page\/index.php\/beregner\/#breadcrumb\"},\"inLanguage\":\"en-US\",\"potentialAction\":[{\"@type\":\"ReadAction\",\"target\":[\"https:\/\/dazzling-bhaskara.46-4-121-245.plesk.page\/index.php\/beregner\/\"]}]},{\"@type\":\"BreadcrumbList\",\"@id\":\"https:\/\/dazzling-bhaskara.46-4-121-245.plesk.page\/index.php\/beregner\/#breadcrumb\",\"itemListElement\":[{\"@type\":\"ListItem\",\"position\":1,\"name\":\"Home\",\"item\":\"https:\/\/dazzling-bhaskara.46-4-121-245.plesk.page\/\"},{\"@type\":\"ListItem\",\"position\":2,\"name\":\"Fliserens beregner\"}]},{\"@type\":\"WebSite\",\"@id\":\"https:\/\/dazzling-bhaskara.46-4-121-245.plesk.page\/#website\",\"url\":\"https:\/\/dazzling-bhaskara.46-4-121-245.plesk.page\/\",\"name\":\"Everything Inc.\",\"description\":\"\",\"potentialAction\":[{\"@type\":\"SearchAction\",\"target\":{\"@type\":\"EntryPoint\",\"urlTemplate\":\"https:\/\/dazzling-bhaskara.46-4-121-245.plesk.page\/?s={search_term_string}\"},\"query-input\":{\"@type\":\"PropertyValueSpecification\",\"valueRequired\":true,\"valueName\":\"search_term_string\"}}],\"inLanguage\":\"en-US\"}]}<\/script>\n<!-- \/ Yoast SEO plugin. -->","yoast_head_json":{"title":"Algebehandling i hele landet - Milj\u00f8godkendt - f\u00e5 en god pris","description":"Alger er et tilbagevendende problem \u2013 man slipper aldrig helt for dem, men de kan holdes ret effektivt nede med regelm\u00e6ssig algebehandling.","robots":{"index":"noindex","follow":"follow","max-snippet":"max-snippet:-1","max-image-preview":"max-image-preview:large","max-video-preview":"max-video-preview:-1"},"og_locale":"en_US","og_type":"article","og_title":"Algebehandling i hele landet - Milj\u00f8godkendt - f\u00e5 en god pris","og_description":"Alger er et tilbagevendende problem \u2013 man slipper aldrig helt for dem, men de kan holdes ret effektivt nede med regelm\u00e6ssig algebehandling.","og_url":"https:\/\/dazzling-bhaskara.46-4-121-245.plesk.page\/index.php\/beregner\/","og_site_name":"Everything Inc.","twitter_card":"summary_large_image","twitter_misc":{"Est. reading time":"1 minute"},"schema":{"@context":"https:\/\/schema.org","@graph":[{"@type":"WebPage","@id":"https:\/\/dazzling-bhaskara.46-4-121-245.plesk.page\/index.php\/beregner\/","url":"https:\/\/dazzling-bhaskara.46-4-121-245.plesk.page\/index.php\/beregner\/","name":"Algebehandling i hele landet - Milj\u00f8godkendt - f\u00e5 en god pris","isPartOf":{"@id":"https:\/\/dazzling-bhaskara.46-4-121-245.plesk.page\/#website"},"datePublished":"2026-02-09T07:16:36+00:00","description":"Alger er et tilbagevendende problem \u2013 man slipper aldrig helt for dem, men de kan holdes ret effektivt nede med regelm\u00e6ssig algebehandling.","breadcrumb":{"@id":"https:\/\/dazzling-bhaskara.46-4-121-245.plesk.page\/index.php\/beregner\/#breadcrumb"},"inLanguage":"en-US","potentialAction":[{"@type":"ReadAction","target":["https:\/\/dazzling-bhaskara.46-4-121-245.plesk.page\/index.php\/beregner\/"]}]},{"@type":"BreadcrumbList","@id":"https:\/\/dazzling-bhaskara.46-4-121-245.plesk.page\/index.php\/beregner\/#breadcrumb","itemListElement":[{"@type":"ListItem","position":1,"name":"Home","item":"https:\/\/dazzling-bhaskara.46-4-121-245.plesk.page\/"},{"@type":"ListItem","position":2,"name":"Fliserens beregner"}]},{"@type":"WebSite","@id":"https:\/\/dazzling-bhaskara.46-4-121-245.plesk.page\/#website","url":"https:\/\/dazzling-bhaskara.46-4-121-245.plesk.page\/","name":"Everything Inc.","description":"","potentialAction":[{"@type":"SearchAction","target":{"@type":"EntryPoint","urlTemplate":"https:\/\/dazzling-bhaskara.46-4-121-245.plesk.page\/?s={search_term_string}"},"query-input":{"@type":"PropertyValueSpecification","valueRequired":true,"valueName":"search_term_string"}}],"inLanguage":"en-US"}]}},"_links":{"self":[{"href":"https:\/\/dazzling-bhaskara.46-4-121-245.plesk.page\/index.php\/wp-json\/wp\/v2\/pages\/79700","targetHints":{"allow":["GET"]}}],"collection":[{"href":"https:\/\/dazzling-bhaskara.46-4-121-245.plesk.page\/index.php\/wp-json\/wp\/v2\/pages"}],"about":[{"href":"https:\/\/dazzling-bhaskara.46-4-121-245.plesk.page\/index.php\/wp-json\/wp\/v2\/types\/page"}],"author":[{"embeddable":true,"href":"https:\/\/dazzling-bhaskara.46-4-121-245.plesk.page\/index.php\/wp-json\/wp\/v2\/users\/2"}],"replies":[{"embeddable":true,"href":"https:\/\/dazzling-bhaskara.46-4-121-245.plesk.page\/index.php\/wp-json\/wp\/v2\/comments?post=79700"}],"version-history":[{"count":0,"href":"https:\/\/dazzling-bhaskara.46-4-121-245.plesk.page\/index.php\/wp-json\/wp\/v2\/pages\/79700\/revisions"}],"wp:attachment":[{"href":"https:\/\/dazzling-bhaskara.46-4-121-245.plesk.page\/index.php\/wp-json\/wp\/v2\/media?parent=79700"}],"curies":[{"name":"wp","href":"https:\/\/api.w.org\/{rel}","templated":true}]}}